{"id":4912,"date":"2026-01-09T20:38:02","date_gmt":"2026-01-09T20:38:02","guid":{"rendered":"https:\/\/tecplan.com.es\/?post_type=product&#038;p=4912"},"modified":"2026-01-09T20:38:18","modified_gmt":"2026-01-09T20:38:18","slug":"tester-td800-otdr","status":"publish","type":"product","link":"https:\/\/tecplan.com.es\/en\/product\/tester-td800-otdr\/","title":{"rendered":"TESTER TD800 (OTDR)"},"content":{"rendered":"<p style=\"text-align: justify;\"><strong>TESTER TD800 (OTDR) PROBADOR DE FIBRA \u00d3PTICA<\/strong><\/p>\n<p style=\"text-align: justify;\"><span style=\"font-weight: 400;\">El TD800 con pantalla de 7&#8243; dise\u00f1ado para probar redes PON FTTX, MAN y de fibra \u00f3ptica de larga distancia. Es un instrumento ideal para comunicaci\u00f3n, operaci\u00f3n y mantenimiento, prueba de l\u00edneas de producci\u00f3n de cables y de fibra \u00f3ptica. Admite opciones multifunci\u00f3n, como medidor de potencia \u00f3ptica (OPM), ubicaci\u00f3n de falla visual de luz roja (VFL), fuente l\u00e1ser estable (LS), sonda de inspecci\u00f3n de fibra (FIP). En la opci\u00f3n de m\u00f3dulo WIFI se puede controlar de forma remota mediante dispositivos m\u00f3viles con APP de desarrollo propio.<\/span><\/p>\n<p style=\"text-align: justify;\"><b>CARACTER\u00cdSTICAS PRINCIPALES<\/b><\/p>\n<ul>\n<li style=\"text-align: justify;\"><span style=\"font-weight: 400;\">Con un rango din\u00e1mico de 42 dB, admite un m\u00e1x. de 256k puntos de muestreo. Pruebas \u00fanicas en l\u00ednea con red PON optimizada.<\/span><\/li>\n<li style=\"text-align: justify;\"><span style=\"font-weight: 400;\">Prueba integrada de SM y MM. Monitoreo autom\u00e1tico de se\u00f1ales de comunicaci\u00f3n \u00f3ptica.<\/span><\/li>\n<li style=\"text-align: justify;\"><span style=\"font-weight: 400;\">Admite archivos <\/span><span style=\"font-weight: 400;\">de <\/span><span style=\"font-weight: 400;\">formato GR196 y SR-4731.<\/span><\/li>\n<li style=\"text-align: justify;\"><span style=\"font-weight: 400;\">Prueba autom\u00e1tica r\u00e1pida.<\/span><\/li>\n<li style=\"text-align: justify;\"><span style=\"font-weight: 400;\">Prueba de red PON \u00fanica. Monitoreo autom\u00e1tico y alarma de se\u00f1ales \u00f3pticas entrantes.<\/span><\/li>\n<li style=\"text-align: justify;\"><span style=\"font-weight: 400;\">Funci\u00f3n de visualizaci\u00f3n gr\u00e1fica inteligente de eventos de enlace de fibra. Funci\u00f3n de inspecci\u00f3n del extremo de la fibra \u00f3ptica.<\/span><\/li>\n<\/ul>\n<h5 style=\"text-align: justify;\"><span style=\"text-decoration: underline;\"><strong>DOWNLOADS<\/strong><\/span><\/h5>\n<ul style=\"text-align: justify;\">\n<li>\u2192\u00a0 <a href=\"https:\/\/drive.google.com\/file\/d\/1ZvepbBd2x33131mFrPfKx7YDgZGygU4s\/view?usp=sharing\">Ficha t\u00e9cnica Espa\u00f1ol<\/a><\/li>\n<li><a href=\"https:\/\/drive.google.com\/file\/d\/1Ah-8IlHLptpFTE62dYKHwof6ZTYW-Bxw\/view?usp=sharing\">\u2192\u00a0 Ficha t\u00e9cnica Ingles<\/a><\/li>\n<\/ul>","protected":false},"excerpt":{"rendered":"<p style=\"text-align: justify;\"><span style=\"font-weight: 400;\">El OTDR ha superado una serie de pruebas de certificaci\u00f3n nacionales e internacionales como CE, TLC y seguridad l\u00e1ser, garantizando su calidad y eficiencia.<\/span><\/p>\n<p><img decoding=\"async\" class=\"wp-image-4735 aligncenter\" src=\"https:\/\/tecplan.com.es\/wp-content\/uploads\/2025\/12\/WhatsApp-Image-2024-06-21-at-7.59.05-AM.jpeg\" alt=\"\" width=\"194\" height=\"92\" \/><\/p>","protected":false},"featured_media":4913,"comment_status":"open","ping_status":"closed","template":"","meta":{"site-sidebar-layout":"default","site-content-layout":"","ast-site-content-layout":"default","site-content-style":"default","site-sidebar-style":"default","ast-global-header-display":"","ast-banner-title-visibility":"","ast-main-header-display":"","ast-hfb-above-header-display":"","ast-hfb-below-header-display":"","ast-hfb-mobile-header-display":"","site-post-title":"","ast-breadcrumbs-content":"","ast-featured-img":"","footer-sml-layout":"","ast-disable-related-posts":"","theme-transparent-header-meta":"default","adv-header-id-meta":"","stick-header-meta":"","header-above-stick-meta":"","header-main-stick-meta":"","header-below-stick-meta":"","astra-migrate-meta-layouts":"set","ast-page-background-enabled":"default","ast-page-background-meta":{"desktop":{"background-color":"var(--ast-global-color-5)","background-image":"","background-repeat":"repeat","background-position":"center center","background-size":"auto","background-attachment":"scroll","background-type":"","background-media":"","overlay-type":"","overlay-color":"","overlay-opacity":"","overlay-gradient":""},"tablet":{"background-color":"","background-image":"","background-repeat":"repeat","background-position":"center center","background-size":"auto","background-attachment":"scroll","background-type":"","background-media":"","overlay-type":"","overlay-color":"","overlay-opacity":"","overlay-gradient":""},"mobile":{"background-color":"","background-image":"","background-repeat":"repeat","background-position":"center center","background-size":"auto","background-attachment":"scroll","background-type":"","background-media":"","overlay-type":"","overlay-color":"","overlay-opacity":"","overlay-gradient":""}},"ast-content-background-meta":{"desktop":{"background-color":"var(--ast-global-color-4)","background-image":"","background-repeat":"repeat","background-position":"center center","background-size":"auto","background-attachment":"scroll","background-type":"","background-media":"","overlay-type":"","overlay-color":"","overlay-opacity":"","overlay-gradient":""},"tablet":{"background-color":"var(--ast-global-color-4)","background-image":"","background-repeat":"repeat","background-position":"center center","background-size":"auto","background-attachment":"scroll","background-type":"","background-media":"","overlay-type":"","overlay-color":"","overlay-opacity":"","overlay-gradient":""},"mobile":{"background-color":"var(--ast-global-color-4)","background-image":"","background-repeat":"repeat","background-position":"center center","background-size":"auto","background-attachment":"scroll","background-type":"","background-media":"","overlay-type":"","overlay-color":"","overlay-opacity":"","overlay-gradient":""}}},"product_brand":[329],"product_cat":[100,107],"product_tag":[218],"class_list":{"0":"post-4912","1":"product","2":"type-product","3":"status-publish","4":"has-post-thumbnail","6":"product_brand-fibersite","7":"product_cat-fibersite","8":"product_cat-otdr","9":"product_tag-fibersite","10":"desktop-align-left","11":"tablet-align-left","12":"mobile-align-left","14":"first","15":"instock","16":"shipping-taxable","17":"product-type-simple"},"yoast_head":"<!-- This site is optimized with the Yoast SEO plugin v25.3 - https:\/\/yoast.com\/wordpress\/plugins\/seo\/ -->\n<title>TESTER TD800 (OTDR) - Tecplan<\/title>\n<meta name=\"robots\" content=\"index, follow, max-snippet:-1, max-image-preview:large, max-video-preview:-1\" \/>\n<link rel=\"canonical\" href=\"https:\/\/tecplan.com.es\/en\/product\/tester-td800-otdr\/\" \/>\n<meta property=\"og:locale\" content=\"en_US\" \/>\n<meta property=\"og:type\" content=\"article\" \/>\n<meta property=\"og:title\" content=\"TESTER TD800 (OTDR) - Tecplan\" \/>\n<meta property=\"og:description\" content=\"El OTDR ha superado una serie de pruebas de certificaci\u00f3n nacionales e internacionales como CE, TLC y seguridad l\u00e1ser, garantizando su calidad y eficiencia.\" \/>\n<meta property=\"og:url\" content=\"https:\/\/tecplan.com.es\/en\/product\/tester-td800-otdr\/\" \/>\n<meta property=\"og:site_name\" content=\"Tecplan\" \/>\n<meta property=\"article:modified_time\" content=\"2026-01-09T20:38:18+00:00\" \/>\n<meta property=\"og:image\" content=\"https:\/\/tecplan.com.es\/wp-content\/uploads\/2026\/01\/OTDR-800.jpg\" \/>\n\t<meta property=\"og:image:width\" content=\"1250\" \/>\n\t<meta property=\"og:image:height\" content=\"1250\" \/>\n\t<meta property=\"og:image:type\" content=\"image\/jpeg\" \/>\n<meta name=\"twitter:card\" content=\"summary_large_image\" \/>\n<meta name=\"twitter:label1\" content=\"Est. reading time\" \/>\n\t<meta name=\"twitter:data1\" content=\"2 minutes\" \/>\n<script type=\"application\/ld+json\" class=\"yoast-schema-graph\">{\"@context\":\"https:\/\/schema.org\",\"@graph\":[{\"@type\":\"WebPage\",\"@id\":\"https:\/\/tecplan.com.es\/product\/tester-td800-otdr\/\",\"url\":\"https:\/\/tecplan.com.es\/product\/tester-td800-otdr\/\",\"name\":\"TESTER TD800 (OTDR) - Tecplan\",\"isPartOf\":{\"@id\":\"https:\/\/tecplan.com.es\/#website\"},\"primaryImageOfPage\":{\"@id\":\"https:\/\/tecplan.com.es\/product\/tester-td800-otdr\/#primaryimage\"},\"image\":{\"@id\":\"https:\/\/tecplan.com.es\/product\/tester-td800-otdr\/#primaryimage\"},\"thumbnailUrl\":\"https:\/\/tecplan.com.es\/wp-content\/uploads\/2026\/01\/OTDR-800.jpg\",\"datePublished\":\"2026-01-09T20:38:02+00:00\",\"dateModified\":\"2026-01-09T20:38:18+00:00\",\"breadcrumb\":{\"@id\":\"https:\/\/tecplan.com.es\/product\/tester-td800-otdr\/#breadcrumb\"},\"inLanguage\":\"en-US\",\"potentialAction\":[{\"@type\":\"ReadAction\",\"target\":[\"https:\/\/tecplan.com.es\/product\/tester-td800-otdr\/\"]}]},{\"@type\":\"ImageObject\",\"inLanguage\":\"en-US\",\"@id\":\"https:\/\/tecplan.com.es\/product\/tester-td800-otdr\/#primaryimage\",\"url\":\"https:\/\/tecplan.com.es\/wp-content\/uploads\/2026\/01\/OTDR-800.jpg\",\"contentUrl\":\"https:\/\/tecplan.com.es\/wp-content\/uploads\/2026\/01\/OTDR-800.jpg\",\"width\":1250,\"height\":1250},{\"@type\":\"BreadcrumbList\",\"@id\":\"https:\/\/tecplan.com.es\/product\/tester-td800-otdr\/#breadcrumb\",\"itemListElement\":[{\"@type\":\"ListItem\",\"position\":1,\"name\":\"Home\",\"item\":\"https:\/\/tecplan.com.es\/\"},{\"@type\":\"ListItem\",\"position\":2,\"name\":\"Shop\",\"item\":\"https:\/\/tecplan.com.es\/shop\/\"},{\"@type\":\"ListItem\",\"position\":3,\"name\":\"TESTER TD800 (OTDR)\"}]},{\"@type\":\"WebSite\",\"@id\":\"https:\/\/tecplan.com.es\/#website\",\"url\":\"https:\/\/tecplan.com.es\/\",\"name\":\"Tecplan\",\"description\":\"\",\"potentialAction\":[{\"@type\":\"SearchAction\",\"target\":{\"@type\":\"EntryPoint\",\"urlTemplate\":\"https:\/\/tecplan.com.es\/?s={search_term_string}\"},\"query-input\":{\"@type\":\"PropertyValueSpecification\",\"valueRequired\":true,\"valueName\":\"search_term_string\"}}],\"inLanguage\":\"en-US\"}]}<\/script>\n<!-- \/ Yoast SEO plugin. -->","yoast_head_json":{"title":"TESTER TD800 (OTDR) - Tecplan","robots":{"index":"index","follow":"follow","max-snippet":"max-snippet:-1","max-image-preview":"max-image-preview:large","max-video-preview":"max-video-preview:-1"},"canonical":"https:\/\/tecplan.com.es\/en\/product\/tester-td800-otdr\/","og_locale":"en_US","og_type":"article","og_title":"TESTER TD800 (OTDR) - Tecplan","og_description":"El OTDR ha superado una serie de pruebas de certificaci\u00f3n nacionales e internacionales como CE, TLC y seguridad l\u00e1ser, garantizando su calidad y eficiencia.","og_url":"https:\/\/tecplan.com.es\/en\/product\/tester-td800-otdr\/","og_site_name":"Tecplan","article_modified_time":"2026-01-09T20:38:18+00:00","og_image":[{"width":1250,"height":1250,"url":"https:\/\/tecplan.com.es\/wp-content\/uploads\/2026\/01\/OTDR-800.jpg","type":"image\/jpeg"}],"twitter_card":"summary_large_image","twitter_misc":{"Est. reading time":"2 minutes"},"schema":{"@context":"https:\/\/schema.org","@graph":[{"@type":"WebPage","@id":"https:\/\/tecplan.com.es\/product\/tester-td800-otdr\/","url":"https:\/\/tecplan.com.es\/product\/tester-td800-otdr\/","name":"TESTER TD800 (OTDR) - Tecplan","isPartOf":{"@id":"https:\/\/tecplan.com.es\/#website"},"primaryImageOfPage":{"@id":"https:\/\/tecplan.com.es\/product\/tester-td800-otdr\/#primaryimage"},"image":{"@id":"https:\/\/tecplan.com.es\/product\/tester-td800-otdr\/#primaryimage"},"thumbnailUrl":"https:\/\/tecplan.com.es\/wp-content\/uploads\/2026\/01\/OTDR-800.jpg","datePublished":"2026-01-09T20:38:02+00:00","dateModified":"2026-01-09T20:38:18+00:00","breadcrumb":{"@id":"https:\/\/tecplan.com.es\/product\/tester-td800-otdr\/#breadcrumb"},"inLanguage":"en-US","potentialAction":[{"@type":"ReadAction","target":["https:\/\/tecplan.com.es\/product\/tester-td800-otdr\/"]}]},{"@type":"ImageObject","inLanguage":"en-US","@id":"https:\/\/tecplan.com.es\/product\/tester-td800-otdr\/#primaryimage","url":"https:\/\/tecplan.com.es\/wp-content\/uploads\/2026\/01\/OTDR-800.jpg","contentUrl":"https:\/\/tecplan.com.es\/wp-content\/uploads\/2026\/01\/OTDR-800.jpg","width":1250,"height":1250},{"@type":"BreadcrumbList","@id":"https:\/\/tecplan.com.es\/product\/tester-td800-otdr\/#breadcrumb","itemListElement":[{"@type":"ListItem","position":1,"name":"Home","item":"https:\/\/tecplan.com.es\/"},{"@type":"ListItem","position":2,"name":"Shop","item":"https:\/\/tecplan.com.es\/shop\/"},{"@type":"ListItem","position":3,"name":"TESTER TD800 (OTDR)"}]},{"@type":"WebSite","@id":"https:\/\/tecplan.com.es\/#website","url":"https:\/\/tecplan.com.es\/","name":"Tecplan","description":"","potentialAction":[{"@type":"SearchAction","target":{"@type":"EntryPoint","urlTemplate":"https:\/\/tecplan.com.es\/?s={search_term_string}"},"query-input":{"@type":"PropertyValueSpecification","valueRequired":true,"valueName":"search_term_string"}}],"inLanguage":"en-US"}]}},"_links":{"self":[{"href":"https:\/\/tecplan.com.es\/en\/wp-json\/wp\/v2\/product\/4912","targetHints":{"allow":["GET"]}}],"collection":[{"href":"https:\/\/tecplan.com.es\/en\/wp-json\/wp\/v2\/product"}],"about":[{"href":"https:\/\/tecplan.com.es\/en\/wp-json\/wp\/v2\/types\/product"}],"replies":[{"embeddable":true,"href":"https:\/\/tecplan.com.es\/en\/wp-json\/wp\/v2\/comments?post=4912"}],"version-history":[{"count":2,"href":"https:\/\/tecplan.com.es\/en\/wp-json\/wp\/v2\/product\/4912\/revisions"}],"predecessor-version":[{"id":4915,"href":"https:\/\/tecplan.com.es\/en\/wp-json\/wp\/v2\/product\/4912\/revisions\/4915"}],"wp:featuredmedia":[{"embeddable":true,"href":"https:\/\/tecplan.com.es\/en\/wp-json\/wp\/v2\/media\/4913"}],"wp:attachment":[{"href":"https:\/\/tecplan.com.es\/en\/wp-json\/wp\/v2\/media?parent=4912"}],"wp:term":[{"taxonomy":"product_brand","embeddable":true,"href":"https:\/\/tecplan.com.es\/en\/wp-json\/wp\/v2\/product_brand?post=4912"},{"taxonomy":"product_cat","embeddable":true,"href":"https:\/\/tecplan.com.es\/en\/wp-json\/wp\/v2\/product_cat?post=4912"},{"taxonomy":"product_tag","embeddable":true,"href":"https:\/\/tecplan.com.es\/en\/wp-json\/wp\/v2\/product_tag?post=4912"}],"curies":[{"name":"wp","href":"https:\/\/api.w.org\/{rel}","templated":true}]}}