{"id":4766,"date":"2025-12-10T22:23:43","date_gmt":"2025-12-10T22:23:43","guid":{"rendered":"https:\/\/tecplan.com.es\/product\/patch-panel-de-16-puertos\/"},"modified":"2026-01-02T19:45:21","modified_gmt":"2026-01-02T19:45:21","slug":"patch-panel-de-16-puertos","status":"publish","type":"product","link":"https:\/\/tecplan.com.es\/en\/product\/patch-panel-de-16-puertos\/","title":{"rendered":"PATCH PANEL DE 16 PUERTOS"},"content":{"rendered":"<p style=\"text-align: justify;\"><strong>Panel de red CAT6 de 16 puertos para escritorio, rack de 19 pulgadas, para integraci\u00f3n en servidores, blindado, 16 puertos RJ45 \u2013 Negro<\/strong><\/p>\n<p style=\"text-align: justify;\">Con el panel de conexi\u00f3n deleyCON CAT6 de 16 puertos, obtendr\u00e1 un panel de distribuci\u00f3n de red de primera calidad y totalmente blindado para uso dom\u00e9stico y profesional.<\/p>\n<p style=\"text-align: justify;\"><strong>Compatibilidad<\/strong><br \/>\nLa parte frontal del panel de conexi\u00f3n contiene 16 puertos de red RJ45, lo que permite conectar r\u00e1pida y f\u00e1cilmente una amplia variedad de dispositivos mediante un cable de red est\u00e1ndar. La parte posterior del panel de conexi\u00f3n facilita la conexi\u00f3n de un cable de red mediante LSA. Naturalmente, el panel de conexi\u00f3n deleyCON CAT6 es compatible con todos los est\u00e1ndares de cable de red actuales, como CAT5e, CAT6, CAT6a y CAT7.<\/p>\n<p style=\"text-align: justify;\"><strong>Specs<\/strong><br \/>\n\u2013 Carcasa met\u00e1lica totalmente blindada<br \/>\n\u2013 Conectores frontales: 16 puertos de red RJ45<br \/>\n\u2013 Conector trasero: Cable de red LSA<br \/>\n\u2013 Compatible con integraci\u00f3n en rack de 19&#8243; (48,3 cm) o montaje en servidor<br \/>\n\u2013 Cable de tierra preinstalado<br \/>\n\u2013 C\u00f3digo de color seg\u00fan TIA568A \/ TIA568B<br \/>\n\u2013 Contactos LSA impresos con el c\u00f3digo de color TIA568B<br \/>\n\u2013 Para di\u00e1metros de cable de hasta 0,64 mm (22-26 AWG)<br \/>\n\u2013 Capacidad de cable: 22-26 AWG<br \/>\n\u2013 Dimensiones (Largo x Alto x Ancho): aprox. 19 x 1,73 x 4,33 pulgadas (483 mm x 44 mm x 110 mm)<\/p>\n<p><strong>Contenido del paquete<\/strong><\/p>\n<ul>\n<li style=\"text-align: justify;\">1 panel de conexi\u00f3n deleyCON CAT6 de 16 puertos<\/li>\n<li style=\"text-align: justify;\">1 manual de instrucciones ilustrado<\/li>\n<li style=\"text-align: justify;\">16 bridas<\/li>\n<li style=\"text-align: justify;\">Kit de montaje<\/li>\n<\/ul>","protected":false},"excerpt":{"rendered":"<p style=\"text-align: justify;\"><strong>CAT6 Network Panel 16-Port Desktop<\/strong><\/p>\n<ul>\n<li style=\"text-align: justify;\">Panel de conexiones deleyCON CAT6a \/ 16 puertos \/ Codificaci\u00f3n de colores para TIA568A + TIA568B.<\/li>\n<li style=\"text-align: justify;\">Conexiones parte delantera: 16 enchufes RJ45 \/ Compatible con todos las normas de cables de red actuales (por ejemplo CAT5e, CAT6, CAT6a, CAT7).<\/li>\n<li style=\"text-align: justify;\">Conexiones parte trasera: cable de extensi\u00f3n hasta CAT7 mediante LSA. Caja segura de alta calidad de metal \/ Compatible servidor de 19\u201d.<\/li>\n<\/ul>\n<p><img decoding=\"async\" class=\"wp-image-1038 aligncenter\" src=\"https:\/\/tecplan.com.es\/wp-content\/uploads\/2025\/05\/summit-300x138.webp\" alt=\"\" width=\"182\" height=\"95\" \/><\/p>","protected":false},"featured_media":4752,"comment_status":"open","ping_status":"closed","template":"","meta":{"site-sidebar-layout":"default","site-content-layout":"","ast-site-content-layout":"default","site-content-style":"default","site-sidebar-style":"default","ast-global-header-display":"","ast-banner-title-visibility":"","ast-main-header-display":"","ast-hfb-above-header-display":"","ast-hfb-below-header-display":"","ast-hfb-mobile-header-display":"","site-post-title":"","ast-breadcrumbs-content":"","ast-featured-img":"","footer-sml-layout":"","ast-disable-related-posts":"","theme-transparent-header-meta":"default","adv-header-id-meta":"","stick-header-meta":"","header-above-stick-meta":"","header-main-stick-meta":"","header-below-stick-meta":"","astra-migrate-meta-layouts":"set","ast-page-background-enabled":"default","ast-page-background-meta":{"desktop":{"background-color":"var(--ast-global-color-5)","background-image":"","background-repeat":"repeat","background-position":"center center","background-size":"auto","background-attachment":"scroll","background-type":"","background-media":"","overlay-type":"","overlay-color":"","overlay-opacity":"","overlay-gradient":""},"tablet":{"background-color":"","background-image":"","background-repeat":"repeat","background-position":"center center","background-size":"auto","background-attachment":"scroll","background-type":"","background-media":"","overlay-type":"","overlay-color":"","overlay-opacity":"","overlay-gradient":""},"mobile":{"background-color":"","background-image":"","background-repeat":"repeat","background-position":"center center","background-size":"auto","background-attachment":"scroll","background-type":"","background-media":"","overlay-type":"","overlay-color":"","overlay-opacity":"","overlay-gradient":""}},"ast-content-background-meta":{"desktop":{"background-color":"var(--ast-global-color-4)","background-image":"","background-repeat":"repeat","background-position":"center center","background-size":"auto","background-attachment":"scroll","background-type":"","background-media":"","overlay-type":"","overlay-color":"","overlay-opacity":"","overlay-gradient":""},"tablet":{"background-color":"var(--ast-global-color-4)","background-image":"","background-repeat":"repeat","background-position":"center center","background-size":"auto","background-attachment":"scroll","background-type":"","background-media":"","overlay-type":"","overlay-color":"","overlay-opacity":"","overlay-gradient":""},"mobile":{"background-color":"var(--ast-global-color-4)","background-image":"","background-repeat":"repeat","background-position":"center center","background-size":"auto","background-attachment":"scroll","background-type":"","background-media":"","overlay-type":"","overlay-color":"","overlay-opacity":"","overlay-gradient":""}}},"product_brand":[234],"product_cat":[82,257,96,91,59,60,256,90],"product_tag":[207],"class_list":{"0":"post-4766","1":"product","2":"type-product","3":"status-publish","4":"has-post-thumbnail","6":"product_brand-summit","7":"product_cat-cobertura-celular","8":"product_cat-convertidores","9":"product_cat-networking","10":"product_cat-otros-summit","11":"product_cat-radio-comunicacion","12":"product_cat-summit","13":"product_cat-summit-networking","14":"product_cat-summit-cobertura-celular","15":"product_tag-summit","16":"desktop-align-left","17":"tablet-align-left","18":"mobile-align-left","20":"first","21":"instock","22":"shipping-taxable","23":"product-type-simple"},"yoast_head":"<!-- This site is optimized with the Yoast SEO plugin v25.3 - https:\/\/yoast.com\/wordpress\/plugins\/seo\/ -->\n<title>PATCH PANEL DE 16 PUERTOS - Tecplan<\/title>\n<meta name=\"robots\" content=\"index, follow, max-snippet:-1, max-image-preview:large, max-video-preview:-1\" \/>\n<link rel=\"canonical\" href=\"https:\/\/tecplan.com.es\/en\/product\/patch-panel-de-16-puertos\/\" \/>\n<meta property=\"og:locale\" content=\"en_US\" \/>\n<meta property=\"og:type\" content=\"article\" \/>\n<meta property=\"og:title\" content=\"PATCH PANEL DE 16 PUERTOS - Tecplan\" \/>\n<meta property=\"og:description\" content=\"CAT6 Network Panel 16-Port Desktop    Panel de conexiones deleyCON CAT6a \/ 16 puertos \/ Codificaci\u00f3n de colores para TIA568A + TIA568B.  Conexiones parte delantera: 16 enchufes RJ45 \/ Compatible con todos las normas de cables de red actuales (por ejemplo CAT5e, CAT6, CAT6a, CAT7).  Conexiones parte trasera: cable de extensi\u00f3n hasta CAT7 mediante LSA. Caja segura de alta calidad de metal \/ Compatible servidor de 19\u201d.\" \/>\n<meta property=\"og:url\" content=\"https:\/\/tecplan.com.es\/en\/product\/patch-panel-de-16-puertos\/\" \/>\n<meta property=\"og:site_name\" content=\"Tecplan\" \/>\n<meta property=\"article:modified_time\" content=\"2026-01-02T19:45:21+00:00\" \/>\n<meta property=\"og:image\" content=\"https:\/\/tecplan.com.es\/wp-content\/uploads\/2025\/12\/Panel-16-Port_01.jpg\" \/>\n\t<meta property=\"og:image:width\" content=\"1250\" \/>\n\t<meta property=\"og:image:height\" content=\"1250\" \/>\n\t<meta property=\"og:image:type\" content=\"image\/jpeg\" \/>\n<meta name=\"twitter:card\" content=\"summary_large_image\" \/>\n<meta name=\"twitter:label1\" content=\"Est. reading time\" \/>\n\t<meta name=\"twitter:data1\" content=\"2 minutes\" \/>\n<script type=\"application\/ld+json\" class=\"yoast-schema-graph\">{\"@context\":\"https:\/\/schema.org\",\"@graph\":[{\"@type\":\"WebPage\",\"@id\":\"https:\/\/tecplan.com.es\/product\/patch-panel-de-16-puertos\/\",\"url\":\"https:\/\/tecplan.com.es\/product\/patch-panel-de-16-puertos\/\",\"name\":\"PATCH PANEL DE 16 PUERTOS - Tecplan\",\"isPartOf\":{\"@id\":\"https:\/\/tecplan.com.es\/#website\"},\"primaryImageOfPage\":{\"@id\":\"https:\/\/tecplan.com.es\/product\/patch-panel-de-16-puertos\/#primaryimage\"},\"image\":{\"@id\":\"https:\/\/tecplan.com.es\/product\/patch-panel-de-16-puertos\/#primaryimage\"},\"thumbnailUrl\":\"https:\/\/tecplan.com.es\/wp-content\/uploads\/2025\/12\/Panel-16-Port_01.jpg\",\"datePublished\":\"2025-12-10T22:23:43+00:00\",\"dateModified\":\"2026-01-02T19:45:21+00:00\",\"breadcrumb\":{\"@id\":\"https:\/\/tecplan.com.es\/product\/patch-panel-de-16-puertos\/#breadcrumb\"},\"inLanguage\":\"en-US\",\"potentialAction\":[{\"@type\":\"ReadAction\",\"target\":[\"https:\/\/tecplan.com.es\/product\/patch-panel-de-16-puertos\/\"]}]},{\"@type\":\"ImageObject\",\"inLanguage\":\"en-US\",\"@id\":\"https:\/\/tecplan.com.es\/product\/patch-panel-de-16-puertos\/#primaryimage\",\"url\":\"https:\/\/tecplan.com.es\/wp-content\/uploads\/2025\/12\/Panel-16-Port_01.jpg\",\"contentUrl\":\"https:\/\/tecplan.com.es\/wp-content\/uploads\/2025\/12\/Panel-16-Port_01.jpg\",\"width\":1250,\"height\":1250},{\"@type\":\"BreadcrumbList\",\"@id\":\"https:\/\/tecplan.com.es\/product\/patch-panel-de-16-puertos\/#breadcrumb\",\"itemListElement\":[{\"@type\":\"ListItem\",\"position\":1,\"name\":\"Home\",\"item\":\"https:\/\/tecplan.com.es\/\"},{\"@type\":\"ListItem\",\"position\":2,\"name\":\"Shop\",\"item\":\"https:\/\/tecplan.com.es\/shop\/\"},{\"@type\":\"ListItem\",\"position\":3,\"name\":\"PATCH PANEL DE 16 PUERTOS\"}]},{\"@type\":\"WebSite\",\"@id\":\"https:\/\/tecplan.com.es\/#website\",\"url\":\"https:\/\/tecplan.com.es\/\",\"name\":\"Tecplan\",\"description\":\"\",\"potentialAction\":[{\"@type\":\"SearchAction\",\"target\":{\"@type\":\"EntryPoint\",\"urlTemplate\":\"https:\/\/tecplan.com.es\/?s={search_term_string}\"},\"query-input\":{\"@type\":\"PropertyValueSpecification\",\"valueRequired\":true,\"valueName\":\"search_term_string\"}}],\"inLanguage\":\"en-US\"}]}<\/script>\n<!-- \/ Yoast SEO plugin. -->","yoast_head_json":{"title":"PATCH PANEL DE 16 PUERTOS - Tecplan","robots":{"index":"index","follow":"follow","max-snippet":"max-snippet:-1","max-image-preview":"max-image-preview:large","max-video-preview":"max-video-preview:-1"},"canonical":"https:\/\/tecplan.com.es\/en\/product\/patch-panel-de-16-puertos\/","og_locale":"en_US","og_type":"article","og_title":"PATCH PANEL DE 16 PUERTOS - Tecplan","og_description":"CAT6 Network Panel 16-Port Desktop    Panel de conexiones deleyCON CAT6a \/ 16 puertos \/ Codificaci\u00f3n de colores para TIA568A + TIA568B.  Conexiones parte delantera: 16 enchufes RJ45 \/ Compatible con todos las normas de cables de red actuales (por ejemplo CAT5e, CAT6, CAT6a, CAT7).  Conexiones parte trasera: cable de extensi\u00f3n hasta CAT7 mediante LSA. Caja segura de alta calidad de metal \/ Compatible servidor de 19\u201d.","og_url":"https:\/\/tecplan.com.es\/en\/product\/patch-panel-de-16-puertos\/","og_site_name":"Tecplan","article_modified_time":"2026-01-02T19:45:21+00:00","og_image":[{"width":1250,"height":1250,"url":"https:\/\/tecplan.com.es\/wp-content\/uploads\/2025\/12\/Panel-16-Port_01.jpg","type":"image\/jpeg"}],"twitter_card":"summary_large_image","twitter_misc":{"Est. reading time":"2 minutes"},"schema":{"@context":"https:\/\/schema.org","@graph":[{"@type":"WebPage","@id":"https:\/\/tecplan.com.es\/product\/patch-panel-de-16-puertos\/","url":"https:\/\/tecplan.com.es\/product\/patch-panel-de-16-puertos\/","name":"PATCH PANEL DE 16 PUERTOS - Tecplan","isPartOf":{"@id":"https:\/\/tecplan.com.es\/#website"},"primaryImageOfPage":{"@id":"https:\/\/tecplan.com.es\/product\/patch-panel-de-16-puertos\/#primaryimage"},"image":{"@id":"https:\/\/tecplan.com.es\/product\/patch-panel-de-16-puertos\/#primaryimage"},"thumbnailUrl":"https:\/\/tecplan.com.es\/wp-content\/uploads\/2025\/12\/Panel-16-Port_01.jpg","datePublished":"2025-12-10T22:23:43+00:00","dateModified":"2026-01-02T19:45:21+00:00","breadcrumb":{"@id":"https:\/\/tecplan.com.es\/product\/patch-panel-de-16-puertos\/#breadcrumb"},"inLanguage":"en-US","potentialAction":[{"@type":"ReadAction","target":["https:\/\/tecplan.com.es\/product\/patch-panel-de-16-puertos\/"]}]},{"@type":"ImageObject","inLanguage":"en-US","@id":"https:\/\/tecplan.com.es\/product\/patch-panel-de-16-puertos\/#primaryimage","url":"https:\/\/tecplan.com.es\/wp-content\/uploads\/2025\/12\/Panel-16-Port_01.jpg","contentUrl":"https:\/\/tecplan.com.es\/wp-content\/uploads\/2025\/12\/Panel-16-Port_01.jpg","width":1250,"height":1250},{"@type":"BreadcrumbList","@id":"https:\/\/tecplan.com.es\/product\/patch-panel-de-16-puertos\/#breadcrumb","itemListElement":[{"@type":"ListItem","position":1,"name":"Home","item":"https:\/\/tecplan.com.es\/"},{"@type":"ListItem","position":2,"name":"Shop","item":"https:\/\/tecplan.com.es\/shop\/"},{"@type":"ListItem","position":3,"name":"PATCH PANEL DE 16 PUERTOS"}]},{"@type":"WebSite","@id":"https:\/\/tecplan.com.es\/#website","url":"https:\/\/tecplan.com.es\/","name":"Tecplan","description":"","potentialAction":[{"@type":"SearchAction","target":{"@type":"EntryPoint","urlTemplate":"https:\/\/tecplan.com.es\/?s={search_term_string}"},"query-input":{"@type":"PropertyValueSpecification","valueRequired":true,"valueName":"search_term_string"}}],"inLanguage":"en-US"}]}},"_links":{"self":[{"href":"https:\/\/tecplan.com.es\/en\/wp-json\/wp\/v2\/product\/4766","targetHints":{"allow":["GET"]}}],"collection":[{"href":"https:\/\/tecplan.com.es\/en\/wp-json\/wp\/v2\/product"}],"about":[{"href":"https:\/\/tecplan.com.es\/en\/wp-json\/wp\/v2\/types\/product"}],"replies":[{"embeddable":true,"href":"https:\/\/tecplan.com.es\/en\/wp-json\/wp\/v2\/comments?post=4766"}],"version-history":[{"count":2,"href":"https:\/\/tecplan.com.es\/en\/wp-json\/wp\/v2\/product\/4766\/revisions"}],"predecessor-version":[{"id":4823,"href":"https:\/\/tecplan.com.es\/en\/wp-json\/wp\/v2\/product\/4766\/revisions\/4823"}],"wp:featuredmedia":[{"embeddable":true,"href":"https:\/\/tecplan.com.es\/en\/wp-json\/wp\/v2\/media\/4752"}],"wp:attachment":[{"href":"https:\/\/tecplan.com.es\/en\/wp-json\/wp\/v2\/media?parent=4766"}],"wp:term":[{"taxonomy":"product_brand","embeddable":true,"href":"https:\/\/tecplan.com.es\/en\/wp-json\/wp\/v2\/product_brand?post=4766"},{"taxonomy":"product_cat","embeddable":true,"href":"https:\/\/tecplan.com.es\/en\/wp-json\/wp\/v2\/product_cat?post=4766"},{"taxonomy":"product_tag","embeddable":true,"href":"https:\/\/tecplan.com.es\/en\/wp-json\/wp\/v2\/product_tag?post=4766"}],"curies":[{"name":"wp","href":"https:\/\/api.w.org\/{rel}","templated":true}]}}