{"id":4761,"date":"2025-12-10T22:23:43","date_gmt":"2025-12-10T22:23:43","guid":{"rendered":"https:\/\/tecplan.com.es\/product\/hex-s-router-gigabit-de-6-puertos\/"},"modified":"2026-01-02T21:01:48","modified_gmt":"2026-01-02T21:01:48","slug":"hex-s-router-gigabit-de-6-puertos","status":"publish","type":"product","link":"https:\/\/tecplan.com.es\/en\/product\/hex-s-router-gigabit-de-6-puertos\/","title":{"rendered":"HEX S Router Gigabit de 6 puertos"},"content":{"rendered":"<p style=\"text-align: justify;\"><strong>Enrutador HEX \u201cS\u201d RB760iGS<\/strong><\/p>\n<p style=\"text-align: justify;\">hEX S es un enrutador Gigabit Ethernet de cinco puertos para ubicaciones donde no hay conectividad inal\u00e1mbrica requerido. En comparaci\u00f3n con el hEX, el hEX S tambi\u00e9n cuenta con un puerto SFP y una salida PoE en el \u00faltimo puerto.<\/p>\n<p style=\"text-align: justify;\">Es asequible, peque\u00f1o y f\u00e1cil de usar, pero al mismo tiempo viene con un n\u00facleo dual muy potente CPU de 880 MHz y 256 MB de RAM, capaz de todas las configuraciones avanzadas que RouterOS soportes. El dispositivo tiene un USB 2.0, salida PoE para el puerto Ethernet n.\u00b0 5 y una jaula SFP de 1,25 Gbit\/s. El puerto n.\u00b0 5 puede alimentar otros dispositivos pasivos con capacidad PoE con el mismo voltaje aplicado a la unidad<\/p>\n<p style=\"text-align: justify;\">Cifrado de hardware IPsec y se admite el paquete de servidor Dude, la ranura microSD proporciona una velocidad de resoluci\u00f3n de conflictos mejorada para el almacenamiento de archivos y Dude.<\/p>\n<p style=\"text-align: justify;\"><strong>Operating system <\/strong><\/p>\n<ul>\n<li style=\"text-align: justify;\">EnrutadorOS<\/li>\n<li style=\"text-align: justify;\">Tama\u00f1o de la RAM 256 MB<\/li>\n<li style=\"text-align: justify;\">Tama\u00f1o de almacenamiento 16 MB<\/li>\n<li style=\"text-align: justify;\">Tipo de almacenamiento FLASH<\/li>\n<li style=\"text-align: justify;\">Aproximadamente 100.000 horas a 25\u00baC<\/li>\n<li style=\"text-align: justify;\">Temperatura ambiente probada -40\u00b0C a 70\u00b0C<\/li>\n<\/ul>\n<p><strong>Potencia<\/strong><\/p>\n<ul>\n<li style=\"text-align: justify;\">N\u00famero de entradas de CC 2 (Conector DC, PoE-IN)<\/li>\n<li style=\"text-align: justify;\">Voltaje de entrada del conector CC 12-57 V<\/li>\n<li style=\"text-align: justify;\">Consumo m\u00e1ximo de energ\u00eda 24 W<\/li>\n<li style=\"text-align: justify;\">Consumo m\u00e1ximo de energ\u00eda sin accesorios,6 W<\/li>\n<li style=\"text-align: justify;\">PoE pasivo de hasta 57 V<\/li>\n<li style=\"text-align: justify;\">L\u00edmite de corriente PoE-Out de bajo voltaje 500 mA<\/li>\n<li style=\"text-align: justify;\">L\u00edmite de corriente PoE-Out de alto voltaje 500 mA<\/li>\n<li style=\"text-align: justify;\">Total m\u00e1ximo de salida (A) 500 mA<\/li>\n<li style=\"text-align: justify;\">Ethernet 10\/100\/1000 Puertos Ethernet<\/li>\n<\/ul>\n<p><strong>Perif\u00e9ricos<\/strong><\/p>\n<ul>\n<li style=\"text-align: justify;\">Tipo de tarjeta de memoria microSD<\/li>\n<li style=\"text-align: justify;\">Tarjetas de memoria 1<\/li>\n<li style=\"text-align: justify;\">N\u00famero de puertos USB 1<\/li>\n<li style=\"text-align: justify;\">Restablecimiento de energ\u00eda USB S\u00ed<\/li>\n<li style=\"text-align: justify;\">Tipo de ranura USB USB tipo A<\/li>\n<li style=\"text-align: justify;\">Corriente USB m\u00e1xima (A) 1<\/li>\n<\/ul>\n<h5 style=\"text-align: justify;\"><span style=\"text-decoration: underline;\"><strong>DOWNLOADS<\/strong><\/span><\/h5>\n<ul style=\"text-align: justify;\">\n<li>\u2192\u00a0 <a href=\"https:\/\/drive.google.com\/file\/d\/1WzqeOQhNJw9zpRAa1Kkr5K28UN4qOD72\/view?usp=sharing\">Technical sheet<\/a><\/li>\n<\/ul>\n<p>&nbsp;<\/p>","protected":false},"excerpt":{"rendered":"<p><strong>hEX S<\/strong><\/p>\n<p style=\"text-align: justify;\">5x Gigabit Ethernet, SFP, CPU de doble n\u00facleo de 880 MHz, 256 MB de RAM, USB, microSD, RouterOS L4, soporte de cifrado de hardware IPsec y paquete de servidor The Dude<\/p>\n<p style=\"text-align: justify;\">El dispositivo tiene un sistema operativo preinstalado y con licencia. No es necesaria ninguna compra por separado y el producto est\u00e1 listo para usar. El dispositivo incluye actualizaciones de software gratuitas durante la vida \u00fatil del producto o un m\u00ednimo de 5 a\u00f1os a partir de la fecha de compra.<\/p>\n<p>&nbsp;<\/p>","protected":false},"featured_media":4725,"comment_status":"open","ping_status":"closed","template":"","meta":{"site-sidebar-layout":"default","site-content-layout":"","ast-site-content-layout":"default","site-content-style":"default","site-sidebar-style":"default","ast-global-header-display":"","ast-banner-title-visibility":"","ast-main-header-display":"","ast-hfb-above-header-display":"","ast-hfb-below-header-display":"","ast-hfb-mobile-header-display":"","site-post-title":"","ast-breadcrumbs-content":"","ast-featured-img":"","footer-sml-layout":"","ast-disable-related-posts":"","theme-transparent-header-meta":"default","adv-header-id-meta":"","stick-header-meta":"","header-above-stick-meta":"","header-main-stick-meta":"","header-below-stick-meta":"","astra-migrate-meta-layouts":"set","ast-page-background-enabled":"default","ast-page-background-meta":{"desktop":{"background-color":"var(--ast-global-color-5)","background-image":"","background-repeat":"repeat","background-position":"center center","background-size":"auto","background-attachment":"scroll","background-type":"","background-media":"","overlay-type":"","overlay-color":"","overlay-opacity":"","overlay-gradient":""},"tablet":{"background-color":"","background-image":"","background-repeat":"repeat","background-position":"center center","background-size":"auto","background-attachment":"scroll","background-type":"","background-media":"","overlay-type":"","overlay-color":"","overlay-opacity":"","overlay-gradient":""},"mobile":{"background-color":"","background-image":"","background-repeat":"repeat","background-position":"center center","background-size":"auto","background-attachment":"scroll","background-type":"","background-media":"","overlay-type":"","overlay-color":"","overlay-opacity":"","overlay-gradient":""}},"ast-content-background-meta":{"desktop":{"background-color":"var(--ast-global-color-4)","background-image":"","background-repeat":"repeat","background-position":"center center","background-size":"auto","background-attachment":"scroll","background-type":"","background-media":"","overlay-type":"","overlay-color":"","overlay-opacity":"","overlay-gradient":""},"tablet":{"background-color":"var(--ast-global-color-4)","background-image":"","background-repeat":"repeat","background-position":"center center","background-size":"auto","background-attachment":"scroll","background-type":"","background-media":"","overlay-type":"","overlay-color":"","overlay-opacity":"","overlay-gradient":""},"mobile":{"background-color":"var(--ast-global-color-4)","background-image":"","background-repeat":"repeat","background-position":"center center","background-size":"auto","background-attachment":"scroll","background-type":"","background-media":"","overlay-type":"","overlay-color":"","overlay-opacity":"","overlay-gradient":""}}},"product_brand":[243],"product_cat":[125,96,129],"product_tag":[212],"class_list":{"0":"post-4761","1":"product","2":"type-product","3":"status-publish","4":"has-post-thumbnail","6":"product_brand-mikrotik","7":"product_cat-mikrotik","8":"product_cat-networking","9":"product_cat-router","10":"product_tag-mikrotik","11":"desktop-align-left","12":"tablet-align-left","13":"mobile-align-left","15":"first","16":"instock","17":"shipping-taxable","18":"product-type-simple"},"yoast_head":"<!-- This site is optimized with the Yoast SEO plugin v25.3 - https:\/\/yoast.com\/wordpress\/plugins\/seo\/ -->\n<title>HEX S Router Gigabit de 6 puertos - Tecplan<\/title>\n<meta name=\"robots\" content=\"index, follow, max-snippet:-1, max-image-preview:large, max-video-preview:-1\" \/>\n<link rel=\"canonical\" href=\"https:\/\/tecplan.com.es\/en\/product\/hex-s-router-gigabit-de-6-puertos\/\" \/>\n<meta property=\"og:locale\" content=\"en_US\" \/>\n<meta property=\"og:type\" content=\"article\" \/>\n<meta property=\"og:title\" content=\"HEX S Router Gigabit de 6 puertos - Tecplan\" \/>\n<meta property=\"og:description\" content=\"hEX S 5x Gigabit Ethernet, SFP, CPU de doble n\u00facleo de 880 MHz, 256 MB de RAM, USB, microSD, RouterOS L4, soporte de cifrado de hardware IPsec y paquete de servidor The Dude El dispositivo tiene un sistema operativo preinstalado y con licencia. No es necesaria ninguna compra por separado y el producto est\u00e1 listo para usar. El dispositivo incluye actualizaciones de software gratuitas durante la vida \u00fatil del producto o un m\u00ednimo de 5 a\u00f1os a partir de la fecha de compra. &nbsp;\" \/>\n<meta property=\"og:url\" content=\"https:\/\/tecplan.com.es\/en\/product\/hex-s-router-gigabit-de-6-puertos\/\" \/>\n<meta property=\"og:site_name\" content=\"Tecplan\" \/>\n<meta property=\"article:modified_time\" content=\"2026-01-02T21:01:48+00:00\" \/>\n<meta property=\"og:image\" content=\"https:\/\/tecplan.com.es\/wp-content\/uploads\/2025\/12\/hEX-S_-1.jpg\" \/>\n\t<meta property=\"og:image:width\" content=\"1250\" \/>\n\t<meta property=\"og:image:height\" content=\"1250\" \/>\n\t<meta property=\"og:image:type\" content=\"image\/jpeg\" \/>\n<meta name=\"twitter:card\" content=\"summary_large_image\" \/>\n<meta name=\"twitter:label1\" content=\"Est. reading time\" \/>\n\t<meta name=\"twitter:data1\" content=\"2 minutes\" \/>\n<script type=\"application\/ld+json\" class=\"yoast-schema-graph\">{\"@context\":\"https:\/\/schema.org\",\"@graph\":[{\"@type\":\"WebPage\",\"@id\":\"https:\/\/tecplan.com.es\/product\/hex-s-router-gigabit-de-6-puertos\/\",\"url\":\"https:\/\/tecplan.com.es\/product\/hex-s-router-gigabit-de-6-puertos\/\",\"name\":\"HEX S Router Gigabit de 6 puertos - Tecplan\",\"isPartOf\":{\"@id\":\"https:\/\/tecplan.com.es\/#website\"},\"primaryImageOfPage\":{\"@id\":\"https:\/\/tecplan.com.es\/product\/hex-s-router-gigabit-de-6-puertos\/#primaryimage\"},\"image\":{\"@id\":\"https:\/\/tecplan.com.es\/product\/hex-s-router-gigabit-de-6-puertos\/#primaryimage\"},\"thumbnailUrl\":\"https:\/\/tecplan.com.es\/wp-content\/uploads\/2025\/12\/hEX-S_-1.jpg\",\"datePublished\":\"2025-12-10T22:23:43+00:00\",\"dateModified\":\"2026-01-02T21:01:48+00:00\",\"breadcrumb\":{\"@id\":\"https:\/\/tecplan.com.es\/product\/hex-s-router-gigabit-de-6-puertos\/#breadcrumb\"},\"inLanguage\":\"en-US\",\"potentialAction\":[{\"@type\":\"ReadAction\",\"target\":[\"https:\/\/tecplan.com.es\/product\/hex-s-router-gigabit-de-6-puertos\/\"]}]},{\"@type\":\"ImageObject\",\"inLanguage\":\"en-US\",\"@id\":\"https:\/\/tecplan.com.es\/product\/hex-s-router-gigabit-de-6-puertos\/#primaryimage\",\"url\":\"https:\/\/tecplan.com.es\/wp-content\/uploads\/2025\/12\/hEX-S_-1.jpg\",\"contentUrl\":\"https:\/\/tecplan.com.es\/wp-content\/uploads\/2025\/12\/hEX-S_-1.jpg\",\"width\":1250,\"height\":1250},{\"@type\":\"BreadcrumbList\",\"@id\":\"https:\/\/tecplan.com.es\/product\/hex-s-router-gigabit-de-6-puertos\/#breadcrumb\",\"itemListElement\":[{\"@type\":\"ListItem\",\"position\":1,\"name\":\"Home\",\"item\":\"https:\/\/tecplan.com.es\/\"},{\"@type\":\"ListItem\",\"position\":2,\"name\":\"Shop\",\"item\":\"https:\/\/tecplan.com.es\/shop\/\"},{\"@type\":\"ListItem\",\"position\":3,\"name\":\"HEX S Router Gigabit de 6 puertos\"}]},{\"@type\":\"WebSite\",\"@id\":\"https:\/\/tecplan.com.es\/#website\",\"url\":\"https:\/\/tecplan.com.es\/\",\"name\":\"Tecplan\",\"description\":\"\",\"potentialAction\":[{\"@type\":\"SearchAction\",\"target\":{\"@type\":\"EntryPoint\",\"urlTemplate\":\"https:\/\/tecplan.com.es\/?s={search_term_string}\"},\"query-input\":{\"@type\":\"PropertyValueSpecification\",\"valueRequired\":true,\"valueName\":\"search_term_string\"}}],\"inLanguage\":\"en-US\"}]}<\/script>\n<!-- \/ Yoast SEO plugin. -->","yoast_head_json":{"title":"HEX S Router Gigabit de 6 puertos - Tecplan","robots":{"index":"index","follow":"follow","max-snippet":"max-snippet:-1","max-image-preview":"max-image-preview:large","max-video-preview":"max-video-preview:-1"},"canonical":"https:\/\/tecplan.com.es\/en\/product\/hex-s-router-gigabit-de-6-puertos\/","og_locale":"en_US","og_type":"article","og_title":"HEX S Router Gigabit de 6 puertos - Tecplan","og_description":"hEX S 5x Gigabit Ethernet, SFP, CPU de doble n\u00facleo de 880 MHz, 256 MB de RAM, USB, microSD, RouterOS L4, soporte de cifrado de hardware IPsec y paquete de servidor The Dude El dispositivo tiene un sistema operativo preinstalado y con licencia. No es necesaria ninguna compra por separado y el producto est\u00e1 listo para usar. El dispositivo incluye actualizaciones de software gratuitas durante la vida \u00fatil del producto o un m\u00ednimo de 5 a\u00f1os a partir de la fecha de compra. &nbsp;","og_url":"https:\/\/tecplan.com.es\/en\/product\/hex-s-router-gigabit-de-6-puertos\/","og_site_name":"Tecplan","article_modified_time":"2026-01-02T21:01:48+00:00","og_image":[{"width":1250,"height":1250,"url":"https:\/\/tecplan.com.es\/wp-content\/uploads\/2025\/12\/hEX-S_-1.jpg","type":"image\/jpeg"}],"twitter_card":"summary_large_image","twitter_misc":{"Est. reading time":"2 minutes"},"schema":{"@context":"https:\/\/schema.org","@graph":[{"@type":"WebPage","@id":"https:\/\/tecplan.com.es\/product\/hex-s-router-gigabit-de-6-puertos\/","url":"https:\/\/tecplan.com.es\/product\/hex-s-router-gigabit-de-6-puertos\/","name":"HEX S Router Gigabit de 6 puertos - Tecplan","isPartOf":{"@id":"https:\/\/tecplan.com.es\/#website"},"primaryImageOfPage":{"@id":"https:\/\/tecplan.com.es\/product\/hex-s-router-gigabit-de-6-puertos\/#primaryimage"},"image":{"@id":"https:\/\/tecplan.com.es\/product\/hex-s-router-gigabit-de-6-puertos\/#primaryimage"},"thumbnailUrl":"https:\/\/tecplan.com.es\/wp-content\/uploads\/2025\/12\/hEX-S_-1.jpg","datePublished":"2025-12-10T22:23:43+00:00","dateModified":"2026-01-02T21:01:48+00:00","breadcrumb":{"@id":"https:\/\/tecplan.com.es\/product\/hex-s-router-gigabit-de-6-puertos\/#breadcrumb"},"inLanguage":"en-US","potentialAction":[{"@type":"ReadAction","target":["https:\/\/tecplan.com.es\/product\/hex-s-router-gigabit-de-6-puertos\/"]}]},{"@type":"ImageObject","inLanguage":"en-US","@id":"https:\/\/tecplan.com.es\/product\/hex-s-router-gigabit-de-6-puertos\/#primaryimage","url":"https:\/\/tecplan.com.es\/wp-content\/uploads\/2025\/12\/hEX-S_-1.jpg","contentUrl":"https:\/\/tecplan.com.es\/wp-content\/uploads\/2025\/12\/hEX-S_-1.jpg","width":1250,"height":1250},{"@type":"BreadcrumbList","@id":"https:\/\/tecplan.com.es\/product\/hex-s-router-gigabit-de-6-puertos\/#breadcrumb","itemListElement":[{"@type":"ListItem","position":1,"name":"Home","item":"https:\/\/tecplan.com.es\/"},{"@type":"ListItem","position":2,"name":"Shop","item":"https:\/\/tecplan.com.es\/shop\/"},{"@type":"ListItem","position":3,"name":"HEX S Router Gigabit de 6 puertos"}]},{"@type":"WebSite","@id":"https:\/\/tecplan.com.es\/#website","url":"https:\/\/tecplan.com.es\/","name":"Tecplan","description":"","potentialAction":[{"@type":"SearchAction","target":{"@type":"EntryPoint","urlTemplate":"https:\/\/tecplan.com.es\/?s={search_term_string}"},"query-input":{"@type":"PropertyValueSpecification","valueRequired":true,"valueName":"search_term_string"}}],"inLanguage":"en-US"}]}},"_links":{"self":[{"href":"https:\/\/tecplan.com.es\/en\/wp-json\/wp\/v2\/product\/4761","targetHints":{"allow":["GET"]}}],"collection":[{"href":"https:\/\/tecplan.com.es\/en\/wp-json\/wp\/v2\/product"}],"about":[{"href":"https:\/\/tecplan.com.es\/en\/wp-json\/wp\/v2\/types\/product"}],"replies":[{"embeddable":true,"href":"https:\/\/tecplan.com.es\/en\/wp-json\/wp\/v2\/comments?post=4761"}],"version-history":[{"count":3,"href":"https:\/\/tecplan.com.es\/en\/wp-json\/wp\/v2\/product\/4761\/revisions"}],"predecessor-version":[{"id":4838,"href":"https:\/\/tecplan.com.es\/en\/wp-json\/wp\/v2\/product\/4761\/revisions\/4838"}],"wp:featuredmedia":[{"embeddable":true,"href":"https:\/\/tecplan.com.es\/en\/wp-json\/wp\/v2\/media\/4725"}],"wp:attachment":[{"href":"https:\/\/tecplan.com.es\/en\/wp-json\/wp\/v2\/media?parent=4761"}],"wp:term":[{"taxonomy":"product_brand","embeddable":true,"href":"https:\/\/tecplan.com.es\/en\/wp-json\/wp\/v2\/product_brand?post=4761"},{"taxonomy":"product_cat","embeddable":true,"href":"https:\/\/tecplan.com.es\/en\/wp-json\/wp\/v2\/product_cat?post=4761"},{"taxonomy":"product_tag","embeddable":true,"href":"https:\/\/tecplan.com.es\/en\/wp-json\/wp\/v2\/product_tag?post=4761"}],"curies":[{"name":"wp","href":"https:\/\/api.w.org\/{rel}","templated":true}]}}