{"id":4760,"date":"2025-12-10T22:23:43","date_gmt":"2025-12-10T22:23:43","guid":{"rendered":"https:\/\/tecplan.com.es\/product\/conmutador-crs354-48p-4s2qrm\/"},"modified":"2025-12-19T20:38:23","modified_gmt":"2025-12-19T20:38:23","slug":"conmutador-crs354-48p-4s2qrm","status":"publish","type":"product","link":"https:\/\/tecplan.com.es\/en\/product\/conmutador-crs354-48p-4s2qrm\/","title":{"rendered":"Conmutador CRS354-48P-4S+2Q+RM"},"content":{"rendered":"<p style=\"text-align: justify;\"><strong>CRS354-48P-4S+2Q+RM El campe\u00f3n de 48 puertos que estabas esperando<\/strong><\/p>\n<p style=\"text-align: justify;\">Si est\u00e1 buscando un \u00fanico conmutador que ponga su configuraci\u00f3n de red a la vanguardia y alimente todos los dispositivos necesarios \u2013 \u00a1no busque m\u00e1s! El nuevo CRS354-48P-4S+2Q+RM es una soluci\u00f3n de montaje en rack eficaz y adaptable para gestionar redes en los entornos m\u00e1s exigentes. A diferencia de muchos otros conmutadores que existen, nuestros productos est\u00e1n fabricados pensando en el administrador del sistema.<\/p>\n<p style=\"text-align: justify;\">Este potente conmutador tiene 48 puertos RJ45 x 1G y 4 puertos SFP+ x 10G. Tambi\u00e9n hay 2 puertos QSFP+ de 40G para conexiones de fibra extremadamente r\u00e1pidas o enlaces con otros dispositivos de 40 Gbps. Los 48 puertos Ethernet ofrecen diferentes opciones de salida de energ\u00eda: PoE pasivo, PoE de bajo voltaje, 802,3af\/at (Tipo 1 \u201cPoE\u201d \/ Tipo 2 \u201cPoE+\u201d) con detecci\u00f3n autom\u00e1tica, lo que hace que este interruptor sea la soluci\u00f3n m\u00e1s sencilla para alimentar incluso las configuraciones m\u00e1s grandes. Hemos incluido una potente fuente de alimentaci\u00f3n que puede proporcionar 750 W de potencia \u2013 este interruptor puede manejar mucho. Y hay un soporte especial para facilitar la gesti\u00f3n del cable.<\/p>\n<p style=\"text-align: justify;\">CRS354-48P-4S+2Q+RM es extremadamente funcional y tiene el mejor precio del mercado \u2013 ser\u00e1 el complemento perfecto para una configuraci\u00f3n profesional. El rendimiento total sin bloqueo es de 168 Gbps, la capacidad de conmutaci\u00f3n es de 336 Gbps y la velocidad de reenv\u00edo alcanza los 235 Mpps<\/p>\n<ul>\n<li style=\"text-align: justify;\">Product code CRS354-48P-4S+2Q+RM<\/li>\n<li style=\"text-align: justify;\">CPU nominal frequency 650 MHz<\/li>\n<li style=\"text-align: justify;\">Switch chip model 98DX3257<\/li>\n<li style=\"text-align: justify;\">Dimensions 443 x 382 x 44 mm<\/li>\n<li style=\"text-align: justify;\">RouterOS license 5<\/li>\n<\/ul>\n<p><strong>Operating System<\/strong><\/p>\n<ul>\n<li style=\"text-align: justify;\">RouterOS v7 \/ SwitchOS<\/li>\n<li style=\"text-align: justify;\">Size of RAM 128 MB<\/li>\n<li style=\"text-align: justify;\">Storage size 32 MB<\/li>\n<li style=\"text-align: justify;\">Storage type FLASH MTBF<\/li>\n<li style=\"text-align: justify;\">Approximately 200&#8217;000 hours at 25C<\/li>\n<li style=\"text-align: justify;\">Tested ambient temperature -20\u00b0C to 60\u00b0C<\/li>\n<li style=\"text-align: justify;\">Powering<\/li>\n<li style=\"text-align: justify;\">Number of AC inputs 1<\/li>\n<li style=\"text-align: justify;\">AC input range 100-240<\/li>\n<li style=\"text-align: justify;\">Number of PSU slots 1<\/li>\n<li style=\"text-align: justify;\">Frequency (Hz) 50-60<\/li>\n<li style=\"text-align: justify;\">Max power consumption 800 W<\/li>\n<li style=\"text-align: justify;\">Max power consumption without attachments 85 W<\/li>\n<li style=\"text-align: justify;\">Cooling type 4 fans<\/li>\n<li style=\"text-align: justify;\">Total output current 27A at 26V OR 13.2A at 53V<\/li>\n<li style=\"text-align: justify;\">Total output power 700W<\/li>\n<\/ul>\n<p>&nbsp;<\/p>","protected":false},"excerpt":{"rendered":"<p style=\"text-align: justify;\"><strong>Switch\/ Conmutador modelo CRS354-48P-4S+2Q+RM<\/strong><\/p>\n<p style=\"text-align: justify;\">Este potente conmutador tiene 48 puertos 1G RJ45 y 4 puertos 10G SFP+. Y 2 puertos x 40G QSFP+ para conexiones extremadamente de r\u00e1pidas fibra o enlaces con otros dispositivos de<br \/>\n40 Gbps.<\/p>\n<p><img decoding=\"async\" class=\"wp-image-2211 aligncenter\" src=\"https:\/\/tecplan.com.es\/wp-content\/uploads\/2025\/07\/2560px-MikroTik_logo-300x73.png\" alt=\"\" width=\"167\" height=\"47\" \/><\/p>","protected":false},"featured_media":4724,"comment_status":"open","ping_status":"closed","template":"","meta":{"site-sidebar-layout":"default","site-content-layout":"","ast-site-content-layout":"default","site-content-style":"default","site-sidebar-style":"default","ast-global-header-display":"","ast-banner-title-visibility":"","ast-main-header-display":"","ast-hfb-above-header-display":"","ast-hfb-below-header-display":"","ast-hfb-mobile-header-display":"","site-post-title":"","ast-breadcrumbs-content":"","ast-featured-img":"","footer-sml-layout":"","ast-disable-related-posts":"","theme-transparent-header-meta":"default","adv-header-id-meta":"","stick-header-meta":"","header-above-stick-meta":"","header-main-stick-meta":"","header-below-stick-meta":"","astra-migrate-meta-layouts":"set","ast-page-background-enabled":"default","ast-page-background-meta":{"desktop":{"background-color":"var(--ast-global-color-5)","background-image":"","background-repeat":"repeat","background-position":"center center","background-size":"auto","background-attachment":"scroll","background-type":"","background-media":"","overlay-type":"","overlay-color":"","overlay-opacity":"","overlay-gradient":""},"tablet":{"background-color":"","background-image":"","background-repeat":"repeat","background-position":"center center","background-size":"auto","background-attachment":"scroll","background-type":"","background-media":"","overlay-type":"","overlay-color":"","overlay-opacity":"","overlay-gradient":""},"mobile":{"background-color":"","background-image":"","background-repeat":"repeat","background-position":"center center","background-size":"auto","background-attachment":"scroll","background-type":"","background-media":"","overlay-type":"","overlay-color":"","overlay-opacity":"","overlay-gradient":""}},"ast-content-background-meta":{"desktop":{"background-color":"var(--ast-global-color-4)","background-image":"","background-repeat":"repeat","background-position":"center center","background-size":"auto","background-attachment":"scroll","background-type":"","background-media":"","overlay-type":"","overlay-color":"","overlay-opacity":"","overlay-gradient":""},"tablet":{"background-color":"var(--ast-global-color-4)","background-image":"","background-repeat":"repeat","background-position":"center center","background-size":"auto","background-attachment":"scroll","background-type":"","background-media":"","overlay-type":"","overlay-color":"","overlay-opacity":"","overlay-gradient":""},"mobile":{"background-color":"var(--ast-global-color-4)","background-image":"","background-repeat":"repeat","background-position":"center center","background-size":"auto","background-attachment":"scroll","background-type":"","background-media":"","overlay-type":"","overlay-color":"","overlay-opacity":"","overlay-gradient":""}}},"product_brand":[243],"product_cat":[125,96,128],"product_tag":[212],"class_list":{"0":"post-4760","1":"product","2":"type-product","3":"status-publish","4":"has-post-thumbnail","6":"product_brand-mikrotik","7":"product_cat-mikrotik","8":"product_cat-networking","9":"product_cat-switch-mikrotik","10":"product_tag-mikrotik","11":"desktop-align-left","12":"tablet-align-left","13":"mobile-align-left","15":"first","16":"instock","17":"shipping-taxable","18":"product-type-simple"},"yoast_head":"<!-- This site is optimized with the Yoast SEO plugin v25.3 - https:\/\/yoast.com\/wordpress\/plugins\/seo\/ -->\n<title>Conmutador CRS354-48P-4S+2Q+RM - Tecplan<\/title>\n<meta name=\"robots\" content=\"index, follow, max-snippet:-1, max-image-preview:large, max-video-preview:-1\" \/>\n<link rel=\"canonical\" href=\"https:\/\/tecplan.com.es\/en\/product\/conmutador-crs354-48p-4s2qrm\/\" \/>\n<meta property=\"og:locale\" content=\"en_US\" \/>\n<meta property=\"og:type\" content=\"article\" \/>\n<meta property=\"og:title\" content=\"Conmutador CRS354-48P-4S+2Q+RM - Tecplan\" \/>\n<meta property=\"og:description\" content=\"Switch\/ Conmutador modelo CRS354-48P-4S+2Q+RM Este potente conmutador tiene 48 puertos 1G RJ45 y 4 puertos 10G SFP+. Y 2 puertos x 40G QSFP+ para conexiones extremadamente de r\u00e1pidas fibra o enlaces con otros dispositivos de 40 Gbps.\" \/>\n<meta property=\"og:url\" content=\"https:\/\/tecplan.com.es\/en\/product\/conmutador-crs354-48p-4s2qrm\/\" \/>\n<meta property=\"og:site_name\" content=\"Tecplan\" \/>\n<meta property=\"article:modified_time\" content=\"2025-12-19T20:38:23+00:00\" \/>\n<meta property=\"og:image\" content=\"https:\/\/tecplan.com.es\/wp-content\/uploads\/2025\/12\/CRS354-48p_Mesa-de-trabajo-1.jpg\" \/>\n\t<meta property=\"og:image:width\" content=\"1250\" \/>\n\t<meta property=\"og:image:height\" content=\"1250\" \/>\n\t<meta property=\"og:image:type\" content=\"image\/jpeg\" \/>\n<meta name=\"twitter:card\" content=\"summary_large_image\" \/>\n<meta name=\"twitter:label1\" content=\"Est. reading time\" \/>\n\t<meta name=\"twitter:data1\" content=\"2 minutes\" \/>\n<script type=\"application\/ld+json\" class=\"yoast-schema-graph\">{\"@context\":\"https:\/\/schema.org\",\"@graph\":[{\"@type\":\"WebPage\",\"@id\":\"https:\/\/tecplan.com.es\/product\/conmutador-crs354-48p-4s2qrm\/\",\"url\":\"https:\/\/tecplan.com.es\/product\/conmutador-crs354-48p-4s2qrm\/\",\"name\":\"Conmutador CRS354-48P-4S+2Q+RM - Tecplan\",\"isPartOf\":{\"@id\":\"https:\/\/tecplan.com.es\/#website\"},\"primaryImageOfPage\":{\"@id\":\"https:\/\/tecplan.com.es\/product\/conmutador-crs354-48p-4s2qrm\/#primaryimage\"},\"image\":{\"@id\":\"https:\/\/tecplan.com.es\/product\/conmutador-crs354-48p-4s2qrm\/#primaryimage\"},\"thumbnailUrl\":\"https:\/\/tecplan.com.es\/wp-content\/uploads\/2025\/12\/CRS354-48p_Mesa-de-trabajo-1.jpg\",\"datePublished\":\"2025-12-10T22:23:43+00:00\",\"dateModified\":\"2025-12-19T20:38:23+00:00\",\"breadcrumb\":{\"@id\":\"https:\/\/tecplan.com.es\/product\/conmutador-crs354-48p-4s2qrm\/#breadcrumb\"},\"inLanguage\":\"en-US\",\"potentialAction\":[{\"@type\":\"ReadAction\",\"target\":[\"https:\/\/tecplan.com.es\/product\/conmutador-crs354-48p-4s2qrm\/\"]}]},{\"@type\":\"ImageObject\",\"inLanguage\":\"en-US\",\"@id\":\"https:\/\/tecplan.com.es\/product\/conmutador-crs354-48p-4s2qrm\/#primaryimage\",\"url\":\"https:\/\/tecplan.com.es\/wp-content\/uploads\/2025\/12\/CRS354-48p_Mesa-de-trabajo-1.jpg\",\"contentUrl\":\"https:\/\/tecplan.com.es\/wp-content\/uploads\/2025\/12\/CRS354-48p_Mesa-de-trabajo-1.jpg\",\"width\":1250,\"height\":1250},{\"@type\":\"BreadcrumbList\",\"@id\":\"https:\/\/tecplan.com.es\/product\/conmutador-crs354-48p-4s2qrm\/#breadcrumb\",\"itemListElement\":[{\"@type\":\"ListItem\",\"position\":1,\"name\":\"Home\",\"item\":\"https:\/\/tecplan.com.es\/\"},{\"@type\":\"ListItem\",\"position\":2,\"name\":\"Shop\",\"item\":\"https:\/\/tecplan.com.es\/shop\/\"},{\"@type\":\"ListItem\",\"position\":3,\"name\":\"Conmutador CRS354-48P-4S+2Q+RM\"}]},{\"@type\":\"WebSite\",\"@id\":\"https:\/\/tecplan.com.es\/#website\",\"url\":\"https:\/\/tecplan.com.es\/\",\"name\":\"Tecplan\",\"description\":\"\",\"potentialAction\":[{\"@type\":\"SearchAction\",\"target\":{\"@type\":\"EntryPoint\",\"urlTemplate\":\"https:\/\/tecplan.com.es\/?s={search_term_string}\"},\"query-input\":{\"@type\":\"PropertyValueSpecification\",\"valueRequired\":true,\"valueName\":\"search_term_string\"}}],\"inLanguage\":\"en-US\"}]}<\/script>\n<!-- \/ Yoast SEO plugin. -->","yoast_head_json":{"title":"Conmutador CRS354-48P-4S+2Q+RM - Tecplan","robots":{"index":"index","follow":"follow","max-snippet":"max-snippet:-1","max-image-preview":"max-image-preview:large","max-video-preview":"max-video-preview:-1"},"canonical":"https:\/\/tecplan.com.es\/en\/product\/conmutador-crs354-48p-4s2qrm\/","og_locale":"en_US","og_type":"article","og_title":"Conmutador CRS354-48P-4S+2Q+RM - Tecplan","og_description":"Switch\/ Conmutador modelo CRS354-48P-4S+2Q+RM Este potente conmutador tiene 48 puertos 1G RJ45 y 4 puertos 10G SFP+. Y 2 puertos x 40G QSFP+ para conexiones extremadamente de r\u00e1pidas fibra o enlaces con otros dispositivos de 40 Gbps.","og_url":"https:\/\/tecplan.com.es\/en\/product\/conmutador-crs354-48p-4s2qrm\/","og_site_name":"Tecplan","article_modified_time":"2025-12-19T20:38:23+00:00","og_image":[{"width":1250,"height":1250,"url":"https:\/\/tecplan.com.es\/wp-content\/uploads\/2025\/12\/CRS354-48p_Mesa-de-trabajo-1.jpg","type":"image\/jpeg"}],"twitter_card":"summary_large_image","twitter_misc":{"Est. reading time":"2 minutes"},"schema":{"@context":"https:\/\/schema.org","@graph":[{"@type":"WebPage","@id":"https:\/\/tecplan.com.es\/product\/conmutador-crs354-48p-4s2qrm\/","url":"https:\/\/tecplan.com.es\/product\/conmutador-crs354-48p-4s2qrm\/","name":"Conmutador CRS354-48P-4S+2Q+RM - Tecplan","isPartOf":{"@id":"https:\/\/tecplan.com.es\/#website"},"primaryImageOfPage":{"@id":"https:\/\/tecplan.com.es\/product\/conmutador-crs354-48p-4s2qrm\/#primaryimage"},"image":{"@id":"https:\/\/tecplan.com.es\/product\/conmutador-crs354-48p-4s2qrm\/#primaryimage"},"thumbnailUrl":"https:\/\/tecplan.com.es\/wp-content\/uploads\/2025\/12\/CRS354-48p_Mesa-de-trabajo-1.jpg","datePublished":"2025-12-10T22:23:43+00:00","dateModified":"2025-12-19T20:38:23+00:00","breadcrumb":{"@id":"https:\/\/tecplan.com.es\/product\/conmutador-crs354-48p-4s2qrm\/#breadcrumb"},"inLanguage":"en-US","potentialAction":[{"@type":"ReadAction","target":["https:\/\/tecplan.com.es\/product\/conmutador-crs354-48p-4s2qrm\/"]}]},{"@type":"ImageObject","inLanguage":"en-US","@id":"https:\/\/tecplan.com.es\/product\/conmutador-crs354-48p-4s2qrm\/#primaryimage","url":"https:\/\/tecplan.com.es\/wp-content\/uploads\/2025\/12\/CRS354-48p_Mesa-de-trabajo-1.jpg","contentUrl":"https:\/\/tecplan.com.es\/wp-content\/uploads\/2025\/12\/CRS354-48p_Mesa-de-trabajo-1.jpg","width":1250,"height":1250},{"@type":"BreadcrumbList","@id":"https:\/\/tecplan.com.es\/product\/conmutador-crs354-48p-4s2qrm\/#breadcrumb","itemListElement":[{"@type":"ListItem","position":1,"name":"Home","item":"https:\/\/tecplan.com.es\/"},{"@type":"ListItem","position":2,"name":"Shop","item":"https:\/\/tecplan.com.es\/shop\/"},{"@type":"ListItem","position":3,"name":"Conmutador CRS354-48P-4S+2Q+RM"}]},{"@type":"WebSite","@id":"https:\/\/tecplan.com.es\/#website","url":"https:\/\/tecplan.com.es\/","name":"Tecplan","description":"","potentialAction":[{"@type":"SearchAction","target":{"@type":"EntryPoint","urlTemplate":"https:\/\/tecplan.com.es\/?s={search_term_string}"},"query-input":{"@type":"PropertyValueSpecification","valueRequired":true,"valueName":"search_term_string"}}],"inLanguage":"en-US"}]}},"_links":{"self":[{"href":"https:\/\/tecplan.com.es\/en\/wp-json\/wp\/v2\/product\/4760","targetHints":{"allow":["GET"]}}],"collection":[{"href":"https:\/\/tecplan.com.es\/en\/wp-json\/wp\/v2\/product"}],"about":[{"href":"https:\/\/tecplan.com.es\/en\/wp-json\/wp\/v2\/types\/product"}],"replies":[{"embeddable":true,"href":"https:\/\/tecplan.com.es\/en\/wp-json\/wp\/v2\/comments?post=4760"}],"version-history":[{"count":2,"href":"https:\/\/tecplan.com.es\/en\/wp-json\/wp\/v2\/product\/4760\/revisions"}],"predecessor-version":[{"id":4837,"href":"https:\/\/tecplan.com.es\/en\/wp-json\/wp\/v2\/product\/4760\/revisions\/4837"}],"wp:featuredmedia":[{"embeddable":true,"href":"https:\/\/tecplan.com.es\/en\/wp-json\/wp\/v2\/media\/4724"}],"wp:attachment":[{"href":"https:\/\/tecplan.com.es\/en\/wp-json\/wp\/v2\/media?parent=4760"}],"wp:term":[{"taxonomy":"product_brand","embeddable":true,"href":"https:\/\/tecplan.com.es\/en\/wp-json\/wp\/v2\/product_brand?post=4760"},{"taxonomy":"product_cat","embeddable":true,"href":"https:\/\/tecplan.com.es\/en\/wp-json\/wp\/v2\/product_cat?post=4760"},{"taxonomy":"product_tag","embeddable":true,"href":"https:\/\/tecplan.com.es\/en\/wp-json\/wp\/v2\/product_tag?post=4760"}],"curies":[{"name":"wp","href":"https:\/\/api.w.org\/{rel}","templated":true}]}}