{"id":4714,"date":"2025-12-03T22:37:10","date_gmt":"2025-12-03T22:37:10","guid":{"rendered":"https:\/\/tecplan.com.es\/product\/epmp-force-180\/"},"modified":"2025-12-16T23:01:03","modified_gmt":"2025-12-16T23:01:03","slug":"epmp-force-180","status":"publish","type":"product","link":"https:\/\/tecplan.com.es\/en\/product\/epmp-force-180\/","title":{"rendered":"ePMP\u2122 FORCE 180"},"content":{"rendered":"<p style=\"text-align: justify;\"><strong>Fuerza ePMP 180<\/strong><br \/>\nEl m\u00f3dulo de abonado ePMP\u2122 Force 180 de 5 GHz es la pr\u00f3xima generaci\u00f3n de la radio integrada ePMP de 5 GHz y ofrece una antena de parche integrada de 16 dBi y mayor ganancia.<br \/>\nLa instalaci\u00f3n y alineaci\u00f3n son f\u00e1ciles con el soporte de montaje ajustable, y el Force 180 es peque\u00f1o, elegante y est\u00e1 equipado con un puerto Gigabit Ethernet para ofrecer el m\u00e1ximo rendimiento.<\/p>\n<p style=\"text-align: justify;\">El ePMP Force 180 es la segunda generaci\u00f3n de m\u00f3dulos de radio integrados ePMP. Tiene la confiabilidad y calidad excepcionales que los usuarios esperan de la l\u00ednea de productos ePMP y agrega algunas mejoras significativas en el rendimiento.<\/p>\n<p style=\"text-align: justify;\">Esta radio viene en un formato peque\u00f1o y elegante, pero ofrece un alto rendimiento. La ganancia de la antena aumenta de 3 dB a 16 dBi, lo que proporcionar\u00e1 un aumento del 40% en el alcance. Viene equipado con un puerto Gigabit Ethernet para que nada limite este producto a ofrecer el m\u00e1ximo rendimiento. El m\u00f3dulo de radio est\u00e1 alimentado por PoE y el puerto Ethernet tiene la capacidad \u00fanica de ser alimentado desde un inyector PoE que cumple con los pines est\u00e1ndar o desde un inyector PoE que cumple con los pines Cambium. Esto permite actualizar las ubicaciones de radio existentes al Force 180 sin cambiar el inyector PoE. Tambi\u00e9n incluye un soporte de montaje ajustable que facilita la tarea de instalar y alinear correctamente la radio.<\/p>\n<h5 style=\"text-align: justify;\"><span style=\"text-decoration: underline;\"><strong>DOWNLOADS<\/strong><\/span><\/h5>\n<ul style=\"text-align: justify;\">\n<li>\u2192\u00a0 <a href=\"https:\/\/drive.google.com\/file\/d\/1Jw25DHlXW04Ffe3Ko29dqAAZjHQD6z_Z\/view?usp=sharin\">Ficha t\u00e9cnica Espa\u00f1ol<\/a><\/li>\n<\/ul>\n<p>&nbsp;<\/p>","protected":false},"excerpt":{"rendered":"<p style=\"text-align: justify;\">La instalaci\u00f3n y la alineaci\u00f3n son f\u00e1ciles con el soporte de montaje ajustable, y la Force 180 es peque\u00f1a, elegante y est\u00e1 equipada con un puerto Gigabit Ethernet para brindar el m\u00e1ximo rendimiento.<\/p>\n<p style=\"text-align: justify;\">VLAN 802.1Q con prioridad 802.1p.<\/p>\n<p><img decoding=\"async\" class=\"wp-image-2261 aligncenter\" src=\"https:\/\/tecplan.com.es\/wp-content\/uploads\/2025\/07\/cambium_category__18006.original-300x131.png\" alt=\"\" width=\"174\" height=\"76\" srcset=\"https:\/\/tecplan.com.es\/wp-content\/uploads\/2025\/07\/cambium_category__18006.original-300x131.png 300w, https:\/\/tecplan.com.es\/wp-content\/uploads\/2025\/07\/cambium_category__18006.original-18x8.png 18w, https:\/\/tecplan.com.es\/wp-content\/uploads\/2025\/07\/cambium_category__18006.original.png 430w\" sizes=\"(max-width: 174px) 100vw, 174px\" \/><\/p>","protected":false},"featured_media":4704,"comment_status":"open","ping_status":"closed","template":"","meta":{"site-sidebar-layout":"default","site-content-layout":"","ast-site-content-layout":"default","site-content-style":"default","site-sidebar-style":"default","ast-global-header-display":"","ast-banner-title-visibility":"","ast-main-header-display":"","ast-hfb-above-header-display":"","ast-hfb-below-header-display":"","ast-hfb-mobile-header-display":"","site-post-title":"","ast-breadcrumbs-content":"","ast-featured-img":"","footer-sml-layout":"","ast-disable-related-posts":"","theme-transparent-header-meta":"default","adv-header-id-meta":"","stick-header-meta":"","header-above-stick-meta":"","header-main-stick-meta":"","header-below-stick-meta":"","astra-migrate-meta-layouts":"set","ast-page-background-enabled":"default","ast-page-background-meta":{"desktop":{"background-color":"var(--ast-global-color-5)","background-image":"","background-repeat":"repeat","background-position":"center center","background-size":"auto","background-attachment":"scroll","background-type":"","background-media":"","overlay-type":"","overlay-color":"","overlay-opacity":"","overlay-gradient":""},"tablet":{"background-color":"","background-image":"","background-repeat":"repeat","background-position":"center center","background-size":"auto","background-attachment":"scroll","background-type":"","background-media":"","overlay-type":"","overlay-color":"","overlay-opacity":"","overlay-gradient":""},"mobile":{"background-color":"","background-image":"","background-repeat":"repeat","background-position":"center center","background-size":"auto","background-attachment":"scroll","background-type":"","background-media":"","overlay-type":"","overlay-color":"","overlay-opacity":"","overlay-gradient":""}},"ast-content-background-meta":{"desktop":{"background-color":"var(--ast-global-color-4)","background-image":"","background-repeat":"repeat","background-position":"center center","background-size":"auto","background-attachment":"scroll","background-type":"","background-media":"","overlay-type":"","overlay-color":"","overlay-opacity":"","overlay-gradient":""},"tablet":{"background-color":"var(--ast-global-color-4)","background-image":"","background-repeat":"repeat","background-position":"center center","background-size":"auto","background-attachment":"scroll","background-type":"","background-media":"","overlay-type":"","overlay-color":"","overlay-opacity":"","overlay-gradient":""},"mobile":{"background-color":"var(--ast-global-color-4)","background-image":"","background-repeat":"repeat","background-position":"center center","background-size":"auto","background-attachment":"scroll","background-type":"","background-media":"","overlay-type":"","overlay-color":"","overlay-opacity":"","overlay-gradient":""}}},"product_brand":[245],"product_cat":[134,135,96],"product_tag":[210],"class_list":{"0":"post-4714","1":"product","2":"type-product","3":"status-publish","4":"has-post-thumbnail","6":"product_brand-cambium-networks","7":"product_cat-cambium-networks","8":"product_cat-enlace-punto-multi-punto-cambium-networks","9":"product_cat-networking","10":"product_tag-cambium-networks","11":"desktop-align-left","12":"tablet-align-left","13":"mobile-align-left","15":"first","16":"instock","17":"shipping-taxable","18":"product-type-simple"},"yoast_head":"<!-- This site is optimized with the Yoast SEO plugin v25.3 - https:\/\/yoast.com\/wordpress\/plugins\/seo\/ -->\n<title>ePMP\u2122 FORCE 180 - Tecplan<\/title>\n<meta name=\"robots\" content=\"index, follow, max-snippet:-1, max-image-preview:large, max-video-preview:-1\" \/>\n<link rel=\"canonical\" href=\"https:\/\/tecplan.com.es\/en\/product\/epmp-force-180\/\" \/>\n<meta property=\"og:locale\" content=\"en_US\" \/>\n<meta property=\"og:type\" content=\"article\" \/>\n<meta property=\"og:title\" content=\"ePMP\u2122 FORCE 180 - Tecplan\" \/>\n<meta property=\"og:description\" content=\"La instalaci\u00f3n y la alineaci\u00f3n son f\u00e1ciles con el soporte de montaje ajustable, y la Force 180 es peque\u00f1a, elegante y est\u00e1 equipada con un puerto Gigabit Ethernet para brindar el m\u00e1ximo rendimiento. VLAN 802.1Q con prioridad 802.1p.\" \/>\n<meta property=\"og:url\" content=\"https:\/\/tecplan.com.es\/en\/product\/epmp-force-180\/\" \/>\n<meta property=\"og:site_name\" content=\"Tecplan\" \/>\n<meta property=\"article:modified_time\" content=\"2025-12-16T23:01:03+00:00\" \/>\n<meta property=\"og:image\" content=\"https:\/\/tecplan.com.es\/wp-content\/uploads\/2025\/12\/156322-1600-auto.webp\" \/>\n\t<meta property=\"og:image:width\" content=\"1000\" \/>\n\t<meta property=\"og:image:height\" content=\"1000\" \/>\n\t<meta property=\"og:image:type\" content=\"image\/webp\" \/>\n<meta name=\"twitter:card\" content=\"summary_large_image\" \/>\n<meta name=\"twitter:label1\" content=\"Est. reading time\" \/>\n\t<meta name=\"twitter:data1\" content=\"2 minutes\" \/>\n<script type=\"application\/ld+json\" class=\"yoast-schema-graph\">{\"@context\":\"https:\/\/schema.org\",\"@graph\":[{\"@type\":\"WebPage\",\"@id\":\"https:\/\/tecplan.com.es\/product\/epmp-force-180\/\",\"url\":\"https:\/\/tecplan.com.es\/product\/epmp-force-180\/\",\"name\":\"ePMP\u2122 FORCE 180 - Tecplan\",\"isPartOf\":{\"@id\":\"https:\/\/tecplan.com.es\/#website\"},\"primaryImageOfPage\":{\"@id\":\"https:\/\/tecplan.com.es\/product\/epmp-force-180\/#primaryimage\"},\"image\":{\"@id\":\"https:\/\/tecplan.com.es\/product\/epmp-force-180\/#primaryimage\"},\"thumbnailUrl\":\"https:\/\/tecplan.com.es\/wp-content\/uploads\/2025\/12\/156322-1600-auto.webp\",\"datePublished\":\"2025-12-03T22:37:10+00:00\",\"dateModified\":\"2025-12-16T23:01:03+00:00\",\"breadcrumb\":{\"@id\":\"https:\/\/tecplan.com.es\/product\/epmp-force-180\/#breadcrumb\"},\"inLanguage\":\"en-US\",\"potentialAction\":[{\"@type\":\"ReadAction\",\"target\":[\"https:\/\/tecplan.com.es\/product\/epmp-force-180\/\"]}]},{\"@type\":\"ImageObject\",\"inLanguage\":\"en-US\",\"@id\":\"https:\/\/tecplan.com.es\/product\/epmp-force-180\/#primaryimage\",\"url\":\"https:\/\/tecplan.com.es\/wp-content\/uploads\/2025\/12\/156322-1600-auto.webp\",\"contentUrl\":\"https:\/\/tecplan.com.es\/wp-content\/uploads\/2025\/12\/156322-1600-auto.webp\",\"width\":1000,\"height\":1000},{\"@type\":\"BreadcrumbList\",\"@id\":\"https:\/\/tecplan.com.es\/product\/epmp-force-180\/#breadcrumb\",\"itemListElement\":[{\"@type\":\"ListItem\",\"position\":1,\"name\":\"Home\",\"item\":\"https:\/\/tecplan.com.es\/\"},{\"@type\":\"ListItem\",\"position\":2,\"name\":\"Shop\",\"item\":\"https:\/\/tecplan.com.es\/shop\/\"},{\"@type\":\"ListItem\",\"position\":3,\"name\":\"ePMP\u2122 FORCE 180\"}]},{\"@type\":\"WebSite\",\"@id\":\"https:\/\/tecplan.com.es\/#website\",\"url\":\"https:\/\/tecplan.com.es\/\",\"name\":\"Tecplan\",\"description\":\"\",\"potentialAction\":[{\"@type\":\"SearchAction\",\"target\":{\"@type\":\"EntryPoint\",\"urlTemplate\":\"https:\/\/tecplan.com.es\/?s={search_term_string}\"},\"query-input\":{\"@type\":\"PropertyValueSpecification\",\"valueRequired\":true,\"valueName\":\"search_term_string\"}}],\"inLanguage\":\"en-US\"}]}<\/script>\n<!-- \/ Yoast SEO plugin. -->","yoast_head_json":{"title":"ePMP\u2122 FORCE 180 - Tecplan","robots":{"index":"index","follow":"follow","max-snippet":"max-snippet:-1","max-image-preview":"max-image-preview:large","max-video-preview":"max-video-preview:-1"},"canonical":"https:\/\/tecplan.com.es\/en\/product\/epmp-force-180\/","og_locale":"en_US","og_type":"article","og_title":"ePMP\u2122 FORCE 180 - Tecplan","og_description":"La instalaci\u00f3n y la alineaci\u00f3n son f\u00e1ciles con el soporte de montaje ajustable, y la Force 180 es peque\u00f1a, elegante y est\u00e1 equipada con un puerto Gigabit Ethernet para brindar el m\u00e1ximo rendimiento. VLAN 802.1Q con prioridad 802.1p.","og_url":"https:\/\/tecplan.com.es\/en\/product\/epmp-force-180\/","og_site_name":"Tecplan","article_modified_time":"2025-12-16T23:01:03+00:00","og_image":[{"width":1000,"height":1000,"url":"https:\/\/tecplan.com.es\/wp-content\/uploads\/2025\/12\/156322-1600-auto.webp","type":"image\/webp"}],"twitter_card":"summary_large_image","twitter_misc":{"Est. reading time":"2 minutes"},"schema":{"@context":"https:\/\/schema.org","@graph":[{"@type":"WebPage","@id":"https:\/\/tecplan.com.es\/product\/epmp-force-180\/","url":"https:\/\/tecplan.com.es\/product\/epmp-force-180\/","name":"ePMP\u2122 FORCE 180 - Tecplan","isPartOf":{"@id":"https:\/\/tecplan.com.es\/#website"},"primaryImageOfPage":{"@id":"https:\/\/tecplan.com.es\/product\/epmp-force-180\/#primaryimage"},"image":{"@id":"https:\/\/tecplan.com.es\/product\/epmp-force-180\/#primaryimage"},"thumbnailUrl":"https:\/\/tecplan.com.es\/wp-content\/uploads\/2025\/12\/156322-1600-auto.webp","datePublished":"2025-12-03T22:37:10+00:00","dateModified":"2025-12-16T23:01:03+00:00","breadcrumb":{"@id":"https:\/\/tecplan.com.es\/product\/epmp-force-180\/#breadcrumb"},"inLanguage":"en-US","potentialAction":[{"@type":"ReadAction","target":["https:\/\/tecplan.com.es\/product\/epmp-force-180\/"]}]},{"@type":"ImageObject","inLanguage":"en-US","@id":"https:\/\/tecplan.com.es\/product\/epmp-force-180\/#primaryimage","url":"https:\/\/tecplan.com.es\/wp-content\/uploads\/2025\/12\/156322-1600-auto.webp","contentUrl":"https:\/\/tecplan.com.es\/wp-content\/uploads\/2025\/12\/156322-1600-auto.webp","width":1000,"height":1000},{"@type":"BreadcrumbList","@id":"https:\/\/tecplan.com.es\/product\/epmp-force-180\/#breadcrumb","itemListElement":[{"@type":"ListItem","position":1,"name":"Home","item":"https:\/\/tecplan.com.es\/"},{"@type":"ListItem","position":2,"name":"Shop","item":"https:\/\/tecplan.com.es\/shop\/"},{"@type":"ListItem","position":3,"name":"ePMP\u2122 FORCE 180"}]},{"@type":"WebSite","@id":"https:\/\/tecplan.com.es\/#website","url":"https:\/\/tecplan.com.es\/","name":"Tecplan","description":"","potentialAction":[{"@type":"SearchAction","target":{"@type":"EntryPoint","urlTemplate":"https:\/\/tecplan.com.es\/?s={search_term_string}"},"query-input":{"@type":"PropertyValueSpecification","valueRequired":true,"valueName":"search_term_string"}}],"inLanguage":"en-US"}]}},"_links":{"self":[{"href":"https:\/\/tecplan.com.es\/en\/wp-json\/wp\/v2\/product\/4714","targetHints":{"allow":["GET"]}}],"collection":[{"href":"https:\/\/tecplan.com.es\/en\/wp-json\/wp\/v2\/product"}],"about":[{"href":"https:\/\/tecplan.com.es\/en\/wp-json\/wp\/v2\/types\/product"}],"replies":[{"embeddable":true,"href":"https:\/\/tecplan.com.es\/en\/wp-json\/wp\/v2\/comments?post=4714"}],"version-history":[{"count":3,"href":"https:\/\/tecplan.com.es\/en\/wp-json\/wp\/v2\/product\/4714\/revisions"}],"predecessor-version":[{"id":4787,"href":"https:\/\/tecplan.com.es\/en\/wp-json\/wp\/v2\/product\/4714\/revisions\/4787"}],"wp:featuredmedia":[{"embeddable":true,"href":"https:\/\/tecplan.com.es\/en\/wp-json\/wp\/v2\/media\/4704"}],"wp:attachment":[{"href":"https:\/\/tecplan.com.es\/en\/wp-json\/wp\/v2\/media?parent=4714"}],"wp:term":[{"taxonomy":"product_brand","embeddable":true,"href":"https:\/\/tecplan.com.es\/en\/wp-json\/wp\/v2\/product_brand?post=4714"},{"taxonomy":"product_cat","embeddable":true,"href":"https:\/\/tecplan.com.es\/en\/wp-json\/wp\/v2\/product_cat?post=4714"},{"taxonomy":"product_tag","embeddable":true,"href":"https:\/\/tecplan.com.es\/en\/wp-json\/wp\/v2\/product_tag?post=4714"}],"curies":[{"name":"wp","href":"https:\/\/api.w.org\/{rel}","templated":true}]}}