{"id":4713,"date":"2025-12-03T22:37:10","date_gmt":"2025-12-03T22:37:10","guid":{"rendered":"https:\/\/tecplan.com.es\/product\/airmax-lite-ap-gps\/"},"modified":"2025-12-17T19:50:26","modified_gmt":"2025-12-17T19:50:26","slug":"airmax-lite-ap-gps","status":"publish","type":"product","link":"https:\/\/tecplan.com.es\/en\/product\/airmax-lite-ap-gps\/","title":{"rendered":"AirMAX Lite AP GPS"},"content":{"rendered":"<p style=\"text-align: justify;\"><strong>Ubiquiti LAP-GPS UISP airMAX Lite AC AP 5GHz GPS Access Point<\/strong><\/p>\n<p style=\"text-align: justify;\"><strong>PRODUCT SPECIFICATIONS<\/strong><br \/>\nPowerful and affordable 5 GHz sector access point. GPS synchronized units provide up to 450+ Mbps data throughput.<\/p>\n<p style=\"text-align: justify;\">Introducing the airMAX\u00ae LiteAP\u2122 AC, the latest high-performance access point with disruptive pricing from Ubiquiti. Featuring an ultra-lightweight form factor, the LiteAP AC was designed to be an affordable cost\/performance solution for long-distance, wireless broadband bridging.<\/p>\n<ul>\n<li style=\"text-align: justify;\">Integrated 5 GHz antenna, 12+ km link range<\/li>\n<li style=\"text-align: justify;\">450+ Mbps throughput<\/li>\n<li style=\"text-align: justify;\">50+ client capacity<\/li>\n<li style=\"text-align: justify;\">Dedicated spectral analysis radio<\/li>\n<li style=\"text-align: justify;\">Integrated GPS sync<\/li>\n<li style=\"text-align: justify;\">Compatibilities<\/li>\n<li style=\"text-align: justify;\">Iversion <span style=\"font-size: 16px;\">LAP-GPS<\/span><\/li>\n<\/ul>\n<p><strong>Technical Description Mechanical<\/strong><\/p>\n<ul>\n<li style=\"text-align: justify;\">Dimensions: 361 x 124.6 x 71.3 mm (14.2 x 4.9 x 2.8&#8243;)<\/li>\n<li style=\"text-align: justify;\">Weight: 752 g (1.66 lb)<\/li>\n<li style=\"text-align: justify;\">Wind survivability: 200 km\/h (125 mph)<\/li>\n<li style=\"text-align: justify;\">Wind loading: 77 N at 200 km\/h (17.3 lbf at 125 mph)<\/li>\n<\/ul>\n<p><strong>Hardware<\/strong><\/p>\n<ul>\n<li style=\"text-align: justify;\">Networking interface: (1) GbE RJ45 port<\/li>\n<li style=\"text-align: justify;\">Power method: Passive PoE (pairs 4, 5+; 7, 8 return)<\/li>\n<li style=\"text-align: justify;\">Power supply: 24V, 0.3A Gigabit PoE adapter (Included)<\/li>\n<li style=\"text-align: justify;\">Supported voltage range: 20\u201426V DC<\/li>\n<li style=\"text-align: justify;\">Max. power consumption: 7.1W<\/li>\n<li style=\"text-align: justify;\">Max. TX power: 25 dBm<\/li>\n<li style=\"text-align: justify;\">Antenna gain: 17 dBi<\/li>\n<li style=\"text-align: justify;\">ESD\/EMP protection: Air\/contact \u00b1 24kV<\/li>\n<li style=\"text-align: justify;\">Shock and vibrations: ETSI300-019-1.4<\/li>\n<li style=\"text-align: justify;\">Operating temperature: -40 to 70\u00b0 C (-40 to 158\u00b0 F)<\/li>\n<li style=\"text-align: justify;\">Operating humidity: 5 to 95% noncondensing<\/li>\n<li style=\"text-align: justify;\">Certifications: CE, FCC, IC<\/li>\n<li style=\"text-align: justify;\">Operating Frequency (MHz)<\/li>\n<\/ul>\n<p><strong>USA<\/strong><\/p>\n<ul>\n<li style=\"text-align: justify;\">U-NII-1 5150 &#8211; 5250 MHz<\/li>\n<li style=\"text-align: justify;\">U-NII-3 5725 &#8211; 5850 MHz<\/li>\n<li style=\"text-align: justify;\">Management Radio (MHz)<\/li>\n<li style=\"text-align: justify;\">USA 2412 &#8211; 2462 MHz<\/li>\n<\/ul>\n<h5 style=\"text-align: justify;\"><span style=\"text-decoration: underline;\"><strong>DOWNLOADS<\/strong><\/span><\/h5>\n<ul style=\"text-align: justify;\">\n<li>\u2192\u00a0 <a href=\"https:\/\/drive.google.com\/file\/d\/1gJbkWurqWmNGEort00-B8JRTj0bT7nJl\/view?usp=sharing\">Technical sheet <\/a><\/li>\n<\/ul>\n<p>&nbsp;<\/p>","protected":false},"excerpt":{"rendered":"<p style=\"text-align: justify;\"><strong>Lite AP 5 GHz airMAX\u00ae AC AP Models: LAP-120, LAP-GPS.<\/strong><br \/>\nCombina tecnolog\u00edas de hardware y software patentadas para ofrecer su innovadora combinaci\u00f3n de rendimiento y rango con un valor rentable El lap-gps integra una radio Wi-Fi<br \/>\nseparada para una configuraci\u00f3n r\u00e1pida y f\u00e1cil.<\/p>\n<p><img decoding=\"async\" class=\"wp-image-3330 aligncenter\" src=\"https:\/\/tecplan.com.es\/wp-content\/uploads\/2025\/09\/Ubiquiti_Networks-300x200.png\" alt=\"\" width=\"217\" height=\"156\" \/><\/p>","protected":false},"featured_media":4703,"comment_status":"open","ping_status":"closed","template":"","meta":{"site-sidebar-layout":"default","site-content-layout":"","ast-site-content-layout":"default","site-content-style":"default","site-sidebar-style":"default","ast-global-header-display":"","ast-banner-title-visibility":"","ast-main-header-display":"","ast-hfb-above-header-display":"","ast-hfb-below-header-display":"","ast-hfb-mobile-header-display":"","site-post-title":"","ast-breadcrumbs-content":"","ast-featured-img":"","footer-sml-layout":"","ast-disable-related-posts":"","theme-transparent-header-meta":"default","adv-header-id-meta":"","stick-header-meta":"","header-above-stick-meta":"","header-main-stick-meta":"","header-below-stick-meta":"","astra-migrate-meta-layouts":"set","ast-page-background-enabled":"default","ast-page-background-meta":{"desktop":{"background-color":"var(--ast-global-color-5)","background-image":"","background-repeat":"repeat","background-position":"center center","background-size":"auto","background-attachment":"scroll","background-type":"","background-media":"","overlay-type":"","overlay-color":"","overlay-opacity":"","overlay-gradient":""},"tablet":{"background-color":"","background-image":"","background-repeat":"repeat","background-position":"center center","background-size":"auto","background-attachment":"scroll","background-type":"","background-media":"","overlay-type":"","overlay-color":"","overlay-opacity":"","overlay-gradient":""},"mobile":{"background-color":"","background-image":"","background-repeat":"repeat","background-position":"center center","background-size":"auto","background-attachment":"scroll","background-type":"","background-media":"","overlay-type":"","overlay-color":"","overlay-opacity":"","overlay-gradient":""}},"ast-content-background-meta":{"desktop":{"background-color":"var(--ast-global-color-4)","background-image":"","background-repeat":"repeat","background-position":"center center","background-size":"auto","background-attachment":"scroll","background-type":"","background-media":"","overlay-type":"","overlay-color":"","overlay-opacity":"","overlay-gradient":""},"tablet":{"background-color":"var(--ast-global-color-4)","background-image":"","background-repeat":"repeat","background-position":"center center","background-size":"auto","background-attachment":"scroll","background-type":"","background-media":"","overlay-type":"","overlay-color":"","overlay-opacity":"","overlay-gradient":""},"mobile":{"background-color":"var(--ast-global-color-4)","background-image":"","background-repeat":"repeat","background-position":"center center","background-size":"auto","background-attachment":"scroll","background-type":"","background-media":"","overlay-type":"","overlay-color":"","overlay-opacity":"","overlay-gradient":""}}},"product_brand":[247],"product_cat":[114,96,111],"product_tag":[248],"class_list":{"0":"post-4713","1":"product","2":"type-product","3":"status-publish","4":"has-post-thumbnail","6":"product_brand-ubiquiti-networks","7":"product_cat-access-point","8":"product_cat-networking","9":"product_cat-ubiquiti","10":"product_tag-ubiquiti-networks","11":"desktop-align-left","12":"tablet-align-left","13":"mobile-align-left","15":"first","16":"instock","17":"shipping-taxable","18":"product-type-simple"},"yoast_head":"<!-- This site is optimized with the Yoast SEO plugin v25.3 - https:\/\/yoast.com\/wordpress\/plugins\/seo\/ -->\n<title>AirMAX Lite AP GPS - Tecplan<\/title>\n<meta name=\"robots\" content=\"index, follow, max-snippet:-1, max-image-preview:large, max-video-preview:-1\" \/>\n<link rel=\"canonical\" href=\"https:\/\/tecplan.com.es\/en\/product\/airmax-lite-ap-gps\/\" \/>\n<meta property=\"og:locale\" content=\"en_US\" \/>\n<meta property=\"og:type\" content=\"article\" \/>\n<meta property=\"og:title\" content=\"AirMAX Lite AP GPS - Tecplan\" \/>\n<meta property=\"og:description\" content=\"Lite AP 5 GHz airMAX\u00ae AC AP Models: LAP-120, LAP-GPS. Combina tecnolog\u00edas de hardware y software patentadas para ofrecer su innovadora combinaci\u00f3n de rendimiento y rango con un valor rentable El lap-gps integra una radio Wi-Fi separada para una configuraci\u00f3n r\u00e1pida y f\u00e1cil.\" \/>\n<meta property=\"og:url\" content=\"https:\/\/tecplan.com.es\/en\/product\/airmax-lite-ap-gps\/\" \/>\n<meta property=\"og:site_name\" content=\"Tecplan\" \/>\n<meta property=\"article:modified_time\" content=\"2025-12-17T19:50:26+00:00\" \/>\n<meta property=\"og:image\" content=\"https:\/\/tecplan.com.es\/wp-content\/uploads\/2025\/12\/LAP-GPS_back-2.jpg\" \/>\n\t<meta property=\"og:image:width\" content=\"1280\" \/>\n\t<meta property=\"og:image:height\" content=\"1280\" \/>\n\t<meta property=\"og:image:type\" content=\"image\/jpeg\" \/>\n<meta name=\"twitter:card\" content=\"summary_large_image\" \/>\n<meta name=\"twitter:label1\" content=\"Est. reading time\" \/>\n\t<meta name=\"twitter:data1\" content=\"2 minutes\" \/>\n<script type=\"application\/ld+json\" class=\"yoast-schema-graph\">{\"@context\":\"https:\/\/schema.org\",\"@graph\":[{\"@type\":\"WebPage\",\"@id\":\"https:\/\/tecplan.com.es\/product\/airmax-lite-ap-gps\/\",\"url\":\"https:\/\/tecplan.com.es\/product\/airmax-lite-ap-gps\/\",\"name\":\"AirMAX Lite AP GPS - Tecplan\",\"isPartOf\":{\"@id\":\"https:\/\/tecplan.com.es\/#website\"},\"primaryImageOfPage\":{\"@id\":\"https:\/\/tecplan.com.es\/product\/airmax-lite-ap-gps\/#primaryimage\"},\"image\":{\"@id\":\"https:\/\/tecplan.com.es\/product\/airmax-lite-ap-gps\/#primaryimage\"},\"thumbnailUrl\":\"https:\/\/tecplan.com.es\/wp-content\/uploads\/2025\/12\/LAP-GPS_back-2.jpg\",\"datePublished\":\"2025-12-03T22:37:10+00:00\",\"dateModified\":\"2025-12-17T19:50:26+00:00\",\"breadcrumb\":{\"@id\":\"https:\/\/tecplan.com.es\/product\/airmax-lite-ap-gps\/#breadcrumb\"},\"inLanguage\":\"en-US\",\"potentialAction\":[{\"@type\":\"ReadAction\",\"target\":[\"https:\/\/tecplan.com.es\/product\/airmax-lite-ap-gps\/\"]}]},{\"@type\":\"ImageObject\",\"inLanguage\":\"en-US\",\"@id\":\"https:\/\/tecplan.com.es\/product\/airmax-lite-ap-gps\/#primaryimage\",\"url\":\"https:\/\/tecplan.com.es\/wp-content\/uploads\/2025\/12\/LAP-GPS_back-2.jpg\",\"contentUrl\":\"https:\/\/tecplan.com.es\/wp-content\/uploads\/2025\/12\/LAP-GPS_back-2.jpg\",\"width\":1280,\"height\":1280},{\"@type\":\"BreadcrumbList\",\"@id\":\"https:\/\/tecplan.com.es\/product\/airmax-lite-ap-gps\/#breadcrumb\",\"itemListElement\":[{\"@type\":\"ListItem\",\"position\":1,\"name\":\"Home\",\"item\":\"https:\/\/tecplan.com.es\/\"},{\"@type\":\"ListItem\",\"position\":2,\"name\":\"Shop\",\"item\":\"https:\/\/tecplan.com.es\/shop\/\"},{\"@type\":\"ListItem\",\"position\":3,\"name\":\"AirMAX Lite AP GPS\"}]},{\"@type\":\"WebSite\",\"@id\":\"https:\/\/tecplan.com.es\/#website\",\"url\":\"https:\/\/tecplan.com.es\/\",\"name\":\"Tecplan\",\"description\":\"\",\"potentialAction\":[{\"@type\":\"SearchAction\",\"target\":{\"@type\":\"EntryPoint\",\"urlTemplate\":\"https:\/\/tecplan.com.es\/?s={search_term_string}\"},\"query-input\":{\"@type\":\"PropertyValueSpecification\",\"valueRequired\":true,\"valueName\":\"search_term_string\"}}],\"inLanguage\":\"en-US\"}]}<\/script>\n<!-- \/ Yoast SEO plugin. -->","yoast_head_json":{"title":"AirMAX Lite AP GPS - Tecplan","robots":{"index":"index","follow":"follow","max-snippet":"max-snippet:-1","max-image-preview":"max-image-preview:large","max-video-preview":"max-video-preview:-1"},"canonical":"https:\/\/tecplan.com.es\/en\/product\/airmax-lite-ap-gps\/","og_locale":"en_US","og_type":"article","og_title":"AirMAX Lite AP GPS - Tecplan","og_description":"Lite AP 5 GHz airMAX\u00ae AC AP Models: LAP-120, LAP-GPS. Combina tecnolog\u00edas de hardware y software patentadas para ofrecer su innovadora combinaci\u00f3n de rendimiento y rango con un valor rentable El lap-gps integra una radio Wi-Fi separada para una configuraci\u00f3n r\u00e1pida y f\u00e1cil.","og_url":"https:\/\/tecplan.com.es\/en\/product\/airmax-lite-ap-gps\/","og_site_name":"Tecplan","article_modified_time":"2025-12-17T19:50:26+00:00","og_image":[{"width":1280,"height":1280,"url":"https:\/\/tecplan.com.es\/wp-content\/uploads\/2025\/12\/LAP-GPS_back-2.jpg","type":"image\/jpeg"}],"twitter_card":"summary_large_image","twitter_misc":{"Est. reading time":"2 minutes"},"schema":{"@context":"https:\/\/schema.org","@graph":[{"@type":"WebPage","@id":"https:\/\/tecplan.com.es\/product\/airmax-lite-ap-gps\/","url":"https:\/\/tecplan.com.es\/product\/airmax-lite-ap-gps\/","name":"AirMAX Lite AP GPS - Tecplan","isPartOf":{"@id":"https:\/\/tecplan.com.es\/#website"},"primaryImageOfPage":{"@id":"https:\/\/tecplan.com.es\/product\/airmax-lite-ap-gps\/#primaryimage"},"image":{"@id":"https:\/\/tecplan.com.es\/product\/airmax-lite-ap-gps\/#primaryimage"},"thumbnailUrl":"https:\/\/tecplan.com.es\/wp-content\/uploads\/2025\/12\/LAP-GPS_back-2.jpg","datePublished":"2025-12-03T22:37:10+00:00","dateModified":"2025-12-17T19:50:26+00:00","breadcrumb":{"@id":"https:\/\/tecplan.com.es\/product\/airmax-lite-ap-gps\/#breadcrumb"},"inLanguage":"en-US","potentialAction":[{"@type":"ReadAction","target":["https:\/\/tecplan.com.es\/product\/airmax-lite-ap-gps\/"]}]},{"@type":"ImageObject","inLanguage":"en-US","@id":"https:\/\/tecplan.com.es\/product\/airmax-lite-ap-gps\/#primaryimage","url":"https:\/\/tecplan.com.es\/wp-content\/uploads\/2025\/12\/LAP-GPS_back-2.jpg","contentUrl":"https:\/\/tecplan.com.es\/wp-content\/uploads\/2025\/12\/LAP-GPS_back-2.jpg","width":1280,"height":1280},{"@type":"BreadcrumbList","@id":"https:\/\/tecplan.com.es\/product\/airmax-lite-ap-gps\/#breadcrumb","itemListElement":[{"@type":"ListItem","position":1,"name":"Home","item":"https:\/\/tecplan.com.es\/"},{"@type":"ListItem","position":2,"name":"Shop","item":"https:\/\/tecplan.com.es\/shop\/"},{"@type":"ListItem","position":3,"name":"AirMAX Lite AP GPS"}]},{"@type":"WebSite","@id":"https:\/\/tecplan.com.es\/#website","url":"https:\/\/tecplan.com.es\/","name":"Tecplan","description":"","potentialAction":[{"@type":"SearchAction","target":{"@type":"EntryPoint","urlTemplate":"https:\/\/tecplan.com.es\/?s={search_term_string}"},"query-input":{"@type":"PropertyValueSpecification","valueRequired":true,"valueName":"search_term_string"}}],"inLanguage":"en-US"}]}},"_links":{"self":[{"href":"https:\/\/tecplan.com.es\/en\/wp-json\/wp\/v2\/product\/4713","targetHints":{"allow":["GET"]}}],"collection":[{"href":"https:\/\/tecplan.com.es\/en\/wp-json\/wp\/v2\/product"}],"about":[{"href":"https:\/\/tecplan.com.es\/en\/wp-json\/wp\/v2\/types\/product"}],"replies":[{"embeddable":true,"href":"https:\/\/tecplan.com.es\/en\/wp-json\/wp\/v2\/comments?post=4713"}],"version-history":[{"count":3,"href":"https:\/\/tecplan.com.es\/en\/wp-json\/wp\/v2\/product\/4713\/revisions"}],"predecessor-version":[{"id":4812,"href":"https:\/\/tecplan.com.es\/en\/wp-json\/wp\/v2\/product\/4713\/revisions\/4812"}],"wp:featuredmedia":[{"embeddable":true,"href":"https:\/\/tecplan.com.es\/en\/wp-json\/wp\/v2\/media\/4703"}],"wp:attachment":[{"href":"https:\/\/tecplan.com.es\/en\/wp-json\/wp\/v2\/media?parent=4713"}],"wp:term":[{"taxonomy":"product_brand","embeddable":true,"href":"https:\/\/tecplan.com.es\/en\/wp-json\/wp\/v2\/product_brand?post=4713"},{"taxonomy":"product_cat","embeddable":true,"href":"https:\/\/tecplan.com.es\/en\/wp-json\/wp\/v2\/product_cat?post=4713"},{"taxonomy":"product_tag","embeddable":true,"href":"https:\/\/tecplan.com.es\/en\/wp-json\/wp\/v2\/product_tag?post=4713"}],"curies":[{"name":"wp","href":"https:\/\/api.w.org\/{rel}","templated":true}]}}