{"id":4712,"date":"2025-12-03T22:37:10","date_gmt":"2025-12-03T22:37:10","guid":{"rendered":"https:\/\/tecplan.com.es\/product\/antena-cpe-ns-5acl\/"},"modified":"2026-01-02T19:57:30","modified_gmt":"2026-01-02T19:57:30","slug":"antena-cpe-ns-5acl","status":"publish","type":"product","link":"https:\/\/tecplan.com.es\/en\/product\/antena-cpe-ns-5acl\/","title":{"rendered":"Antena CPE  NS-5ACL"},"content":{"rendered":"<p style=\"text-align: justify;\"><strong>NS-5ACL UBIQUITI AC 5GHz 13dBi 23dBm 1-1000-RUbiquiti Airmax Nanostation LOCO 5AC + Antena 13dBi Sin POE<\/strong><\/p>\n<p style=\"text-align: justify;\">El\u00a0<strong class=\"Yjhzub\" data-processed=\"true\">Loco5AC<\/strong>\u00a0es un\u00a0<mark class=\"HxTRcb\" data-processed=\"true\">dispositivo de red exterior de Ubiquiti, parte de la l\u00ednea NanoStation AC, que ofrece conectividad inal\u00e1mbrica de alta velocidad en la banda de 5 GHz con tecnolog\u00eda airMAX AC<\/mark>, ideal para enlaces punto a punto (PtP) o como cliente (CPE) en redes de proveedores de servicios de internet (ISP). Es compacto, potente (con un procesador de 560 MHz y antena de 13 dBi), y cuenta con un puerto Gigabit Ethernet y una radio Wi-Fi dedicada para una configuraci\u00f3n sencilla a trav\u00e9s de la aplicaci\u00f3n UISP, destacando por su bajo costo y alto rendimiento.<span class=\"uJ19be notranslate\" data-wiz-uids=\"zthikb_d,zthikb_e,zthikb_f\" data-processed=\"true\"><span class=\"vKEkVd\" data-animation-atomic=\"\" data-wiz-attrbind=\"class=zthikb_d\/TKHnVd;\" data-processed=\"true\">\u00a0<\/span><\/span><\/p>\n<p style=\"text-align: justify;\">Ubiquiti Networks estableci\u00f3 el est\u00e1ndar para el primer Customer Premises Equipment (CPE) de banda ancha de bajo costo y eficiente del mundo con NanoStation\u00ae M. La NanoStation AC y la NanoStation AC loco toman el mismo concepto para el futuro con elegantes factores de forma, junto con la tecnolog\u00eda integrada airMAX (protocolo MIMO TDMA) y la gesti\u00f3n de Wi-Fi dedicada.<\/p>\n<p style=\"text-align: justify;\">La radio y la antena se combinan para crear un CPE m\u00e1s eficiente y compacto. La NanoStation AC y la NanoStation AC loco obtienen la m\u00e1xima ganancia de la huella m\u00e1s peque\u00f1a. El bajo costo, alto rendimiento y peque\u00f1o factor de forma de la NanoStation AC y NanoStation AC loco hace que sean extremadamente vers\u00e1tiles y econ\u00f3micos de implementar.<\/p>\n<p style=\"text-align: justify;\"><strong>Dise\u00f1o industrial elegante<\/strong><br \/>\nNanoStation AC y NanoStation AC loco representan la pr\u00f3xima evoluci\u00f3n del ic\u00f3nico dise\u00f1o de CPE que revolucion\u00f3 la industria de los ISP inal\u00e1mbricos.<\/p>\n<div class=\"Y3BBE\" style=\"text-align: justify;\" data-sfc-cp=\"\" data-hveid=\"CAMQAA\" data-processed=\"true\"><strong class=\"Yjhzub\" data-processed=\"true\">Caracter\u00edsticas Principales:<\/strong><\/div>\n<ul class=\"KsbFXc U6u95\" data-processed=\"true\">\n<li style=\"text-align: justify;\" data-hveid=\"CAQQAA\" data-processed=\"true\"><span class=\"T286Pc\" data-sfc-cp=\"\" data-processed=\"true\"><strong class=\"Yjhzub\" data-processed=\"true\">Tecnolog\u00eda airMAX AC:<\/strong>\u00a0Permite alta velocidad (hasta 450+ Mbps) y baja latencia mediante TDMA.<\/span><\/li>\n<li style=\"text-align: justify;\" data-hveid=\"CAQQAQ\" data-processed=\"true\"><span class=\"T286Pc\" data-sfc-cp=\"\" data-processed=\"true\"><strong class=\"Yjhzub\" data-processed=\"true\">Doble Radio:<\/strong>\u00a0Incluye una radio Wi-Fi para gesti\u00f3n f\u00e1cil con la aplicaci\u00f3n UISP, adem\u00e1s de la radio principal.<\/span><\/li>\n<li style=\"text-align: justify;\" data-hveid=\"CAQQAg\" data-processed=\"true\"><span class=\"T286Pc\" data-sfc-cp=\"\" data-processed=\"true\"><strong class=\"Yjhzub\" data-processed=\"true\">Antena Integrada:<\/strong>\u00a0Antena de 13 dBi para un buen alcance en un factor de forma compacto.<\/span><\/li>\n<li style=\"text-align: justify;\" data-hveid=\"CAQQAw\" data-processed=\"true\"><span class=\"T286Pc\" data-sfc-cp=\"\" data-processed=\"true\"><strong class=\"Yjhzub\" data-processed=\"true\">Puerto Gigabit:<\/strong>\u00a0Un puerto Ethernet 10\/100\/1000 para mayor velocidad de datos.<\/span><\/li>\n<li style=\"text-align: justify;\" data-hveid=\"CAQQBA\" data-processed=\"true\"><span class=\"T286Pc\" data-sfc-cp=\"\" data-processed=\"true\"><strong class=\"Yjhzub\" data-processed=\"true\">Vers\u00e1til:<\/strong>\u00a0Se puede usar como cliente (CPE) o en enlaces Punto a Punto (PtP) y Punto a Multipunto (PtMP).<\/span><\/li>\n<li style=\"text-align: justify;\" data-hveid=\"CAQQBQ\" data-processed=\"true\"><span class=\"T286Pc\" data-sfc-cp=\"\" data-processed=\"true\"><strong class=\"Yjhzub\" data-processed=\"true\">Dise\u00f1o Compacto:<\/strong>\u00a0Peque\u00f1o, ligero y f\u00e1cil de instalar.<\/span><span class=\"uJ19be notranslate\" data-wiz-uids=\"zthikb_1j,zthikb_1k,zthikb_1l\" data-processed=\"true\"><span class=\"vKEkVd\" data-animation-atomic=\"\" data-wiz-attrbind=\"class=zthikb_1j\/TKHnVd;\" data-processed=\"true\">\u00a0<\/span><\/span><\/li>\n<\/ul>\n<h5 style=\"text-align: justify;\"><span style=\"text-decoration: underline;\"><strong>DOWNLOADS<\/strong><\/span><\/h5>\n<ul style=\"text-align: justify;\">\n<li>\u2192\u00a0 <a href=\"https:\/\/drive.google.com\/file\/d\/1QEjbZYwg4BvbwgO9Z8DW7jJWOOzbTu8R\/view?usp=sharing\">Guia de uso en Espa\u00f1ol<\/a><\/li>\n<\/ul>","protected":false},"excerpt":{"rendered":"<p style=\"text-align: justify;\"><strong>LOCO5AC NS-5ACL UBIQUITI AC 5GHz 13dBi 23dBm 1-1000-RJ45 req-PoE24V 2&#215;2 AIRMAX CPE\/AP<\/strong><\/p>\n<p style=\"text-align: justify;\">Antena CPE UBIQUITI NS-5ACL NanoStation 5Ghz 13dBi 802.11ac 15Km 450Mbps. La NanoStation AC proporciona unMpuerto Ethernet secundario con PoE habilitado por software.<\/p>\n<p><img decoding=\"async\" class=\"wp-image-3330 aligncenter\" src=\"https:\/\/tecplan.com.es\/wp-content\/uploads\/2025\/09\/Ubiquiti_Networks-300x200.png\" alt=\"\" width=\"170\" height=\"113\" srcset=\"https:\/\/tecplan.com.es\/wp-content\/uploads\/2025\/09\/Ubiquiti_Networks-300x200.png 300w, https:\/\/tecplan.com.es\/wp-content\/uploads\/2025\/09\/Ubiquiti_Networks-1024x683.png 1024w, https:\/\/tecplan.com.es\/wp-content\/uploads\/2025\/09\/Ubiquiti_Networks-768x512.png 768w, https:\/\/tecplan.com.es\/wp-content\/uploads\/2025\/09\/Ubiquiti_Networks-1536x1024.png 1536w, https:\/\/tecplan.com.es\/wp-content\/uploads\/2025\/09\/Ubiquiti_Networks-2048x1365.png 2048w, https:\/\/tecplan.com.es\/wp-content\/uploads\/2025\/09\/Ubiquiti_Networks-18x12.png 18w, https:\/\/tecplan.com.es\/wp-content\/uploads\/2025\/09\/Ubiquiti_Networks-600x400.png 600w\" sizes=\"(max-width: 170px) 100vw, 170px\" \/><\/p>","protected":false},"featured_media":4700,"comment_status":"open","ping_status":"closed","template":"","meta":{"site-sidebar-layout":"default","site-content-layout":"","ast-site-content-layout":"default","site-content-style":"default","site-sidebar-style":"default","ast-global-header-display":"","ast-banner-title-visibility":"","ast-main-header-display":"","ast-hfb-above-header-display":"","ast-hfb-below-header-display":"","ast-hfb-mobile-header-display":"","site-post-title":"","ast-breadcrumbs-content":"","ast-featured-img":"","footer-sml-layout":"","ast-disable-related-posts":"","theme-transparent-header-meta":"default","adv-header-id-meta":"","stick-header-meta":"","header-above-stick-meta":"","header-main-stick-meta":"","header-below-stick-meta":"","astra-migrate-meta-layouts":"set","ast-page-background-enabled":"default","ast-page-background-meta":{"desktop":{"background-color":"var(--ast-global-color-5)","background-image":"","background-repeat":"repeat","background-position":"center center","background-size":"auto","background-attachment":"scroll","background-type":"","background-media":"","overlay-type":"","overlay-color":"","overlay-opacity":"","overlay-gradient":""},"tablet":{"background-color":"","background-image":"","background-repeat":"repeat","background-position":"center center","background-size":"auto","background-attachment":"scroll","background-type":"","background-media":"","overlay-type":"","overlay-color":"","overlay-opacity":"","overlay-gradient":""},"mobile":{"background-color":"","background-image":"","background-repeat":"repeat","background-position":"center center","background-size":"auto","background-attachment":"scroll","background-type":"","background-media":"","overlay-type":"","overlay-color":"","overlay-opacity":"","overlay-gradient":""}},"ast-content-background-meta":{"desktop":{"background-color":"var(--ast-global-color-4)","background-image":"","background-repeat":"repeat","background-position":"center center","background-size":"auto","background-attachment":"scroll","background-type":"","background-media":"","overlay-type":"","overlay-color":"","overlay-opacity":"","overlay-gradient":""},"tablet":{"background-color":"var(--ast-global-color-4)","background-image":"","background-repeat":"repeat","background-position":"center center","background-size":"auto","background-attachment":"scroll","background-type":"","background-media":"","overlay-type":"","overlay-color":"","overlay-opacity":"","overlay-gradient":""},"mobile":{"background-color":"var(--ast-global-color-4)","background-image":"","background-repeat":"repeat","background-position":"center center","background-size":"auto","background-attachment":"scroll","background-type":"","background-media":"","overlay-type":"","overlay-color":"","overlay-opacity":"","overlay-gradient":""}}},"product_brand":[247],"product_cat":[113,96,111],"product_tag":[248],"class_list":{"0":"post-4712","1":"product","2":"type-product","3":"status-publish","4":"has-post-thumbnail","6":"product_brand-ubiquiti-networks","7":"product_cat-enlaces-punto-a-punto","8":"product_cat-networking","9":"product_cat-ubiquiti","10":"product_tag-ubiquiti-networks","11":"desktop-align-left","12":"tablet-align-left","13":"mobile-align-left","15":"first","16":"instock","17":"shipping-taxable","18":"product-type-simple"},"yoast_head":"<!-- This site is optimized with the Yoast SEO plugin v25.3 - https:\/\/yoast.com\/wordpress\/plugins\/seo\/ -->\n<title>Antena CPE NS-5ACL - Tecplan<\/title>\n<meta name=\"robots\" content=\"index, follow, max-snippet:-1, max-image-preview:large, max-video-preview:-1\" \/>\n<link rel=\"canonical\" href=\"https:\/\/tecplan.com.es\/en\/product\/antena-cpe-ns-5acl\/\" \/>\n<meta property=\"og:locale\" content=\"en_US\" \/>\n<meta property=\"og:type\" content=\"article\" \/>\n<meta property=\"og:title\" content=\"Antena CPE NS-5ACL - Tecplan\" \/>\n<meta property=\"og:description\" content=\"LOCO5AC NS-5ACL UBIQUITI AC 5GHz 13dBi 23dBm 1-1000-RJ45 req-PoE24V 2x2 AIRMAX CPE\/AP Antena CPE UBIQUITI NS-5ACL NanoStation 5Ghz 13dBi 802.11ac 15Km 450Mbps. La NanoStation AC proporciona unMpuerto Ethernet secundario con PoE habilitado por software.\" \/>\n<meta property=\"og:url\" content=\"https:\/\/tecplan.com.es\/en\/product\/antena-cpe-ns-5acl\/\" \/>\n<meta property=\"og:site_name\" content=\"Tecplan\" \/>\n<meta property=\"article:modified_time\" content=\"2026-01-02T19:57:30+00:00\" \/>\n<meta property=\"og:image\" content=\"https:\/\/tecplan.com.es\/wp-content\/uploads\/2025\/12\/ns-5acl.webp\" \/>\n\t<meta property=\"og:image:width\" content=\"455\" \/>\n\t<meta property=\"og:image:height\" content=\"455\" \/>\n\t<meta property=\"og:image:type\" content=\"image\/webp\" \/>\n<meta name=\"twitter:card\" content=\"summary_large_image\" \/>\n<meta name=\"twitter:label1\" content=\"Est. reading time\" \/>\n\t<meta name=\"twitter:data1\" content=\"2 minutes\" \/>\n<script type=\"application\/ld+json\" class=\"yoast-schema-graph\">{\"@context\":\"https:\/\/schema.org\",\"@graph\":[{\"@type\":\"WebPage\",\"@id\":\"https:\/\/tecplan.com.es\/product\/antena-cpe-ns-5acl\/\",\"url\":\"https:\/\/tecplan.com.es\/product\/antena-cpe-ns-5acl\/\",\"name\":\"Antena CPE NS-5ACL - Tecplan\",\"isPartOf\":{\"@id\":\"https:\/\/tecplan.com.es\/#website\"},\"primaryImageOfPage\":{\"@id\":\"https:\/\/tecplan.com.es\/product\/antena-cpe-ns-5acl\/#primaryimage\"},\"image\":{\"@id\":\"https:\/\/tecplan.com.es\/product\/antena-cpe-ns-5acl\/#primaryimage\"},\"thumbnailUrl\":\"https:\/\/tecplan.com.es\/wp-content\/uploads\/2025\/12\/ns-5acl.webp\",\"datePublished\":\"2025-12-03T22:37:10+00:00\",\"dateModified\":\"2026-01-02T19:57:30+00:00\",\"breadcrumb\":{\"@id\":\"https:\/\/tecplan.com.es\/product\/antena-cpe-ns-5acl\/#breadcrumb\"},\"inLanguage\":\"en-US\",\"potentialAction\":[{\"@type\":\"ReadAction\",\"target\":[\"https:\/\/tecplan.com.es\/product\/antena-cpe-ns-5acl\/\"]}]},{\"@type\":\"ImageObject\",\"inLanguage\":\"en-US\",\"@id\":\"https:\/\/tecplan.com.es\/product\/antena-cpe-ns-5acl\/#primaryimage\",\"url\":\"https:\/\/tecplan.com.es\/wp-content\/uploads\/2025\/12\/ns-5acl.webp\",\"contentUrl\":\"https:\/\/tecplan.com.es\/wp-content\/uploads\/2025\/12\/ns-5acl.webp\",\"width\":455,\"height\":455},{\"@type\":\"BreadcrumbList\",\"@id\":\"https:\/\/tecplan.com.es\/product\/antena-cpe-ns-5acl\/#breadcrumb\",\"itemListElement\":[{\"@type\":\"ListItem\",\"position\":1,\"name\":\"Home\",\"item\":\"https:\/\/tecplan.com.es\/\"},{\"@type\":\"ListItem\",\"position\":2,\"name\":\"Shop\",\"item\":\"https:\/\/tecplan.com.es\/shop\/\"},{\"@type\":\"ListItem\",\"position\":3,\"name\":\"Antena CPE NS-5ACL\"}]},{\"@type\":\"WebSite\",\"@id\":\"https:\/\/tecplan.com.es\/#website\",\"url\":\"https:\/\/tecplan.com.es\/\",\"name\":\"Tecplan\",\"description\":\"\",\"potentialAction\":[{\"@type\":\"SearchAction\",\"target\":{\"@type\":\"EntryPoint\",\"urlTemplate\":\"https:\/\/tecplan.com.es\/?s={search_term_string}\"},\"query-input\":{\"@type\":\"PropertyValueSpecification\",\"valueRequired\":true,\"valueName\":\"search_term_string\"}}],\"inLanguage\":\"en-US\"}]}<\/script>\n<!-- \/ Yoast SEO plugin. -->","yoast_head_json":{"title":"Antena CPE NS-5ACL - Tecplan","robots":{"index":"index","follow":"follow","max-snippet":"max-snippet:-1","max-image-preview":"max-image-preview:large","max-video-preview":"max-video-preview:-1"},"canonical":"https:\/\/tecplan.com.es\/en\/product\/antena-cpe-ns-5acl\/","og_locale":"en_US","og_type":"article","og_title":"Antena CPE NS-5ACL - Tecplan","og_description":"LOCO5AC NS-5ACL UBIQUITI AC 5GHz 13dBi 23dBm 1-1000-RJ45 req-PoE24V 2x2 AIRMAX CPE\/AP Antena CPE UBIQUITI NS-5ACL NanoStation 5Ghz 13dBi 802.11ac 15Km 450Mbps. La NanoStation AC proporciona unMpuerto Ethernet secundario con PoE habilitado por software.","og_url":"https:\/\/tecplan.com.es\/en\/product\/antena-cpe-ns-5acl\/","og_site_name":"Tecplan","article_modified_time":"2026-01-02T19:57:30+00:00","og_image":[{"width":455,"height":455,"url":"https:\/\/tecplan.com.es\/wp-content\/uploads\/2025\/12\/ns-5acl.webp","type":"image\/webp"}],"twitter_card":"summary_large_image","twitter_misc":{"Est. reading time":"2 minutes"},"schema":{"@context":"https:\/\/schema.org","@graph":[{"@type":"WebPage","@id":"https:\/\/tecplan.com.es\/product\/antena-cpe-ns-5acl\/","url":"https:\/\/tecplan.com.es\/product\/antena-cpe-ns-5acl\/","name":"Antena CPE NS-5ACL - Tecplan","isPartOf":{"@id":"https:\/\/tecplan.com.es\/#website"},"primaryImageOfPage":{"@id":"https:\/\/tecplan.com.es\/product\/antena-cpe-ns-5acl\/#primaryimage"},"image":{"@id":"https:\/\/tecplan.com.es\/product\/antena-cpe-ns-5acl\/#primaryimage"},"thumbnailUrl":"https:\/\/tecplan.com.es\/wp-content\/uploads\/2025\/12\/ns-5acl.webp","datePublished":"2025-12-03T22:37:10+00:00","dateModified":"2026-01-02T19:57:30+00:00","breadcrumb":{"@id":"https:\/\/tecplan.com.es\/product\/antena-cpe-ns-5acl\/#breadcrumb"},"inLanguage":"en-US","potentialAction":[{"@type":"ReadAction","target":["https:\/\/tecplan.com.es\/product\/antena-cpe-ns-5acl\/"]}]},{"@type":"ImageObject","inLanguage":"en-US","@id":"https:\/\/tecplan.com.es\/product\/antena-cpe-ns-5acl\/#primaryimage","url":"https:\/\/tecplan.com.es\/wp-content\/uploads\/2025\/12\/ns-5acl.webp","contentUrl":"https:\/\/tecplan.com.es\/wp-content\/uploads\/2025\/12\/ns-5acl.webp","width":455,"height":455},{"@type":"BreadcrumbList","@id":"https:\/\/tecplan.com.es\/product\/antena-cpe-ns-5acl\/#breadcrumb","itemListElement":[{"@type":"ListItem","position":1,"name":"Home","item":"https:\/\/tecplan.com.es\/"},{"@type":"ListItem","position":2,"name":"Shop","item":"https:\/\/tecplan.com.es\/shop\/"},{"@type":"ListItem","position":3,"name":"Antena CPE NS-5ACL"}]},{"@type":"WebSite","@id":"https:\/\/tecplan.com.es\/#website","url":"https:\/\/tecplan.com.es\/","name":"Tecplan","description":"","potentialAction":[{"@type":"SearchAction","target":{"@type":"EntryPoint","urlTemplate":"https:\/\/tecplan.com.es\/?s={search_term_string}"},"query-input":{"@type":"PropertyValueSpecification","valueRequired":true,"valueName":"search_term_string"}}],"inLanguage":"en-US"}]}},"_links":{"self":[{"href":"https:\/\/tecplan.com.es\/en\/wp-json\/wp\/v2\/product\/4712","targetHints":{"allow":["GET"]}}],"collection":[{"href":"https:\/\/tecplan.com.es\/en\/wp-json\/wp\/v2\/product"}],"about":[{"href":"https:\/\/tecplan.com.es\/en\/wp-json\/wp\/v2\/types\/product"}],"replies":[{"embeddable":true,"href":"https:\/\/tecplan.com.es\/en\/wp-json\/wp\/v2\/comments?post=4712"}],"version-history":[{"count":4,"href":"https:\/\/tecplan.com.es\/en\/wp-json\/wp\/v2\/product\/4712\/revisions"}],"predecessor-version":[{"id":4869,"href":"https:\/\/tecplan.com.es\/en\/wp-json\/wp\/v2\/product\/4712\/revisions\/4869"}],"wp:featuredmedia":[{"embeddable":true,"href":"https:\/\/tecplan.com.es\/en\/wp-json\/wp\/v2\/media\/4700"}],"wp:attachment":[{"href":"https:\/\/tecplan.com.es\/en\/wp-json\/wp\/v2\/media?parent=4712"}],"wp:term":[{"taxonomy":"product_brand","embeddable":true,"href":"https:\/\/tecplan.com.es\/en\/wp-json\/wp\/v2\/product_brand?post=4712"},{"taxonomy":"product_cat","embeddable":true,"href":"https:\/\/tecplan.com.es\/en\/wp-json\/wp\/v2\/product_cat?post=4712"},{"taxonomy":"product_tag","embeddable":true,"href":"https:\/\/tecplan.com.es\/en\/wp-json\/wp\/v2\/product_tag?post=4712"}],"curies":[{"name":"wp","href":"https:\/\/api.w.org\/{rel}","templated":true}]}}