{"id":4710,"date":"2025-12-03T22:37:10","date_gmt":"2025-12-03T22:37:10","guid":{"rendered":"https:\/\/tecplan.com.es\/product\/airmax-nanostation-m2\/"},"modified":"2025-12-17T20:06:47","modified_gmt":"2025-12-17T20:06:47","slug":"airmax-nanostation-m2","status":"publish","type":"product","link":"https:\/\/tecplan.com.es\/en\/product\/airmax-nanostation-m2\/","title":{"rendered":"AirMAX NanoStation M2"},"content":{"rendered":"<p style=\"text-align: justify;\"><strong>NANOSTATION AIRMAX<\/strong><\/p>\n<p style=\"text-align: justify;\">La serie Ubiquiti airMAX NanoStation comprende una gama de dispositivos de redes inal\u00e1mbricas para exteriores dise\u00f1ados para aplicaciones punto a punto (PtP) y punto a multipunto (PtMP), utilizando el protocolo airMAX TDMA de Ubiquiti para una conectividad inal\u00e1mbrica eficiente y de alto rendimiento. Estos dispositivos est\u00e1n disponibles en varios modelos que admiten diferentes bandas de frecuencia y niveles de rendimiento.<\/p>\n<p style=\"text-align: justify;\">La NanoStation M2 opera en la banda de frecuencia de 2,4 GHz, con un rango de frecuencia operativa de 2412\u20132462 MHz y presenta una ganancia de 10,4\u201311,2 dBi. Admite suministro pasivo de energ\u00eda PoE de 2 pares y tiene un consumo m\u00e1ximo de energ\u00eda de 5,5 W, con un rango de temperatura de funcionamiento de -30 a 75\u00b0C. El dispositivo est\u00e1 dise\u00f1ado para uso en interiores y exteriores y cuenta con una carcasa de pl\u00e1stico estabilizada contra los rayos UV para exteriores y un kit de montaje en poste.<\/p>\n<p style=\"text-align: justify;\"><strong>Incluye dos puertos RJ45 de 10\/100 MbE y cumple con la NDAA.<\/strong><\/p>\n<p style=\"text-align: justify;\">La NanoStation M5 opera en la banda de 5 GHz, con un rango de frecuencia operativa de 5170\u20135875 MHz (en todo el mundo) y ofrece una ganancia mayor de 14,6\u201316,1 dBi. Admite suministro pasivo de energ\u00eda PoE de 2 pares, tiene un consumo m\u00e1ximo de energ\u00eda de 8 W y funciona dentro de un rango de temperatura de -30 a 75\u00b0C. El dispositivo cuenta con dos puertos RJ45 de 10\/100 MbE, una carcasa de pl\u00e1stico estabilizada contra los rayos UV y un kit de montaje en poste.<\/p>\n<p style=\"text-align: justify;\">La radio NanoStation 5AC admite bandas de 2,4 GHz y 5 GHz, con un rango de frecuencia operativa de 5 GHz de 5150\u20135875 MHz (en todo el mundo) y proporciona una ganancia de 16 dBi.<br \/>\nAdmite anchos de banda de canal de 10\/20\/30\/40\/50\/60\/80 MHz y utiliza polarizaci\u00f3n lineal dual. El dispositivo cuenta con dos puertos Gigabit Ethernet (GbE), admite PoE alternativo A y PoE pasivo de 2 pares y tiene un consumo m\u00e1ximo de energ\u00eda de 9 W.<\/p>\n<p style=\"text-align: justify;\"><strong>Funciona dentro de un rango de temperatura de -40 a 70\u00b0C y cumple con la NDAA<\/strong><\/p>\n<ul>\n<li style=\"text-align: justify;\"><strong>Mechanical<\/strong><\/li>\n<li style=\"text-align: justify;\">Dimensions 294 x 31 x 80 mm (11.6 x 1.2 x 3.2&#8243;) Weight 400 g (14.1 oz)<\/li>\n<li style=\"text-align: justify;\">Enclosure material Outdoor UV-stabilized plastic Mounting Pole-mount (Kit included)<\/li>\n<\/ul>\n<p><strong>Hardware<\/strong><\/p>\n<ul>\n<li style=\"text-align: justify;\">Networking interface (2) 10\/100 MbE RJ45 ports<\/li>\n<li style=\"text-align: justify;\">Power method Passive PoE 2-pair (4, 5+; 7, 8 return)<\/li>\n<li style=\"text-align: justify;\">Power supply 24V, 0.5A PoE adapter (Included)<\/li>\n<li style=\"text-align: justify;\">Supported voltage range 22\u201327V DC<\/li>\n<li style=\"text-align: justify;\">Max. power consumption 5.5W<\/li>\n<li style=\"text-align: justify;\">Ambient operating temperature -30 to 75\u00b0 C (-22 to 167\u00b0 F)<\/li>\n<li style=\"text-align: justify;\">Ambient operating humidity 5 to 95% noncondensing<\/li>\n<li style=\"text-align: justify;\">Shock &amp; vibration ETSI300-019-1.4<\/li>\n<li style=\"text-align: justify;\">Certifications FCC, ICC, CE, RoHS<\/li>\n<li style=\"text-align: justify;\">NDAA Compliant Yes<\/li>\n<\/ul>\n<p><strong>System<\/strong><\/p>\n<ul>\n<li style=\"text-align: justify;\">Frequency 2.4 GHz<\/li>\n<li style=\"text-align: justify;\">Operating frequency 2412-2462 MHz<\/li>\n<li style=\"text-align: justify;\">Gain 10.4-11.2 dBi<\/li>\n<li style=\"text-align: justify;\">Cross-pol isolation 23 dB Min.<\/li>\n<li style=\"text-align: justify;\">Max. VSWR 1.6:1<\/li>\n<li style=\"text-align: justify;\">Beamwidth 55\u00b0 (H-pol) \/ 53\u00b0 (V-pol) \/ 27\u00b0 (Elevation)<\/li>\n<li style=\"text-align: justify;\">Polarization Dual linear<\/li>\n<\/ul>\n<h5 style=\"text-align: justify;\"><span style=\"text-decoration: underline;\"><strong>DOWNLOADS<\/strong><\/span><\/h5>\n<ul style=\"text-align: justify;\">\n<li>\u2192\u00a0 <a href=\"https:\/\/drive.google.com\/file\/d\/1kpO2rb1dJw6OCtUFeOdT2lPnNwoVR8NW\/view?usp=sharing\">Ficha t\u00e9cnica Espa\u00f1ol<\/a><\/li>\n<\/ul>","protected":false},"excerpt":{"rendered":"<p style=\"text-align: justify;\"><strong>NANOSTATION AIRMAX 5 GHz<\/strong><\/p>\n<p style=\"text-align: justify;\">Ubiquiti Networks de banda ancha eficiente y de bajo costo del mundo. QoS inteligente: se da prioridad a la voz\/video para una transmisi\u00f3n fluida. Alta capacidad y escalabilidad. Enlaces de alta velocidad.<\/p>\n<p><img decoding=\"async\" class=\"wp-image-3330 aligncenter\" src=\"https:\/\/tecplan.com.es\/wp-content\/uploads\/2025\/09\/Ubiquiti_Networks-300x200.png\" alt=\"\" width=\"174\" height=\"94\" \/><\/p>","protected":false},"featured_media":4686,"comment_status":"open","ping_status":"closed","template":"","meta":{"site-sidebar-layout":"default","site-content-layout":"","ast-site-content-layout":"default","site-content-style":"default","site-sidebar-style":"default","ast-global-header-display":"","ast-banner-title-visibility":"","ast-main-header-display":"","ast-hfb-above-header-display":"","ast-hfb-below-header-display":"","ast-hfb-mobile-header-display":"","site-post-title":"","ast-breadcrumbs-content":"","ast-featured-img":"","footer-sml-layout":"","ast-disable-related-posts":"","theme-transparent-header-meta":"default","adv-header-id-meta":"","stick-header-meta":"","header-above-stick-meta":"","header-main-stick-meta":"","header-below-stick-meta":"","astra-migrate-meta-layouts":"set","ast-page-background-enabled":"default","ast-page-background-meta":{"desktop":{"background-color":"var(--ast-global-color-5)","background-image":"","background-repeat":"repeat","background-position":"center center","background-size":"auto","background-attachment":"scroll","background-type":"","background-media":"","overlay-type":"","overlay-color":"","overlay-opacity":"","overlay-gradient":""},"tablet":{"background-color":"","background-image":"","background-repeat":"repeat","background-position":"center center","background-size":"auto","background-attachment":"scroll","background-type":"","background-media":"","overlay-type":"","overlay-color":"","overlay-opacity":"","overlay-gradient":""},"mobile":{"background-color":"","background-image":"","background-repeat":"repeat","background-position":"center center","background-size":"auto","background-attachment":"scroll","background-type":"","background-media":"","overlay-type":"","overlay-color":"","overlay-opacity":"","overlay-gradient":""}},"ast-content-background-meta":{"desktop":{"background-color":"var(--ast-global-color-4)","background-image":"","background-repeat":"repeat","background-position":"center center","background-size":"auto","background-attachment":"scroll","background-type":"","background-media":"","overlay-type":"","overlay-color":"","overlay-opacity":"","overlay-gradient":""},"tablet":{"background-color":"var(--ast-global-color-4)","background-image":"","background-repeat":"repeat","background-position":"center center","background-size":"auto","background-attachment":"scroll","background-type":"","background-media":"","overlay-type":"","overlay-color":"","overlay-opacity":"","overlay-gradient":""},"mobile":{"background-color":"var(--ast-global-color-4)","background-image":"","background-repeat":"repeat","background-position":"center center","background-size":"auto","background-attachment":"scroll","background-type":"","background-media":"","overlay-type":"","overlay-color":"","overlay-opacity":"","overlay-gradient":""}}},"product_brand":[247],"product_cat":[35],"product_tag":[248],"class_list":{"0":"post-4710","1":"product","2":"type-product","3":"status-publish","4":"has-post-thumbnail","6":"product_brand-ubiquiti-networks","7":"product_cat-uncategorized","8":"product_tag-ubiquiti-networks","9":"desktop-align-left","10":"tablet-align-left","11":"mobile-align-left","13":"first","14":"instock","15":"shipping-taxable","16":"product-type-simple"},"yoast_head":"<!-- This site is optimized with the Yoast SEO plugin v25.3 - https:\/\/yoast.com\/wordpress\/plugins\/seo\/ -->\n<title>AirMAX NanoStation M2 - Tecplan<\/title>\n<meta name=\"robots\" content=\"index, follow, max-snippet:-1, max-image-preview:large, max-video-preview:-1\" \/>\n<link rel=\"canonical\" href=\"https:\/\/tecplan.com.es\/en\/product\/airmax-nanostation-m2\/\" \/>\n<meta property=\"og:locale\" content=\"en_US\" \/>\n<meta property=\"og:type\" content=\"article\" \/>\n<meta property=\"og:title\" content=\"AirMAX NanoStation M2 - Tecplan\" \/>\n<meta property=\"og:description\" content=\"NANOSTATION AIRMAX 5 GHz Ubiquiti Networks de banda ancha eficiente y de bajo costo del mundo. QoS inteligente: se da prioridad a la voz\/video para una transmisi\u00f3n fluida. Alta capacidad y escalabilidad. Enlaces de alta velocidad.\" \/>\n<meta property=\"og:url\" content=\"https:\/\/tecplan.com.es\/en\/product\/airmax-nanostation-m2\/\" \/>\n<meta property=\"og:site_name\" content=\"Tecplan\" \/>\n<meta property=\"article:modified_time\" content=\"2025-12-17T20:06:47+00:00\" \/>\n<meta property=\"og:image\" content=\"https:\/\/tecplan.com.es\/wp-content\/uploads\/2025\/12\/NANOS-AIRMAX-1.jpg\" \/>\n\t<meta property=\"og:image:width\" content=\"1250\" \/>\n\t<meta property=\"og:image:height\" content=\"1250\" \/>\n\t<meta property=\"og:image:type\" content=\"image\/jpeg\" \/>\n<meta name=\"twitter:card\" content=\"summary_large_image\" \/>\n<meta name=\"twitter:label1\" content=\"Est. reading time\" \/>\n\t<meta name=\"twitter:data1\" content=\"3 minutes\" \/>\n<script type=\"application\/ld+json\" class=\"yoast-schema-graph\">{\"@context\":\"https:\/\/schema.org\",\"@graph\":[{\"@type\":\"WebPage\",\"@id\":\"https:\/\/tecplan.com.es\/product\/airmax-nanostation-m2\/\",\"url\":\"https:\/\/tecplan.com.es\/product\/airmax-nanostation-m2\/\",\"name\":\"AirMAX NanoStation M2 - Tecplan\",\"isPartOf\":{\"@id\":\"https:\/\/tecplan.com.es\/#website\"},\"primaryImageOfPage\":{\"@id\":\"https:\/\/tecplan.com.es\/product\/airmax-nanostation-m2\/#primaryimage\"},\"image\":{\"@id\":\"https:\/\/tecplan.com.es\/product\/airmax-nanostation-m2\/#primaryimage\"},\"thumbnailUrl\":\"https:\/\/tecplan.com.es\/wp-content\/uploads\/2025\/12\/NANOS-AIRMAX-1.jpg\",\"datePublished\":\"2025-12-03T22:37:10+00:00\",\"dateModified\":\"2025-12-17T20:06:47+00:00\",\"breadcrumb\":{\"@id\":\"https:\/\/tecplan.com.es\/product\/airmax-nanostation-m2\/#breadcrumb\"},\"inLanguage\":\"en-US\",\"potentialAction\":[{\"@type\":\"ReadAction\",\"target\":[\"https:\/\/tecplan.com.es\/product\/airmax-nanostation-m2\/\"]}]},{\"@type\":\"ImageObject\",\"inLanguage\":\"en-US\",\"@id\":\"https:\/\/tecplan.com.es\/product\/airmax-nanostation-m2\/#primaryimage\",\"url\":\"https:\/\/tecplan.com.es\/wp-content\/uploads\/2025\/12\/NANOS-AIRMAX-1.jpg\",\"contentUrl\":\"https:\/\/tecplan.com.es\/wp-content\/uploads\/2025\/12\/NANOS-AIRMAX-1.jpg\",\"width\":1250,\"height\":1250},{\"@type\":\"BreadcrumbList\",\"@id\":\"https:\/\/tecplan.com.es\/product\/airmax-nanostation-m2\/#breadcrumb\",\"itemListElement\":[{\"@type\":\"ListItem\",\"position\":1,\"name\":\"Home\",\"item\":\"https:\/\/tecplan.com.es\/\"},{\"@type\":\"ListItem\",\"position\":2,\"name\":\"Shop\",\"item\":\"https:\/\/tecplan.com.es\/shop\/\"},{\"@type\":\"ListItem\",\"position\":3,\"name\":\"AirMAX NanoStation M2\"}]},{\"@type\":\"WebSite\",\"@id\":\"https:\/\/tecplan.com.es\/#website\",\"url\":\"https:\/\/tecplan.com.es\/\",\"name\":\"Tecplan\",\"description\":\"\",\"potentialAction\":[{\"@type\":\"SearchAction\",\"target\":{\"@type\":\"EntryPoint\",\"urlTemplate\":\"https:\/\/tecplan.com.es\/?s={search_term_string}\"},\"query-input\":{\"@type\":\"PropertyValueSpecification\",\"valueRequired\":true,\"valueName\":\"search_term_string\"}}],\"inLanguage\":\"en-US\"}]}<\/script>\n<!-- \/ Yoast SEO plugin. -->","yoast_head_json":{"title":"AirMAX NanoStation M2 - Tecplan","robots":{"index":"index","follow":"follow","max-snippet":"max-snippet:-1","max-image-preview":"max-image-preview:large","max-video-preview":"max-video-preview:-1"},"canonical":"https:\/\/tecplan.com.es\/en\/product\/airmax-nanostation-m2\/","og_locale":"en_US","og_type":"article","og_title":"AirMAX NanoStation M2 - Tecplan","og_description":"NANOSTATION AIRMAX 5 GHz Ubiquiti Networks de banda ancha eficiente y de bajo costo del mundo. QoS inteligente: se da prioridad a la voz\/video para una transmisi\u00f3n fluida. Alta capacidad y escalabilidad. Enlaces de alta velocidad.","og_url":"https:\/\/tecplan.com.es\/en\/product\/airmax-nanostation-m2\/","og_site_name":"Tecplan","article_modified_time":"2025-12-17T20:06:47+00:00","og_image":[{"width":1250,"height":1250,"url":"https:\/\/tecplan.com.es\/wp-content\/uploads\/2025\/12\/NANOS-AIRMAX-1.jpg","type":"image\/jpeg"}],"twitter_card":"summary_large_image","twitter_misc":{"Est. reading time":"3 minutes"},"schema":{"@context":"https:\/\/schema.org","@graph":[{"@type":"WebPage","@id":"https:\/\/tecplan.com.es\/product\/airmax-nanostation-m2\/","url":"https:\/\/tecplan.com.es\/product\/airmax-nanostation-m2\/","name":"AirMAX NanoStation M2 - Tecplan","isPartOf":{"@id":"https:\/\/tecplan.com.es\/#website"},"primaryImageOfPage":{"@id":"https:\/\/tecplan.com.es\/product\/airmax-nanostation-m2\/#primaryimage"},"image":{"@id":"https:\/\/tecplan.com.es\/product\/airmax-nanostation-m2\/#primaryimage"},"thumbnailUrl":"https:\/\/tecplan.com.es\/wp-content\/uploads\/2025\/12\/NANOS-AIRMAX-1.jpg","datePublished":"2025-12-03T22:37:10+00:00","dateModified":"2025-12-17T20:06:47+00:00","breadcrumb":{"@id":"https:\/\/tecplan.com.es\/product\/airmax-nanostation-m2\/#breadcrumb"},"inLanguage":"en-US","potentialAction":[{"@type":"ReadAction","target":["https:\/\/tecplan.com.es\/product\/airmax-nanostation-m2\/"]}]},{"@type":"ImageObject","inLanguage":"en-US","@id":"https:\/\/tecplan.com.es\/product\/airmax-nanostation-m2\/#primaryimage","url":"https:\/\/tecplan.com.es\/wp-content\/uploads\/2025\/12\/NANOS-AIRMAX-1.jpg","contentUrl":"https:\/\/tecplan.com.es\/wp-content\/uploads\/2025\/12\/NANOS-AIRMAX-1.jpg","width":1250,"height":1250},{"@type":"BreadcrumbList","@id":"https:\/\/tecplan.com.es\/product\/airmax-nanostation-m2\/#breadcrumb","itemListElement":[{"@type":"ListItem","position":1,"name":"Home","item":"https:\/\/tecplan.com.es\/"},{"@type":"ListItem","position":2,"name":"Shop","item":"https:\/\/tecplan.com.es\/shop\/"},{"@type":"ListItem","position":3,"name":"AirMAX NanoStation M2"}]},{"@type":"WebSite","@id":"https:\/\/tecplan.com.es\/#website","url":"https:\/\/tecplan.com.es\/","name":"Tecplan","description":"","potentialAction":[{"@type":"SearchAction","target":{"@type":"EntryPoint","urlTemplate":"https:\/\/tecplan.com.es\/?s={search_term_string}"},"query-input":{"@type":"PropertyValueSpecification","valueRequired":true,"valueName":"search_term_string"}}],"inLanguage":"en-US"}]}},"_links":{"self":[{"href":"https:\/\/tecplan.com.es\/en\/wp-json\/wp\/v2\/product\/4710","targetHints":{"allow":["GET"]}}],"collection":[{"href":"https:\/\/tecplan.com.es\/en\/wp-json\/wp\/v2\/product"}],"about":[{"href":"https:\/\/tecplan.com.es\/en\/wp-json\/wp\/v2\/types\/product"}],"replies":[{"embeddable":true,"href":"https:\/\/tecplan.com.es\/en\/wp-json\/wp\/v2\/comments?post=4710"}],"version-history":[{"count":2,"href":"https:\/\/tecplan.com.es\/en\/wp-json\/wp\/v2\/product\/4710\/revisions"}],"predecessor-version":[{"id":4816,"href":"https:\/\/tecplan.com.es\/en\/wp-json\/wp\/v2\/product\/4710\/revisions\/4816"}],"wp:featuredmedia":[{"embeddable":true,"href":"https:\/\/tecplan.com.es\/en\/wp-json\/wp\/v2\/media\/4686"}],"wp:attachment":[{"href":"https:\/\/tecplan.com.es\/en\/wp-json\/wp\/v2\/media?parent=4710"}],"wp:term":[{"taxonomy":"product_brand","embeddable":true,"href":"https:\/\/tecplan.com.es\/en\/wp-json\/wp\/v2\/product_brand?post=4710"},{"taxonomy":"product_cat","embeddable":true,"href":"https:\/\/tecplan.com.es\/en\/wp-json\/wp\/v2\/product_cat?post=4710"},{"taxonomy":"product_tag","embeddable":true,"href":"https:\/\/tecplan.com.es\/en\/wp-json\/wp\/v2\/product_tag?post=4710"}],"curies":[{"name":"wp","href":"https:\/\/api.w.org\/{rel}","templated":true}]}}