{"id":4709,"date":"2025-12-03T22:37:10","date_gmt":"2025-12-03T22:37:10","guid":{"rendered":"https:\/\/tecplan.com.es\/product\/antena-nbe-5ac-gen2\/"},"modified":"2025-12-19T21:51:15","modified_gmt":"2025-12-19T21:51:15","slug":"antena-nbe-5ac-gen2","status":"publish","type":"product","link":"https:\/\/tecplan.com.es\/en\/product\/antena-nbe-5ac-gen2\/","title":{"rendered":"Antena NBE-5AC-GEN2"},"content":{"rendered":"<p><strong>airMAX NanoBeam 5AC NBE-5AC-GEN2<\/strong><\/p>\n<div class=\"message assistant llm-output svelte-t22puq first\">\n<p class=\"svelte-1fz0gqk\" style=\"text-align: justify;\"><span class=\"svelte-1fz0gqk\">El\u00a0<\/span><strong class=\"svelte-1fz0gqk\"><span class=\"svelte-1fz0gqk fade-in\">Ubiquiti NanoBeam 5AC Gen2 (NBE-5AC-Gen2)<\/span><\/strong><span class=\"svelte-1fz0gqk fade-in\"> es un puente inal\u00e1mbrico exterior de alto rendimiento dise\u00f1ado para conectividad punto a punto (PtP) y punto a multipunto (PtMP) de largo alcance. Opera en la banda de frecuencia de 5 GHz y aprovecha la tecnolog\u00eda de CA airMAX de Ubiquiti para ofrecer conexiones confiables y de alto rendimiento incluso en entornos de RF ruidosos.<\/span><\/p>\n<\/div>\n<div class=\"message assistant llm-output svelte-t22puq\">\n<p class=\"svelte-1fz0gqk\" style=\"text-align: justify;\"><span class=\"svelte-1fz0gqk\">Las caracter\u00edsticas clave incluyen a\u00a0<\/span><strong class=\"svelte-1fz0gqk\"><span class=\"svelte-1fz0gqk fade-in\">ancho de haz m\u00e1s estrecho<\/span><\/strong><span class=\"svelte-1fz0gqk fade-in\">\u00a0para mejorar la inmunidad al ruido, a\u00a0<\/span><strong class=\"svelte-1fz0gqk\"><span class=\"svelte-1fz0gqk fade-in\">Radio dedicada a la gesti\u00f3n de Wi-Fi<\/span><\/strong><span class=\"svelte-1fz0gqk fade-in\">\u00a0para una f\u00e1cil configuraci\u00f3n a trav\u00e9s de dispositivos m\u00f3viles, y\u00a0<\/span><strong class=\"svelte-1fz0gqk\"><span class=\"svelte-1fz0gqk fade-in\">an\u00e1lisis del espectro airView\u00ae<\/span><\/strong><span class=\"svelte-1fz0gqk fade-in\">\u00a0para diagn\u00f3sticos de RF en tiempo real. El dise\u00f1o integrado combina la radio y la antena en un gabinete compacto y resistente a la intemperie (clasificaci\u00f3n IP67), lo que lo hace ideal para implementaciones rentables donde el espacio y el rendimiento son importantes.<\/span><\/p>\n<\/div>\n<p><strong>Mechanical<\/strong><\/p>\n<ul>\n<li>Dimensions 189 x 189 x 125 mm (7.44 x 7.44 x 4.92&#8243;)<\/li>\n<li>Weight 530 g (1.17 lb)<\/li>\n<li>Enclosure material UV-stabilized plastic<\/li>\n<li>Mounting Pole mount kit (Included)<\/li>\n<li>Wall mount (Not included)<\/li>\n<li>Wind loading 45.4 N at 200 km\/h (10.2 lbf at 125 mph)<\/li>\n<li>Wind survivability 200 km\/h (125 mph)<\/li>\n<\/ul>\n<p><strong>Hardware<\/strong><\/p>\n<ul>\n<li>Networking interface (2) GbE RJ45 ports<\/li>\n<li>Power method Passive PoE 2-pair (4, 5+; 7, 8 return)<\/li>\n<li>Power supply 24V, 0.5A gigabit PoE adapter (Included)<\/li>\n<li>Supported voltage range 20\u201327V DC<\/li>\n<li>Max. power consumption 8.5W<\/li>\n<li>ESD\/EMP protection Air\/contact: \u00b1 24kV<\/li>\n<li>LEDs Power, Ethernet, (4) Signal strength<\/li>\n<li>Salt fog test IEC 68-2-11 (ASTM B117)<\/li>\n<li>Equivalent: MIL-STD-810 G method 509.5<\/li>\n<li>Vibration test IEC 68-2-6<\/li>\n<li>Temperature shock test IEC 68-2-14<\/li>\n<li>UV test IEC 68-2-5 at 40\u00b0 C (104\u00b0 F)<\/li>\n<li>Equivalent: ETS 300 019-1-4<\/li>\n<li>Wind-driven rain test ETS 300 019-1-4<\/li>\n<li>Equivalent: MIL-STD-810 G method 506.5<\/li>\n<li>Ambient operating temperature -40 to 80\u00b0 C (-40 to 176 F)<\/li>\n<li>Ambient operating humidity 5 to 95% noncondensing<\/li>\n<li>Certifications CE, FCC, IC<\/li>\n<li>NDAA Compliant Yes<\/li>\n<\/ul>\n<h5 style=\"text-align: justify;\"><span style=\"text-decoration: underline;\"><strong>DOWNLOADS<\/strong><\/span><\/h5>\n<ul style=\"text-align: justify;\">\n<li>\u2192\u00a0 <a href=\"https:\/\/drive.google.com\/file\/d\/1IFo7cXDJn1Fi_GuSzXO7rv1p7MCaaHqU\/view?usp=sharing\">Technical sheet<\/a><\/li>\n<\/ul>\n<p>&nbsp;<\/p>\n<p>&nbsp;<\/p>","protected":false},"excerpt":{"rendered":"<p style=\"text-align: justify;\">CPE de Exterior Ubiquiti Networks NanoBeam NBE-5AC-GEN2 de 5GHz LAN Ubiquiti Networks NBE-5AC-GEN2. Radio de administraci\u00f3n Wi-Fi. Protecci\u00f3n contra sobretensiones mejorada. Incre\u00edble rendimiento.<\/p>\n<p><img decoding=\"async\" class=\"wp-image-3330 aligncenter\" src=\"https:\/\/tecplan.com.es\/wp-content\/uploads\/2025\/09\/Ubiquiti_Networks-300x200.png\" alt=\"\" width=\"188\" height=\"137\" \/><\/p>","protected":false},"featured_media":4680,"comment_status":"open","ping_status":"closed","template":"","meta":{"site-sidebar-layout":"default","site-content-layout":"","ast-site-content-layout":"default","site-content-style":"default","site-sidebar-style":"default","ast-global-header-display":"","ast-banner-title-visibility":"","ast-main-header-display":"","ast-hfb-above-header-display":"","ast-hfb-below-header-display":"","ast-hfb-mobile-header-display":"","site-post-title":"","ast-breadcrumbs-content":"","ast-featured-img":"","footer-sml-layout":"","ast-disable-related-posts":"","theme-transparent-header-meta":"default","adv-header-id-meta":"","stick-header-meta":"","header-above-stick-meta":"","header-main-stick-meta":"","header-below-stick-meta":"","astra-migrate-meta-layouts":"set","ast-page-background-enabled":"default","ast-page-background-meta":{"desktop":{"background-color":"var(--ast-global-color-5)","background-image":"","background-repeat":"repeat","background-position":"center center","background-size":"auto","background-attachment":"scroll","background-type":"","background-media":"","overlay-type":"","overlay-color":"","overlay-opacity":"","overlay-gradient":""},"tablet":{"background-color":"","background-image":"","background-repeat":"repeat","background-position":"center center","background-size":"auto","background-attachment":"scroll","background-type":"","background-media":"","overlay-type":"","overlay-color":"","overlay-opacity":"","overlay-gradient":""},"mobile":{"background-color":"","background-image":"","background-repeat":"repeat","background-position":"center center","background-size":"auto","background-attachment":"scroll","background-type":"","background-media":"","overlay-type":"","overlay-color":"","overlay-opacity":"","overlay-gradient":""}},"ast-content-background-meta":{"desktop":{"background-color":"var(--ast-global-color-4)","background-image":"","background-repeat":"repeat","background-position":"center center","background-size":"auto","background-attachment":"scroll","background-type":"","background-media":"","overlay-type":"","overlay-color":"","overlay-opacity":"","overlay-gradient":""},"tablet":{"background-color":"var(--ast-global-color-4)","background-image":"","background-repeat":"repeat","background-position":"center center","background-size":"auto","background-attachment":"scroll","background-type":"","background-media":"","overlay-type":"","overlay-color":"","overlay-opacity":"","overlay-gradient":""},"mobile":{"background-color":"var(--ast-global-color-4)","background-image":"","background-repeat":"repeat","background-position":"center center","background-size":"auto","background-attachment":"scroll","background-type":"","background-media":"","overlay-type":"","overlay-color":"","overlay-opacity":"","overlay-gradient":""}}},"product_brand":[247],"product_cat":[112,113,96,111],"product_tag":[248],"class_list":{"0":"post-4709","1":"product","2":"type-product","3":"status-publish","4":"has-post-thumbnail","6":"product_brand-ubiquiti-networks","7":"product_cat-enlace-punto-multi-punto","8":"product_cat-enlaces-punto-a-punto","9":"product_cat-networking","10":"product_cat-ubiquiti","11":"product_tag-ubiquiti-networks","12":"desktop-align-left","13":"tablet-align-left","14":"mobile-align-left","16":"first","17":"instock","18":"shipping-taxable","19":"product-type-simple"},"yoast_head":"<!-- This site is optimized with the Yoast SEO plugin v25.3 - https:\/\/yoast.com\/wordpress\/plugins\/seo\/ -->\n<title>Antena NBE-5AC-GEN2 - Tecplan<\/title>\n<meta name=\"robots\" content=\"index, follow, max-snippet:-1, max-image-preview:large, max-video-preview:-1\" \/>\n<link rel=\"canonical\" href=\"https:\/\/tecplan.com.es\/en\/product\/antena-nbe-5ac-gen2\/\" \/>\n<meta property=\"og:locale\" content=\"en_US\" \/>\n<meta property=\"og:type\" content=\"article\" \/>\n<meta property=\"og:title\" content=\"Antena NBE-5AC-GEN2 - Tecplan\" \/>\n<meta property=\"og:description\" content=\"CPE de Exterior Ubiquiti Networks NanoBeam NBE-5AC-GEN2 de 5GHz LAN Ubiquiti Networks NBE-5AC-GEN2. Radio de administraci\u00f3n Wi-Fi. Protecci\u00f3n contra sobretensiones mejorada. Incre\u00edble rendimiento.\" \/>\n<meta property=\"og:url\" content=\"https:\/\/tecplan.com.es\/en\/product\/antena-nbe-5ac-gen2\/\" \/>\n<meta property=\"og:site_name\" content=\"Tecplan\" \/>\n<meta property=\"article:modified_time\" content=\"2025-12-19T21:51:15+00:00\" \/>\n<meta property=\"og:image\" content=\"https:\/\/tecplan.com.es\/wp-content\/uploads\/2025\/12\/1-2.jpg\" \/>\n\t<meta property=\"og:image:width\" content=\"336\" \/>\n\t<meta property=\"og:image:height\" content=\"336\" \/>\n\t<meta property=\"og:image:type\" content=\"image\/jpeg\" \/>\n<meta name=\"twitter:card\" content=\"summary_large_image\" \/>\n<meta name=\"twitter:label1\" content=\"Est. reading time\" \/>\n\t<meta name=\"twitter:data1\" content=\"2 minutes\" \/>\n<script type=\"application\/ld+json\" class=\"yoast-schema-graph\">{\"@context\":\"https:\/\/schema.org\",\"@graph\":[{\"@type\":\"WebPage\",\"@id\":\"https:\/\/tecplan.com.es\/product\/antena-nbe-5ac-gen2\/\",\"url\":\"https:\/\/tecplan.com.es\/product\/antena-nbe-5ac-gen2\/\",\"name\":\"Antena NBE-5AC-GEN2 - Tecplan\",\"isPartOf\":{\"@id\":\"https:\/\/tecplan.com.es\/#website\"},\"primaryImageOfPage\":{\"@id\":\"https:\/\/tecplan.com.es\/product\/antena-nbe-5ac-gen2\/#primaryimage\"},\"image\":{\"@id\":\"https:\/\/tecplan.com.es\/product\/antena-nbe-5ac-gen2\/#primaryimage\"},\"thumbnailUrl\":\"https:\/\/tecplan.com.es\/wp-content\/uploads\/2025\/12\/1-2.jpg\",\"datePublished\":\"2025-12-03T22:37:10+00:00\",\"dateModified\":\"2025-12-19T21:51:15+00:00\",\"breadcrumb\":{\"@id\":\"https:\/\/tecplan.com.es\/product\/antena-nbe-5ac-gen2\/#breadcrumb\"},\"inLanguage\":\"en-US\",\"potentialAction\":[{\"@type\":\"ReadAction\",\"target\":[\"https:\/\/tecplan.com.es\/product\/antena-nbe-5ac-gen2\/\"]}]},{\"@type\":\"ImageObject\",\"inLanguage\":\"en-US\",\"@id\":\"https:\/\/tecplan.com.es\/product\/antena-nbe-5ac-gen2\/#primaryimage\",\"url\":\"https:\/\/tecplan.com.es\/wp-content\/uploads\/2025\/12\/1-2.jpg\",\"contentUrl\":\"https:\/\/tecplan.com.es\/wp-content\/uploads\/2025\/12\/1-2.jpg\",\"width\":336,\"height\":336,\"caption\":\"?????????????????????????????????????????????????????????\"},{\"@type\":\"BreadcrumbList\",\"@id\":\"https:\/\/tecplan.com.es\/product\/antena-nbe-5ac-gen2\/#breadcrumb\",\"itemListElement\":[{\"@type\":\"ListItem\",\"position\":1,\"name\":\"Home\",\"item\":\"https:\/\/tecplan.com.es\/\"},{\"@type\":\"ListItem\",\"position\":2,\"name\":\"Shop\",\"item\":\"https:\/\/tecplan.com.es\/shop\/\"},{\"@type\":\"ListItem\",\"position\":3,\"name\":\"Antena NBE-5AC-GEN2\"}]},{\"@type\":\"WebSite\",\"@id\":\"https:\/\/tecplan.com.es\/#website\",\"url\":\"https:\/\/tecplan.com.es\/\",\"name\":\"Tecplan\",\"description\":\"\",\"potentialAction\":[{\"@type\":\"SearchAction\",\"target\":{\"@type\":\"EntryPoint\",\"urlTemplate\":\"https:\/\/tecplan.com.es\/?s={search_term_string}\"},\"query-input\":{\"@type\":\"PropertyValueSpecification\",\"valueRequired\":true,\"valueName\":\"search_term_string\"}}],\"inLanguage\":\"en-US\"}]}<\/script>\n<!-- \/ Yoast SEO plugin. -->","yoast_head_json":{"title":"Antena NBE-5AC-GEN2 - Tecplan","robots":{"index":"index","follow":"follow","max-snippet":"max-snippet:-1","max-image-preview":"max-image-preview:large","max-video-preview":"max-video-preview:-1"},"canonical":"https:\/\/tecplan.com.es\/en\/product\/antena-nbe-5ac-gen2\/","og_locale":"en_US","og_type":"article","og_title":"Antena NBE-5AC-GEN2 - Tecplan","og_description":"CPE de Exterior Ubiquiti Networks NanoBeam NBE-5AC-GEN2 de 5GHz LAN Ubiquiti Networks NBE-5AC-GEN2. Radio de administraci\u00f3n Wi-Fi. Protecci\u00f3n contra sobretensiones mejorada. Incre\u00edble rendimiento.","og_url":"https:\/\/tecplan.com.es\/en\/product\/antena-nbe-5ac-gen2\/","og_site_name":"Tecplan","article_modified_time":"2025-12-19T21:51:15+00:00","og_image":[{"width":336,"height":336,"url":"https:\/\/tecplan.com.es\/wp-content\/uploads\/2025\/12\/1-2.jpg","type":"image\/jpeg"}],"twitter_card":"summary_large_image","twitter_misc":{"Est. reading time":"2 minutes"},"schema":{"@context":"https:\/\/schema.org","@graph":[{"@type":"WebPage","@id":"https:\/\/tecplan.com.es\/product\/antena-nbe-5ac-gen2\/","url":"https:\/\/tecplan.com.es\/product\/antena-nbe-5ac-gen2\/","name":"Antena NBE-5AC-GEN2 - Tecplan","isPartOf":{"@id":"https:\/\/tecplan.com.es\/#website"},"primaryImageOfPage":{"@id":"https:\/\/tecplan.com.es\/product\/antena-nbe-5ac-gen2\/#primaryimage"},"image":{"@id":"https:\/\/tecplan.com.es\/product\/antena-nbe-5ac-gen2\/#primaryimage"},"thumbnailUrl":"https:\/\/tecplan.com.es\/wp-content\/uploads\/2025\/12\/1-2.jpg","datePublished":"2025-12-03T22:37:10+00:00","dateModified":"2025-12-19T21:51:15+00:00","breadcrumb":{"@id":"https:\/\/tecplan.com.es\/product\/antena-nbe-5ac-gen2\/#breadcrumb"},"inLanguage":"en-US","potentialAction":[{"@type":"ReadAction","target":["https:\/\/tecplan.com.es\/product\/antena-nbe-5ac-gen2\/"]}]},{"@type":"ImageObject","inLanguage":"en-US","@id":"https:\/\/tecplan.com.es\/product\/antena-nbe-5ac-gen2\/#primaryimage","url":"https:\/\/tecplan.com.es\/wp-content\/uploads\/2025\/12\/1-2.jpg","contentUrl":"https:\/\/tecplan.com.es\/wp-content\/uploads\/2025\/12\/1-2.jpg","width":336,"height":336,"caption":"?????????????????????????????????????????????????????????"},{"@type":"BreadcrumbList","@id":"https:\/\/tecplan.com.es\/product\/antena-nbe-5ac-gen2\/#breadcrumb","itemListElement":[{"@type":"ListItem","position":1,"name":"Home","item":"https:\/\/tecplan.com.es\/"},{"@type":"ListItem","position":2,"name":"Shop","item":"https:\/\/tecplan.com.es\/shop\/"},{"@type":"ListItem","position":3,"name":"Antena NBE-5AC-GEN2"}]},{"@type":"WebSite","@id":"https:\/\/tecplan.com.es\/#website","url":"https:\/\/tecplan.com.es\/","name":"Tecplan","description":"","potentialAction":[{"@type":"SearchAction","target":{"@type":"EntryPoint","urlTemplate":"https:\/\/tecplan.com.es\/?s={search_term_string}"},"query-input":{"@type":"PropertyValueSpecification","valueRequired":true,"valueName":"search_term_string"}}],"inLanguage":"en-US"}]}},"_links":{"self":[{"href":"https:\/\/tecplan.com.es\/en\/wp-json\/wp\/v2\/product\/4709","targetHints":{"allow":["GET"]}}],"collection":[{"href":"https:\/\/tecplan.com.es\/en\/wp-json\/wp\/v2\/product"}],"about":[{"href":"https:\/\/tecplan.com.es\/en\/wp-json\/wp\/v2\/types\/product"}],"replies":[{"embeddable":true,"href":"https:\/\/tecplan.com.es\/en\/wp-json\/wp\/v2\/comments?post=4709"}],"version-history":[{"count":6,"href":"https:\/\/tecplan.com.es\/en\/wp-json\/wp\/v2\/product\/4709\/revisions"}],"predecessor-version":[{"id":4854,"href":"https:\/\/tecplan.com.es\/en\/wp-json\/wp\/v2\/product\/4709\/revisions\/4854"}],"wp:featuredmedia":[{"embeddable":true,"href":"https:\/\/tecplan.com.es\/en\/wp-json\/wp\/v2\/media\/4680"}],"wp:attachment":[{"href":"https:\/\/tecplan.com.es\/en\/wp-json\/wp\/v2\/media?parent=4709"}],"wp:term":[{"taxonomy":"product_brand","embeddable":true,"href":"https:\/\/tecplan.com.es\/en\/wp-json\/wp\/v2\/product_brand?post=4709"},{"taxonomy":"product_cat","embeddable":true,"href":"https:\/\/tecplan.com.es\/en\/wp-json\/wp\/v2\/product_cat?post=4709"},{"taxonomy":"product_tag","embeddable":true,"href":"https:\/\/tecplan.com.es\/en\/wp-json\/wp\/v2\/product_tag?post=4709"}],"curies":[{"name":"wp","href":"https:\/\/api.w.org\/{rel}","templated":true}]}}