{"id":4708,"date":"2025-12-03T22:37:10","date_gmt":"2025-12-03T22:37:10","guid":{"rendered":"https:\/\/tecplan.com.es\/product\/cpe-exteriornbe-m5-16\/"},"modified":"2026-01-02T19:55:01","modified_gmt":"2026-01-02T19:55:01","slug":"cpe-exteriornbe-m5-16","status":"publish","type":"product","link":"https:\/\/tecplan.com.es\/en\/product\/cpe-exteriornbe-m5-16\/","title":{"rendered":"CPE ExteriorNBE-M5-16"},"content":{"rendered":"<p style=\"text-align: justify;\"><strong>Antena Networks NBE-M5-16<\/strong><\/p>\n<p style=\"text-align: justify;\">El Networks NBE-M5-16 es un dispositivo de punto de acceso inal\u00e1mbrico de la serie AirMAX de Ubiquiti Networks que opera en la frecuencia de 5 GHz y cuenta con una antena de 16 dBi. Est\u00e1 dise\u00f1ado para enlaces de punto a punto (PtP) o punto a multipunto (PtMP) y utiliza la tecnolog\u00eda airMAX para mejorar el rendimiento y la inmunidad al ruido en entornos concurridos. Es una soluci\u00f3n para la creaci\u00f3n de puentes inal\u00e1mbricos de largo alcance o la extensi\u00f3n de redes de \u00e1rea local..<\/p>\n<p><strong>Especificaciones clave<\/strong><\/p>\n<ul>\n<li style=\"text-align: justify;\">Modelo: NBE-M5-16<\/li>\n<li style=\"text-align: justify;\">Frecuencia: 5 GHz (5170 \u2013 5875 MHz)<\/li>\n<li style=\"text-align: justify;\">Ganancia de antena: 16 dBi<\/li>\n<li style=\"text-align: justify;\">Tecnolog\u00eda: AirMAX con TDMA<\/li>\n<li style=\"text-align: justify;\">Procesador: Atheros MIPS 74Kc, 560 MHz<\/li>\n<li style=\"text-align: justify;\">Memoria: 64 MB DDR2 RAM<\/li>\n<li style=\"text-align: justify;\">Almacenamiento: 8 MB de Flash<\/li>\n<li style=\"text-align: justify;\">Puerto Ethernet: 1x 10\/100<\/li>\n<li style=\"text-align: justify;\">Alimentaci\u00f3n: PoE pasiva de 24V, 0.5A<\/li>\n<li style=\"text-align: justify;\">Consumo m\u00e1ximo: 6W<\/li>\n<li style=\"text-align: justify;\">Dise\u00f1o: Todo en uno con radio y antena integrados<\/li>\n<\/ul>\n<p><strong>Caracter\u00edsticas destacadas<\/strong><\/p>\n<ul>\n<li style=\"text-align: justify;\">Enfoque de RF: Maximiza el rendimiento al enfocar la energ\u00eda de RF en un haz m\u00e1s estrecho, lo que ayuda a bloquear el ruido de otros dispositivos.<\/li>\n<li style=\"text-align: justify;\">Inmunidad al ruido: La tecnolog\u00eda permite un mayor rendimiento en \u00e1reas con alta densidad de se\u00f1ales de RF.<\/li>\n<li style=\"text-align: justify;\">Montaje flexible: Se puede montar en postes o en paredes y cuenta con un nivel de alineaci\u00f3n integrado para facilitar la instalaci\u00f3n.<\/li>\n<li style=\"text-align: justify;\">Velocidad de transferencia: Ofrece velocidades de transferencia de datos de hasta 150 Mbps (en la banda de 5 GHz<\/li>\n<\/ul>\n<h5 style=\"text-align: justify;\"><span style=\"text-decoration: underline;\"><strong>DOWNLOADS<\/strong><\/span><\/h5>\n<ul style=\"text-align: justify;\">\n<li>\u2192\u00a0 <a href=\"https:\/\/drive.google.com\/file\/d\/1ZdWTIeWFw_XOz4J8U1z8RJ2dpZDaeV6h\/view?usp=sharing\">Technical sheet<\/a><\/li>\n<\/ul>\n<p>&nbsp;<\/p>","protected":false},"excerpt":{"rendered":"<p style=\"text-align: justify;\"><strong>CPE de Exterior Ubiquiti Networks Nanobeam M5 de 16 dBi 5 GHz<\/strong><\/p>\n<ul>\n<li style=\"text-align: justify;\">Ubiquiti Networks NBE-M5-16. Sistema airOS 5 Conector Fast<\/li>\n<li style=\"text-align: justify;\">Ethernet 10\/100 Mbps Potencia de Salida 400 mW Ancho de<\/li>\n<li style=\"text-align: justify;\">Banda 300 Mbps.<\/li>\n<\/ul>\n<p><img decoding=\"async\" class=\"wp-image-3330 aligncenter\" src=\"https:\/\/tecplan.com.es\/wp-content\/uploads\/2025\/09\/Ubiquiti_Networks-300x200.png\" alt=\"\" width=\"145\" height=\"126\" \/><\/p>","protected":false},"featured_media":4680,"comment_status":"open","ping_status":"closed","template":"","meta":{"site-sidebar-layout":"default","site-content-layout":"","ast-site-content-layout":"default","site-content-style":"default","site-sidebar-style":"default","ast-global-header-display":"","ast-banner-title-visibility":"","ast-main-header-display":"","ast-hfb-above-header-display":"","ast-hfb-below-header-display":"","ast-hfb-mobile-header-display":"","site-post-title":"","ast-breadcrumbs-content":"","ast-featured-img":"","footer-sml-layout":"","ast-disable-related-posts":"","theme-transparent-header-meta":"default","adv-header-id-meta":"","stick-header-meta":"","header-above-stick-meta":"","header-main-stick-meta":"","header-below-stick-meta":"","astra-migrate-meta-layouts":"set","ast-page-background-enabled":"default","ast-page-background-meta":{"desktop":{"background-color":"var(--ast-global-color-5)","background-image":"","background-repeat":"repeat","background-position":"center center","background-size":"auto","background-attachment":"scroll","background-type":"","background-media":"","overlay-type":"","overlay-color":"","overlay-opacity":"","overlay-gradient":""},"tablet":{"background-color":"","background-image":"","background-repeat":"repeat","background-position":"center center","background-size":"auto","background-attachment":"scroll","background-type":"","background-media":"","overlay-type":"","overlay-color":"","overlay-opacity":"","overlay-gradient":""},"mobile":{"background-color":"","background-image":"","background-repeat":"repeat","background-position":"center center","background-size":"auto","background-attachment":"scroll","background-type":"","background-media":"","overlay-type":"","overlay-color":"","overlay-opacity":"","overlay-gradient":""}},"ast-content-background-meta":{"desktop":{"background-color":"var(--ast-global-color-4)","background-image":"","background-repeat":"repeat","background-position":"center center","background-size":"auto","background-attachment":"scroll","background-type":"","background-media":"","overlay-type":"","overlay-color":"","overlay-opacity":"","overlay-gradient":""},"tablet":{"background-color":"var(--ast-global-color-4)","background-image":"","background-repeat":"repeat","background-position":"center center","background-size":"auto","background-attachment":"scroll","background-type":"","background-media":"","overlay-type":"","overlay-color":"","overlay-opacity":"","overlay-gradient":""},"mobile":{"background-color":"var(--ast-global-color-4)","background-image":"","background-repeat":"repeat","background-position":"center center","background-size":"auto","background-attachment":"scroll","background-type":"","background-media":"","overlay-type":"","overlay-color":"","overlay-opacity":"","overlay-gradient":""}}},"product_brand":[247],"product_cat":[113,96,111],"product_tag":[248],"class_list":{"0":"post-4708","1":"product","2":"type-product","3":"status-publish","4":"has-post-thumbnail","6":"product_brand-ubiquiti-networks","7":"product_cat-enlaces-punto-a-punto","8":"product_cat-networking","9":"product_cat-ubiquiti","10":"product_tag-ubiquiti-networks","11":"desktop-align-left","12":"tablet-align-left","13":"mobile-align-left","15":"first","16":"instock","17":"shipping-taxable","18":"product-type-simple"},"yoast_head":"<!-- This site is optimized with the Yoast SEO plugin v25.3 - https:\/\/yoast.com\/wordpress\/plugins\/seo\/ -->\n<title>CPE ExteriorNBE-M5-16 - Tecplan<\/title>\n<meta name=\"robots\" content=\"index, follow, max-snippet:-1, max-image-preview:large, max-video-preview:-1\" \/>\n<link rel=\"canonical\" href=\"https:\/\/tecplan.com.es\/en\/product\/cpe-exteriornbe-m5-16\/\" \/>\n<meta property=\"og:locale\" content=\"en_US\" \/>\n<meta property=\"og:type\" content=\"article\" \/>\n<meta property=\"og:title\" content=\"CPE ExteriorNBE-M5-16 - Tecplan\" \/>\n<meta property=\"og:description\" content=\"CPE de Exterior Ubiquiti Networks Nanobeam M5 de 16 dBi 5 GHz    Ubiquiti Networks NBE-M5-16. Sistema airOS 5 Conector Fast  Ethernet 10\/100 Mbps Potencia de Salida 400 mW Ancho de  Banda 300 Mbps.\" \/>\n<meta property=\"og:url\" content=\"https:\/\/tecplan.com.es\/en\/product\/cpe-exteriornbe-m5-16\/\" \/>\n<meta property=\"og:site_name\" content=\"Tecplan\" \/>\n<meta property=\"article:modified_time\" content=\"2026-01-02T19:55:01+00:00\" \/>\n<meta property=\"og:image\" content=\"https:\/\/tecplan.com.es\/wp-content\/uploads\/2025\/12\/1-2.jpg\" \/>\n\t<meta property=\"og:image:width\" content=\"336\" \/>\n\t<meta property=\"og:image:height\" content=\"336\" \/>\n\t<meta property=\"og:image:type\" content=\"image\/jpeg\" \/>\n<meta name=\"twitter:card\" content=\"summary_large_image\" \/>\n<meta name=\"twitter:label1\" content=\"Est. reading time\" \/>\n\t<meta name=\"twitter:data1\" content=\"2 minutes\" \/>\n<script type=\"application\/ld+json\" class=\"yoast-schema-graph\">{\"@context\":\"https:\/\/schema.org\",\"@graph\":[{\"@type\":\"WebPage\",\"@id\":\"https:\/\/tecplan.com.es\/product\/cpe-exteriornbe-m5-16\/\",\"url\":\"https:\/\/tecplan.com.es\/product\/cpe-exteriornbe-m5-16\/\",\"name\":\"CPE ExteriorNBE-M5-16 - Tecplan\",\"isPartOf\":{\"@id\":\"https:\/\/tecplan.com.es\/#website\"},\"primaryImageOfPage\":{\"@id\":\"https:\/\/tecplan.com.es\/product\/cpe-exteriornbe-m5-16\/#primaryimage\"},\"image\":{\"@id\":\"https:\/\/tecplan.com.es\/product\/cpe-exteriornbe-m5-16\/#primaryimage\"},\"thumbnailUrl\":\"https:\/\/tecplan.com.es\/wp-content\/uploads\/2025\/12\/1-2.jpg\",\"datePublished\":\"2025-12-03T22:37:10+00:00\",\"dateModified\":\"2026-01-02T19:55:01+00:00\",\"breadcrumb\":{\"@id\":\"https:\/\/tecplan.com.es\/product\/cpe-exteriornbe-m5-16\/#breadcrumb\"},\"inLanguage\":\"en-US\",\"potentialAction\":[{\"@type\":\"ReadAction\",\"target\":[\"https:\/\/tecplan.com.es\/product\/cpe-exteriornbe-m5-16\/\"]}]},{\"@type\":\"ImageObject\",\"inLanguage\":\"en-US\",\"@id\":\"https:\/\/tecplan.com.es\/product\/cpe-exteriornbe-m5-16\/#primaryimage\",\"url\":\"https:\/\/tecplan.com.es\/wp-content\/uploads\/2025\/12\/1-2.jpg\",\"contentUrl\":\"https:\/\/tecplan.com.es\/wp-content\/uploads\/2025\/12\/1-2.jpg\",\"width\":336,\"height\":336,\"caption\":\"?????????????????????????????????????????????????????????\"},{\"@type\":\"BreadcrumbList\",\"@id\":\"https:\/\/tecplan.com.es\/product\/cpe-exteriornbe-m5-16\/#breadcrumb\",\"itemListElement\":[{\"@type\":\"ListItem\",\"position\":1,\"name\":\"Home\",\"item\":\"https:\/\/tecplan.com.es\/\"},{\"@type\":\"ListItem\",\"position\":2,\"name\":\"Shop\",\"item\":\"https:\/\/tecplan.com.es\/shop\/\"},{\"@type\":\"ListItem\",\"position\":3,\"name\":\"CPE ExteriorNBE-M5-16\"}]},{\"@type\":\"WebSite\",\"@id\":\"https:\/\/tecplan.com.es\/#website\",\"url\":\"https:\/\/tecplan.com.es\/\",\"name\":\"Tecplan\",\"description\":\"\",\"potentialAction\":[{\"@type\":\"SearchAction\",\"target\":{\"@type\":\"EntryPoint\",\"urlTemplate\":\"https:\/\/tecplan.com.es\/?s={search_term_string}\"},\"query-input\":{\"@type\":\"PropertyValueSpecification\",\"valueRequired\":true,\"valueName\":\"search_term_string\"}}],\"inLanguage\":\"en-US\"}]}<\/script>\n<!-- \/ Yoast SEO plugin. -->","yoast_head_json":{"title":"CPE ExteriorNBE-M5-16 - Tecplan","robots":{"index":"index","follow":"follow","max-snippet":"max-snippet:-1","max-image-preview":"max-image-preview:large","max-video-preview":"max-video-preview:-1"},"canonical":"https:\/\/tecplan.com.es\/en\/product\/cpe-exteriornbe-m5-16\/","og_locale":"en_US","og_type":"article","og_title":"CPE ExteriorNBE-M5-16 - Tecplan","og_description":"CPE de Exterior Ubiquiti Networks Nanobeam M5 de 16 dBi 5 GHz    Ubiquiti Networks NBE-M5-16. Sistema airOS 5 Conector Fast  Ethernet 10\/100 Mbps Potencia de Salida 400 mW Ancho de  Banda 300 Mbps.","og_url":"https:\/\/tecplan.com.es\/en\/product\/cpe-exteriornbe-m5-16\/","og_site_name":"Tecplan","article_modified_time":"2026-01-02T19:55:01+00:00","og_image":[{"width":336,"height":336,"url":"https:\/\/tecplan.com.es\/wp-content\/uploads\/2025\/12\/1-2.jpg","type":"image\/jpeg"}],"twitter_card":"summary_large_image","twitter_misc":{"Est. reading time":"2 minutes"},"schema":{"@context":"https:\/\/schema.org","@graph":[{"@type":"WebPage","@id":"https:\/\/tecplan.com.es\/product\/cpe-exteriornbe-m5-16\/","url":"https:\/\/tecplan.com.es\/product\/cpe-exteriornbe-m5-16\/","name":"CPE ExteriorNBE-M5-16 - Tecplan","isPartOf":{"@id":"https:\/\/tecplan.com.es\/#website"},"primaryImageOfPage":{"@id":"https:\/\/tecplan.com.es\/product\/cpe-exteriornbe-m5-16\/#primaryimage"},"image":{"@id":"https:\/\/tecplan.com.es\/product\/cpe-exteriornbe-m5-16\/#primaryimage"},"thumbnailUrl":"https:\/\/tecplan.com.es\/wp-content\/uploads\/2025\/12\/1-2.jpg","datePublished":"2025-12-03T22:37:10+00:00","dateModified":"2026-01-02T19:55:01+00:00","breadcrumb":{"@id":"https:\/\/tecplan.com.es\/product\/cpe-exteriornbe-m5-16\/#breadcrumb"},"inLanguage":"en-US","potentialAction":[{"@type":"ReadAction","target":["https:\/\/tecplan.com.es\/product\/cpe-exteriornbe-m5-16\/"]}]},{"@type":"ImageObject","inLanguage":"en-US","@id":"https:\/\/tecplan.com.es\/product\/cpe-exteriornbe-m5-16\/#primaryimage","url":"https:\/\/tecplan.com.es\/wp-content\/uploads\/2025\/12\/1-2.jpg","contentUrl":"https:\/\/tecplan.com.es\/wp-content\/uploads\/2025\/12\/1-2.jpg","width":336,"height":336,"caption":"?????????????????????????????????????????????????????????"},{"@type":"BreadcrumbList","@id":"https:\/\/tecplan.com.es\/product\/cpe-exteriornbe-m5-16\/#breadcrumb","itemListElement":[{"@type":"ListItem","position":1,"name":"Home","item":"https:\/\/tecplan.com.es\/"},{"@type":"ListItem","position":2,"name":"Shop","item":"https:\/\/tecplan.com.es\/shop\/"},{"@type":"ListItem","position":3,"name":"CPE ExteriorNBE-M5-16"}]},{"@type":"WebSite","@id":"https:\/\/tecplan.com.es\/#website","url":"https:\/\/tecplan.com.es\/","name":"Tecplan","description":"","potentialAction":[{"@type":"SearchAction","target":{"@type":"EntryPoint","urlTemplate":"https:\/\/tecplan.com.es\/?s={search_term_string}"},"query-input":{"@type":"PropertyValueSpecification","valueRequired":true,"valueName":"search_term_string"}}],"inLanguage":"en-US"}]}},"_links":{"self":[{"href":"https:\/\/tecplan.com.es\/en\/wp-json\/wp\/v2\/product\/4708","targetHints":{"allow":["GET"]}}],"collection":[{"href":"https:\/\/tecplan.com.es\/en\/wp-json\/wp\/v2\/product"}],"about":[{"href":"https:\/\/tecplan.com.es\/en\/wp-json\/wp\/v2\/types\/product"}],"replies":[{"embeddable":true,"href":"https:\/\/tecplan.com.es\/en\/wp-json\/wp\/v2\/comments?post=4708"}],"version-history":[{"count":3,"href":"https:\/\/tecplan.com.es\/en\/wp-json\/wp\/v2\/product\/4708\/revisions"}],"predecessor-version":[{"id":4868,"href":"https:\/\/tecplan.com.es\/en\/wp-json\/wp\/v2\/product\/4708\/revisions\/4868"}],"wp:featuredmedia":[{"embeddable":true,"href":"https:\/\/tecplan.com.es\/en\/wp-json\/wp\/v2\/media\/4680"}],"wp:attachment":[{"href":"https:\/\/tecplan.com.es\/en\/wp-json\/wp\/v2\/media?parent=4708"}],"wp:term":[{"taxonomy":"product_brand","embeddable":true,"href":"https:\/\/tecplan.com.es\/en\/wp-json\/wp\/v2\/product_brand?post=4708"},{"taxonomy":"product_cat","embeddable":true,"href":"https:\/\/tecplan.com.es\/en\/wp-json\/wp\/v2\/product_cat?post=4708"},{"taxonomy":"product_tag","embeddable":true,"href":"https:\/\/tecplan.com.es\/en\/wp-json\/wp\/v2\/product_tag?post=4708"}],"curies":[{"name":"wp","href":"https:\/\/api.w.org\/{rel}","templated":true}]}}