{"id":4676,"date":"2025-12-02T21:00:08","date_gmt":"2025-12-02T21:00:08","guid":{"rendered":"https:\/\/tecplan.com.es\/product\/locom2-24-ghz-8-5dbi\/"},"modified":"2025-12-16T21:51:42","modified_gmt":"2025-12-16T21:51:42","slug":"locom2-24-ghz-8-5dbi","status":"publish","type":"product","link":"https:\/\/tecplan.com.es\/en\/product\/locom2-24-ghz-8-5dbi\/","title":{"rendered":"LOCOM2 2,4 GHz 8.5dBi"},"content":{"rendered":"<p style=\"text-align: justify;\"><strong>Ubiquiti nanostation m locom2 2.4ghz 8.5dbi<\/strong><\/p>\n<p style=\"text-align: justify;\">NanoStation Loco M2 es un equipo de exterior muy compacto, que integra 2 antenas (MIMO) de 8 dBi de ganancia para la banda de 2.4 GHz. La velocidad de transferencia real del equipo es de hasta 150 Mbps. Otra gran ventaja es la elevada velocidad de transferencia del est\u00e1ndar 802.11n, gracias a la tecnolog\u00eda TDMA Time Division Multiplexing, permite conectarse a m\u00e1s de 300 clientes al equipo. Este modelo tiene una baja latencia. En comparaci\u00f3n con los predecesores Nanostation M, el Nano Loco M2 tiene un procesador con mayor frecuencia de reloj de 400 MHz y m\u00e1s memoria.<\/p>\n<p style=\"text-align: justify;\"><strong>Web de administraci\u00f3n sencilla y transparente.<\/strong><\/p>\n<p style=\"text-align: justify;\">Algunos ejemplos de posibles configuraciones pueden ser: Modo AP, client o WDS. Traffic Shaping. QoS. Bridge transparente o routing entre WAN y LAN, con NAT o sin NAT. Led espec\u00edfico para indicar la fuerza de la se\u00f1al. Potencia de salida 23 dBm.<\/p>\n<p style=\"text-align: justify;\"><strong>El equipo es compatible con IPv6 en modo bridge y WDS.<\/strong><\/p>\n<p style=\"text-align: justify;\">Incluye el inyector PoE de 24V necesario para su alimentaci\u00f3n, el inyector dispone de un bot\u00f3n de reset, puede utilizar este bot\u00f3n para cambiar el dispositivo al modo recovery y subir el firmware por TFTP. Otra ventaja es que soporta PoE en el puerto ethernet secundario, lo que le permite alimentar otro dispositivo. Esta caracter\u00edstica puede ser deshabilitada a trav\u00e9s de software.<\/p>\n<p style=\"text-align: justify;\"><strong>Importante informaci\u00f3n sobre compatibilidad:<\/strong><br \/>\nEste dispositivo utiliza la nueva versi\u00f3n de firmware AirOS V. Por esta raz\u00f3n, es posible que el dispositivo no sea totalmente compatible con otros dispositivos de radio. El sistema AirOS est\u00e1 mejor\u00e1ndose continuamente por lo que se recomienda tener actualizado siempre el firmware a la \u00faltima versi\u00f3n.<\/p>\n<p style=\"text-align: justify;\"><strong>Marca Ubiquiti | Modelo NanoStation Loco M2<\/strong><\/p>\n<p style=\"text-align: justify;\"><strong>Caracter\u00edsticas<\/strong><br \/>\n&#8211; Procesador: Atheros MIPS 24KC, 400MHz<br \/>\n&#8211; Memoria: 32MB SDRAM, 8MB Flash<br \/>\n&#8211; Interfaz de red: 1&#215;10\/100 BASE-TX<br \/>\n&#8211; Est\u00e1ndares inal\u00e1mbricos: 802.11 b\/g\/n<br \/>\n&#8211; Banda de frecuencia: 2.4 GHz<br \/>\n&#8211; Antena: Integrada 2&#215;2 MiMo de 8 dBi, polarizaci\u00f3n dual<br \/>\n&#8211; Ancho del haz: H 60\u00b0 \/ V 60\u00b0<br \/>\n&#8211; Throughput TCP\/IP: hasta 150Mbit\/s<br \/>\n&#8211; Potencia de transmisi\u00f3n: max. 23dBm +\/-2dB en 11b\/g, max. 23dBm +\/-2dB en 11n<br \/>\n&#8211; Alcance: Hasta 15 Km<\/p>\n<p style=\"text-align: justify;\"><strong>Caracter\u00edsticas adicionales<\/strong><br \/>\n&#8211; Dimensiones: 163x31x80 mm<br \/>\n&#8211; Peso: 0.18 kg<br \/>\n&#8211; Regulaci\u00f3n: FCC Part 15.247, CE, IC RS210, RoHS<br \/>\n&#8211; Sensibilidad RX: min. -83dBm +\/-2dB en 11b\/g, min. -96dBm +\/-2dB en 11n<br \/>\n&#8211; Consumo m\u00e1ximo de potencia: 5.5 W<br \/>\n&#8211; Adaptador de corriente: 24V, 0.5A (12 Watts)<br \/>\n&#8211; Modo de alimentaci\u00f3n: Passive Power over Ethernet (hilos 4,5+; 7,8 de retorno)<br \/>\n&#8211; Temperatura de operaci\u00f3n: -30\u00b0C +80\u00b0C<br \/>\n-Humedad de operaci\u00f3n: 5 a 95% con condensaci\u00f3n<br \/>\n&#8211; Sistema operativo: AirOS V<\/p>\n<h5 style=\"text-align: justify;\"><span style=\"text-decoration: underline;\"><strong>DOWNLOADS<\/strong><\/span><\/h5>\n<ul style=\"text-align: justify;\">\n<li>\u2192\u00a0 <a href=\"https:\/\/drive.google.com\/file\/d\/10WshHCEA46VZcyNt_gr9wGS4KrKCU8NJ\/view?usp=sharing\">Technical sheet <\/a><\/li>\n<li><a href=\"https:\/\/drive.google.com\/file\/d\/1Ruqe96yMHcsbAJMrF6Ud8vS4af1t0q6s\/view?usp=sharing\">\u2192\u00a0 Gu\u00eda de instalaci\u00f3n<\/a><\/li>\n<\/ul>\n<p style=\"text-align: justify;\">","protected":false},"excerpt":{"rendered":"<p style=\"text-align: justify;\">El Nanostation Loco M2 de Ubiquiti usa un standar de 150Mbps de tr\u00e1fico real, para conexiones recomendadas en un rango de hasta 3 kms. La tecnolog\u00eda Mimo 2\u00d72 proporciona bajas latencias y enlaces m\u00e1s estables.<\/p>\n<p><img decoding=\"async\" class=\"wp-image-2370 aligncenter\" src=\"https:\/\/tecplan.com.es\/wp-content\/uploads\/2025\/07\/Ubiquiti_Networks-300x200.png\" alt=\"\" width=\"159\" height=\"106\" srcset=\"https:\/\/tecplan.com.es\/wp-content\/uploads\/2025\/07\/Ubiquiti_Networks-300x200.png 300w, https:\/\/tecplan.com.es\/wp-content\/uploads\/2025\/07\/Ubiquiti_Networks-1024x683.png 1024w, https:\/\/tecplan.com.es\/wp-content\/uploads\/2025\/07\/Ubiquiti_Networks-768x512.png 768w, https:\/\/tecplan.com.es\/wp-content\/uploads\/2025\/07\/Ubiquiti_Networks-1536x1024.png 1536w, https:\/\/tecplan.com.es\/wp-content\/uploads\/2025\/07\/Ubiquiti_Networks-2048x1365.png 2048w, https:\/\/tecplan.com.es\/wp-content\/uploads\/2025\/07\/Ubiquiti_Networks-18x12.png 18w, https:\/\/tecplan.com.es\/wp-content\/uploads\/2025\/07\/Ubiquiti_Networks-600x400.png 600w\" sizes=\"(max-width: 159px) 100vw, 159px\" \/><\/p>","protected":false},"featured_media":4687,"comment_status":"open","ping_status":"closed","template":"","meta":{"site-sidebar-layout":"default","site-content-layout":"","ast-site-content-layout":"default","site-content-style":"default","site-sidebar-style":"default","ast-global-header-display":"","ast-banner-title-visibility":"","ast-main-header-display":"","ast-hfb-above-header-display":"","ast-hfb-below-header-display":"","ast-hfb-mobile-header-display":"","site-post-title":"","ast-breadcrumbs-content":"","ast-featured-img":"","footer-sml-layout":"","ast-disable-related-posts":"","theme-transparent-header-meta":"default","adv-header-id-meta":"","stick-header-meta":"","header-above-stick-meta":"","header-main-stick-meta":"","header-below-stick-meta":"","astra-migrate-meta-layouts":"set","ast-page-background-enabled":"default","ast-page-background-meta":{"desktop":{"background-color":"var(--ast-global-color-5)","background-image":"","background-repeat":"repeat","background-position":"center center","background-size":"auto","background-attachment":"scroll","background-type":"","background-media":"","overlay-type":"","overlay-color":"","overlay-opacity":"","overlay-gradient":""},"tablet":{"background-color":"","background-image":"","background-repeat":"repeat","background-position":"center center","background-size":"auto","background-attachment":"scroll","background-type":"","background-media":"","overlay-type":"","overlay-color":"","overlay-opacity":"","overlay-gradient":""},"mobile":{"background-color":"","background-image":"","background-repeat":"repeat","background-position":"center center","background-size":"auto","background-attachment":"scroll","background-type":"","background-media":"","overlay-type":"","overlay-color":"","overlay-opacity":"","overlay-gradient":""}},"ast-content-background-meta":{"desktop":{"background-color":"var(--ast-global-color-4)","background-image":"","background-repeat":"repeat","background-position":"center center","background-size":"auto","background-attachment":"scroll","background-type":"","background-media":"","overlay-type":"","overlay-color":"","overlay-opacity":"","overlay-gradient":""},"tablet":{"background-color":"var(--ast-global-color-4)","background-image":"","background-repeat":"repeat","background-position":"center center","background-size":"auto","background-attachment":"scroll","background-type":"","background-media":"","overlay-type":"","overlay-color":"","overlay-opacity":"","overlay-gradient":""},"mobile":{"background-color":"var(--ast-global-color-4)","background-image":"","background-repeat":"repeat","background-position":"center center","background-size":"auto","background-attachment":"scroll","background-type":"","background-media":"","overlay-type":"","overlay-color":"","overlay-opacity":"","overlay-gradient":""}}},"product_brand":[247],"product_cat":[113,111],"product_tag":[248],"class_list":{"0":"post-4676","1":"product","2":"type-product","3":"status-publish","4":"has-post-thumbnail","6":"product_brand-ubiquiti-networks","7":"product_cat-enlaces-punto-a-punto","8":"product_cat-ubiquiti","9":"product_tag-ubiquiti-networks","10":"desktop-align-left","11":"tablet-align-left","12":"mobile-align-left","14":"first","15":"instock","16":"shipping-taxable","17":"product-type-simple"},"yoast_head":"<!-- This site is optimized with the Yoast SEO plugin v25.3 - https:\/\/yoast.com\/wordpress\/plugins\/seo\/ -->\n<title>LOCOM2 2,4 GHz 8.5dBi - Tecplan<\/title>\n<meta name=\"robots\" content=\"index, follow, max-snippet:-1, max-image-preview:large, max-video-preview:-1\" \/>\n<link rel=\"canonical\" href=\"https:\/\/tecplan.com.es\/en\/product\/locom2-24-ghz-8-5dbi\/\" \/>\n<meta property=\"og:locale\" content=\"en_US\" \/>\n<meta property=\"og:type\" content=\"article\" \/>\n<meta property=\"og:title\" content=\"LOCOM2 2,4 GHz 8.5dBi - Tecplan\" \/>\n<meta property=\"og:description\" content=\"El Nanostation Loco M2 de Ubiquiti usa un standar de 150Mbps de tr\u00e1fico real, para conexiones recomendadas en un rango de hasta 3 kms. La tecnolog\u00eda Mimo 2\u00d72 proporciona bajas latencias y enlaces m\u00e1s estables.\" \/>\n<meta property=\"og:url\" content=\"https:\/\/tecplan.com.es\/en\/product\/locom2-24-ghz-8-5dbi\/\" \/>\n<meta property=\"og:site_name\" content=\"Tecplan\" \/>\n<meta property=\"article:modified_time\" content=\"2025-12-16T21:51:42+00:00\" \/>\n<meta property=\"og:image\" content=\"https:\/\/tecplan.com.es\/wp-content\/uploads\/2025\/12\/NANOS-AIRMAX-2.jpg\" \/>\n\t<meta property=\"og:image:width\" content=\"1250\" \/>\n\t<meta property=\"og:image:height\" content=\"1250\" \/>\n\t<meta property=\"og:image:type\" content=\"image\/jpeg\" \/>\n<meta name=\"twitter:card\" content=\"summary_large_image\" \/>\n<meta name=\"twitter:label1\" content=\"Est. reading time\" \/>\n\t<meta name=\"twitter:data1\" content=\"3 minutes\" \/>\n<script type=\"application\/ld+json\" class=\"yoast-schema-graph\">{\"@context\":\"https:\/\/schema.org\",\"@graph\":[{\"@type\":\"WebPage\",\"@id\":\"https:\/\/tecplan.com.es\/product\/locom2-24-ghz-8-5dbi\/\",\"url\":\"https:\/\/tecplan.com.es\/product\/locom2-24-ghz-8-5dbi\/\",\"name\":\"LOCOM2 2,4 GHz 8.5dBi - Tecplan\",\"isPartOf\":{\"@id\":\"https:\/\/tecplan.com.es\/#website\"},\"primaryImageOfPage\":{\"@id\":\"https:\/\/tecplan.com.es\/product\/locom2-24-ghz-8-5dbi\/#primaryimage\"},\"image\":{\"@id\":\"https:\/\/tecplan.com.es\/product\/locom2-24-ghz-8-5dbi\/#primaryimage\"},\"thumbnailUrl\":\"https:\/\/tecplan.com.es\/wp-content\/uploads\/2025\/12\/NANOS-AIRMAX-2.jpg\",\"datePublished\":\"2025-12-02T21:00:08+00:00\",\"dateModified\":\"2025-12-16T21:51:42+00:00\",\"breadcrumb\":{\"@id\":\"https:\/\/tecplan.com.es\/product\/locom2-24-ghz-8-5dbi\/#breadcrumb\"},\"inLanguage\":\"en-US\",\"potentialAction\":[{\"@type\":\"ReadAction\",\"target\":[\"https:\/\/tecplan.com.es\/product\/locom2-24-ghz-8-5dbi\/\"]}]},{\"@type\":\"ImageObject\",\"inLanguage\":\"en-US\",\"@id\":\"https:\/\/tecplan.com.es\/product\/locom2-24-ghz-8-5dbi\/#primaryimage\",\"url\":\"https:\/\/tecplan.com.es\/wp-content\/uploads\/2025\/12\/NANOS-AIRMAX-2.jpg\",\"contentUrl\":\"https:\/\/tecplan.com.es\/wp-content\/uploads\/2025\/12\/NANOS-AIRMAX-2.jpg\",\"width\":1250,\"height\":1250},{\"@type\":\"BreadcrumbList\",\"@id\":\"https:\/\/tecplan.com.es\/product\/locom2-24-ghz-8-5dbi\/#breadcrumb\",\"itemListElement\":[{\"@type\":\"ListItem\",\"position\":1,\"name\":\"Home\",\"item\":\"https:\/\/tecplan.com.es\/\"},{\"@type\":\"ListItem\",\"position\":2,\"name\":\"Shop\",\"item\":\"https:\/\/tecplan.com.es\/shop\/\"},{\"@type\":\"ListItem\",\"position\":3,\"name\":\"LOCOM2 2,4 GHz 8.5dBi\"}]},{\"@type\":\"WebSite\",\"@id\":\"https:\/\/tecplan.com.es\/#website\",\"url\":\"https:\/\/tecplan.com.es\/\",\"name\":\"Tecplan\",\"description\":\"\",\"potentialAction\":[{\"@type\":\"SearchAction\",\"target\":{\"@type\":\"EntryPoint\",\"urlTemplate\":\"https:\/\/tecplan.com.es\/?s={search_term_string}\"},\"query-input\":{\"@type\":\"PropertyValueSpecification\",\"valueRequired\":true,\"valueName\":\"search_term_string\"}}],\"inLanguage\":\"en-US\"}]}<\/script>\n<!-- \/ Yoast SEO plugin. -->","yoast_head_json":{"title":"LOCOM2 2,4 GHz 8.5dBi - Tecplan","robots":{"index":"index","follow":"follow","max-snippet":"max-snippet:-1","max-image-preview":"max-image-preview:large","max-video-preview":"max-video-preview:-1"},"canonical":"https:\/\/tecplan.com.es\/en\/product\/locom2-24-ghz-8-5dbi\/","og_locale":"en_US","og_type":"article","og_title":"LOCOM2 2,4 GHz 8.5dBi - Tecplan","og_description":"El Nanostation Loco M2 de Ubiquiti usa un standar de 150Mbps de tr\u00e1fico real, para conexiones recomendadas en un rango de hasta 3 kms. La tecnolog\u00eda Mimo 2\u00d72 proporciona bajas latencias y enlaces m\u00e1s estables.","og_url":"https:\/\/tecplan.com.es\/en\/product\/locom2-24-ghz-8-5dbi\/","og_site_name":"Tecplan","article_modified_time":"2025-12-16T21:51:42+00:00","og_image":[{"width":1250,"height":1250,"url":"https:\/\/tecplan.com.es\/wp-content\/uploads\/2025\/12\/NANOS-AIRMAX-2.jpg","type":"image\/jpeg"}],"twitter_card":"summary_large_image","twitter_misc":{"Est. reading time":"3 minutes"},"schema":{"@context":"https:\/\/schema.org","@graph":[{"@type":"WebPage","@id":"https:\/\/tecplan.com.es\/product\/locom2-24-ghz-8-5dbi\/","url":"https:\/\/tecplan.com.es\/product\/locom2-24-ghz-8-5dbi\/","name":"LOCOM2 2,4 GHz 8.5dBi - Tecplan","isPartOf":{"@id":"https:\/\/tecplan.com.es\/#website"},"primaryImageOfPage":{"@id":"https:\/\/tecplan.com.es\/product\/locom2-24-ghz-8-5dbi\/#primaryimage"},"image":{"@id":"https:\/\/tecplan.com.es\/product\/locom2-24-ghz-8-5dbi\/#primaryimage"},"thumbnailUrl":"https:\/\/tecplan.com.es\/wp-content\/uploads\/2025\/12\/NANOS-AIRMAX-2.jpg","datePublished":"2025-12-02T21:00:08+00:00","dateModified":"2025-12-16T21:51:42+00:00","breadcrumb":{"@id":"https:\/\/tecplan.com.es\/product\/locom2-24-ghz-8-5dbi\/#breadcrumb"},"inLanguage":"en-US","potentialAction":[{"@type":"ReadAction","target":["https:\/\/tecplan.com.es\/product\/locom2-24-ghz-8-5dbi\/"]}]},{"@type":"ImageObject","inLanguage":"en-US","@id":"https:\/\/tecplan.com.es\/product\/locom2-24-ghz-8-5dbi\/#primaryimage","url":"https:\/\/tecplan.com.es\/wp-content\/uploads\/2025\/12\/NANOS-AIRMAX-2.jpg","contentUrl":"https:\/\/tecplan.com.es\/wp-content\/uploads\/2025\/12\/NANOS-AIRMAX-2.jpg","width":1250,"height":1250},{"@type":"BreadcrumbList","@id":"https:\/\/tecplan.com.es\/product\/locom2-24-ghz-8-5dbi\/#breadcrumb","itemListElement":[{"@type":"ListItem","position":1,"name":"Home","item":"https:\/\/tecplan.com.es\/"},{"@type":"ListItem","position":2,"name":"Shop","item":"https:\/\/tecplan.com.es\/shop\/"},{"@type":"ListItem","position":3,"name":"LOCOM2 2,4 GHz 8.5dBi"}]},{"@type":"WebSite","@id":"https:\/\/tecplan.com.es\/#website","url":"https:\/\/tecplan.com.es\/","name":"Tecplan","description":"","potentialAction":[{"@type":"SearchAction","target":{"@type":"EntryPoint","urlTemplate":"https:\/\/tecplan.com.es\/?s={search_term_string}"},"query-input":{"@type":"PropertyValueSpecification","valueRequired":true,"valueName":"search_term_string"}}],"inLanguage":"en-US"}]}},"_links":{"self":[{"href":"https:\/\/tecplan.com.es\/en\/wp-json\/wp\/v2\/product\/4676","targetHints":{"allow":["GET"]}}],"collection":[{"href":"https:\/\/tecplan.com.es\/en\/wp-json\/wp\/v2\/product"}],"about":[{"href":"https:\/\/tecplan.com.es\/en\/wp-json\/wp\/v2\/types\/product"}],"replies":[{"embeddable":true,"href":"https:\/\/tecplan.com.es\/en\/wp-json\/wp\/v2\/comments?post=4676"}],"version-history":[{"count":2,"href":"https:\/\/tecplan.com.es\/en\/wp-json\/wp\/v2\/product\/4676\/revisions"}],"predecessor-version":[{"id":4769,"href":"https:\/\/tecplan.com.es\/en\/wp-json\/wp\/v2\/product\/4676\/revisions\/4769"}],"wp:featuredmedia":[{"embeddable":true,"href":"https:\/\/tecplan.com.es\/en\/wp-json\/wp\/v2\/media\/4687"}],"wp:attachment":[{"href":"https:\/\/tecplan.com.es\/en\/wp-json\/wp\/v2\/media?parent=4676"}],"wp:term":[{"taxonomy":"product_brand","embeddable":true,"href":"https:\/\/tecplan.com.es\/en\/wp-json\/wp\/v2\/product_brand?post=4676"},{"taxonomy":"product_cat","embeddable":true,"href":"https:\/\/tecplan.com.es\/en\/wp-json\/wp\/v2\/product_cat?post=4676"},{"taxonomy":"product_tag","embeddable":true,"href":"https:\/\/tecplan.com.es\/en\/wp-json\/wp\/v2\/product_tag?post=4676"}],"curies":[{"name":"wp","href":"https:\/\/api.w.org\/{rel}","templated":true}]}}