{"id":4673,"date":"2025-12-02T21:00:08","date_gmt":"2025-12-02T21:00:08","guid":{"rendered":"https:\/\/tecplan.com.es\/product\/unifi-pro-24-port-switch\/"},"modified":"2025-12-17T18:02:38","modified_gmt":"2025-12-17T18:02:38","slug":"unifi-pro-24-port-switch","status":"publish","type":"product","link":"https:\/\/tecplan.com.es\/en\/product\/unifi-pro-24-port-switch\/","title":{"rendered":"UniFi Pro 24-Port Switch"},"content":{"rendered":"<div>\n<div class=\"productDescription_UbV5SNP5Eo\" data-selenium=\"overviewLongDescription\">\n<div class=\"js-injected-html text_UbV5SNP5Eo\">\n<p style=\"text-align: justify;\">Ampl\u00ede la capacidad de su red con el\u00a0<b>conmutador gestionado Gigabit UniFi Switch PRO de 24 puertos<\/b>\u00a0de\u00a0<b>Ubiquiti Networks<\/b>.\u00a0Adem\u00e1s de los 24 puertos Gigabit Ethernet, este conmutador completamente administrado incluye dos puertos SFP+ de 10 Gb para conexiones de fibra de alta velocidad a dispositivos compatibles y enlaces ascendentes.\u00a0El UniFi Switch Pro 24 presenta capacidades de Capa 2 junto con funciones integradas de Capa 3, como enrutamiento entre VLAN, enrutamiento est\u00e1tico y un servidor DHCP.\u00a0Tambi\u00e9n incluye una pantalla t\u00e1ctil integrada de 1.3\u2033 que muestra informaci\u00f3n del sistema para un monitoreo conveniente. El interruptor se enfr\u00eda pasivamente para una operaci\u00f3n casi silenciosa y es compatible con un sistema de alimentaci\u00f3n redundante opcional UniFi SmartPower para mayor tranquilidad en caso de interrupciones. Puede configurar y administre el UniFi Switch Pro 24 a trav\u00e9s de la interfaz del controlador de red UniFi y la aplicaci\u00f3n m\u00f3vil desde casi cualquier lugar.<\/p>\n<\/div>\n<\/div>\n<\/div>\n<div class=\"feature_UbV5SNP5Eo\">\n<div class=\"feature_UbV5SNP5Eo\">\n<div style=\"text-align: justify;\">\n<div class=\"feature_UbV5SNP5Eo\">\n<div class=\"featureHeader_UbV5SNP5Eo\">\n<ul>\n<li class=\"text_TAw0W35QK_ comfy_TAw0W35QK_ sizeTitle2_TAw0W35QK_ weightNormal_TAw0W35QK_ primary_i3MsQsqoe0\" style=\"text-align: justify;\"><strong>Alta conectividad <\/strong>El UniFi Switch PRO incluye 24 puertos Gigabit Ethernet y dos puertos SFP+ de 10 Gb para conexiones de fibra de alta velocidad.<\/li>\n<li class=\"text_TAw0W35QK_ comfy_TAw0W35QK_ sizeTitle2_TAw0W35QK_ weightNormal_TAw0W35QK_ primary_i3MsQsqoe0\" style=\"text-align: justify;\"><strong style=\"font-size: 16px;\">Funciones de capa 2 y capa 3 <\/strong>Las funciones integradas de capa 2 y capa 3 incluyen enrutamiento entre VLAN, enrutamiento est\u00e1tico, servidor DHCP y m\u00e1s.<\/li>\n<li class=\"text_TAw0W35QK_ comfy_TAw0W35QK_ sizeTitle2_TAw0W35QK_ weightNormal_TAw0W35QK_ primary_i3MsQsqoe0\" style=\"text-align: justify;\"><strong style=\"font-size: 16px;\">Pantalla t\u00e1ctil <\/strong>Una pantalla t\u00e1ctil integrada de 1,3\u2033 le permite monitorear convenientemente la informaci\u00f3n del sistema.<\/li>\n<li class=\"text_TAw0W35QK_ comfy_TAw0W35QK_ sizeTitle2_TAw0W35QK_ weightNormal_TAw0W35QK_ primary_i3MsQsqoe0\" style=\"text-align: justify;\"><strong style=\"font-size: 16px;\">Refrigeraci\u00f3n silenciosa <\/strong>El UniFi Switch PRO 24 utiliza refrigeraci\u00f3n pasiva para un funcionamiento casi silencioso.<\/li>\n<li class=\"text_TAw0W35QK_ comfy_TAw0W35QK_ sizeTitle2_TAw0W35QK_ weightNormal_TAw0W35QK_ primary_i3MsQsqoe0\" style=\"text-align: justify;\"><strong style=\"font-size: 16px;\">UniFi Smart Power <\/strong>Agregue una fuente de alimentaci\u00f3n redundante opcional UniFi SmartPower para su tranquilidad en caso de cortes.<\/li>\n<li class=\"text_TAw0W35QK_ comfy_TAw0W35QK_ sizeTitle2_TAw0W35QK_ weightNormal_TAw0W35QK_ primary_i3MsQsqoe0\" style=\"text-align: justify;\"><strong style=\"font-size: 16px;\">Controlador de red UniFi <\/strong>El uso de la interfaz de computadora y la aplicaci\u00f3n m\u00f3vil UniFi Network Controller le permite configurar, controlar y monitorear sus dispositivos de red desde casi cualquier lugar.\u00a0Las caracter\u00edsticas incluyen actualizaciones de firmware remotas, configuraci\u00f3n de usuarios y configuraci\u00f3n de portales de invitados.<\/li>\n<\/ul>\n<\/div>\n<\/div>\n<\/div>\n<\/div>\n<\/div>\n<p><strong>Overview<\/strong><\/p>\n<ul>\n<li>Dimensions 442 x 285 x 44 mm, (17.4 x 11.2 x 1.7&#8243;)<\/li>\n<li>Port Layout 1 GbE RJ45, 24 (16 PoE+; 8 PoE++) (1G\/100M\/10M) 10G SFP+ (10G\/1G)<\/li>\n<li>Max. PoE Output Up to PoE++<\/li>\n<li>Total PoE Availability 400W<\/li>\n<\/ul>\n<p><strong>Redundancy<\/strong><\/p>\n<ul>\n<li>DC Power Backup<\/li>\n<li>Layer 3<\/li>\n<li>Form Factor<\/li>\n<li>Rack mount (1U)<\/li>\n<\/ul>\n<p><strong>Prformance<\/strong><\/p>\n<ul>\n<li>Switching Capacity 88 Gbps<\/li>\n<li>Total Non-Blocking Throughput 44 Gbps<\/li>\n<li>Forwarding Rate 65 Mpps<\/li>\n<li>Supported VLANs 1,000<\/li>\n<li>MAC Address Table Size 16,000<\/li>\n<li>L3 Table Size ARP Entries 768<\/li>\n<li>IPv4 Routes 64<\/li>\n<li>Packet Buffer Size 2 MB<\/li>\n<li>Access Lists IPv4,\u00a0 128,\u00a0 MAC 128<\/li>\n<li>Layer 3 Features<\/li>\n<li>DHCP Server (Local Networks)<\/li>\n<li>DHCP Relay<\/li>\n<li>Inter-VLAN Routing (Local Networks)<\/li>\n<li>Static Routing (Local Networks)<\/li>\n<li>Layer 2 Features<\/li>\n<li>LACP Port Aggregation STP &amp; RSTP, QoS (DSCP)<\/li>\n<li>Pro AV Profiles (Play, Dante, Q-SYS, NDI, SDVoE, Shure, AES67, Crestron)<\/li>\n<li>Advanced IGMP Configuration (Querier, Fast Leave, Router Port)<\/li>\n<li>IGMP Snooping 802.1X Control<\/li>\n<li>MAC-Based ACLs &amp; Device Isolation<\/li>\n<li>DHCP Snooping &amp; Guarding<\/li>\n<li>Egress Rate Limit Flow Control, Storm Control<\/li>\n<li>Multicast &amp; Broadcast Rate Limiting<\/li>\n<li>MAC Address Blocking<\/li>\n<li>IP-Based ACLs &amp; Network Isolation<\/li>\n<li>MAC-Based Port Restriction<\/li>\n<li>Port Isolation, Port Mirroring, Jumbo Frames<\/li>\n<li>LLDP-MED<\/li>\n<li>Voice VLAN<\/li>\n<li>Loop Protection<\/li>\n<\/ul>\n<p><strong>Hardware<\/strong><\/p>\n<ul>\n<li>PoE Ports PoE+ 16 PoE++ 8<\/li>\n<li>Max. PoE Wattage per Port by PSE PoE 15.4W PoE+ 30W PoE+64W<\/li>\n<li>Max. Power Consumption 50W (Excluding PoE Output), 450W (Including PoE Output)<\/li>\n<li>Power Method<br \/>\n(1) Universal input, 100\u2014240V AC, 50\/60 Hz<br \/>\n(1) USP RPS DC input<\/li>\n<li>Power Input Method AC input<\/li>\n<li>Power Supply AC\/DC, internal, 450W<\/li>\n<li>Supported Voltage Range 100\u2014240V AC<\/li>\n<li>Management Ethernet<\/li>\n<li>Heat Dissipation (Excluding PoE Output)<\/li>\n<\/ul>\n<p><strong>Ambient Operating Temperature<\/strong><\/p>\n<ul>\n<li>-5 to 40\u00b0 C (23 to 104\u00b0 F)<\/li>\n<li>Ambient Operating Humidity<\/li>\n<li>10 to 90% noncondensing<\/li>\n<li>NDAA Compliant<\/li>\n<\/ul>\n<p><strong>Certifications<\/strong><\/p>\n<ul>\n<li>CE, FCC, IC, Anatel: 13790-20-08356<\/li>\n<\/ul>\n<p><strong style=\"font-size: 16px;\">Software<\/strong><\/p>\n<ul>\n<li>Application Requirements<\/li>\n<li>UniFi Network<\/li>\n<li>Version 5.10.5 and later<\/li>\n<\/ul>","protected":false},"excerpt":{"rendered":"<p style=\"text-align: justify;\"><strong>UniFi Pro 24-Port Switch<\/strong><\/p>\n<p style=\"text-align: justify;\">Conmutador gestionado Gigabit UniFi Switch PRO de 24 puertos de Ubiquiti Networks. Este conmutador incluye dos puertos SFP+ de 10 Gb para conexiones de fibra de alta velocidad a dispositivos compatibles y enlaces ascendentes.<\/p>\n<p><img decoding=\"async\" class=\"wp-image-3330 aligncenter\" src=\"https:\/\/tecplan.com.es\/wp-content\/uploads\/2025\/09\/Ubiquiti_Networks-300x200.png\" alt=\"\" width=\"153\" height=\"136\" \/><\/p>","protected":false},"featured_media":4606,"comment_status":"open","ping_status":"closed","template":"","meta":{"site-sidebar-layout":"default","site-content-layout":"","ast-site-content-layout":"default","site-content-style":"default","site-sidebar-style":"default","ast-global-header-display":"","ast-banner-title-visibility":"","ast-main-header-display":"","ast-hfb-above-header-display":"","ast-hfb-below-header-display":"","ast-hfb-mobile-header-display":"","site-post-title":"","ast-breadcrumbs-content":"","ast-featured-img":"","footer-sml-layout":"","ast-disable-related-posts":"","theme-transparent-header-meta":"default","adv-header-id-meta":"","stick-header-meta":"","header-above-stick-meta":"","header-main-stick-meta":"","header-below-stick-meta":"","astra-migrate-meta-layouts":"set","ast-page-background-enabled":"default","ast-page-background-meta":{"desktop":{"background-color":"var(--ast-global-color-5)","background-image":"","background-repeat":"repeat","background-position":"center center","background-size":"auto","background-attachment":"scroll","background-type":"","background-media":"","overlay-type":"","overlay-color":"","overlay-opacity":"","overlay-gradient":""},"tablet":{"background-color":"","background-image":"","background-repeat":"repeat","background-position":"center center","background-size":"auto","background-attachment":"scroll","background-type":"","background-media":"","overlay-type":"","overlay-color":"","overlay-opacity":"","overlay-gradient":""},"mobile":{"background-color":"","background-image":"","background-repeat":"repeat","background-position":"center center","background-size":"auto","background-attachment":"scroll","background-type":"","background-media":"","overlay-type":"","overlay-color":"","overlay-opacity":"","overlay-gradient":""}},"ast-content-background-meta":{"desktop":{"background-color":"var(--ast-global-color-4)","background-image":"","background-repeat":"repeat","background-position":"center center","background-size":"auto","background-attachment":"scroll","background-type":"","background-media":"","overlay-type":"","overlay-color":"","overlay-opacity":"","overlay-gradient":""},"tablet":{"background-color":"var(--ast-global-color-4)","background-image":"","background-repeat":"repeat","background-position":"center center","background-size":"auto","background-attachment":"scroll","background-type":"","background-media":"","overlay-type":"","overlay-color":"","overlay-opacity":"","overlay-gradient":""},"mobile":{"background-color":"var(--ast-global-color-4)","background-image":"","background-repeat":"repeat","background-position":"center center","background-size":"auto","background-attachment":"scroll","background-type":"","background-media":"","overlay-type":"","overlay-color":"","overlay-opacity":"","overlay-gradient":""}}},"product_brand":[247],"product_cat":[96,115,111],"product_tag":[248],"class_list":{"0":"post-4673","1":"product","2":"type-product","3":"status-publish","4":"has-post-thumbnail","6":"product_brand-ubiquiti-networks","7":"product_cat-networking","8":"product_cat-switch","9":"product_cat-ubiquiti","10":"product_tag-ubiquiti-networks","11":"desktop-align-left","12":"tablet-align-left","13":"mobile-align-left","15":"first","16":"instock","17":"shipping-taxable","18":"product-type-simple"},"yoast_head":"<!-- This site is optimized with the Yoast SEO plugin v25.3 - https:\/\/yoast.com\/wordpress\/plugins\/seo\/ -->\n<title>UniFi Pro 24-Port Switch - Tecplan<\/title>\n<meta name=\"robots\" content=\"index, follow, max-snippet:-1, max-image-preview:large, max-video-preview:-1\" \/>\n<link rel=\"canonical\" href=\"https:\/\/tecplan.com.es\/en\/product\/unifi-pro-24-port-switch\/\" \/>\n<meta property=\"og:locale\" content=\"en_US\" \/>\n<meta property=\"og:type\" content=\"article\" \/>\n<meta property=\"og:title\" content=\"UniFi Pro 24-Port Switch - Tecplan\" \/>\n<meta property=\"og:description\" content=\"UniFi Pro 24-Port Switch Conmutador gestionado Gigabit UniFi Switch PRO de 24 puertos de Ubiquiti Networks. Este conmutador incluye dos puertos SFP+ de 10 Gb para conexiones de fibra de alta velocidad a dispositivos compatibles y enlaces ascendentes.\" \/>\n<meta property=\"og:url\" content=\"https:\/\/tecplan.com.es\/en\/product\/unifi-pro-24-port-switch\/\" \/>\n<meta property=\"og:site_name\" content=\"Tecplan\" \/>\n<meta property=\"article:modified_time\" content=\"2025-12-17T18:02:38+00:00\" \/>\n<meta property=\"og:image\" content=\"https:\/\/tecplan.com.es\/wp-content\/uploads\/2025\/11\/UniFi-24-Switch-02.jpg\" \/>\n\t<meta property=\"og:image:width\" content=\"1415\" \/>\n\t<meta property=\"og:image:height\" content=\"1446\" \/>\n\t<meta property=\"og:image:type\" content=\"image\/jpeg\" \/>\n<meta name=\"twitter:card\" content=\"summary_large_image\" \/>\n<meta name=\"twitter:label1\" content=\"Est. reading time\" \/>\n\t<meta name=\"twitter:data1\" content=\"3 minutes\" \/>\n<script type=\"application\/ld+json\" class=\"yoast-schema-graph\">{\"@context\":\"https:\/\/schema.org\",\"@graph\":[{\"@type\":\"WebPage\",\"@id\":\"https:\/\/tecplan.com.es\/product\/unifi-pro-24-port-switch\/\",\"url\":\"https:\/\/tecplan.com.es\/product\/unifi-pro-24-port-switch\/\",\"name\":\"UniFi Pro 24-Port Switch - Tecplan\",\"isPartOf\":{\"@id\":\"https:\/\/tecplan.com.es\/#website\"},\"primaryImageOfPage\":{\"@id\":\"https:\/\/tecplan.com.es\/product\/unifi-pro-24-port-switch\/#primaryimage\"},\"image\":{\"@id\":\"https:\/\/tecplan.com.es\/product\/unifi-pro-24-port-switch\/#primaryimage\"},\"thumbnailUrl\":\"https:\/\/tecplan.com.es\/wp-content\/uploads\/2025\/11\/UniFi-24-Switch-02.jpg\",\"datePublished\":\"2025-12-02T21:00:08+00:00\",\"dateModified\":\"2025-12-17T18:02:38+00:00\",\"breadcrumb\":{\"@id\":\"https:\/\/tecplan.com.es\/product\/unifi-pro-24-port-switch\/#breadcrumb\"},\"inLanguage\":\"en-US\",\"potentialAction\":[{\"@type\":\"ReadAction\",\"target\":[\"https:\/\/tecplan.com.es\/product\/unifi-pro-24-port-switch\/\"]}]},{\"@type\":\"ImageObject\",\"inLanguage\":\"en-US\",\"@id\":\"https:\/\/tecplan.com.es\/product\/unifi-pro-24-port-switch\/#primaryimage\",\"url\":\"https:\/\/tecplan.com.es\/wp-content\/uploads\/2025\/11\/UniFi-24-Switch-02.jpg\",\"contentUrl\":\"https:\/\/tecplan.com.es\/wp-content\/uploads\/2025\/11\/UniFi-24-Switch-02.jpg\",\"width\":1415,\"height\":1446},{\"@type\":\"BreadcrumbList\",\"@id\":\"https:\/\/tecplan.com.es\/product\/unifi-pro-24-port-switch\/#breadcrumb\",\"itemListElement\":[{\"@type\":\"ListItem\",\"position\":1,\"name\":\"Home\",\"item\":\"https:\/\/tecplan.com.es\/\"},{\"@type\":\"ListItem\",\"position\":2,\"name\":\"Shop\",\"item\":\"https:\/\/tecplan.com.es\/shop\/\"},{\"@type\":\"ListItem\",\"position\":3,\"name\":\"UniFi Pro 24-Port Switch\"}]},{\"@type\":\"WebSite\",\"@id\":\"https:\/\/tecplan.com.es\/#website\",\"url\":\"https:\/\/tecplan.com.es\/\",\"name\":\"Tecplan\",\"description\":\"\",\"potentialAction\":[{\"@type\":\"SearchAction\",\"target\":{\"@type\":\"EntryPoint\",\"urlTemplate\":\"https:\/\/tecplan.com.es\/?s={search_term_string}\"},\"query-input\":{\"@type\":\"PropertyValueSpecification\",\"valueRequired\":true,\"valueName\":\"search_term_string\"}}],\"inLanguage\":\"en-US\"}]}<\/script>\n<!-- \/ Yoast SEO plugin. -->","yoast_head_json":{"title":"UniFi Pro 24-Port Switch - Tecplan","robots":{"index":"index","follow":"follow","max-snippet":"max-snippet:-1","max-image-preview":"max-image-preview:large","max-video-preview":"max-video-preview:-1"},"canonical":"https:\/\/tecplan.com.es\/en\/product\/unifi-pro-24-port-switch\/","og_locale":"en_US","og_type":"article","og_title":"UniFi Pro 24-Port Switch - Tecplan","og_description":"UniFi Pro 24-Port Switch Conmutador gestionado Gigabit UniFi Switch PRO de 24 puertos de Ubiquiti Networks. Este conmutador incluye dos puertos SFP+ de 10 Gb para conexiones de fibra de alta velocidad a dispositivos compatibles y enlaces ascendentes.","og_url":"https:\/\/tecplan.com.es\/en\/product\/unifi-pro-24-port-switch\/","og_site_name":"Tecplan","article_modified_time":"2025-12-17T18:02:38+00:00","og_image":[{"width":1415,"height":1446,"url":"https:\/\/tecplan.com.es\/wp-content\/uploads\/2025\/11\/UniFi-24-Switch-02.jpg","type":"image\/jpeg"}],"twitter_card":"summary_large_image","twitter_misc":{"Est. reading time":"3 minutes"},"schema":{"@context":"https:\/\/schema.org","@graph":[{"@type":"WebPage","@id":"https:\/\/tecplan.com.es\/product\/unifi-pro-24-port-switch\/","url":"https:\/\/tecplan.com.es\/product\/unifi-pro-24-port-switch\/","name":"UniFi Pro 24-Port Switch - Tecplan","isPartOf":{"@id":"https:\/\/tecplan.com.es\/#website"},"primaryImageOfPage":{"@id":"https:\/\/tecplan.com.es\/product\/unifi-pro-24-port-switch\/#primaryimage"},"image":{"@id":"https:\/\/tecplan.com.es\/product\/unifi-pro-24-port-switch\/#primaryimage"},"thumbnailUrl":"https:\/\/tecplan.com.es\/wp-content\/uploads\/2025\/11\/UniFi-24-Switch-02.jpg","datePublished":"2025-12-02T21:00:08+00:00","dateModified":"2025-12-17T18:02:38+00:00","breadcrumb":{"@id":"https:\/\/tecplan.com.es\/product\/unifi-pro-24-port-switch\/#breadcrumb"},"inLanguage":"en-US","potentialAction":[{"@type":"ReadAction","target":["https:\/\/tecplan.com.es\/product\/unifi-pro-24-port-switch\/"]}]},{"@type":"ImageObject","inLanguage":"en-US","@id":"https:\/\/tecplan.com.es\/product\/unifi-pro-24-port-switch\/#primaryimage","url":"https:\/\/tecplan.com.es\/wp-content\/uploads\/2025\/11\/UniFi-24-Switch-02.jpg","contentUrl":"https:\/\/tecplan.com.es\/wp-content\/uploads\/2025\/11\/UniFi-24-Switch-02.jpg","width":1415,"height":1446},{"@type":"BreadcrumbList","@id":"https:\/\/tecplan.com.es\/product\/unifi-pro-24-port-switch\/#breadcrumb","itemListElement":[{"@type":"ListItem","position":1,"name":"Home","item":"https:\/\/tecplan.com.es\/"},{"@type":"ListItem","position":2,"name":"Shop","item":"https:\/\/tecplan.com.es\/shop\/"},{"@type":"ListItem","position":3,"name":"UniFi Pro 24-Port Switch"}]},{"@type":"WebSite","@id":"https:\/\/tecplan.com.es\/#website","url":"https:\/\/tecplan.com.es\/","name":"Tecplan","description":"","potentialAction":[{"@type":"SearchAction","target":{"@type":"EntryPoint","urlTemplate":"https:\/\/tecplan.com.es\/?s={search_term_string}"},"query-input":{"@type":"PropertyValueSpecification","valueRequired":true,"valueName":"search_term_string"}}],"inLanguage":"en-US"}]}},"_links":{"self":[{"href":"https:\/\/tecplan.com.es\/en\/wp-json\/wp\/v2\/product\/4673","targetHints":{"allow":["GET"]}}],"collection":[{"href":"https:\/\/tecplan.com.es\/en\/wp-json\/wp\/v2\/product"}],"about":[{"href":"https:\/\/tecplan.com.es\/en\/wp-json\/wp\/v2\/types\/product"}],"replies":[{"embeddable":true,"href":"https:\/\/tecplan.com.es\/en\/wp-json\/wp\/v2\/comments?post=4673"}],"version-history":[{"count":5,"href":"https:\/\/tecplan.com.es\/en\/wp-json\/wp\/v2\/product\/4673\/revisions"}],"predecessor-version":[{"id":4803,"href":"https:\/\/tecplan.com.es\/en\/wp-json\/wp\/v2\/product\/4673\/revisions\/4803"}],"wp:featuredmedia":[{"embeddable":true,"href":"https:\/\/tecplan.com.es\/en\/wp-json\/wp\/v2\/media\/4606"}],"wp:attachment":[{"href":"https:\/\/tecplan.com.es\/en\/wp-json\/wp\/v2\/media?parent=4673"}],"wp:term":[{"taxonomy":"product_brand","embeddable":true,"href":"https:\/\/tecplan.com.es\/en\/wp-json\/wp\/v2\/product_brand?post=4673"},{"taxonomy":"product_cat","embeddable":true,"href":"https:\/\/tecplan.com.es\/en\/wp-json\/wp\/v2\/product_cat?post=4673"},{"taxonomy":"product_tag","embeddable":true,"href":"https:\/\/tecplan.com.es\/en\/wp-json\/wp\/v2\/product_tag?post=4673"}],"curies":[{"name":"wp","href":"https:\/\/api.w.org\/{rel}","templated":true}]}}