{"id":4465,"date":"2025-11-05T22:50:23","date_gmt":"2025-11-05T22:50:23","guid":{"rendered":"https:\/\/tecplan.com.es\/product\/repetidora-slr-5100\/"},"modified":"2025-11-10T22:46:47","modified_gmt":"2025-11-10T22:46:47","slug":"repetidora-slr-5100","status":"publish","type":"product","link":"https:\/\/tecplan.com.es\/en\/product\/repetidora-slr-5100\/","title":{"rendered":"REPETIDORA SLR 5100"},"content":{"rendered":"<p style=\"text-align: justify;\"><strong>REPETIDORA MOTOTRBO SLR 5100<\/strong><\/p>\n<p style=\"text-align: justify;\">Para que su empresa tenga \u00e9xito, necesita comunicaciones de voz y datos confiables que lleguen a cada rinc\u00f3n de sus operaciones. La repetidora MOTOTRBO SLR 5100 ofrece un servicio de radio de dos v\u00edas de alto rendimiento y confiabilidad con todas las caracter\u00edsticas que necesita para conectar su lugar de trabajo, ya sea que est\u00e9 en terreno o en la f\u00e1brica.<\/p>\n<p style=\"text-align: justify;\">Con su elegante factor de forma y su bajo consumo de energ\u00eda, el MOTOTRBO SLR 5100 est\u00e1 dise\u00f1ado para un bajo costo de propiedad.<\/p>\n<p style=\"text-align: justify;\">Y con un gran avance en tecnolog\u00eda, representa la pr\u00f3xima generaci\u00f3n de repetidoras como la base de un sistema de radios de dos v\u00edas profesionales MOTOTRBO. Ya sea que necesite la sencillez de un sistema convencional de un solo sitio o las poderosas capacidades de troncalizaci\u00f3n de Capacity Plus, Linked Capacity Plus o Connect Plus, la repetidora SLR 5100 ofrece la potencia del radio de dos v\u00edas digital a su fuerza laboral.<\/p>\n<p style=\"text-align: justify;\">Para confirmar la disponibilidad en su pa\u00eds, por favor contacte a su representante de Motorola.<\/p>\n<h5 style=\"text-align: justify;\"><span style=\"text-decoration: underline;\"><strong>DOWNLOADS<\/strong><\/span><\/h5>\n<ul style=\"text-align: justify;\">\n<li><a href=\"https:\/\/drive.google.com\/file\/d\/1qLEyqkTQogcWPjceJ529sYPLry6knmvr\/view?usp=sharing\">\u2192\u00a0 Ficha t\u00e9cnica Espa\u00f1ol<\/a><\/li>\n<li><a href=\"https:\/\/drive.google.com\/file\/d\/1Leugkn2He3D8tq_LR9cv50mrfbWFhi4e\/view?usp=sharing\">\u2192\u00a0 Caracter\u00edsticas t\u00e9cnicas\u00a0<\/a><\/li>\n<\/ul>\n<p>&nbsp;<\/p>","protected":false},"excerpt":{"rendered":"<p><strong>REPETIDORA MOTOTRBO SLR 5100<\/strong><\/p>\n<p style=\"text-align: justify;\">Vers\u00e1til y potente, MOTOTRBO combina lo mejor de la funcionalidad de radio de dos v\u00edas con los \u00faltimos avances en tecnolog\u00eda digital. Integra voz y datos sin inconvenientes, ofrece<br \/>\nfuncionalidades avanzadas y f\u00e1ciles de usar, e incrementa la capacidad de satisfacer sus necesidades de comunicaci\u00f3n.<\/p>\n<p><img decoding=\"async\" class=\"aligncenter\" src=\"https:\/\/tecplan.com.es\/wp-content\/uploads\/2025\/05\/descarga.png\" width=\"227\" height=\"100\" \/><\/p>","protected":false},"featured_media":4457,"comment_status":"open","ping_status":"closed","template":"","meta":{"site-sidebar-layout":"default","site-content-layout":"","ast-site-content-layout":"default","site-content-style":"default","site-sidebar-style":"default","ast-global-header-display":"","ast-banner-title-visibility":"","ast-main-header-display":"","ast-hfb-above-header-display":"","ast-hfb-below-header-display":"","ast-hfb-mobile-header-display":"","site-post-title":"","ast-breadcrumbs-content":"","ast-featured-img":"","footer-sml-layout":"","ast-disable-related-posts":"","theme-transparent-header-meta":"default","adv-header-id-meta":"","stick-header-meta":"","header-above-stick-meta":"","header-main-stick-meta":"","header-below-stick-meta":"","astra-migrate-meta-layouts":"set","ast-page-background-enabled":"default","ast-page-background-meta":{"desktop":{"background-color":"var(--ast-global-color-5)","background-image":"","background-repeat":"repeat","background-position":"center center","background-size":"auto","background-attachment":"scroll","background-type":"","background-media":"","overlay-type":"","overlay-color":"","overlay-opacity":"","overlay-gradient":""},"tablet":{"background-color":"","background-image":"","background-repeat":"repeat","background-position":"center center","background-size":"auto","background-attachment":"scroll","background-type":"","background-media":"","overlay-type":"","overlay-color":"","overlay-opacity":"","overlay-gradient":""},"mobile":{"background-color":"","background-image":"","background-repeat":"repeat","background-position":"center center","background-size":"auto","background-attachment":"scroll","background-type":"","background-media":"","overlay-type":"","overlay-color":"","overlay-opacity":"","overlay-gradient":""}},"ast-content-background-meta":{"desktop":{"background-color":"var(--ast-global-color-4)","background-image":"","background-repeat":"repeat","background-position":"center center","background-size":"auto","background-attachment":"scroll","background-type":"","background-media":"","overlay-type":"","overlay-color":"","overlay-opacity":"","overlay-gradient":""},"tablet":{"background-color":"var(--ast-global-color-4)","background-image":"","background-repeat":"repeat","background-position":"center center","background-size":"auto","background-attachment":"scroll","background-type":"","background-media":"","overlay-type":"","overlay-color":"","overlay-opacity":"","overlay-gradient":""},"mobile":{"background-color":"var(--ast-global-color-4)","background-image":"","background-repeat":"repeat","background-position":"center center","background-size":"auto","background-attachment":"scroll","background-type":"","background-media":"","overlay-type":"","overlay-color":"","overlay-opacity":"","overlay-gradient":""}}},"product_brand":[235],"product_cat":[68,59,70],"product_tag":[205],"class_list":{"0":"post-4465","1":"product","2":"type-product","3":"status-publish","4":"has-post-thumbnail","6":"product_brand-motorola","7":"product_cat-motorola","8":"product_cat-radio-comunicacion","9":"product_cat-repetidores","10":"product_tag-motorola","11":"desktop-align-left","12":"tablet-align-left","13":"mobile-align-left","15":"first","16":"instock","17":"shipping-taxable","18":"product-type-simple"},"yoast_head":"<!-- This site is optimized with the Yoast SEO plugin v25.3 - https:\/\/yoast.com\/wordpress\/plugins\/seo\/ -->\n<title>REPETIDORA SLR 5100 - Tecplan<\/title>\n<meta name=\"robots\" content=\"index, follow, max-snippet:-1, max-image-preview:large, max-video-preview:-1\" \/>\n<link rel=\"canonical\" href=\"https:\/\/tecplan.com.es\/en\/product\/repetidora-slr-5100\/\" \/>\n<meta property=\"og:locale\" content=\"en_US\" \/>\n<meta property=\"og:type\" content=\"article\" \/>\n<meta property=\"og:title\" content=\"REPETIDORA SLR 5100 - Tecplan\" \/>\n<meta property=\"og:description\" content=\"REPETIDORA MOTOTRBO SLR 5100 Vers\u00e1til y potente, MOTOTRBO combina lo mejor de la funcionalidad de radio de dos v\u00edas con los \u00faltimos avances en tecnolog\u00eda digital. Integra voz y datos sin inconvenientes, ofrece funcionalidades avanzadas y f\u00e1ciles de usar, e incrementa la capacidad de satisfacer sus necesidades de comunicaci\u00f3n.\" \/>\n<meta property=\"og:url\" content=\"https:\/\/tecplan.com.es\/en\/product\/repetidora-slr-5100\/\" \/>\n<meta property=\"og:site_name\" content=\"Tecplan\" \/>\n<meta property=\"article:modified_time\" content=\"2025-11-10T22:46:47+00:00\" \/>\n<meta property=\"og:image\" content=\"https:\/\/tecplan.com.es\/wp-content\/uploads\/2025\/11\/slr5000-3.jpg\" \/>\n\t<meta property=\"og:image:width\" content=\"600\" \/>\n\t<meta property=\"og:image:height\" content=\"600\" \/>\n\t<meta property=\"og:image:type\" content=\"image\/jpeg\" \/>\n<meta name=\"twitter:card\" content=\"summary_large_image\" \/>\n<meta name=\"twitter:label1\" content=\"Est. reading time\" \/>\n\t<meta name=\"twitter:data1\" content=\"2 minutes\" \/>\n<script type=\"application\/ld+json\" class=\"yoast-schema-graph\">{\"@context\":\"https:\/\/schema.org\",\"@graph\":[{\"@type\":\"WebPage\",\"@id\":\"https:\/\/tecplan.com.es\/product\/repetidora-slr-5100\/\",\"url\":\"https:\/\/tecplan.com.es\/product\/repetidora-slr-5100\/\",\"name\":\"REPETIDORA SLR 5100 - Tecplan\",\"isPartOf\":{\"@id\":\"https:\/\/tecplan.com.es\/#website\"},\"primaryImageOfPage\":{\"@id\":\"https:\/\/tecplan.com.es\/product\/repetidora-slr-5100\/#primaryimage\"},\"image\":{\"@id\":\"https:\/\/tecplan.com.es\/product\/repetidora-slr-5100\/#primaryimage\"},\"thumbnailUrl\":\"https:\/\/tecplan.com.es\/wp-content\/uploads\/2025\/11\/slr5000-3.jpg\",\"datePublished\":\"2025-11-05T22:50:23+00:00\",\"dateModified\":\"2025-11-10T22:46:47+00:00\",\"breadcrumb\":{\"@id\":\"https:\/\/tecplan.com.es\/product\/repetidora-slr-5100\/#breadcrumb\"},\"inLanguage\":\"en-US\",\"potentialAction\":[{\"@type\":\"ReadAction\",\"target\":[\"https:\/\/tecplan.com.es\/product\/repetidora-slr-5100\/\"]}]},{\"@type\":\"ImageObject\",\"inLanguage\":\"en-US\",\"@id\":\"https:\/\/tecplan.com.es\/product\/repetidora-slr-5100\/#primaryimage\",\"url\":\"https:\/\/tecplan.com.es\/wp-content\/uploads\/2025\/11\/slr5000-3.jpg\",\"contentUrl\":\"https:\/\/tecplan.com.es\/wp-content\/uploads\/2025\/11\/slr5000-3.jpg\",\"width\":600,\"height\":600},{\"@type\":\"BreadcrumbList\",\"@id\":\"https:\/\/tecplan.com.es\/product\/repetidora-slr-5100\/#breadcrumb\",\"itemListElement\":[{\"@type\":\"ListItem\",\"position\":1,\"name\":\"Home\",\"item\":\"https:\/\/tecplan.com.es\/\"},{\"@type\":\"ListItem\",\"position\":2,\"name\":\"Shop\",\"item\":\"https:\/\/tecplan.com.es\/shop\/\"},{\"@type\":\"ListItem\",\"position\":3,\"name\":\"REPETIDORA SLR 5100\"}]},{\"@type\":\"WebSite\",\"@id\":\"https:\/\/tecplan.com.es\/#website\",\"url\":\"https:\/\/tecplan.com.es\/\",\"name\":\"Tecplan\",\"description\":\"\",\"potentialAction\":[{\"@type\":\"SearchAction\",\"target\":{\"@type\":\"EntryPoint\",\"urlTemplate\":\"https:\/\/tecplan.com.es\/?s={search_term_string}\"},\"query-input\":{\"@type\":\"PropertyValueSpecification\",\"valueRequired\":true,\"valueName\":\"search_term_string\"}}],\"inLanguage\":\"en-US\"}]}<\/script>\n<!-- \/ Yoast SEO plugin. -->","yoast_head_json":{"title":"REPETIDORA SLR 5100 - Tecplan","robots":{"index":"index","follow":"follow","max-snippet":"max-snippet:-1","max-image-preview":"max-image-preview:large","max-video-preview":"max-video-preview:-1"},"canonical":"https:\/\/tecplan.com.es\/en\/product\/repetidora-slr-5100\/","og_locale":"en_US","og_type":"article","og_title":"REPETIDORA SLR 5100 - Tecplan","og_description":"REPETIDORA MOTOTRBO SLR 5100 Vers\u00e1til y potente, MOTOTRBO combina lo mejor de la funcionalidad de radio de dos v\u00edas con los \u00faltimos avances en tecnolog\u00eda digital. Integra voz y datos sin inconvenientes, ofrece funcionalidades avanzadas y f\u00e1ciles de usar, e incrementa la capacidad de satisfacer sus necesidades de comunicaci\u00f3n.","og_url":"https:\/\/tecplan.com.es\/en\/product\/repetidora-slr-5100\/","og_site_name":"Tecplan","article_modified_time":"2025-11-10T22:46:47+00:00","og_image":[{"width":600,"height":600,"url":"https:\/\/tecplan.com.es\/wp-content\/uploads\/2025\/11\/slr5000-3.jpg","type":"image\/jpeg"}],"twitter_card":"summary_large_image","twitter_misc":{"Est. reading time":"2 minutes"},"schema":{"@context":"https:\/\/schema.org","@graph":[{"@type":"WebPage","@id":"https:\/\/tecplan.com.es\/product\/repetidora-slr-5100\/","url":"https:\/\/tecplan.com.es\/product\/repetidora-slr-5100\/","name":"REPETIDORA SLR 5100 - Tecplan","isPartOf":{"@id":"https:\/\/tecplan.com.es\/#website"},"primaryImageOfPage":{"@id":"https:\/\/tecplan.com.es\/product\/repetidora-slr-5100\/#primaryimage"},"image":{"@id":"https:\/\/tecplan.com.es\/product\/repetidora-slr-5100\/#primaryimage"},"thumbnailUrl":"https:\/\/tecplan.com.es\/wp-content\/uploads\/2025\/11\/slr5000-3.jpg","datePublished":"2025-11-05T22:50:23+00:00","dateModified":"2025-11-10T22:46:47+00:00","breadcrumb":{"@id":"https:\/\/tecplan.com.es\/product\/repetidora-slr-5100\/#breadcrumb"},"inLanguage":"en-US","potentialAction":[{"@type":"ReadAction","target":["https:\/\/tecplan.com.es\/product\/repetidora-slr-5100\/"]}]},{"@type":"ImageObject","inLanguage":"en-US","@id":"https:\/\/tecplan.com.es\/product\/repetidora-slr-5100\/#primaryimage","url":"https:\/\/tecplan.com.es\/wp-content\/uploads\/2025\/11\/slr5000-3.jpg","contentUrl":"https:\/\/tecplan.com.es\/wp-content\/uploads\/2025\/11\/slr5000-3.jpg","width":600,"height":600},{"@type":"BreadcrumbList","@id":"https:\/\/tecplan.com.es\/product\/repetidora-slr-5100\/#breadcrumb","itemListElement":[{"@type":"ListItem","position":1,"name":"Home","item":"https:\/\/tecplan.com.es\/"},{"@type":"ListItem","position":2,"name":"Shop","item":"https:\/\/tecplan.com.es\/shop\/"},{"@type":"ListItem","position":3,"name":"REPETIDORA SLR 5100"}]},{"@type":"WebSite","@id":"https:\/\/tecplan.com.es\/#website","url":"https:\/\/tecplan.com.es\/","name":"Tecplan","description":"","potentialAction":[{"@type":"SearchAction","target":{"@type":"EntryPoint","urlTemplate":"https:\/\/tecplan.com.es\/?s={search_term_string}"},"query-input":{"@type":"PropertyValueSpecification","valueRequired":true,"valueName":"search_term_string"}}],"inLanguage":"en-US"}]}},"_links":{"self":[{"href":"https:\/\/tecplan.com.es\/en\/wp-json\/wp\/v2\/product\/4465","targetHints":{"allow":["GET"]}}],"collection":[{"href":"https:\/\/tecplan.com.es\/en\/wp-json\/wp\/v2\/product"}],"about":[{"href":"https:\/\/tecplan.com.es\/en\/wp-json\/wp\/v2\/types\/product"}],"replies":[{"embeddable":true,"href":"https:\/\/tecplan.com.es\/en\/wp-json\/wp\/v2\/comments?post=4465"}],"version-history":[{"count":4,"href":"https:\/\/tecplan.com.es\/en\/wp-json\/wp\/v2\/product\/4465\/revisions"}],"predecessor-version":[{"id":4545,"href":"https:\/\/tecplan.com.es\/en\/wp-json\/wp\/v2\/product\/4465\/revisions\/4545"}],"wp:featuredmedia":[{"embeddable":true,"href":"https:\/\/tecplan.com.es\/en\/wp-json\/wp\/v2\/media\/4457"}],"wp:attachment":[{"href":"https:\/\/tecplan.com.es\/en\/wp-json\/wp\/v2\/media?parent=4465"}],"wp:term":[{"taxonomy":"product_brand","embeddable":true,"href":"https:\/\/tecplan.com.es\/en\/wp-json\/wp\/v2\/product_brand?post=4465"},{"taxonomy":"product_cat","embeddable":true,"href":"https:\/\/tecplan.com.es\/en\/wp-json\/wp\/v2\/product_cat?post=4465"},{"taxonomy":"product_tag","embeddable":true,"href":"https:\/\/tecplan.com.es\/en\/wp-json\/wp\/v2\/product_tag?post=4465"}],"curies":[{"name":"wp","href":"https:\/\/api.w.org\/{rel}","templated":true}]}}