{"id":4464,"date":"2025-11-05T22:50:23","date_gmt":"2025-11-05T22:50:23","guid":{"rendered":"https:\/\/tecplan.com.es\/product\/radio-movil-motorola-dem500\/"},"modified":"2025-11-10T22:45:57","modified_gmt":"2025-11-10T22:45:57","slug":"radio-movil-motorola-dem500","status":"publish","type":"product","link":"https:\/\/tecplan.com.es\/en\/product\/radio-movil-motorola-dem500\/","title":{"rendered":"Radio M\u00f3vil Motorola DEM500"},"content":{"rendered":"<p><strong>MOTOTRBO\u2122 Radio m\u00f3vil de dos v\u00edas DEM\u2122 500<\/strong><br \/>\nM\u00f3vil digital, ahora a su alcance<\/p>\n<p style=\"text-align: justify;\">El poder de las comunicaciones digitales ahora est\u00e1 a su alcance. Los radios m\u00f3viles MOTOTRBO DEM 500 son compactos y eficientes, lo cual permite que los trabajadores puedan permanecer conectados, ya sea cuando est\u00e9n recogiendo cargas o transportando pasajeros. Como parte de la familia de radios MOTOTRBO, el radio DEM 500 ofrece la mejor tecnolog\u00eda de radio digital con caracter\u00edsticas tales como funcionalidad de sistemas de voz integrados, el doble de capacidad de llamadas y comunicaciones de voz m\u00e1s claras. Gracias a la funci\u00f3n de audio inteligente, los conductores no necesitan ajustar el volumen del radio para evitar perderse una llamada, ya que el radio supervisa el ruido de fondo y se ajusta autom\u00e1ticamente.<\/p>\n<p style=\"text-align: justify;\">Para aquellos que todav\u00eda utilizan el modo anal\u00f3gico, el radio DEM 500 permite actualizar al modo digital seg\u00fan su propio ritmo y presupuesto, gracias a una escalabilidad simple que permite agregar funciones y caracter\u00edsticas. Este radio tambi\u00e9n es compatible con las caracter\u00edsticas MOTOTRBO avanzadas esenciales para la empresa, como la funci\u00f3n Transmit Interrupt que permite priorizar las comunicaciones cr\u00edticas. Cuando de capacidad de sistemas de voz digitales asequible se trata, el radio MOTOTRBO DEM 500 cumple su funci\u00f3n con claridad y facilidad.<\/p>\n<p style=\"text-align: justify;\"><strong>Caracter\u00edsticas<\/strong><br \/>\n<strong>Funcionalidad Transmit Interrupt<\/strong> &#8211; permite que un usuario interrumpa una conversaci\u00f3n de radio para transmitir una comunicaci\u00f3n cr\u00edtica en el momento y lugar necesarios. Compatible con el conjunto de aplicaciones de administraci\u00f3n de radio &#8211; programe sus radios con rapidez y eficacia mediante la herramienta de administraci\u00f3n de radio. Los radios se pueden programar en lotes seg\u00fan una plantilla estandarizada, lo que garantiza resultados sin errores y un rendimiento \u00f3ptimo.<\/p>\n<p style=\"text-align: justify;\"><strong>Programaci\u00f3n remota (OTAP)<\/strong> &#8211; administra, escribe y lee hasta 5.000 configuraciones de radio por aire.<\/p>\n<p style=\"text-align: justify;\"><strong>Audio inteligente<\/strong> \u2013 el volumen del radio se ajusta autom\u00e1ticamente para compensar el ruido de fondo y, de esta forma, evitar que los trabajadores deban ajustar el volumen de su radio para evitar perder llamadas en condiciones de mucho ruido y molestar a otros cuando se alejan a lugares menos ruidosos.<\/p>\n<p style=\"text-align: justify;\"><strong>Privacidad mejorada<\/strong> &#8211; codificaci\u00f3n integrada para mayor seguridad.<\/p>\n<p style=\"text-align: justify;\"><strong>Audio IMPRES\u2122<\/strong> &#8211; ya sea un murmullo durante una operaci\u00f3n encubierta en un callej\u00f3n oscuro o en un contexto con mucho ruido en donde se deben dar \u00f3rdenes, como en un incendio, los accesorios de audio IMPRES tienen un volumen alto y son claros, tanto en modo anal\u00f3gico como digital.<\/p>\n<p style=\"text-align: justify;\"><strong>Funcionalidad de los sistemas<\/strong> &#8211; experimente la cobertura de gran alcance de MOTOTRBO. IP Site Connect utiliza Internet para extender la cobertura y crear una red de \u00e1rea amplia, mientras que el enlace troncal de sitio individual Capacity Plus expande la capacidad a m\u00e1s de 1.000 usuarios sin agregar frecuencias nuevas.<\/p>\n<p style=\"text-align: justify;\"><strong>Con calificaci\u00f3n IP54<\/strong> \u2013 protege su radio de la lluvia intensa.<\/p>\n<h5 style=\"text-align: justify;\"><span style=\"text-decoration: underline;\"><strong>DOWNLOADS<\/strong><\/span><\/h5>\n<ul style=\"text-align: justify;\">\n<li><a href=\"https:\/\/drive.google.com\/file\/d\/1HULmZTyHEQa8al-hkpnW6C8nX620jhvN\/view?usp=sharing\">\u2192\u00a0 Ficha t\u00e9cnica Espa\u00f1ol<\/a><\/li>\n<li><a href=\"https:\/\/drive.google.com\/file\/d\/1KAsPBUBhsfZBrUArr9c-vGh5f5upzH_K\/view?usp=sharing\">\u2192\u00a0 Caracter\u00edsticas t\u00e9cnicas\u00a0<\/a><\/li>\n<\/ul>","protected":false},"excerpt":{"rendered":"<p style=\"text-align: justify;\"><strong>RADIO M\u00d3VIL DE DOS V\u00cdAS Motorola DEM500<\/strong><br \/>\nEl radio MOTOTRBO DEM500 ofrece la mejor tecnolog\u00eda de radio digital con caracter\u00edsticas tales como funcionalidad de sistemas de voz integrados, el doble de capacidad de llamadas y comunicaciones de voz m\u00e1s claras.<\/p>\n<p><img decoding=\"async\" class=\"wp-image-1035 aligncenter\" src=\"https:\/\/tecplan.com.es\/wp-content\/uploads\/2025\/05\/descarga-300x90.png\" alt=\"\" width=\"149\" height=\"41\" \/><\/p>","protected":false},"featured_media":4454,"comment_status":"open","ping_status":"closed","template":"","meta":{"site-sidebar-layout":"default","site-content-layout":"","ast-site-content-layout":"default","site-content-style":"default","site-sidebar-style":"default","ast-global-header-display":"","ast-banner-title-visibility":"","ast-main-header-display":"","ast-hfb-above-header-display":"","ast-hfb-below-header-display":"","ast-hfb-mobile-header-display":"","site-post-title":"","ast-breadcrumbs-content":"","ast-featured-img":"","footer-sml-layout":"","ast-disable-related-posts":"","theme-transparent-header-meta":"default","adv-header-id-meta":"","stick-header-meta":"","header-above-stick-meta":"","header-main-stick-meta":"","header-below-stick-meta":"","astra-migrate-meta-layouts":"set","ast-page-background-enabled":"default","ast-page-background-meta":{"desktop":{"background-color":"var(--ast-global-color-5)","background-image":"","background-repeat":"repeat","background-position":"center center","background-size":"auto","background-attachment":"scroll","background-type":"","background-media":"","overlay-type":"","overlay-color":"","overlay-opacity":"","overlay-gradient":""},"tablet":{"background-color":"","background-image":"","background-repeat":"repeat","background-position":"center center","background-size":"auto","background-attachment":"scroll","background-type":"","background-media":"","overlay-type":"","overlay-color":"","overlay-opacity":"","overlay-gradient":""},"mobile":{"background-color":"","background-image":"","background-repeat":"repeat","background-position":"center center","background-size":"auto","background-attachment":"scroll","background-type":"","background-media":"","overlay-type":"","overlay-color":"","overlay-opacity":"","overlay-gradient":""}},"ast-content-background-meta":{"desktop":{"background-color":"var(--ast-global-color-4)","background-image":"","background-repeat":"repeat","background-position":"center center","background-size":"auto","background-attachment":"scroll","background-type":"","background-media":"","overlay-type":"","overlay-color":"","overlay-opacity":"","overlay-gradient":""},"tablet":{"background-color":"var(--ast-global-color-4)","background-image":"","background-repeat":"repeat","background-position":"center center","background-size":"auto","background-attachment":"scroll","background-type":"","background-media":"","overlay-type":"","overlay-color":"","overlay-opacity":"","overlay-gradient":""},"mobile":{"background-color":"var(--ast-global-color-4)","background-image":"","background-repeat":"repeat","background-position":"center center","background-size":"auto","background-attachment":"scroll","background-type":"","background-media":"","overlay-type":"","overlay-color":"","overlay-opacity":"","overlay-gradient":""}}},"product_brand":[235],"product_cat":[68,59,71],"product_tag":[205],"class_list":{"0":"post-4464","1":"product","2":"type-product","3":"status-publish","4":"has-post-thumbnail","6":"product_brand-motorola","7":"product_cat-motorola","8":"product_cat-radio-comunicacion","9":"product_cat-radios-bases","10":"product_tag-motorola","11":"desktop-align-left","12":"tablet-align-left","13":"mobile-align-left","15":"first","16":"instock","17":"shipping-taxable","18":"product-type-simple"},"yoast_head":"<!-- This site is optimized with the Yoast SEO plugin v25.3 - https:\/\/yoast.com\/wordpress\/plugins\/seo\/ -->\n<title>Radio M\u00f3vil Motorola DEM500 - Tecplan<\/title>\n<meta name=\"robots\" content=\"index, follow, max-snippet:-1, max-image-preview:large, max-video-preview:-1\" \/>\n<link rel=\"canonical\" href=\"https:\/\/tecplan.com.es\/en\/product\/radio-movil-motorola-dem500\/\" \/>\n<meta property=\"og:locale\" content=\"en_US\" \/>\n<meta property=\"og:type\" content=\"article\" \/>\n<meta property=\"og:title\" content=\"Radio M\u00f3vil Motorola DEM500 - Tecplan\" \/>\n<meta property=\"og:description\" content=\"RADIO M\u00d3VIL DE DOS V\u00cdAS Motorola DEM500 El radio MOTOTRBO DEM500 ofrece la mejor tecnolog\u00eda de radio digital con caracter\u00edsticas tales como funcionalidad de sistemas de voz integrados, el doble de capacidad de llamadas y comunicaciones de voz m\u00e1s claras.\" \/>\n<meta property=\"og:url\" content=\"https:\/\/tecplan.com.es\/en\/product\/radio-movil-motorola-dem500\/\" \/>\n<meta property=\"og:site_name\" content=\"Tecplan\" \/>\n<meta property=\"article:modified_time\" content=\"2025-11-10T22:45:57+00:00\" \/>\n<meta property=\"og:image\" content=\"https:\/\/tecplan.com.es\/wp-content\/uploads\/2025\/11\/07-DEM-500-510x510-1.jpg\" \/>\n\t<meta property=\"og:image:width\" content=\"510\" \/>\n\t<meta property=\"og:image:height\" content=\"510\" \/>\n\t<meta property=\"og:image:type\" content=\"image\/jpeg\" \/>\n<meta name=\"twitter:card\" content=\"summary_large_image\" \/>\n<meta name=\"twitter:label1\" content=\"Est. reading time\" \/>\n\t<meta name=\"twitter:data1\" content=\"3 minutes\" \/>\n<script type=\"application\/ld+json\" class=\"yoast-schema-graph\">{\"@context\":\"https:\/\/schema.org\",\"@graph\":[{\"@type\":\"WebPage\",\"@id\":\"https:\/\/tecplan.com.es\/product\/radio-movil-motorola-dem500\/\",\"url\":\"https:\/\/tecplan.com.es\/product\/radio-movil-motorola-dem500\/\",\"name\":\"Radio M\u00f3vil Motorola DEM500 - Tecplan\",\"isPartOf\":{\"@id\":\"https:\/\/tecplan.com.es\/#website\"},\"primaryImageOfPage\":{\"@id\":\"https:\/\/tecplan.com.es\/product\/radio-movil-motorola-dem500\/#primaryimage\"},\"image\":{\"@id\":\"https:\/\/tecplan.com.es\/product\/radio-movil-motorola-dem500\/#primaryimage\"},\"thumbnailUrl\":\"https:\/\/tecplan.com.es\/wp-content\/uploads\/2025\/11\/07-DEM-500-510x510-1.jpg\",\"datePublished\":\"2025-11-05T22:50:23+00:00\",\"dateModified\":\"2025-11-10T22:45:57+00:00\",\"breadcrumb\":{\"@id\":\"https:\/\/tecplan.com.es\/product\/radio-movil-motorola-dem500\/#breadcrumb\"},\"inLanguage\":\"en-US\",\"potentialAction\":[{\"@type\":\"ReadAction\",\"target\":[\"https:\/\/tecplan.com.es\/product\/radio-movil-motorola-dem500\/\"]}]},{\"@type\":\"ImageObject\",\"inLanguage\":\"en-US\",\"@id\":\"https:\/\/tecplan.com.es\/product\/radio-movil-motorola-dem500\/#primaryimage\",\"url\":\"https:\/\/tecplan.com.es\/wp-content\/uploads\/2025\/11\/07-DEM-500-510x510-1.jpg\",\"contentUrl\":\"https:\/\/tecplan.com.es\/wp-content\/uploads\/2025\/11\/07-DEM-500-510x510-1.jpg\",\"width\":510,\"height\":510},{\"@type\":\"BreadcrumbList\",\"@id\":\"https:\/\/tecplan.com.es\/product\/radio-movil-motorola-dem500\/#breadcrumb\",\"itemListElement\":[{\"@type\":\"ListItem\",\"position\":1,\"name\":\"Home\",\"item\":\"https:\/\/tecplan.com.es\/\"},{\"@type\":\"ListItem\",\"position\":2,\"name\":\"Shop\",\"item\":\"https:\/\/tecplan.com.es\/shop\/\"},{\"@type\":\"ListItem\",\"position\":3,\"name\":\"Radio M\u00f3vil Motorola DEM500\"}]},{\"@type\":\"WebSite\",\"@id\":\"https:\/\/tecplan.com.es\/#website\",\"url\":\"https:\/\/tecplan.com.es\/\",\"name\":\"Tecplan\",\"description\":\"\",\"potentialAction\":[{\"@type\":\"SearchAction\",\"target\":{\"@type\":\"EntryPoint\",\"urlTemplate\":\"https:\/\/tecplan.com.es\/?s={search_term_string}\"},\"query-input\":{\"@type\":\"PropertyValueSpecification\",\"valueRequired\":true,\"valueName\":\"search_term_string\"}}],\"inLanguage\":\"en-US\"}]}<\/script>\n<!-- \/ Yoast SEO plugin. -->","yoast_head_json":{"title":"Radio M\u00f3vil Motorola DEM500 - Tecplan","robots":{"index":"index","follow":"follow","max-snippet":"max-snippet:-1","max-image-preview":"max-image-preview:large","max-video-preview":"max-video-preview:-1"},"canonical":"https:\/\/tecplan.com.es\/en\/product\/radio-movil-motorola-dem500\/","og_locale":"en_US","og_type":"article","og_title":"Radio M\u00f3vil Motorola DEM500 - Tecplan","og_description":"RADIO M\u00d3VIL DE DOS V\u00cdAS Motorola DEM500 El radio MOTOTRBO DEM500 ofrece la mejor tecnolog\u00eda de radio digital con caracter\u00edsticas tales como funcionalidad de sistemas de voz integrados, el doble de capacidad de llamadas y comunicaciones de voz m\u00e1s claras.","og_url":"https:\/\/tecplan.com.es\/en\/product\/radio-movil-motorola-dem500\/","og_site_name":"Tecplan","article_modified_time":"2025-11-10T22:45:57+00:00","og_image":[{"width":510,"height":510,"url":"https:\/\/tecplan.com.es\/wp-content\/uploads\/2025\/11\/07-DEM-500-510x510-1.jpg","type":"image\/jpeg"}],"twitter_card":"summary_large_image","twitter_misc":{"Est. reading time":"3 minutes"},"schema":{"@context":"https:\/\/schema.org","@graph":[{"@type":"WebPage","@id":"https:\/\/tecplan.com.es\/product\/radio-movil-motorola-dem500\/","url":"https:\/\/tecplan.com.es\/product\/radio-movil-motorola-dem500\/","name":"Radio M\u00f3vil Motorola DEM500 - Tecplan","isPartOf":{"@id":"https:\/\/tecplan.com.es\/#website"},"primaryImageOfPage":{"@id":"https:\/\/tecplan.com.es\/product\/radio-movil-motorola-dem500\/#primaryimage"},"image":{"@id":"https:\/\/tecplan.com.es\/product\/radio-movil-motorola-dem500\/#primaryimage"},"thumbnailUrl":"https:\/\/tecplan.com.es\/wp-content\/uploads\/2025\/11\/07-DEM-500-510x510-1.jpg","datePublished":"2025-11-05T22:50:23+00:00","dateModified":"2025-11-10T22:45:57+00:00","breadcrumb":{"@id":"https:\/\/tecplan.com.es\/product\/radio-movil-motorola-dem500\/#breadcrumb"},"inLanguage":"en-US","potentialAction":[{"@type":"ReadAction","target":["https:\/\/tecplan.com.es\/product\/radio-movil-motorola-dem500\/"]}]},{"@type":"ImageObject","inLanguage":"en-US","@id":"https:\/\/tecplan.com.es\/product\/radio-movil-motorola-dem500\/#primaryimage","url":"https:\/\/tecplan.com.es\/wp-content\/uploads\/2025\/11\/07-DEM-500-510x510-1.jpg","contentUrl":"https:\/\/tecplan.com.es\/wp-content\/uploads\/2025\/11\/07-DEM-500-510x510-1.jpg","width":510,"height":510},{"@type":"BreadcrumbList","@id":"https:\/\/tecplan.com.es\/product\/radio-movil-motorola-dem500\/#breadcrumb","itemListElement":[{"@type":"ListItem","position":1,"name":"Home","item":"https:\/\/tecplan.com.es\/"},{"@type":"ListItem","position":2,"name":"Shop","item":"https:\/\/tecplan.com.es\/shop\/"},{"@type":"ListItem","position":3,"name":"Radio M\u00f3vil Motorola DEM500"}]},{"@type":"WebSite","@id":"https:\/\/tecplan.com.es\/#website","url":"https:\/\/tecplan.com.es\/","name":"Tecplan","description":"","potentialAction":[{"@type":"SearchAction","target":{"@type":"EntryPoint","urlTemplate":"https:\/\/tecplan.com.es\/?s={search_term_string}"},"query-input":{"@type":"PropertyValueSpecification","valueRequired":true,"valueName":"search_term_string"}}],"inLanguage":"en-US"}]}},"_links":{"self":[{"href":"https:\/\/tecplan.com.es\/en\/wp-json\/wp\/v2\/product\/4464","targetHints":{"allow":["GET"]}}],"collection":[{"href":"https:\/\/tecplan.com.es\/en\/wp-json\/wp\/v2\/product"}],"about":[{"href":"https:\/\/tecplan.com.es\/en\/wp-json\/wp\/v2\/types\/product"}],"replies":[{"embeddable":true,"href":"https:\/\/tecplan.com.es\/en\/wp-json\/wp\/v2\/comments?post=4464"}],"version-history":[{"count":2,"href":"https:\/\/tecplan.com.es\/en\/wp-json\/wp\/v2\/product\/4464\/revisions"}],"predecessor-version":[{"id":4543,"href":"https:\/\/tecplan.com.es\/en\/wp-json\/wp\/v2\/product\/4464\/revisions\/4543"}],"wp:featuredmedia":[{"embeddable":true,"href":"https:\/\/tecplan.com.es\/en\/wp-json\/wp\/v2\/media\/4454"}],"wp:attachment":[{"href":"https:\/\/tecplan.com.es\/en\/wp-json\/wp\/v2\/media?parent=4464"}],"wp:term":[{"taxonomy":"product_brand","embeddable":true,"href":"https:\/\/tecplan.com.es\/en\/wp-json\/wp\/v2\/product_brand?post=4464"},{"taxonomy":"product_cat","embeddable":true,"href":"https:\/\/tecplan.com.es\/en\/wp-json\/wp\/v2\/product_cat?post=4464"},{"taxonomy":"product_tag","embeddable":true,"href":"https:\/\/tecplan.com.es\/en\/wp-json\/wp\/v2\/product_tag?post=4464"}],"curies":[{"name":"wp","href":"https:\/\/api.w.org\/{rel}","templated":true}]}}