{"id":4463,"date":"2025-11-05T22:50:22","date_gmt":"2025-11-05T22:50:22","guid":{"rendered":"https:\/\/tecplan.com.es\/product\/mototrbo-r7\/"},"modified":"2025-11-10T22:09:12","modified_gmt":"2025-11-10T22:09:12","slug":"mototrbo-r7","status":"publish","type":"product","link":"https:\/\/tecplan.com.es\/en\/product\/mototrbo-r7\/","title":{"rendered":"MOTOTRBO R7"},"content":{"rendered":"<p style=\"text-align: justify;\"><strong>El poder de ser escuchado<\/strong><\/p>\n<p style=\"text-align: justify;\">MOTOTRBO\u2122 R7 Radio Digital Portable de Dos V\u00edas El poder de ser escuchado.<\/p>\n<p style=\"text-align: justify;\">The MOTOTRBO R7 offers revolutionary audio capabilities in a feature-rich device. Its advanced audio processing ensures loud and clear communications, its rugged design is built for harsh environments, and advanced connectivity options future-proof your staff.<\/p>\n<p style=\"text-align: justify;\">MOTOTRBO R7 Sea escuchado con el nuevo radio de dos v\u00edas: MOTOTRBO R7 Su negocio depende de las comunicaciones. el MOTOTRBO R7 es un radio portable digital de dos v\u00edas<br \/>\nque ofrece capacidades de audio revolucionarios en un dispositivo robusto y listo para el futuro.<\/p>\n<p style=\"text-align: justify;\"><strong>loud and clear<\/strong><br \/>\nEl MOTOTRBO R7 sobresale en situaciones donde las comunicaciones por audio pueden ser desafiantes, proporcionando cancelaci\u00f3n de ruido de alto nivel, volumen fuerte, y claridad, para que su equipo pueda escuchar y ser escuchado en cualquier lugar donde opere, incluso en los ambientes m\u00e1s ruidosos. MOTOTRBO R7 le permite a su equipo escuchar y ser escuchado a la primera, cuando m\u00e1s importa, y brinda un volumen sin precedentes, para que su equipo pueda escuchar en cualquier situaci\u00f3n.<\/p>\n<p style=\"text-align: justify;\"><strong>Conectado cuando importa<\/strong><br \/>\nLos sistemas MOTOTRBO combinan una intensidad de se\u00f1al superior con la flexibilidad para personalizar la cobertura del sitio, una estructura de costos predecibles construida en base a sus necesidades, el control para decidir cu\u00e1les funciones y qu\u00e9 dispositivos acceden a su red, la capacidad para cuantos dispositivos necesite su equipo, y la capacidad de garantizarle a su equipo est\u00e1 a un solo bot\u00f3n de distancia.<\/p>\n<p style=\"text-align: justify;\"><strong>Construido para superarse<\/strong><br \/>\nEl MOTOTRBO R7 est\u00e1 probado para cumplir con est\u00e1ndares militares, y construida para superar cualquier obst\u00e1culo. El R7 es intr\u00ednsecamente seguro, para que pueda utilizarlo en entornos peligrosos sin el riesgo de ignici\u00f3n o fuego. Las clasificaciones IP68 e IP66 significan que es completamente a prueba de polvo y est\u00e1 protegido para la inmersi\u00f3n de hasta 2 metros por 2 horas, as\u00ed como contra el impacto directo de agua altamente presurizada. Incluso la pantalla est\u00e1 reforzada para resistir impactos y puede soportar m\u00faltiples ca\u00eddas contra el concreto.<\/p>\n<p style=\"text-align: justify;\">Y el material de la carcasa del R7 fue especialmente dise\u00f1ado para la industria m\u00e9dica y resistir sustancias desinfectantes y descontaminantes.<\/p>\n<h5 style=\"text-align: justify;\"><span style=\"text-decoration: underline;\"><strong>DOWNLOADS<\/strong><\/span><\/h5>\n<ul style=\"text-align: justify;\">\n<li><a href=\"https:\/\/drive.google.com\/file\/d\/1ZQW3aNzOYJDrS0bm6gfIxhEzURa-tY0y\/view?usp=drive_link\">\u2192 Technical specifications<\/a><\/li>\n<li><a href=\"https:\/\/drive.google.com\/file\/d\/1cT5xJ6m0bBjFWth8nz5JorCJDEFHK9SM\/view?usp=sharing\">\u2192\u00a0 Caracter\u00edsticas t\u00e9cnica<\/a><\/li>\n<\/ul>\n<p>&nbsp;<\/p>","protected":false},"excerpt":{"rendered":"<p style=\"text-align: justify;\">Radio Digital de Dos V\u00edas MOTOTRBO R7 ofrece capacidades de audio revolucionarias en un dispositivo con grandes caracter\u00edsticas. Su dise\u00f1o robusto est\u00e1 preparado para entornos dif\u00edciles, con opciones avanzadas de conectividad eficiente.<\/p>\n<p><img decoding=\"async\" class=\"aligncenter\" src=\"https:\/\/tecplan.com.es\/wp-content\/uploads\/2025\/05\/descarga.png\" width=\"202\" height=\"98\" \/><\/p>","protected":false},"featured_media":4453,"comment_status":"open","ping_status":"closed","template":"","meta":{"site-sidebar-layout":"default","site-content-layout":"","ast-site-content-layout":"default","site-content-style":"default","site-sidebar-style":"default","ast-global-header-display":"","ast-banner-title-visibility":"","ast-main-header-display":"","ast-hfb-above-header-display":"","ast-hfb-below-header-display":"","ast-hfb-mobile-header-display":"","site-post-title":"","ast-breadcrumbs-content":"","ast-featured-img":"","footer-sml-layout":"","ast-disable-related-posts":"","theme-transparent-header-meta":"default","adv-header-id-meta":"","stick-header-meta":"","header-above-stick-meta":"","header-main-stick-meta":"","header-below-stick-meta":"","astra-migrate-meta-layouts":"set","ast-page-background-enabled":"default","ast-page-background-meta":{"desktop":{"background-color":"var(--ast-global-color-5)","background-image":"","background-repeat":"repeat","background-position":"center center","background-size":"auto","background-attachment":"scroll","background-type":"","background-media":"","overlay-type":"","overlay-color":"","overlay-opacity":"","overlay-gradient":""},"tablet":{"background-color":"","background-image":"","background-repeat":"repeat","background-position":"center center","background-size":"auto","background-attachment":"scroll","background-type":"","background-media":"","overlay-type":"","overlay-color":"","overlay-opacity":"","overlay-gradient":""},"mobile":{"background-color":"","background-image":"","background-repeat":"repeat","background-position":"center center","background-size":"auto","background-attachment":"scroll","background-type":"","background-media":"","overlay-type":"","overlay-color":"","overlay-opacity":"","overlay-gradient":""}},"ast-content-background-meta":{"desktop":{"background-color":"var(--ast-global-color-4)","background-image":"","background-repeat":"repeat","background-position":"center center","background-size":"auto","background-attachment":"scroll","background-type":"","background-media":"","overlay-type":"","overlay-color":"","overlay-opacity":"","overlay-gradient":""},"tablet":{"background-color":"var(--ast-global-color-4)","background-image":"","background-repeat":"repeat","background-position":"center center","background-size":"auto","background-attachment":"scroll","background-type":"","background-media":"","overlay-type":"","overlay-color":"","overlay-opacity":"","overlay-gradient":""},"mobile":{"background-color":"var(--ast-global-color-4)","background-image":"","background-repeat":"repeat","background-position":"center center","background-size":"auto","background-attachment":"scroll","background-type":"","background-media":"","overlay-type":"","overlay-color":"","overlay-opacity":"","overlay-gradient":""}}},"product_brand":[235],"product_cat":[68,59,72],"product_tag":[205],"class_list":{"0":"post-4463","1":"product","2":"type-product","3":"status-publish","4":"has-post-thumbnail","6":"product_brand-motorola","7":"product_cat-motorola","8":"product_cat-radio-comunicacion","9":"product_cat-radios-portatiles","10":"product_tag-motorola","11":"desktop-align-left","12":"tablet-align-left","13":"mobile-align-left","15":"first","16":"instock","17":"shipping-taxable","18":"product-type-simple"},"yoast_head":"<!-- This site is optimized with the Yoast SEO plugin v25.3 - https:\/\/yoast.com\/wordpress\/plugins\/seo\/ -->\n<title>MOTOTRBO R7 - Tecplan<\/title>\n<meta name=\"robots\" content=\"index, follow, max-snippet:-1, max-image-preview:large, max-video-preview:-1\" \/>\n<link rel=\"canonical\" href=\"https:\/\/tecplan.com.es\/en\/product\/mototrbo-r7\/\" \/>\n<meta property=\"og:locale\" content=\"en_US\" \/>\n<meta property=\"og:type\" content=\"article\" \/>\n<meta property=\"og:title\" content=\"MOTOTRBO R7 - Tecplan\" \/>\n<meta property=\"og:description\" content=\"Radio Digital de Dos V\u00edas MOTOTRBO R7 ofrece capacidades de audio revolucionarias en un dispositivo con grandes caracter\u00edsticas. Su dise\u00f1o robusto est\u00e1 preparado para entornos dif\u00edciles, con opciones avanzadas de conectividad eficiente.\" \/>\n<meta property=\"og:url\" content=\"https:\/\/tecplan.com.es\/en\/product\/mototrbo-r7\/\" \/>\n<meta property=\"og:site_name\" content=\"Tecplan\" \/>\n<meta property=\"article:modified_time\" content=\"2025-11-10T22:09:12+00:00\" \/>\n<meta property=\"og:image\" content=\"https:\/\/tecplan.com.es\/wp-content\/uploads\/2025\/11\/mototrbo_r7_2.png\" \/>\n\t<meta property=\"og:image:width\" content=\"1290\" \/>\n\t<meta property=\"og:image:height\" content=\"1290\" \/>\n\t<meta property=\"og:image:type\" content=\"image\/png\" \/>\n<meta name=\"twitter:card\" content=\"summary_large_image\" \/>\n<meta name=\"twitter:label1\" content=\"Est. reading time\" \/>\n\t<meta name=\"twitter:data1\" content=\"2 minutes\" \/>\n<script type=\"application\/ld+json\" class=\"yoast-schema-graph\">{\"@context\":\"https:\/\/schema.org\",\"@graph\":[{\"@type\":\"WebPage\",\"@id\":\"https:\/\/tecplan.com.es\/product\/mototrbo-r7\/\",\"url\":\"https:\/\/tecplan.com.es\/product\/mototrbo-r7\/\",\"name\":\"MOTOTRBO R7 - Tecplan\",\"isPartOf\":{\"@id\":\"https:\/\/tecplan.com.es\/#website\"},\"primaryImageOfPage\":{\"@id\":\"https:\/\/tecplan.com.es\/product\/mototrbo-r7\/#primaryimage\"},\"image\":{\"@id\":\"https:\/\/tecplan.com.es\/product\/mototrbo-r7\/#primaryimage\"},\"thumbnailUrl\":\"https:\/\/tecplan.com.es\/wp-content\/uploads\/2025\/11\/mototrbo_r7_2.png\",\"datePublished\":\"2025-11-05T22:50:22+00:00\",\"dateModified\":\"2025-11-10T22:09:12+00:00\",\"breadcrumb\":{\"@id\":\"https:\/\/tecplan.com.es\/product\/mototrbo-r7\/#breadcrumb\"},\"inLanguage\":\"en-US\",\"potentialAction\":[{\"@type\":\"ReadAction\",\"target\":[\"https:\/\/tecplan.com.es\/product\/mototrbo-r7\/\"]}]},{\"@type\":\"ImageObject\",\"inLanguage\":\"en-US\",\"@id\":\"https:\/\/tecplan.com.es\/product\/mototrbo-r7\/#primaryimage\",\"url\":\"https:\/\/tecplan.com.es\/wp-content\/uploads\/2025\/11\/mototrbo_r7_2.png\",\"contentUrl\":\"https:\/\/tecplan.com.es\/wp-content\/uploads\/2025\/11\/mototrbo_r7_2.png\",\"width\":1290,\"height\":1290},{\"@type\":\"BreadcrumbList\",\"@id\":\"https:\/\/tecplan.com.es\/product\/mototrbo-r7\/#breadcrumb\",\"itemListElement\":[{\"@type\":\"ListItem\",\"position\":1,\"name\":\"Home\",\"item\":\"https:\/\/tecplan.com.es\/\"},{\"@type\":\"ListItem\",\"position\":2,\"name\":\"Shop\",\"item\":\"https:\/\/tecplan.com.es\/shop\/\"},{\"@type\":\"ListItem\",\"position\":3,\"name\":\"MOTOTRBO R7\"}]},{\"@type\":\"WebSite\",\"@id\":\"https:\/\/tecplan.com.es\/#website\",\"url\":\"https:\/\/tecplan.com.es\/\",\"name\":\"Tecplan\",\"description\":\"\",\"potentialAction\":[{\"@type\":\"SearchAction\",\"target\":{\"@type\":\"EntryPoint\",\"urlTemplate\":\"https:\/\/tecplan.com.es\/?s={search_term_string}\"},\"query-input\":{\"@type\":\"PropertyValueSpecification\",\"valueRequired\":true,\"valueName\":\"search_term_string\"}}],\"inLanguage\":\"en-US\"}]}<\/script>\n<!-- \/ Yoast SEO plugin. -->","yoast_head_json":{"title":"MOTOTRBO R7 - Tecplan","robots":{"index":"index","follow":"follow","max-snippet":"max-snippet:-1","max-image-preview":"max-image-preview:large","max-video-preview":"max-video-preview:-1"},"canonical":"https:\/\/tecplan.com.es\/en\/product\/mototrbo-r7\/","og_locale":"en_US","og_type":"article","og_title":"MOTOTRBO R7 - Tecplan","og_description":"Radio Digital de Dos V\u00edas MOTOTRBO R7 ofrece capacidades de audio revolucionarias en un dispositivo con grandes caracter\u00edsticas. Su dise\u00f1o robusto est\u00e1 preparado para entornos dif\u00edciles, con opciones avanzadas de conectividad eficiente.","og_url":"https:\/\/tecplan.com.es\/en\/product\/mototrbo-r7\/","og_site_name":"Tecplan","article_modified_time":"2025-11-10T22:09:12+00:00","og_image":[{"width":1290,"height":1290,"url":"https:\/\/tecplan.com.es\/wp-content\/uploads\/2025\/11\/mototrbo_r7_2.png","type":"image\/png"}],"twitter_card":"summary_large_image","twitter_misc":{"Est. reading time":"2 minutes"},"schema":{"@context":"https:\/\/schema.org","@graph":[{"@type":"WebPage","@id":"https:\/\/tecplan.com.es\/product\/mototrbo-r7\/","url":"https:\/\/tecplan.com.es\/product\/mototrbo-r7\/","name":"MOTOTRBO R7 - Tecplan","isPartOf":{"@id":"https:\/\/tecplan.com.es\/#website"},"primaryImageOfPage":{"@id":"https:\/\/tecplan.com.es\/product\/mototrbo-r7\/#primaryimage"},"image":{"@id":"https:\/\/tecplan.com.es\/product\/mototrbo-r7\/#primaryimage"},"thumbnailUrl":"https:\/\/tecplan.com.es\/wp-content\/uploads\/2025\/11\/mototrbo_r7_2.png","datePublished":"2025-11-05T22:50:22+00:00","dateModified":"2025-11-10T22:09:12+00:00","breadcrumb":{"@id":"https:\/\/tecplan.com.es\/product\/mototrbo-r7\/#breadcrumb"},"inLanguage":"en-US","potentialAction":[{"@type":"ReadAction","target":["https:\/\/tecplan.com.es\/product\/mototrbo-r7\/"]}]},{"@type":"ImageObject","inLanguage":"en-US","@id":"https:\/\/tecplan.com.es\/product\/mototrbo-r7\/#primaryimage","url":"https:\/\/tecplan.com.es\/wp-content\/uploads\/2025\/11\/mototrbo_r7_2.png","contentUrl":"https:\/\/tecplan.com.es\/wp-content\/uploads\/2025\/11\/mototrbo_r7_2.png","width":1290,"height":1290},{"@type":"BreadcrumbList","@id":"https:\/\/tecplan.com.es\/product\/mototrbo-r7\/#breadcrumb","itemListElement":[{"@type":"ListItem","position":1,"name":"Home","item":"https:\/\/tecplan.com.es\/"},{"@type":"ListItem","position":2,"name":"Shop","item":"https:\/\/tecplan.com.es\/shop\/"},{"@type":"ListItem","position":3,"name":"MOTOTRBO R7"}]},{"@type":"WebSite","@id":"https:\/\/tecplan.com.es\/#website","url":"https:\/\/tecplan.com.es\/","name":"Tecplan","description":"","potentialAction":[{"@type":"SearchAction","target":{"@type":"EntryPoint","urlTemplate":"https:\/\/tecplan.com.es\/?s={search_term_string}"},"query-input":{"@type":"PropertyValueSpecification","valueRequired":true,"valueName":"search_term_string"}}],"inLanguage":"en-US"}]}},"_links":{"self":[{"href":"https:\/\/tecplan.com.es\/en\/wp-json\/wp\/v2\/product\/4463","targetHints":{"allow":["GET"]}}],"collection":[{"href":"https:\/\/tecplan.com.es\/en\/wp-json\/wp\/v2\/product"}],"about":[{"href":"https:\/\/tecplan.com.es\/en\/wp-json\/wp\/v2\/types\/product"}],"replies":[{"embeddable":true,"href":"https:\/\/tecplan.com.es\/en\/wp-json\/wp\/v2\/comments?post=4463"}],"version-history":[{"count":2,"href":"https:\/\/tecplan.com.es\/en\/wp-json\/wp\/v2\/product\/4463\/revisions"}],"predecessor-version":[{"id":4536,"href":"https:\/\/tecplan.com.es\/en\/wp-json\/wp\/v2\/product\/4463\/revisions\/4536"}],"wp:featuredmedia":[{"embeddable":true,"href":"https:\/\/tecplan.com.es\/en\/wp-json\/wp\/v2\/media\/4453"}],"wp:attachment":[{"href":"https:\/\/tecplan.com.es\/en\/wp-json\/wp\/v2\/media?parent=4463"}],"wp:term":[{"taxonomy":"product_brand","embeddable":true,"href":"https:\/\/tecplan.com.es\/en\/wp-json\/wp\/v2\/product_brand?post=4463"},{"taxonomy":"product_cat","embeddable":true,"href":"https:\/\/tecplan.com.es\/en\/wp-json\/wp\/v2\/product_cat?post=4463"},{"taxonomy":"product_tag","embeddable":true,"href":"https:\/\/tecplan.com.es\/en\/wp-json\/wp\/v2\/product_tag?post=4463"}],"curies":[{"name":"wp","href":"https:\/\/api.w.org\/{rel}","templated":true}]}}