{"id":4460,"date":"2025-11-05T22:50:21","date_gmt":"2025-11-05T22:50:21","guid":{"rendered":"https:\/\/tecplan.com.es\/product\/magone-motorola-a8\/"},"modified":"2025-11-10T21:45:51","modified_gmt":"2025-11-10T21:45:51","slug":"magone-motorola-a8","status":"publish","type":"product","link":"https:\/\/tecplan.com.es\/en\/product\/magone-motorola-a8\/","title":{"rendered":"MagOne Motorola A8"},"content":{"rendered":"<p style=\"text-align: justify;\">El Motorola MagOne A8 es un radio port\u00e1til anal\u00f3gico de 16 canales, dise\u00f1ado para comunicaciones confiables en entornos como hoteles, restaurantes y comercios. Es robusto, ligero y disponible en bandas de frecuencia VHF (hasta 5W) y UHF (hasta 4W), adem\u00e1s de cumplir con la norma IP54 (resistencia al polvo y salpicaduras).<\/p>\n<ul>\n<li style=\"text-align: justify;\"><strong>Caracter\u00edsticas principales<\/strong><\/li>\n<li style=\"text-align: justify;\">16 canales: Permite organizar equipos en diferentes grupos de conversaci\u00f3n para mayor eficiencia.<\/li>\n<li style=\"text-align: justify;\">Dise\u00f1o robusto y ligero: Construcci\u00f3n resistente con resistencia al agua (salpicaduras), ideal para uso rudo.<\/li>\n<li style=\"text-align: justify;\">Funciones avanzadas: Incluye escaneo prioritario para no perder mensajes importantes, potencia de transmisi\u00f3n ajustable (para ahorrar bater\u00eda) y niveles de silenciamiento para minimizar interferencias.<\/li>\n<li style=\"text-align: justify;\">Bater\u00eda de larga duraci\u00f3n: Dise\u00f1ado para durar una guardia completa de trabajo, manteniendo las comunicaciones constantes.<\/li>\n<li style=\"text-align: justify;\">Indicadores y controles: Cuenta con un LED tricolor para ver el estado de la radio y la bater\u00eda, as\u00ed como un bot\u00f3n de PTT (Push-to-Talk) grande y texturizado para un f\u00e1cil uso, y un selector de canales rotatorio.<\/li>\n<li style=\"text-align: justify;\">Versiones VHF y UHF: Disponible en diferentes modelos para adaptarse a necesidades espec\u00edficas de frecuencia y potencia.<\/li>\n<li style=\"text-align: justify;\">Programable: Se puede programar con software para clientes (CPS).<\/li>\n<\/ul>\n<h5 style=\"text-align: justify;\"><span style=\"text-decoration: underline;\"><strong>DOWNLOADS<\/strong><\/span><\/h5>\n<ul style=\"text-align: justify;\">\n<li><a href=\"https:\/\/drive.google.com\/file\/d\/1RqBU1Nez-xTKNq6ywjTP_dIOX53a8UVY\/view?usp=sharing\">\u2192 Technical specifications<\/a><\/li>\n<\/ul>","protected":false},"excerpt":{"rendered":"<p style=\"text-align: justify;\">Radio Port\u00e1til\u00a0 El radio port\u00e1til MagOne Motorola A8 es la soluci\u00f3n ideal para uso en hoteles, restaurantes, comercios, industrias de servicio y coordinaci\u00f3n de eventos.<\/p>\n<p><img decoding=\"async\" class=\"wp-image-1035 aligncenter\" src=\"https:\/\/tecplan.com.es\/wp-content\/uploads\/2025\/05\/descarga-300x90.png\" alt=\"\" width=\"155\" height=\"53\" \/><\/p>","protected":false},"featured_media":4432,"comment_status":"open","ping_status":"closed","template":"","meta":{"site-sidebar-layout":"default","site-content-layout":"","ast-site-content-layout":"default","site-content-style":"default","site-sidebar-style":"default","ast-global-header-display":"","ast-banner-title-visibility":"","ast-main-header-display":"","ast-hfb-above-header-display":"","ast-hfb-below-header-display":"","ast-hfb-mobile-header-display":"","site-post-title":"","ast-breadcrumbs-content":"","ast-featured-img":"","footer-sml-layout":"","ast-disable-related-posts":"","theme-transparent-header-meta":"default","adv-header-id-meta":"","stick-header-meta":"","header-above-stick-meta":"","header-main-stick-meta":"","header-below-stick-meta":"","astra-migrate-meta-layouts":"set","ast-page-background-enabled":"default","ast-page-background-meta":{"desktop":{"background-color":"var(--ast-global-color-5)","background-image":"","background-repeat":"repeat","background-position":"center center","background-size":"auto","background-attachment":"scroll","background-type":"","background-media":"","overlay-type":"","overlay-color":"","overlay-opacity":"","overlay-gradient":""},"tablet":{"background-color":"","background-image":"","background-repeat":"repeat","background-position":"center center","background-size":"auto","background-attachment":"scroll","background-type":"","background-media":"","overlay-type":"","overlay-color":"","overlay-opacity":"","overlay-gradient":""},"mobile":{"background-color":"","background-image":"","background-repeat":"repeat","background-position":"center center","background-size":"auto","background-attachment":"scroll","background-type":"","background-media":"","overlay-type":"","overlay-color":"","overlay-opacity":"","overlay-gradient":""}},"ast-content-background-meta":{"desktop":{"background-color":"var(--ast-global-color-4)","background-image":"","background-repeat":"repeat","background-position":"center center","background-size":"auto","background-attachment":"scroll","background-type":"","background-media":"","overlay-type":"","overlay-color":"","overlay-opacity":"","overlay-gradient":""},"tablet":{"background-color":"var(--ast-global-color-4)","background-image":"","background-repeat":"repeat","background-position":"center center","background-size":"auto","background-attachment":"scroll","background-type":"","background-media":"","overlay-type":"","overlay-color":"","overlay-opacity":"","overlay-gradient":""},"mobile":{"background-color":"var(--ast-global-color-4)","background-image":"","background-repeat":"repeat","background-position":"center center","background-size":"auto","background-attachment":"scroll","background-type":"","background-media":"","overlay-type":"","overlay-color":"","overlay-opacity":"","overlay-gradient":""}}},"product_brand":[235],"product_cat":[68,59,72],"product_tag":[236],"class_list":{"0":"post-4460","1":"product","2":"type-product","3":"status-publish","4":"has-post-thumbnail","6":"product_brand-motorola","7":"product_cat-motorola","8":"product_cat-radio-comunicacion","9":"product_cat-radios-portatiles","10":"product_tag-mororola","11":"desktop-align-left","12":"tablet-align-left","13":"mobile-align-left","15":"first","16":"instock","17":"shipping-taxable","18":"product-type-simple"},"yoast_head":"<!-- This site is optimized with the Yoast SEO plugin v25.3 - https:\/\/yoast.com\/wordpress\/plugins\/seo\/ -->\n<title>MagOne Motorola A8 - Tecplan<\/title>\n<meta name=\"robots\" content=\"index, follow, max-snippet:-1, max-image-preview:large, max-video-preview:-1\" \/>\n<link rel=\"canonical\" href=\"https:\/\/tecplan.com.es\/en\/product\/magone-motorola-a8\/\" \/>\n<meta property=\"og:locale\" content=\"en_US\" \/>\n<meta property=\"og:type\" content=\"article\" \/>\n<meta property=\"og:title\" content=\"MagOne Motorola A8 - Tecplan\" \/>\n<meta property=\"og:description\" content=\"Radio Port\u00e1til\u00a0 El radio port\u00e1til MagOne Motorola A8 es la soluci\u00f3n ideal para uso en hoteles, restaurantes, comercios, industrias de servicio y coordinaci\u00f3n de eventos.\" \/>\n<meta property=\"og:url\" content=\"https:\/\/tecplan.com.es\/en\/product\/magone-motorola-a8\/\" \/>\n<meta property=\"og:site_name\" content=\"Tecplan\" \/>\n<meta property=\"article:modified_time\" content=\"2025-11-10T21:45:51+00:00\" \/>\n<meta property=\"og:image\" content=\"https:\/\/tecplan.com.es\/wp-content\/uploads\/2025\/11\/Motorola-A8-16.jpg\" \/>\n\t<meta property=\"og:image:width\" content=\"1000\" \/>\n\t<meta property=\"og:image:height\" content=\"1000\" \/>\n\t<meta property=\"og:image:type\" content=\"image\/jpeg\" \/>\n<meta name=\"twitter:card\" content=\"summary_large_image\" \/>\n<meta name=\"twitter:label1\" content=\"Est. reading time\" \/>\n\t<meta name=\"twitter:data1\" content=\"2 minutes\" \/>\n<script type=\"application\/ld+json\" class=\"yoast-schema-graph\">{\"@context\":\"https:\/\/schema.org\",\"@graph\":[{\"@type\":\"WebPage\",\"@id\":\"https:\/\/tecplan.com.es\/product\/magone-motorola-a8\/\",\"url\":\"https:\/\/tecplan.com.es\/product\/magone-motorola-a8\/\",\"name\":\"MagOne Motorola A8 - Tecplan\",\"isPartOf\":{\"@id\":\"https:\/\/tecplan.com.es\/#website\"},\"primaryImageOfPage\":{\"@id\":\"https:\/\/tecplan.com.es\/product\/magone-motorola-a8\/#primaryimage\"},\"image\":{\"@id\":\"https:\/\/tecplan.com.es\/product\/magone-motorola-a8\/#primaryimage\"},\"thumbnailUrl\":\"https:\/\/tecplan.com.es\/wp-content\/uploads\/2025\/11\/Motorola-A8-16.jpg\",\"datePublished\":\"2025-11-05T22:50:21+00:00\",\"dateModified\":\"2025-11-10T21:45:51+00:00\",\"breadcrumb\":{\"@id\":\"https:\/\/tecplan.com.es\/product\/magone-motorola-a8\/#breadcrumb\"},\"inLanguage\":\"en-US\",\"potentialAction\":[{\"@type\":\"ReadAction\",\"target\":[\"https:\/\/tecplan.com.es\/product\/magone-motorola-a8\/\"]}]},{\"@type\":\"ImageObject\",\"inLanguage\":\"en-US\",\"@id\":\"https:\/\/tecplan.com.es\/product\/magone-motorola-a8\/#primaryimage\",\"url\":\"https:\/\/tecplan.com.es\/wp-content\/uploads\/2025\/11\/Motorola-A8-16.jpg\",\"contentUrl\":\"https:\/\/tecplan.com.es\/wp-content\/uploads\/2025\/11\/Motorola-A8-16.jpg\",\"width\":1000,\"height\":1000},{\"@type\":\"BreadcrumbList\",\"@id\":\"https:\/\/tecplan.com.es\/product\/magone-motorola-a8\/#breadcrumb\",\"itemListElement\":[{\"@type\":\"ListItem\",\"position\":1,\"name\":\"Home\",\"item\":\"https:\/\/tecplan.com.es\/\"},{\"@type\":\"ListItem\",\"position\":2,\"name\":\"Shop\",\"item\":\"https:\/\/tecplan.com.es\/shop\/\"},{\"@type\":\"ListItem\",\"position\":3,\"name\":\"MagOne Motorola A8\"}]},{\"@type\":\"WebSite\",\"@id\":\"https:\/\/tecplan.com.es\/#website\",\"url\":\"https:\/\/tecplan.com.es\/\",\"name\":\"Tecplan\",\"description\":\"\",\"potentialAction\":[{\"@type\":\"SearchAction\",\"target\":{\"@type\":\"EntryPoint\",\"urlTemplate\":\"https:\/\/tecplan.com.es\/?s={search_term_string}\"},\"query-input\":{\"@type\":\"PropertyValueSpecification\",\"valueRequired\":true,\"valueName\":\"search_term_string\"}}],\"inLanguage\":\"en-US\"}]}<\/script>\n<!-- \/ Yoast SEO plugin. -->","yoast_head_json":{"title":"MagOne Motorola A8 - Tecplan","robots":{"index":"index","follow":"follow","max-snippet":"max-snippet:-1","max-image-preview":"max-image-preview:large","max-video-preview":"max-video-preview:-1"},"canonical":"https:\/\/tecplan.com.es\/en\/product\/magone-motorola-a8\/","og_locale":"en_US","og_type":"article","og_title":"MagOne Motorola A8 - Tecplan","og_description":"Radio Port\u00e1til\u00a0 El radio port\u00e1til MagOne Motorola A8 es la soluci\u00f3n ideal para uso en hoteles, restaurantes, comercios, industrias de servicio y coordinaci\u00f3n de eventos.","og_url":"https:\/\/tecplan.com.es\/en\/product\/magone-motorola-a8\/","og_site_name":"Tecplan","article_modified_time":"2025-11-10T21:45:51+00:00","og_image":[{"width":1000,"height":1000,"url":"https:\/\/tecplan.com.es\/wp-content\/uploads\/2025\/11\/Motorola-A8-16.jpg","type":"image\/jpeg"}],"twitter_card":"summary_large_image","twitter_misc":{"Est. reading time":"2 minutes"},"schema":{"@context":"https:\/\/schema.org","@graph":[{"@type":"WebPage","@id":"https:\/\/tecplan.com.es\/product\/magone-motorola-a8\/","url":"https:\/\/tecplan.com.es\/product\/magone-motorola-a8\/","name":"MagOne Motorola A8 - Tecplan","isPartOf":{"@id":"https:\/\/tecplan.com.es\/#website"},"primaryImageOfPage":{"@id":"https:\/\/tecplan.com.es\/product\/magone-motorola-a8\/#primaryimage"},"image":{"@id":"https:\/\/tecplan.com.es\/product\/magone-motorola-a8\/#primaryimage"},"thumbnailUrl":"https:\/\/tecplan.com.es\/wp-content\/uploads\/2025\/11\/Motorola-A8-16.jpg","datePublished":"2025-11-05T22:50:21+00:00","dateModified":"2025-11-10T21:45:51+00:00","breadcrumb":{"@id":"https:\/\/tecplan.com.es\/product\/magone-motorola-a8\/#breadcrumb"},"inLanguage":"en-US","potentialAction":[{"@type":"ReadAction","target":["https:\/\/tecplan.com.es\/product\/magone-motorola-a8\/"]}]},{"@type":"ImageObject","inLanguage":"en-US","@id":"https:\/\/tecplan.com.es\/product\/magone-motorola-a8\/#primaryimage","url":"https:\/\/tecplan.com.es\/wp-content\/uploads\/2025\/11\/Motorola-A8-16.jpg","contentUrl":"https:\/\/tecplan.com.es\/wp-content\/uploads\/2025\/11\/Motorola-A8-16.jpg","width":1000,"height":1000},{"@type":"BreadcrumbList","@id":"https:\/\/tecplan.com.es\/product\/magone-motorola-a8\/#breadcrumb","itemListElement":[{"@type":"ListItem","position":1,"name":"Home","item":"https:\/\/tecplan.com.es\/"},{"@type":"ListItem","position":2,"name":"Shop","item":"https:\/\/tecplan.com.es\/shop\/"},{"@type":"ListItem","position":3,"name":"MagOne Motorola A8"}]},{"@type":"WebSite","@id":"https:\/\/tecplan.com.es\/#website","url":"https:\/\/tecplan.com.es\/","name":"Tecplan","description":"","potentialAction":[{"@type":"SearchAction","target":{"@type":"EntryPoint","urlTemplate":"https:\/\/tecplan.com.es\/?s={search_term_string}"},"query-input":{"@type":"PropertyValueSpecification","valueRequired":true,"valueName":"search_term_string"}}],"inLanguage":"en-US"}]}},"_links":{"self":[{"href":"https:\/\/tecplan.com.es\/en\/wp-json\/wp\/v2\/product\/4460","targetHints":{"allow":["GET"]}}],"collection":[{"href":"https:\/\/tecplan.com.es\/en\/wp-json\/wp\/v2\/product"}],"about":[{"href":"https:\/\/tecplan.com.es\/en\/wp-json\/wp\/v2\/types\/product"}],"replies":[{"embeddable":true,"href":"https:\/\/tecplan.com.es\/en\/wp-json\/wp\/v2\/comments?post=4460"}],"version-history":[{"count":2,"href":"https:\/\/tecplan.com.es\/en\/wp-json\/wp\/v2\/product\/4460\/revisions"}],"predecessor-version":[{"id":4535,"href":"https:\/\/tecplan.com.es\/en\/wp-json\/wp\/v2\/product\/4460\/revisions\/4535"}],"wp:featuredmedia":[{"embeddable":true,"href":"https:\/\/tecplan.com.es\/en\/wp-json\/wp\/v2\/media\/4432"}],"wp:attachment":[{"href":"https:\/\/tecplan.com.es\/en\/wp-json\/wp\/v2\/media?parent=4460"}],"wp:term":[{"taxonomy":"product_brand","embeddable":true,"href":"https:\/\/tecplan.com.es\/en\/wp-json\/wp\/v2\/product_brand?post=4460"},{"taxonomy":"product_cat","embeddable":true,"href":"https:\/\/tecplan.com.es\/en\/wp-json\/wp\/v2\/product_cat?post=4460"},{"taxonomy":"product_tag","embeddable":true,"href":"https:\/\/tecplan.com.es\/en\/wp-json\/wp\/v2\/product_tag?post=4460"}],"curies":[{"name":"wp","href":"https:\/\/api.w.org\/{rel}","templated":true}]}}