{"id":4383,"date":"2025-11-03T18:18:18","date_gmt":"2025-11-03T18:18:18","guid":{"rendered":"https:\/\/tecplan.com.es\/product\/inclinometrode-angulos\/"},"modified":"2025-11-07T22:26:20","modified_gmt":"2025-11-07T22:26:20","slug":"inclinometrode-angulos","status":"publish","type":"product","link":"https:\/\/tecplan.com.es\/en\/product\/inclinometrode-angulos\/","title":{"rendered":"INCLIN\u00d3METRODE \u00c1NGULOS"},"content":{"rendered":"<p style=\"text-align: justify;\"><strong>Inclin\u00f3metro Digital<\/strong><br \/>\nUn inclin\u00f3metro de \u00e1ngulos es un instrumento utilizado para medir la inclinaci\u00f3n de una superficie respecto a la horizontal o a la direcci\u00f3n de la gravedad, lo que permite determinar \u00e1ngulos de pendiente, elevaci\u00f3n o depresi\u00f3n. Este dispositivo es fundamental en diversas \u00e1reas como la topograf\u00eda, la aviaci\u00f3n, la n\u00e1utica, la ingenier\u00eda civil y el automovilismo. En la industria aeron\u00e1utica, por ejemplo, permite al piloto conocer la posici\u00f3n de las alas respecto al horizonte , mientras que en la n\u00e1utica mide el grado de escora de un buque.<\/p>\n<p style=\"text-align: justify;\">Inclin\u00f3metro y nivel digital que puede medir o fijar \u00e1ngulos, verificar \u00e1ngulos relativos con funci\u00f3n de cero calibraci\u00f3n, con pantalla de alta visibilidad y contraste invertido que mejora la visibilidad en ambientes de trabajo con poca luz. Resistente base magn\u00e9tica que se ajusta a tubos, conductos y otras superficies.<\/p>\n<p style=\"text-align: justify;\">Los rangos de medici\u00f3n son de 0 grados a 90 grados y de 0 a 80 grados que facilitan su uso en aplicaciones como trabajos generales con madera, doblado de tubos , instalaci\u00f3n de paneles el\u00e9ctricos y trabajos en maquinarias.<\/p>","protected":false},"excerpt":{"rendered":"<p style=\"text-align: justify;\">Equipo Resistente al agua y al polvo con clasificaci\u00f3n IP42. Incluye estuche blando para transporte y 2 bater\u00edas AAA.<\/p>\n<p><img decoding=\"async\" class=\"wp-image-4495 aligncenter\" src=\"https:\/\/tecplan.com.es\/wp-content\/uploads\/2025\/11\/KleinStacked-Official-No-Tagline-300x86.png\" alt=\"\" width=\"176\" height=\"58\" \/><\/p>","protected":false},"featured_media":4367,"comment_status":"open","ping_status":"closed","template":"","meta":{"site-sidebar-layout":"default","site-content-layout":"","ast-site-content-layout":"default","site-content-style":"default","site-sidebar-style":"default","ast-global-header-display":"","ast-banner-title-visibility":"","ast-main-header-display":"","ast-hfb-above-header-display":"","ast-hfb-below-header-display":"","ast-hfb-mobile-header-display":"","site-post-title":"","ast-breadcrumbs-content":"","ast-featured-img":"","footer-sml-layout":"","ast-disable-related-posts":"","theme-transparent-header-meta":"default","adv-header-id-meta":"","stick-header-meta":"","header-above-stick-meta":"","header-main-stick-meta":"","header-below-stick-meta":"","astra-migrate-meta-layouts":"set","ast-page-background-enabled":"default","ast-page-background-meta":{"desktop":{"background-color":"var(--ast-global-color-5)","background-image":"","background-repeat":"repeat","background-position":"center center","background-size":"auto","background-attachment":"scroll","background-type":"","background-media":"","overlay-type":"","overlay-color":"","overlay-opacity":"","overlay-gradient":""},"tablet":{"background-color":"","background-image":"","background-repeat":"repeat","background-position":"center center","background-size":"auto","background-attachment":"scroll","background-type":"","background-media":"","overlay-type":"","overlay-color":"","overlay-opacity":"","overlay-gradient":""},"mobile":{"background-color":"","background-image":"","background-repeat":"repeat","background-position":"center center","background-size":"auto","background-attachment":"scroll","background-type":"","background-media":"","overlay-type":"","overlay-color":"","overlay-opacity":"","overlay-gradient":""}},"ast-content-background-meta":{"desktop":{"background-color":"var(--ast-global-color-4)","background-image":"","background-repeat":"repeat","background-position":"center center","background-size":"auto","background-attachment":"scroll","background-type":"","background-media":"","overlay-type":"","overlay-color":"","overlay-opacity":"","overlay-gradient":""},"tablet":{"background-color":"var(--ast-global-color-4)","background-image":"","background-repeat":"repeat","background-position":"center center","background-size":"auto","background-attachment":"scroll","background-type":"","background-media":"","overlay-type":"","overlay-color":"","overlay-opacity":"","overlay-gradient":""},"mobile":{"background-color":"var(--ast-global-color-4)","background-image":"","background-repeat":"repeat","background-position":"center center","background-size":"auto","background-attachment":"scroll","background-type":"","background-media":"","overlay-type":"","overlay-color":"","overlay-opacity":"","overlay-gradient":""}}},"product_brand":[324],"product_cat":[185,321,189],"product_tag":[325],"class_list":{"0":"post-4383","1":"product","2":"type-product","3":"status-publish","4":"has-post-thumbnail","6":"product_brand-klein-tools","7":"product_cat-infraestructura","8":"product_cat-otros-seguridad-industrial","9":"product_cat-seguridad-industrial","10":"product_tag-klein-tools","11":"desktop-align-left","12":"tablet-align-left","13":"mobile-align-left","15":"first","16":"instock","17":"shipping-taxable","18":"product-type-simple"},"yoast_head":"<!-- This site is optimized with the Yoast SEO plugin v25.3 - https:\/\/yoast.com\/wordpress\/plugins\/seo\/ -->\n<title>INCLIN\u00d3METRODE \u00c1NGULOS - Tecplan<\/title>\n<meta name=\"robots\" content=\"index, follow, max-snippet:-1, max-image-preview:large, max-video-preview:-1\" \/>\n<link rel=\"canonical\" href=\"https:\/\/tecplan.com.es\/en\/product\/inclinometrode-angulos\/\" \/>\n<meta property=\"og:locale\" content=\"en_US\" \/>\n<meta property=\"og:type\" content=\"article\" \/>\n<meta property=\"og:title\" content=\"INCLIN\u00d3METRODE \u00c1NGULOS - Tecplan\" \/>\n<meta property=\"og:description\" content=\"Equipo Resistente al agua y al polvo con clasificaci\u00f3n IP42. Incluye estuche blando para transporte y 2 bater\u00edas AAA.\" \/>\n<meta property=\"og:url\" content=\"https:\/\/tecplan.com.es\/en\/product\/inclinometrode-angulos\/\" \/>\n<meta property=\"og:site_name\" content=\"Tecplan\" \/>\n<meta property=\"article:modified_time\" content=\"2025-11-07T22:26:20+00:00\" \/>\n<meta property=\"og:image\" content=\"https:\/\/tecplan.com.es\/wp-content\/uploads\/2025\/11\/INCLINOMETRO-03.webp\" \/>\n\t<meta property=\"og:image:width\" content=\"2253\" \/>\n\t<meta property=\"og:image:height\" content=\"2250\" \/>\n\t<meta property=\"og:image:type\" content=\"image\/webp\" \/>\n<meta name=\"twitter:card\" content=\"summary_large_image\" \/>\n<meta name=\"twitter:label1\" content=\"Est. reading time\" \/>\n\t<meta name=\"twitter:data1\" content=\"2 minutes\" \/>\n<script type=\"application\/ld+json\" class=\"yoast-schema-graph\">{\"@context\":\"https:\/\/schema.org\",\"@graph\":[{\"@type\":\"WebPage\",\"@id\":\"https:\/\/tecplan.com.es\/product\/inclinometrode-angulos\/\",\"url\":\"https:\/\/tecplan.com.es\/product\/inclinometrode-angulos\/\",\"name\":\"INCLIN\u00d3METRODE \u00c1NGULOS - Tecplan\",\"isPartOf\":{\"@id\":\"https:\/\/tecplan.com.es\/#website\"},\"primaryImageOfPage\":{\"@id\":\"https:\/\/tecplan.com.es\/product\/inclinometrode-angulos\/#primaryimage\"},\"image\":{\"@id\":\"https:\/\/tecplan.com.es\/product\/inclinometrode-angulos\/#primaryimage\"},\"thumbnailUrl\":\"https:\/\/tecplan.com.es\/wp-content\/uploads\/2025\/11\/INCLINOMETRO-03.webp\",\"datePublished\":\"2025-11-03T18:18:18+00:00\",\"dateModified\":\"2025-11-07T22:26:20+00:00\",\"breadcrumb\":{\"@id\":\"https:\/\/tecplan.com.es\/product\/inclinometrode-angulos\/#breadcrumb\"},\"inLanguage\":\"en-US\",\"potentialAction\":[{\"@type\":\"ReadAction\",\"target\":[\"https:\/\/tecplan.com.es\/product\/inclinometrode-angulos\/\"]}]},{\"@type\":\"ImageObject\",\"inLanguage\":\"en-US\",\"@id\":\"https:\/\/tecplan.com.es\/product\/inclinometrode-angulos\/#primaryimage\",\"url\":\"https:\/\/tecplan.com.es\/wp-content\/uploads\/2025\/11\/INCLINOMETRO-03.webp\",\"contentUrl\":\"https:\/\/tecplan.com.es\/wp-content\/uploads\/2025\/11\/INCLINOMETRO-03.webp\",\"width\":2253,\"height\":2250},{\"@type\":\"BreadcrumbList\",\"@id\":\"https:\/\/tecplan.com.es\/product\/inclinometrode-angulos\/#breadcrumb\",\"itemListElement\":[{\"@type\":\"ListItem\",\"position\":1,\"name\":\"Home\",\"item\":\"https:\/\/tecplan.com.es\/\"},{\"@type\":\"ListItem\",\"position\":2,\"name\":\"Shop\",\"item\":\"https:\/\/tecplan.com.es\/shop\/\"},{\"@type\":\"ListItem\",\"position\":3,\"name\":\"INCLIN\u00d3METRODE \u00c1NGULOS\"}]},{\"@type\":\"WebSite\",\"@id\":\"https:\/\/tecplan.com.es\/#website\",\"url\":\"https:\/\/tecplan.com.es\/\",\"name\":\"Tecplan\",\"description\":\"\",\"potentialAction\":[{\"@type\":\"SearchAction\",\"target\":{\"@type\":\"EntryPoint\",\"urlTemplate\":\"https:\/\/tecplan.com.es\/?s={search_term_string}\"},\"query-input\":{\"@type\":\"PropertyValueSpecification\",\"valueRequired\":true,\"valueName\":\"search_term_string\"}}],\"inLanguage\":\"en-US\"}]}<\/script>\n<!-- \/ Yoast SEO plugin. -->","yoast_head_json":{"title":"INCLIN\u00d3METRODE \u00c1NGULOS - Tecplan","robots":{"index":"index","follow":"follow","max-snippet":"max-snippet:-1","max-image-preview":"max-image-preview:large","max-video-preview":"max-video-preview:-1"},"canonical":"https:\/\/tecplan.com.es\/en\/product\/inclinometrode-angulos\/","og_locale":"en_US","og_type":"article","og_title":"INCLIN\u00d3METRODE \u00c1NGULOS - Tecplan","og_description":"Equipo Resistente al agua y al polvo con clasificaci\u00f3n IP42. Incluye estuche blando para transporte y 2 bater\u00edas AAA.","og_url":"https:\/\/tecplan.com.es\/en\/product\/inclinometrode-angulos\/","og_site_name":"Tecplan","article_modified_time":"2025-11-07T22:26:20+00:00","og_image":[{"width":2253,"height":2250,"url":"https:\/\/tecplan.com.es\/wp-content\/uploads\/2025\/11\/INCLINOMETRO-03.webp","type":"image\/webp"}],"twitter_card":"summary_large_image","twitter_misc":{"Est. reading time":"2 minutes"},"schema":{"@context":"https:\/\/schema.org","@graph":[{"@type":"WebPage","@id":"https:\/\/tecplan.com.es\/product\/inclinometrode-angulos\/","url":"https:\/\/tecplan.com.es\/product\/inclinometrode-angulos\/","name":"INCLIN\u00d3METRODE \u00c1NGULOS - Tecplan","isPartOf":{"@id":"https:\/\/tecplan.com.es\/#website"},"primaryImageOfPage":{"@id":"https:\/\/tecplan.com.es\/product\/inclinometrode-angulos\/#primaryimage"},"image":{"@id":"https:\/\/tecplan.com.es\/product\/inclinometrode-angulos\/#primaryimage"},"thumbnailUrl":"https:\/\/tecplan.com.es\/wp-content\/uploads\/2025\/11\/INCLINOMETRO-03.webp","datePublished":"2025-11-03T18:18:18+00:00","dateModified":"2025-11-07T22:26:20+00:00","breadcrumb":{"@id":"https:\/\/tecplan.com.es\/product\/inclinometrode-angulos\/#breadcrumb"},"inLanguage":"en-US","potentialAction":[{"@type":"ReadAction","target":["https:\/\/tecplan.com.es\/product\/inclinometrode-angulos\/"]}]},{"@type":"ImageObject","inLanguage":"en-US","@id":"https:\/\/tecplan.com.es\/product\/inclinometrode-angulos\/#primaryimage","url":"https:\/\/tecplan.com.es\/wp-content\/uploads\/2025\/11\/INCLINOMETRO-03.webp","contentUrl":"https:\/\/tecplan.com.es\/wp-content\/uploads\/2025\/11\/INCLINOMETRO-03.webp","width":2253,"height":2250},{"@type":"BreadcrumbList","@id":"https:\/\/tecplan.com.es\/product\/inclinometrode-angulos\/#breadcrumb","itemListElement":[{"@type":"ListItem","position":1,"name":"Home","item":"https:\/\/tecplan.com.es\/"},{"@type":"ListItem","position":2,"name":"Shop","item":"https:\/\/tecplan.com.es\/shop\/"},{"@type":"ListItem","position":3,"name":"INCLIN\u00d3METRODE \u00c1NGULOS"}]},{"@type":"WebSite","@id":"https:\/\/tecplan.com.es\/#website","url":"https:\/\/tecplan.com.es\/","name":"Tecplan","description":"","potentialAction":[{"@type":"SearchAction","target":{"@type":"EntryPoint","urlTemplate":"https:\/\/tecplan.com.es\/?s={search_term_string}"},"query-input":{"@type":"PropertyValueSpecification","valueRequired":true,"valueName":"search_term_string"}}],"inLanguage":"en-US"}]}},"_links":{"self":[{"href":"https:\/\/tecplan.com.es\/en\/wp-json\/wp\/v2\/product\/4383","targetHints":{"allow":["GET"]}}],"collection":[{"href":"https:\/\/tecplan.com.es\/en\/wp-json\/wp\/v2\/product"}],"about":[{"href":"https:\/\/tecplan.com.es\/en\/wp-json\/wp\/v2\/types\/product"}],"replies":[{"embeddable":true,"href":"https:\/\/tecplan.com.es\/en\/wp-json\/wp\/v2\/comments?post=4383"}],"version-history":[{"count":2,"href":"https:\/\/tecplan.com.es\/en\/wp-json\/wp\/v2\/product\/4383\/revisions"}],"predecessor-version":[{"id":4494,"href":"https:\/\/tecplan.com.es\/en\/wp-json\/wp\/v2\/product\/4383\/revisions\/4494"}],"wp:featuredmedia":[{"embeddable":true,"href":"https:\/\/tecplan.com.es\/en\/wp-json\/wp\/v2\/media\/4367"}],"wp:attachment":[{"href":"https:\/\/tecplan.com.es\/en\/wp-json\/wp\/v2\/media?parent=4383"}],"wp:term":[{"taxonomy":"product_brand","embeddable":true,"href":"https:\/\/tecplan.com.es\/en\/wp-json\/wp\/v2\/product_brand?post=4383"},{"taxonomy":"product_cat","embeddable":true,"href":"https:\/\/tecplan.com.es\/en\/wp-json\/wp\/v2\/product_cat?post=4383"},{"taxonomy":"product_tag","embeddable":true,"href":"https:\/\/tecplan.com.es\/en\/wp-json\/wp\/v2\/product_tag?post=4383"}],"curies":[{"name":"wp","href":"https:\/\/api.w.org\/{rel}","templated":true}]}}