{"id":4381,"date":"2025-11-03T18:18:18","date_gmt":"2025-11-03T18:18:18","guid":{"rendered":"https:\/\/tecplan.com.es\/product\/radio-talkabout-t600-h2o\/"},"modified":"2025-11-10T20:45:33","modified_gmt":"2025-11-10T20:45:33","slug":"radio-talkabout-t600-h2o","status":"publish","type":"product","link":"https:\/\/tecplan.com.es\/en\/product\/radio-talkabout-t600-h2o\/","title":{"rendered":"Radio TALKABOUT T600 H2O"},"content":{"rendered":"<h3 style=\"text-align: justify;\"><strong>Equipo de comunicaci\u00f3n TALKABOUT T600 H2O<\/strong><\/h3>\n<p style=\"text-align: justify;\"><strong>Mant\u00e9ngase conectado durante sus aventuras al aire libre m\u00e1s osadas<\/strong><\/p>\n<p style=\"text-align: justify;\">Con dise\u00f1o robusto, totalmente resistente al agua*, funciones de emergencia y un alcance de 56 kms (modelo de M\u00e9xico) y 35 kms (modelo de Per\u00fa), el T600 H2O lo mantiene conectado y protegido durante sus actividades extremas al aire libre.<\/p>\n<p style=\"text-align: justify;\">El T600 H2O tiene caracter\u00edsticas de radio de primera clase, incluyendo capacidad para flotar* y una linterna hidroactivada. La linterna tambi\u00e9n incluye un LED rojo para conservar la visi\u00f3n nocturna.<\/p>\n<p style=\"text-align: justify;\">Con estas capacidades excepcionales, puede estar seguro de que el T600 H2O le brindar\u00e1 comunicaciones confiables durante sus aventuras m\u00e1s osadas, ya sea en tierra o en el mar.<\/p>\n<p style=\"text-align: justify;\">\u00bfA cu\u00e1nta distancia se van a comunicar mis radios? El alcance de comunicaci\u00f3n indicado se calcula en condiciones \u00f3ptimas, con una l\u00ednea de visi\u00f3n sin obst\u00e1culos. El alcance real puede variar dependiendo del terreno y de las condiciones y a menudo es menor al m\u00e1ximo posible. Su alcance real estar\u00e1 limitado por varios factores como, por ejemplo, el terreno, las condiciones clim\u00e1ticas, las obstrucciones y la interferencia electromagn\u00e9tica<\/p>\n<p style=\"text-align: justify;\"><strong>El KIT incluye:<\/strong><\/p>\n<p style=\"text-align: justify;\">\u2022 2 Radios T605<br \/>\n\u2022 2 Clips para cintura<br \/>\n\u2022 2 Bater\u00edas recargables<br \/>\n\u2022 2 Cables USB-C para cargar<br \/>\n\u2022 2 Manos libres<br \/>\n\u2022 1 Maleta de transporte<\/p>\n<ul>\n<li><strong>Caracter\u00edsticas<\/strong><br \/>\n<strong>IP67 Resistente al agua*<\/strong><br \/>\nConf\u00ede en que el radio de dos v\u00edas resistente al agua T600 H2O lo mantendr\u00e1 conectado tanto en tierra como en el mar. Con su est\u00e1ndar IP67, el T600 H2O soporta una inmersi\u00f3n constante de hasta 1 metro durante 30 minutos y repele la lluvia m\u00e1s densa.<\/li>\n<li><strong>Linterna hidroactivada que flota* boca arriba para una f\u00e1cil recuperaci\u00f3n<\/strong><br \/>\nMediante una ingenier\u00eda meticulosa, el radio flota y es visible en la superficie del agua. Y con la linterna hidroactivada es a\u00fan m\u00e1s f\u00e1cil de encontrar. .<\/li>\n<li style=\"text-align: justify;\"><strong>Est\u00e9 preparado para una emergencia<\/strong><br \/>\nEste radio incluye una funci\u00f3n de alarma de emergencia que le permite disfrutar de su escape a la naturaleza con la confianza de que otros pueden estar informados sobre cualquier peligro que pueda cruz\u00e1rsele. Cuando el bot\u00f3n de la alarma est\u00e1 activado, el radio transmite una sirena de alarma seguida por una transmisi\u00f3n de sonidos hablados o incidentales. Esto le permite enviar la se\u00f1al a otros radios y advertir acerca de cualquier peligro inminente. Tambi\u00e9n puede utilizar el silbato del clip para cintur\u00f3n para avisarle a otras personas que necesita ayuda. Adem\u00e1s, tiene una linterna LED integrada para que pueda estar tranquilo durante aventuras nocturnas, emergencias inesperadas y cortes de energ\u00eda. .<\/li>\n<li style=\"text-align: justify;\">Linterna integrada avanzada con LED blanco y rojo<br \/>\nSeleccione la configuraci\u00f3n de LED blanco en la linterna integrada para que ilumine su camino durante las actividades nocturnas, las emergencias inesperadas o los cortes de energ\u00eda. Si su aventura se desarrolla en la oscuridad, por ejemplo, si est\u00e1 observando las estrellas o cazando durante la noche y necesita ver mapas, cartas u otros papeles, cambie la configuraci\u00f3n a LED rojo. Esto le permitir\u00e1 leer lo que necesita conservando su visi\u00f3n nocturna..<\/li>\n<li style=\"text-align: justify;\"><strong>Sea discreto<\/strong><br \/>\nUtilice la caracter\u00edstica VibraCall\u2122 cuando el timbre puede ser invasivo<\/li>\n<li style=\"text-align: justify;\"><strong>Recargue durante sus aventuras<\/strong><br \/>\nHay dos maneras de encender su radio: use las bater\u00edas recargables NiMH incluidas con hasta 9 horas de duraci\u00f3n o use 3 bater\u00edas AA para hasta 23 horas de duraci\u00f3n. Para recargar las bater\u00edas NiMH, elija una de tres maneras: con\u00e9ctelas al adaptador de su veh\u00edculo o a su computadora. O conecte su adaptador de carga con cable Y en un tomacorriente. Este cable viene equipado con conectores duales microUSB para que pueda cargar dos radios al mismo tiempo.<\/li>\n<li style=\"text-align: justify;\"><strong>Bater\u00edas extendidas opcionales<\/strong><br \/>\nDisfrute de horas de actividades al aire libre ininterrumpidas seleccionando una bater\u00eda de alta capacidad. (La bater\u00eda de alta capacidad se vende por separado).<\/li>\n<li style=\"text-align: justify;\"><strong>Opere con manos libres<\/strong><br \/>\nCon iVOX\/VOX actuando como un altavoz y permitiendo comunicaci\u00f3n manos libres, puede continuar en movimiento sin detenerse para tomar una llamada. 22 y 14 canales (modelos de M\u00e9xico y Per\u00fa respectivamente), cada uno con 121 c\u00f3digos privados<\/li>\n<li style=\"text-align: justify;\"><strong>Personalice los tonos de llamada<\/strong><br \/>\nElija lo que las personas que lo llaman oyen antes de que usted empiece a hablar seleccionando uno de 20 tonos de llamada.<\/li>\n<li style=\"text-align: justify;\"><strong>Energ\u00eda extra cuando m\u00e1s la necesita<\/strong><br \/>\nEl aumento de energ\u00eda con funci\u00f3n \u00abpulsar para hablar\u00bb (PTT) le permite extender el alcance de transmisi\u00f3n aumentando la potencia de salida del transmisor. Tambi\u00e9n ahorra la duraci\u00f3n de la bater\u00eda cuando no es necesario un aumento de energ\u00eda.<\/li>\n<li style=\"text-align: justify;\"><strong>Compatible con cualquier radio<\/strong><br \/>\nUsted puede comunicarse con otros radios FRS de cualquier marca con solo estar en el mismo canal y c\u00f3digo privado.<\/li>\n<li style=\"text-align: justify;\"><strong>Eco Smart<\/strong><br \/>\nLa mayor parte de la energ\u00eda desperdiciada con el uso de un dispositivo m\u00f3vil ocurre durante la carga. Este radio consume menos energ\u00eda cuando est\u00e1 inactivo.<\/li>\n<li style=\"text-align: justify;\"><strong>Encuentre un canal r\u00e1pidamente<\/strong><br \/>\nUse la funcionalidad de b\u00fasqueda para identificar los canales en uso.<\/li>\n<li style=\"text-align: justify;\">Encuentre un canal r\u00e1pidamente<br \/>\nUse la funcionalidad de b\u00fasqueda para identificar los canales en uso.<\/li>\n<li style=\"text-align: justify;\"><strong>Bloqueo de teclado<\/strong><br \/>\nEsta funcionalidad evita que sus configuraciones personalizadas se cambien por error.<\/li>\n<\/ul>\n<h5 style=\"text-align: justify;\"><span style=\"text-decoration: underline;\"><strong>DOWNLOADS<\/strong><\/span><\/h5>\n<ul style=\"text-align: justify;\">\n<li><a href=\"https:\/\/drive.google.com\/file\/d\/1_Vx0SIOFUXRNr0x6PpPPTCKtgDz9DxVr\/view?usp=sharing\">\u2192 Technical specifications<\/a><\/li>\n<\/ul>","protected":false},"excerpt":{"rendered":"<p style=\"text-align: justify;\">El T600 H2O tiene caracter\u00edsticas de radio de primera clase, incluyendo capacidad para flotar* y una linterna hidroactivada. La linterna tambi\u00e9n incluye un LED rojo para conservar la visi\u00f3n<br \/>\nnocturna.<\/p>\n<p><img decoding=\"async\" class=\"wp-image-1035 aligncenter\" src=\"https:\/\/tecplan.com.es\/wp-content\/uploads\/2025\/05\/descarga-300x90.png\" alt=\"\" width=\"191\" height=\"63\" \/><\/p>","protected":false},"featured_media":4357,"comment_status":"open","ping_status":"closed","template":"","meta":{"site-sidebar-layout":"default","site-content-layout":"","ast-site-content-layout":"default","site-content-style":"default","site-sidebar-style":"default","ast-global-header-display":"","ast-banner-title-visibility":"","ast-main-header-display":"","ast-hfb-above-header-display":"","ast-hfb-below-header-display":"","ast-hfb-mobile-header-display":"","site-post-title":"","ast-breadcrumbs-content":"","ast-featured-img":"","footer-sml-layout":"","ast-disable-related-posts":"","theme-transparent-header-meta":"default","adv-header-id-meta":"","stick-header-meta":"","header-above-stick-meta":"","header-main-stick-meta":"","header-below-stick-meta":"","astra-migrate-meta-layouts":"set","ast-page-background-enabled":"default","ast-page-background-meta":{"desktop":{"background-color":"var(--ast-global-color-5)","background-image":"","background-repeat":"repeat","background-position":"center center","background-size":"auto","background-attachment":"scroll","background-type":"","background-media":"","overlay-type":"","overlay-color":"","overlay-opacity":"","overlay-gradient":""},"tablet":{"background-color":"","background-image":"","background-repeat":"repeat","background-position":"center center","background-size":"auto","background-attachment":"scroll","background-type":"","background-media":"","overlay-type":"","overlay-color":"","overlay-opacity":"","overlay-gradient":""},"mobile":{"background-color":"","background-image":"","background-repeat":"repeat","background-position":"center center","background-size":"auto","background-attachment":"scroll","background-type":"","background-media":"","overlay-type":"","overlay-color":"","overlay-opacity":"","overlay-gradient":""}},"ast-content-background-meta":{"desktop":{"background-color":"var(--ast-global-color-4)","background-image":"","background-repeat":"repeat","background-position":"center center","background-size":"auto","background-attachment":"scroll","background-type":"","background-media":"","overlay-type":"","overlay-color":"","overlay-opacity":"","overlay-gradient":""},"tablet":{"background-color":"var(--ast-global-color-4)","background-image":"","background-repeat":"repeat","background-position":"center center","background-size":"auto","background-attachment":"scroll","background-type":"","background-media":"","overlay-type":"","overlay-color":"","overlay-opacity":"","overlay-gradient":""},"mobile":{"background-color":"var(--ast-global-color-4)","background-image":"","background-repeat":"repeat","background-position":"center center","background-size":"auto","background-attachment":"scroll","background-type":"","background-media":"","overlay-type":"","overlay-color":"","overlay-opacity":"","overlay-gradient":""}}},"product_brand":[235],"product_cat":[68,59,72],"product_tag":[205],"class_list":{"0":"post-4381","1":"product","2":"type-product","3":"status-publish","4":"has-post-thumbnail","6":"product_brand-motorola","7":"product_cat-motorola","8":"product_cat-radio-comunicacion","9":"product_cat-radios-portatiles","10":"product_tag-motorola","11":"desktop-align-left","12":"tablet-align-left","13":"mobile-align-left","15":"first","16":"instock","17":"shipping-taxable","18":"product-type-simple"},"yoast_head":"<!-- This site is optimized with the Yoast SEO plugin v25.3 - https:\/\/yoast.com\/wordpress\/plugins\/seo\/ -->\n<title>Radio TALKABOUT T600 H2O - Tecplan<\/title>\n<meta name=\"robots\" content=\"index, follow, max-snippet:-1, max-image-preview:large, max-video-preview:-1\" \/>\n<link rel=\"canonical\" href=\"https:\/\/tecplan.com.es\/en\/product\/radio-talkabout-t600-h2o\/\" \/>\n<meta property=\"og:locale\" content=\"en_US\" \/>\n<meta property=\"og:type\" content=\"article\" \/>\n<meta property=\"og:title\" content=\"Radio TALKABOUT T600 H2O - Tecplan\" \/>\n<meta property=\"og:description\" content=\"El T600 H2O tiene caracter\u00edsticas de radio de primera clase, incluyendo capacidad para flotar* y una linterna hidroactivada. La linterna tambi\u00e9n incluye un LED rojo para conservar la visi\u00f3n nocturna.\" \/>\n<meta property=\"og:url\" content=\"https:\/\/tecplan.com.es\/en\/product\/radio-talkabout-t600-h2o\/\" \/>\n<meta property=\"og:site_name\" content=\"Tecplan\" \/>\n<meta property=\"article:modified_time\" content=\"2025-11-10T20:45:33+00:00\" \/>\n<meta property=\"og:image\" content=\"https:\/\/tecplan.com.es\/wp-content\/uploads\/2025\/10\/T600-01.webp\" \/>\n\t<meta property=\"og:image:width\" content=\"2250\" \/>\n\t<meta property=\"og:image:height\" content=\"2250\" \/>\n\t<meta property=\"og:image:type\" content=\"image\/webp\" \/>\n<meta name=\"twitter:card\" content=\"summary_large_image\" \/>\n<meta name=\"twitter:label1\" content=\"Est. reading time\" \/>\n\t<meta name=\"twitter:data1\" content=\"5 minutes\" \/>\n<script type=\"application\/ld+json\" class=\"yoast-schema-graph\">{\"@context\":\"https:\/\/schema.org\",\"@graph\":[{\"@type\":\"WebPage\",\"@id\":\"https:\/\/tecplan.com.es\/product\/radio-talkabout-t600-h2o\/\",\"url\":\"https:\/\/tecplan.com.es\/product\/radio-talkabout-t600-h2o\/\",\"name\":\"Radio TALKABOUT T600 H2O - Tecplan\",\"isPartOf\":{\"@id\":\"https:\/\/tecplan.com.es\/#website\"},\"primaryImageOfPage\":{\"@id\":\"https:\/\/tecplan.com.es\/product\/radio-talkabout-t600-h2o\/#primaryimage\"},\"image\":{\"@id\":\"https:\/\/tecplan.com.es\/product\/radio-talkabout-t600-h2o\/#primaryimage\"},\"thumbnailUrl\":\"https:\/\/tecplan.com.es\/wp-content\/uploads\/2025\/10\/T600-01.webp\",\"datePublished\":\"2025-11-03T18:18:18+00:00\",\"dateModified\":\"2025-11-10T20:45:33+00:00\",\"breadcrumb\":{\"@id\":\"https:\/\/tecplan.com.es\/product\/radio-talkabout-t600-h2o\/#breadcrumb\"},\"inLanguage\":\"en-US\",\"potentialAction\":[{\"@type\":\"ReadAction\",\"target\":[\"https:\/\/tecplan.com.es\/product\/radio-talkabout-t600-h2o\/\"]}]},{\"@type\":\"ImageObject\",\"inLanguage\":\"en-US\",\"@id\":\"https:\/\/tecplan.com.es\/product\/radio-talkabout-t600-h2o\/#primaryimage\",\"url\":\"https:\/\/tecplan.com.es\/wp-content\/uploads\/2025\/10\/T600-01.webp\",\"contentUrl\":\"https:\/\/tecplan.com.es\/wp-content\/uploads\/2025\/10\/T600-01.webp\",\"width\":2250,\"height\":2250},{\"@type\":\"BreadcrumbList\",\"@id\":\"https:\/\/tecplan.com.es\/product\/radio-talkabout-t600-h2o\/#breadcrumb\",\"itemListElement\":[{\"@type\":\"ListItem\",\"position\":1,\"name\":\"Home\",\"item\":\"https:\/\/tecplan.com.es\/\"},{\"@type\":\"ListItem\",\"position\":2,\"name\":\"Shop\",\"item\":\"https:\/\/tecplan.com.es\/shop\/\"},{\"@type\":\"ListItem\",\"position\":3,\"name\":\"Radio TALKABOUT T600 H2O\"}]},{\"@type\":\"WebSite\",\"@id\":\"https:\/\/tecplan.com.es\/#website\",\"url\":\"https:\/\/tecplan.com.es\/\",\"name\":\"Tecplan\",\"description\":\"\",\"potentialAction\":[{\"@type\":\"SearchAction\",\"target\":{\"@type\":\"EntryPoint\",\"urlTemplate\":\"https:\/\/tecplan.com.es\/?s={search_term_string}\"},\"query-input\":{\"@type\":\"PropertyValueSpecification\",\"valueRequired\":true,\"valueName\":\"search_term_string\"}}],\"inLanguage\":\"en-US\"}]}<\/script>\n<!-- \/ Yoast SEO plugin. -->","yoast_head_json":{"title":"Radio TALKABOUT T600 H2O - Tecplan","robots":{"index":"index","follow":"follow","max-snippet":"max-snippet:-1","max-image-preview":"max-image-preview:large","max-video-preview":"max-video-preview:-1"},"canonical":"https:\/\/tecplan.com.es\/en\/product\/radio-talkabout-t600-h2o\/","og_locale":"en_US","og_type":"article","og_title":"Radio TALKABOUT T600 H2O - Tecplan","og_description":"El T600 H2O tiene caracter\u00edsticas de radio de primera clase, incluyendo capacidad para flotar* y una linterna hidroactivada. La linterna tambi\u00e9n incluye un LED rojo para conservar la visi\u00f3n nocturna.","og_url":"https:\/\/tecplan.com.es\/en\/product\/radio-talkabout-t600-h2o\/","og_site_name":"Tecplan","article_modified_time":"2025-11-10T20:45:33+00:00","og_image":[{"width":2250,"height":2250,"url":"https:\/\/tecplan.com.es\/wp-content\/uploads\/2025\/10\/T600-01.webp","type":"image\/webp"}],"twitter_card":"summary_large_image","twitter_misc":{"Est. reading time":"5 minutes"},"schema":{"@context":"https:\/\/schema.org","@graph":[{"@type":"WebPage","@id":"https:\/\/tecplan.com.es\/product\/radio-talkabout-t600-h2o\/","url":"https:\/\/tecplan.com.es\/product\/radio-talkabout-t600-h2o\/","name":"Radio TALKABOUT T600 H2O - Tecplan","isPartOf":{"@id":"https:\/\/tecplan.com.es\/#website"},"primaryImageOfPage":{"@id":"https:\/\/tecplan.com.es\/product\/radio-talkabout-t600-h2o\/#primaryimage"},"image":{"@id":"https:\/\/tecplan.com.es\/product\/radio-talkabout-t600-h2o\/#primaryimage"},"thumbnailUrl":"https:\/\/tecplan.com.es\/wp-content\/uploads\/2025\/10\/T600-01.webp","datePublished":"2025-11-03T18:18:18+00:00","dateModified":"2025-11-10T20:45:33+00:00","breadcrumb":{"@id":"https:\/\/tecplan.com.es\/product\/radio-talkabout-t600-h2o\/#breadcrumb"},"inLanguage":"en-US","potentialAction":[{"@type":"ReadAction","target":["https:\/\/tecplan.com.es\/product\/radio-talkabout-t600-h2o\/"]}]},{"@type":"ImageObject","inLanguage":"en-US","@id":"https:\/\/tecplan.com.es\/product\/radio-talkabout-t600-h2o\/#primaryimage","url":"https:\/\/tecplan.com.es\/wp-content\/uploads\/2025\/10\/T600-01.webp","contentUrl":"https:\/\/tecplan.com.es\/wp-content\/uploads\/2025\/10\/T600-01.webp","width":2250,"height":2250},{"@type":"BreadcrumbList","@id":"https:\/\/tecplan.com.es\/product\/radio-talkabout-t600-h2o\/#breadcrumb","itemListElement":[{"@type":"ListItem","position":1,"name":"Home","item":"https:\/\/tecplan.com.es\/"},{"@type":"ListItem","position":2,"name":"Shop","item":"https:\/\/tecplan.com.es\/shop\/"},{"@type":"ListItem","position":3,"name":"Radio TALKABOUT T600 H2O"}]},{"@type":"WebSite","@id":"https:\/\/tecplan.com.es\/#website","url":"https:\/\/tecplan.com.es\/","name":"Tecplan","description":"","potentialAction":[{"@type":"SearchAction","target":{"@type":"EntryPoint","urlTemplate":"https:\/\/tecplan.com.es\/?s={search_term_string}"},"query-input":{"@type":"PropertyValueSpecification","valueRequired":true,"valueName":"search_term_string"}}],"inLanguage":"en-US"}]}},"_links":{"self":[{"href":"https:\/\/tecplan.com.es\/en\/wp-json\/wp\/v2\/product\/4381","targetHints":{"allow":["GET"]}}],"collection":[{"href":"https:\/\/tecplan.com.es\/en\/wp-json\/wp\/v2\/product"}],"about":[{"href":"https:\/\/tecplan.com.es\/en\/wp-json\/wp\/v2\/types\/product"}],"replies":[{"embeddable":true,"href":"https:\/\/tecplan.com.es\/en\/wp-json\/wp\/v2\/comments?post=4381"}],"version-history":[{"count":3,"href":"https:\/\/tecplan.com.es\/en\/wp-json\/wp\/v2\/product\/4381\/revisions"}],"predecessor-version":[{"id":4521,"href":"https:\/\/tecplan.com.es\/en\/wp-json\/wp\/v2\/product\/4381\/revisions\/4521"}],"wp:featuredmedia":[{"embeddable":true,"href":"https:\/\/tecplan.com.es\/en\/wp-json\/wp\/v2\/media\/4357"}],"wp:attachment":[{"href":"https:\/\/tecplan.com.es\/en\/wp-json\/wp\/v2\/media?parent=4381"}],"wp:term":[{"taxonomy":"product_brand","embeddable":true,"href":"https:\/\/tecplan.com.es\/en\/wp-json\/wp\/v2\/product_brand?post=4381"},{"taxonomy":"product_cat","embeddable":true,"href":"https:\/\/tecplan.com.es\/en\/wp-json\/wp\/v2\/product_cat?post=4381"},{"taxonomy":"product_tag","embeddable":true,"href":"https:\/\/tecplan.com.es\/en\/wp-json\/wp\/v2\/product_tag?post=4381"}],"curies":[{"name":"wp","href":"https:\/\/api.w.org\/{rel}","templated":true}]}}