{"id":4377,"date":"2025-11-03T18:18:18","date_gmt":"2025-11-03T18:18:18","guid":{"rendered":"https:\/\/tecplan.com.es\/product\/lentes-de-seguridad\/"},"modified":"2025-11-10T21:06:27","modified_gmt":"2025-11-10T21:06:27","slug":"lentes-de-seguridad","status":"publish","type":"product","link":"https:\/\/tecplan.com.es\/en\/product\/lentes-de-seguridad\/","title":{"rendered":"LENTES DE SEGURIDAD"},"content":{"rendered":"<p style=\"text-align: justify;\"><strong>Gafas de seguridad profesionales, marco completo, cristales grises<\/strong><\/p>\n<p style=\"text-align: justify;\">Las gafas de seguridad profesionales de Klein Tools son gafas protectoras de alta calidad que cuentan con un revestimiento antivaho que no se desgasta. Cristales grises resistentes a los rayones con protecci\u00f3n contra rayos UV que bloquea el 99,9 % de los nocivos rayos UV. Materiales livianos y flexibles que brindan comodidad a largo plazo, con pieza de goma para la nariz y patillas que se ajustan al rostro y brindan un agarre seguro. Estuche r\u00edgido (Cat. n.\u00ba 60176) y cuerda desprendible (Cat. n.\u00ba 60177) opcionales se venden por separado.<\/p>\n<p style=\"text-align: justify;\">Gafas de seguridad que brindan cobertura adicional con marco completo; cristales anchos y dise\u00f1o de las patillas para cobertura ajustada en la parte frontal y costados del rostro. Protecci\u00f3n superior contra impactos: sometida a pruebas de impacto conforme a las m\u00e1s recientes normas ANSI Z87.1+, CSA Z94.3 y MIL-PRF-32432A.<\/p>\n<p style=\"text-align: justify;\">Cristales resistentes a los rayones, con tratamiento especial que ofrece mayor durabilidad para resistir en los lugares de trabajo exigentes. Revestimiento duradero y eficaz con caracter\u00edstica antivaho que no se desgasta y funciona incluso con m\u00e1scaras contra polvo.\u00a0 Protecci\u00f3n contra rayos UV: sometidos a pruebas de conformidad con la norma ANSI Z87.1 U6; bloquean de manera eficaz el 99;9 % de los nocivos rayos UV. Cristales de policarbonato sombreado de alta calidad; sometidos a pruebas para bloquear la cantidad adecuada de luz de forma uniforme y con claridad sin igual. Comodidad a largo plazo; dise\u00f1ado con materiales livianos y flexibles para ajustarse a su rostro. Ajuste antideslizante, pieza de goma para la nariz y puntas de las patillas que brindan un ajuste y agarre seguros. Incluye estuche de almacenamiento de microfibra que funciona como pa\u00f1o para limpiar. Cuerda desprendible (Cat. n.\u00ba 60177) y estuche r\u00edgido (Cat. n.\u00ba 60176) opcionales que se venden por separado.<\/p>","protected":false},"excerpt":{"rendered":"<p style=\"text-align: justify;\">Gafas de seguridad KLEIN TOOLS que tienen cristales estrechos de bajo perfil y dise\u00f1o envolvente que se integra perfectamente a su rostro con cristales resistentes a los rayones, con tratamiento especial que ofrece mayor durabilidad para resistir en los lugares de trabajo exigentes, con un revestimiento duradero y eficaz.<\/p>\n<p><img decoding=\"async\" class=\"wp-image-4495 aligncenter\" src=\"https:\/\/tecplan.com.es\/wp-content\/uploads\/2025\/11\/KleinStacked-Official-No-Tagline-300x86.png\" alt=\"\" width=\"172\" height=\"48\" srcset=\"https:\/\/tecplan.com.es\/wp-content\/uploads\/2025\/11\/KleinStacked-Official-No-Tagline-300x86.png 300w, https:\/\/tecplan.com.es\/wp-content\/uploads\/2025\/11\/KleinStacked-Official-No-Tagline-18x5.png 18w, https:\/\/tecplan.com.es\/wp-content\/uploads\/2025\/11\/KleinStacked-Official-No-Tagline-600x171.png 600w, https:\/\/tecplan.com.es\/wp-content\/uploads\/2025\/11\/KleinStacked-Official-No-Tagline.png 764w\" sizes=\"(max-width: 172px) 100vw, 172px\" \/><\/p>","protected":false},"featured_media":4346,"comment_status":"open","ping_status":"closed","template":"","meta":{"site-sidebar-layout":"default","site-content-layout":"","ast-site-content-layout":"default","site-content-style":"default","site-sidebar-style":"default","ast-global-header-display":"","ast-banner-title-visibility":"","ast-main-header-display":"","ast-hfb-above-header-display":"","ast-hfb-below-header-display":"","ast-hfb-mobile-header-display":"","site-post-title":"","ast-breadcrumbs-content":"","ast-featured-img":"","footer-sml-layout":"","ast-disable-related-posts":"","theme-transparent-header-meta":"default","adv-header-id-meta":"","stick-header-meta":"","header-above-stick-meta":"","header-main-stick-meta":"","header-below-stick-meta":"","astra-migrate-meta-layouts":"set","ast-page-background-enabled":"default","ast-page-background-meta":{"desktop":{"background-color":"var(--ast-global-color-5)","background-image":"","background-repeat":"repeat","background-position":"center center","background-size":"auto","background-attachment":"scroll","background-type":"","background-media":"","overlay-type":"","overlay-color":"","overlay-opacity":"","overlay-gradient":""},"tablet":{"background-color":"","background-image":"","background-repeat":"repeat","background-position":"center center","background-size":"auto","background-attachment":"scroll","background-type":"","background-media":"","overlay-type":"","overlay-color":"","overlay-opacity":"","overlay-gradient":""},"mobile":{"background-color":"","background-image":"","background-repeat":"repeat","background-position":"center center","background-size":"auto","background-attachment":"scroll","background-type":"","background-media":"","overlay-type":"","overlay-color":"","overlay-opacity":"","overlay-gradient":""}},"ast-content-background-meta":{"desktop":{"background-color":"var(--ast-global-color-4)","background-image":"","background-repeat":"repeat","background-position":"center center","background-size":"auto","background-attachment":"scroll","background-type":"","background-media":"","overlay-type":"","overlay-color":"","overlay-opacity":"","overlay-gradient":""},"tablet":{"background-color":"var(--ast-global-color-4)","background-image":"","background-repeat":"repeat","background-position":"center center","background-size":"auto","background-attachment":"scroll","background-type":"","background-media":"","overlay-type":"","overlay-color":"","overlay-opacity":"","overlay-gradient":""},"mobile":{"background-color":"var(--ast-global-color-4)","background-image":"","background-repeat":"repeat","background-position":"center center","background-size":"auto","background-attachment":"scroll","background-type":"","background-media":"","overlay-type":"","overlay-color":"","overlay-opacity":"","overlay-gradient":""}}},"product_brand":[324],"product_cat":[185,321,189],"product_tag":[325],"class_list":{"0":"post-4377","1":"product","2":"type-product","3":"status-publish","4":"has-post-thumbnail","6":"product_brand-klein-tools","7":"product_cat-infraestructura","8":"product_cat-otros-seguridad-industrial","9":"product_cat-seguridad-industrial","10":"product_tag-klein-tools","11":"desktop-align-left","12":"tablet-align-left","13":"mobile-align-left","15":"first","16":"instock","17":"shipping-taxable","18":"product-type-simple"},"yoast_head":"<!-- This site is optimized with the Yoast SEO plugin v25.3 - https:\/\/yoast.com\/wordpress\/plugins\/seo\/ -->\n<title>LENTES DE SEGURIDAD - Tecplan<\/title>\n<meta name=\"robots\" content=\"index, follow, max-snippet:-1, max-image-preview:large, max-video-preview:-1\" \/>\n<link rel=\"canonical\" href=\"https:\/\/tecplan.com.es\/en\/product\/lentes-de-seguridad\/\" \/>\n<meta property=\"og:locale\" content=\"en_US\" \/>\n<meta property=\"og:type\" content=\"article\" \/>\n<meta property=\"og:title\" content=\"LENTES DE SEGURIDAD - Tecplan\" \/>\n<meta property=\"og:description\" content=\"Gafas de seguridad KLEIN TOOLS que tienen cristales estrechos de bajo perfil y dise\u00f1o envolvente que se integra perfectamente a su rostro con cristales resistentes a los rayones, con tratamiento especial que ofrece mayor durabilidad para resistir en los lugares de trabajo exigentes, con un revestimiento duradero y eficaz.\" \/>\n<meta property=\"og:url\" content=\"https:\/\/tecplan.com.es\/en\/product\/lentes-de-seguridad\/\" \/>\n<meta property=\"og:site_name\" content=\"Tecplan\" \/>\n<meta property=\"article:modified_time\" content=\"2025-11-10T21:06:27+00:00\" \/>\n<meta property=\"og:image\" content=\"https:\/\/tecplan.com.es\/wp-content\/uploads\/2025\/10\/lentes-01.webp\" \/>\n\t<meta property=\"og:image:width\" content=\"2250\" \/>\n\t<meta property=\"og:image:height\" content=\"2250\" \/>\n\t<meta property=\"og:image:type\" content=\"image\/webp\" \/>\n<meta name=\"twitter:card\" content=\"summary_large_image\" \/>\n<meta name=\"twitter:label1\" content=\"Est. reading time\" \/>\n\t<meta name=\"twitter:data1\" content=\"2 minutes\" \/>\n<script type=\"application\/ld+json\" class=\"yoast-schema-graph\">{\"@context\":\"https:\/\/schema.org\",\"@graph\":[{\"@type\":\"WebPage\",\"@id\":\"https:\/\/tecplan.com.es\/product\/lentes-de-seguridad\/\",\"url\":\"https:\/\/tecplan.com.es\/product\/lentes-de-seguridad\/\",\"name\":\"LENTES DE SEGURIDAD - Tecplan\",\"isPartOf\":{\"@id\":\"https:\/\/tecplan.com.es\/#website\"},\"primaryImageOfPage\":{\"@id\":\"https:\/\/tecplan.com.es\/product\/lentes-de-seguridad\/#primaryimage\"},\"image\":{\"@id\":\"https:\/\/tecplan.com.es\/product\/lentes-de-seguridad\/#primaryimage\"},\"thumbnailUrl\":\"https:\/\/tecplan.com.es\/wp-content\/uploads\/2025\/10\/lentes-01.webp\",\"datePublished\":\"2025-11-03T18:18:18+00:00\",\"dateModified\":\"2025-11-10T21:06:27+00:00\",\"breadcrumb\":{\"@id\":\"https:\/\/tecplan.com.es\/product\/lentes-de-seguridad\/#breadcrumb\"},\"inLanguage\":\"en-US\",\"potentialAction\":[{\"@type\":\"ReadAction\",\"target\":[\"https:\/\/tecplan.com.es\/product\/lentes-de-seguridad\/\"]}]},{\"@type\":\"ImageObject\",\"inLanguage\":\"en-US\",\"@id\":\"https:\/\/tecplan.com.es\/product\/lentes-de-seguridad\/#primaryimage\",\"url\":\"https:\/\/tecplan.com.es\/wp-content\/uploads\/2025\/10\/lentes-01.webp\",\"contentUrl\":\"https:\/\/tecplan.com.es\/wp-content\/uploads\/2025\/10\/lentes-01.webp\",\"width\":2250,\"height\":2250},{\"@type\":\"BreadcrumbList\",\"@id\":\"https:\/\/tecplan.com.es\/product\/lentes-de-seguridad\/#breadcrumb\",\"itemListElement\":[{\"@type\":\"ListItem\",\"position\":1,\"name\":\"Home\",\"item\":\"https:\/\/tecplan.com.es\/\"},{\"@type\":\"ListItem\",\"position\":2,\"name\":\"Shop\",\"item\":\"https:\/\/tecplan.com.es\/shop\/\"},{\"@type\":\"ListItem\",\"position\":3,\"name\":\"LENTES DE SEGURIDAD\"}]},{\"@type\":\"WebSite\",\"@id\":\"https:\/\/tecplan.com.es\/#website\",\"url\":\"https:\/\/tecplan.com.es\/\",\"name\":\"Tecplan\",\"description\":\"\",\"potentialAction\":[{\"@type\":\"SearchAction\",\"target\":{\"@type\":\"EntryPoint\",\"urlTemplate\":\"https:\/\/tecplan.com.es\/?s={search_term_string}\"},\"query-input\":{\"@type\":\"PropertyValueSpecification\",\"valueRequired\":true,\"valueName\":\"search_term_string\"}}],\"inLanguage\":\"en-US\"}]}<\/script>\n<!-- \/ Yoast SEO plugin. -->","yoast_head_json":{"title":"LENTES DE SEGURIDAD - Tecplan","robots":{"index":"index","follow":"follow","max-snippet":"max-snippet:-1","max-image-preview":"max-image-preview:large","max-video-preview":"max-video-preview:-1"},"canonical":"https:\/\/tecplan.com.es\/en\/product\/lentes-de-seguridad\/","og_locale":"en_US","og_type":"article","og_title":"LENTES DE SEGURIDAD - Tecplan","og_description":"Gafas de seguridad KLEIN TOOLS que tienen cristales estrechos de bajo perfil y dise\u00f1o envolvente que se integra perfectamente a su rostro con cristales resistentes a los rayones, con tratamiento especial que ofrece mayor durabilidad para resistir en los lugares de trabajo exigentes, con un revestimiento duradero y eficaz.","og_url":"https:\/\/tecplan.com.es\/en\/product\/lentes-de-seguridad\/","og_site_name":"Tecplan","article_modified_time":"2025-11-10T21:06:27+00:00","og_image":[{"width":2250,"height":2250,"url":"https:\/\/tecplan.com.es\/wp-content\/uploads\/2025\/10\/lentes-01.webp","type":"image\/webp"}],"twitter_card":"summary_large_image","twitter_misc":{"Est. reading time":"2 minutes"},"schema":{"@context":"https:\/\/schema.org","@graph":[{"@type":"WebPage","@id":"https:\/\/tecplan.com.es\/product\/lentes-de-seguridad\/","url":"https:\/\/tecplan.com.es\/product\/lentes-de-seguridad\/","name":"LENTES DE SEGURIDAD - Tecplan","isPartOf":{"@id":"https:\/\/tecplan.com.es\/#website"},"primaryImageOfPage":{"@id":"https:\/\/tecplan.com.es\/product\/lentes-de-seguridad\/#primaryimage"},"image":{"@id":"https:\/\/tecplan.com.es\/product\/lentes-de-seguridad\/#primaryimage"},"thumbnailUrl":"https:\/\/tecplan.com.es\/wp-content\/uploads\/2025\/10\/lentes-01.webp","datePublished":"2025-11-03T18:18:18+00:00","dateModified":"2025-11-10T21:06:27+00:00","breadcrumb":{"@id":"https:\/\/tecplan.com.es\/product\/lentes-de-seguridad\/#breadcrumb"},"inLanguage":"en-US","potentialAction":[{"@type":"ReadAction","target":["https:\/\/tecplan.com.es\/product\/lentes-de-seguridad\/"]}]},{"@type":"ImageObject","inLanguage":"en-US","@id":"https:\/\/tecplan.com.es\/product\/lentes-de-seguridad\/#primaryimage","url":"https:\/\/tecplan.com.es\/wp-content\/uploads\/2025\/10\/lentes-01.webp","contentUrl":"https:\/\/tecplan.com.es\/wp-content\/uploads\/2025\/10\/lentes-01.webp","width":2250,"height":2250},{"@type":"BreadcrumbList","@id":"https:\/\/tecplan.com.es\/product\/lentes-de-seguridad\/#breadcrumb","itemListElement":[{"@type":"ListItem","position":1,"name":"Home","item":"https:\/\/tecplan.com.es\/"},{"@type":"ListItem","position":2,"name":"Shop","item":"https:\/\/tecplan.com.es\/shop\/"},{"@type":"ListItem","position":3,"name":"LENTES DE SEGURIDAD"}]},{"@type":"WebSite","@id":"https:\/\/tecplan.com.es\/#website","url":"https:\/\/tecplan.com.es\/","name":"Tecplan","description":"","potentialAction":[{"@type":"SearchAction","target":{"@type":"EntryPoint","urlTemplate":"https:\/\/tecplan.com.es\/?s={search_term_string}"},"query-input":{"@type":"PropertyValueSpecification","valueRequired":true,"valueName":"search_term_string"}}],"inLanguage":"en-US"}]}},"_links":{"self":[{"href":"https:\/\/tecplan.com.es\/en\/wp-json\/wp\/v2\/product\/4377","targetHints":{"allow":["GET"]}}],"collection":[{"href":"https:\/\/tecplan.com.es\/en\/wp-json\/wp\/v2\/product"}],"about":[{"href":"https:\/\/tecplan.com.es\/en\/wp-json\/wp\/v2\/types\/product"}],"replies":[{"embeddable":true,"href":"https:\/\/tecplan.com.es\/en\/wp-json\/wp\/v2\/comments?post=4377"}],"version-history":[{"count":2,"href":"https:\/\/tecplan.com.es\/en\/wp-json\/wp\/v2\/product\/4377\/revisions"}],"predecessor-version":[{"id":4529,"href":"https:\/\/tecplan.com.es\/en\/wp-json\/wp\/v2\/product\/4377\/revisions\/4529"}],"wp:featuredmedia":[{"embeddable":true,"href":"https:\/\/tecplan.com.es\/en\/wp-json\/wp\/v2\/media\/4346"}],"wp:attachment":[{"href":"https:\/\/tecplan.com.es\/en\/wp-json\/wp\/v2\/media?parent=4377"}],"wp:term":[{"taxonomy":"product_brand","embeddable":true,"href":"https:\/\/tecplan.com.es\/en\/wp-json\/wp\/v2\/product_brand?post=4377"},{"taxonomy":"product_cat","embeddable":true,"href":"https:\/\/tecplan.com.es\/en\/wp-json\/wp\/v2\/product_cat?post=4377"},{"taxonomy":"product_tag","embeddable":true,"href":"https:\/\/tecplan.com.es\/en\/wp-json\/wp\/v2\/product_tag?post=4377"}],"curies":[{"name":"wp","href":"https:\/\/api.w.org\/{rel}","templated":true}]}}