{"id":4376,"date":"2025-11-03T18:18:18","date_gmt":"2025-11-03T18:18:18","guid":{"rendered":"https:\/\/tecplan.com.es\/product\/lamparas-de-casco\/"},"modified":"2025-11-10T21:12:59","modified_gmt":"2025-11-10T21:12:59","slug":"lamparas-de-casco","status":"publish","type":"product","link":"https:\/\/tecplan.com.es\/en\/product\/lamparas-de-casco\/","title":{"rendered":"LAMPARAS DE CASCO"},"content":{"rendered":"<p style=\"text-align: justify;\"><strong>Klein Tools 56048 Linterna frontal LED recargable de apagado autom\u00e1tico, correa de tela ajustable y nivel de 935AB4V, torpedo magn\u00e9tico de 6 pulgadas y nivel de conducto con viales de 0\/30\/45\/90<\/strong><\/p>\n<p style=\"text-align: justify;\">Producto 1: Tiempo de funcionamiento recargable durante todo el d\u00eda: el faro LED recargable de 400 l\u00famenes tiene 3 modos clasificados FL1: All-on\/Boost a 400 l\u00famenes durante 4 horas, foco a 200 l\u00famenes durante 12 horas y reflector de 22 horas de tiempo de ejecuci\u00f3n a 100 l\u00famenes.<\/p>\n<p style=\"text-align: justify;\"><strong>\u00a0\u00c1NGULOS DE ILUMINACI\u00d3N VERS\u00c1TIL:<\/strong><\/p>\n<ul>\n<li style=\"text-align: justify;\">El soporte pivotante permite un f\u00e1cil ajuste del \u00e1ngulo de iluminaci\u00f3n con una movilidad de hasta 64 grados.<\/li>\n<li>Ajustable y seguro: correa de tela ajustable con agarre de silicona que garantiza un ajuste c\u00f3modo y mantiene el faro de forma segura en su lugar, ya sea que se use directamente o unido a un sombrero duro Klein.<\/li>\n<\/ul>\n<p style=\"text-align: justify;\"><strong>\u00a0CARACTER\u00cdSTICA DE AUTO-OFF INTELIGENTE:<\/strong><\/p>\n<ul>\n<li style=\"text-align: justify;\">El faro se apaga autom\u00e1ticamente despu\u00e9s de 3 minutos con luz brillante, ahorrando duraci\u00f3n de la bater\u00eda y asegurando la comodidad (la funci\u00f3n se puede desactivar si es necesario).<\/li>\n<li style=\"text-align: justify;\">El nivel con pista magn\u00e9tica patentada evita que los potentes imanes de tierras raras se caigan<\/li>\n<li style=\"text-align: justify;\">El tornillo del pulgar fija el nivel al conducto para medir el \u00e1ngulo mientras se dobla<\/li>\n<li style=\"text-align: justify;\">Viales de alta visibilidad grandes y f\u00e1ciles de leer en 4 \u00e1ngulos: nivel, 90, 45 y 30 grados<\/li>\n<li style=\"text-align: justify;\">Las grandes ventanas de vial de vista superior permiten una f\u00e1cil legibilidad desde m\u00faltiples \u00e1ngulos<\/li>\n<li style=\"text-align: justify;\">La luz se puede quitar <span style=\"font-size: 16px;\">f\u00e1cilmente del soporte para <\/span><span style=\"font-size: 16px;\">recargar.<\/span><\/li>\n<li style=\"text-align: justify;\">Indicador de bater\u00eda.<\/li>\n<li style=\"text-align: justify;\">Perfil con soporte giratorio.<\/li>\n<\/ul>","protected":false},"excerpt":{"rendered":"<p style=\"text-align: justify;\">Klein Tools 56034 L\u00e1mpara principal LED, l\u00e1mpara de punto recargable y l\u00e1mpara de luz de inundaci\u00f3n para sombreros duros.<\/p>\n<p><img decoding=\"async\" class=\"wp-image-4495 aligncenter\" src=\"https:\/\/tecplan.com.es\/wp-content\/uploads\/2025\/11\/KleinStacked-Official-No-Tagline-300x86.png\" alt=\"\" width=\"147\" height=\"60\" \/><\/p>","protected":false},"featured_media":4342,"comment_status":"open","ping_status":"closed","template":"","meta":{"site-sidebar-layout":"default","site-content-layout":"","ast-site-content-layout":"default","site-content-style":"default","site-sidebar-style":"default","ast-global-header-display":"","ast-banner-title-visibility":"","ast-main-header-display":"","ast-hfb-above-header-display":"","ast-hfb-below-header-display":"","ast-hfb-mobile-header-display":"","site-post-title":"","ast-breadcrumbs-content":"","ast-featured-img":"","footer-sml-layout":"","ast-disable-related-posts":"","theme-transparent-header-meta":"default","adv-header-id-meta":"","stick-header-meta":"","header-above-stick-meta":"","header-main-stick-meta":"","header-below-stick-meta":"","astra-migrate-meta-layouts":"set","ast-page-background-enabled":"default","ast-page-background-meta":{"desktop":{"background-color":"var(--ast-global-color-5)","background-image":"","background-repeat":"repeat","background-position":"center center","background-size":"auto","background-attachment":"scroll","background-type":"","background-media":"","overlay-type":"","overlay-color":"","overlay-opacity":"","overlay-gradient":""},"tablet":{"background-color":"","background-image":"","background-repeat":"repeat","background-position":"center center","background-size":"auto","background-attachment":"scroll","background-type":"","background-media":"","overlay-type":"","overlay-color":"","overlay-opacity":"","overlay-gradient":""},"mobile":{"background-color":"","background-image":"","background-repeat":"repeat","background-position":"center center","background-size":"auto","background-attachment":"scroll","background-type":"","background-media":"","overlay-type":"","overlay-color":"","overlay-opacity":"","overlay-gradient":""}},"ast-content-background-meta":{"desktop":{"background-color":"var(--ast-global-color-4)","background-image":"","background-repeat":"repeat","background-position":"center center","background-size":"auto","background-attachment":"scroll","background-type":"","background-media":"","overlay-type":"","overlay-color":"","overlay-opacity":"","overlay-gradient":""},"tablet":{"background-color":"var(--ast-global-color-4)","background-image":"","background-repeat":"repeat","background-position":"center center","background-size":"auto","background-attachment":"scroll","background-type":"","background-media":"","overlay-type":"","overlay-color":"","overlay-opacity":"","overlay-gradient":""},"mobile":{"background-color":"var(--ast-global-color-4)","background-image":"","background-repeat":"repeat","background-position":"center center","background-size":"auto","background-attachment":"scroll","background-type":"","background-media":"","overlay-type":"","overlay-color":"","overlay-opacity":"","overlay-gradient":""}}},"product_brand":[324],"product_cat":[185,321,189],"product_tag":[325],"class_list":{"0":"post-4376","1":"product","2":"type-product","3":"status-publish","4":"has-post-thumbnail","6":"product_brand-klein-tools","7":"product_cat-infraestructura","8":"product_cat-otros-seguridad-industrial","9":"product_cat-seguridad-industrial","10":"product_tag-klein-tools","11":"desktop-align-left","12":"tablet-align-left","13":"mobile-align-left","15":"first","16":"instock","17":"shipping-taxable","18":"product-type-simple"},"yoast_head":"<!-- This site is optimized with the Yoast SEO plugin v25.3 - https:\/\/yoast.com\/wordpress\/plugins\/seo\/ -->\n<title>LAMPARAS DE CASCO - Tecplan<\/title>\n<meta name=\"robots\" content=\"index, follow, max-snippet:-1, max-image-preview:large, max-video-preview:-1\" \/>\n<link rel=\"canonical\" href=\"https:\/\/tecplan.com.es\/en\/product\/lamparas-de-casco\/\" \/>\n<meta property=\"og:locale\" content=\"en_US\" \/>\n<meta property=\"og:type\" content=\"article\" \/>\n<meta property=\"og:title\" content=\"LAMPARAS DE CASCO - Tecplan\" \/>\n<meta property=\"og:description\" content=\"Klein Tools 56034 L\u00e1mpara principal LED, l\u00e1mpara de punto recargable y l\u00e1mpara de luz de inundaci\u00f3n para sombreros duros.\" \/>\n<meta property=\"og:url\" content=\"https:\/\/tecplan.com.es\/en\/product\/lamparas-de-casco\/\" \/>\n<meta property=\"og:site_name\" content=\"Tecplan\" \/>\n<meta property=\"article:modified_time\" content=\"2025-11-10T21:12:59+00:00\" \/>\n<meta property=\"og:image\" content=\"https:\/\/tecplan.com.es\/wp-content\/uploads\/2025\/10\/Lampara-1.jpg\" \/>\n\t<meta property=\"og:image:width\" content=\"679\" \/>\n\t<meta property=\"og:image:height\" content=\"474\" \/>\n\t<meta property=\"og:image:type\" content=\"image\/jpeg\" \/>\n<meta name=\"twitter:card\" content=\"summary_large_image\" \/>\n<meta name=\"twitter:label1\" content=\"Est. reading time\" \/>\n\t<meta name=\"twitter:data1\" content=\"2 minutes\" \/>\n<script type=\"application\/ld+json\" class=\"yoast-schema-graph\">{\"@context\":\"https:\/\/schema.org\",\"@graph\":[{\"@type\":\"WebPage\",\"@id\":\"https:\/\/tecplan.com.es\/product\/lamparas-de-casco\/\",\"url\":\"https:\/\/tecplan.com.es\/product\/lamparas-de-casco\/\",\"name\":\"LAMPARAS DE CASCO - Tecplan\",\"isPartOf\":{\"@id\":\"https:\/\/tecplan.com.es\/#website\"},\"primaryImageOfPage\":{\"@id\":\"https:\/\/tecplan.com.es\/product\/lamparas-de-casco\/#primaryimage\"},\"image\":{\"@id\":\"https:\/\/tecplan.com.es\/product\/lamparas-de-casco\/#primaryimage\"},\"thumbnailUrl\":\"https:\/\/tecplan.com.es\/wp-content\/uploads\/2025\/10\/Lampara-1.jpg\",\"datePublished\":\"2025-11-03T18:18:18+00:00\",\"dateModified\":\"2025-11-10T21:12:59+00:00\",\"breadcrumb\":{\"@id\":\"https:\/\/tecplan.com.es\/product\/lamparas-de-casco\/#breadcrumb\"},\"inLanguage\":\"en-US\",\"potentialAction\":[{\"@type\":\"ReadAction\",\"target\":[\"https:\/\/tecplan.com.es\/product\/lamparas-de-casco\/\"]}]},{\"@type\":\"ImageObject\",\"inLanguage\":\"en-US\",\"@id\":\"https:\/\/tecplan.com.es\/product\/lamparas-de-casco\/#primaryimage\",\"url\":\"https:\/\/tecplan.com.es\/wp-content\/uploads\/2025\/10\/Lampara-1.jpg\",\"contentUrl\":\"https:\/\/tecplan.com.es\/wp-content\/uploads\/2025\/10\/Lampara-1.jpg\",\"width\":679,\"height\":474},{\"@type\":\"BreadcrumbList\",\"@id\":\"https:\/\/tecplan.com.es\/product\/lamparas-de-casco\/#breadcrumb\",\"itemListElement\":[{\"@type\":\"ListItem\",\"position\":1,\"name\":\"Home\",\"item\":\"https:\/\/tecplan.com.es\/\"},{\"@type\":\"ListItem\",\"position\":2,\"name\":\"Shop\",\"item\":\"https:\/\/tecplan.com.es\/shop\/\"},{\"@type\":\"ListItem\",\"position\":3,\"name\":\"LAMPARAS DE CASCO\"}]},{\"@type\":\"WebSite\",\"@id\":\"https:\/\/tecplan.com.es\/#website\",\"url\":\"https:\/\/tecplan.com.es\/\",\"name\":\"Tecplan\",\"description\":\"\",\"potentialAction\":[{\"@type\":\"SearchAction\",\"target\":{\"@type\":\"EntryPoint\",\"urlTemplate\":\"https:\/\/tecplan.com.es\/?s={search_term_string}\"},\"query-input\":{\"@type\":\"PropertyValueSpecification\",\"valueRequired\":true,\"valueName\":\"search_term_string\"}}],\"inLanguage\":\"en-US\"}]}<\/script>\n<!-- \/ Yoast SEO plugin. -->","yoast_head_json":{"title":"LAMPARAS DE CASCO - Tecplan","robots":{"index":"index","follow":"follow","max-snippet":"max-snippet:-1","max-image-preview":"max-image-preview:large","max-video-preview":"max-video-preview:-1"},"canonical":"https:\/\/tecplan.com.es\/en\/product\/lamparas-de-casco\/","og_locale":"en_US","og_type":"article","og_title":"LAMPARAS DE CASCO - Tecplan","og_description":"Klein Tools 56034 L\u00e1mpara principal LED, l\u00e1mpara de punto recargable y l\u00e1mpara de luz de inundaci\u00f3n para sombreros duros.","og_url":"https:\/\/tecplan.com.es\/en\/product\/lamparas-de-casco\/","og_site_name":"Tecplan","article_modified_time":"2025-11-10T21:12:59+00:00","og_image":[{"width":679,"height":474,"url":"https:\/\/tecplan.com.es\/wp-content\/uploads\/2025\/10\/Lampara-1.jpg","type":"image\/jpeg"}],"twitter_card":"summary_large_image","twitter_misc":{"Est. reading time":"2 minutes"},"schema":{"@context":"https:\/\/schema.org","@graph":[{"@type":"WebPage","@id":"https:\/\/tecplan.com.es\/product\/lamparas-de-casco\/","url":"https:\/\/tecplan.com.es\/product\/lamparas-de-casco\/","name":"LAMPARAS DE CASCO - Tecplan","isPartOf":{"@id":"https:\/\/tecplan.com.es\/#website"},"primaryImageOfPage":{"@id":"https:\/\/tecplan.com.es\/product\/lamparas-de-casco\/#primaryimage"},"image":{"@id":"https:\/\/tecplan.com.es\/product\/lamparas-de-casco\/#primaryimage"},"thumbnailUrl":"https:\/\/tecplan.com.es\/wp-content\/uploads\/2025\/10\/Lampara-1.jpg","datePublished":"2025-11-03T18:18:18+00:00","dateModified":"2025-11-10T21:12:59+00:00","breadcrumb":{"@id":"https:\/\/tecplan.com.es\/product\/lamparas-de-casco\/#breadcrumb"},"inLanguage":"en-US","potentialAction":[{"@type":"ReadAction","target":["https:\/\/tecplan.com.es\/product\/lamparas-de-casco\/"]}]},{"@type":"ImageObject","inLanguage":"en-US","@id":"https:\/\/tecplan.com.es\/product\/lamparas-de-casco\/#primaryimage","url":"https:\/\/tecplan.com.es\/wp-content\/uploads\/2025\/10\/Lampara-1.jpg","contentUrl":"https:\/\/tecplan.com.es\/wp-content\/uploads\/2025\/10\/Lampara-1.jpg","width":679,"height":474},{"@type":"BreadcrumbList","@id":"https:\/\/tecplan.com.es\/product\/lamparas-de-casco\/#breadcrumb","itemListElement":[{"@type":"ListItem","position":1,"name":"Home","item":"https:\/\/tecplan.com.es\/"},{"@type":"ListItem","position":2,"name":"Shop","item":"https:\/\/tecplan.com.es\/shop\/"},{"@type":"ListItem","position":3,"name":"LAMPARAS DE CASCO"}]},{"@type":"WebSite","@id":"https:\/\/tecplan.com.es\/#website","url":"https:\/\/tecplan.com.es\/","name":"Tecplan","description":"","potentialAction":[{"@type":"SearchAction","target":{"@type":"EntryPoint","urlTemplate":"https:\/\/tecplan.com.es\/?s={search_term_string}"},"query-input":{"@type":"PropertyValueSpecification","valueRequired":true,"valueName":"search_term_string"}}],"inLanguage":"en-US"}]}},"_links":{"self":[{"href":"https:\/\/tecplan.com.es\/en\/wp-json\/wp\/v2\/product\/4376","targetHints":{"allow":["GET"]}}],"collection":[{"href":"https:\/\/tecplan.com.es\/en\/wp-json\/wp\/v2\/product"}],"about":[{"href":"https:\/\/tecplan.com.es\/en\/wp-json\/wp\/v2\/types\/product"}],"replies":[{"embeddable":true,"href":"https:\/\/tecplan.com.es\/en\/wp-json\/wp\/v2\/comments?post=4376"}],"version-history":[{"count":2,"href":"https:\/\/tecplan.com.es\/en\/wp-json\/wp\/v2\/product\/4376\/revisions"}],"predecessor-version":[{"id":4530,"href":"https:\/\/tecplan.com.es\/en\/wp-json\/wp\/v2\/product\/4376\/revisions\/4530"}],"wp:featuredmedia":[{"embeddable":true,"href":"https:\/\/tecplan.com.es\/en\/wp-json\/wp\/v2\/media\/4342"}],"wp:attachment":[{"href":"https:\/\/tecplan.com.es\/en\/wp-json\/wp\/v2\/media?parent=4376"}],"wp:term":[{"taxonomy":"product_brand","embeddable":true,"href":"https:\/\/tecplan.com.es\/en\/wp-json\/wp\/v2\/product_brand?post=4376"},{"taxonomy":"product_cat","embeddable":true,"href":"https:\/\/tecplan.com.es\/en\/wp-json\/wp\/v2\/product_cat?post=4376"},{"taxonomy":"product_tag","embeddable":true,"href":"https:\/\/tecplan.com.es\/en\/wp-json\/wp\/v2\/product_tag?post=4376"}],"curies":[{"name":"wp","href":"https:\/\/api.w.org\/{rel}","templated":true}]}}