{"id":4331,"date":"2025-10-28T22:49:00","date_gmt":"2025-10-28T22:49:00","guid":{"rendered":"https:\/\/tecplan.com.es\/product\/cuerda-dinamica\/"},"modified":"2025-11-07T21:30:17","modified_gmt":"2025-11-07T21:30:17","slug":"cuerda-dinamica","status":"publish","type":"product","link":"https:\/\/tecplan.com.es\/en\/product\/cuerda-dinamica\/","title":{"rendered":"CUERDA DIN\u00c1MICA"},"content":{"rendered":"<h3 style=\"text-align: justify;\"><strong>Cuerda Din\u00e1mica de Nailon<\/strong><\/h3>\n<p style=\"text-align: justify;\">Una cuerda din\u00e1mica es un tipo de cuerda dise\u00f1ada para el deporte de escalada, que se caracteriza por su capacidad de estirarse para absorber la fuerza de una ca\u00edda, minimizando el impacto en el escalador. A diferencia de las cuerdas est\u00e1ticas, que no se estiran, las din\u00e1micas tienen una elongaci\u00f3n de hasta el 40% en algunas pruebas de laboratorio y son esenciales para la escalada deportiva, el alpinismo y la escalada en hielo para evitar lesiones.<\/p>\n<p style=\"text-align: justify;\"><strong>Caracter\u00edsticas y uso<\/strong><\/p>\n<ul>\n<li style=\"text-align: justify;\">Di\u00e1metro: 11 mm<\/li>\n<li style=\"text-align: justify;\">Fuerza de impacto (kN): 9,3<\/li>\n<li style=\"text-align: justify;\">Peso: 86 g\/metro<\/li>\n<li style=\"text-align: justify;\">Eje de la cuerda: 48<\/li>\n<li style=\"text-align: justify;\">Tiempos de ca\u00edda: 14<\/li>\n<li style=\"text-align: justify;\">Elongaci\u00f3n: Su caracter\u00edstica principal es la elongaci\u00f3n, es decir, la capacidad de estirarse cuando se aplica una carga o durante una ca\u00edda.<\/li>\n<li style=\"text-align: justify;\">Absorci\u00f3n de impacto: Esta elasticidad permite que la cuerda absorba y disipe la energ\u00eda de una ca\u00edda, lo que a su vez reduce la fuerza del impacto en el escalador y el sistema de anclaje.<\/li>\n<li style=\"text-align: justify;\">Usos: Se utilizan exclusivamente para actividades como escalada en roca, escalada en hielo y monta\u00f1ismo.<\/li>\n<li style=\"text-align: justify;\">Seguridad: El estiramiento de la cuerda din\u00e1mica es lo que evita lesiones graves y que la cuerda se rompa en caso de ca\u00edda.<br \/>\nComparaci\u00f3n con cuerdas est\u00e1ticas<\/li>\n<li style=\"text-align: justify;\">Cuerda est\u00e1tica: Tiene una elongaci\u00f3n muy baja (menos del 10%) y no est\u00e1 dise\u00f1ada para absorber el impacto de una ca\u00edda. Se usa para trabajos verticales como el r\u00e1pel o para izar equipo.<\/li>\n<li style=\"text-align: justify;\">No mezclar: Es fundamental usar el tipo de cuerda correcto para la actividad. Nunca se debe utilizar una cuerda est\u00e1tica para escalar, ya que no es segura.<\/li>\n<\/ul>\n<p style=\"text-align: justify;\">","protected":false},"excerpt":{"rendered":"<p style=\"text-align: justify;\">Cuerda de Nailon dise\u00f1ada para estirarse en un porcentaje designado y absorber parte del impacto de una ca\u00edda.<\/p>","protected":false},"featured_media":4319,"comment_status":"open","ping_status":"closed","template":"","meta":{"site-sidebar-layout":"default","site-content-layout":"","ast-site-content-layout":"default","site-content-style":"default","site-sidebar-style":"default","ast-global-header-display":"","ast-banner-title-visibility":"","ast-main-header-display":"","ast-hfb-above-header-display":"","ast-hfb-below-header-display":"","ast-hfb-mobile-header-display":"","site-post-title":"","ast-breadcrumbs-content":"","ast-featured-img":"","footer-sml-layout":"","ast-disable-related-posts":"","theme-transparent-header-meta":"default","adv-header-id-meta":"","stick-header-meta":"","header-above-stick-meta":"","header-main-stick-meta":"","header-below-stick-meta":"","astra-migrate-meta-layouts":"set","ast-page-background-enabled":"default","ast-page-background-meta":{"desktop":{"background-color":"var(--ast-global-color-5)","background-image":"","background-repeat":"repeat","background-position":"center center","background-size":"auto","background-attachment":"scroll","background-type":"","background-media":"","overlay-type":"","overlay-color":"","overlay-opacity":"","overlay-gradient":""},"tablet":{"background-color":"","background-image":"","background-repeat":"repeat","background-position":"center center","background-size":"auto","background-attachment":"scroll","background-type":"","background-media":"","overlay-type":"","overlay-color":"","overlay-opacity":"","overlay-gradient":""},"mobile":{"background-color":"","background-image":"","background-repeat":"repeat","background-position":"center center","background-size":"auto","background-attachment":"scroll","background-type":"","background-media":"","overlay-type":"","overlay-color":"","overlay-opacity":"","overlay-gradient":""}},"ast-content-background-meta":{"desktop":{"background-color":"var(--ast-global-color-4)","background-image":"","background-repeat":"repeat","background-position":"center center","background-size":"auto","background-attachment":"scroll","background-type":"","background-media":"","overlay-type":"","overlay-color":"","overlay-opacity":"","overlay-gradient":""},"tablet":{"background-color":"var(--ast-global-color-4)","background-image":"","background-repeat":"repeat","background-position":"center center","background-size":"auto","background-attachment":"scroll","background-type":"","background-media":"","overlay-type":"","overlay-color":"","overlay-opacity":"","overlay-gradient":""},"mobile":{"background-color":"var(--ast-global-color-4)","background-image":"","background-repeat":"repeat","background-position":"center center","background-size":"auto","background-attachment":"scroll","background-type":"","background-media":"","overlay-type":"","overlay-color":"","overlay-opacity":"","overlay-gradient":""}}},"product_brand":[318],"product_cat":[190,185,189],"product_tag":[229],"class_list":{"0":"post-4331","1":"product","2":"type-product","3":"status-publish","4":"has-post-thumbnail","6":"product_brand-bossafe","7":"product_cat-bossafe","8":"product_cat-infraestructura","9":"product_cat-seguridad-industrial","10":"product_tag-bossafe","11":"desktop-align-left","12":"tablet-align-left","13":"mobile-align-left","15":"first","16":"instock","17":"shipping-taxable","18":"product-type-simple"},"yoast_head":"<!-- This site is optimized with the Yoast SEO plugin v25.3 - https:\/\/yoast.com\/wordpress\/plugins\/seo\/ -->\n<title>CUERDA DIN\u00c1MICA - Tecplan<\/title>\n<meta name=\"robots\" content=\"index, follow, max-snippet:-1, max-image-preview:large, max-video-preview:-1\" \/>\n<link rel=\"canonical\" href=\"https:\/\/tecplan.com.es\/en\/product\/cuerda-dinamica\/\" \/>\n<meta property=\"og:locale\" content=\"en_US\" \/>\n<meta property=\"og:type\" content=\"article\" \/>\n<meta property=\"og:title\" content=\"CUERDA DIN\u00c1MICA - Tecplan\" \/>\n<meta property=\"og:description\" content=\"Cuerda de Nailon dise\u00f1ada para estirarse en un porcentaje designado y absorber parte del impacto de una ca\u00edda.\" \/>\n<meta property=\"og:url\" content=\"https:\/\/tecplan.com.es\/en\/product\/cuerda-dinamica\/\" \/>\n<meta property=\"og:site_name\" content=\"Tecplan\" \/>\n<meta property=\"article:modified_time\" content=\"2025-11-07T21:30:17+00:00\" \/>\n<meta property=\"og:image\" content=\"https:\/\/tecplan.com.es\/wp-content\/uploads\/2025\/10\/cuerda-01.jpg\" \/>\n\t<meta property=\"og:image:width\" content=\"1667\" \/>\n\t<meta property=\"og:image:height\" content=\"1667\" \/>\n\t<meta property=\"og:image:type\" content=\"image\/jpeg\" \/>\n<meta name=\"twitter:card\" content=\"summary_large_image\" \/>\n<meta name=\"twitter:label1\" content=\"Est. reading time\" \/>\n\t<meta name=\"twitter:data1\" content=\"2 minutes\" \/>\n<script type=\"application\/ld+json\" class=\"yoast-schema-graph\">{\"@context\":\"https:\/\/schema.org\",\"@graph\":[{\"@type\":\"WebPage\",\"@id\":\"https:\/\/tecplan.com.es\/product\/cuerda-dinamica\/\",\"url\":\"https:\/\/tecplan.com.es\/product\/cuerda-dinamica\/\",\"name\":\"CUERDA DIN\u00c1MICA - Tecplan\",\"isPartOf\":{\"@id\":\"https:\/\/tecplan.com.es\/#website\"},\"primaryImageOfPage\":{\"@id\":\"https:\/\/tecplan.com.es\/product\/cuerda-dinamica\/#primaryimage\"},\"image\":{\"@id\":\"https:\/\/tecplan.com.es\/product\/cuerda-dinamica\/#primaryimage\"},\"thumbnailUrl\":\"https:\/\/tecplan.com.es\/wp-content\/uploads\/2025\/10\/cuerda-01.jpg\",\"datePublished\":\"2025-10-28T22:49:00+00:00\",\"dateModified\":\"2025-11-07T21:30:17+00:00\",\"breadcrumb\":{\"@id\":\"https:\/\/tecplan.com.es\/product\/cuerda-dinamica\/#breadcrumb\"},\"inLanguage\":\"en-US\",\"potentialAction\":[{\"@type\":\"ReadAction\",\"target\":[\"https:\/\/tecplan.com.es\/product\/cuerda-dinamica\/\"]}]},{\"@type\":\"ImageObject\",\"inLanguage\":\"en-US\",\"@id\":\"https:\/\/tecplan.com.es\/product\/cuerda-dinamica\/#primaryimage\",\"url\":\"https:\/\/tecplan.com.es\/wp-content\/uploads\/2025\/10\/cuerda-01.jpg\",\"contentUrl\":\"https:\/\/tecplan.com.es\/wp-content\/uploads\/2025\/10\/cuerda-01.jpg\",\"width\":1667,\"height\":1667},{\"@type\":\"BreadcrumbList\",\"@id\":\"https:\/\/tecplan.com.es\/product\/cuerda-dinamica\/#breadcrumb\",\"itemListElement\":[{\"@type\":\"ListItem\",\"position\":1,\"name\":\"Home\",\"item\":\"https:\/\/tecplan.com.es\/\"},{\"@type\":\"ListItem\",\"position\":2,\"name\":\"Shop\",\"item\":\"https:\/\/tecplan.com.es\/shop\/\"},{\"@type\":\"ListItem\",\"position\":3,\"name\":\"CUERDA DIN\u00c1MICA\"}]},{\"@type\":\"WebSite\",\"@id\":\"https:\/\/tecplan.com.es\/#website\",\"url\":\"https:\/\/tecplan.com.es\/\",\"name\":\"Tecplan\",\"description\":\"\",\"potentialAction\":[{\"@type\":\"SearchAction\",\"target\":{\"@type\":\"EntryPoint\",\"urlTemplate\":\"https:\/\/tecplan.com.es\/?s={search_term_string}\"},\"query-input\":{\"@type\":\"PropertyValueSpecification\",\"valueRequired\":true,\"valueName\":\"search_term_string\"}}],\"inLanguage\":\"en-US\"}]}<\/script>\n<!-- \/ Yoast SEO plugin. -->","yoast_head_json":{"title":"CUERDA DIN\u00c1MICA - Tecplan","robots":{"index":"index","follow":"follow","max-snippet":"max-snippet:-1","max-image-preview":"max-image-preview:large","max-video-preview":"max-video-preview:-1"},"canonical":"https:\/\/tecplan.com.es\/en\/product\/cuerda-dinamica\/","og_locale":"en_US","og_type":"article","og_title":"CUERDA DIN\u00c1MICA - Tecplan","og_description":"Cuerda de Nailon dise\u00f1ada para estirarse en un porcentaje designado y absorber parte del impacto de una ca\u00edda.","og_url":"https:\/\/tecplan.com.es\/en\/product\/cuerda-dinamica\/","og_site_name":"Tecplan","article_modified_time":"2025-11-07T21:30:17+00:00","og_image":[{"width":1667,"height":1667,"url":"https:\/\/tecplan.com.es\/wp-content\/uploads\/2025\/10\/cuerda-01.jpg","type":"image\/jpeg"}],"twitter_card":"summary_large_image","twitter_misc":{"Est. reading time":"2 minutes"},"schema":{"@context":"https:\/\/schema.org","@graph":[{"@type":"WebPage","@id":"https:\/\/tecplan.com.es\/product\/cuerda-dinamica\/","url":"https:\/\/tecplan.com.es\/product\/cuerda-dinamica\/","name":"CUERDA DIN\u00c1MICA - Tecplan","isPartOf":{"@id":"https:\/\/tecplan.com.es\/#website"},"primaryImageOfPage":{"@id":"https:\/\/tecplan.com.es\/product\/cuerda-dinamica\/#primaryimage"},"image":{"@id":"https:\/\/tecplan.com.es\/product\/cuerda-dinamica\/#primaryimage"},"thumbnailUrl":"https:\/\/tecplan.com.es\/wp-content\/uploads\/2025\/10\/cuerda-01.jpg","datePublished":"2025-10-28T22:49:00+00:00","dateModified":"2025-11-07T21:30:17+00:00","breadcrumb":{"@id":"https:\/\/tecplan.com.es\/product\/cuerda-dinamica\/#breadcrumb"},"inLanguage":"en-US","potentialAction":[{"@type":"ReadAction","target":["https:\/\/tecplan.com.es\/product\/cuerda-dinamica\/"]}]},{"@type":"ImageObject","inLanguage":"en-US","@id":"https:\/\/tecplan.com.es\/product\/cuerda-dinamica\/#primaryimage","url":"https:\/\/tecplan.com.es\/wp-content\/uploads\/2025\/10\/cuerda-01.jpg","contentUrl":"https:\/\/tecplan.com.es\/wp-content\/uploads\/2025\/10\/cuerda-01.jpg","width":1667,"height":1667},{"@type":"BreadcrumbList","@id":"https:\/\/tecplan.com.es\/product\/cuerda-dinamica\/#breadcrumb","itemListElement":[{"@type":"ListItem","position":1,"name":"Home","item":"https:\/\/tecplan.com.es\/"},{"@type":"ListItem","position":2,"name":"Shop","item":"https:\/\/tecplan.com.es\/shop\/"},{"@type":"ListItem","position":3,"name":"CUERDA DIN\u00c1MICA"}]},{"@type":"WebSite","@id":"https:\/\/tecplan.com.es\/#website","url":"https:\/\/tecplan.com.es\/","name":"Tecplan","description":"","potentialAction":[{"@type":"SearchAction","target":{"@type":"EntryPoint","urlTemplate":"https:\/\/tecplan.com.es\/?s={search_term_string}"},"query-input":{"@type":"PropertyValueSpecification","valueRequired":true,"valueName":"search_term_string"}}],"inLanguage":"en-US"}]}},"_links":{"self":[{"href":"https:\/\/tecplan.com.es\/en\/wp-json\/wp\/v2\/product\/4331","targetHints":{"allow":["GET"]}}],"collection":[{"href":"https:\/\/tecplan.com.es\/en\/wp-json\/wp\/v2\/product"}],"about":[{"href":"https:\/\/tecplan.com.es\/en\/wp-json\/wp\/v2\/types\/product"}],"replies":[{"embeddable":true,"href":"https:\/\/tecplan.com.es\/en\/wp-json\/wp\/v2\/comments?post=4331"}],"version-history":[{"count":3,"href":"https:\/\/tecplan.com.es\/en\/wp-json\/wp\/v2\/product\/4331\/revisions"}],"predecessor-version":[{"id":4469,"href":"https:\/\/tecplan.com.es\/en\/wp-json\/wp\/v2\/product\/4331\/revisions\/4469"}],"wp:featuredmedia":[{"embeddable":true,"href":"https:\/\/tecplan.com.es\/en\/wp-json\/wp\/v2\/media\/4319"}],"wp:attachment":[{"href":"https:\/\/tecplan.com.es\/en\/wp-json\/wp\/v2\/media?parent=4331"}],"wp:term":[{"taxonomy":"product_brand","embeddable":true,"href":"https:\/\/tecplan.com.es\/en\/wp-json\/wp\/v2\/product_brand?post=4331"},{"taxonomy":"product_cat","embeddable":true,"href":"https:\/\/tecplan.com.es\/en\/wp-json\/wp\/v2\/product_cat?post=4331"},{"taxonomy":"product_tag","embeddable":true,"href":"https:\/\/tecplan.com.es\/en\/wp-json\/wp\/v2\/product_tag?post=4331"}],"curies":[{"name":"wp","href":"https:\/\/api.w.org\/{rel}","templated":true}]}}