{"id":4330,"date":"2025-10-28T22:49:00","date_gmt":"2025-10-28T22:49:00","guid":{"rendered":"https:\/\/tecplan.com.es\/product\/bandola-ajustable-de-aluminio\/"},"modified":"2025-11-07T21:36:06","modified_gmt":"2025-11-07T21:36:06","slug":"bandola-ajustable-de-aluminio","status":"publish","type":"product","link":"https:\/\/tecplan.com.es\/en\/product\/bandola-ajustable-de-aluminio\/","title":{"rendered":"BANDOLA AJUSTABLE DE ALUMINIO"},"content":{"rendered":"<h3 style=\"text-align: justify;\"><strong>BANDOLA Y CUERDAS<\/strong><\/h3>\n<p style=\"text-align: justify;\">Bandola ajustable de aluminio es parte de un equipo de seguridad para trabajos en alturas que permite al operario posicionarse para trabajar con ambas manos libres. Se compone de una banda, un ajustador para la longitud de la banda y ganchos de seguridad en los extremos. La bandola est\u00e1 dise\u00f1ada para ser ligera, c\u00f3moda y duradera, y el uso de aluminio es para el ajustador, mientras que los ganchos pueden ser de acero u otro material.<\/p>\n<p><strong>Caracter\u00edsticas<\/strong><\/p>\n<ul>\n<li>Longitud de la cuerda: 2,25 m<\/li>\n<li>Di\u00e1metro de la cuerda: 16 mm<\/li>\n<li>Resistencia del gancho y<\/li>\n<li>mosquet\u00f3n: 22 kN<\/li>\n<li>Bandola: El cuerpo principal es una cinta de poli\u00e9ster o perl\u00f3n, de uso en la construcci\u00f3n, andamios, limpieza y rescate.<\/li>\n<li>Ajustable: Su longitud puede ajustarse manualmente mediante una hebilla o un sistema de fricci\u00f3n, permitiendo al usuario trabajar c\u00f3modamente con ambas manos libres.<\/li>\n<li>Aluminio: El ajustador, dise\u00f1ado para ser ligero y ergon\u00f3mico, es de aluminio. Este material permite un f\u00e1cil y r\u00e1pido ajuste de la longitud.<\/li>\n<li>Ganchos: Generalmente, los ganchos que conectan la bandola al cintur\u00f3n o arn\u00e9s son de acero con doble seguro para evitar aberturas accidentales.<\/li>\n<li>Uso: Se utiliza en trabajos que requieren posicionamiento para poder tener las manos libres, como la instalaci\u00f3n de postes telef\u00f3nicos, trabajos en altura en la construcci\u00f3n, o rescates.<\/li>\n<\/ul>\n<p>&nbsp;<\/p>","protected":false},"excerpt":{"rendered":"<p style=\"text-align: justify;\">Cord\u00f3n ajustable hecho de poli\u00e9ster con gancho de seguridad.<\/p>\n<p><img decoding=\"async\" class=\"wp-image-3719 aligncenter\" src=\"https:\/\/tecplan.com.es\/wp-content\/uploads\/2025\/09\/logo-bosafe7-03-300x122.jpg\" alt=\"\" width=\"142\" height=\"72\" \/><\/p>","protected":false},"featured_media":4310,"comment_status":"open","ping_status":"closed","template":"","meta":{"site-sidebar-layout":"default","site-content-layout":"","ast-site-content-layout":"default","site-content-style":"default","site-sidebar-style":"default","ast-global-header-display":"","ast-banner-title-visibility":"","ast-main-header-display":"","ast-hfb-above-header-display":"","ast-hfb-below-header-display":"","ast-hfb-mobile-header-display":"","site-post-title":"","ast-breadcrumbs-content":"","ast-featured-img":"","footer-sml-layout":"","ast-disable-related-posts":"","theme-transparent-header-meta":"default","adv-header-id-meta":"","stick-header-meta":"","header-above-stick-meta":"","header-main-stick-meta":"","header-below-stick-meta":"","astra-migrate-meta-layouts":"set","ast-page-background-enabled":"default","ast-page-background-meta":{"desktop":{"background-color":"var(--ast-global-color-5)","background-image":"","background-repeat":"repeat","background-position":"center center","background-size":"auto","background-attachment":"scroll","background-type":"","background-media":"","overlay-type":"","overlay-color":"","overlay-opacity":"","overlay-gradient":""},"tablet":{"background-color":"","background-image":"","background-repeat":"repeat","background-position":"center center","background-size":"auto","background-attachment":"scroll","background-type":"","background-media":"","overlay-type":"","overlay-color":"","overlay-opacity":"","overlay-gradient":""},"mobile":{"background-color":"","background-image":"","background-repeat":"repeat","background-position":"center center","background-size":"auto","background-attachment":"scroll","background-type":"","background-media":"","overlay-type":"","overlay-color":"","overlay-opacity":"","overlay-gradient":""}},"ast-content-background-meta":{"desktop":{"background-color":"var(--ast-global-color-4)","background-image":"","background-repeat":"repeat","background-position":"center center","background-size":"auto","background-attachment":"scroll","background-type":"","background-media":"","overlay-type":"","overlay-color":"","overlay-opacity":"","overlay-gradient":""},"tablet":{"background-color":"var(--ast-global-color-4)","background-image":"","background-repeat":"repeat","background-position":"center center","background-size":"auto","background-attachment":"scroll","background-type":"","background-media":"","overlay-type":"","overlay-color":"","overlay-opacity":"","overlay-gradient":""},"mobile":{"background-color":"var(--ast-global-color-4)","background-image":"","background-repeat":"repeat","background-position":"center center","background-size":"auto","background-attachment":"scroll","background-type":"","background-media":"","overlay-type":"","overlay-color":"","overlay-opacity":"","overlay-gradient":""}}},"product_brand":[318],"product_cat":[190,185,189],"product_tag":[229],"class_list":{"0":"post-4330","1":"product","2":"type-product","3":"status-publish","4":"has-post-thumbnail","6":"product_brand-bossafe","7":"product_cat-bossafe","8":"product_cat-infraestructura","9":"product_cat-seguridad-industrial","10":"product_tag-bossafe","11":"desktop-align-left","12":"tablet-align-left","13":"mobile-align-left","15":"first","16":"instock","17":"shipping-taxable","18":"product-type-simple"},"yoast_head":"<!-- This site is optimized with the Yoast SEO plugin v25.3 - https:\/\/yoast.com\/wordpress\/plugins\/seo\/ -->\n<title>BANDOLA AJUSTABLE DE ALUMINIO - Tecplan<\/title>\n<meta name=\"robots\" content=\"index, follow, max-snippet:-1, max-image-preview:large, max-video-preview:-1\" \/>\n<link rel=\"canonical\" href=\"https:\/\/tecplan.com.es\/en\/product\/bandola-ajustable-de-aluminio\/\" \/>\n<meta property=\"og:locale\" content=\"en_US\" \/>\n<meta property=\"og:type\" content=\"article\" \/>\n<meta property=\"og:title\" content=\"BANDOLA AJUSTABLE DE ALUMINIO - Tecplan\" \/>\n<meta property=\"og:description\" content=\"Cord\u00f3n ajustable hecho de poli\u00e9ster con gancho de seguridad.\" \/>\n<meta property=\"og:url\" content=\"https:\/\/tecplan.com.es\/en\/product\/bandola-ajustable-de-aluminio\/\" \/>\n<meta property=\"og:site_name\" content=\"Tecplan\" \/>\n<meta property=\"article:modified_time\" content=\"2025-11-07T21:36:06+00:00\" \/>\n<meta property=\"og:image\" content=\"https:\/\/tecplan.com.es\/wp-content\/uploads\/2025\/10\/bandola-01.jpg\" \/>\n\t<meta property=\"og:image:width\" content=\"1667\" \/>\n\t<meta property=\"og:image:height\" content=\"1667\" \/>\n\t<meta property=\"og:image:type\" content=\"image\/jpeg\" \/>\n<meta name=\"twitter:card\" content=\"summary_large_image\" \/>\n<meta name=\"twitter:label1\" content=\"Est. reading time\" \/>\n\t<meta name=\"twitter:data1\" content=\"2 minutes\" \/>\n<script type=\"application\/ld+json\" class=\"yoast-schema-graph\">{\"@context\":\"https:\/\/schema.org\",\"@graph\":[{\"@type\":\"WebPage\",\"@id\":\"https:\/\/tecplan.com.es\/product\/bandola-ajustable-de-aluminio\/\",\"url\":\"https:\/\/tecplan.com.es\/product\/bandola-ajustable-de-aluminio\/\",\"name\":\"BANDOLA AJUSTABLE DE ALUMINIO - Tecplan\",\"isPartOf\":{\"@id\":\"https:\/\/tecplan.com.es\/#website\"},\"primaryImageOfPage\":{\"@id\":\"https:\/\/tecplan.com.es\/product\/bandola-ajustable-de-aluminio\/#primaryimage\"},\"image\":{\"@id\":\"https:\/\/tecplan.com.es\/product\/bandola-ajustable-de-aluminio\/#primaryimage\"},\"thumbnailUrl\":\"https:\/\/tecplan.com.es\/wp-content\/uploads\/2025\/10\/bandola-01.jpg\",\"datePublished\":\"2025-10-28T22:49:00+00:00\",\"dateModified\":\"2025-11-07T21:36:06+00:00\",\"breadcrumb\":{\"@id\":\"https:\/\/tecplan.com.es\/product\/bandola-ajustable-de-aluminio\/#breadcrumb\"},\"inLanguage\":\"en-US\",\"potentialAction\":[{\"@type\":\"ReadAction\",\"target\":[\"https:\/\/tecplan.com.es\/product\/bandola-ajustable-de-aluminio\/\"]}]},{\"@type\":\"ImageObject\",\"inLanguage\":\"en-US\",\"@id\":\"https:\/\/tecplan.com.es\/product\/bandola-ajustable-de-aluminio\/#primaryimage\",\"url\":\"https:\/\/tecplan.com.es\/wp-content\/uploads\/2025\/10\/bandola-01.jpg\",\"contentUrl\":\"https:\/\/tecplan.com.es\/wp-content\/uploads\/2025\/10\/bandola-01.jpg\",\"width\":1667,\"height\":1667},{\"@type\":\"BreadcrumbList\",\"@id\":\"https:\/\/tecplan.com.es\/product\/bandola-ajustable-de-aluminio\/#breadcrumb\",\"itemListElement\":[{\"@type\":\"ListItem\",\"position\":1,\"name\":\"Home\",\"item\":\"https:\/\/tecplan.com.es\/\"},{\"@type\":\"ListItem\",\"position\":2,\"name\":\"Shop\",\"item\":\"https:\/\/tecplan.com.es\/shop\/\"},{\"@type\":\"ListItem\",\"position\":3,\"name\":\"BANDOLA AJUSTABLE DE ALUMINIO\"}]},{\"@type\":\"WebSite\",\"@id\":\"https:\/\/tecplan.com.es\/#website\",\"url\":\"https:\/\/tecplan.com.es\/\",\"name\":\"Tecplan\",\"description\":\"\",\"potentialAction\":[{\"@type\":\"SearchAction\",\"target\":{\"@type\":\"EntryPoint\",\"urlTemplate\":\"https:\/\/tecplan.com.es\/?s={search_term_string}\"},\"query-input\":{\"@type\":\"PropertyValueSpecification\",\"valueRequired\":true,\"valueName\":\"search_term_string\"}}],\"inLanguage\":\"en-US\"}]}<\/script>\n<!-- \/ Yoast SEO plugin. -->","yoast_head_json":{"title":"BANDOLA AJUSTABLE DE ALUMINIO - Tecplan","robots":{"index":"index","follow":"follow","max-snippet":"max-snippet:-1","max-image-preview":"max-image-preview:large","max-video-preview":"max-video-preview:-1"},"canonical":"https:\/\/tecplan.com.es\/en\/product\/bandola-ajustable-de-aluminio\/","og_locale":"en_US","og_type":"article","og_title":"BANDOLA AJUSTABLE DE ALUMINIO - Tecplan","og_description":"Cord\u00f3n ajustable hecho de poli\u00e9ster con gancho de seguridad.","og_url":"https:\/\/tecplan.com.es\/en\/product\/bandola-ajustable-de-aluminio\/","og_site_name":"Tecplan","article_modified_time":"2025-11-07T21:36:06+00:00","og_image":[{"width":1667,"height":1667,"url":"https:\/\/tecplan.com.es\/wp-content\/uploads\/2025\/10\/bandola-01.jpg","type":"image\/jpeg"}],"twitter_card":"summary_large_image","twitter_misc":{"Est. reading time":"2 minutes"},"schema":{"@context":"https:\/\/schema.org","@graph":[{"@type":"WebPage","@id":"https:\/\/tecplan.com.es\/product\/bandola-ajustable-de-aluminio\/","url":"https:\/\/tecplan.com.es\/product\/bandola-ajustable-de-aluminio\/","name":"BANDOLA AJUSTABLE DE ALUMINIO - Tecplan","isPartOf":{"@id":"https:\/\/tecplan.com.es\/#website"},"primaryImageOfPage":{"@id":"https:\/\/tecplan.com.es\/product\/bandola-ajustable-de-aluminio\/#primaryimage"},"image":{"@id":"https:\/\/tecplan.com.es\/product\/bandola-ajustable-de-aluminio\/#primaryimage"},"thumbnailUrl":"https:\/\/tecplan.com.es\/wp-content\/uploads\/2025\/10\/bandola-01.jpg","datePublished":"2025-10-28T22:49:00+00:00","dateModified":"2025-11-07T21:36:06+00:00","breadcrumb":{"@id":"https:\/\/tecplan.com.es\/product\/bandola-ajustable-de-aluminio\/#breadcrumb"},"inLanguage":"en-US","potentialAction":[{"@type":"ReadAction","target":["https:\/\/tecplan.com.es\/product\/bandola-ajustable-de-aluminio\/"]}]},{"@type":"ImageObject","inLanguage":"en-US","@id":"https:\/\/tecplan.com.es\/product\/bandola-ajustable-de-aluminio\/#primaryimage","url":"https:\/\/tecplan.com.es\/wp-content\/uploads\/2025\/10\/bandola-01.jpg","contentUrl":"https:\/\/tecplan.com.es\/wp-content\/uploads\/2025\/10\/bandola-01.jpg","width":1667,"height":1667},{"@type":"BreadcrumbList","@id":"https:\/\/tecplan.com.es\/product\/bandola-ajustable-de-aluminio\/#breadcrumb","itemListElement":[{"@type":"ListItem","position":1,"name":"Home","item":"https:\/\/tecplan.com.es\/"},{"@type":"ListItem","position":2,"name":"Shop","item":"https:\/\/tecplan.com.es\/shop\/"},{"@type":"ListItem","position":3,"name":"BANDOLA AJUSTABLE DE ALUMINIO"}]},{"@type":"WebSite","@id":"https:\/\/tecplan.com.es\/#website","url":"https:\/\/tecplan.com.es\/","name":"Tecplan","description":"","potentialAction":[{"@type":"SearchAction","target":{"@type":"EntryPoint","urlTemplate":"https:\/\/tecplan.com.es\/?s={search_term_string}"},"query-input":{"@type":"PropertyValueSpecification","valueRequired":true,"valueName":"search_term_string"}}],"inLanguage":"en-US"}]}},"_links":{"self":[{"href":"https:\/\/tecplan.com.es\/en\/wp-json\/wp\/v2\/product\/4330","targetHints":{"allow":["GET"]}}],"collection":[{"href":"https:\/\/tecplan.com.es\/en\/wp-json\/wp\/v2\/product"}],"about":[{"href":"https:\/\/tecplan.com.es\/en\/wp-json\/wp\/v2\/types\/product"}],"replies":[{"embeddable":true,"href":"https:\/\/tecplan.com.es\/en\/wp-json\/wp\/v2\/comments?post=4330"}],"version-history":[{"count":3,"href":"https:\/\/tecplan.com.es\/en\/wp-json\/wp\/v2\/product\/4330\/revisions"}],"predecessor-version":[{"id":4471,"href":"https:\/\/tecplan.com.es\/en\/wp-json\/wp\/v2\/product\/4330\/revisions\/4471"}],"wp:featuredmedia":[{"embeddable":true,"href":"https:\/\/tecplan.com.es\/en\/wp-json\/wp\/v2\/media\/4310"}],"wp:attachment":[{"href":"https:\/\/tecplan.com.es\/en\/wp-json\/wp\/v2\/media?parent=4330"}],"wp:term":[{"taxonomy":"product_brand","embeddable":true,"href":"https:\/\/tecplan.com.es\/en\/wp-json\/wp\/v2\/product_brand?post=4330"},{"taxonomy":"product_cat","embeddable":true,"href":"https:\/\/tecplan.com.es\/en\/wp-json\/wp\/v2\/product_cat?post=4330"},{"taxonomy":"product_tag","embeddable":true,"href":"https:\/\/tecplan.com.es\/en\/wp-json\/wp\/v2\/product_tag?post=4330"}],"curies":[{"name":"wp","href":"https:\/\/api.w.org\/{rel}","templated":true}]}}