{"id":4327,"date":"2025-10-28T22:49:00","date_gmt":"2025-10-28T22:49:00","guid":{"rendered":"https:\/\/tecplan.com.es\/product\/cordon-anti-caidas\/"},"modified":"2025-11-07T21:52:41","modified_gmt":"2025-11-07T21:52:41","slug":"cordon-anti-caidas","status":"publish","type":"product","link":"https:\/\/tecplan.com.es\/en\/product\/cordon-anti-caidas\/","title":{"rendered":"CORD\u00d3N  ANTI CA\u00cdDAS"},"content":{"rendered":"<p><strong>CORD\u00d3N ANTI CA\u00cdDAS<\/strong><\/p>\n<p style=\"text-align: justify;\">Cord\u00f3n de protecci\u00f3n contra ca\u00eddas, cord\u00f3n de seguridad para protecci\u00f3n contra ca\u00eddas, cintur\u00f3n de seguridad ajustable,para realiazar trabajos al aire libre con ganchos.<\/p>\n<p style=\"text-align: justify;\">Amplia gama de usos: ideal para ocasiones de posicionamiento y restricci\u00f3n, adecuado para construcci\u00f3n, escalada en roca, cenador, tala, inspecci\u00f3n, servicios de emergencia y rescate, techos, soldadura, militares y otros lugares de trabajo profesionales que requieren seguridad y protecci\u00f3n contra ca\u00eddas.<\/p>\n<p style=\"text-align: justify;\">Material de fibra de poli\u00e9ster reforzado doble y costuras resistentes, correas resistentes con fuerte resistencia a la abrasi\u00f3n y resistencia al calor, no hay necesidad de preocuparse por el uso frecuente que se desgaste.<\/p>\n<p style=\"text-align: justify;\">Longitud ajustable: de 4 pies a 6 pies, el arn\u00e9s de protecci\u00f3n contra ca\u00eddas se puede ajustar f\u00e1cil y precisamente, despu\u00e9s de la fijaci\u00f3n, puede liberar tus manos, haciendo que la operaci\u00f3n sea m\u00e1s f\u00e1cil y muy f\u00e1cil de usar.<\/p>\n<p style=\"text-align: justify;\">Ligero y f\u00e1cil de transportar: peso ligero de 1.54 libras, f\u00e1cil de transportar sin presi\u00f3n, seguro para acompa\u00f1ar alrededor. Haz que la caza sea m\u00e1s segura: este cintur\u00f3n de caza est\u00e1 dise\u00f1ado para reducir el riesgo de ca\u00eddas y resbalones, y realmente te sentir\u00e1s seguro cuando uses este cord\u00f3n de posicionamiento.<\/p>\n<p><strong>Characteristics:<\/strong><\/p>\n<ul>\n<li style=\"text-align: justify;\">Longitud de la cuerda: 10 cm<\/li>\n<li style=\"text-align: justify;\">Ancho de la cinta: 25 mm<\/li>\n<li style=\"text-align: justify;\">Resistencia del mosquet\u00f3n: 22 kN<\/li>\n<\/ul>","protected":false},"excerpt":{"rendered":"<p style=\"text-align: justify;\">Dise\u00f1ado de material poli\u00e9ster y gancho de aluminio que ofrece m\u00e1xima libertad y un excelente funcionamiento.<\/p>\n<p><img decoding=\"async\" class=\"aligncenter\" src=\"https:\/\/tecplan.com.es\/wp-content\/uploads\/2025\/09\/logo-bosafe7-03.jpg\" width=\"134\" height=\"89\" \/><\/p>","protected":false},"featured_media":4298,"comment_status":"open","ping_status":"closed","template":"","meta":{"site-sidebar-layout":"default","site-content-layout":"","ast-site-content-layout":"default","site-content-style":"default","site-sidebar-style":"default","ast-global-header-display":"","ast-banner-title-visibility":"","ast-main-header-display":"","ast-hfb-above-header-display":"","ast-hfb-below-header-display":"","ast-hfb-mobile-header-display":"","site-post-title":"","ast-breadcrumbs-content":"","ast-featured-img":"","footer-sml-layout":"","ast-disable-related-posts":"","theme-transparent-header-meta":"default","adv-header-id-meta":"","stick-header-meta":"","header-above-stick-meta":"","header-main-stick-meta":"","header-below-stick-meta":"","astra-migrate-meta-layouts":"set","ast-page-background-enabled":"default","ast-page-background-meta":{"desktop":{"background-color":"var(--ast-global-color-5)","background-image":"","background-repeat":"repeat","background-position":"center center","background-size":"auto","background-attachment":"scroll","background-type":"","background-media":"","overlay-type":"","overlay-color":"","overlay-opacity":"","overlay-gradient":""},"tablet":{"background-color":"","background-image":"","background-repeat":"repeat","background-position":"center center","background-size":"auto","background-attachment":"scroll","background-type":"","background-media":"","overlay-type":"","overlay-color":"","overlay-opacity":"","overlay-gradient":""},"mobile":{"background-color":"","background-image":"","background-repeat":"repeat","background-position":"center center","background-size":"auto","background-attachment":"scroll","background-type":"","background-media":"","overlay-type":"","overlay-color":"","overlay-opacity":"","overlay-gradient":""}},"ast-content-background-meta":{"desktop":{"background-color":"var(--ast-global-color-4)","background-image":"","background-repeat":"repeat","background-position":"center center","background-size":"auto","background-attachment":"scroll","background-type":"","background-media":"","overlay-type":"","overlay-color":"","overlay-opacity":"","overlay-gradient":""},"tablet":{"background-color":"var(--ast-global-color-4)","background-image":"","background-repeat":"repeat","background-position":"center center","background-size":"auto","background-attachment":"scroll","background-type":"","background-media":"","overlay-type":"","overlay-color":"","overlay-opacity":"","overlay-gradient":""},"mobile":{"background-color":"var(--ast-global-color-4)","background-image":"","background-repeat":"repeat","background-position":"center center","background-size":"auto","background-attachment":"scroll","background-type":"","background-media":"","overlay-type":"","overlay-color":"","overlay-opacity":"","overlay-gradient":""}}},"product_brand":[318],"product_cat":[190,185,189],"product_tag":[229],"class_list":{"0":"post-4327","1":"product","2":"type-product","3":"status-publish","4":"has-post-thumbnail","6":"product_brand-bossafe","7":"product_cat-bossafe","8":"product_cat-infraestructura","9":"product_cat-seguridad-industrial","10":"product_tag-bossafe","11":"desktop-align-left","12":"tablet-align-left","13":"mobile-align-left","15":"first","16":"instock","17":"shipping-taxable","18":"product-type-simple"},"yoast_head":"<!-- This site is optimized with the Yoast SEO plugin v25.3 - https:\/\/yoast.com\/wordpress\/plugins\/seo\/ -->\n<title>CORD\u00d3N ANTI CA\u00cdDAS - Tecplan<\/title>\n<meta name=\"robots\" content=\"index, follow, max-snippet:-1, max-image-preview:large, max-video-preview:-1\" \/>\n<link rel=\"canonical\" href=\"https:\/\/tecplan.com.es\/en\/product\/cordon-anti-caidas\/\" \/>\n<meta property=\"og:locale\" content=\"en_US\" \/>\n<meta property=\"og:type\" content=\"article\" \/>\n<meta property=\"og:title\" content=\"CORD\u00d3N ANTI CA\u00cdDAS - Tecplan\" \/>\n<meta property=\"og:description\" content=\"Dise\u00f1ado de material poli\u00e9ster y gancho de aluminio que ofrece m\u00e1xima libertad y un excelente funcionamiento.\" \/>\n<meta property=\"og:url\" content=\"https:\/\/tecplan.com.es\/en\/product\/cordon-anti-caidas\/\" \/>\n<meta property=\"og:site_name\" content=\"Tecplan\" \/>\n<meta property=\"article:modified_time\" content=\"2025-11-07T21:52:41+00:00\" \/>\n<meta property=\"og:image\" content=\"https:\/\/tecplan.com.es\/wp-content\/uploads\/2025\/10\/CORDON-01.jpg\" \/>\n\t<meta property=\"og:image:width\" content=\"1667\" \/>\n\t<meta property=\"og:image:height\" content=\"1667\" \/>\n\t<meta property=\"og:image:type\" content=\"image\/jpeg\" \/>\n<meta name=\"twitter:card\" content=\"summary_large_image\" \/>\n<meta name=\"twitter:label1\" content=\"Est. reading time\" \/>\n\t<meta name=\"twitter:data1\" content=\"2 minutes\" \/>\n<script type=\"application\/ld+json\" class=\"yoast-schema-graph\">{\"@context\":\"https:\/\/schema.org\",\"@graph\":[{\"@type\":\"WebPage\",\"@id\":\"https:\/\/tecplan.com.es\/product\/cordon-anti-caidas\/\",\"url\":\"https:\/\/tecplan.com.es\/product\/cordon-anti-caidas\/\",\"name\":\"CORD\u00d3N ANTI CA\u00cdDAS - Tecplan\",\"isPartOf\":{\"@id\":\"https:\/\/tecplan.com.es\/#website\"},\"primaryImageOfPage\":{\"@id\":\"https:\/\/tecplan.com.es\/product\/cordon-anti-caidas\/#primaryimage\"},\"image\":{\"@id\":\"https:\/\/tecplan.com.es\/product\/cordon-anti-caidas\/#primaryimage\"},\"thumbnailUrl\":\"https:\/\/tecplan.com.es\/wp-content\/uploads\/2025\/10\/CORDON-01.jpg\",\"datePublished\":\"2025-10-28T22:49:00+00:00\",\"dateModified\":\"2025-11-07T21:52:41+00:00\",\"breadcrumb\":{\"@id\":\"https:\/\/tecplan.com.es\/product\/cordon-anti-caidas\/#breadcrumb\"},\"inLanguage\":\"en-US\",\"potentialAction\":[{\"@type\":\"ReadAction\",\"target\":[\"https:\/\/tecplan.com.es\/product\/cordon-anti-caidas\/\"]}]},{\"@type\":\"ImageObject\",\"inLanguage\":\"en-US\",\"@id\":\"https:\/\/tecplan.com.es\/product\/cordon-anti-caidas\/#primaryimage\",\"url\":\"https:\/\/tecplan.com.es\/wp-content\/uploads\/2025\/10\/CORDON-01.jpg\",\"contentUrl\":\"https:\/\/tecplan.com.es\/wp-content\/uploads\/2025\/10\/CORDON-01.jpg\",\"width\":1667,\"height\":1667},{\"@type\":\"BreadcrumbList\",\"@id\":\"https:\/\/tecplan.com.es\/product\/cordon-anti-caidas\/#breadcrumb\",\"itemListElement\":[{\"@type\":\"ListItem\",\"position\":1,\"name\":\"Home\",\"item\":\"https:\/\/tecplan.com.es\/\"},{\"@type\":\"ListItem\",\"position\":2,\"name\":\"Shop\",\"item\":\"https:\/\/tecplan.com.es\/shop\/\"},{\"@type\":\"ListItem\",\"position\":3,\"name\":\"CORD\u00d3N ANTI CA\u00cdDAS\"}]},{\"@type\":\"WebSite\",\"@id\":\"https:\/\/tecplan.com.es\/#website\",\"url\":\"https:\/\/tecplan.com.es\/\",\"name\":\"Tecplan\",\"description\":\"\",\"potentialAction\":[{\"@type\":\"SearchAction\",\"target\":{\"@type\":\"EntryPoint\",\"urlTemplate\":\"https:\/\/tecplan.com.es\/?s={search_term_string}\"},\"query-input\":{\"@type\":\"PropertyValueSpecification\",\"valueRequired\":true,\"valueName\":\"search_term_string\"}}],\"inLanguage\":\"en-US\"}]}<\/script>\n<!-- \/ Yoast SEO plugin. -->","yoast_head_json":{"title":"CORD\u00d3N ANTI CA\u00cdDAS - Tecplan","robots":{"index":"index","follow":"follow","max-snippet":"max-snippet:-1","max-image-preview":"max-image-preview:large","max-video-preview":"max-video-preview:-1"},"canonical":"https:\/\/tecplan.com.es\/en\/product\/cordon-anti-caidas\/","og_locale":"en_US","og_type":"article","og_title":"CORD\u00d3N ANTI CA\u00cdDAS - Tecplan","og_description":"Dise\u00f1ado de material poli\u00e9ster y gancho de aluminio que ofrece m\u00e1xima libertad y un excelente funcionamiento.","og_url":"https:\/\/tecplan.com.es\/en\/product\/cordon-anti-caidas\/","og_site_name":"Tecplan","article_modified_time":"2025-11-07T21:52:41+00:00","og_image":[{"width":1667,"height":1667,"url":"https:\/\/tecplan.com.es\/wp-content\/uploads\/2025\/10\/CORDON-01.jpg","type":"image\/jpeg"}],"twitter_card":"summary_large_image","twitter_misc":{"Est. reading time":"2 minutes"},"schema":{"@context":"https:\/\/schema.org","@graph":[{"@type":"WebPage","@id":"https:\/\/tecplan.com.es\/product\/cordon-anti-caidas\/","url":"https:\/\/tecplan.com.es\/product\/cordon-anti-caidas\/","name":"CORD\u00d3N ANTI CA\u00cdDAS - Tecplan","isPartOf":{"@id":"https:\/\/tecplan.com.es\/#website"},"primaryImageOfPage":{"@id":"https:\/\/tecplan.com.es\/product\/cordon-anti-caidas\/#primaryimage"},"image":{"@id":"https:\/\/tecplan.com.es\/product\/cordon-anti-caidas\/#primaryimage"},"thumbnailUrl":"https:\/\/tecplan.com.es\/wp-content\/uploads\/2025\/10\/CORDON-01.jpg","datePublished":"2025-10-28T22:49:00+00:00","dateModified":"2025-11-07T21:52:41+00:00","breadcrumb":{"@id":"https:\/\/tecplan.com.es\/product\/cordon-anti-caidas\/#breadcrumb"},"inLanguage":"en-US","potentialAction":[{"@type":"ReadAction","target":["https:\/\/tecplan.com.es\/product\/cordon-anti-caidas\/"]}]},{"@type":"ImageObject","inLanguage":"en-US","@id":"https:\/\/tecplan.com.es\/product\/cordon-anti-caidas\/#primaryimage","url":"https:\/\/tecplan.com.es\/wp-content\/uploads\/2025\/10\/CORDON-01.jpg","contentUrl":"https:\/\/tecplan.com.es\/wp-content\/uploads\/2025\/10\/CORDON-01.jpg","width":1667,"height":1667},{"@type":"BreadcrumbList","@id":"https:\/\/tecplan.com.es\/product\/cordon-anti-caidas\/#breadcrumb","itemListElement":[{"@type":"ListItem","position":1,"name":"Home","item":"https:\/\/tecplan.com.es\/"},{"@type":"ListItem","position":2,"name":"Shop","item":"https:\/\/tecplan.com.es\/shop\/"},{"@type":"ListItem","position":3,"name":"CORD\u00d3N ANTI CA\u00cdDAS"}]},{"@type":"WebSite","@id":"https:\/\/tecplan.com.es\/#website","url":"https:\/\/tecplan.com.es\/","name":"Tecplan","description":"","potentialAction":[{"@type":"SearchAction","target":{"@type":"EntryPoint","urlTemplate":"https:\/\/tecplan.com.es\/?s={search_term_string}"},"query-input":{"@type":"PropertyValueSpecification","valueRequired":true,"valueName":"search_term_string"}}],"inLanguage":"en-US"}]}},"_links":{"self":[{"href":"https:\/\/tecplan.com.es\/en\/wp-json\/wp\/v2\/product\/4327","targetHints":{"allow":["GET"]}}],"collection":[{"href":"https:\/\/tecplan.com.es\/en\/wp-json\/wp\/v2\/product"}],"about":[{"href":"https:\/\/tecplan.com.es\/en\/wp-json\/wp\/v2\/types\/product"}],"replies":[{"embeddable":true,"href":"https:\/\/tecplan.com.es\/en\/wp-json\/wp\/v2\/comments?post=4327"}],"version-history":[{"count":4,"href":"https:\/\/tecplan.com.es\/en\/wp-json\/wp\/v2\/product\/4327\/revisions"}],"predecessor-version":[{"id":4478,"href":"https:\/\/tecplan.com.es\/en\/wp-json\/wp\/v2\/product\/4327\/revisions\/4478"}],"wp:featuredmedia":[{"embeddable":true,"href":"https:\/\/tecplan.com.es\/en\/wp-json\/wp\/v2\/media\/4298"}],"wp:attachment":[{"href":"https:\/\/tecplan.com.es\/en\/wp-json\/wp\/v2\/media?parent=4327"}],"wp:term":[{"taxonomy":"product_brand","embeddable":true,"href":"https:\/\/tecplan.com.es\/en\/wp-json\/wp\/v2\/product_brand?post=4327"},{"taxonomy":"product_cat","embeddable":true,"href":"https:\/\/tecplan.com.es\/en\/wp-json\/wp\/v2\/product_cat?post=4327"},{"taxonomy":"product_tag","embeddable":true,"href":"https:\/\/tecplan.com.es\/en\/wp-json\/wp\/v2\/product_tag?post=4327"}],"curies":[{"name":"wp","href":"https:\/\/api.w.org\/{rel}","templated":true}]}}