{"id":4326,"date":"2025-10-28T22:49:00","date_gmt":"2025-10-28T22:49:00","guid":{"rendered":"https:\/\/tecplan.com.es\/product\/linea-de-vida-con-ganchos\/"},"modified":"2025-11-07T21:56:59","modified_gmt":"2025-11-07T21:56:59","slug":"linea-de-vida-con-ganchos","status":"publish","type":"product","link":"https:\/\/tecplan.com.es\/en\/product\/linea-de-vida-con-ganchos\/","title":{"rendered":"LINEA DE VIDA  CON GANCHOS"},"content":{"rendered":"<p>L\u00ednea de vida doble con ganchos<\/p>\n<p>L\u00ednea de vida doble con ganchos de acero y mosquetones de seguridad.<\/p>\n<p><span class=\"svelte-1fz0gqk fade-in\">Una\u00a0<\/span><strong class=\"svelte-1fz0gqk\"><span class=\"svelte-1fz0gqk fade-in\">l\u00ednea de vida doble con ganchos<\/span><\/strong><span class=\"svelte-1fz0gqk fade-in\">\u00a0es un equipo de protecci\u00f3n personal (EPP) esencial para trabajos en altura, dise\u00f1ado para conectar el arn\u00e9s del trabajador a puntos de anclaje seguros. Su configuraci\u00f3n de\u00a0<\/span><strong class=\"svelte-1fz0gqk\"><span class=\"svelte-1fz0gqk fade-in\">doble brazo<\/span><\/strong><span class=\"svelte-1fz0gqk fade-in\">\u00a0permite una mayor movilidad y seguridad, ya que uno de los ganchos puede mantenerse siempre fijado mientras se cambia el otro, evitando momentos de desprotecci\u00f3n.<\/span><\/p>","protected":false},"excerpt":{"rendered":"<p>L\u00ednea de vida doble con ganchos de 13 cm Aluminio incluye mosquet\u00f3n y anti\u00e1cidas.<\/p>\n<p><img decoding=\"async\" class=\"\" src=\"https:\/\/tecplan.com.es\/wp-content\/uploads\/2025\/09\/logo-bosafe7-03.jpg\" width=\"144\" height=\"50\" \/><\/p>","protected":false},"featured_media":4285,"comment_status":"open","ping_status":"closed","template":"","meta":{"site-sidebar-layout":"default","site-content-layout":"","ast-site-content-layout":"default","site-content-style":"default","site-sidebar-style":"default","ast-global-header-display":"","ast-banner-title-visibility":"","ast-main-header-display":"","ast-hfb-above-header-display":"","ast-hfb-below-header-display":"","ast-hfb-mobile-header-display":"","site-post-title":"","ast-breadcrumbs-content":"","ast-featured-img":"","footer-sml-layout":"","ast-disable-related-posts":"","theme-transparent-header-meta":"default","adv-header-id-meta":"","stick-header-meta":"","header-above-stick-meta":"","header-main-stick-meta":"","header-below-stick-meta":"","astra-migrate-meta-layouts":"set","ast-page-background-enabled":"default","ast-page-background-meta":{"desktop":{"background-color":"var(--ast-global-color-5)","background-image":"","background-repeat":"repeat","background-position":"center center","background-size":"auto","background-attachment":"scroll","background-type":"","background-media":"","overlay-type":"","overlay-color":"","overlay-opacity":"","overlay-gradient":""},"tablet":{"background-color":"","background-image":"","background-repeat":"repeat","background-position":"center center","background-size":"auto","background-attachment":"scroll","background-type":"","background-media":"","overlay-type":"","overlay-color":"","overlay-opacity":"","overlay-gradient":""},"mobile":{"background-color":"","background-image":"","background-repeat":"repeat","background-position":"center center","background-size":"auto","background-attachment":"scroll","background-type":"","background-media":"","overlay-type":"","overlay-color":"","overlay-opacity":"","overlay-gradient":""}},"ast-content-background-meta":{"desktop":{"background-color":"var(--ast-global-color-4)","background-image":"","background-repeat":"repeat","background-position":"center center","background-size":"auto","background-attachment":"scroll","background-type":"","background-media":"","overlay-type":"","overlay-color":"","overlay-opacity":"","overlay-gradient":""},"tablet":{"background-color":"var(--ast-global-color-4)","background-image":"","background-repeat":"repeat","background-position":"center center","background-size":"auto","background-attachment":"scroll","background-type":"","background-media":"","overlay-type":"","overlay-color":"","overlay-opacity":"","overlay-gradient":""},"mobile":{"background-color":"var(--ast-global-color-4)","background-image":"","background-repeat":"repeat","background-position":"center center","background-size":"auto","background-attachment":"scroll","background-type":"","background-media":"","overlay-type":"","overlay-color":"","overlay-opacity":"","overlay-gradient":""}}},"product_brand":[318],"product_cat":[190,185,189],"product_tag":[229],"class_list":{"0":"post-4326","1":"product","2":"type-product","3":"status-publish","4":"has-post-thumbnail","6":"product_brand-bossafe","7":"product_cat-bossafe","8":"product_cat-infraestructura","9":"product_cat-seguridad-industrial","10":"product_tag-bossafe","11":"desktop-align-left","12":"tablet-align-left","13":"mobile-align-left","15":"first","16":"instock","17":"shipping-taxable","18":"product-type-simple"},"yoast_head":"<!-- This site is optimized with the Yoast SEO plugin v25.3 - https:\/\/yoast.com\/wordpress\/plugins\/seo\/ -->\n<title>LINEA DE VIDA CON GANCHOS - Tecplan<\/title>\n<meta name=\"robots\" content=\"index, follow, max-snippet:-1, max-image-preview:large, max-video-preview:-1\" \/>\n<link rel=\"canonical\" href=\"https:\/\/tecplan.com.es\/en\/product\/linea-de-vida-con-ganchos\/\" \/>\n<meta property=\"og:locale\" content=\"en_US\" \/>\n<meta property=\"og:type\" content=\"article\" \/>\n<meta property=\"og:title\" content=\"LINEA DE VIDA CON GANCHOS - Tecplan\" \/>\n<meta property=\"og:description\" content=\"L\u00ednea de vida doble con ganchos de 13 cm Aluminio incluye mosquet\u00f3n y anti\u00e1cidas.\" \/>\n<meta property=\"og:url\" content=\"https:\/\/tecplan.com.es\/en\/product\/linea-de-vida-con-ganchos\/\" \/>\n<meta property=\"og:site_name\" content=\"Tecplan\" \/>\n<meta property=\"article:modified_time\" content=\"2025-11-07T21:56:59+00:00\" \/>\n<meta property=\"og:image\" content=\"https:\/\/tecplan.com.es\/wp-content\/uploads\/2025\/10\/ARNES-07.jpg\" \/>\n\t<meta property=\"og:image:width\" content=\"1667\" \/>\n\t<meta property=\"og:image:height\" content=\"1667\" \/>\n\t<meta property=\"og:image:type\" content=\"image\/jpeg\" \/>\n<meta name=\"twitter:card\" content=\"summary_large_image\" \/>\n<meta name=\"twitter:label1\" content=\"Est. reading time\" \/>\n\t<meta name=\"twitter:data1\" content=\"1 minute\" \/>\n<script type=\"application\/ld+json\" class=\"yoast-schema-graph\">{\"@context\":\"https:\/\/schema.org\",\"@graph\":[{\"@type\":\"WebPage\",\"@id\":\"https:\/\/tecplan.com.es\/product\/linea-de-vida-con-ganchos\/\",\"url\":\"https:\/\/tecplan.com.es\/product\/linea-de-vida-con-ganchos\/\",\"name\":\"LINEA DE VIDA CON GANCHOS - Tecplan\",\"isPartOf\":{\"@id\":\"https:\/\/tecplan.com.es\/#website\"},\"primaryImageOfPage\":{\"@id\":\"https:\/\/tecplan.com.es\/product\/linea-de-vida-con-ganchos\/#primaryimage\"},\"image\":{\"@id\":\"https:\/\/tecplan.com.es\/product\/linea-de-vida-con-ganchos\/#primaryimage\"},\"thumbnailUrl\":\"https:\/\/tecplan.com.es\/wp-content\/uploads\/2025\/10\/ARNES-07.jpg\",\"datePublished\":\"2025-10-28T22:49:00+00:00\",\"dateModified\":\"2025-11-07T21:56:59+00:00\",\"breadcrumb\":{\"@id\":\"https:\/\/tecplan.com.es\/product\/linea-de-vida-con-ganchos\/#breadcrumb\"},\"inLanguage\":\"en-US\",\"potentialAction\":[{\"@type\":\"ReadAction\",\"target\":[\"https:\/\/tecplan.com.es\/product\/linea-de-vida-con-ganchos\/\"]}]},{\"@type\":\"ImageObject\",\"inLanguage\":\"en-US\",\"@id\":\"https:\/\/tecplan.com.es\/product\/linea-de-vida-con-ganchos\/#primaryimage\",\"url\":\"https:\/\/tecplan.com.es\/wp-content\/uploads\/2025\/10\/ARNES-07.jpg\",\"contentUrl\":\"https:\/\/tecplan.com.es\/wp-content\/uploads\/2025\/10\/ARNES-07.jpg\",\"width\":1667,\"height\":1667},{\"@type\":\"BreadcrumbList\",\"@id\":\"https:\/\/tecplan.com.es\/product\/linea-de-vida-con-ganchos\/#breadcrumb\",\"itemListElement\":[{\"@type\":\"ListItem\",\"position\":1,\"name\":\"Home\",\"item\":\"https:\/\/tecplan.com.es\/\"},{\"@type\":\"ListItem\",\"position\":2,\"name\":\"Shop\",\"item\":\"https:\/\/tecplan.com.es\/shop\/\"},{\"@type\":\"ListItem\",\"position\":3,\"name\":\"LINEA DE VIDA CON GANCHOS\"}]},{\"@type\":\"WebSite\",\"@id\":\"https:\/\/tecplan.com.es\/#website\",\"url\":\"https:\/\/tecplan.com.es\/\",\"name\":\"Tecplan\",\"description\":\"\",\"potentialAction\":[{\"@type\":\"SearchAction\",\"target\":{\"@type\":\"EntryPoint\",\"urlTemplate\":\"https:\/\/tecplan.com.es\/?s={search_term_string}\"},\"query-input\":{\"@type\":\"PropertyValueSpecification\",\"valueRequired\":true,\"valueName\":\"search_term_string\"}}],\"inLanguage\":\"en-US\"}]}<\/script>\n<!-- \/ Yoast SEO plugin. -->","yoast_head_json":{"title":"LINEA DE VIDA CON GANCHOS - Tecplan","robots":{"index":"index","follow":"follow","max-snippet":"max-snippet:-1","max-image-preview":"max-image-preview:large","max-video-preview":"max-video-preview:-1"},"canonical":"https:\/\/tecplan.com.es\/en\/product\/linea-de-vida-con-ganchos\/","og_locale":"en_US","og_type":"article","og_title":"LINEA DE VIDA CON GANCHOS - Tecplan","og_description":"L\u00ednea de vida doble con ganchos de 13 cm Aluminio incluye mosquet\u00f3n y anti\u00e1cidas.","og_url":"https:\/\/tecplan.com.es\/en\/product\/linea-de-vida-con-ganchos\/","og_site_name":"Tecplan","article_modified_time":"2025-11-07T21:56:59+00:00","og_image":[{"width":1667,"height":1667,"url":"https:\/\/tecplan.com.es\/wp-content\/uploads\/2025\/10\/ARNES-07.jpg","type":"image\/jpeg"}],"twitter_card":"summary_large_image","twitter_misc":{"Est. reading time":"1 minute"},"schema":{"@context":"https:\/\/schema.org","@graph":[{"@type":"WebPage","@id":"https:\/\/tecplan.com.es\/product\/linea-de-vida-con-ganchos\/","url":"https:\/\/tecplan.com.es\/product\/linea-de-vida-con-ganchos\/","name":"LINEA DE VIDA CON GANCHOS - Tecplan","isPartOf":{"@id":"https:\/\/tecplan.com.es\/#website"},"primaryImageOfPage":{"@id":"https:\/\/tecplan.com.es\/product\/linea-de-vida-con-ganchos\/#primaryimage"},"image":{"@id":"https:\/\/tecplan.com.es\/product\/linea-de-vida-con-ganchos\/#primaryimage"},"thumbnailUrl":"https:\/\/tecplan.com.es\/wp-content\/uploads\/2025\/10\/ARNES-07.jpg","datePublished":"2025-10-28T22:49:00+00:00","dateModified":"2025-11-07T21:56:59+00:00","breadcrumb":{"@id":"https:\/\/tecplan.com.es\/product\/linea-de-vida-con-ganchos\/#breadcrumb"},"inLanguage":"en-US","potentialAction":[{"@type":"ReadAction","target":["https:\/\/tecplan.com.es\/product\/linea-de-vida-con-ganchos\/"]}]},{"@type":"ImageObject","inLanguage":"en-US","@id":"https:\/\/tecplan.com.es\/product\/linea-de-vida-con-ganchos\/#primaryimage","url":"https:\/\/tecplan.com.es\/wp-content\/uploads\/2025\/10\/ARNES-07.jpg","contentUrl":"https:\/\/tecplan.com.es\/wp-content\/uploads\/2025\/10\/ARNES-07.jpg","width":1667,"height":1667},{"@type":"BreadcrumbList","@id":"https:\/\/tecplan.com.es\/product\/linea-de-vida-con-ganchos\/#breadcrumb","itemListElement":[{"@type":"ListItem","position":1,"name":"Home","item":"https:\/\/tecplan.com.es\/"},{"@type":"ListItem","position":2,"name":"Shop","item":"https:\/\/tecplan.com.es\/shop\/"},{"@type":"ListItem","position":3,"name":"LINEA DE VIDA CON GANCHOS"}]},{"@type":"WebSite","@id":"https:\/\/tecplan.com.es\/#website","url":"https:\/\/tecplan.com.es\/","name":"Tecplan","description":"","potentialAction":[{"@type":"SearchAction","target":{"@type":"EntryPoint","urlTemplate":"https:\/\/tecplan.com.es\/?s={search_term_string}"},"query-input":{"@type":"PropertyValueSpecification","valueRequired":true,"valueName":"search_term_string"}}],"inLanguage":"en-US"}]}},"_links":{"self":[{"href":"https:\/\/tecplan.com.es\/en\/wp-json\/wp\/v2\/product\/4326","targetHints":{"allow":["GET"]}}],"collection":[{"href":"https:\/\/tecplan.com.es\/en\/wp-json\/wp\/v2\/product"}],"about":[{"href":"https:\/\/tecplan.com.es\/en\/wp-json\/wp\/v2\/types\/product"}],"replies":[{"embeddable":true,"href":"https:\/\/tecplan.com.es\/en\/wp-json\/wp\/v2\/comments?post=4326"}],"version-history":[{"count":3,"href":"https:\/\/tecplan.com.es\/en\/wp-json\/wp\/v2\/product\/4326\/revisions"}],"predecessor-version":[{"id":4480,"href":"https:\/\/tecplan.com.es\/en\/wp-json\/wp\/v2\/product\/4326\/revisions\/4480"}],"wp:featuredmedia":[{"embeddable":true,"href":"https:\/\/tecplan.com.es\/en\/wp-json\/wp\/v2\/media\/4285"}],"wp:attachment":[{"href":"https:\/\/tecplan.com.es\/en\/wp-json\/wp\/v2\/media?parent=4326"}],"wp:term":[{"taxonomy":"product_brand","embeddable":true,"href":"https:\/\/tecplan.com.es\/en\/wp-json\/wp\/v2\/product_brand?post=4326"},{"taxonomy":"product_cat","embeddable":true,"href":"https:\/\/tecplan.com.es\/en\/wp-json\/wp\/v2\/product_cat?post=4326"},{"taxonomy":"product_tag","embeddable":true,"href":"https:\/\/tecplan.com.es\/en\/wp-json\/wp\/v2\/product_tag?post=4326"}],"curies":[{"name":"wp","href":"https:\/\/api.w.org\/{rel}","templated":true}]}}