{"id":4221,"date":"2025-10-23T17:26:37","date_gmt":"2025-10-23T17:26:37","guid":{"rendered":"https:\/\/tecplan.com.es\/product\/grabador-dispositivo-s2216\/"},"modified":"2025-10-27T20:43:13","modified_gmt":"2025-10-27T20:43:13","slug":"grabador-dispositivo-s2216","status":"publish","type":"product","link":"https:\/\/tecplan.com.es\/en\/product\/grabador-dispositivo-s2216\/","title":{"rendered":"GRABADOR DISPOSITIVO S2216"},"content":{"rendered":"<p><strong>AXIS Camera Station S2216 Mk II Rack Appliance<\/strong><\/p>\n<p style=\"text-align: justify;\">Este dispositivo con bastidor de 16 canales incluye todo lo que necesita para ejecutar su sistema de vigilancia completo, como licencias de AXIS Camera Station Pro, un switch PoE de 16 puertos y 8 TB de almacenamiento. Incluye software y herramientas precargadas para minimizar el tiempo de instalaci\u00f3n.<\/p>\n<p style=\"text-align: justify;\">El dispositivo AXIS Camera Station S2216 es una soluci\u00f3n de grabaci\u00f3n integral con un switch PoE integrado y f\u00e1cil de gestionar, dise\u00f1ado para ofrecer una vigilancia fiable de alta definici\u00f3n con y una resoluci\u00f3n de hasta 4K. Para una instalaci\u00f3n r\u00e1pida sencilla, el AXIS S2216 viene preconfigurado e instalado con el software de gesti\u00f3n de v\u00eddeo AXIS Camera Station e incluye<br \/>\nlicencias para 16 canales y todo el software de sistema necesario.<\/p>\n<h5 style=\"text-align: justify;\"><span style=\"text-decoration: underline;\"><strong>DOWNLOADS<\/strong><\/span><\/h5>\n<ul style=\"text-align: justify;\">\n<li><a href=\"https:\/\/drive.google.com\/file\/d\/15rIBjvwelxfdHXDdUKWnIHqtjWNkWHWg\/view?usp=sharing\">\u2192 Technical specifications<\/a><\/li>\n<\/ul>\n<p>&nbsp;<\/p>","protected":false},"excerpt":{"rendered":"<p><strong>Grabador para c\u00e1mara todo en uno con switch PoE para vigilancia UHD<\/strong><\/p>\n<ul>\n<li>Soluci\u00f3n integral con switch PoE integrado<\/li>\n<li>Vigilancia de alta definici\u00f3n con una resoluci\u00f3n de hasta 4K<\/li>\n<li>Licencias de AXIS Camera Station incluidas<\/li>\n<li>Compatibilidad total con productos Axis<\/li>\n<\/ul>\n<p><img decoding=\"async\" class=\"wp-image-3987 aligncenter\" src=\"https:\/\/tecplan.com.es\/wp-content\/uploads\/2025\/10\/Axis_744e92e672d8787f19475450de24f761.png\" alt=\"\" width=\"145\" height=\"82\" \/><\/p>\n<p>&nbsp;<\/p>","protected":false},"featured_media":4209,"comment_status":"open","ping_status":"closed","template":"","meta":{"site-sidebar-layout":"default","site-content-layout":"","ast-site-content-layout":"default","site-content-style":"default","site-sidebar-style":"default","ast-global-header-display":"","ast-banner-title-visibility":"","ast-main-header-display":"","ast-hfb-above-header-display":"","ast-hfb-below-header-display":"","ast-hfb-mobile-header-display":"","site-post-title":"","ast-breadcrumbs-content":"","ast-featured-img":"","footer-sml-layout":"","ast-disable-related-posts":"","theme-transparent-header-meta":"default","adv-header-id-meta":"","stick-header-meta":"","header-above-stick-meta":"","header-main-stick-meta":"","header-below-stick-meta":"","astra-migrate-meta-layouts":"set","ast-page-background-enabled":"default","ast-page-background-meta":{"desktop":{"background-color":"var(--ast-global-color-5)","background-image":"","background-repeat":"repeat","background-position":"center center","background-size":"auto","background-attachment":"scroll","background-type":"","background-media":"","overlay-type":"","overlay-color":"","overlay-opacity":"","overlay-gradient":""},"tablet":{"background-color":"","background-image":"","background-repeat":"repeat","background-position":"center center","background-size":"auto","background-attachment":"scroll","background-type":"","background-media":"","overlay-type":"","overlay-color":"","overlay-opacity":"","overlay-gradient":""},"mobile":{"background-color":"","background-image":"","background-repeat":"repeat","background-position":"center center","background-size":"auto","background-attachment":"scroll","background-type":"","background-media":"","overlay-type":"","overlay-color":"","overlay-opacity":"","overlay-gradient":""}},"ast-content-background-meta":{"desktop":{"background-color":"var(--ast-global-color-4)","background-image":"","background-repeat":"repeat","background-position":"center center","background-size":"auto","background-attachment":"scroll","background-type":"","background-media":"","overlay-type":"","overlay-color":"","overlay-opacity":"","overlay-gradient":""},"tablet":{"background-color":"var(--ast-global-color-4)","background-image":"","background-repeat":"repeat","background-position":"center center","background-size":"auto","background-attachment":"scroll","background-type":"","background-media":"","overlay-type":"","overlay-color":"","overlay-opacity":"","overlay-gradient":""},"mobile":{"background-color":"var(--ast-global-color-4)","background-image":"","background-repeat":"repeat","background-position":"center center","background-size":"auto","background-attachment":"scroll","background-type":"","background-media":"","overlay-type":"","overlay-color":"","overlay-opacity":"","overlay-gradient":""}}},"product_brand":[302],"product_cat":[182,252,195,173,178],"product_tag":[303],"class_list":{"0":"post-4221","1":"product","2":"type-product","3":"status-publish","4":"has-post-thumbnail","6":"product_brand-axis","7":"product_cat-otros-vigilancia","8":"product_cat-seg-otros","9":"product_cat-seguridad","10":"product_cat-seguridad-fisica","11":"product_cat-vigilancia-gps","12":"product_tag-axis","13":"desktop-align-left","14":"tablet-align-left","15":"mobile-align-left","17":"first","18":"instock","19":"shipping-taxable","20":"product-type-simple"},"yoast_head":"<!-- This site is optimized with the Yoast SEO plugin v25.3 - https:\/\/yoast.com\/wordpress\/plugins\/seo\/ -->\n<title>GRABADOR DISPOSITIVO S2216 - Tecplan<\/title>\n<meta name=\"robots\" content=\"index, follow, max-snippet:-1, max-image-preview:large, max-video-preview:-1\" \/>\n<link rel=\"canonical\" href=\"https:\/\/tecplan.com.es\/en\/product\/grabador-dispositivo-s2216\/\" \/>\n<meta property=\"og:locale\" content=\"en_US\" \/>\n<meta property=\"og:type\" content=\"article\" \/>\n<meta property=\"og:title\" content=\"GRABADOR DISPOSITIVO S2216 - Tecplan\" \/>\n<meta property=\"og:description\" content=\"Grabador para c\u00e1mara todo en uno con switch PoE para vigilancia UHD   Soluci\u00f3n integral con switch PoE integrado  Vigilancia de alta definici\u00f3n con una resoluci\u00f3n de hasta 4K  Licencias de AXIS Camera Station incluidas  Compatibilidad total con productos Axis    &nbsp;\" \/>\n<meta property=\"og:url\" content=\"https:\/\/tecplan.com.es\/en\/product\/grabador-dispositivo-s2216\/\" \/>\n<meta property=\"og:site_name\" content=\"Tecplan\" \/>\n<meta property=\"article:modified_time\" content=\"2025-10-27T20:43:13+00:00\" \/>\n<meta property=\"og:image\" content=\"https:\/\/tecplan.com.es\/wp-content\/uploads\/2025\/10\/90766-1.webp\" \/>\n\t<meta property=\"og:image:width\" content=\"500\" \/>\n\t<meta property=\"og:image:height\" content=\"500\" \/>\n\t<meta property=\"og:image:type\" content=\"image\/webp\" \/>\n<meta name=\"twitter:card\" content=\"summary_large_image\" \/>\n<meta name=\"twitter:label1\" content=\"Est. reading time\" \/>\n\t<meta name=\"twitter:data1\" content=\"1 minute\" \/>\n<script type=\"application\/ld+json\" class=\"yoast-schema-graph\">{\"@context\":\"https:\/\/schema.org\",\"@graph\":[{\"@type\":\"WebPage\",\"@id\":\"https:\/\/tecplan.com.es\/product\/grabador-dispositivo-s2216\/\",\"url\":\"https:\/\/tecplan.com.es\/product\/grabador-dispositivo-s2216\/\",\"name\":\"GRABADOR DISPOSITIVO S2216 - Tecplan\",\"isPartOf\":{\"@id\":\"https:\/\/tecplan.com.es\/#website\"},\"primaryImageOfPage\":{\"@id\":\"https:\/\/tecplan.com.es\/product\/grabador-dispositivo-s2216\/#primaryimage\"},\"image\":{\"@id\":\"https:\/\/tecplan.com.es\/product\/grabador-dispositivo-s2216\/#primaryimage\"},\"thumbnailUrl\":\"https:\/\/tecplan.com.es\/wp-content\/uploads\/2025\/10\/90766-1.webp\",\"datePublished\":\"2025-10-23T17:26:37+00:00\",\"dateModified\":\"2025-10-27T20:43:13+00:00\",\"breadcrumb\":{\"@id\":\"https:\/\/tecplan.com.es\/product\/grabador-dispositivo-s2216\/#breadcrumb\"},\"inLanguage\":\"en-US\",\"potentialAction\":[{\"@type\":\"ReadAction\",\"target\":[\"https:\/\/tecplan.com.es\/product\/grabador-dispositivo-s2216\/\"]}]},{\"@type\":\"ImageObject\",\"inLanguage\":\"en-US\",\"@id\":\"https:\/\/tecplan.com.es\/product\/grabador-dispositivo-s2216\/#primaryimage\",\"url\":\"https:\/\/tecplan.com.es\/wp-content\/uploads\/2025\/10\/90766-1.webp\",\"contentUrl\":\"https:\/\/tecplan.com.es\/wp-content\/uploads\/2025\/10\/90766-1.webp\",\"width\":500,\"height\":500},{\"@type\":\"BreadcrumbList\",\"@id\":\"https:\/\/tecplan.com.es\/product\/grabador-dispositivo-s2216\/#breadcrumb\",\"itemListElement\":[{\"@type\":\"ListItem\",\"position\":1,\"name\":\"Home\",\"item\":\"https:\/\/tecplan.com.es\/\"},{\"@type\":\"ListItem\",\"position\":2,\"name\":\"Shop\",\"item\":\"https:\/\/tecplan.com.es\/shop\/\"},{\"@type\":\"ListItem\",\"position\":3,\"name\":\"GRABADOR DISPOSITIVO S2216\"}]},{\"@type\":\"WebSite\",\"@id\":\"https:\/\/tecplan.com.es\/#website\",\"url\":\"https:\/\/tecplan.com.es\/\",\"name\":\"Tecplan\",\"description\":\"\",\"potentialAction\":[{\"@type\":\"SearchAction\",\"target\":{\"@type\":\"EntryPoint\",\"urlTemplate\":\"https:\/\/tecplan.com.es\/?s={search_term_string}\"},\"query-input\":{\"@type\":\"PropertyValueSpecification\",\"valueRequired\":true,\"valueName\":\"search_term_string\"}}],\"inLanguage\":\"en-US\"}]}<\/script>\n<!-- \/ Yoast SEO plugin. -->","yoast_head_json":{"title":"GRABADOR DISPOSITIVO S2216 - Tecplan","robots":{"index":"index","follow":"follow","max-snippet":"max-snippet:-1","max-image-preview":"max-image-preview:large","max-video-preview":"max-video-preview:-1"},"canonical":"https:\/\/tecplan.com.es\/en\/product\/grabador-dispositivo-s2216\/","og_locale":"en_US","og_type":"article","og_title":"GRABADOR DISPOSITIVO S2216 - Tecplan","og_description":"Grabador para c\u00e1mara todo en uno con switch PoE para vigilancia UHD   Soluci\u00f3n integral con switch PoE integrado  Vigilancia de alta definici\u00f3n con una resoluci\u00f3n de hasta 4K  Licencias de AXIS Camera Station incluidas  Compatibilidad total con productos Axis    &nbsp;","og_url":"https:\/\/tecplan.com.es\/en\/product\/grabador-dispositivo-s2216\/","og_site_name":"Tecplan","article_modified_time":"2025-10-27T20:43:13+00:00","og_image":[{"width":500,"height":500,"url":"https:\/\/tecplan.com.es\/wp-content\/uploads\/2025\/10\/90766-1.webp","type":"image\/webp"}],"twitter_card":"summary_large_image","twitter_misc":{"Est. reading time":"1 minute"},"schema":{"@context":"https:\/\/schema.org","@graph":[{"@type":"WebPage","@id":"https:\/\/tecplan.com.es\/product\/grabador-dispositivo-s2216\/","url":"https:\/\/tecplan.com.es\/product\/grabador-dispositivo-s2216\/","name":"GRABADOR DISPOSITIVO S2216 - Tecplan","isPartOf":{"@id":"https:\/\/tecplan.com.es\/#website"},"primaryImageOfPage":{"@id":"https:\/\/tecplan.com.es\/product\/grabador-dispositivo-s2216\/#primaryimage"},"image":{"@id":"https:\/\/tecplan.com.es\/product\/grabador-dispositivo-s2216\/#primaryimage"},"thumbnailUrl":"https:\/\/tecplan.com.es\/wp-content\/uploads\/2025\/10\/90766-1.webp","datePublished":"2025-10-23T17:26:37+00:00","dateModified":"2025-10-27T20:43:13+00:00","breadcrumb":{"@id":"https:\/\/tecplan.com.es\/product\/grabador-dispositivo-s2216\/#breadcrumb"},"inLanguage":"en-US","potentialAction":[{"@type":"ReadAction","target":["https:\/\/tecplan.com.es\/product\/grabador-dispositivo-s2216\/"]}]},{"@type":"ImageObject","inLanguage":"en-US","@id":"https:\/\/tecplan.com.es\/product\/grabador-dispositivo-s2216\/#primaryimage","url":"https:\/\/tecplan.com.es\/wp-content\/uploads\/2025\/10\/90766-1.webp","contentUrl":"https:\/\/tecplan.com.es\/wp-content\/uploads\/2025\/10\/90766-1.webp","width":500,"height":500},{"@type":"BreadcrumbList","@id":"https:\/\/tecplan.com.es\/product\/grabador-dispositivo-s2216\/#breadcrumb","itemListElement":[{"@type":"ListItem","position":1,"name":"Home","item":"https:\/\/tecplan.com.es\/"},{"@type":"ListItem","position":2,"name":"Shop","item":"https:\/\/tecplan.com.es\/shop\/"},{"@type":"ListItem","position":3,"name":"GRABADOR DISPOSITIVO S2216"}]},{"@type":"WebSite","@id":"https:\/\/tecplan.com.es\/#website","url":"https:\/\/tecplan.com.es\/","name":"Tecplan","description":"","potentialAction":[{"@type":"SearchAction","target":{"@type":"EntryPoint","urlTemplate":"https:\/\/tecplan.com.es\/?s={search_term_string}"},"query-input":{"@type":"PropertyValueSpecification","valueRequired":true,"valueName":"search_term_string"}}],"inLanguage":"en-US"}]}},"_links":{"self":[{"href":"https:\/\/tecplan.com.es\/en\/wp-json\/wp\/v2\/product\/4221","targetHints":{"allow":["GET"]}}],"collection":[{"href":"https:\/\/tecplan.com.es\/en\/wp-json\/wp\/v2\/product"}],"about":[{"href":"https:\/\/tecplan.com.es\/en\/wp-json\/wp\/v2\/types\/product"}],"replies":[{"embeddable":true,"href":"https:\/\/tecplan.com.es\/en\/wp-json\/wp\/v2\/comments?post=4221"}],"version-history":[{"count":2,"href":"https:\/\/tecplan.com.es\/en\/wp-json\/wp\/v2\/product\/4221\/revisions"}],"predecessor-version":[{"id":4253,"href":"https:\/\/tecplan.com.es\/en\/wp-json\/wp\/v2\/product\/4221\/revisions\/4253"}],"wp:featuredmedia":[{"embeddable":true,"href":"https:\/\/tecplan.com.es\/en\/wp-json\/wp\/v2\/media\/4209"}],"wp:attachment":[{"href":"https:\/\/tecplan.com.es\/en\/wp-json\/wp\/v2\/media?parent=4221"}],"wp:term":[{"taxonomy":"product_brand","embeddable":true,"href":"https:\/\/tecplan.com.es\/en\/wp-json\/wp\/v2\/product_brand?post=4221"},{"taxonomy":"product_cat","embeddable":true,"href":"https:\/\/tecplan.com.es\/en\/wp-json\/wp\/v2\/product_cat?post=4221"},{"taxonomy":"product_tag","embeddable":true,"href":"https:\/\/tecplan.com.es\/en\/wp-json\/wp\/v2\/product_tag?post=4221"}],"curies":[{"name":"wp","href":"https:\/\/api.w.org\/{rel}","templated":true}]}}