{"id":4220,"date":"2025-10-23T17:26:37","date_gmt":"2025-10-23T17:26:37","guid":{"rendered":"https:\/\/tecplan.com.es\/product\/grabador-ds-7732ni-m4\/"},"modified":"2025-10-27T20:36:24","modified_gmt":"2025-10-27T20:36:24","slug":"grabador-ds-7732ni-m4","status":"publish","type":"product","link":"https:\/\/tecplan.com.es\/en\/product\/grabador-ds-7732ni-m4\/","title":{"rendered":"GRABADOR DS-7732NI-M4"},"content":{"rendered":"<p><strong>NVR de 32 canales, 1,5U y 8K \u2013 DS-7732NI-M4<\/strong><\/p>\n<ul>\n<li>Entradas de c\u00e1mara IP de hasta 32 canales.<\/li>\n<li>Ancho de banda de entrada de 320 Mbps.<\/li>\n<li>Conecta hasta 8 altavoces IP de canal.<\/li>\n<li>\u00a0Compresi\u00f3n de video H.265+ reduce eficazmente el espacio, hasta un 75%.<\/li>\n<li>Adopta la tecnolog\u00eda de cifrado Stream over TLS, que proporciona un servicio de transmisi\u00f3n m\u00e1s seguro<\/li>\n<li>Salida de v\u00eddeo HD<\/li>\n<li>Salida de v\u00eddeo HDMI con una resoluci\u00f3n de hasta 8K \/ Almacenamiento y reproducci\u00f3n.<\/li>\n<\/ul>","protected":false},"excerpt":{"rendered":"<p><strong>32-ch 1.5U 8K NVR Formatos de v\u00eddeo H.265+\/H.265\/H.264+\/H.264<\/strong><\/p>\n<ul>\n<li>Formatos de v\u00eddeo H.265+\/H.265\/H.264+\/H.264<\/li>\n<li>Entradas de c\u00e1mara IP de hasta 32 canales<\/li>\n<li>Capacidad de decodificaci\u00f3n de hasta 32 canales a 1080p<\/li>\n<li>Hasta 320 Mbps de ancho de banda entrante<\/li>\n<\/ul>\n<p><img decoding=\"async\" class=\"wp-image-4249 aligncenter\" src=\"https:\/\/tecplan.com.es\/wp-content\/uploads\/2025\/10\/Hikvision-Logo-300x169.png\" alt=\"\" width=\"146\" height=\"116\" \/><\/p>","protected":false},"featured_media":4204,"comment_status":"open","ping_status":"closed","template":"","meta":{"site-sidebar-layout":"default","site-content-layout":"","ast-site-content-layout":"default","site-content-style":"default","site-sidebar-style":"default","ast-global-header-display":"","ast-banner-title-visibility":"","ast-main-header-display":"","ast-hfb-above-header-display":"","ast-hfb-below-header-display":"","ast-hfb-mobile-header-display":"","site-post-title":"","ast-breadcrumbs-content":"","ast-featured-img":"","footer-sml-layout":"","ast-disable-related-posts":"","theme-transparent-header-meta":"default","adv-header-id-meta":"","stick-header-meta":"","header-above-stick-meta":"","header-main-stick-meta":"","header-below-stick-meta":"","astra-migrate-meta-layouts":"set","ast-page-background-enabled":"default","ast-page-background-meta":{"desktop":{"background-color":"var(--ast-global-color-5)","background-image":"","background-repeat":"repeat","background-position":"center center","background-size":"auto","background-attachment":"scroll","background-type":"","background-media":"","overlay-type":"","overlay-color":"","overlay-opacity":"","overlay-gradient":""},"tablet":{"background-color":"","background-image":"","background-repeat":"repeat","background-position":"center center","background-size":"auto","background-attachment":"scroll","background-type":"","background-media":"","overlay-type":"","overlay-color":"","overlay-opacity":"","overlay-gradient":""},"mobile":{"background-color":"","background-image":"","background-repeat":"repeat","background-position":"center center","background-size":"auto","background-attachment":"scroll","background-type":"","background-media":"","overlay-type":"","overlay-color":"","overlay-opacity":"","overlay-gradient":""}},"ast-content-background-meta":{"desktop":{"background-color":"var(--ast-global-color-4)","background-image":"","background-repeat":"repeat","background-position":"center center","background-size":"auto","background-attachment":"scroll","background-type":"","background-media":"","overlay-type":"","overlay-color":"","overlay-opacity":"","overlay-gradient":""},"tablet":{"background-color":"var(--ast-global-color-4)","background-image":"","background-repeat":"repeat","background-position":"center center","background-size":"auto","background-attachment":"scroll","background-type":"","background-media":"","overlay-type":"","overlay-color":"","overlay-opacity":"","overlay-gradient":""},"mobile":{"background-color":"var(--ast-global-color-4)","background-image":"","background-repeat":"repeat","background-position":"center center","background-size":"auto","background-attachment":"scroll","background-type":"","background-media":"","overlay-type":"","overlay-color":"","overlay-opacity":"","overlay-gradient":""}}},"product_brand":[313],"product_cat":[182,252,195,173,178],"product_tag":[314],"class_list":{"0":"post-4220","1":"product","2":"type-product","3":"status-publish","4":"has-post-thumbnail","6":"product_brand-hikvision","7":"product_cat-otros-vigilancia","8":"product_cat-seg-otros","9":"product_cat-seguridad","10":"product_cat-seguridad-fisica","11":"product_cat-vigilancia-gps","12":"product_tag-hikvision","13":"desktop-align-left","14":"tablet-align-left","15":"mobile-align-left","17":"first","18":"instock","19":"shipping-taxable","20":"product-type-simple"},"yoast_head":"<!-- This site is optimized with the Yoast SEO plugin v25.3 - https:\/\/yoast.com\/wordpress\/plugins\/seo\/ -->\n<title>GRABADOR DS-7732NI-M4 - Tecplan<\/title>\n<meta name=\"robots\" content=\"index, follow, max-snippet:-1, max-image-preview:large, max-video-preview:-1\" \/>\n<link rel=\"canonical\" href=\"https:\/\/tecplan.com.es\/en\/product\/grabador-ds-7732ni-m4\/\" \/>\n<meta property=\"og:locale\" content=\"en_US\" \/>\n<meta property=\"og:type\" content=\"article\" \/>\n<meta property=\"og:title\" content=\"GRABADOR DS-7732NI-M4 - Tecplan\" \/>\n<meta property=\"og:description\" content=\"32-ch 1.5U 8K NVR Formatos de v\u00eddeo H.265+\/H.265\/H.264+\/H.264   Formatos de v\u00eddeo H.265+\/H.265\/H.264+\/H.264  Entradas de c\u00e1mara IP de hasta 32 canales  Capacidad de decodificaci\u00f3n de hasta 32 canales a 1080p  Hasta 320 Mbps de ancho de banda entrante\" \/>\n<meta property=\"og:url\" content=\"https:\/\/tecplan.com.es\/en\/product\/grabador-ds-7732ni-m4\/\" \/>\n<meta property=\"og:site_name\" content=\"Tecplan\" \/>\n<meta property=\"article:modified_time\" content=\"2025-10-27T20:36:24+00:00\" \/>\n<meta property=\"og:image\" content=\"https:\/\/tecplan.com.es\/wp-content\/uploads\/2025\/10\/303616302-1.jpg\" \/>\n\t<meta property=\"og:image:width\" content=\"500\" \/>\n\t<meta property=\"og:image:height\" content=\"500\" \/>\n\t<meta property=\"og:image:type\" content=\"image\/jpeg\" \/>\n<meta name=\"twitter:card\" content=\"summary_large_image\" \/>\n<meta name=\"twitter:label1\" content=\"Est. reading time\" \/>\n\t<meta name=\"twitter:data1\" content=\"1 minute\" \/>\n<script type=\"application\/ld+json\" class=\"yoast-schema-graph\">{\"@context\":\"https:\/\/schema.org\",\"@graph\":[{\"@type\":\"WebPage\",\"@id\":\"https:\/\/tecplan.com.es\/product\/grabador-ds-7732ni-m4\/\",\"url\":\"https:\/\/tecplan.com.es\/product\/grabador-ds-7732ni-m4\/\",\"name\":\"GRABADOR DS-7732NI-M4 - Tecplan\",\"isPartOf\":{\"@id\":\"https:\/\/tecplan.com.es\/#website\"},\"primaryImageOfPage\":{\"@id\":\"https:\/\/tecplan.com.es\/product\/grabador-ds-7732ni-m4\/#primaryimage\"},\"image\":{\"@id\":\"https:\/\/tecplan.com.es\/product\/grabador-ds-7732ni-m4\/#primaryimage\"},\"thumbnailUrl\":\"https:\/\/tecplan.com.es\/wp-content\/uploads\/2025\/10\/303616302-1.jpg\",\"datePublished\":\"2025-10-23T17:26:37+00:00\",\"dateModified\":\"2025-10-27T20:36:24+00:00\",\"breadcrumb\":{\"@id\":\"https:\/\/tecplan.com.es\/product\/grabador-ds-7732ni-m4\/#breadcrumb\"},\"inLanguage\":\"en-US\",\"potentialAction\":[{\"@type\":\"ReadAction\",\"target\":[\"https:\/\/tecplan.com.es\/product\/grabador-ds-7732ni-m4\/\"]}]},{\"@type\":\"ImageObject\",\"inLanguage\":\"en-US\",\"@id\":\"https:\/\/tecplan.com.es\/product\/grabador-ds-7732ni-m4\/#primaryimage\",\"url\":\"https:\/\/tecplan.com.es\/wp-content\/uploads\/2025\/10\/303616302-1.jpg\",\"contentUrl\":\"https:\/\/tecplan.com.es\/wp-content\/uploads\/2025\/10\/303616302-1.jpg\",\"width\":500,\"height\":500},{\"@type\":\"BreadcrumbList\",\"@id\":\"https:\/\/tecplan.com.es\/product\/grabador-ds-7732ni-m4\/#breadcrumb\",\"itemListElement\":[{\"@type\":\"ListItem\",\"position\":1,\"name\":\"Home\",\"item\":\"https:\/\/tecplan.com.es\/\"},{\"@type\":\"ListItem\",\"position\":2,\"name\":\"Shop\",\"item\":\"https:\/\/tecplan.com.es\/shop\/\"},{\"@type\":\"ListItem\",\"position\":3,\"name\":\"GRABADOR DS-7732NI-M4\"}]},{\"@type\":\"WebSite\",\"@id\":\"https:\/\/tecplan.com.es\/#website\",\"url\":\"https:\/\/tecplan.com.es\/\",\"name\":\"Tecplan\",\"description\":\"\",\"potentialAction\":[{\"@type\":\"SearchAction\",\"target\":{\"@type\":\"EntryPoint\",\"urlTemplate\":\"https:\/\/tecplan.com.es\/?s={search_term_string}\"},\"query-input\":{\"@type\":\"PropertyValueSpecification\",\"valueRequired\":true,\"valueName\":\"search_term_string\"}}],\"inLanguage\":\"en-US\"}]}<\/script>\n<!-- \/ Yoast SEO plugin. -->","yoast_head_json":{"title":"GRABADOR DS-7732NI-M4 - Tecplan","robots":{"index":"index","follow":"follow","max-snippet":"max-snippet:-1","max-image-preview":"max-image-preview:large","max-video-preview":"max-video-preview:-1"},"canonical":"https:\/\/tecplan.com.es\/en\/product\/grabador-ds-7732ni-m4\/","og_locale":"en_US","og_type":"article","og_title":"GRABADOR DS-7732NI-M4 - Tecplan","og_description":"32-ch 1.5U 8K NVR Formatos de v\u00eddeo H.265+\/H.265\/H.264+\/H.264   Formatos de v\u00eddeo H.265+\/H.265\/H.264+\/H.264  Entradas de c\u00e1mara IP de hasta 32 canales  Capacidad de decodificaci\u00f3n de hasta 32 canales a 1080p  Hasta 320 Mbps de ancho de banda entrante","og_url":"https:\/\/tecplan.com.es\/en\/product\/grabador-ds-7732ni-m4\/","og_site_name":"Tecplan","article_modified_time":"2025-10-27T20:36:24+00:00","og_image":[{"width":500,"height":500,"url":"https:\/\/tecplan.com.es\/wp-content\/uploads\/2025\/10\/303616302-1.jpg","type":"image\/jpeg"}],"twitter_card":"summary_large_image","twitter_misc":{"Est. reading time":"1 minute"},"schema":{"@context":"https:\/\/schema.org","@graph":[{"@type":"WebPage","@id":"https:\/\/tecplan.com.es\/product\/grabador-ds-7732ni-m4\/","url":"https:\/\/tecplan.com.es\/product\/grabador-ds-7732ni-m4\/","name":"GRABADOR DS-7732NI-M4 - Tecplan","isPartOf":{"@id":"https:\/\/tecplan.com.es\/#website"},"primaryImageOfPage":{"@id":"https:\/\/tecplan.com.es\/product\/grabador-ds-7732ni-m4\/#primaryimage"},"image":{"@id":"https:\/\/tecplan.com.es\/product\/grabador-ds-7732ni-m4\/#primaryimage"},"thumbnailUrl":"https:\/\/tecplan.com.es\/wp-content\/uploads\/2025\/10\/303616302-1.jpg","datePublished":"2025-10-23T17:26:37+00:00","dateModified":"2025-10-27T20:36:24+00:00","breadcrumb":{"@id":"https:\/\/tecplan.com.es\/product\/grabador-ds-7732ni-m4\/#breadcrumb"},"inLanguage":"en-US","potentialAction":[{"@type":"ReadAction","target":["https:\/\/tecplan.com.es\/product\/grabador-ds-7732ni-m4\/"]}]},{"@type":"ImageObject","inLanguage":"en-US","@id":"https:\/\/tecplan.com.es\/product\/grabador-ds-7732ni-m4\/#primaryimage","url":"https:\/\/tecplan.com.es\/wp-content\/uploads\/2025\/10\/303616302-1.jpg","contentUrl":"https:\/\/tecplan.com.es\/wp-content\/uploads\/2025\/10\/303616302-1.jpg","width":500,"height":500},{"@type":"BreadcrumbList","@id":"https:\/\/tecplan.com.es\/product\/grabador-ds-7732ni-m4\/#breadcrumb","itemListElement":[{"@type":"ListItem","position":1,"name":"Home","item":"https:\/\/tecplan.com.es\/"},{"@type":"ListItem","position":2,"name":"Shop","item":"https:\/\/tecplan.com.es\/shop\/"},{"@type":"ListItem","position":3,"name":"GRABADOR DS-7732NI-M4"}]},{"@type":"WebSite","@id":"https:\/\/tecplan.com.es\/#website","url":"https:\/\/tecplan.com.es\/","name":"Tecplan","description":"","potentialAction":[{"@type":"SearchAction","target":{"@type":"EntryPoint","urlTemplate":"https:\/\/tecplan.com.es\/?s={search_term_string}"},"query-input":{"@type":"PropertyValueSpecification","valueRequired":true,"valueName":"search_term_string"}}],"inLanguage":"en-US"}]}},"_links":{"self":[{"href":"https:\/\/tecplan.com.es\/en\/wp-json\/wp\/v2\/product\/4220","targetHints":{"allow":["GET"]}}],"collection":[{"href":"https:\/\/tecplan.com.es\/en\/wp-json\/wp\/v2\/product"}],"about":[{"href":"https:\/\/tecplan.com.es\/en\/wp-json\/wp\/v2\/types\/product"}],"replies":[{"embeddable":true,"href":"https:\/\/tecplan.com.es\/en\/wp-json\/wp\/v2\/comments?post=4220"}],"version-history":[{"count":2,"href":"https:\/\/tecplan.com.es\/en\/wp-json\/wp\/v2\/product\/4220\/revisions"}],"predecessor-version":[{"id":4252,"href":"https:\/\/tecplan.com.es\/en\/wp-json\/wp\/v2\/product\/4220\/revisions\/4252"}],"wp:featuredmedia":[{"embeddable":true,"href":"https:\/\/tecplan.com.es\/en\/wp-json\/wp\/v2\/media\/4204"}],"wp:attachment":[{"href":"https:\/\/tecplan.com.es\/en\/wp-json\/wp\/v2\/media?parent=4220"}],"wp:term":[{"taxonomy":"product_brand","embeddable":true,"href":"https:\/\/tecplan.com.es\/en\/wp-json\/wp\/v2\/product_brand?post=4220"},{"taxonomy":"product_cat","embeddable":true,"href":"https:\/\/tecplan.com.es\/en\/wp-json\/wp\/v2\/product_cat?post=4220"},{"taxonomy":"product_tag","embeddable":true,"href":"https:\/\/tecplan.com.es\/en\/wp-json\/wp\/v2\/product_tag?post=4220"}],"curies":[{"name":"wp","href":"https:\/\/api.w.org\/{rel}","templated":true}]}}