{"id":4218,"date":"2025-10-23T17:26:37","date_gmt":"2025-10-23T17:26:37","guid":{"rendered":"https:\/\/tecplan.com.es\/product\/grabador-enterprise-storage\/"},"modified":"2025-10-27T20:23:36","modified_gmt":"2025-10-27T20:23:36","slug":"grabador-enterprise-storage","status":"publish","type":"product","link":"https:\/\/tecplan.com.es\/en\/product\/grabador-enterprise-storage\/","title":{"rendered":"GRABADOR ENTERPRISE STORAGE"},"content":{"rendered":"<p style=\"text-align: justify;\">HNMPE64C144T12-HONEYWELL-NVR MAXPRO PE (Professional Edition) 4K \/ 64 Canales IP \/ Windows 10 IoT Enterprise \/ 144 TB (Incluidos) \/ 2 U Rack \/ NDAA \/ ONVIF \/ H.265 \/ Fuente Redundante \/ RAID 1\/5\/6\/10 \/ Honeywell Security<\/p>\n<ul>\n<li style=\"text-align: justify;\">Graba, reproduce ver en directo, archivar o transmitir video digital.<\/li>\n<li style=\"text-align: justify;\">Recibe y graba un m\u00ednimo de 48 canales de 4CIF a 30\/25 fps.<\/li>\n<li style=\"text-align: justify;\">Utiliza la tecnolog\u00eda de procesador Intel.<\/li>\n<li style=\"text-align: justify;\">\u00a0Unidades OS RAID 1 de 2.5&#8243;.<\/li>\n<li style=\"text-align: justify;\">8 unid. de almacenamiento extra\u00edbles RAID 5\/6<\/li>\n<li style=\"text-align: justify;\">\u00a0Discos duros SAS fiables y robustos para el almacenamiento de video.<\/li>\n<li style=\"text-align: justify;\">Fuentes de alimentaci\u00f3n redundantes.<\/li>\n<\/ul>\n<p style=\"text-align: justify;\">Un NVR (Grabador de Video en Red) es un sistema de almacenamiento de video para empresas que graba y administra video de c\u00e1maras IP a trav\u00e9s de una red. Los NVR empresariales est\u00e1n dise\u00f1ados para manejar grandes cantidades de datos y escalar, ofreciendo caracter\u00edsticas como alta capacidad de almacenamiento, redundancia, alta disponibilidad y an\u00e1lisis de video avanzado.<\/p>\n<p style=\"text-align: justify;\"><strong>Key Features<\/strong><br \/>\nConexi\u00f3n de red: Se conecta a las c\u00e1maras IP a trav\u00e9s de una red (Ethernet o Wi-Fi), permitiendo la vigilancia remota y flexible. Procesamiento y almacenamiento: Las c\u00e1maras IP procesan el video y lo env\u00edan al NVR para su codificaci\u00f3n y almacenamiento en unidades de disco. Almacenamiento escalable: Los modelos empresariales suelen tener m\u00faltiples bah\u00edas para discos duros (y a menudo son compatibles con unidades de disco reemplazables en caliente) y opciones de expansi\u00f3n para manejar la creciente cantidad de datos de video.<\/p>\n<p style=\"text-align: justify;\">Alta disponibilidad: Incluyen caracter\u00edsticas de redundancia como fuentes de alimentaci\u00f3n redundantes y configuraciones RAID para garantizar la continuidad del servicio y la protecci\u00f3n de datos en caso de fallo de hardware. An\u00e1lisis de video avanzado: Muchos NVR empresariales incorporan an\u00e1lisis de IA para funciones como la detecci\u00f3n de personas y veh\u00edculos, reconocimiento facial y b\u00fasqueda inteligente de eventos. Seguridad: Ofrecen caracter\u00edsticas de ciberseguridad robustas, autenticaci\u00f3n de dos factores y control de acceso para proteger los datos de video y el sistema.<\/p>\n<p><strong>Caracter\u00edsticas del NVR:<\/strong><\/p>\n<ul>\n<li style=\"text-align: justify;\">Compresi\u00f3n de v\u00eddeo: H.264, H.265<\/li>\n<li style=\"text-align: justify;\">Resoluci\u00f3n m\u00e1xima: 4K<\/li>\n<li style=\"text-align: justify;\">Reproducci\u00f3n s\u00edncrona: 64 Canales<\/li>\n<li style=\"text-align: justify;\">Almacenamiento: 144 TB (12 x 12 TB) Incluido<\/li>\n<li style=\"text-align: justify;\">Perfil ONVIF: S y G<\/li>\n<li style=\"text-align: justify;\">Soporta RAID: 1\/5\/6\/10<\/li>\n<li style=\"text-align: justify;\">Certificaci\u00f3n NDAA.<\/li>\n<li style=\"text-align: justify;\">Garant\u00eda 5 a\u00f1os.<\/li>\n<li style=\"text-align: justify;\">Caracter\u00edsticas Generales:<\/li>\n<li style=\"text-align: justify;\">Sistema operativo: Windows 10 IoT Enterprise for Embedded Systems<\/li>\n<li style=\"text-align: justify;\">Throughput entrada: 160 Mbps Salida: 700 Mbps.<\/li>\n<li style=\"text-align: justify;\">Base de datos Microsoft SQL Server\u00ae 2012 Express<\/li>\n<li style=\"text-align: justify;\">Compatible con Serie equIP y Performance<\/li>\n<li style=\"text-align: justify;\">Entrada de audio a trav\u00e9s de la c\u00e1mara<\/li>\n<li style=\"text-align: justify;\">Procesador Intel Xeon Silver 4110, 2.1 GHz<\/li>\n<li style=\"text-align: justify;\">Soporta Fuente Redundante<\/li>\n<\/ul>\n<p><strong>Caracter\u00edsticas F\u00edsicas y El\u00e9ctricas:<\/strong><\/p>\n<ul>\n<li style=\"text-align: justify;\">Dimensiones: 434 x 86 x 708 mm<\/li>\n<li style=\"text-align: justify;\">Alimentaci\u00f3n: 110V\/220V, 750 W<\/li>\n<li style=\"text-align: justify;\">4 puertos red 1 GB incluido (LAN), 10 GbE SFP+ opcional<\/li>\n<li style=\"text-align: justify;\">Salidas de video: 2 VGA<\/li>\n<li style=\"text-align: justify;\">Temperatura de operaci\u00f3n: 10\u00b0C a 35\u00b0C<\/li>\n<li style=\"text-align: justify;\">Peso: 32.5 kg completamente equipado<\/li>\n<li style=\"text-align: justify;\">Montaje para rack de 2 unidades<\/li>\n<\/ul>\n<h5 style=\"text-align: justify;\"><span style=\"text-decoration: underline;\"><strong>DOWNLOADS<\/strong><\/span><\/h5>\n<ul style=\"text-align: justify;\">\n<li><a href=\"https:\/\/drive.google.com\/file\/d\/1VNx02q03jnHgGV1RxTSct5WWZDaVFWPm\/view?usp=sharing\">\u2192 Technical specifications<\/a><\/li>\n<\/ul>","protected":false},"excerpt":{"rendered":"<p><strong>NVR Empresarial (Grabadora de Video en Red)<\/strong><\/p>\n<ul>\n<li>Resoluci\u00f3n M\u00e1xima: 4K<\/li>\n<li>Certificaci\u00f3n NDAA.<\/li>\n<li>Garant\u00eda: 5 a\u00f1os.<\/li>\n<li>Compresi\u00f3n H.265<\/li>\n<li>Soporta ONVIF<\/li>\n<li>Montaje para rack de 2 unidades<\/li>\n<li>RAID 1\/5\/6\/10<\/li>\n<li>Almacenamiento: Hasta 144 TB.<\/li>\n<\/ul>\n<p><img decoding=\"async\" class=\"wp-image-4224 aligncenter\" src=\"https:\/\/tecplan.com.es\/wp-content\/uploads\/2025\/10\/honeywell-300x169.webp\" alt=\"\" width=\"173\" height=\"62\" \/><\/p>\n<p>&nbsp;<\/p>","protected":false},"featured_media":4201,"comment_status":"open","ping_status":"closed","template":"","meta":{"site-sidebar-layout":"default","site-content-layout":"","ast-site-content-layout":"default","site-content-style":"default","site-sidebar-style":"default","ast-global-header-display":"","ast-banner-title-visibility":"","ast-main-header-display":"","ast-hfb-above-header-display":"","ast-hfb-below-header-display":"","ast-hfb-mobile-header-display":"","site-post-title":"","ast-breadcrumbs-content":"","ast-featured-img":"","footer-sml-layout":"","ast-disable-related-posts":"","theme-transparent-header-meta":"default","adv-header-id-meta":"","stick-header-meta":"","header-above-stick-meta":"","header-main-stick-meta":"","header-below-stick-meta":"","astra-migrate-meta-layouts":"set","ast-page-background-enabled":"default","ast-page-background-meta":{"desktop":{"background-color":"var(--ast-global-color-5)","background-image":"","background-repeat":"repeat","background-position":"center center","background-size":"auto","background-attachment":"scroll","background-type":"","background-media":"","overlay-type":"","overlay-color":"","overlay-opacity":"","overlay-gradient":""},"tablet":{"background-color":"","background-image":"","background-repeat":"repeat","background-position":"center center","background-size":"auto","background-attachment":"scroll","background-type":"","background-media":"","overlay-type":"","overlay-color":"","overlay-opacity":"","overlay-gradient":""},"mobile":{"background-color":"","background-image":"","background-repeat":"repeat","background-position":"center center","background-size":"auto","background-attachment":"scroll","background-type":"","background-media":"","overlay-type":"","overlay-color":"","overlay-opacity":"","overlay-gradient":""}},"ast-content-background-meta":{"desktop":{"background-color":"var(--ast-global-color-4)","background-image":"","background-repeat":"repeat","background-position":"center center","background-size":"auto","background-attachment":"scroll","background-type":"","background-media":"","overlay-type":"","overlay-color":"","overlay-opacity":"","overlay-gradient":""},"tablet":{"background-color":"var(--ast-global-color-4)","background-image":"","background-repeat":"repeat","background-position":"center center","background-size":"auto","background-attachment":"scroll","background-type":"","background-media":"","overlay-type":"","overlay-color":"","overlay-opacity":"","overlay-gradient":""},"mobile":{"background-color":"var(--ast-global-color-4)","background-image":"","background-repeat":"repeat","background-position":"center center","background-size":"auto","background-attachment":"scroll","background-type":"","background-media":"","overlay-type":"","overlay-color":"","overlay-opacity":"","overlay-gradient":""}}},"product_brand":[308],"product_cat":[182,252,195,173,178],"product_tag":[309],"class_list":{"0":"post-4218","1":"product","2":"type-product","3":"status-publish","4":"has-post-thumbnail","6":"product_brand-honeywell","7":"product_cat-otros-vigilancia","8":"product_cat-seg-otros","9":"product_cat-seguridad","10":"product_cat-seguridad-fisica","11":"product_cat-vigilancia-gps","12":"product_tag-honeywell","13":"desktop-align-left","14":"tablet-align-left","15":"mobile-align-left","17":"first","18":"instock","19":"shipping-taxable","20":"product-type-simple"},"yoast_head":"<!-- This site is optimized with the Yoast SEO plugin v25.3 - https:\/\/yoast.com\/wordpress\/plugins\/seo\/ -->\n<title>GRABADOR ENTERPRISE STORAGE - Tecplan<\/title>\n<meta name=\"robots\" content=\"index, follow, max-snippet:-1, max-image-preview:large, max-video-preview:-1\" \/>\n<link rel=\"canonical\" href=\"https:\/\/tecplan.com.es\/en\/product\/grabador-enterprise-storage\/\" \/>\n<meta property=\"og:locale\" content=\"en_US\" \/>\n<meta property=\"og:type\" content=\"article\" \/>\n<meta property=\"og:title\" content=\"GRABADOR ENTERPRISE STORAGE - Tecplan\" \/>\n<meta property=\"og:description\" content=\"NVR Empresarial (Grabadora de Video en Red)   Resoluci\u00f3n M\u00e1xima: 4K  Certificaci\u00f3n NDAA.  Garant\u00eda: 5 a\u00f1os.  Compresi\u00f3n H.265  Soporta ONVIF  Montaje para rack de 2 unidades  RAID 1\/5\/6\/10  Almacenamiento: Hasta 144 TB.    &nbsp;\" \/>\n<meta property=\"og:url\" content=\"https:\/\/tecplan.com.es\/en\/product\/grabador-enterprise-storage\/\" \/>\n<meta property=\"og:site_name\" content=\"Tecplan\" \/>\n<meta property=\"article:modified_time\" content=\"2025-10-27T20:23:36+00:00\" \/>\n<meta property=\"og:image\" content=\"https:\/\/tecplan.com.es\/wp-content\/uploads\/2025\/10\/HNMPE32B324S-p.png\" \/>\n\t<meta property=\"og:image:width\" content=\"400\" \/>\n\t<meta property=\"og:image:height\" content=\"400\" \/>\n\t<meta property=\"og:image:type\" content=\"image\/png\" \/>\n<meta name=\"twitter:card\" content=\"summary_large_image\" \/>\n<meta name=\"twitter:label1\" content=\"Est. reading time\" \/>\n\t<meta name=\"twitter:data1\" content=\"3 minutes\" \/>\n<script type=\"application\/ld+json\" class=\"yoast-schema-graph\">{\"@context\":\"https:\/\/schema.org\",\"@graph\":[{\"@type\":\"WebPage\",\"@id\":\"https:\/\/tecplan.com.es\/product\/grabador-enterprise-storage\/\",\"url\":\"https:\/\/tecplan.com.es\/product\/grabador-enterprise-storage\/\",\"name\":\"GRABADOR ENTERPRISE STORAGE - Tecplan\",\"isPartOf\":{\"@id\":\"https:\/\/tecplan.com.es\/#website\"},\"primaryImageOfPage\":{\"@id\":\"https:\/\/tecplan.com.es\/product\/grabador-enterprise-storage\/#primaryimage\"},\"image\":{\"@id\":\"https:\/\/tecplan.com.es\/product\/grabador-enterprise-storage\/#primaryimage\"},\"thumbnailUrl\":\"https:\/\/tecplan.com.es\/wp-content\/uploads\/2025\/10\/HNMPE32B324S-p.png\",\"datePublished\":\"2025-10-23T17:26:37+00:00\",\"dateModified\":\"2025-10-27T20:23:36+00:00\",\"breadcrumb\":{\"@id\":\"https:\/\/tecplan.com.es\/product\/grabador-enterprise-storage\/#breadcrumb\"},\"inLanguage\":\"en-US\",\"potentialAction\":[{\"@type\":\"ReadAction\",\"target\":[\"https:\/\/tecplan.com.es\/product\/grabador-enterprise-storage\/\"]}]},{\"@type\":\"ImageObject\",\"inLanguage\":\"en-US\",\"@id\":\"https:\/\/tecplan.com.es\/product\/grabador-enterprise-storage\/#primaryimage\",\"url\":\"https:\/\/tecplan.com.es\/wp-content\/uploads\/2025\/10\/HNMPE32B324S-p.png\",\"contentUrl\":\"https:\/\/tecplan.com.es\/wp-content\/uploads\/2025\/10\/HNMPE32B324S-p.png\",\"width\":400,\"height\":400},{\"@type\":\"BreadcrumbList\",\"@id\":\"https:\/\/tecplan.com.es\/product\/grabador-enterprise-storage\/#breadcrumb\",\"itemListElement\":[{\"@type\":\"ListItem\",\"position\":1,\"name\":\"Home\",\"item\":\"https:\/\/tecplan.com.es\/\"},{\"@type\":\"ListItem\",\"position\":2,\"name\":\"Shop\",\"item\":\"https:\/\/tecplan.com.es\/shop\/\"},{\"@type\":\"ListItem\",\"position\":3,\"name\":\"GRABADOR ENTERPRISE STORAGE\"}]},{\"@type\":\"WebSite\",\"@id\":\"https:\/\/tecplan.com.es\/#website\",\"url\":\"https:\/\/tecplan.com.es\/\",\"name\":\"Tecplan\",\"description\":\"\",\"potentialAction\":[{\"@type\":\"SearchAction\",\"target\":{\"@type\":\"EntryPoint\",\"urlTemplate\":\"https:\/\/tecplan.com.es\/?s={search_term_string}\"},\"query-input\":{\"@type\":\"PropertyValueSpecification\",\"valueRequired\":true,\"valueName\":\"search_term_string\"}}],\"inLanguage\":\"en-US\"}]}<\/script>\n<!-- \/ Yoast SEO plugin. -->","yoast_head_json":{"title":"GRABADOR ENTERPRISE STORAGE - Tecplan","robots":{"index":"index","follow":"follow","max-snippet":"max-snippet:-1","max-image-preview":"max-image-preview:large","max-video-preview":"max-video-preview:-1"},"canonical":"https:\/\/tecplan.com.es\/en\/product\/grabador-enterprise-storage\/","og_locale":"en_US","og_type":"article","og_title":"GRABADOR ENTERPRISE STORAGE - Tecplan","og_description":"NVR Empresarial (Grabadora de Video en Red)   Resoluci\u00f3n M\u00e1xima: 4K  Certificaci\u00f3n NDAA.  Garant\u00eda: 5 a\u00f1os.  Compresi\u00f3n H.265  Soporta ONVIF  Montaje para rack de 2 unidades  RAID 1\/5\/6\/10  Almacenamiento: Hasta 144 TB.    &nbsp;","og_url":"https:\/\/tecplan.com.es\/en\/product\/grabador-enterprise-storage\/","og_site_name":"Tecplan","article_modified_time":"2025-10-27T20:23:36+00:00","og_image":[{"width":400,"height":400,"url":"https:\/\/tecplan.com.es\/wp-content\/uploads\/2025\/10\/HNMPE32B324S-p.png","type":"image\/png"}],"twitter_card":"summary_large_image","twitter_misc":{"Est. reading time":"3 minutes"},"schema":{"@context":"https:\/\/schema.org","@graph":[{"@type":"WebPage","@id":"https:\/\/tecplan.com.es\/product\/grabador-enterprise-storage\/","url":"https:\/\/tecplan.com.es\/product\/grabador-enterprise-storage\/","name":"GRABADOR ENTERPRISE STORAGE - Tecplan","isPartOf":{"@id":"https:\/\/tecplan.com.es\/#website"},"primaryImageOfPage":{"@id":"https:\/\/tecplan.com.es\/product\/grabador-enterprise-storage\/#primaryimage"},"image":{"@id":"https:\/\/tecplan.com.es\/product\/grabador-enterprise-storage\/#primaryimage"},"thumbnailUrl":"https:\/\/tecplan.com.es\/wp-content\/uploads\/2025\/10\/HNMPE32B324S-p.png","datePublished":"2025-10-23T17:26:37+00:00","dateModified":"2025-10-27T20:23:36+00:00","breadcrumb":{"@id":"https:\/\/tecplan.com.es\/product\/grabador-enterprise-storage\/#breadcrumb"},"inLanguage":"en-US","potentialAction":[{"@type":"ReadAction","target":["https:\/\/tecplan.com.es\/product\/grabador-enterprise-storage\/"]}]},{"@type":"ImageObject","inLanguage":"en-US","@id":"https:\/\/tecplan.com.es\/product\/grabador-enterprise-storage\/#primaryimage","url":"https:\/\/tecplan.com.es\/wp-content\/uploads\/2025\/10\/HNMPE32B324S-p.png","contentUrl":"https:\/\/tecplan.com.es\/wp-content\/uploads\/2025\/10\/HNMPE32B324S-p.png","width":400,"height":400},{"@type":"BreadcrumbList","@id":"https:\/\/tecplan.com.es\/product\/grabador-enterprise-storage\/#breadcrumb","itemListElement":[{"@type":"ListItem","position":1,"name":"Home","item":"https:\/\/tecplan.com.es\/"},{"@type":"ListItem","position":2,"name":"Shop","item":"https:\/\/tecplan.com.es\/shop\/"},{"@type":"ListItem","position":3,"name":"GRABADOR ENTERPRISE STORAGE"}]},{"@type":"WebSite","@id":"https:\/\/tecplan.com.es\/#website","url":"https:\/\/tecplan.com.es\/","name":"Tecplan","description":"","potentialAction":[{"@type":"SearchAction","target":{"@type":"EntryPoint","urlTemplate":"https:\/\/tecplan.com.es\/?s={search_term_string}"},"query-input":{"@type":"PropertyValueSpecification","valueRequired":true,"valueName":"search_term_string"}}],"inLanguage":"en-US"}]}},"_links":{"self":[{"href":"https:\/\/tecplan.com.es\/en\/wp-json\/wp\/v2\/product\/4218","targetHints":{"allow":["GET"]}}],"collection":[{"href":"https:\/\/tecplan.com.es\/en\/wp-json\/wp\/v2\/product"}],"about":[{"href":"https:\/\/tecplan.com.es\/en\/wp-json\/wp\/v2\/types\/product"}],"replies":[{"embeddable":true,"href":"https:\/\/tecplan.com.es\/en\/wp-json\/wp\/v2\/comments?post=4218"}],"version-history":[{"count":2,"href":"https:\/\/tecplan.com.es\/en\/wp-json\/wp\/v2\/product\/4218\/revisions"}],"predecessor-version":[{"id":4246,"href":"https:\/\/tecplan.com.es\/en\/wp-json\/wp\/v2\/product\/4218\/revisions\/4246"}],"wp:featuredmedia":[{"embeddable":true,"href":"https:\/\/tecplan.com.es\/en\/wp-json\/wp\/v2\/media\/4201"}],"wp:attachment":[{"href":"https:\/\/tecplan.com.es\/en\/wp-json\/wp\/v2\/media?parent=4218"}],"wp:term":[{"taxonomy":"product_brand","embeddable":true,"href":"https:\/\/tecplan.com.es\/en\/wp-json\/wp\/v2\/product_brand?post=4218"},{"taxonomy":"product_cat","embeddable":true,"href":"https:\/\/tecplan.com.es\/en\/wp-json\/wp\/v2\/product_cat?post=4218"},{"taxonomy":"product_tag","embeddable":true,"href":"https:\/\/tecplan.com.es\/en\/wp-json\/wp\/v2\/product_tag?post=4218"}],"curies":[{"name":"wp","href":"https:\/\/api.w.org\/{rel}","templated":true}]}}