{"id":4217,"date":"2025-10-23T17:26:37","date_gmt":"2025-10-23T17:26:37","guid":{"rendered":"https:\/\/tecplan.com.es\/product\/grabador-serie-30\/"},"modified":"2025-10-27T19:51:16","modified_gmt":"2025-10-27T19:51:16","slug":"grabador-serie-30","status":"publish","type":"product","link":"https:\/\/tecplan.com.es\/en\/product\/grabador-serie-30\/","title":{"rendered":"GRABADOR  SERIE 30"},"content":{"rendered":"<p style=\"text-align: justify;\"><strong>NVR (grabador en red) integrado de la Serie 30<\/strong><br \/>\nEl NVR (grabador en red) integrado de la serie 30 ofrece una resoluci\u00f3n de v\u00eddeo 4K de alta definici\u00f3n (UHD) con NVR de 8 o 16 canales, con m\u00faltiples opciones de disco duro y hasta 20 TB de almacenamiento interno.<\/p>\n<p style=\"text-align: justify;\">El NVR (grabador en red) integrado de la Serie 30 recibe notificaciones de detecci\u00f3n de personas para una protecci\u00f3n eficaz y eficiente. Tiene una configuraci\u00f3n remota sencilla a trav\u00e9s de<br \/>\nHoneywell Video Management Viewer (HVMV).<\/p>\n<p style=\"text-align: justify;\">\u2022 Decodificaci\u00f3n con c\u00f3dec H.265\/H.264\/MJPEG<br \/>\n\u2022 Salida de video HDMI\/VGA simult\u00e1nea<br \/>\n\u2022 Los puertos USB admiten teclado y rat\u00f3n<br \/>\n\u2022 Soporta el env\u00edo de im\u00e1genes fijas al momento del evento por correo electr\u00f3nico<\/p>\n<p style=\"text-align: justify;\">El NVR (grabador en red) integrado de la Serie 30 recibe notificaciones de detecci\u00f3n de personas para una protecci\u00f3n eficaz y eficiente. Tiene una configuraci\u00f3n remota sencilla a trav\u00e9s de Honeywell Video Management Viewer (HVMV). Las c\u00e1maras de la serie 30\/60 proporcionan una soluci\u00f3n encriptada de extremo a extremo, con transmisi\u00f3n de v\u00eddeo encriptado desde las c\u00e1maras 30\/60 al NVR. Transmisi\u00f3n\/control de v\u00eddeo cifrado entre NVR y cliente web\/visor\/aplicaci\u00f3n m\u00f3vil.<\/p>\n<p style=\"text-align: justify;\">Las opciones de almacenamiento flexibles, el alto rendimiento en grabaci\u00f3n y red, y el desempe\u00f1o de seguridad cibern\u00e9tica robusto hacen de estos NVR una elecci\u00f3n perfecta para un amplio rango de aplicaciones de seguridad en donde el cumplimiento es esencial y los datos est\u00e1n protegidos<\/p>\n<p style=\"text-align: justify;\"><strong>Caracter\u00edsticas y Beneficios:<\/strong><\/p>\n<ul>\n<li style=\"text-align: justify;\">Decodificaci\u00f3n con c\u00f3dec H.265\/H.264\/MJPEG<\/li>\n<li style=\"text-align: justify;\">Salida de video HDMI\/VGA simult\u00e1nea<\/li>\n<li style=\"text-align: justify;\">Los puertos USB admiten teclado y rat\u00f3n<\/li>\n<li style=\"text-align: justify;\">Soporta la grabaci\u00f3n de un clip de video de eventos para distribuci\u00f3n<\/li>\n<li style=\"text-align: justify;\">Soporta el env\u00edo de im\u00e1genes fijas al momento del evento por correo electr\u00f3nico<\/li>\n<li style=\"text-align: justify;\">Soporta notificaciones visuales o auditivas (una luz destellante, campana o sirena) hasta 4 canales de entrada de alarma y 1 canal de salida de rel\u00e9 de alarma<\/li>\n<li style=\"text-align: justify;\">Soporta el env\u00edo de notificaciones por correo electr\u00f3nico, salida de alarma<\/li>\n<li style=\"text-align: justify;\">Se configura para detectar y responder autom\u00e1ticamente al movimiento en la escena, entradas de alarma y falla de red o manipulaci\u00f3n<\/li>\n<li style=\"text-align: justify;\">Certificaciones:<br \/>\nEN50581: 2012<br \/>\nEN50130-4: 2011+A1: 2014<br \/>\nEN61000-3-3: 2013<\/li>\n<\/ul>\n<h5 style=\"text-align: justify;\"><span style=\"text-decoration: underline;\"><strong>DOWNLOADS<\/strong><\/span><\/h5>\n<ul style=\"text-align: justify;\">\n<li><a href=\"https:\/\/drive.google.com\/file\/d\/1i91JEvDvbwjiqUgh7C98iyrnzt3L0P9h\/view?usp=sharing\">\u2192 Technical specifications<\/a><\/li>\n<\/ul>","protected":false},"excerpt":{"rendered":"<p style=\"text-align: justify;\"><strong>NVR Soporte de 4 \/ 8 \/ 16 Canales<\/strong><\/p>\n<p style=\"text-align: justify;\">El NVR (grabador en red) integrado de la serie 30 ofrece una resoluci\u00f3n de v\u00eddeo 4K de alta definici\u00f3n (UHD) con NVR de 8 o 16 canales, con m\u00faltiples opciones de disco duro y hasta 20 TB de almacenamiento interno.<\/p>\n<p><img decoding=\"async\" class=\"wp-image-4224 aligncenter\" src=\"https:\/\/tecplan.com.es\/wp-content\/uploads\/2025\/10\/honeywell-300x169.webp\" alt=\"\" width=\"151\" height=\"96\" \/><\/p>","protected":false},"featured_media":4199,"comment_status":"open","ping_status":"closed","template":"","meta":{"site-sidebar-layout":"default","site-content-layout":"","ast-site-content-layout":"default","site-content-style":"default","site-sidebar-style":"default","ast-global-header-display":"","ast-banner-title-visibility":"","ast-main-header-display":"","ast-hfb-above-header-display":"","ast-hfb-below-header-display":"","ast-hfb-mobile-header-display":"","site-post-title":"","ast-breadcrumbs-content":"","ast-featured-img":"","footer-sml-layout":"","ast-disable-related-posts":"","theme-transparent-header-meta":"default","adv-header-id-meta":"","stick-header-meta":"","header-above-stick-meta":"","header-main-stick-meta":"","header-below-stick-meta":"","astra-migrate-meta-layouts":"set","ast-page-background-enabled":"default","ast-page-background-meta":{"desktop":{"background-color":"var(--ast-global-color-5)","background-image":"","background-repeat":"repeat","background-position":"center center","background-size":"auto","background-attachment":"scroll","background-type":"","background-media":"","overlay-type":"","overlay-color":"","overlay-opacity":"","overlay-gradient":""},"tablet":{"background-color":"","background-image":"","background-repeat":"repeat","background-position":"center center","background-size":"auto","background-attachment":"scroll","background-type":"","background-media":"","overlay-type":"","overlay-color":"","overlay-opacity":"","overlay-gradient":""},"mobile":{"background-color":"","background-image":"","background-repeat":"repeat","background-position":"center center","background-size":"auto","background-attachment":"scroll","background-type":"","background-media":"","overlay-type":"","overlay-color":"","overlay-opacity":"","overlay-gradient":""}},"ast-content-background-meta":{"desktop":{"background-color":"var(--ast-global-color-4)","background-image":"","background-repeat":"repeat","background-position":"center center","background-size":"auto","background-attachment":"scroll","background-type":"","background-media":"","overlay-type":"","overlay-color":"","overlay-opacity":"","overlay-gradient":""},"tablet":{"background-color":"var(--ast-global-color-4)","background-image":"","background-repeat":"repeat","background-position":"center center","background-size":"auto","background-attachment":"scroll","background-type":"","background-media":"","overlay-type":"","overlay-color":"","overlay-opacity":"","overlay-gradient":""},"mobile":{"background-color":"var(--ast-global-color-4)","background-image":"","background-repeat":"repeat","background-position":"center center","background-size":"auto","background-attachment":"scroll","background-type":"","background-media":"","overlay-type":"","overlay-color":"","overlay-opacity":"","overlay-gradient":""}}},"product_brand":[308],"product_cat":[182,195,178],"product_tag":[309],"class_list":{"0":"post-4217","1":"product","2":"type-product","3":"status-publish","4":"has-post-thumbnail","6":"product_brand-honeywell","7":"product_cat-otros-vigilancia","8":"product_cat-seguridad","9":"product_cat-vigilancia-gps","10":"product_tag-honeywell","11":"desktop-align-left","12":"tablet-align-left","13":"mobile-align-left","15":"first","16":"instock","17":"shipping-taxable","18":"product-type-simple"},"yoast_head":"<!-- This site is optimized with the Yoast SEO plugin v25.3 - https:\/\/yoast.com\/wordpress\/plugins\/seo\/ -->\n<title>GRABADOR SERIE 30 - Tecplan<\/title>\n<meta name=\"robots\" content=\"index, follow, max-snippet:-1, max-image-preview:large, max-video-preview:-1\" \/>\n<link rel=\"canonical\" href=\"https:\/\/tecplan.com.es\/en\/product\/grabador-serie-30\/\" \/>\n<meta property=\"og:locale\" content=\"en_US\" \/>\n<meta property=\"og:type\" content=\"article\" \/>\n<meta property=\"og:title\" content=\"GRABADOR SERIE 30 - Tecplan\" \/>\n<meta property=\"og:description\" content=\"NVR Soporte de 4 \/ 8 \/ 16 Canales El NVR (grabador en red) integrado de la serie 30 ofrece una resoluci\u00f3n de v\u00eddeo 4K de alta definici\u00f3n (UHD) con NVR de 8 o 16 canales, con m\u00faltiples opciones de disco duro y hasta 20 TB de almacenamiento interno.\" \/>\n<meta property=\"og:url\" content=\"https:\/\/tecplan.com.es\/en\/product\/grabador-serie-30\/\" \/>\n<meta property=\"og:site_name\" content=\"Tecplan\" \/>\n<meta property=\"article:modified_time\" content=\"2025-10-27T19:51:16+00:00\" \/>\n<meta name=\"twitter:card\" content=\"summary_large_image\" \/>\n<meta name=\"twitter:label1\" content=\"Est. reading time\" \/>\n\t<meta name=\"twitter:data1\" content=\"2 minutes\" \/>\n<script type=\"application\/ld+json\" class=\"yoast-schema-graph\">{\"@context\":\"https:\/\/schema.org\",\"@graph\":[{\"@type\":\"WebPage\",\"@id\":\"https:\/\/tecplan.com.es\/product\/grabador-serie-30\/\",\"url\":\"https:\/\/tecplan.com.es\/product\/grabador-serie-30\/\",\"name\":\"GRABADOR SERIE 30 - Tecplan\",\"isPartOf\":{\"@id\":\"https:\/\/tecplan.com.es\/#website\"},\"primaryImageOfPage\":{\"@id\":\"https:\/\/tecplan.com.es\/product\/grabador-serie-30\/#primaryimage\"},\"image\":{\"@id\":\"https:\/\/tecplan.com.es\/product\/grabador-serie-30\/#primaryimage\"},\"thumbnailUrl\":\"https:\/\/tecplan.com.es\/wp-content\/uploads\/2025\/10\/GRABADOR-SERIE-30.avif\",\"datePublished\":\"2025-10-23T17:26:37+00:00\",\"dateModified\":\"2025-10-27T19:51:16+00:00\",\"breadcrumb\":{\"@id\":\"https:\/\/tecplan.com.es\/product\/grabador-serie-30\/#breadcrumb\"},\"inLanguage\":\"en-US\",\"potentialAction\":[{\"@type\":\"ReadAction\",\"target\":[\"https:\/\/tecplan.com.es\/product\/grabador-serie-30\/\"]}]},{\"@type\":\"ImageObject\",\"inLanguage\":\"en-US\",\"@id\":\"https:\/\/tecplan.com.es\/product\/grabador-serie-30\/#primaryimage\",\"url\":\"https:\/\/tecplan.com.es\/wp-content\/uploads\/2025\/10\/GRABADOR-SERIE-30.avif\",\"contentUrl\":\"https:\/\/tecplan.com.es\/wp-content\/uploads\/2025\/10\/GRABADOR-SERIE-30.avif\",\"width\":903,\"height\":301},{\"@type\":\"BreadcrumbList\",\"@id\":\"https:\/\/tecplan.com.es\/product\/grabador-serie-30\/#breadcrumb\",\"itemListElement\":[{\"@type\":\"ListItem\",\"position\":1,\"name\":\"Home\",\"item\":\"https:\/\/tecplan.com.es\/\"},{\"@type\":\"ListItem\",\"position\":2,\"name\":\"Shop\",\"item\":\"https:\/\/tecplan.com.es\/shop\/\"},{\"@type\":\"ListItem\",\"position\":3,\"name\":\"GRABADOR SERIE 30\"}]},{\"@type\":\"WebSite\",\"@id\":\"https:\/\/tecplan.com.es\/#website\",\"url\":\"https:\/\/tecplan.com.es\/\",\"name\":\"Tecplan\",\"description\":\"\",\"potentialAction\":[{\"@type\":\"SearchAction\",\"target\":{\"@type\":\"EntryPoint\",\"urlTemplate\":\"https:\/\/tecplan.com.es\/?s={search_term_string}\"},\"query-input\":{\"@type\":\"PropertyValueSpecification\",\"valueRequired\":true,\"valueName\":\"search_term_string\"}}],\"inLanguage\":\"en-US\"}]}<\/script>\n<!-- \/ Yoast SEO plugin. -->","yoast_head_json":{"title":"GRABADOR SERIE 30 - Tecplan","robots":{"index":"index","follow":"follow","max-snippet":"max-snippet:-1","max-image-preview":"max-image-preview:large","max-video-preview":"max-video-preview:-1"},"canonical":"https:\/\/tecplan.com.es\/en\/product\/grabador-serie-30\/","og_locale":"en_US","og_type":"article","og_title":"GRABADOR SERIE 30 - Tecplan","og_description":"NVR Soporte de 4 \/ 8 \/ 16 Canales El NVR (grabador en red) integrado de la serie 30 ofrece una resoluci\u00f3n de v\u00eddeo 4K de alta definici\u00f3n (UHD) con NVR de 8 o 16 canales, con m\u00faltiples opciones de disco duro y hasta 20 TB de almacenamiento interno.","og_url":"https:\/\/tecplan.com.es\/en\/product\/grabador-serie-30\/","og_site_name":"Tecplan","article_modified_time":"2025-10-27T19:51:16+00:00","twitter_card":"summary_large_image","twitter_misc":{"Est. reading time":"2 minutes"},"schema":{"@context":"https:\/\/schema.org","@graph":[{"@type":"WebPage","@id":"https:\/\/tecplan.com.es\/product\/grabador-serie-30\/","url":"https:\/\/tecplan.com.es\/product\/grabador-serie-30\/","name":"GRABADOR SERIE 30 - Tecplan","isPartOf":{"@id":"https:\/\/tecplan.com.es\/#website"},"primaryImageOfPage":{"@id":"https:\/\/tecplan.com.es\/product\/grabador-serie-30\/#primaryimage"},"image":{"@id":"https:\/\/tecplan.com.es\/product\/grabador-serie-30\/#primaryimage"},"thumbnailUrl":"https:\/\/tecplan.com.es\/wp-content\/uploads\/2025\/10\/GRABADOR-SERIE-30.avif","datePublished":"2025-10-23T17:26:37+00:00","dateModified":"2025-10-27T19:51:16+00:00","breadcrumb":{"@id":"https:\/\/tecplan.com.es\/product\/grabador-serie-30\/#breadcrumb"},"inLanguage":"en-US","potentialAction":[{"@type":"ReadAction","target":["https:\/\/tecplan.com.es\/product\/grabador-serie-30\/"]}]},{"@type":"ImageObject","inLanguage":"en-US","@id":"https:\/\/tecplan.com.es\/product\/grabador-serie-30\/#primaryimage","url":"https:\/\/tecplan.com.es\/wp-content\/uploads\/2025\/10\/GRABADOR-SERIE-30.avif","contentUrl":"https:\/\/tecplan.com.es\/wp-content\/uploads\/2025\/10\/GRABADOR-SERIE-30.avif","width":903,"height":301},{"@type":"BreadcrumbList","@id":"https:\/\/tecplan.com.es\/product\/grabador-serie-30\/#breadcrumb","itemListElement":[{"@type":"ListItem","position":1,"name":"Home","item":"https:\/\/tecplan.com.es\/"},{"@type":"ListItem","position":2,"name":"Shop","item":"https:\/\/tecplan.com.es\/shop\/"},{"@type":"ListItem","position":3,"name":"GRABADOR SERIE 30"}]},{"@type":"WebSite","@id":"https:\/\/tecplan.com.es\/#website","url":"https:\/\/tecplan.com.es\/","name":"Tecplan","description":"","potentialAction":[{"@type":"SearchAction","target":{"@type":"EntryPoint","urlTemplate":"https:\/\/tecplan.com.es\/?s={search_term_string}"},"query-input":{"@type":"PropertyValueSpecification","valueRequired":true,"valueName":"search_term_string"}}],"inLanguage":"en-US"}]}},"_links":{"self":[{"href":"https:\/\/tecplan.com.es\/en\/wp-json\/wp\/v2\/product\/4217","targetHints":{"allow":["GET"]}}],"collection":[{"href":"https:\/\/tecplan.com.es\/en\/wp-json\/wp\/v2\/product"}],"about":[{"href":"https:\/\/tecplan.com.es\/en\/wp-json\/wp\/v2\/types\/product"}],"replies":[{"embeddable":true,"href":"https:\/\/tecplan.com.es\/en\/wp-json\/wp\/v2\/comments?post=4217"}],"version-history":[{"count":2,"href":"https:\/\/tecplan.com.es\/en\/wp-json\/wp\/v2\/product\/4217\/revisions"}],"predecessor-version":[{"id":4237,"href":"https:\/\/tecplan.com.es\/en\/wp-json\/wp\/v2\/product\/4217\/revisions\/4237"}],"wp:featuredmedia":[{"embeddable":true,"href":"https:\/\/tecplan.com.es\/en\/wp-json\/wp\/v2\/media\/4199"}],"wp:attachment":[{"href":"https:\/\/tecplan.com.es\/en\/wp-json\/wp\/v2\/media?parent=4217"}],"wp:term":[{"taxonomy":"product_brand","embeddable":true,"href":"https:\/\/tecplan.com.es\/en\/wp-json\/wp\/v2\/product_brand?post=4217"},{"taxonomy":"product_cat","embeddable":true,"href":"https:\/\/tecplan.com.es\/en\/wp-json\/wp\/v2\/product_cat?post=4217"},{"taxonomy":"product_tag","embeddable":true,"href":"https:\/\/tecplan.com.es\/en\/wp-json\/wp\/v2\/product_tag?post=4217"}],"curies":[{"name":"wp","href":"https:\/\/api.w.org\/{rel}","templated":true}]}}