{"id":4216,"date":"2025-10-23T17:26:37","date_gmt":"2025-10-23T17:26:37","guid":{"rendered":"https:\/\/tecplan.com.es\/product\/hdd-interno-wd43purz\/"},"modified":"2025-10-27T19:57:03","modified_gmt":"2025-10-27T19:57:03","slug":"hdd-interno-wd43purz","status":"publish","type":"product","link":"https:\/\/tecplan.com.es\/en\/product\/hdd-interno-wd43purz\/","title":{"rendered":"Disco Duro INTERNO WD43PURZ"},"content":{"rendered":"<p style=\"text-align: justify;\"><strong>DISCO DUROHDD INTERNO WD43PURZ Western Digital<\/strong><\/p>\n<p style=\"text-align: justify;\">\u2022 Almacenamiento l\u00edder en el sector de Vigilancia.<br \/>\n\u2022 \u00cdndices de carga de trabajo mejorados. M\u00faltiples c\u00e1maras, m\u00faltiples flujos.<br \/>\n\u2022 Dise\u00f1ado para soluciones de video vigilancia.<br \/>\n\u2022 Capacidad: 4 TB \/ Formato: 3.5-Inch \/ SATA<br \/>\n\u2022 Velocidad de transferencia: Arriba de 175MB\/s.<br \/>\n\u2022 Tecnolog\u00eda de grabaci\u00f3n: CMR.<br \/>\n\u2022 Tama\u00f1o de cach\u00e9 : 256MB.<br \/>\n\u2022 Dimensiones 5.79&#8243; x 4&#8243; x 1.03&#8243; Peso 570gms<br \/>\n\u2022 N\u00famero de modelo: WD43PURZ<br \/>\n\u2022 Temp. operativa: 0\u00b0C to 65\u00b0C<br \/>\n\u2022 Conecte hasta 64 c\u00e1maras por disco para los sistemas de seguridad con videovigilancia gracias a sus m\u00e1s de ocho ranuras.<br \/>\n\u2022 Gesti\u00f3n proactiva del almacenamiento con WDDA \u00cdndices de carga de trabajo mejorados<\/p>","protected":false},"excerpt":{"rendered":"<p style=\"text-align: justify;\"><strong>Disco duro para videovigilancia<\/strong><br \/>\nWD Purple &#8211; 4 TB<\/p>\n<p><img decoding=\"async\" class=\"wp-image-4242 aligncenter\" role=\"img\" src=\"https:\/\/tecplan.com.es\/wp-content\/uploads\/2025\/10\/western-digital-logo.svg\" alt=\"\" width=\"206\" height=\"29\" \/><\/p>","protected":false},"featured_media":4198,"comment_status":"open","ping_status":"closed","template":"","meta":{"site-sidebar-layout":"default","site-content-layout":"","ast-site-content-layout":"default","site-content-style":"default","site-sidebar-style":"default","ast-global-header-display":"","ast-banner-title-visibility":"","ast-main-header-display":"","ast-hfb-above-header-display":"","ast-hfb-below-header-display":"","ast-hfb-mobile-header-display":"","site-post-title":"","ast-breadcrumbs-content":"","ast-featured-img":"","footer-sml-layout":"","ast-disable-related-posts":"","theme-transparent-header-meta":"default","adv-header-id-meta":"","stick-header-meta":"","header-above-stick-meta":"","header-main-stick-meta":"","header-below-stick-meta":"","astra-migrate-meta-layouts":"set","ast-page-background-enabled":"default","ast-page-background-meta":{"desktop":{"background-color":"var(--ast-global-color-5)","background-image":"","background-repeat":"repeat","background-position":"center center","background-size":"auto","background-attachment":"scroll","background-type":"","background-media":"","overlay-type":"","overlay-color":"","overlay-opacity":"","overlay-gradient":""},"tablet":{"background-color":"","background-image":"","background-repeat":"repeat","background-position":"center center","background-size":"auto","background-attachment":"scroll","background-type":"","background-media":"","overlay-type":"","overlay-color":"","overlay-opacity":"","overlay-gradient":""},"mobile":{"background-color":"","background-image":"","background-repeat":"repeat","background-position":"center center","background-size":"auto","background-attachment":"scroll","background-type":"","background-media":"","overlay-type":"","overlay-color":"","overlay-opacity":"","overlay-gradient":""}},"ast-content-background-meta":{"desktop":{"background-color":"var(--ast-global-color-4)","background-image":"","background-repeat":"repeat","background-position":"center center","background-size":"auto","background-attachment":"scroll","background-type":"","background-media":"","overlay-type":"","overlay-color":"","overlay-opacity":"","overlay-gradient":""},"tablet":{"background-color":"var(--ast-global-color-4)","background-image":"","background-repeat":"repeat","background-position":"center center","background-size":"auto","background-attachment":"scroll","background-type":"","background-media":"","overlay-type":"","overlay-color":"","overlay-opacity":"","overlay-gradient":""},"mobile":{"background-color":"var(--ast-global-color-4)","background-image":"","background-repeat":"repeat","background-position":"center center","background-size":"auto","background-attachment":"scroll","background-type":"","background-media":"","overlay-type":"","overlay-color":"","overlay-opacity":"","overlay-gradient":""}}},"product_brand":[311],"product_cat":[182,252,195,173,178],"product_tag":[312],"class_list":{"0":"post-4216","1":"product","2":"type-product","3":"status-publish","4":"has-post-thumbnail","6":"product_brand-western-digital","7":"product_cat-otros-vigilancia","8":"product_cat-seg-otros","9":"product_cat-seguridad","10":"product_cat-seguridad-fisica","11":"product_cat-vigilancia-gps","12":"product_tag-western-digital","13":"desktop-align-left","14":"tablet-align-left","15":"mobile-align-left","17":"first","18":"instock","19":"shipping-taxable","20":"product-type-simple"},"yoast_head":"<!-- This site is optimized with the Yoast SEO plugin v25.3 - https:\/\/yoast.com\/wordpress\/plugins\/seo\/ -->\n<title>Disco Duro INTERNO WD43PURZ - Tecplan<\/title>\n<meta name=\"robots\" content=\"index, follow, max-snippet:-1, max-image-preview:large, max-video-preview:-1\" \/>\n<link rel=\"canonical\" href=\"https:\/\/tecplan.com.es\/en\/product\/hdd-interno-wd43purz\/\" \/>\n<meta property=\"og:locale\" content=\"en_US\" \/>\n<meta property=\"og:type\" content=\"article\" \/>\n<meta property=\"og:title\" content=\"Disco Duro INTERNO WD43PURZ - Tecplan\" \/>\n<meta property=\"og:description\" content=\"Disco duro para videovigilancia WD Purple - 4 TB\" \/>\n<meta property=\"og:url\" content=\"https:\/\/tecplan.com.es\/en\/product\/hdd-interno-wd43purz\/\" \/>\n<meta property=\"og:site_name\" content=\"Tecplan\" \/>\n<meta property=\"article:modified_time\" content=\"2025-10-27T19:57:03+00:00\" \/>\n<meta property=\"og:image\" content=\"https:\/\/tecplan.com.es\/wp-content\/uploads\/2025\/10\/HDDWDIWD43PURZ-1-lg.webp\" \/>\n\t<meta property=\"og:image:width\" content=\"1200\" \/>\n\t<meta property=\"og:image:height\" content=\"1200\" \/>\n\t<meta property=\"og:image:type\" content=\"image\/webp\" \/>\n<meta name=\"twitter:card\" content=\"summary_large_image\" \/>\n<meta name=\"twitter:label1\" content=\"Est. reading time\" \/>\n\t<meta name=\"twitter:data1\" content=\"1 minute\" \/>\n<script type=\"application\/ld+json\" class=\"yoast-schema-graph\">{\"@context\":\"https:\/\/schema.org\",\"@graph\":[{\"@type\":\"WebPage\",\"@id\":\"https:\/\/tecplan.com.es\/product\/hdd-interno-wd43purz\/\",\"url\":\"https:\/\/tecplan.com.es\/product\/hdd-interno-wd43purz\/\",\"name\":\"Disco Duro INTERNO WD43PURZ - Tecplan\",\"isPartOf\":{\"@id\":\"https:\/\/tecplan.com.es\/#website\"},\"primaryImageOfPage\":{\"@id\":\"https:\/\/tecplan.com.es\/product\/hdd-interno-wd43purz\/#primaryimage\"},\"image\":{\"@id\":\"https:\/\/tecplan.com.es\/product\/hdd-interno-wd43purz\/#primaryimage\"},\"thumbnailUrl\":\"https:\/\/tecplan.com.es\/wp-content\/uploads\/2025\/10\/HDDWDIWD43PURZ-1-lg.webp\",\"datePublished\":\"2025-10-23T17:26:37+00:00\",\"dateModified\":\"2025-10-27T19:57:03+00:00\",\"breadcrumb\":{\"@id\":\"https:\/\/tecplan.com.es\/product\/hdd-interno-wd43purz\/#breadcrumb\"},\"inLanguage\":\"en-US\",\"potentialAction\":[{\"@type\":\"ReadAction\",\"target\":[\"https:\/\/tecplan.com.es\/product\/hdd-interno-wd43purz\/\"]}]},{\"@type\":\"ImageObject\",\"inLanguage\":\"en-US\",\"@id\":\"https:\/\/tecplan.com.es\/product\/hdd-interno-wd43purz\/#primaryimage\",\"url\":\"https:\/\/tecplan.com.es\/wp-content\/uploads\/2025\/10\/HDDWDIWD43PURZ-1-lg.webp\",\"contentUrl\":\"https:\/\/tecplan.com.es\/wp-content\/uploads\/2025\/10\/HDDWDIWD43PURZ-1-lg.webp\",\"width\":1200,\"height\":1200},{\"@type\":\"BreadcrumbList\",\"@id\":\"https:\/\/tecplan.com.es\/product\/hdd-interno-wd43purz\/#breadcrumb\",\"itemListElement\":[{\"@type\":\"ListItem\",\"position\":1,\"name\":\"Home\",\"item\":\"https:\/\/tecplan.com.es\/\"},{\"@type\":\"ListItem\",\"position\":2,\"name\":\"Shop\",\"item\":\"https:\/\/tecplan.com.es\/shop\/\"},{\"@type\":\"ListItem\",\"position\":3,\"name\":\"Disco Duro INTERNO WD43PURZ\"}]},{\"@type\":\"WebSite\",\"@id\":\"https:\/\/tecplan.com.es\/#website\",\"url\":\"https:\/\/tecplan.com.es\/\",\"name\":\"Tecplan\",\"description\":\"\",\"potentialAction\":[{\"@type\":\"SearchAction\",\"target\":{\"@type\":\"EntryPoint\",\"urlTemplate\":\"https:\/\/tecplan.com.es\/?s={search_term_string}\"},\"query-input\":{\"@type\":\"PropertyValueSpecification\",\"valueRequired\":true,\"valueName\":\"search_term_string\"}}],\"inLanguage\":\"en-US\"}]}<\/script>\n<!-- \/ Yoast SEO plugin. -->","yoast_head_json":{"title":"Disco Duro INTERNO WD43PURZ - Tecplan","robots":{"index":"index","follow":"follow","max-snippet":"max-snippet:-1","max-image-preview":"max-image-preview:large","max-video-preview":"max-video-preview:-1"},"canonical":"https:\/\/tecplan.com.es\/en\/product\/hdd-interno-wd43purz\/","og_locale":"en_US","og_type":"article","og_title":"Disco Duro INTERNO WD43PURZ - Tecplan","og_description":"Disco duro para videovigilancia WD Purple - 4 TB","og_url":"https:\/\/tecplan.com.es\/en\/product\/hdd-interno-wd43purz\/","og_site_name":"Tecplan","article_modified_time":"2025-10-27T19:57:03+00:00","og_image":[{"width":1200,"height":1200,"url":"https:\/\/tecplan.com.es\/wp-content\/uploads\/2025\/10\/HDDWDIWD43PURZ-1-lg.webp","type":"image\/webp"}],"twitter_card":"summary_large_image","twitter_misc":{"Est. reading time":"1 minute"},"schema":{"@context":"https:\/\/schema.org","@graph":[{"@type":"WebPage","@id":"https:\/\/tecplan.com.es\/product\/hdd-interno-wd43purz\/","url":"https:\/\/tecplan.com.es\/product\/hdd-interno-wd43purz\/","name":"Disco Duro INTERNO WD43PURZ - Tecplan","isPartOf":{"@id":"https:\/\/tecplan.com.es\/#website"},"primaryImageOfPage":{"@id":"https:\/\/tecplan.com.es\/product\/hdd-interno-wd43purz\/#primaryimage"},"image":{"@id":"https:\/\/tecplan.com.es\/product\/hdd-interno-wd43purz\/#primaryimage"},"thumbnailUrl":"https:\/\/tecplan.com.es\/wp-content\/uploads\/2025\/10\/HDDWDIWD43PURZ-1-lg.webp","datePublished":"2025-10-23T17:26:37+00:00","dateModified":"2025-10-27T19:57:03+00:00","breadcrumb":{"@id":"https:\/\/tecplan.com.es\/product\/hdd-interno-wd43purz\/#breadcrumb"},"inLanguage":"en-US","potentialAction":[{"@type":"ReadAction","target":["https:\/\/tecplan.com.es\/product\/hdd-interno-wd43purz\/"]}]},{"@type":"ImageObject","inLanguage":"en-US","@id":"https:\/\/tecplan.com.es\/product\/hdd-interno-wd43purz\/#primaryimage","url":"https:\/\/tecplan.com.es\/wp-content\/uploads\/2025\/10\/HDDWDIWD43PURZ-1-lg.webp","contentUrl":"https:\/\/tecplan.com.es\/wp-content\/uploads\/2025\/10\/HDDWDIWD43PURZ-1-lg.webp","width":1200,"height":1200},{"@type":"BreadcrumbList","@id":"https:\/\/tecplan.com.es\/product\/hdd-interno-wd43purz\/#breadcrumb","itemListElement":[{"@type":"ListItem","position":1,"name":"Home","item":"https:\/\/tecplan.com.es\/"},{"@type":"ListItem","position":2,"name":"Shop","item":"https:\/\/tecplan.com.es\/shop\/"},{"@type":"ListItem","position":3,"name":"Disco Duro INTERNO WD43PURZ"}]},{"@type":"WebSite","@id":"https:\/\/tecplan.com.es\/#website","url":"https:\/\/tecplan.com.es\/","name":"Tecplan","description":"","potentialAction":[{"@type":"SearchAction","target":{"@type":"EntryPoint","urlTemplate":"https:\/\/tecplan.com.es\/?s={search_term_string}"},"query-input":{"@type":"PropertyValueSpecification","valueRequired":true,"valueName":"search_term_string"}}],"inLanguage":"en-US"}]}},"_links":{"self":[{"href":"https:\/\/tecplan.com.es\/en\/wp-json\/wp\/v2\/product\/4216","targetHints":{"allow":["GET"]}}],"collection":[{"href":"https:\/\/tecplan.com.es\/en\/wp-json\/wp\/v2\/product"}],"about":[{"href":"https:\/\/tecplan.com.es\/en\/wp-json\/wp\/v2\/types\/product"}],"replies":[{"embeddable":true,"href":"https:\/\/tecplan.com.es\/en\/wp-json\/wp\/v2\/comments?post=4216"}],"version-history":[{"count":3,"href":"https:\/\/tecplan.com.es\/en\/wp-json\/wp\/v2\/product\/4216\/revisions"}],"predecessor-version":[{"id":4245,"href":"https:\/\/tecplan.com.es\/en\/wp-json\/wp\/v2\/product\/4216\/revisions\/4245"}],"wp:featuredmedia":[{"embeddable":true,"href":"https:\/\/tecplan.com.es\/en\/wp-json\/wp\/v2\/media\/4198"}],"wp:attachment":[{"href":"https:\/\/tecplan.com.es\/en\/wp-json\/wp\/v2\/media?parent=4216"}],"wp:term":[{"taxonomy":"product_brand","embeddable":true,"href":"https:\/\/tecplan.com.es\/en\/wp-json\/wp\/v2\/product_brand?post=4216"},{"taxonomy":"product_cat","embeddable":true,"href":"https:\/\/tecplan.com.es\/en\/wp-json\/wp\/v2\/product_cat?post=4216"},{"taxonomy":"product_tag","embeddable":true,"href":"https:\/\/tecplan.com.es\/en\/wp-json\/wp\/v2\/product_tag?post=4216"}],"curies":[{"name":"wp","href":"https:\/\/api.w.org\/{rel}","templated":true}]}}