{"id":4215,"date":"2025-10-23T17:26:37","date_gmt":"2025-10-23T17:26:37","guid":{"rendered":"https:\/\/tecplan.com.es\/product\/hdd-interno\/"},"modified":"2025-10-27T19:56:13","modified_gmt":"2025-10-27T19:56:13","slug":"hdd-interno","status":"publish","type":"product","link":"https:\/\/tecplan.com.es\/en\/product\/hdd-interno\/","title":{"rendered":"Disco Duro HDD INTERNO"},"content":{"rendered":"<p style=\"text-align: justify;\"><strong>HDD INTERNO Seagate<\/strong><\/p>\n<p style=\"text-align: justify;\">El Seagate es un disco duro interno dise\u00f1ado para sistemas de videovigilancia, ofreciendo una capacidad de 4TB para almacenar horas y horas de grabaciones en alta definici\u00f3n.<br \/>\n\u2022 Modelo: SkyHawk ST4000VX016 Hard Drive<br \/>\n\u2022 Interfaz: SATA de 6 Gb\/s.<br \/>\n\u2022 Velocidad: 5,900 RPM.<br \/>\n\u2022 Optimizaci\u00f3n para vigilancia: Soporta hasta 64 c\u00e1maras. Dise\u00f1ado para operaci\u00f3n 24\/7.<br \/>\n\u2022 Tecnolog\u00eda SkyHawk\u2122 Mejora la eficiencia y fiabilidad en entornos de vigilancia.<br \/>\n\u2022 Interfaz Est\u00e1ndar de Disco Duro SATA\/600<br \/>\n\u2022 B\u00fafer 256 MB<br \/>\n\u2022 Velocidad de rotaci\u00f3n (rpm) 5900<br \/>\n\u2022 Tecnolog\u00eda de grabaci\u00f3n: Magn\u00e9tica (CMR)<\/p>","protected":false},"excerpt":{"rendered":"<p style=\"text-align: justify;\"><strong>Disco Duro Interno \u2013 4TB \u2013 <\/strong><\/p>\n<p style=\"text-align: justify;\">Dise\u00f1ado para Sistemas de Vigilancia y Almacenamiento Inteligente<\/p>\n<p>\u00a0<img decoding=\"async\" class=\"wp-image-4243 aligncenter\" src=\"https:\/\/tecplan.com.es\/wp-content\/uploads\/2025\/10\/b0ee64c21f6e6-300x100.png\" alt=\"\" width=\"156\" height=\"52\" srcset=\"https:\/\/tecplan.com.es\/wp-content\/uploads\/2025\/10\/b0ee64c21f6e6-300x100.png 300w, https:\/\/tecplan.com.es\/wp-content\/uploads\/2025\/10\/b0ee64c21f6e6-18x6.png 18w, https:\/\/tecplan.com.es\/wp-content\/uploads\/2025\/10\/b0ee64c21f6e6-600x201.png 600w, https:\/\/tecplan.com.es\/wp-content\/uploads\/2025\/10\/b0ee64c21f6e6.png 700w\" sizes=\"(max-width: 156px) 100vw, 156px\" \/><\/p>","protected":false},"featured_media":4197,"comment_status":"open","ping_status":"closed","template":"","meta":{"site-sidebar-layout":"default","site-content-layout":"","ast-site-content-layout":"default","site-content-style":"default","site-sidebar-style":"default","ast-global-header-display":"","ast-banner-title-visibility":"","ast-main-header-display":"","ast-hfb-above-header-display":"","ast-hfb-below-header-display":"","ast-hfb-mobile-header-display":"","site-post-title":"","ast-breadcrumbs-content":"","ast-featured-img":"","footer-sml-layout":"","ast-disable-related-posts":"","theme-transparent-header-meta":"default","adv-header-id-meta":"","stick-header-meta":"","header-above-stick-meta":"","header-main-stick-meta":"","header-below-stick-meta":"","astra-migrate-meta-layouts":"set","ast-page-background-enabled":"default","ast-page-background-meta":{"desktop":{"background-color":"var(--ast-global-color-5)","background-image":"","background-repeat":"repeat","background-position":"center center","background-size":"auto","background-attachment":"scroll","background-type":"","background-media":"","overlay-type":"","overlay-color":"","overlay-opacity":"","overlay-gradient":""},"tablet":{"background-color":"","background-image":"","background-repeat":"repeat","background-position":"center center","background-size":"auto","background-attachment":"scroll","background-type":"","background-media":"","overlay-type":"","overlay-color":"","overlay-opacity":"","overlay-gradient":""},"mobile":{"background-color":"","background-image":"","background-repeat":"repeat","background-position":"center center","background-size":"auto","background-attachment":"scroll","background-type":"","background-media":"","overlay-type":"","overlay-color":"","overlay-opacity":"","overlay-gradient":""}},"ast-content-background-meta":{"desktop":{"background-color":"var(--ast-global-color-4)","background-image":"","background-repeat":"repeat","background-position":"center center","background-size":"auto","background-attachment":"scroll","background-type":"","background-media":"","overlay-type":"","overlay-color":"","overlay-opacity":"","overlay-gradient":""},"tablet":{"background-color":"var(--ast-global-color-4)","background-image":"","background-repeat":"repeat","background-position":"center center","background-size":"auto","background-attachment":"scroll","background-type":"","background-media":"","overlay-type":"","overlay-color":"","overlay-opacity":"","overlay-gradient":""},"mobile":{"background-color":"var(--ast-global-color-4)","background-image":"","background-repeat":"repeat","background-position":"center center","background-size":"auto","background-attachment":"scroll","background-type":"","background-media":"","overlay-type":"","overlay-color":"","overlay-opacity":"","overlay-gradient":""}}},"product_brand":[310],"product_cat":[182,252,195,173,178],"product_tag":[231],"class_list":{"0":"post-4215","1":"product","2":"type-product","3":"status-publish","4":"has-post-thumbnail","6":"product_brand-seagate","7":"product_cat-otros-vigilancia","8":"product_cat-seg-otros","9":"product_cat-seguridad","10":"product_cat-seguridad-fisica","11":"product_cat-vigilancia-gps","12":"product_tag-seagate","13":"desktop-align-left","14":"tablet-align-left","15":"mobile-align-left","17":"first","18":"instock","19":"shipping-taxable","20":"product-type-simple"},"yoast_head":"<!-- This site is optimized with the Yoast SEO plugin v25.3 - https:\/\/yoast.com\/wordpress\/plugins\/seo\/ -->\n<title>Disco Duro HDD INTERNO - Tecplan<\/title>\n<meta name=\"robots\" content=\"index, follow, max-snippet:-1, max-image-preview:large, max-video-preview:-1\" \/>\n<link rel=\"canonical\" href=\"https:\/\/tecplan.com.es\/en\/product\/hdd-interno\/\" \/>\n<meta property=\"og:locale\" content=\"en_US\" \/>\n<meta property=\"og:type\" content=\"article\" \/>\n<meta property=\"og:title\" content=\"Disco Duro HDD INTERNO - Tecplan\" \/>\n<meta property=\"og:description\" content=\"Disco Duro Interno \u2013 4TB \u2013  Dise\u00f1ado para Sistemas de Vigilancia y Almacenamiento Inteligente \u00a0\" \/>\n<meta property=\"og:url\" content=\"https:\/\/tecplan.com.es\/en\/product\/hdd-interno\/\" \/>\n<meta property=\"og:site_name\" content=\"Tecplan\" \/>\n<meta property=\"article:modified_time\" content=\"2025-10-27T19:56:13+00:00\" \/>\n<meta property=\"og:image\" content=\"https:\/\/tecplan.com.es\/wp-content\/uploads\/2025\/10\/ST4000VX016.jpg\" \/>\n\t<meta property=\"og:image:width\" content=\"2000\" \/>\n\t<meta property=\"og:image:height\" content=\"2000\" \/>\n\t<meta property=\"og:image:type\" content=\"image\/jpeg\" \/>\n<meta name=\"twitter:card\" content=\"summary_large_image\" \/>\n<meta name=\"twitter:label1\" content=\"Est. reading time\" \/>\n\t<meta name=\"twitter:data1\" content=\"1 minute\" \/>\n<script type=\"application\/ld+json\" class=\"yoast-schema-graph\">{\"@context\":\"https:\/\/schema.org\",\"@graph\":[{\"@type\":\"WebPage\",\"@id\":\"https:\/\/tecplan.com.es\/product\/hdd-interno\/\",\"url\":\"https:\/\/tecplan.com.es\/product\/hdd-interno\/\",\"name\":\"Disco Duro HDD INTERNO - Tecplan\",\"isPartOf\":{\"@id\":\"https:\/\/tecplan.com.es\/#website\"},\"primaryImageOfPage\":{\"@id\":\"https:\/\/tecplan.com.es\/product\/hdd-interno\/#primaryimage\"},\"image\":{\"@id\":\"https:\/\/tecplan.com.es\/product\/hdd-interno\/#primaryimage\"},\"thumbnailUrl\":\"https:\/\/tecplan.com.es\/wp-content\/uploads\/2025\/10\/ST4000VX016.jpg\",\"datePublished\":\"2025-10-23T17:26:37+00:00\",\"dateModified\":\"2025-10-27T19:56:13+00:00\",\"breadcrumb\":{\"@id\":\"https:\/\/tecplan.com.es\/product\/hdd-interno\/#breadcrumb\"},\"inLanguage\":\"en-US\",\"potentialAction\":[{\"@type\":\"ReadAction\",\"target\":[\"https:\/\/tecplan.com.es\/product\/hdd-interno\/\"]}]},{\"@type\":\"ImageObject\",\"inLanguage\":\"en-US\",\"@id\":\"https:\/\/tecplan.com.es\/product\/hdd-interno\/#primaryimage\",\"url\":\"https:\/\/tecplan.com.es\/wp-content\/uploads\/2025\/10\/ST4000VX016.jpg\",\"contentUrl\":\"https:\/\/tecplan.com.es\/wp-content\/uploads\/2025\/10\/ST4000VX016.jpg\",\"width\":2000,\"height\":2000,\"caption\":\"Version 1.0.0\"},{\"@type\":\"BreadcrumbList\",\"@id\":\"https:\/\/tecplan.com.es\/product\/hdd-interno\/#breadcrumb\",\"itemListElement\":[{\"@type\":\"ListItem\",\"position\":1,\"name\":\"Home\",\"item\":\"https:\/\/tecplan.com.es\/\"},{\"@type\":\"ListItem\",\"position\":2,\"name\":\"Shop\",\"item\":\"https:\/\/tecplan.com.es\/shop\/\"},{\"@type\":\"ListItem\",\"position\":3,\"name\":\"Disco Duro HDD INTERNO\"}]},{\"@type\":\"WebSite\",\"@id\":\"https:\/\/tecplan.com.es\/#website\",\"url\":\"https:\/\/tecplan.com.es\/\",\"name\":\"Tecplan\",\"description\":\"\",\"potentialAction\":[{\"@type\":\"SearchAction\",\"target\":{\"@type\":\"EntryPoint\",\"urlTemplate\":\"https:\/\/tecplan.com.es\/?s={search_term_string}\"},\"query-input\":{\"@type\":\"PropertyValueSpecification\",\"valueRequired\":true,\"valueName\":\"search_term_string\"}}],\"inLanguage\":\"en-US\"}]}<\/script>\n<!-- \/ Yoast SEO plugin. -->","yoast_head_json":{"title":"Disco Duro HDD INTERNO - Tecplan","robots":{"index":"index","follow":"follow","max-snippet":"max-snippet:-1","max-image-preview":"max-image-preview:large","max-video-preview":"max-video-preview:-1"},"canonical":"https:\/\/tecplan.com.es\/en\/product\/hdd-interno\/","og_locale":"en_US","og_type":"article","og_title":"Disco Duro HDD INTERNO - Tecplan","og_description":"Disco Duro Interno \u2013 4TB \u2013  Dise\u00f1ado para Sistemas de Vigilancia y Almacenamiento Inteligente \u00a0","og_url":"https:\/\/tecplan.com.es\/en\/product\/hdd-interno\/","og_site_name":"Tecplan","article_modified_time":"2025-10-27T19:56:13+00:00","og_image":[{"width":2000,"height":2000,"url":"https:\/\/tecplan.com.es\/wp-content\/uploads\/2025\/10\/ST4000VX016.jpg","type":"image\/jpeg"}],"twitter_card":"summary_large_image","twitter_misc":{"Est. reading time":"1 minute"},"schema":{"@context":"https:\/\/schema.org","@graph":[{"@type":"WebPage","@id":"https:\/\/tecplan.com.es\/product\/hdd-interno\/","url":"https:\/\/tecplan.com.es\/product\/hdd-interno\/","name":"Disco Duro HDD INTERNO - Tecplan","isPartOf":{"@id":"https:\/\/tecplan.com.es\/#website"},"primaryImageOfPage":{"@id":"https:\/\/tecplan.com.es\/product\/hdd-interno\/#primaryimage"},"image":{"@id":"https:\/\/tecplan.com.es\/product\/hdd-interno\/#primaryimage"},"thumbnailUrl":"https:\/\/tecplan.com.es\/wp-content\/uploads\/2025\/10\/ST4000VX016.jpg","datePublished":"2025-10-23T17:26:37+00:00","dateModified":"2025-10-27T19:56:13+00:00","breadcrumb":{"@id":"https:\/\/tecplan.com.es\/product\/hdd-interno\/#breadcrumb"},"inLanguage":"en-US","potentialAction":[{"@type":"ReadAction","target":["https:\/\/tecplan.com.es\/product\/hdd-interno\/"]}]},{"@type":"ImageObject","inLanguage":"en-US","@id":"https:\/\/tecplan.com.es\/product\/hdd-interno\/#primaryimage","url":"https:\/\/tecplan.com.es\/wp-content\/uploads\/2025\/10\/ST4000VX016.jpg","contentUrl":"https:\/\/tecplan.com.es\/wp-content\/uploads\/2025\/10\/ST4000VX016.jpg","width":2000,"height":2000,"caption":"Version 1.0.0"},{"@type":"BreadcrumbList","@id":"https:\/\/tecplan.com.es\/product\/hdd-interno\/#breadcrumb","itemListElement":[{"@type":"ListItem","position":1,"name":"Home","item":"https:\/\/tecplan.com.es\/"},{"@type":"ListItem","position":2,"name":"Shop","item":"https:\/\/tecplan.com.es\/shop\/"},{"@type":"ListItem","position":3,"name":"Disco Duro HDD INTERNO"}]},{"@type":"WebSite","@id":"https:\/\/tecplan.com.es\/#website","url":"https:\/\/tecplan.com.es\/","name":"Tecplan","description":"","potentialAction":[{"@type":"SearchAction","target":{"@type":"EntryPoint","urlTemplate":"https:\/\/tecplan.com.es\/?s={search_term_string}"},"query-input":{"@type":"PropertyValueSpecification","valueRequired":true,"valueName":"search_term_string"}}],"inLanguage":"en-US"}]}},"_links":{"self":[{"href":"https:\/\/tecplan.com.es\/en\/wp-json\/wp\/v2\/product\/4215","targetHints":{"allow":["GET"]}}],"collection":[{"href":"https:\/\/tecplan.com.es\/en\/wp-json\/wp\/v2\/product"}],"about":[{"href":"https:\/\/tecplan.com.es\/en\/wp-json\/wp\/v2\/types\/product"}],"replies":[{"embeddable":true,"href":"https:\/\/tecplan.com.es\/en\/wp-json\/wp\/v2\/comments?post=4215"}],"version-history":[{"count":4,"href":"https:\/\/tecplan.com.es\/en\/wp-json\/wp\/v2\/product\/4215\/revisions"}],"predecessor-version":[{"id":4244,"href":"https:\/\/tecplan.com.es\/en\/wp-json\/wp\/v2\/product\/4215\/revisions\/4244"}],"wp:featuredmedia":[{"embeddable":true,"href":"https:\/\/tecplan.com.es\/en\/wp-json\/wp\/v2\/media\/4197"}],"wp:attachment":[{"href":"https:\/\/tecplan.com.es\/en\/wp-json\/wp\/v2\/media?parent=4215"}],"wp:term":[{"taxonomy":"product_brand","embeddable":true,"href":"https:\/\/tecplan.com.es\/en\/wp-json\/wp\/v2\/product_brand?post=4215"},{"taxonomy":"product_cat","embeddable":true,"href":"https:\/\/tecplan.com.es\/en\/wp-json\/wp\/v2\/product_cat?post=4215"},{"taxonomy":"product_tag","embeddable":true,"href":"https:\/\/tecplan.com.es\/en\/wp-json\/wp\/v2\/product_tag?post=4215"}],"curies":[{"name":"wp","href":"https:\/\/api.w.org\/{rel}","templated":true}]}}