{"id":4214,"date":"2025-10-23T17:26:37","date_gmt":"2025-10-23T17:26:37","guid":{"rendered":"https:\/\/tecplan.com.es\/product\/analisis-inteligente\/"},"modified":"2025-10-27T19:11:37","modified_gmt":"2025-10-27T19:11:37","slug":"analisis-inteligente","status":"publish","type":"product","link":"https:\/\/tecplan.com.es\/en\/product\/analisis-inteligente\/","title":{"rendered":"AN\u00c1LISIS INTELIGENTE"},"content":{"rendered":"<p style=\"text-align: justify;\"><strong>AN\u00c1LISIS INTELIGENTE<\/strong><br \/>\nTecnolog\u00eda de an\u00e1lisis de video inteligente ofrece alta precisi\u00f3n en la detecci\u00f3n y clasificaci\u00f3n de personas y veh\u00edculos, lo que le ayuda a comprender mejor lo que sucede en sus instalaciones. Las c\u00e1maras Pelco est\u00e1n dise\u00f1adas con Smart Analytics para brindar un conocimiento excepcional de la situaci\u00f3n y ayudar a tomar decisiones eficaces para una mayor seguridad.<\/p>\n<p style=\"text-align: justify;\">\u2022 Detecci\u00f3n y clasificaci\u00f3n de objetos<br \/>\n\u2022 Detecci\u00f3n de comportamiento<br \/>\n\u2022 Detecci\u00f3n de multitudes<br \/>\n\u2022 Detecci\u00f3n de rastreo<br \/>\n\u2022 An\u00e1lisis de audio<br \/>\n\u2022 Seguimiento autom\u00e1tico<br \/>\n\u2022 Herramienta de configuraci\u00f3n de c\u00e1maras<\/p>","protected":false},"excerpt":{"rendered":"<p><strong>C\u00e1maras m\u00e1s inteligentes para una toma de decisiones m\u00e1s r\u00e1pida y eficaz<\/strong><\/p>\n<p style=\"text-align: justify;\">Cuanta m\u00e1s informaci\u00f3n tenga sobre sus sitios, mejor podr\u00e1 protegerlos. Nuestros an\u00e1lisis de videoseguridad e inteligencia en la nube permiten a los operadores de seguridad supervisar las<br \/>\noperaciones con facilidad.<\/p>","protected":false},"featured_media":4196,"comment_status":"open","ping_status":"closed","template":"","meta":{"site-sidebar-layout":"default","site-content-layout":"","ast-site-content-layout":"default","site-content-style":"default","site-sidebar-style":"default","ast-global-header-display":"","ast-banner-title-visibility":"","ast-main-header-display":"","ast-hfb-above-header-display":"","ast-hfb-below-header-display":"","ast-hfb-mobile-header-display":"","site-post-title":"","ast-breadcrumbs-content":"","ast-featured-img":"","footer-sml-layout":"","ast-disable-related-posts":"","theme-transparent-header-meta":"default","adv-header-id-meta":"","stick-header-meta":"","header-above-stick-meta":"","header-main-stick-meta":"","header-below-stick-meta":"","astra-migrate-meta-layouts":"set","ast-page-background-enabled":"default","ast-page-background-meta":{"desktop":{"background-color":"var(--ast-global-color-5)","background-image":"","background-repeat":"repeat","background-position":"center center","background-size":"auto","background-attachment":"scroll","background-type":"","background-media":"","overlay-type":"","overlay-color":"","overlay-opacity":"","overlay-gradient":""},"tablet":{"background-color":"","background-image":"","background-repeat":"repeat","background-position":"center center","background-size":"auto","background-attachment":"scroll","background-type":"","background-media":"","overlay-type":"","overlay-color":"","overlay-opacity":"","overlay-gradient":""},"mobile":{"background-color":"","background-image":"","background-repeat":"repeat","background-position":"center center","background-size":"auto","background-attachment":"scroll","background-type":"","background-media":"","overlay-type":"","overlay-color":"","overlay-opacity":"","overlay-gradient":""}},"ast-content-background-meta":{"desktop":{"background-color":"var(--ast-global-color-4)","background-image":"","background-repeat":"repeat","background-position":"center center","background-size":"auto","background-attachment":"scroll","background-type":"","background-media":"","overlay-type":"","overlay-color":"","overlay-opacity":"","overlay-gradient":""},"tablet":{"background-color":"var(--ast-global-color-4)","background-image":"","background-repeat":"repeat","background-position":"center center","background-size":"auto","background-attachment":"scroll","background-type":"","background-media":"","overlay-type":"","overlay-color":"","overlay-opacity":"","overlay-gradient":""},"mobile":{"background-color":"var(--ast-global-color-4)","background-image":"","background-repeat":"repeat","background-position":"center center","background-size":"auto","background-attachment":"scroll","background-type":"","background-media":"","overlay-type":"","overlay-color":"","overlay-opacity":"","overlay-gradient":""}}},"product_brand":[],"product_cat":[182,252,195,173,178],"product_tag":[],"class_list":{"0":"post-4214","1":"product","2":"type-product","3":"status-publish","4":"has-post-thumbnail","6":"product_cat-otros-vigilancia","7":"product_cat-seg-otros","8":"product_cat-seguridad","9":"product_cat-seguridad-fisica","10":"product_cat-vigilancia-gps","11":"desktop-align-left","12":"tablet-align-left","13":"mobile-align-left","15":"first","16":"instock","17":"shipping-taxable","18":"product-type-simple"},"yoast_head":"<!-- This site is optimized with the Yoast SEO plugin v25.3 - https:\/\/yoast.com\/wordpress\/plugins\/seo\/ -->\n<title>AN\u00c1LISIS INTELIGENTE - Tecplan<\/title>\n<meta name=\"robots\" content=\"index, follow, max-snippet:-1, max-image-preview:large, max-video-preview:-1\" \/>\n<link rel=\"canonical\" href=\"https:\/\/tecplan.com.es\/en\/product\/analisis-inteligente\/\" \/>\n<meta property=\"og:locale\" content=\"en_US\" \/>\n<meta property=\"og:type\" content=\"article\" \/>\n<meta property=\"og:title\" content=\"AN\u00c1LISIS INTELIGENTE - Tecplan\" \/>\n<meta property=\"og:description\" content=\"C\u00e1maras m\u00e1s inteligentes para una toma de decisiones m\u00e1s r\u00e1pida y eficaz Cuanta m\u00e1s informaci\u00f3n tenga sobre sus sitios, mejor podr\u00e1 protegerlos. Nuestros an\u00e1lisis de videoseguridad e inteligencia en la nube permiten a los operadores de seguridad supervisar las operaciones con facilidad.\" \/>\n<meta property=\"og:url\" content=\"https:\/\/tecplan.com.es\/en\/product\/analisis-inteligente\/\" \/>\n<meta property=\"og:site_name\" content=\"Tecplan\" \/>\n<meta property=\"article:modified_time\" content=\"2025-10-27T19:11:37+00:00\" \/>\n<meta property=\"og:image\" content=\"https:\/\/tecplan.com.es\/wp-content\/uploads\/2025\/10\/camaras-2.jpg\" \/>\n\t<meta property=\"og:image:width\" content=\"480\" \/>\n\t<meta property=\"og:image:height\" content=\"320\" \/>\n\t<meta property=\"og:image:type\" content=\"image\/jpeg\" \/>\n<meta name=\"twitter:card\" content=\"summary_large_image\" \/>\n<meta name=\"twitter:label1\" content=\"Est. reading time\" \/>\n\t<meta name=\"twitter:data1\" content=\"1 minute\" \/>\n<script type=\"application\/ld+json\" class=\"yoast-schema-graph\">{\"@context\":\"https:\/\/schema.org\",\"@graph\":[{\"@type\":\"WebPage\",\"@id\":\"https:\/\/tecplan.com.es\/product\/analisis-inteligente\/\",\"url\":\"https:\/\/tecplan.com.es\/product\/analisis-inteligente\/\",\"name\":\"AN\u00c1LISIS INTELIGENTE - Tecplan\",\"isPartOf\":{\"@id\":\"https:\/\/tecplan.com.es\/#website\"},\"primaryImageOfPage\":{\"@id\":\"https:\/\/tecplan.com.es\/product\/analisis-inteligente\/#primaryimage\"},\"image\":{\"@id\":\"https:\/\/tecplan.com.es\/product\/analisis-inteligente\/#primaryimage\"},\"thumbnailUrl\":\"https:\/\/tecplan.com.es\/wp-content\/uploads\/2025\/10\/camaras-2.jpg\",\"datePublished\":\"2025-10-23T17:26:37+00:00\",\"dateModified\":\"2025-10-27T19:11:37+00:00\",\"breadcrumb\":{\"@id\":\"https:\/\/tecplan.com.es\/product\/analisis-inteligente\/#breadcrumb\"},\"inLanguage\":\"en-US\",\"potentialAction\":[{\"@type\":\"ReadAction\",\"target\":[\"https:\/\/tecplan.com.es\/product\/analisis-inteligente\/\"]}]},{\"@type\":\"ImageObject\",\"inLanguage\":\"en-US\",\"@id\":\"https:\/\/tecplan.com.es\/product\/analisis-inteligente\/#primaryimage\",\"url\":\"https:\/\/tecplan.com.es\/wp-content\/uploads\/2025\/10\/camaras-2.jpg\",\"contentUrl\":\"https:\/\/tecplan.com.es\/wp-content\/uploads\/2025\/10\/camaras-2.jpg\",\"width\":480,\"height\":320},{\"@type\":\"BreadcrumbList\",\"@id\":\"https:\/\/tecplan.com.es\/product\/analisis-inteligente\/#breadcrumb\",\"itemListElement\":[{\"@type\":\"ListItem\",\"position\":1,\"name\":\"Home\",\"item\":\"https:\/\/tecplan.com.es\/\"},{\"@type\":\"ListItem\",\"position\":2,\"name\":\"Shop\",\"item\":\"https:\/\/tecplan.com.es\/shop\/\"},{\"@type\":\"ListItem\",\"position\":3,\"name\":\"AN\u00c1LISIS INTELIGENTE\"}]},{\"@type\":\"WebSite\",\"@id\":\"https:\/\/tecplan.com.es\/#website\",\"url\":\"https:\/\/tecplan.com.es\/\",\"name\":\"Tecplan\",\"description\":\"\",\"potentialAction\":[{\"@type\":\"SearchAction\",\"target\":{\"@type\":\"EntryPoint\",\"urlTemplate\":\"https:\/\/tecplan.com.es\/?s={search_term_string}\"},\"query-input\":{\"@type\":\"PropertyValueSpecification\",\"valueRequired\":true,\"valueName\":\"search_term_string\"}}],\"inLanguage\":\"en-US\"}]}<\/script>\n<!-- \/ Yoast SEO plugin. -->","yoast_head_json":{"title":"AN\u00c1LISIS INTELIGENTE - Tecplan","robots":{"index":"index","follow":"follow","max-snippet":"max-snippet:-1","max-image-preview":"max-image-preview:large","max-video-preview":"max-video-preview:-1"},"canonical":"https:\/\/tecplan.com.es\/en\/product\/analisis-inteligente\/","og_locale":"en_US","og_type":"article","og_title":"AN\u00c1LISIS INTELIGENTE - Tecplan","og_description":"C\u00e1maras m\u00e1s inteligentes para una toma de decisiones m\u00e1s r\u00e1pida y eficaz Cuanta m\u00e1s informaci\u00f3n tenga sobre sus sitios, mejor podr\u00e1 protegerlos. Nuestros an\u00e1lisis de videoseguridad e inteligencia en la nube permiten a los operadores de seguridad supervisar las operaciones con facilidad.","og_url":"https:\/\/tecplan.com.es\/en\/product\/analisis-inteligente\/","og_site_name":"Tecplan","article_modified_time":"2025-10-27T19:11:37+00:00","og_image":[{"width":480,"height":320,"url":"https:\/\/tecplan.com.es\/wp-content\/uploads\/2025\/10\/camaras-2.jpg","type":"image\/jpeg"}],"twitter_card":"summary_large_image","twitter_misc":{"Est. reading time":"1 minute"},"schema":{"@context":"https:\/\/schema.org","@graph":[{"@type":"WebPage","@id":"https:\/\/tecplan.com.es\/product\/analisis-inteligente\/","url":"https:\/\/tecplan.com.es\/product\/analisis-inteligente\/","name":"AN\u00c1LISIS INTELIGENTE - Tecplan","isPartOf":{"@id":"https:\/\/tecplan.com.es\/#website"},"primaryImageOfPage":{"@id":"https:\/\/tecplan.com.es\/product\/analisis-inteligente\/#primaryimage"},"image":{"@id":"https:\/\/tecplan.com.es\/product\/analisis-inteligente\/#primaryimage"},"thumbnailUrl":"https:\/\/tecplan.com.es\/wp-content\/uploads\/2025\/10\/camaras-2.jpg","datePublished":"2025-10-23T17:26:37+00:00","dateModified":"2025-10-27T19:11:37+00:00","breadcrumb":{"@id":"https:\/\/tecplan.com.es\/product\/analisis-inteligente\/#breadcrumb"},"inLanguage":"en-US","potentialAction":[{"@type":"ReadAction","target":["https:\/\/tecplan.com.es\/product\/analisis-inteligente\/"]}]},{"@type":"ImageObject","inLanguage":"en-US","@id":"https:\/\/tecplan.com.es\/product\/analisis-inteligente\/#primaryimage","url":"https:\/\/tecplan.com.es\/wp-content\/uploads\/2025\/10\/camaras-2.jpg","contentUrl":"https:\/\/tecplan.com.es\/wp-content\/uploads\/2025\/10\/camaras-2.jpg","width":480,"height":320},{"@type":"BreadcrumbList","@id":"https:\/\/tecplan.com.es\/product\/analisis-inteligente\/#breadcrumb","itemListElement":[{"@type":"ListItem","position":1,"name":"Home","item":"https:\/\/tecplan.com.es\/"},{"@type":"ListItem","position":2,"name":"Shop","item":"https:\/\/tecplan.com.es\/shop\/"},{"@type":"ListItem","position":3,"name":"AN\u00c1LISIS INTELIGENTE"}]},{"@type":"WebSite","@id":"https:\/\/tecplan.com.es\/#website","url":"https:\/\/tecplan.com.es\/","name":"Tecplan","description":"","potentialAction":[{"@type":"SearchAction","target":{"@type":"EntryPoint","urlTemplate":"https:\/\/tecplan.com.es\/?s={search_term_string}"},"query-input":{"@type":"PropertyValueSpecification","valueRequired":true,"valueName":"search_term_string"}}],"inLanguage":"en-US"}]}},"_links":{"self":[{"href":"https:\/\/tecplan.com.es\/en\/wp-json\/wp\/v2\/product\/4214","targetHints":{"allow":["GET"]}}],"collection":[{"href":"https:\/\/tecplan.com.es\/en\/wp-json\/wp\/v2\/product"}],"about":[{"href":"https:\/\/tecplan.com.es\/en\/wp-json\/wp\/v2\/types\/product"}],"replies":[{"embeddable":true,"href":"https:\/\/tecplan.com.es\/en\/wp-json\/wp\/v2\/comments?post=4214"}],"version-history":[{"count":2,"href":"https:\/\/tecplan.com.es\/en\/wp-json\/wp\/v2\/product\/4214\/revisions"}],"predecessor-version":[{"id":4230,"href":"https:\/\/tecplan.com.es\/en\/wp-json\/wp\/v2\/product\/4214\/revisions\/4230"}],"wp:featuredmedia":[{"embeddable":true,"href":"https:\/\/tecplan.com.es\/en\/wp-json\/wp\/v2\/media\/4196"}],"wp:attachment":[{"href":"https:\/\/tecplan.com.es\/en\/wp-json\/wp\/v2\/media?parent=4214"}],"wp:term":[{"taxonomy":"product_brand","embeddable":true,"href":"https:\/\/tecplan.com.es\/en\/wp-json\/wp\/v2\/product_brand?post=4214"},{"taxonomy":"product_cat","embeddable":true,"href":"https:\/\/tecplan.com.es\/en\/wp-json\/wp\/v2\/product_cat?post=4214"},{"taxonomy":"product_tag","embeddable":true,"href":"https:\/\/tecplan.com.es\/en\/wp-json\/wp\/v2\/product_tag?post=4214"}],"curies":[{"name":"wp","href":"https:\/\/api.w.org\/{rel}","templated":true}]}}