{"id":4190,"date":"2025-10-22T23:02:15","date_gmt":"2025-10-22T23:02:15","guid":{"rendered":"https:\/\/tecplan.com.es\/product\/camara-axis-p3905-r\/"},"modified":"2025-11-03T20:54:10","modified_gmt":"2025-11-03T20:54:10","slug":"camara-axis-p3905-r","status":"publish","type":"product","link":"https:\/\/tecplan.com.es\/en\/product\/camara-axis-p3905-r\/","title":{"rendered":"C\u00e1mara AXIS P3905-R"},"content":{"rendered":"<p style=\"text-align: justify;\"><strong>AXIS P3905-R C\u00e1mara domo Mk III 2 MP de vigilancia interior a bordo<\/strong><\/p>\n<p style=\"text-align: justify;\">Dise\u00f1ada espec\u00edficamente para la supervisi\u00f3n a bordo de interiores de veh\u00edculos ferroviarios como trenes y tranv\u00edas, esta resistente c\u00e1mara domo puede soportar golpes y vibraciones y garantiza un alto rendimiento en diversas condiciones de iluminaci\u00f3n.<\/p>\n<p style=\"text-align: justify;\"><strong>Optimizada para vigilancia integrada<\/strong><br \/>\nEsta c\u00e1mara de a bordo de 2 MP garantiza un alto rendimiento incluso en condiciones de iluminaci\u00f3n cambiantes. Con Forensic WDR obtiene claridad incluso cuando en la escena hay zonas iluminadas y ensombrecidas. Y, Lightfinder captura im\u00e1genes a todo color con muy poca luz. Gracias al modo sem\u00e1foro, AXIS P3905-R Mk III puede distinguir el color de los sem\u00e1foros en escenas oscuras. Adem\u00e1s, hay dos variaciones de producto disponibles con diferentes opciones de objetivos y objetivos adicionales disponibles como accesorios: todo lo que necesita para ajustar el campo de visi\u00f3n con fines de supervisi\u00f3n personalizada.<\/p>\n<p style=\"text-align: justify;\"><strong>Para condiciones a bordo dif\u00edciles<\/strong><br \/>\nAXIS P3905-R Mk III cumple con los est\u00e1ndares del sector de los transportes, incluidos EN50155 y EN45545. Esta c\u00e1mara robusta tiene clasificaci\u00f3n IK10, IP66-, IP67 y viene con conector RJ45 o M12 para instalaciones flexibles. Adem\u00e1s, cuando se utiliza junto con la carcasa AXIS TP3826-E, se puede montar en el exterior de un veh\u00edculo para resistir las inclemencias del tiempo.<\/p>\n<p style=\"text-align: justify;\"><strong>Segura y rentable<\/strong><br \/>\nEsta c\u00e1mara de a bordo ofrece funciones de ciberseguridad integradas para ayudar a evitar el acceso no autorizado y proteger el sistema. Por ejemplo, Axis Edge Vault protege el ID de los dispositivos Axis y simplifica la autorizaci\u00f3n de los dispositivos Axis de una red. Gracias a la tecnolog\u00eda Axis Zipstream, reduce de forma significativa los requisitos de almacenamiento y ancho de banda sin comprometer la calidad de imagen. El resultado es una gran facilidad de uso forense, un ahorro significativo y una c\u00e1mara que es perfecta para las condiciones a bordo.<\/p>\n<div class=\"ast-oembed-container\" style=\"height: 100%;\"><iframe title=\"AXIS M3905-R Dome Camera - C\u00e1mara embarcada para autobuses\" width=\"500\" height=\"281\" src=\"https:\/\/www.youtube.com\/embed\/S9ruO4e83sY?feature=oembed\" frameborder=\"0\" allow=\"accelerometer; autoplay; clipboard-write; encrypted-media; gyroscope; picture-in-picture; web-share\" referrerpolicy=\"strict-origin-when-cross-origin\" allowfullscreen><\/iframe><\/div>\n<h5 style=\"text-align: justify;\"><span style=\"text-decoration: underline;\"><strong>DOWNLOADS<\/strong><\/span><\/h5>\n<ul style=\"text-align: justify;\">\n<li><a href=\"https:\/\/drive.google.com\/file\/d\/1tstsak9M174iSRQJdcLruaUYBbFSBptf\/view?usp=sharing\">\u2192 Technical specifications<\/a><\/li>\n<\/ul>","protected":false},"excerpt":{"rendered":"<p style=\"text-align: justify;\"><strong>AXIS P3905-R Mk III Dome Camera Para vigilancia en interiores a bordo de trenes y autobuses<\/strong><\/p>\n<ul style=\"text-align: justify;\">\n<li>Compact and resistant design<\/li>\n<li>Cumple con EN50155<\/li>\n<li>\u00a0Lightfinder y Forensic WDR<\/li>\n<li>\u00a0Dos versiones de productos disponibles<\/li>\n<li>Modo de sem\u00e1foro<\/li>\n<li>Max video resolution 1920&#215;1080<\/li>\n<li>Longitud focal *<\/li>\n<li>Zoom digital 3,6 \/ 3,6 \/ 2,8 mm<\/li>\n<li>Compresi\u00f3n de video H.264 Alto, Almacenamiento local (ranura para tarjeta de memoria)<\/li>\n<\/ul>\n<p style=\"text-align: justify;\">","protected":false},"featured_media":4167,"comment_status":"open","ping_status":"closed","template":"","meta":{"site-sidebar-layout":"default","site-content-layout":"","ast-site-content-layout":"default","site-content-style":"default","site-sidebar-style":"default","ast-global-header-display":"","ast-banner-title-visibility":"","ast-main-header-display":"","ast-hfb-above-header-display":"","ast-hfb-below-header-display":"","ast-hfb-mobile-header-display":"","site-post-title":"","ast-breadcrumbs-content":"","ast-featured-img":"","footer-sml-layout":"","ast-disable-related-posts":"","theme-transparent-header-meta":"default","adv-header-id-meta":"","stick-header-meta":"","header-above-stick-meta":"","header-main-stick-meta":"","header-below-stick-meta":"","astra-migrate-meta-layouts":"set","ast-page-background-enabled":"default","ast-page-background-meta":{"desktop":{"background-color":"var(--ast-global-color-5)","background-image":"","background-repeat":"repeat","background-position":"center center","background-size":"auto","background-attachment":"scroll","background-type":"","background-media":"","overlay-type":"","overlay-color":"","overlay-opacity":"","overlay-gradient":""},"tablet":{"background-color":"","background-image":"","background-repeat":"repeat","background-position":"center center","background-size":"auto","background-attachment":"scroll","background-type":"","background-media":"","overlay-type":"","overlay-color":"","overlay-opacity":"","overlay-gradient":""},"mobile":{"background-color":"","background-image":"","background-repeat":"repeat","background-position":"center center","background-size":"auto","background-attachment":"scroll","background-type":"","background-media":"","overlay-type":"","overlay-color":"","overlay-opacity":"","overlay-gradient":""}},"ast-content-background-meta":{"desktop":{"background-color":"var(--ast-global-color-4)","background-image":"","background-repeat":"repeat","background-position":"center center","background-size":"auto","background-attachment":"scroll","background-type":"","background-media":"","overlay-type":"","overlay-color":"","overlay-opacity":"","overlay-gradient":""},"tablet":{"background-color":"var(--ast-global-color-4)","background-image":"","background-repeat":"repeat","background-position":"center center","background-size":"auto","background-attachment":"scroll","background-type":"","background-media":"","overlay-type":"","overlay-color":"","overlay-opacity":"","overlay-gradient":""},"mobile":{"background-color":"var(--ast-global-color-4)","background-image":"","background-repeat":"repeat","background-position":"center center","background-size":"auto","background-attachment":"scroll","background-type":"","background-media":"","overlay-type":"","overlay-color":"","overlay-opacity":"","overlay-gradient":""}}},"product_brand":[302],"product_cat":[181,195,178],"product_tag":[303],"class_list":{"0":"post-4190","1":"product","2":"type-product","3":"status-publish","4":"has-post-thumbnail","6":"product_brand-axis","7":"product_cat-cam-domo","8":"product_cat-seguridad","9":"product_cat-vigilancia-gps","10":"product_tag-axis","11":"desktop-align-left","12":"tablet-align-left","13":"mobile-align-left","15":"first","16":"instock","17":"shipping-taxable","18":"product-type-simple"},"yoast_head":"<!-- This site is optimized with the Yoast SEO plugin v25.3 - https:\/\/yoast.com\/wordpress\/plugins\/seo\/ -->\n<title>C\u00e1mara AXIS P3905-R - Tecplan<\/title>\n<meta name=\"robots\" content=\"index, follow, max-snippet:-1, max-image-preview:large, max-video-preview:-1\" \/>\n<link rel=\"canonical\" href=\"https:\/\/tecplan.com.es\/en\/product\/camara-axis-p3905-r\/\" \/>\n<meta property=\"og:locale\" content=\"en_US\" \/>\n<meta property=\"og:type\" content=\"article\" \/>\n<meta property=\"og:title\" content=\"C\u00e1mara AXIS P3905-R - Tecplan\" \/>\n<meta property=\"og:description\" content=\"AXIS P3905-R Mk III Dome Camera Para vigilancia en interiores a bordo de trenes y autobuses    Dise\u00f1o compacto y resistente  Cumple con EN50155  \u00a0Lightfinder y Forensic WDR  \u00a0Dos versiones de productos disponibles  Modo de sem\u00e1foro  Max video resolution 1920x1080  Longitud focal *  Zoom digital 3,6 \/ 3,6 \/ 2,8 mm  Compresi\u00f3n de video H.264 Alto, Almacenamiento local (ranura para tarjeta de memoria)\" \/>\n<meta property=\"og:url\" content=\"https:\/\/tecplan.com.es\/en\/product\/camara-axis-p3905-r\/\" \/>\n<meta property=\"og:site_name\" content=\"Tecplan\" \/>\n<meta property=\"article:modified_time\" content=\"2025-11-03T20:54:10+00:00\" \/>\n<meta property=\"og:image\" content=\"https:\/\/tecplan.com.es\/wp-content\/uploads\/2025\/10\/p3905r_-2.webp\" \/>\n\t<meta property=\"og:image:width\" content=\"500\" \/>\n\t<meta property=\"og:image:height\" content=\"500\" \/>\n\t<meta property=\"og:image:type\" content=\"image\/webp\" \/>\n<meta name=\"twitter:card\" content=\"summary_large_image\" \/>\n<meta name=\"twitter:label1\" content=\"Est. reading time\" \/>\n\t<meta name=\"twitter:data1\" content=\"2 minutes\" \/>\n<script type=\"application\/ld+json\" class=\"yoast-schema-graph\">{\"@context\":\"https:\/\/schema.org\",\"@graph\":[{\"@type\":\"WebPage\",\"@id\":\"https:\/\/tecplan.com.es\/product\/camara-axis-p3905-r\/\",\"url\":\"https:\/\/tecplan.com.es\/product\/camara-axis-p3905-r\/\",\"name\":\"C\u00e1mara AXIS P3905-R - Tecplan\",\"isPartOf\":{\"@id\":\"https:\/\/tecplan.com.es\/#website\"},\"primaryImageOfPage\":{\"@id\":\"https:\/\/tecplan.com.es\/product\/camara-axis-p3905-r\/#primaryimage\"},\"image\":{\"@id\":\"https:\/\/tecplan.com.es\/product\/camara-axis-p3905-r\/#primaryimage\"},\"thumbnailUrl\":\"https:\/\/tecplan.com.es\/wp-content\/uploads\/2025\/10\/p3905r_-2.webp\",\"datePublished\":\"2025-10-22T23:02:15+00:00\",\"dateModified\":\"2025-11-03T20:54:10+00:00\",\"breadcrumb\":{\"@id\":\"https:\/\/tecplan.com.es\/product\/camara-axis-p3905-r\/#breadcrumb\"},\"inLanguage\":\"en-US\",\"potentialAction\":[{\"@type\":\"ReadAction\",\"target\":[\"https:\/\/tecplan.com.es\/product\/camara-axis-p3905-r\/\"]}]},{\"@type\":\"ImageObject\",\"inLanguage\":\"en-US\",\"@id\":\"https:\/\/tecplan.com.es\/product\/camara-axis-p3905-r\/#primaryimage\",\"url\":\"https:\/\/tecplan.com.es\/wp-content\/uploads\/2025\/10\/p3905r_-2.webp\",\"contentUrl\":\"https:\/\/tecplan.com.es\/wp-content\/uploads\/2025\/10\/p3905r_-2.webp\",\"width\":500,\"height\":500},{\"@type\":\"BreadcrumbList\",\"@id\":\"https:\/\/tecplan.com.es\/product\/camara-axis-p3905-r\/#breadcrumb\",\"itemListElement\":[{\"@type\":\"ListItem\",\"position\":1,\"name\":\"Home\",\"item\":\"https:\/\/tecplan.com.es\/\"},{\"@type\":\"ListItem\",\"position\":2,\"name\":\"Shop\",\"item\":\"https:\/\/tecplan.com.es\/shop\/\"},{\"@type\":\"ListItem\",\"position\":3,\"name\":\"C\u00e1mara AXIS P3905-R\"}]},{\"@type\":\"WebSite\",\"@id\":\"https:\/\/tecplan.com.es\/#website\",\"url\":\"https:\/\/tecplan.com.es\/\",\"name\":\"Tecplan\",\"description\":\"\",\"potentialAction\":[{\"@type\":\"SearchAction\",\"target\":{\"@type\":\"EntryPoint\",\"urlTemplate\":\"https:\/\/tecplan.com.es\/?s={search_term_string}\"},\"query-input\":{\"@type\":\"PropertyValueSpecification\",\"valueRequired\":true,\"valueName\":\"search_term_string\"}}],\"inLanguage\":\"en-US\"}]}<\/script>\n<!-- \/ Yoast SEO plugin. -->","yoast_head_json":{"title":"C\u00e1mara AXIS P3905-R - Tecplan","robots":{"index":"index","follow":"follow","max-snippet":"max-snippet:-1","max-image-preview":"max-image-preview:large","max-video-preview":"max-video-preview:-1"},"canonical":"https:\/\/tecplan.com.es\/en\/product\/camara-axis-p3905-r\/","og_locale":"en_US","og_type":"article","og_title":"C\u00e1mara AXIS P3905-R - Tecplan","og_description":"AXIS P3905-R Mk III Dome Camera Para vigilancia en interiores a bordo de trenes y autobuses    Dise\u00f1o compacto y resistente  Cumple con EN50155  \u00a0Lightfinder y Forensic WDR  \u00a0Dos versiones de productos disponibles  Modo de sem\u00e1foro  Max video resolution 1920x1080  Longitud focal *  Zoom digital 3,6 \/ 3,6 \/ 2,8 mm  Compresi\u00f3n de video H.264 Alto, Almacenamiento local (ranura para tarjeta de memoria)","og_url":"https:\/\/tecplan.com.es\/en\/product\/camara-axis-p3905-r\/","og_site_name":"Tecplan","article_modified_time":"2025-11-03T20:54:10+00:00","og_image":[{"width":500,"height":500,"url":"https:\/\/tecplan.com.es\/wp-content\/uploads\/2025\/10\/p3905r_-2.webp","type":"image\/webp"}],"twitter_card":"summary_large_image","twitter_misc":{"Est. reading time":"2 minutes"},"schema":{"@context":"https:\/\/schema.org","@graph":[{"@type":"WebPage","@id":"https:\/\/tecplan.com.es\/product\/camara-axis-p3905-r\/","url":"https:\/\/tecplan.com.es\/product\/camara-axis-p3905-r\/","name":"C\u00e1mara AXIS P3905-R - Tecplan","isPartOf":{"@id":"https:\/\/tecplan.com.es\/#website"},"primaryImageOfPage":{"@id":"https:\/\/tecplan.com.es\/product\/camara-axis-p3905-r\/#primaryimage"},"image":{"@id":"https:\/\/tecplan.com.es\/product\/camara-axis-p3905-r\/#primaryimage"},"thumbnailUrl":"https:\/\/tecplan.com.es\/wp-content\/uploads\/2025\/10\/p3905r_-2.webp","datePublished":"2025-10-22T23:02:15+00:00","dateModified":"2025-11-03T20:54:10+00:00","breadcrumb":{"@id":"https:\/\/tecplan.com.es\/product\/camara-axis-p3905-r\/#breadcrumb"},"inLanguage":"en-US","potentialAction":[{"@type":"ReadAction","target":["https:\/\/tecplan.com.es\/product\/camara-axis-p3905-r\/"]}]},{"@type":"ImageObject","inLanguage":"en-US","@id":"https:\/\/tecplan.com.es\/product\/camara-axis-p3905-r\/#primaryimage","url":"https:\/\/tecplan.com.es\/wp-content\/uploads\/2025\/10\/p3905r_-2.webp","contentUrl":"https:\/\/tecplan.com.es\/wp-content\/uploads\/2025\/10\/p3905r_-2.webp","width":500,"height":500},{"@type":"BreadcrumbList","@id":"https:\/\/tecplan.com.es\/product\/camara-axis-p3905-r\/#breadcrumb","itemListElement":[{"@type":"ListItem","position":1,"name":"Home","item":"https:\/\/tecplan.com.es\/"},{"@type":"ListItem","position":2,"name":"Shop","item":"https:\/\/tecplan.com.es\/shop\/"},{"@type":"ListItem","position":3,"name":"C\u00e1mara AXIS P3905-R"}]},{"@type":"WebSite","@id":"https:\/\/tecplan.com.es\/#website","url":"https:\/\/tecplan.com.es\/","name":"Tecplan","description":"","potentialAction":[{"@type":"SearchAction","target":{"@type":"EntryPoint","urlTemplate":"https:\/\/tecplan.com.es\/?s={search_term_string}"},"query-input":{"@type":"PropertyValueSpecification","valueRequired":true,"valueName":"search_term_string"}}],"inLanguage":"en-US"}]}},"_links":{"self":[{"href":"https:\/\/tecplan.com.es\/en\/wp-json\/wp\/v2\/product\/4190","targetHints":{"allow":["GET"]}}],"collection":[{"href":"https:\/\/tecplan.com.es\/en\/wp-json\/wp\/v2\/product"}],"about":[{"href":"https:\/\/tecplan.com.es\/en\/wp-json\/wp\/v2\/types\/product"}],"replies":[{"embeddable":true,"href":"https:\/\/tecplan.com.es\/en\/wp-json\/wp\/v2\/comments?post=4190"}],"version-history":[{"count":2,"href":"https:\/\/tecplan.com.es\/en\/wp-json\/wp\/v2\/product\/4190\/revisions"}],"predecessor-version":[{"id":4390,"href":"https:\/\/tecplan.com.es\/en\/wp-json\/wp\/v2\/product\/4190\/revisions\/4390"}],"wp:featuredmedia":[{"embeddable":true,"href":"https:\/\/tecplan.com.es\/en\/wp-json\/wp\/v2\/media\/4167"}],"wp:attachment":[{"href":"https:\/\/tecplan.com.es\/en\/wp-json\/wp\/v2\/media?parent=4190"}],"wp:term":[{"taxonomy":"product_brand","embeddable":true,"href":"https:\/\/tecplan.com.es\/en\/wp-json\/wp\/v2\/product_brand?post=4190"},{"taxonomy":"product_cat","embeddable":true,"href":"https:\/\/tecplan.com.es\/en\/wp-json\/wp\/v2\/product_cat?post=4190"},{"taxonomy":"product_tag","embeddable":true,"href":"https:\/\/tecplan.com.es\/en\/wp-json\/wp\/v2\/product_tag?post=4190"}],"curies":[{"name":"wp","href":"https:\/\/api.w.org\/{rel}","templated":true}]}}