{"id":4189,"date":"2025-10-22T23:02:15","date_gmt":"2025-10-22T23:02:15","guid":{"rendered":"https:\/\/tecplan.com.es\/product\/camara-axis-m3116-lve\/"},"modified":"2025-11-03T20:48:47","modified_gmt":"2025-11-03T20:48:47","slug":"camara-axis-m3116-lve","status":"publish","type":"product","link":"https:\/\/tecplan.com.es\/en\/product\/camara-axis-m3116-lve\/","title":{"rendered":"C\u00e1mara AXIS M3116-LVE"},"content":{"rendered":"<p style=\"text-align: justify;\"><strong>AXIS M3116-LVE C\u00e1mara de red de dise\u00f1o domo plano, asequible de 4 MP y con IR<\/strong><\/p>\n<p style=\"text-align: justify;\"><strong>C\u00e1mara de red AXIS M3116\u2013LVE Domo plano de 4 MP con IR y asequible<\/strong><br \/>\nLa AXIS M3116-LVE es un domo plano y asequible, dise\u00f1ado para suprimir los reflejos de luz. Esta c\u00e1mara compacta, con clasificaci\u00f3n IK08, ofrece una visi\u00f3n gran angular en v\u00eddeo de 4 MP. Incluye WDR forense, Lightfinder e iluminaci\u00f3n infrarroja integrada para obtener v\u00eddeos n\u00edtidos con colores claros incluso en condiciones de luz adversas o en total oscuridad. Adem\u00e1s, ofrece una instalaci\u00f3n flexible para vigilancia tanto en interiores como en exteriores. Gracias a su ajuste del \u00e1ngulo de la c\u00e1mara en 3 ejes, se puede nivelar y dirigir f\u00e1cilmente. Incorpora funciones de seguridad mejoradas y Axis Zipstream, compatible con H.264\/H.265, que reduce significativamente los requisitos de ancho de banda y almacenamiento sin comprometer la Calidad de la imagen.<\/p>\n<p style=\"text-align: justify;\">\u2022 Calidad de v\u00eddeo de 4 MP<br \/>\n\u2022 Forensic WDR, Lightfinder e iluminaci\u00f3n IR<br \/>\n\u2022 Dise\u00f1o plano que elimina los reflejos de luz<br \/>\n\u2022 Zipstream compatible con H.264 y H.265<br \/>\n\u2022 Firmware firmado y arranque seguro<br \/>\n\u2022 Sensor de imagen CMOS RGB de barrido progresivo de 1\/2,7&#8243;<br \/>\n\u2022 Resoluci\u00f3n de H.264 2688&#215;1512 a 320&#215;240<\/p>\n<h5 style=\"text-align: justify;\"><span style=\"text-decoration: underline;\"><strong>DOWNLOADS<\/strong><\/span><\/h5>\n<ul style=\"text-align: justify;\">\n<li><a href=\"https:\/\/drive.google.com\/file\/d\/1uvz4bb8x-skgo5kOWRD05qjRKs73sP8R\/view?usp=sharing\">\u2192 Technical specifications<\/a><\/li>\n<\/ul>","protected":false},"excerpt":{"rendered":"<p style=\"text-align: justify;\">La AXIS M3116-LVE c\u00e1mara compacta con clasificaci\u00f3n IK08 ofrece una vista ampliada conMgran angular en v\u00eddeo de 4 MP. Incluye Forensic WDR, Lightfinder e iluminaci\u00f3n IR integrada para obtener im\u00e1genes n\u00edtidas con colores claros, incluso en condiciones dif\u00edciles de iluminaci\u00f3n o en oscuridad total. Ofrece tambi\u00e9n una instalaci\u00f3n \u00a0flexible para la vigilancia en interior y exterior.<\/p>\n<p><img decoding=\"async\" class=\"wp-image-3987 aligncenter\" src=\"https:\/\/tecplan.com.es\/wp-content\/uploads\/2025\/10\/Axis_744e92e672d8787f19475450de24f761.png\" alt=\"\" width=\"163\" height=\"75\" \/><\/p>","protected":false},"featured_media":4165,"comment_status":"open","ping_status":"closed","template":"","meta":{"site-sidebar-layout":"default","site-content-layout":"","ast-site-content-layout":"default","site-content-style":"default","site-sidebar-style":"default","ast-global-header-display":"","ast-banner-title-visibility":"","ast-main-header-display":"","ast-hfb-above-header-display":"","ast-hfb-below-header-display":"","ast-hfb-mobile-header-display":"","site-post-title":"","ast-breadcrumbs-content":"","ast-featured-img":"","footer-sml-layout":"","ast-disable-related-posts":"","theme-transparent-header-meta":"default","adv-header-id-meta":"","stick-header-meta":"","header-above-stick-meta":"","header-main-stick-meta":"","header-below-stick-meta":"","astra-migrate-meta-layouts":"set","ast-page-background-enabled":"default","ast-page-background-meta":{"desktop":{"background-color":"var(--ast-global-color-5)","background-image":"","background-repeat":"repeat","background-position":"center center","background-size":"auto","background-attachment":"scroll","background-type":"","background-media":"","overlay-type":"","overlay-color":"","overlay-opacity":"","overlay-gradient":""},"tablet":{"background-color":"","background-image":"","background-repeat":"repeat","background-position":"center center","background-size":"auto","background-attachment":"scroll","background-type":"","background-media":"","overlay-type":"","overlay-color":"","overlay-opacity":"","overlay-gradient":""},"mobile":{"background-color":"","background-image":"","background-repeat":"repeat","background-position":"center center","background-size":"auto","background-attachment":"scroll","background-type":"","background-media":"","overlay-type":"","overlay-color":"","overlay-opacity":"","overlay-gradient":""}},"ast-content-background-meta":{"desktop":{"background-color":"var(--ast-global-color-4)","background-image":"","background-repeat":"repeat","background-position":"center center","background-size":"auto","background-attachment":"scroll","background-type":"","background-media":"","overlay-type":"","overlay-color":"","overlay-opacity":"","overlay-gradient":""},"tablet":{"background-color":"var(--ast-global-color-4)","background-image":"","background-repeat":"repeat","background-position":"center center","background-size":"auto","background-attachment":"scroll","background-type":"","background-media":"","overlay-type":"","overlay-color":"","overlay-opacity":"","overlay-gradient":""},"mobile":{"background-color":"var(--ast-global-color-4)","background-image":"","background-repeat":"repeat","background-position":"center center","background-size":"auto","background-attachment":"scroll","background-type":"","background-media":"","overlay-type":"","overlay-color":"","overlay-opacity":"","overlay-gradient":""}}},"product_brand":[302],"product_cat":[181,195,178],"product_tag":[303],"class_list":{"0":"post-4189","1":"product","2":"type-product","3":"status-publish","4":"has-post-thumbnail","6":"product_brand-axis","7":"product_cat-cam-domo","8":"product_cat-seguridad","9":"product_cat-vigilancia-gps","10":"product_tag-axis","11":"desktop-align-left","12":"tablet-align-left","13":"mobile-align-left","15":"first","16":"instock","17":"shipping-taxable","18":"product-type-simple"},"yoast_head":"<!-- This site is optimized with the Yoast SEO plugin v25.3 - https:\/\/yoast.com\/wordpress\/plugins\/seo\/ -->\n<title>C\u00e1mara AXIS M3116-LVE - Tecplan<\/title>\n<meta name=\"robots\" content=\"index, follow, max-snippet:-1, max-image-preview:large, max-video-preview:-1\" \/>\n<link rel=\"canonical\" href=\"https:\/\/tecplan.com.es\/en\/product\/camara-axis-m3116-lve\/\" \/>\n<meta property=\"og:locale\" content=\"en_US\" \/>\n<meta property=\"og:type\" content=\"article\" \/>\n<meta property=\"og:title\" content=\"C\u00e1mara AXIS M3116-LVE - Tecplan\" \/>\n<meta property=\"og:description\" content=\"La AXIS M3116-LVE c\u00e1mara compacta con clasificaci\u00f3n IK08 ofrece una vista ampliada conMgran angular en v\u00eddeo de 4 MP. Incluye Forensic WDR, Lightfinder e iluminaci\u00f3n IR integrada para obtener im\u00e1genes n\u00edtidas con colores claros, incluso en condiciones dif\u00edciles de iluminaci\u00f3n o en oscuridad total. Ofrece tambi\u00e9n una instalaci\u00f3n \u00a0flexible para la vigilancia en interior y exterior.\" \/>\n<meta property=\"og:url\" content=\"https:\/\/tecplan.com.es\/en\/product\/camara-axis-m3116-lve\/\" \/>\n<meta property=\"og:site_name\" content=\"Tecplan\" \/>\n<meta property=\"article:modified_time\" content=\"2025-11-03T20:48:47+00:00\" \/>\n<meta property=\"og:image\" content=\"https:\/\/tecplan.com.es\/wp-content\/uploads\/2025\/10\/1600_m3116-lve-.webp\" \/>\n\t<meta property=\"og:image:width\" content=\"500\" \/>\n\t<meta property=\"og:image:height\" content=\"500\" \/>\n\t<meta property=\"og:image:type\" content=\"image\/webp\" \/>\n<meta name=\"twitter:card\" content=\"summary_large_image\" \/>\n<meta name=\"twitter:label1\" content=\"Est. reading time\" \/>\n\t<meta name=\"twitter:data1\" content=\"2 minutes\" \/>\n<script type=\"application\/ld+json\" class=\"yoast-schema-graph\">{\"@context\":\"https:\/\/schema.org\",\"@graph\":[{\"@type\":\"WebPage\",\"@id\":\"https:\/\/tecplan.com.es\/product\/camara-axis-m3116-lve\/\",\"url\":\"https:\/\/tecplan.com.es\/product\/camara-axis-m3116-lve\/\",\"name\":\"C\u00e1mara AXIS M3116-LVE - Tecplan\",\"isPartOf\":{\"@id\":\"https:\/\/tecplan.com.es\/#website\"},\"primaryImageOfPage\":{\"@id\":\"https:\/\/tecplan.com.es\/product\/camara-axis-m3116-lve\/#primaryimage\"},\"image\":{\"@id\":\"https:\/\/tecplan.com.es\/product\/camara-axis-m3116-lve\/#primaryimage\"},\"thumbnailUrl\":\"https:\/\/tecplan.com.es\/wp-content\/uploads\/2025\/10\/1600_m3116-lve-.webp\",\"datePublished\":\"2025-10-22T23:02:15+00:00\",\"dateModified\":\"2025-11-03T20:48:47+00:00\",\"breadcrumb\":{\"@id\":\"https:\/\/tecplan.com.es\/product\/camara-axis-m3116-lve\/#breadcrumb\"},\"inLanguage\":\"en-US\",\"potentialAction\":[{\"@type\":\"ReadAction\",\"target\":[\"https:\/\/tecplan.com.es\/product\/camara-axis-m3116-lve\/\"]}]},{\"@type\":\"ImageObject\",\"inLanguage\":\"en-US\",\"@id\":\"https:\/\/tecplan.com.es\/product\/camara-axis-m3116-lve\/#primaryimage\",\"url\":\"https:\/\/tecplan.com.es\/wp-content\/uploads\/2025\/10\/1600_m3116-lve-.webp\",\"contentUrl\":\"https:\/\/tecplan.com.es\/wp-content\/uploads\/2025\/10\/1600_m3116-lve-.webp\",\"width\":500,\"height\":500},{\"@type\":\"BreadcrumbList\",\"@id\":\"https:\/\/tecplan.com.es\/product\/camara-axis-m3116-lve\/#breadcrumb\",\"itemListElement\":[{\"@type\":\"ListItem\",\"position\":1,\"name\":\"Home\",\"item\":\"https:\/\/tecplan.com.es\/\"},{\"@type\":\"ListItem\",\"position\":2,\"name\":\"Shop\",\"item\":\"https:\/\/tecplan.com.es\/shop\/\"},{\"@type\":\"ListItem\",\"position\":3,\"name\":\"C\u00e1mara AXIS M3116-LVE\"}]},{\"@type\":\"WebSite\",\"@id\":\"https:\/\/tecplan.com.es\/#website\",\"url\":\"https:\/\/tecplan.com.es\/\",\"name\":\"Tecplan\",\"description\":\"\",\"potentialAction\":[{\"@type\":\"SearchAction\",\"target\":{\"@type\":\"EntryPoint\",\"urlTemplate\":\"https:\/\/tecplan.com.es\/?s={search_term_string}\"},\"query-input\":{\"@type\":\"PropertyValueSpecification\",\"valueRequired\":true,\"valueName\":\"search_term_string\"}}],\"inLanguage\":\"en-US\"}]}<\/script>\n<!-- \/ Yoast SEO plugin. -->","yoast_head_json":{"title":"C\u00e1mara AXIS M3116-LVE - Tecplan","robots":{"index":"index","follow":"follow","max-snippet":"max-snippet:-1","max-image-preview":"max-image-preview:large","max-video-preview":"max-video-preview:-1"},"canonical":"https:\/\/tecplan.com.es\/en\/product\/camara-axis-m3116-lve\/","og_locale":"en_US","og_type":"article","og_title":"C\u00e1mara AXIS M3116-LVE - Tecplan","og_description":"La AXIS M3116-LVE c\u00e1mara compacta con clasificaci\u00f3n IK08 ofrece una vista ampliada conMgran angular en v\u00eddeo de 4 MP. Incluye Forensic WDR, Lightfinder e iluminaci\u00f3n IR integrada para obtener im\u00e1genes n\u00edtidas con colores claros, incluso en condiciones dif\u00edciles de iluminaci\u00f3n o en oscuridad total. Ofrece tambi\u00e9n una instalaci\u00f3n \u00a0flexible para la vigilancia en interior y exterior.","og_url":"https:\/\/tecplan.com.es\/en\/product\/camara-axis-m3116-lve\/","og_site_name":"Tecplan","article_modified_time":"2025-11-03T20:48:47+00:00","og_image":[{"width":500,"height":500,"url":"https:\/\/tecplan.com.es\/wp-content\/uploads\/2025\/10\/1600_m3116-lve-.webp","type":"image\/webp"}],"twitter_card":"summary_large_image","twitter_misc":{"Est. reading time":"2 minutes"},"schema":{"@context":"https:\/\/schema.org","@graph":[{"@type":"WebPage","@id":"https:\/\/tecplan.com.es\/product\/camara-axis-m3116-lve\/","url":"https:\/\/tecplan.com.es\/product\/camara-axis-m3116-lve\/","name":"C\u00e1mara AXIS M3116-LVE - Tecplan","isPartOf":{"@id":"https:\/\/tecplan.com.es\/#website"},"primaryImageOfPage":{"@id":"https:\/\/tecplan.com.es\/product\/camara-axis-m3116-lve\/#primaryimage"},"image":{"@id":"https:\/\/tecplan.com.es\/product\/camara-axis-m3116-lve\/#primaryimage"},"thumbnailUrl":"https:\/\/tecplan.com.es\/wp-content\/uploads\/2025\/10\/1600_m3116-lve-.webp","datePublished":"2025-10-22T23:02:15+00:00","dateModified":"2025-11-03T20:48:47+00:00","breadcrumb":{"@id":"https:\/\/tecplan.com.es\/product\/camara-axis-m3116-lve\/#breadcrumb"},"inLanguage":"en-US","potentialAction":[{"@type":"ReadAction","target":["https:\/\/tecplan.com.es\/product\/camara-axis-m3116-lve\/"]}]},{"@type":"ImageObject","inLanguage":"en-US","@id":"https:\/\/tecplan.com.es\/product\/camara-axis-m3116-lve\/#primaryimage","url":"https:\/\/tecplan.com.es\/wp-content\/uploads\/2025\/10\/1600_m3116-lve-.webp","contentUrl":"https:\/\/tecplan.com.es\/wp-content\/uploads\/2025\/10\/1600_m3116-lve-.webp","width":500,"height":500},{"@type":"BreadcrumbList","@id":"https:\/\/tecplan.com.es\/product\/camara-axis-m3116-lve\/#breadcrumb","itemListElement":[{"@type":"ListItem","position":1,"name":"Home","item":"https:\/\/tecplan.com.es\/"},{"@type":"ListItem","position":2,"name":"Shop","item":"https:\/\/tecplan.com.es\/shop\/"},{"@type":"ListItem","position":3,"name":"C\u00e1mara AXIS M3116-LVE"}]},{"@type":"WebSite","@id":"https:\/\/tecplan.com.es\/#website","url":"https:\/\/tecplan.com.es\/","name":"Tecplan","description":"","potentialAction":[{"@type":"SearchAction","target":{"@type":"EntryPoint","urlTemplate":"https:\/\/tecplan.com.es\/?s={search_term_string}"},"query-input":{"@type":"PropertyValueSpecification","valueRequired":true,"valueName":"search_term_string"}}],"inLanguage":"en-US"}]}},"_links":{"self":[{"href":"https:\/\/tecplan.com.es\/en\/wp-json\/wp\/v2\/product\/4189","targetHints":{"allow":["GET"]}}],"collection":[{"href":"https:\/\/tecplan.com.es\/en\/wp-json\/wp\/v2\/product"}],"about":[{"href":"https:\/\/tecplan.com.es\/en\/wp-json\/wp\/v2\/types\/product"}],"replies":[{"embeddable":true,"href":"https:\/\/tecplan.com.es\/en\/wp-json\/wp\/v2\/comments?post=4189"}],"version-history":[{"count":2,"href":"https:\/\/tecplan.com.es\/en\/wp-json\/wp\/v2\/product\/4189\/revisions"}],"predecessor-version":[{"id":4389,"href":"https:\/\/tecplan.com.es\/en\/wp-json\/wp\/v2\/product\/4189\/revisions\/4389"}],"wp:featuredmedia":[{"embeddable":true,"href":"https:\/\/tecplan.com.es\/en\/wp-json\/wp\/v2\/media\/4165"}],"wp:attachment":[{"href":"https:\/\/tecplan.com.es\/en\/wp-json\/wp\/v2\/media?parent=4189"}],"wp:term":[{"taxonomy":"product_brand","embeddable":true,"href":"https:\/\/tecplan.com.es\/en\/wp-json\/wp\/v2\/product_brand?post=4189"},{"taxonomy":"product_cat","embeddable":true,"href":"https:\/\/tecplan.com.es\/en\/wp-json\/wp\/v2\/product_cat?post=4189"},{"taxonomy":"product_tag","embeddable":true,"href":"https:\/\/tecplan.com.es\/en\/wp-json\/wp\/v2\/product_tag?post=4189"}],"curies":[{"name":"wp","href":"https:\/\/api.w.org\/{rel}","templated":true}]}}