{"id":4187,"date":"2025-10-22T23:02:15","date_gmt":"2025-10-22T23:02:15","guid":{"rendered":"https:\/\/tecplan.com.es\/product\/camara-hc30w45r3\/"},"modified":"2025-10-24T22:36:20","modified_gmt":"2025-10-24T22:36:20","slug":"camara-hc30w45r3","status":"publish","type":"product","link":"https:\/\/tecplan.com.es\/en\/product\/camara-hc30w45r3\/","title":{"rendered":"C\u00e1mara  HC30W45R3"},"content":{"rendered":"<p><strong>HC30W45R3 C\u00e1mara de Domo Resistente IR WDR IP de 5MP<\/strong><\/p>\n<p style=\"text-align: justify;\">La HC30W45R3 es una c\u00e1mara domo IP de 5MP resistente a vandalismo y al clima (IP66), que ofrece alta calidad de imagen con resoluci\u00f3n de hasta (2560times 1920) a 30 FPS, visi\u00f3n nocturna IR de hasta 30 metros y compensaci\u00f3n de amplio rango din\u00e1mico (WDR) para manejar condiciones de iluminaci\u00f3n dif\u00edciles. Est\u00e1 dise\u00f1ada para aplicaciones de seguridad profesionales, cuenta con caracter\u00edsticas como compresi\u00f3n H.265, montaje en pared y puede ser alimentada a trav\u00e9s de PoE (alimentaci\u00f3n a trav\u00e9s de Ethernet) o con un adaptador de 12VDC.\u00a0 .rPeykc.rWIipd{font-size:var(&#8211;m3t5);font-weight:500;line-height:var(&#8211;m3t6);margin:20px 0 10px 0}.f5cPye ul{font-size:var(&#8211;m3t7);line-height:var(&#8211;m3t8);margin:10px 0 20px 0;padding-inline-start:24px}.f5cPye .WaaZC:first-of-type ul:first-child{margin-top:0}.f5cPye ul.qh1nvc{font-size:var(&#8211;m3t7);line-height:var(&#8211;m3t8)}.f5cPye li{padding-inline-start:4px;margin-bottom:8px;list-style:inherit}.f5cPye li.K3KsMc{list-style-type:none}.f5cPye ul&gt;li:last-child,.f5cPye ol&gt;li:last-child,.f5cPye ul&gt;.bsmXxe:last-child&gt;li,.f5cPye ol&gt;.bsmXxe:last-child&gt;li{margin-bottom:0} Caracter\u00edsticas principales Resoluci\u00f3n: 5MP ((2560times 1920)) a 30 FPS.\u00a0 Visi\u00f3n nocturna: IR inteligente de hasta 30 metros.\u00a0 Iluminaci\u00f3n m\u00ednima de (0.035) Lux en color y (0) Lux con IR encendido.\u00a0 Tecnolog\u00eda WDR: Tecnolog\u00eda de amplio rango din\u00e1mico para manejar contrastes de luz intensos.\u00a0 Resistencia: Resistente al vandalismo (IK10) y a la intemperie (IP66).\u00a0 Dise\u00f1ada para uso en interiores y exteriores.\u00a0 Compresi\u00f3n: Compresi\u00f3n de video H.265 y H.264.\u00a0 Conectividad y protocolos: Conexi\u00f3n por cable IP.\u00a0 Soporte para protocolos ONVIF, RTSP.\u00a0 Alimentaci\u00f3n: Soporta PoE (Power over Ethernet) y fuente de alimentaci\u00f3n de 12VDC.\u00a0 Otras caracter\u00edsticas: Sensor de imagen: CMOS de 1\/2.7&#8243;.\u00a0 Lente: 2.8 mm.\u00a0 Almacenamiento: Soporta tarjeta microSD de hasta 256GB.\u00a0 Cumplimiento con la norma NDAA.<\/p>\n<h5 style=\"text-align: justify;\"><span style=\"text-decoration: underline;\"><strong>DOWNLOADS<\/strong><\/span><\/h5>\n<ul style=\"text-align: justify;\">\n<li><a href=\"https:\/\/drive.google.com\/file\/d\/1ecKoXqpFPdLumkA4gWz7ZkqeftvIIG96\/view?usp=sharing\">\u2192 Technical specifications<\/a><\/li>\n<\/ul>","protected":false},"excerpt":{"rendered":"<p style=\"text-align: justify;\">\u2022 Sensor de 5MP (2560\u00d71920) de 1\/2.7&#8243;<br \/>\n\u2022 Lente fija de 2.8 mm F2.0, \u00c1ngulo de visi\u00f3n de 103\u00b0 (H) \u2013 76\u00b0 (V) @ 5MP \/ 108\u00b0 (H) \u2013 60\u00b0 (V) @ 4MP.<br \/>\n\u2022 Corriente principal: 5MP\/4MP (1 ~ 25\/30 fps),<br \/>\n\u2022 Corriente secundaria: 800&#215;600 (1 ~ 25\/30 fps),<br \/>\n\u2022 Tercera corriente: VGA (1 ~ 25\/30 fps).<br \/>\n\u2022 Rango din\u00e1mico amplio (WDR) de 120 dB.<br \/>\n\u2022 Rendimiento con poca luz (0.03 luz en modo color).<br \/>\n\u2022 Distancia de IR de hasta 30 m (98 ft), dependiendo de la reflectancia de la escena.<\/p>\n<p><img decoding=\"async\" class=\"wp-image-4224 aligncenter\" src=\"https:\/\/tecplan.com.es\/wp-content\/uploads\/2025\/10\/honeywell-300x169.webp\" alt=\"\" width=\"140\" height=\"72\" \/><\/p>","protected":false},"featured_media":4162,"comment_status":"open","ping_status":"closed","template":"","meta":{"site-sidebar-layout":"default","site-content-layout":"","ast-site-content-layout":"default","site-content-style":"default","site-sidebar-style":"default","ast-global-header-display":"","ast-banner-title-visibility":"","ast-main-header-display":"","ast-hfb-above-header-display":"","ast-hfb-below-header-display":"","ast-hfb-mobile-header-display":"","site-post-title":"","ast-breadcrumbs-content":"","ast-featured-img":"","footer-sml-layout":"","ast-disable-related-posts":"","theme-transparent-header-meta":"default","adv-header-id-meta":"","stick-header-meta":"","header-above-stick-meta":"","header-main-stick-meta":"","header-below-stick-meta":"","astra-migrate-meta-layouts":"set","ast-page-background-enabled":"default","ast-page-background-meta":{"desktop":{"background-color":"var(--ast-global-color-5)","background-image":"","background-repeat":"repeat","background-position":"center center","background-size":"auto","background-attachment":"scroll","background-type":"","background-media":"","overlay-type":"","overlay-color":"","overlay-opacity":"","overlay-gradient":""},"tablet":{"background-color":"","background-image":"","background-repeat":"repeat","background-position":"center center","background-size":"auto","background-attachment":"scroll","background-type":"","background-media":"","overlay-type":"","overlay-color":"","overlay-opacity":"","overlay-gradient":""},"mobile":{"background-color":"","background-image":"","background-repeat":"repeat","background-position":"center center","background-size":"auto","background-attachment":"scroll","background-type":"","background-media":"","overlay-type":"","overlay-color":"","overlay-opacity":"","overlay-gradient":""}},"ast-content-background-meta":{"desktop":{"background-color":"var(--ast-global-color-4)","background-image":"","background-repeat":"repeat","background-position":"center center","background-size":"auto","background-attachment":"scroll","background-type":"","background-media":"","overlay-type":"","overlay-color":"","overlay-opacity":"","overlay-gradient":""},"tablet":{"background-color":"var(--ast-global-color-4)","background-image":"","background-repeat":"repeat","background-position":"center center","background-size":"auto","background-attachment":"scroll","background-type":"","background-media":"","overlay-type":"","overlay-color":"","overlay-opacity":"","overlay-gradient":""},"mobile":{"background-color":"var(--ast-global-color-4)","background-image":"","background-repeat":"repeat","background-position":"center center","background-size":"auto","background-attachment":"scroll","background-type":"","background-media":"","overlay-type":"","overlay-color":"","overlay-opacity":"","overlay-gradient":""}}},"product_brand":[308],"product_cat":[181,195,178],"product_tag":[309],"class_list":{"0":"post-4187","1":"product","2":"type-product","3":"status-publish","4":"has-post-thumbnail","6":"product_brand-honeywell","7":"product_cat-cam-domo","8":"product_cat-seguridad","9":"product_cat-vigilancia-gps","10":"product_tag-honeywell","11":"desktop-align-left","12":"tablet-align-left","13":"mobile-align-left","15":"first","16":"instock","17":"shipping-taxable","18":"product-type-simple"},"yoast_head":"<!-- This site is optimized with the Yoast SEO plugin v25.3 - https:\/\/yoast.com\/wordpress\/plugins\/seo\/ -->\n<title>C\u00e1mara HC30W45R3 - Tecplan<\/title>\n<meta name=\"robots\" content=\"index, follow, max-snippet:-1, max-image-preview:large, max-video-preview:-1\" \/>\n<link rel=\"canonical\" href=\"https:\/\/tecplan.com.es\/en\/product\/camara-hc30w45r3\/\" \/>\n<meta property=\"og:locale\" content=\"en_US\" \/>\n<meta property=\"og:type\" content=\"article\" \/>\n<meta property=\"og:title\" content=\"C\u00e1mara HC30W45R3 - Tecplan\" \/>\n<meta property=\"og:description\" content=\"\u2022 Sensor de 5MP (2560\u00d71920) de 1\/2.7&quot; \u2022 Lente fija de 2.8 mm F2.0, \u00c1ngulo de visi\u00f3n de 103\u00b0 (H) \u2013 76\u00b0 (V) @ 5MP \/ 108\u00b0 (H) \u2013 60\u00b0 (V) @ 4MP. \u2022 Corriente principal: 5MP\/4MP (1 ~ 25\/30 fps), \u2022 Corriente secundaria: 800x600 (1 ~ 25\/30 fps), \u2022 Tercera corriente: VGA (1 ~ 25\/30 fps). \u2022 Rango din\u00e1mico amplio (WDR) de 120 dB. \u2022 Rendimiento con poca luz (0.03 luz en modo color). \u2022 Distancia de IR de hasta 30 m (98 ft), dependiendo de la reflectancia de la escena.\" \/>\n<meta property=\"og:url\" content=\"https:\/\/tecplan.com.es\/en\/product\/camara-hc30w45r3\/\" \/>\n<meta property=\"og:site_name\" content=\"Tecplan\" \/>\n<meta property=\"article:modified_time\" content=\"2025-10-24T22:36:20+00:00\" \/>\n<meta property=\"og:image\" content=\"https:\/\/tecplan.com.es\/wp-content\/uploads\/2025\/10\/D_NQ_NP_2X_80422.webp\" \/>\n\t<meta property=\"og:image:width\" content=\"983\" \/>\n\t<meta property=\"og:image:height\" content=\"892\" \/>\n\t<meta property=\"og:image:type\" content=\"image\/webp\" \/>\n<meta name=\"twitter:card\" content=\"summary_large_image\" \/>\n<meta name=\"twitter:label1\" content=\"Est. reading time\" \/>\n\t<meta name=\"twitter:data1\" content=\"2 minutes\" \/>\n<script type=\"application\/ld+json\" class=\"yoast-schema-graph\">{\"@context\":\"https:\/\/schema.org\",\"@graph\":[{\"@type\":\"WebPage\",\"@id\":\"https:\/\/tecplan.com.es\/product\/camara-hc30w45r3\/\",\"url\":\"https:\/\/tecplan.com.es\/product\/camara-hc30w45r3\/\",\"name\":\"C\u00e1mara HC30W45R3 - Tecplan\",\"isPartOf\":{\"@id\":\"https:\/\/tecplan.com.es\/#website\"},\"primaryImageOfPage\":{\"@id\":\"https:\/\/tecplan.com.es\/product\/camara-hc30w45r3\/#primaryimage\"},\"image\":{\"@id\":\"https:\/\/tecplan.com.es\/product\/camara-hc30w45r3\/#primaryimage\"},\"thumbnailUrl\":\"https:\/\/tecplan.com.es\/wp-content\/uploads\/2025\/10\/D_NQ_NP_2X_80422.webp\",\"datePublished\":\"2025-10-22T23:02:15+00:00\",\"dateModified\":\"2025-10-24T22:36:20+00:00\",\"breadcrumb\":{\"@id\":\"https:\/\/tecplan.com.es\/product\/camara-hc30w45r3\/#breadcrumb\"},\"inLanguage\":\"en-US\",\"potentialAction\":[{\"@type\":\"ReadAction\",\"target\":[\"https:\/\/tecplan.com.es\/product\/camara-hc30w45r3\/\"]}]},{\"@type\":\"ImageObject\",\"inLanguage\":\"en-US\",\"@id\":\"https:\/\/tecplan.com.es\/product\/camara-hc30w45r3\/#primaryimage\",\"url\":\"https:\/\/tecplan.com.es\/wp-content\/uploads\/2025\/10\/D_NQ_NP_2X_80422.webp\",\"contentUrl\":\"https:\/\/tecplan.com.es\/wp-content\/uploads\/2025\/10\/D_NQ_NP_2X_80422.webp\",\"width\":983,\"height\":892},{\"@type\":\"BreadcrumbList\",\"@id\":\"https:\/\/tecplan.com.es\/product\/camara-hc30w45r3\/#breadcrumb\",\"itemListElement\":[{\"@type\":\"ListItem\",\"position\":1,\"name\":\"Home\",\"item\":\"https:\/\/tecplan.com.es\/\"},{\"@type\":\"ListItem\",\"position\":2,\"name\":\"Shop\",\"item\":\"https:\/\/tecplan.com.es\/shop\/\"},{\"@type\":\"ListItem\",\"position\":3,\"name\":\"C\u00e1mara HC30W45R3\"}]},{\"@type\":\"WebSite\",\"@id\":\"https:\/\/tecplan.com.es\/#website\",\"url\":\"https:\/\/tecplan.com.es\/\",\"name\":\"Tecplan\",\"description\":\"\",\"potentialAction\":[{\"@type\":\"SearchAction\",\"target\":{\"@type\":\"EntryPoint\",\"urlTemplate\":\"https:\/\/tecplan.com.es\/?s={search_term_string}\"},\"query-input\":{\"@type\":\"PropertyValueSpecification\",\"valueRequired\":true,\"valueName\":\"search_term_string\"}}],\"inLanguage\":\"en-US\"}]}<\/script>\n<!-- \/ Yoast SEO plugin. -->","yoast_head_json":{"title":"C\u00e1mara HC30W45R3 - Tecplan","robots":{"index":"index","follow":"follow","max-snippet":"max-snippet:-1","max-image-preview":"max-image-preview:large","max-video-preview":"max-video-preview:-1"},"canonical":"https:\/\/tecplan.com.es\/en\/product\/camara-hc30w45r3\/","og_locale":"en_US","og_type":"article","og_title":"C\u00e1mara HC30W45R3 - Tecplan","og_description":"\u2022 Sensor de 5MP (2560\u00d71920) de 1\/2.7\" \u2022 Lente fija de 2.8 mm F2.0, \u00c1ngulo de visi\u00f3n de 103\u00b0 (H) \u2013 76\u00b0 (V) @ 5MP \/ 108\u00b0 (H) \u2013 60\u00b0 (V) @ 4MP. \u2022 Corriente principal: 5MP\/4MP (1 ~ 25\/30 fps), \u2022 Corriente secundaria: 800x600 (1 ~ 25\/30 fps), \u2022 Tercera corriente: VGA (1 ~ 25\/30 fps). \u2022 Rango din\u00e1mico amplio (WDR) de 120 dB. \u2022 Rendimiento con poca luz (0.03 luz en modo color). \u2022 Distancia de IR de hasta 30 m (98 ft), dependiendo de la reflectancia de la escena.","og_url":"https:\/\/tecplan.com.es\/en\/product\/camara-hc30w45r3\/","og_site_name":"Tecplan","article_modified_time":"2025-10-24T22:36:20+00:00","og_image":[{"width":983,"height":892,"url":"https:\/\/tecplan.com.es\/wp-content\/uploads\/2025\/10\/D_NQ_NP_2X_80422.webp","type":"image\/webp"}],"twitter_card":"summary_large_image","twitter_misc":{"Est. reading time":"2 minutes"},"schema":{"@context":"https:\/\/schema.org","@graph":[{"@type":"WebPage","@id":"https:\/\/tecplan.com.es\/product\/camara-hc30w45r3\/","url":"https:\/\/tecplan.com.es\/product\/camara-hc30w45r3\/","name":"C\u00e1mara HC30W45R3 - Tecplan","isPartOf":{"@id":"https:\/\/tecplan.com.es\/#website"},"primaryImageOfPage":{"@id":"https:\/\/tecplan.com.es\/product\/camara-hc30w45r3\/#primaryimage"},"image":{"@id":"https:\/\/tecplan.com.es\/product\/camara-hc30w45r3\/#primaryimage"},"thumbnailUrl":"https:\/\/tecplan.com.es\/wp-content\/uploads\/2025\/10\/D_NQ_NP_2X_80422.webp","datePublished":"2025-10-22T23:02:15+00:00","dateModified":"2025-10-24T22:36:20+00:00","breadcrumb":{"@id":"https:\/\/tecplan.com.es\/product\/camara-hc30w45r3\/#breadcrumb"},"inLanguage":"en-US","potentialAction":[{"@type":"ReadAction","target":["https:\/\/tecplan.com.es\/product\/camara-hc30w45r3\/"]}]},{"@type":"ImageObject","inLanguage":"en-US","@id":"https:\/\/tecplan.com.es\/product\/camara-hc30w45r3\/#primaryimage","url":"https:\/\/tecplan.com.es\/wp-content\/uploads\/2025\/10\/D_NQ_NP_2X_80422.webp","contentUrl":"https:\/\/tecplan.com.es\/wp-content\/uploads\/2025\/10\/D_NQ_NP_2X_80422.webp","width":983,"height":892},{"@type":"BreadcrumbList","@id":"https:\/\/tecplan.com.es\/product\/camara-hc30w45r3\/#breadcrumb","itemListElement":[{"@type":"ListItem","position":1,"name":"Home","item":"https:\/\/tecplan.com.es\/"},{"@type":"ListItem","position":2,"name":"Shop","item":"https:\/\/tecplan.com.es\/shop\/"},{"@type":"ListItem","position":3,"name":"C\u00e1mara HC30W45R3"}]},{"@type":"WebSite","@id":"https:\/\/tecplan.com.es\/#website","url":"https:\/\/tecplan.com.es\/","name":"Tecplan","description":"","potentialAction":[{"@type":"SearchAction","target":{"@type":"EntryPoint","urlTemplate":"https:\/\/tecplan.com.es\/?s={search_term_string}"},"query-input":{"@type":"PropertyValueSpecification","valueRequired":true,"valueName":"search_term_string"}}],"inLanguage":"en-US"}]}},"_links":{"self":[{"href":"https:\/\/tecplan.com.es\/en\/wp-json\/wp\/v2\/product\/4187","targetHints":{"allow":["GET"]}}],"collection":[{"href":"https:\/\/tecplan.com.es\/en\/wp-json\/wp\/v2\/product"}],"about":[{"href":"https:\/\/tecplan.com.es\/en\/wp-json\/wp\/v2\/types\/product"}],"replies":[{"embeddable":true,"href":"https:\/\/tecplan.com.es\/en\/wp-json\/wp\/v2\/comments?post=4187"}],"version-history":[{"count":3,"href":"https:\/\/tecplan.com.es\/en\/wp-json\/wp\/v2\/product\/4187\/revisions"}],"predecessor-version":[{"id":4223,"href":"https:\/\/tecplan.com.es\/en\/wp-json\/wp\/v2\/product\/4187\/revisions\/4223"}],"wp:featuredmedia":[{"embeddable":true,"href":"https:\/\/tecplan.com.es\/en\/wp-json\/wp\/v2\/media\/4162"}],"wp:attachment":[{"href":"https:\/\/tecplan.com.es\/en\/wp-json\/wp\/v2\/media?parent=4187"}],"wp:term":[{"taxonomy":"product_brand","embeddable":true,"href":"https:\/\/tecplan.com.es\/en\/wp-json\/wp\/v2\/product_brand?post=4187"},{"taxonomy":"product_cat","embeddable":true,"href":"https:\/\/tecplan.com.es\/en\/wp-json\/wp\/v2\/product_cat?post=4187"},{"taxonomy":"product_tag","embeddable":true,"href":"https:\/\/tecplan.com.es\/en\/wp-json\/wp\/v2\/product_tag?post=4187"}],"curies":[{"name":"wp","href":"https:\/\/api.w.org\/{rel}","templated":true}]}}