{"id":4186,"date":"2025-10-22T23:02:15","date_gmt":"2025-10-22T23:02:15","guid":{"rendered":"https:\/\/tecplan.com.es\/product\/camara-hc30w25r3\/"},"modified":"2025-10-27T22:57:38","modified_gmt":"2025-10-27T22:57:38","slug":"camara-hc30w25r3","status":"publish","type":"product","link":"https:\/\/tecplan.com.es\/en\/product\/camara-hc30w25r3\/","title":{"rendered":"C\u00e1mara HC30W25R3"},"content":{"rendered":"<p style=\"text-align: justify;\"><strong>HC30W25R3 C\u00e1mara de Domo Micro IR WDR de 5 MP<\/strong><\/p>\n<p style=\"text-align: justify;\">C\u00e1maras con tecnolog\u00eda inteligente avanzada para proteger sus instalaciones<br \/>\nHaga que sus instalaciones sean inteligentes y seguras con las c\u00e1maras de la Serie 35 de Honeywell, perfectas para peque\u00f1as y medianas empresas. Estas c\u00e1maras est\u00e1n disponibles en una amplia gama de formatos y resoluciones y ofrecen an\u00e1lisis inteligente integrado, una claridad de imagen excepcional, integraci\u00f3n flexible del sistema, transmisi\u00f3n segura de datos y f\u00e1cil instalaci\u00f3n.<\/p>\n<p style=\"text-align: justify;\"><strong>CALIDAD DE IMAGEN HD SUPERIOR, HASTA 8 MP<\/strong><br \/>\n\u2022 Disponible en resoluciones desde 2 MP (2592&#215;1944) hasta 8 MP (3840&#215;2160)<br \/>\n\u2022 True WDR (120 dB) garantiza im\u00e1genes sin reflejos<br \/>\n\u2022 La funci\u00f3n D\u00eda\/Noche Real proporciona im\u00e1genes en colores vivos durante el d\u00eda e im\u00e1genes n\u00edtidas en blanco y negro durante la noche mediante un filtro de corte IR extra\u00edble<br \/>\n\u2022 Excelente rendimiento con luz baja con reducci\u00f3n de ruido 2D\/3D, ahorro de almacenamiento y ancho de banda gracias al Smart Codec (2)<br \/>\n\u2022 No incluyen contenido ni material de ninguna empresa o sus subsidiarias prohibidos por la Secci\u00f3n 889 de la Ley de Autorizaci\u00f3n de Defensa Nacional (NDAA, por sus siglas en ingl\u00e9s) de\u00a0 \u00a0 \u00a0 EE. UU. y puede utilizarse como parte de sistemas de v\u00eddeo que cumplan con los requisitos establecidos por la secci\u00f3n 889 de la NDAA<\/p>\n<p style=\"text-align: justify;\"><strong>SOLUCI\u00d3N FLEXIBLE DE VIGILANCIA<\/strong><br \/>\n\u2022 Una amplia gama de formatos, lentes y opciones de zoom para todo tipo de instalaciones, incluidos micro domo, mini domo, mini domo eyeball, bullet y domo PTZ<br \/>\n\u2022 H.265 (1), H.264, Smart Codec (2) y MJPEG compatibles con transmisi\u00f3n triple<br \/>\n\u2022 La tecnolog\u00eda Smart IR proporciona una distribuci\u00f3n uniforme de los LED IR en escenas nocturnas o con poca luz<br \/>\n\u2022 A prueba de agua\/polvo (IP66\/IP67) e IK10 (depende del modelo)<br \/>\n\u2022 Compatibilidad con ONVIF Perfil S, G, T<br \/>\n\u2022 Cifrado de transmisi\u00f3n: c\u00e1mara a MAXPRO\u00ae y NVR Serie 35 bajo AES256 que asegura la privacidad de datos<br \/>\n\u2022 Recuento de personas, detecci\u00f3n de intrusi\u00f3n, merodeo y detecci\u00f3n de movimiento inteligente para aumentar el conocimiento de la situaci\u00f3n y reducir las falsas alarmas<\/p>\n<p style=\"text-align: justify;\"><strong>F\u00c1CIL DE INSTALAR Y UTILIZAR<\/strong><br \/>\n\u2022 La alimentaci\u00f3n integrada a trav\u00e9s de Ethernet (Power over Ethernet, PoE) elimina la necesidad de una fuente de alimentaci\u00f3n independiente y el cableado correspondiente<br \/>\n\u2022 Entradas de 12VCC cuando no se dispone de PoE<br \/>\n\u2022 Configuraci\u00f3n remota, ajustes de zoom motorizados y enfoque autom\u00e1tico mediante cliente web o desde el NVR<br \/>\n\u2022 M\u00faltiples opciones de montaje para una amplia gama de aplicaciones de seguridad<br \/>\n\u2022 M\u00faltiples idiomas GUI (3) (14 pa\u00edses)<\/p>\n<h5 style=\"text-align: justify;\"><span style=\"text-decoration: underline;\"><strong>DOWNLOADS<\/strong><\/span><\/h5>\n<ul style=\"text-align: justify;\">\n<li><a href=\"https:\/\/drive.google.com\/file\/d\/12sHrl-SCKLSFvh_4hUCtxRP6gweZxgoD\/view?usp=sharing\">\u2192 Technical specifications<\/a><\/li>\n<\/ul>","protected":false},"excerpt":{"rendered":"<ul>\n<li style=\"text-align: justify;\">Sensor progresivo de 5 MP de 1\/2.7&#8243;.<\/li>\n<li style=\"text-align: justify;\">Lente fija de 2.8 mm, F2.0 \u00c1ngulo de visi\u00f3n: 108\u00b0 (H) \u2013 60\u00b0 (V),@4M, 103\u00b0 (H) \u2013 76\u00b0 (V) @ 5M<\/li>\n<li style=\"text-align: justify;\">Rango din\u00e1mico amplio (WDR) de 120 dB.<\/li>\n<li style=\"text-align: justify;\">Rendimiento con poca luz (0.02 luz en modo color).<\/li>\n<li style=\"text-align: justify;\">Distancia de IR de hasta 20 m (65 ft), dependiendo de la reflectancia de la escena.<\/li>\n<li style=\"text-align: justify;\">Compresi\u00f3n de video H.265 Smart Codec.<\/li>\n<li style=\"text-align: justify;\">Detecci\u00f3n de movimiento \/ Detecci\u00f3n de intrusos \/ Detecci\u00f3n de personas.<\/li>\n<\/ul>\n<p><img decoding=\"async\" class=\"wp-image-4224 aligncenter\" src=\"https:\/\/tecplan.com.es\/wp-content\/uploads\/2025\/10\/honeywell-300x169.webp\" alt=\"\" width=\"160\" height=\"125\" \/><\/p>\n<p>&nbsp;<\/p>","protected":false},"featured_media":4161,"comment_status":"open","ping_status":"closed","template":"","meta":{"site-sidebar-layout":"default","site-content-layout":"","ast-site-content-layout":"default","site-content-style":"default","site-sidebar-style":"default","ast-global-header-display":"","ast-banner-title-visibility":"","ast-main-header-display":"","ast-hfb-above-header-display":"","ast-hfb-below-header-display":"","ast-hfb-mobile-header-display":"","site-post-title":"","ast-breadcrumbs-content":"","ast-featured-img":"","footer-sml-layout":"","ast-disable-related-posts":"","theme-transparent-header-meta":"default","adv-header-id-meta":"","stick-header-meta":"","header-above-stick-meta":"","header-main-stick-meta":"","header-below-stick-meta":"","astra-migrate-meta-layouts":"set","ast-page-background-enabled":"default","ast-page-background-meta":{"desktop":{"background-color":"var(--ast-global-color-5)","background-image":"","background-repeat":"repeat","background-position":"center center","background-size":"auto","background-attachment":"scroll","background-type":"","background-media":"","overlay-type":"","overlay-color":"","overlay-opacity":"","overlay-gradient":""},"tablet":{"background-color":"","background-image":"","background-repeat":"repeat","background-position":"center center","background-size":"auto","background-attachment":"scroll","background-type":"","background-media":"","overlay-type":"","overlay-color":"","overlay-opacity":"","overlay-gradient":""},"mobile":{"background-color":"","background-image":"","background-repeat":"repeat","background-position":"center center","background-size":"auto","background-attachment":"scroll","background-type":"","background-media":"","overlay-type":"","overlay-color":"","overlay-opacity":"","overlay-gradient":""}},"ast-content-background-meta":{"desktop":{"background-color":"var(--ast-global-color-4)","background-image":"","background-repeat":"repeat","background-position":"center center","background-size":"auto","background-attachment":"scroll","background-type":"","background-media":"","overlay-type":"","overlay-color":"","overlay-opacity":"","overlay-gradient":""},"tablet":{"background-color":"var(--ast-global-color-4)","background-image":"","background-repeat":"repeat","background-position":"center center","background-size":"auto","background-attachment":"scroll","background-type":"","background-media":"","overlay-type":"","overlay-color":"","overlay-opacity":"","overlay-gradient":""},"mobile":{"background-color":"var(--ast-global-color-4)","background-image":"","background-repeat":"repeat","background-position":"center center","background-size":"auto","background-attachment":"scroll","background-type":"","background-media":"","overlay-type":"","overlay-color":"","overlay-opacity":"","overlay-gradient":""}}},"product_brand":[308],"product_cat":[181,195,178],"product_tag":[309],"class_list":{"0":"post-4186","1":"product","2":"type-product","3":"status-publish","4":"has-post-thumbnail","6":"product_brand-honeywell","7":"product_cat-cam-domo","8":"product_cat-seguridad","9":"product_cat-vigilancia-gps","10":"product_tag-honeywell","11":"desktop-align-left","12":"tablet-align-left","13":"mobile-align-left","15":"first","16":"instock","17":"shipping-taxable","18":"product-type-simple"},"yoast_head":"<!-- This site is optimized with the Yoast SEO plugin v25.3 - https:\/\/yoast.com\/wordpress\/plugins\/seo\/ -->\n<title>C\u00e1mara HC30W25R3 - Tecplan<\/title>\n<meta name=\"robots\" content=\"index, follow, max-snippet:-1, max-image-preview:large, max-video-preview:-1\" \/>\n<link rel=\"canonical\" href=\"https:\/\/tecplan.com.es\/en\/product\/camara-hc30w25r3\/\" \/>\n<meta property=\"og:locale\" content=\"en_US\" \/>\n<meta property=\"og:type\" content=\"article\" \/>\n<meta property=\"og:title\" content=\"C\u00e1mara HC30W25R3 - Tecplan\" \/>\n<meta property=\"og:description\" content=\"Sensor progresivo de 5 MP de 1\/2.7&quot;.  Lente fija de 2.8 mm, F2.0 \u00c1ngulo de visi\u00f3n: 108\u00b0 (H) \u2013 60\u00b0 (V),@4M, 103\u00b0 (H) \u2013 76\u00b0 (V) @ 5M  Rango din\u00e1mico amplio (WDR) de 120 dB.  Rendimiento con poca luz (0.02 luz en modo color).  Distancia de IR de hasta 20 m (65 ft), dependiendo de la reflectancia de la escena.  Compresi\u00f3n de video H.265 Smart Codec.  Detecci\u00f3n de movimiento \/ Detecci\u00f3n de intrusos \/ Detecci\u00f3n de personas.    &nbsp;\" \/>\n<meta property=\"og:url\" content=\"https:\/\/tecplan.com.es\/en\/product\/camara-hc30w25r3\/\" \/>\n<meta property=\"og:site_name\" content=\"Tecplan\" \/>\n<meta property=\"article:modified_time\" content=\"2025-10-27T22:57:38+00:00\" \/>\n<meta property=\"og:image\" content=\"https:\/\/tecplan.com.es\/wp-content\/uploads\/2025\/10\/1069198980_lg.jpg\" \/>\n\t<meta property=\"og:image:width\" content=\"500\" \/>\n\t<meta property=\"og:image:height\" content=\"500\" \/>\n\t<meta property=\"og:image:type\" content=\"image\/jpeg\" \/>\n<meta name=\"twitter:card\" content=\"summary_large_image\" \/>\n<meta name=\"twitter:label1\" content=\"Est. reading time\" \/>\n\t<meta name=\"twitter:data1\" content=\"3 minutes\" \/>\n<script type=\"application\/ld+json\" class=\"yoast-schema-graph\">{\"@context\":\"https:\/\/schema.org\",\"@graph\":[{\"@type\":\"WebPage\",\"@id\":\"https:\/\/tecplan.com.es\/product\/camara-hc30w25r3\/\",\"url\":\"https:\/\/tecplan.com.es\/product\/camara-hc30w25r3\/\",\"name\":\"C\u00e1mara HC30W25R3 - Tecplan\",\"isPartOf\":{\"@id\":\"https:\/\/tecplan.com.es\/#website\"},\"primaryImageOfPage\":{\"@id\":\"https:\/\/tecplan.com.es\/product\/camara-hc30w25r3\/#primaryimage\"},\"image\":{\"@id\":\"https:\/\/tecplan.com.es\/product\/camara-hc30w25r3\/#primaryimage\"},\"thumbnailUrl\":\"https:\/\/tecplan.com.es\/wp-content\/uploads\/2025\/10\/1069198980_lg.jpg\",\"datePublished\":\"2025-10-22T23:02:15+00:00\",\"dateModified\":\"2025-10-27T22:57:38+00:00\",\"breadcrumb\":{\"@id\":\"https:\/\/tecplan.com.es\/product\/camara-hc30w25r3\/#breadcrumb\"},\"inLanguage\":\"en-US\",\"potentialAction\":[{\"@type\":\"ReadAction\",\"target\":[\"https:\/\/tecplan.com.es\/product\/camara-hc30w25r3\/\"]}]},{\"@type\":\"ImageObject\",\"inLanguage\":\"en-US\",\"@id\":\"https:\/\/tecplan.com.es\/product\/camara-hc30w25r3\/#primaryimage\",\"url\":\"https:\/\/tecplan.com.es\/wp-content\/uploads\/2025\/10\/1069198980_lg.jpg\",\"contentUrl\":\"https:\/\/tecplan.com.es\/wp-content\/uploads\/2025\/10\/1069198980_lg.jpg\",\"width\":500,\"height\":500},{\"@type\":\"BreadcrumbList\",\"@id\":\"https:\/\/tecplan.com.es\/product\/camara-hc30w25r3\/#breadcrumb\",\"itemListElement\":[{\"@type\":\"ListItem\",\"position\":1,\"name\":\"Home\",\"item\":\"https:\/\/tecplan.com.es\/\"},{\"@type\":\"ListItem\",\"position\":2,\"name\":\"Shop\",\"item\":\"https:\/\/tecplan.com.es\/shop\/\"},{\"@type\":\"ListItem\",\"position\":3,\"name\":\"C\u00e1mara HC30W25R3\"}]},{\"@type\":\"WebSite\",\"@id\":\"https:\/\/tecplan.com.es\/#website\",\"url\":\"https:\/\/tecplan.com.es\/\",\"name\":\"Tecplan\",\"description\":\"\",\"potentialAction\":[{\"@type\":\"SearchAction\",\"target\":{\"@type\":\"EntryPoint\",\"urlTemplate\":\"https:\/\/tecplan.com.es\/?s={search_term_string}\"},\"query-input\":{\"@type\":\"PropertyValueSpecification\",\"valueRequired\":true,\"valueName\":\"search_term_string\"}}],\"inLanguage\":\"en-US\"}]}<\/script>\n<!-- \/ Yoast SEO plugin. -->","yoast_head_json":{"title":"C\u00e1mara HC30W25R3 - Tecplan","robots":{"index":"index","follow":"follow","max-snippet":"max-snippet:-1","max-image-preview":"max-image-preview:large","max-video-preview":"max-video-preview:-1"},"canonical":"https:\/\/tecplan.com.es\/en\/product\/camara-hc30w25r3\/","og_locale":"en_US","og_type":"article","og_title":"C\u00e1mara HC30W25R3 - Tecplan","og_description":"Sensor progresivo de 5 MP de 1\/2.7\".  Lente fija de 2.8 mm, F2.0 \u00c1ngulo de visi\u00f3n: 108\u00b0 (H) \u2013 60\u00b0 (V),@4M, 103\u00b0 (H) \u2013 76\u00b0 (V) @ 5M  Rango din\u00e1mico amplio (WDR) de 120 dB.  Rendimiento con poca luz (0.02 luz en modo color).  Distancia de IR de hasta 20 m (65 ft), dependiendo de la reflectancia de la escena.  Compresi\u00f3n de video H.265 Smart Codec.  Detecci\u00f3n de movimiento \/ Detecci\u00f3n de intrusos \/ Detecci\u00f3n de personas.    &nbsp;","og_url":"https:\/\/tecplan.com.es\/en\/product\/camara-hc30w25r3\/","og_site_name":"Tecplan","article_modified_time":"2025-10-27T22:57:38+00:00","og_image":[{"width":500,"height":500,"url":"https:\/\/tecplan.com.es\/wp-content\/uploads\/2025\/10\/1069198980_lg.jpg","type":"image\/jpeg"}],"twitter_card":"summary_large_image","twitter_misc":{"Est. reading time":"3 minutes"},"schema":{"@context":"https:\/\/schema.org","@graph":[{"@type":"WebPage","@id":"https:\/\/tecplan.com.es\/product\/camara-hc30w25r3\/","url":"https:\/\/tecplan.com.es\/product\/camara-hc30w25r3\/","name":"C\u00e1mara HC30W25R3 - Tecplan","isPartOf":{"@id":"https:\/\/tecplan.com.es\/#website"},"primaryImageOfPage":{"@id":"https:\/\/tecplan.com.es\/product\/camara-hc30w25r3\/#primaryimage"},"image":{"@id":"https:\/\/tecplan.com.es\/product\/camara-hc30w25r3\/#primaryimage"},"thumbnailUrl":"https:\/\/tecplan.com.es\/wp-content\/uploads\/2025\/10\/1069198980_lg.jpg","datePublished":"2025-10-22T23:02:15+00:00","dateModified":"2025-10-27T22:57:38+00:00","breadcrumb":{"@id":"https:\/\/tecplan.com.es\/product\/camara-hc30w25r3\/#breadcrumb"},"inLanguage":"en-US","potentialAction":[{"@type":"ReadAction","target":["https:\/\/tecplan.com.es\/product\/camara-hc30w25r3\/"]}]},{"@type":"ImageObject","inLanguage":"en-US","@id":"https:\/\/tecplan.com.es\/product\/camara-hc30w25r3\/#primaryimage","url":"https:\/\/tecplan.com.es\/wp-content\/uploads\/2025\/10\/1069198980_lg.jpg","contentUrl":"https:\/\/tecplan.com.es\/wp-content\/uploads\/2025\/10\/1069198980_lg.jpg","width":500,"height":500},{"@type":"BreadcrumbList","@id":"https:\/\/tecplan.com.es\/product\/camara-hc30w25r3\/#breadcrumb","itemListElement":[{"@type":"ListItem","position":1,"name":"Home","item":"https:\/\/tecplan.com.es\/"},{"@type":"ListItem","position":2,"name":"Shop","item":"https:\/\/tecplan.com.es\/shop\/"},{"@type":"ListItem","position":3,"name":"C\u00e1mara HC30W25R3"}]},{"@type":"WebSite","@id":"https:\/\/tecplan.com.es\/#website","url":"https:\/\/tecplan.com.es\/","name":"Tecplan","description":"","potentialAction":[{"@type":"SearchAction","target":{"@type":"EntryPoint","urlTemplate":"https:\/\/tecplan.com.es\/?s={search_term_string}"},"query-input":{"@type":"PropertyValueSpecification","valueRequired":true,"valueName":"search_term_string"}}],"inLanguage":"en-US"}]}},"_links":{"self":[{"href":"https:\/\/tecplan.com.es\/en\/wp-json\/wp\/v2\/product\/4186","targetHints":{"allow":["GET"]}}],"collection":[{"href":"https:\/\/tecplan.com.es\/en\/wp-json\/wp\/v2\/product"}],"about":[{"href":"https:\/\/tecplan.com.es\/en\/wp-json\/wp\/v2\/types\/product"}],"replies":[{"embeddable":true,"href":"https:\/\/tecplan.com.es\/en\/wp-json\/wp\/v2\/comments?post=4186"}],"version-history":[{"count":2,"href":"https:\/\/tecplan.com.es\/en\/wp-json\/wp\/v2\/product\/4186\/revisions"}],"predecessor-version":[{"id":4272,"href":"https:\/\/tecplan.com.es\/en\/wp-json\/wp\/v2\/product\/4186\/revisions\/4272"}],"wp:featuredmedia":[{"embeddable":true,"href":"https:\/\/tecplan.com.es\/en\/wp-json\/wp\/v2\/media\/4161"}],"wp:attachment":[{"href":"https:\/\/tecplan.com.es\/en\/wp-json\/wp\/v2\/media?parent=4186"}],"wp:term":[{"taxonomy":"product_brand","embeddable":true,"href":"https:\/\/tecplan.com.es\/en\/wp-json\/wp\/v2\/product_brand?post=4186"},{"taxonomy":"product_cat","embeddable":true,"href":"https:\/\/tecplan.com.es\/en\/wp-json\/wp\/v2\/product_cat?post=4186"},{"taxonomy":"product_tag","embeddable":true,"href":"https:\/\/tecplan.com.es\/en\/wp-json\/wp\/v2\/product_tag?post=4186"}],"curies":[{"name":"wp","href":"https:\/\/api.w.org\/{rel}","templated":true}]}}