{"id":4185,"date":"2025-10-22T23:02:15","date_gmt":"2025-10-22T23:02:15","guid":{"rendered":"https:\/\/tecplan.com.es\/product\/camara-hc70w48r2\/"},"modified":"2025-11-10T22:56:26","modified_gmt":"2025-11-10T22:56:26","slug":"camara-hc70w48r2","status":"publish","type":"product","link":"https:\/\/tecplan.com.es\/en\/product\/camara-hc70w48r2\/","title":{"rendered":"C\u00e1mara  HC70W48R2"},"content":{"rendered":"<p style=\"text-align: justify;\"><strong>HC70W48R2 C\u00e1mara de Domo Exterior Remoto de 8MP, ONVIF Profile G\/S\/T<\/strong><\/p>\n<p style=\"text-align: justify;\">Las nuevas c\u00e1maras de la serie 70 AI de Honeywell ofrecen inteligencia artificial avanzada y capacidades de an\u00e1lisis de video inteligente que permiten la categorizaci\u00f3n de objetos para mejorar el conocimiento de la situaci\u00f3n y reducir las alarmas molestas. Ofrecen capacidades excepcionales de ciberseguridad, reconocimiento facial y de matr\u00edculas, y una excelente calidad de imagen incluso en condiciones de poca luz.<\/p>\n<p style=\"text-align: justify;\"><strong>Caracter\u00edsticas y Beneficios:<\/strong><\/p>\n<ul>\n<li style=\"text-align: justify;\">Inteligencia Artificial y An\u00e1lisis Inteligente<\/li>\n<li style=\"text-align: justify;\">El an\u00e1lisis de v\u00eddeo integrado ayuda a reducir las falsas alarmas en la protecci\u00f3n perimetral; estas incluyen:<\/li>\n<li style=\"text-align: justify;\">Detecci\u00f3n de movimiento inteligente<\/li>\n<li style=\"text-align: justify;\">Detecci\u00f3n inteligente de intrusiones<\/li>\n<li style=\"text-align: justify;\">Detecci\u00f3n inteligente de merodeadores<\/li>\n<li style=\"text-align: justify;\">Detecci\u00f3n inteligente de cruce de l\u00edneas<\/li>\n<li style=\"text-align: justify;\">Detecci\u00f3n inteligente de objetos desatendidos o perdidos<\/li>\n<li style=\"text-align: justify;\">Reconocimiento inteligente de detecci\u00f3n de rostros<\/li>\n<li style=\"text-align: justify;\">An\u00e1lisis de v\u00eddeo opcional basado en Honeywell OpenVA compatible con reconocimiento facial y de matr\u00edculas (se requiere licencia adicional para activarlo<\/li>\n<li style=\"text-align: justify;\">Ciberseguridad y Cumplimiento<\/li>\n<\/ul>\n<p style=\"text-align: justify;\"><strong>Sistema operativo Ubuntu\u00ae Core Linux\u00ae para una gesti\u00f3n de arranque segura<\/strong><br \/>\nConjunto de chips con certificaci\u00f3n FIPS 140-2 integrado para cifrado de transmisi\u00f3n y tarjeta SD seg\u00fan AES 256 para brindar privacidad e integridad segura de los datos. Cumple con la Secci\u00f3n 889 de la NDAA<\/p>\n<p style=\"text-align: justify;\"><strong>Calidad de Imagen HD Superior<\/strong><\/p>\n<p style=\"text-align: justify;\"><strong>C\u00e1maras de hasta 8MP (3840&#215;2160)<\/strong><br \/>\nWDR real (&gt;130 dB) para im\u00e1genes sin reflejos<br \/>\nEl d\u00eda\/noche real proporciona im\u00e1genes en colores vivos durante el d\u00eda e im\u00e1genes claras en blanco y negro durante la noche mediante un filtro de corte IR extra\u00edble Excelente rendimiento en condiciones de poca luz con reducci\u00f3n de ruido 2D\/3D que ahorra almacenamiento y ancho de banda junto con un c\u00f3dec inteligente La tecnolog\u00eda IR inteligente adaptable proporciona una distribuci\u00f3n uniforme de los LED IR en escenas nocturnas o con poca iluminaci\u00f3n<\/p>\n<p style=\"text-align: justify;\"><strong>Robusto y Flexible<\/strong><\/p>\n<p style=\"text-align: justify;\">Resistente al agua\/polvo (IP 66\/67) e IK10 y NEMA 4X (domo y bala para exteriores) Compatible con ONVIF Profile S, T y G F\u00e1cil de instalar y Usar. PoE incorporado elimina la fuente de alimentaci\u00f3n separada y el cableado asociado; Entradas de 24 VCA\/48 VCC\/12 VCC donde PoE no est\u00e1 disponible Configuraci\u00f3n de la c\u00e1mara v\u00eda Wi-Fi (3) (dispositivo m\u00f3vil), WebClient o NVR para ajustar zoom, enfoque autom\u00e1tico, etc.<\/p>\n<p style=\"text-align: justify;\"><strong>M\u00faltiples opciones de montaje<\/strong><\/p>\n<ul>\n<li style=\"text-align: justify;\">GUI en varios idiomas<\/li>\n<li style=\"text-align: justify;\">Herramienta de configuraci\u00f3n de c\u00e1mara unificada para configuraci\u00f3n por lotes<\/li>\n<li style=\"text-align: justify;\">H.265(1), H.264, Smart Codec (2) y MJPEG compatibles con transmisi\u00f3n triple<\/li>\n<li style=\"text-align: justify;\">Almacenamiento de V\u00eddeo Integrado<\/li>\n<li style=\"text-align: justify;\">Admite tarjeta microSD (Clase 10) de hasta 256 GB para almacenamiento de video local cifrado (tarjeta no incluida)<\/li>\n<\/ul>\n<h5 style=\"text-align: justify;\"><span style=\"text-decoration: underline;\"><strong>DOWNLOADS<\/strong><\/span><\/h5>\n<ul style=\"text-align: justify;\">\n<li style=\"list-style-type: none;\">\n<ul style=\"text-align: justify;\">\n<li><a href=\"https:\/\/drive.google.com\/file\/d\/1AOa_2cT3E3AWORq14gjQ2VFKUok6Mr7h\/view?usp=sharing\">\u2192\u00a0 Ficha t\u00e9cnica Espa\u00f1ol<\/a><\/li>\n<\/ul>\n<\/li>\n<\/ul>\n<p>&nbsp;<\/p>","protected":false},"excerpt":{"rendered":"<p style=\"text-align: justify;\">Nuevas c\u00e1maras de la serie 70 que ofrecen capacidades avanzadas de inteligencia artificial y an\u00e1lisis de video inteligente. Ofrecen una ciberseguridad excepcional, con Capacidad de reconocimiento de matr\u00edculas y reconocimiento facial, y una excelente calidad de imagen incluso en condiciones de poca luz.<br \/>\n\u2022 C\u00e1maras de hasta 8MP (3840&#215;2160).<br \/>\n\u2022 Verdadero rango din\u00e1mico amplio .<br \/>\n\u2022 (WDR) para im\u00e1genes sin reflejos.<\/p>\n<p><img decoding=\"async\" class=\"wp-image-4224 aligncenter\" src=\"https:\/\/tecplan.com.es\/wp-content\/uploads\/2025\/10\/honeywell-300x169.webp\" alt=\"\" width=\"158\" height=\"139\" \/><\/p>\n<p>&nbsp;<\/p>","protected":false},"featured_media":4160,"comment_status":"open","ping_status":"closed","template":"","meta":{"site-sidebar-layout":"default","site-content-layout":"","ast-site-content-layout":"default","site-content-style":"default","site-sidebar-style":"default","ast-global-header-display":"","ast-banner-title-visibility":"","ast-main-header-display":"","ast-hfb-above-header-display":"","ast-hfb-below-header-display":"","ast-hfb-mobile-header-display":"","site-post-title":"","ast-breadcrumbs-content":"","ast-featured-img":"","footer-sml-layout":"","ast-disable-related-posts":"","theme-transparent-header-meta":"default","adv-header-id-meta":"","stick-header-meta":"","header-above-stick-meta":"","header-main-stick-meta":"","header-below-stick-meta":"","astra-migrate-meta-layouts":"set","ast-page-background-enabled":"default","ast-page-background-meta":{"desktop":{"background-color":"var(--ast-global-color-5)","background-image":"","background-repeat":"repeat","background-position":"center center","background-size":"auto","background-attachment":"scroll","background-type":"","background-media":"","overlay-type":"","overlay-color":"","overlay-opacity":"","overlay-gradient":""},"tablet":{"background-color":"","background-image":"","background-repeat":"repeat","background-position":"center center","background-size":"auto","background-attachment":"scroll","background-type":"","background-media":"","overlay-type":"","overlay-color":"","overlay-opacity":"","overlay-gradient":""},"mobile":{"background-color":"","background-image":"","background-repeat":"repeat","background-position":"center center","background-size":"auto","background-attachment":"scroll","background-type":"","background-media":"","overlay-type":"","overlay-color":"","overlay-opacity":"","overlay-gradient":""}},"ast-content-background-meta":{"desktop":{"background-color":"var(--ast-global-color-4)","background-image":"","background-repeat":"repeat","background-position":"center center","background-size":"auto","background-attachment":"scroll","background-type":"","background-media":"","overlay-type":"","overlay-color":"","overlay-opacity":"","overlay-gradient":""},"tablet":{"background-color":"var(--ast-global-color-4)","background-image":"","background-repeat":"repeat","background-position":"center center","background-size":"auto","background-attachment":"scroll","background-type":"","background-media":"","overlay-type":"","overlay-color":"","overlay-opacity":"","overlay-gradient":""},"mobile":{"background-color":"var(--ast-global-color-4)","background-image":"","background-repeat":"repeat","background-position":"center center","background-size":"auto","background-attachment":"scroll","background-type":"","background-media":"","overlay-type":"","overlay-color":"","overlay-opacity":"","overlay-gradient":""}}},"product_brand":[308],"product_cat":[181,195,178],"product_tag":[309],"class_list":{"0":"post-4185","1":"product","2":"type-product","3":"status-publish","4":"has-post-thumbnail","6":"product_brand-honeywell","7":"product_cat-cam-domo","8":"product_cat-seguridad","9":"product_cat-vigilancia-gps","10":"product_tag-honeywell","11":"desktop-align-left","12":"tablet-align-left","13":"mobile-align-left","15":"first","16":"instock","17":"shipping-taxable","18":"product-type-simple"},"yoast_head":"<!-- This site is optimized with the Yoast SEO plugin v25.3 - https:\/\/yoast.com\/wordpress\/plugins\/seo\/ -->\n<title>C\u00e1mara HC70W48R2 - Tecplan<\/title>\n<meta name=\"robots\" content=\"index, follow, max-snippet:-1, max-image-preview:large, max-video-preview:-1\" \/>\n<link rel=\"canonical\" href=\"https:\/\/tecplan.com.es\/en\/product\/camara-hc70w48r2\/\" \/>\n<meta property=\"og:locale\" content=\"en_US\" \/>\n<meta property=\"og:type\" content=\"article\" \/>\n<meta property=\"og:title\" content=\"C\u00e1mara HC70W48R2 - Tecplan\" \/>\n<meta property=\"og:description\" content=\"Nuevas c\u00e1maras de la serie 70 que ofrecen capacidades avanzadas de inteligencia artificial y an\u00e1lisis de video inteligente. Ofrecen una ciberseguridad excepcional, con Capacidad de reconocimiento de matr\u00edculas y reconocimiento facial, y una excelente calidad de imagen incluso en condiciones de poca luz. \u2022 C\u00e1maras de hasta 8MP (3840x2160). \u2022 Verdadero rango din\u00e1mico amplio . \u2022 (WDR) para im\u00e1genes sin reflejos.   &nbsp;\" \/>\n<meta property=\"og:url\" content=\"https:\/\/tecplan.com.es\/en\/product\/camara-hc70w48r2\/\" \/>\n<meta property=\"og:site_name\" content=\"Tecplan\" \/>\n<meta property=\"article:modified_time\" content=\"2025-11-10T22:56:26+00:00\" \/>\n<meta property=\"og:image\" content=\"https:\/\/tecplan.com.es\/wp-content\/uploads\/2025\/10\/HBT-SEC-70-series.jpg\" \/>\n\t<meta property=\"og:image:width\" content=\"576\" \/>\n\t<meta property=\"og:image:height\" content=\"576\" \/>\n\t<meta property=\"og:image:type\" content=\"image\/jpeg\" \/>\n<meta name=\"twitter:card\" content=\"summary_large_image\" \/>\n<meta name=\"twitter:label1\" content=\"Est. reading time\" \/>\n\t<meta name=\"twitter:data1\" content=\"3 minutes\" \/>\n<script type=\"application\/ld+json\" class=\"yoast-schema-graph\">{\"@context\":\"https:\/\/schema.org\",\"@graph\":[{\"@type\":\"WebPage\",\"@id\":\"https:\/\/tecplan.com.es\/product\/camara-hc70w48r2\/\",\"url\":\"https:\/\/tecplan.com.es\/product\/camara-hc70w48r2\/\",\"name\":\"C\u00e1mara HC70W48R2 - Tecplan\",\"isPartOf\":{\"@id\":\"https:\/\/tecplan.com.es\/#website\"},\"primaryImageOfPage\":{\"@id\":\"https:\/\/tecplan.com.es\/product\/camara-hc70w48r2\/#primaryimage\"},\"image\":{\"@id\":\"https:\/\/tecplan.com.es\/product\/camara-hc70w48r2\/#primaryimage\"},\"thumbnailUrl\":\"https:\/\/tecplan.com.es\/wp-content\/uploads\/2025\/10\/HBT-SEC-70-series.jpg\",\"datePublished\":\"2025-10-22T23:02:15+00:00\",\"dateModified\":\"2025-11-10T22:56:26+00:00\",\"breadcrumb\":{\"@id\":\"https:\/\/tecplan.com.es\/product\/camara-hc70w48r2\/#breadcrumb\"},\"inLanguage\":\"en-US\",\"potentialAction\":[{\"@type\":\"ReadAction\",\"target\":[\"https:\/\/tecplan.com.es\/product\/camara-hc70w48r2\/\"]}]},{\"@type\":\"ImageObject\",\"inLanguage\":\"en-US\",\"@id\":\"https:\/\/tecplan.com.es\/product\/camara-hc70w48r2\/#primaryimage\",\"url\":\"https:\/\/tecplan.com.es\/wp-content\/uploads\/2025\/10\/HBT-SEC-70-series.jpg\",\"contentUrl\":\"https:\/\/tecplan.com.es\/wp-content\/uploads\/2025\/10\/HBT-SEC-70-series.jpg\",\"width\":576,\"height\":576},{\"@type\":\"BreadcrumbList\",\"@id\":\"https:\/\/tecplan.com.es\/product\/camara-hc70w48r2\/#breadcrumb\",\"itemListElement\":[{\"@type\":\"ListItem\",\"position\":1,\"name\":\"Home\",\"item\":\"https:\/\/tecplan.com.es\/\"},{\"@type\":\"ListItem\",\"position\":2,\"name\":\"Shop\",\"item\":\"https:\/\/tecplan.com.es\/shop\/\"},{\"@type\":\"ListItem\",\"position\":3,\"name\":\"C\u00e1mara HC70W48R2\"}]},{\"@type\":\"WebSite\",\"@id\":\"https:\/\/tecplan.com.es\/#website\",\"url\":\"https:\/\/tecplan.com.es\/\",\"name\":\"Tecplan\",\"description\":\"\",\"potentialAction\":[{\"@type\":\"SearchAction\",\"target\":{\"@type\":\"EntryPoint\",\"urlTemplate\":\"https:\/\/tecplan.com.es\/?s={search_term_string}\"},\"query-input\":{\"@type\":\"PropertyValueSpecification\",\"valueRequired\":true,\"valueName\":\"search_term_string\"}}],\"inLanguage\":\"en-US\"}]}<\/script>\n<!-- \/ Yoast SEO plugin. -->","yoast_head_json":{"title":"C\u00e1mara HC70W48R2 - Tecplan","robots":{"index":"index","follow":"follow","max-snippet":"max-snippet:-1","max-image-preview":"max-image-preview:large","max-video-preview":"max-video-preview:-1"},"canonical":"https:\/\/tecplan.com.es\/en\/product\/camara-hc70w48r2\/","og_locale":"en_US","og_type":"article","og_title":"C\u00e1mara HC70W48R2 - Tecplan","og_description":"Nuevas c\u00e1maras de la serie 70 que ofrecen capacidades avanzadas de inteligencia artificial y an\u00e1lisis de video inteligente. Ofrecen una ciberseguridad excepcional, con Capacidad de reconocimiento de matr\u00edculas y reconocimiento facial, y una excelente calidad de imagen incluso en condiciones de poca luz. \u2022 C\u00e1maras de hasta 8MP (3840x2160). \u2022 Verdadero rango din\u00e1mico amplio . \u2022 (WDR) para im\u00e1genes sin reflejos.   &nbsp;","og_url":"https:\/\/tecplan.com.es\/en\/product\/camara-hc70w48r2\/","og_site_name":"Tecplan","article_modified_time":"2025-11-10T22:56:26+00:00","og_image":[{"width":576,"height":576,"url":"https:\/\/tecplan.com.es\/wp-content\/uploads\/2025\/10\/HBT-SEC-70-series.jpg","type":"image\/jpeg"}],"twitter_card":"summary_large_image","twitter_misc":{"Est. reading time":"3 minutes"},"schema":{"@context":"https:\/\/schema.org","@graph":[{"@type":"WebPage","@id":"https:\/\/tecplan.com.es\/product\/camara-hc70w48r2\/","url":"https:\/\/tecplan.com.es\/product\/camara-hc70w48r2\/","name":"C\u00e1mara HC70W48R2 - Tecplan","isPartOf":{"@id":"https:\/\/tecplan.com.es\/#website"},"primaryImageOfPage":{"@id":"https:\/\/tecplan.com.es\/product\/camara-hc70w48r2\/#primaryimage"},"image":{"@id":"https:\/\/tecplan.com.es\/product\/camara-hc70w48r2\/#primaryimage"},"thumbnailUrl":"https:\/\/tecplan.com.es\/wp-content\/uploads\/2025\/10\/HBT-SEC-70-series.jpg","datePublished":"2025-10-22T23:02:15+00:00","dateModified":"2025-11-10T22:56:26+00:00","breadcrumb":{"@id":"https:\/\/tecplan.com.es\/product\/camara-hc70w48r2\/#breadcrumb"},"inLanguage":"en-US","potentialAction":[{"@type":"ReadAction","target":["https:\/\/tecplan.com.es\/product\/camara-hc70w48r2\/"]}]},{"@type":"ImageObject","inLanguage":"en-US","@id":"https:\/\/tecplan.com.es\/product\/camara-hc70w48r2\/#primaryimage","url":"https:\/\/tecplan.com.es\/wp-content\/uploads\/2025\/10\/HBT-SEC-70-series.jpg","contentUrl":"https:\/\/tecplan.com.es\/wp-content\/uploads\/2025\/10\/HBT-SEC-70-series.jpg","width":576,"height":576},{"@type":"BreadcrumbList","@id":"https:\/\/tecplan.com.es\/product\/camara-hc70w48r2\/#breadcrumb","itemListElement":[{"@type":"ListItem","position":1,"name":"Home","item":"https:\/\/tecplan.com.es\/"},{"@type":"ListItem","position":2,"name":"Shop","item":"https:\/\/tecplan.com.es\/shop\/"},{"@type":"ListItem","position":3,"name":"C\u00e1mara HC70W48R2"}]},{"@type":"WebSite","@id":"https:\/\/tecplan.com.es\/#website","url":"https:\/\/tecplan.com.es\/","name":"Tecplan","description":"","potentialAction":[{"@type":"SearchAction","target":{"@type":"EntryPoint","urlTemplate":"https:\/\/tecplan.com.es\/?s={search_term_string}"},"query-input":{"@type":"PropertyValueSpecification","valueRequired":true,"valueName":"search_term_string"}}],"inLanguage":"en-US"}]}},"_links":{"self":[{"href":"https:\/\/tecplan.com.es\/en\/wp-json\/wp\/v2\/product\/4185","targetHints":{"allow":["GET"]}}],"collection":[{"href":"https:\/\/tecplan.com.es\/en\/wp-json\/wp\/v2\/product"}],"about":[{"href":"https:\/\/tecplan.com.es\/en\/wp-json\/wp\/v2\/types\/product"}],"replies":[{"embeddable":true,"href":"https:\/\/tecplan.com.es\/en\/wp-json\/wp\/v2\/comments?post=4185"}],"version-history":[{"count":3,"href":"https:\/\/tecplan.com.es\/en\/wp-json\/wp\/v2\/product\/4185\/revisions"}],"predecessor-version":[{"id":4548,"href":"https:\/\/tecplan.com.es\/en\/wp-json\/wp\/v2\/product\/4185\/revisions\/4548"}],"wp:featuredmedia":[{"embeddable":true,"href":"https:\/\/tecplan.com.es\/en\/wp-json\/wp\/v2\/media\/4160"}],"wp:attachment":[{"href":"https:\/\/tecplan.com.es\/en\/wp-json\/wp\/v2\/media?parent=4185"}],"wp:term":[{"taxonomy":"product_brand","embeddable":true,"href":"https:\/\/tecplan.com.es\/en\/wp-json\/wp\/v2\/product_brand?post=4185"},{"taxonomy":"product_cat","embeddable":true,"href":"https:\/\/tecplan.com.es\/en\/wp-json\/wp\/v2\/product_cat?post=4185"},{"taxonomy":"product_tag","embeddable":true,"href":"https:\/\/tecplan.com.es\/en\/wp-json\/wp\/v2\/product_tag?post=4185"}],"curies":[{"name":"wp","href":"https:\/\/api.w.org\/{rel}","templated":true}]}}