{"id":4183,"date":"2025-10-22T23:02:15","date_gmt":"2025-10-22T23:02:15","guid":{"rendered":"https:\/\/tecplan.com.es\/product\/camara-ds-2cd143g2-liu-f\/"},"modified":"2025-10-27T22:27:18","modified_gmt":"2025-10-27T22:27:18","slug":"camara-ds-2cd143g2-liu-f","status":"publish","type":"product","link":"https:\/\/tecplan.com.es\/en\/product\/camara-ds-2cd143g2-liu-f\/","title":{"rendered":"C\u00e1mara  DS-2CD143G2-LIU (F)"},"content":{"rendered":"<p style=\"text-align: justify;\"><strong>DS-2CD143G2-LIU (F) C\u00e1mara de luz h\u00edbrida inteligente de 4 MP de color rojo de C\u00fapula Fija<\/strong><\/p>\n<ul>\n<li style=\"text-align: justify;\">C\u00e1mara de red de torreta fija con luz h\u00edbrida inteligente de 4 MP<\/li>\n<li style=\"text-align: justify;\">Im\u00e1genes de alta calidad con resoluci\u00f3n de 4 MP<\/li>\n<li style=\"text-align: justify;\">Apoyar la detecci\u00f3n de personas y veh\u00edculos<\/li>\n<li style=\"text-align: justify;\">Luz h\u00edbrida inteligente: tecnolog\u00eda avanzada con largo alcance<\/li>\n<li style=\"text-align: justify;\">Micr\u00f3fono incorporado para seguridad de audio en tiempo real<\/li>\n<li style=\"text-align: justify;\">Tecnolog\u00eda de compresi\u00f3n eficiente H.265+<\/li>\n<li style=\"text-align: justify;\">Admite almacenamiento integrado de hasta 512 GB (ranura para tarjeta SD) (opcional)<\/li>\n<li style=\"text-align: justify;\">Resistente al agua y al polvo (IP67)<\/li>\n<\/ul>\n<h5 style=\"text-align: justify;\"><span style=\"text-decoration: underline;\"><strong>DOWNLOADS<\/strong><\/span><\/h5>\n<ul style=\"text-align: justify;\">\n<li><a href=\"https:\/\/drive.google.com\/file\/d\/1WfDksFvt7ozKHElM4yEWWIgtO29_JpjK\/view?usp=sharing\">\u2192 Technical specifications<\/a><\/li>\n<\/ul>","protected":false},"excerpt":{"rendered":"<p style=\"text-align: justify;\"><strong>Calidad en Im\u00e1gen resoluci\u00f3n de 4 MP.<\/strong><br \/>\n\u2022 Detecci\u00f3n de Humanos y Veh\u00edculos.<br \/>\n\u2022 Luz Inteligente con largo alcance.<br \/>\n\u2022 Micr\u00f3fono incorporado para seguridad de audio en tiempo real<br \/>\n\u2022 Admite almacenamiento de 512.<br \/>\n\u2022 Eficiente compresi\u00f3n en H.265+.<br \/>\n\u2022 Resistente al agua y al polvo (IP67) y resistente a los v\u00e1ndalos (IK08).<\/p>\n<p><img decoding=\"async\" class=\"wp-image-4264 aligncenter\" src=\"https:\/\/tecplan.com.es\/wp-content\/uploads\/2025\/10\/pngwing.com-54-300x90.png\" alt=\"\" width=\"129\" height=\"42\" \/><\/p>\n<p>&nbsp;<\/p>","protected":false},"featured_media":4155,"comment_status":"open","ping_status":"closed","template":"","meta":{"site-sidebar-layout":"default","site-content-layout":"","ast-site-content-layout":"default","site-content-style":"default","site-sidebar-style":"default","ast-global-header-display":"","ast-banner-title-visibility":"","ast-main-header-display":"","ast-hfb-above-header-display":"","ast-hfb-below-header-display":"","ast-hfb-mobile-header-display":"","site-post-title":"","ast-breadcrumbs-content":"","ast-featured-img":"","footer-sml-layout":"","ast-disable-related-posts":"","theme-transparent-header-meta":"default","adv-header-id-meta":"","stick-header-meta":"","header-above-stick-meta":"","header-main-stick-meta":"","header-below-stick-meta":"","astra-migrate-meta-layouts":"set","ast-page-background-enabled":"default","ast-page-background-meta":{"desktop":{"background-color":"var(--ast-global-color-5)","background-image":"","background-repeat":"repeat","background-position":"center center","background-size":"auto","background-attachment":"scroll","background-type":"","background-media":"","overlay-type":"","overlay-color":"","overlay-opacity":"","overlay-gradient":""},"tablet":{"background-color":"","background-image":"","background-repeat":"repeat","background-position":"center center","background-size":"auto","background-attachment":"scroll","background-type":"","background-media":"","overlay-type":"","overlay-color":"","overlay-opacity":"","overlay-gradient":""},"mobile":{"background-color":"","background-image":"","background-repeat":"repeat","background-position":"center center","background-size":"auto","background-attachment":"scroll","background-type":"","background-media":"","overlay-type":"","overlay-color":"","overlay-opacity":"","overlay-gradient":""}},"ast-content-background-meta":{"desktop":{"background-color":"var(--ast-global-color-4)","background-image":"","background-repeat":"repeat","background-position":"center center","background-size":"auto","background-attachment":"scroll","background-type":"","background-media":"","overlay-type":"","overlay-color":"","overlay-opacity":"","overlay-gradient":""},"tablet":{"background-color":"var(--ast-global-color-4)","background-image":"","background-repeat":"repeat","background-position":"center center","background-size":"auto","background-attachment":"scroll","background-type":"","background-media":"","overlay-type":"","overlay-color":"","overlay-opacity":"","overlay-gradient":""},"mobile":{"background-color":"var(--ast-global-color-4)","background-image":"","background-repeat":"repeat","background-position":"center center","background-size":"auto","background-attachment":"scroll","background-type":"","background-media":"","overlay-type":"","overlay-color":"","overlay-opacity":"","overlay-gradient":""}}},"product_brand":[315],"product_cat":[181,195,178],"product_tag":[316],"class_list":{"0":"post-4183","1":"product","2":"type-product","3":"status-publish","4":"has-post-thumbnail","6":"product_brand-dahua","7":"product_cat-cam-domo","8":"product_cat-seguridad","9":"product_cat-vigilancia-gps","10":"product_tag-dahua","11":"desktop-align-left","12":"tablet-align-left","13":"mobile-align-left","15":"first","16":"instock","17":"shipping-taxable","18":"product-type-simple"},"yoast_head":"<!-- This site is optimized with the Yoast SEO plugin v25.3 - https:\/\/yoast.com\/wordpress\/plugins\/seo\/ -->\n<title>C\u00e1mara DS-2CD143G2-LIU (F) - Tecplan<\/title>\n<meta name=\"robots\" content=\"index, follow, max-snippet:-1, max-image-preview:large, max-video-preview:-1\" \/>\n<link rel=\"canonical\" href=\"https:\/\/tecplan.com.es\/en\/product\/camara-ds-2cd143g2-liu-f\/\" \/>\n<meta property=\"og:locale\" content=\"en_US\" \/>\n<meta property=\"og:type\" content=\"article\" \/>\n<meta property=\"og:title\" content=\"C\u00e1mara DS-2CD143G2-LIU (F) - Tecplan\" \/>\n<meta property=\"og:description\" content=\"Calidad en Im\u00e1gen resoluci\u00f3n de 4 MP. \u2022 Detecci\u00f3n de Humanos y Veh\u00edculos. \u2022 Luz Inteligente con largo alcance. \u2022 Micr\u00f3fono incorporado para seguridad de audio en tiempo real \u2022 Admite almacenamiento de 512. \u2022 Eficiente compresi\u00f3n en H.265+. \u2022 Resistente al agua y al polvo (IP67) y resistente a los v\u00e1ndalos (IK08).   &nbsp;\" \/>\n<meta property=\"og:url\" content=\"https:\/\/tecplan.com.es\/en\/product\/camara-ds-2cd143g2-liu-f\/\" \/>\n<meta property=\"og:site_name\" content=\"Tecplan\" \/>\n<meta property=\"article:modified_time\" content=\"2025-10-27T22:27:18+00:00\" \/>\n<meta property=\"og:image\" content=\"https:\/\/tecplan.com.es\/wp-content\/uploads\/2025\/10\/DS-2CD1323G2-LI-.jpg\" \/>\n\t<meta property=\"og:image:width\" content=\"800\" \/>\n\t<meta property=\"og:image:height\" content=\"800\" \/>\n\t<meta property=\"og:image:type\" content=\"image\/jpeg\" \/>\n<meta name=\"twitter:card\" content=\"summary_large_image\" \/>\n<meta name=\"twitter:label1\" content=\"Est. reading time\" \/>\n\t<meta name=\"twitter:data1\" content=\"1 minute\" \/>\n<script type=\"application\/ld+json\" class=\"yoast-schema-graph\">{\"@context\":\"https:\/\/schema.org\",\"@graph\":[{\"@type\":\"WebPage\",\"@id\":\"https:\/\/tecplan.com.es\/product\/camara-ds-2cd143g2-liu-f\/\",\"url\":\"https:\/\/tecplan.com.es\/product\/camara-ds-2cd143g2-liu-f\/\",\"name\":\"C\u00e1mara DS-2CD143G2-LIU (F) - Tecplan\",\"isPartOf\":{\"@id\":\"https:\/\/tecplan.com.es\/#website\"},\"primaryImageOfPage\":{\"@id\":\"https:\/\/tecplan.com.es\/product\/camara-ds-2cd143g2-liu-f\/#primaryimage\"},\"image\":{\"@id\":\"https:\/\/tecplan.com.es\/product\/camara-ds-2cd143g2-liu-f\/#primaryimage\"},\"thumbnailUrl\":\"https:\/\/tecplan.com.es\/wp-content\/uploads\/2025\/10\/DS-2CD1323G2-LI-.jpg\",\"datePublished\":\"2025-10-22T23:02:15+00:00\",\"dateModified\":\"2025-10-27T22:27:18+00:00\",\"breadcrumb\":{\"@id\":\"https:\/\/tecplan.com.es\/product\/camara-ds-2cd143g2-liu-f\/#breadcrumb\"},\"inLanguage\":\"en-US\",\"potentialAction\":[{\"@type\":\"ReadAction\",\"target\":[\"https:\/\/tecplan.com.es\/product\/camara-ds-2cd143g2-liu-f\/\"]}]},{\"@type\":\"ImageObject\",\"inLanguage\":\"en-US\",\"@id\":\"https:\/\/tecplan.com.es\/product\/camara-ds-2cd143g2-liu-f\/#primaryimage\",\"url\":\"https:\/\/tecplan.com.es\/wp-content\/uploads\/2025\/10\/DS-2CD1323G2-LI-.jpg\",\"contentUrl\":\"https:\/\/tecplan.com.es\/wp-content\/uploads\/2025\/10\/DS-2CD1323G2-LI-.jpg\",\"width\":800,\"height\":800},{\"@type\":\"BreadcrumbList\",\"@id\":\"https:\/\/tecplan.com.es\/product\/camara-ds-2cd143g2-liu-f\/#breadcrumb\",\"itemListElement\":[{\"@type\":\"ListItem\",\"position\":1,\"name\":\"Home\",\"item\":\"https:\/\/tecplan.com.es\/\"},{\"@type\":\"ListItem\",\"position\":2,\"name\":\"Shop\",\"item\":\"https:\/\/tecplan.com.es\/shop\/\"},{\"@type\":\"ListItem\",\"position\":3,\"name\":\"C\u00e1mara DS-2CD143G2-LIU (F)\"}]},{\"@type\":\"WebSite\",\"@id\":\"https:\/\/tecplan.com.es\/#website\",\"url\":\"https:\/\/tecplan.com.es\/\",\"name\":\"Tecplan\",\"description\":\"\",\"potentialAction\":[{\"@type\":\"SearchAction\",\"target\":{\"@type\":\"EntryPoint\",\"urlTemplate\":\"https:\/\/tecplan.com.es\/?s={search_term_string}\"},\"query-input\":{\"@type\":\"PropertyValueSpecification\",\"valueRequired\":true,\"valueName\":\"search_term_string\"}}],\"inLanguage\":\"en-US\"}]}<\/script>\n<!-- \/ Yoast SEO plugin. -->","yoast_head_json":{"title":"C\u00e1mara DS-2CD143G2-LIU (F) - Tecplan","robots":{"index":"index","follow":"follow","max-snippet":"max-snippet:-1","max-image-preview":"max-image-preview:large","max-video-preview":"max-video-preview:-1"},"canonical":"https:\/\/tecplan.com.es\/en\/product\/camara-ds-2cd143g2-liu-f\/","og_locale":"en_US","og_type":"article","og_title":"C\u00e1mara DS-2CD143G2-LIU (F) - Tecplan","og_description":"Calidad en Im\u00e1gen resoluci\u00f3n de 4 MP. \u2022 Detecci\u00f3n de Humanos y Veh\u00edculos. \u2022 Luz Inteligente con largo alcance. \u2022 Micr\u00f3fono incorporado para seguridad de audio en tiempo real \u2022 Admite almacenamiento de 512. \u2022 Eficiente compresi\u00f3n en H.265+. \u2022 Resistente al agua y al polvo (IP67) y resistente a los v\u00e1ndalos (IK08).   &nbsp;","og_url":"https:\/\/tecplan.com.es\/en\/product\/camara-ds-2cd143g2-liu-f\/","og_site_name":"Tecplan","article_modified_time":"2025-10-27T22:27:18+00:00","og_image":[{"width":800,"height":800,"url":"https:\/\/tecplan.com.es\/wp-content\/uploads\/2025\/10\/DS-2CD1323G2-LI-.jpg","type":"image\/jpeg"}],"twitter_card":"summary_large_image","twitter_misc":{"Est. reading time":"1 minute"},"schema":{"@context":"https:\/\/schema.org","@graph":[{"@type":"WebPage","@id":"https:\/\/tecplan.com.es\/product\/camara-ds-2cd143g2-liu-f\/","url":"https:\/\/tecplan.com.es\/product\/camara-ds-2cd143g2-liu-f\/","name":"C\u00e1mara DS-2CD143G2-LIU (F) - Tecplan","isPartOf":{"@id":"https:\/\/tecplan.com.es\/#website"},"primaryImageOfPage":{"@id":"https:\/\/tecplan.com.es\/product\/camara-ds-2cd143g2-liu-f\/#primaryimage"},"image":{"@id":"https:\/\/tecplan.com.es\/product\/camara-ds-2cd143g2-liu-f\/#primaryimage"},"thumbnailUrl":"https:\/\/tecplan.com.es\/wp-content\/uploads\/2025\/10\/DS-2CD1323G2-LI-.jpg","datePublished":"2025-10-22T23:02:15+00:00","dateModified":"2025-10-27T22:27:18+00:00","breadcrumb":{"@id":"https:\/\/tecplan.com.es\/product\/camara-ds-2cd143g2-liu-f\/#breadcrumb"},"inLanguage":"en-US","potentialAction":[{"@type":"ReadAction","target":["https:\/\/tecplan.com.es\/product\/camara-ds-2cd143g2-liu-f\/"]}]},{"@type":"ImageObject","inLanguage":"en-US","@id":"https:\/\/tecplan.com.es\/product\/camara-ds-2cd143g2-liu-f\/#primaryimage","url":"https:\/\/tecplan.com.es\/wp-content\/uploads\/2025\/10\/DS-2CD1323G2-LI-.jpg","contentUrl":"https:\/\/tecplan.com.es\/wp-content\/uploads\/2025\/10\/DS-2CD1323G2-LI-.jpg","width":800,"height":800},{"@type":"BreadcrumbList","@id":"https:\/\/tecplan.com.es\/product\/camara-ds-2cd143g2-liu-f\/#breadcrumb","itemListElement":[{"@type":"ListItem","position":1,"name":"Home","item":"https:\/\/tecplan.com.es\/"},{"@type":"ListItem","position":2,"name":"Shop","item":"https:\/\/tecplan.com.es\/shop\/"},{"@type":"ListItem","position":3,"name":"C\u00e1mara DS-2CD143G2-LIU (F)"}]},{"@type":"WebSite","@id":"https:\/\/tecplan.com.es\/#website","url":"https:\/\/tecplan.com.es\/","name":"Tecplan","description":"","potentialAction":[{"@type":"SearchAction","target":{"@type":"EntryPoint","urlTemplate":"https:\/\/tecplan.com.es\/?s={search_term_string}"},"query-input":{"@type":"PropertyValueSpecification","valueRequired":true,"valueName":"search_term_string"}}],"inLanguage":"en-US"}]}},"_links":{"self":[{"href":"https:\/\/tecplan.com.es\/en\/wp-json\/wp\/v2\/product\/4183","targetHints":{"allow":["GET"]}}],"collection":[{"href":"https:\/\/tecplan.com.es\/en\/wp-json\/wp\/v2\/product"}],"about":[{"href":"https:\/\/tecplan.com.es\/en\/wp-json\/wp\/v2\/types\/product"}],"replies":[{"embeddable":true,"href":"https:\/\/tecplan.com.es\/en\/wp-json\/wp\/v2\/comments?post=4183"}],"version-history":[{"count":2,"href":"https:\/\/tecplan.com.es\/en\/wp-json\/wp\/v2\/product\/4183\/revisions"}],"predecessor-version":[{"id":4269,"href":"https:\/\/tecplan.com.es\/en\/wp-json\/wp\/v2\/product\/4183\/revisions\/4269"}],"wp:featuredmedia":[{"embeddable":true,"href":"https:\/\/tecplan.com.es\/en\/wp-json\/wp\/v2\/media\/4155"}],"wp:attachment":[{"href":"https:\/\/tecplan.com.es\/en\/wp-json\/wp\/v2\/media?parent=4183"}],"wp:term":[{"taxonomy":"product_brand","embeddable":true,"href":"https:\/\/tecplan.com.es\/en\/wp-json\/wp\/v2\/product_brand?post=4183"},{"taxonomy":"product_cat","embeddable":true,"href":"https:\/\/tecplan.com.es\/en\/wp-json\/wp\/v2\/product_cat?post=4183"},{"taxonomy":"product_tag","embeddable":true,"href":"https:\/\/tecplan.com.es\/en\/wp-json\/wp\/v2\/product_tag?post=4183"}],"curies":[{"name":"wp","href":"https:\/\/api.w.org\/{rel}","templated":true}]}}