{"id":4182,"date":"2025-10-22T23:02:15","date_gmt":"2025-10-22T23:02:15","guid":{"rendered":"https:\/\/tecplan.com.es\/product\/camara-hac-d1a21\/"},"modified":"2025-10-27T22:21:01","modified_gmt":"2025-10-27T22:21:01","slug":"camara-hac-d1a21","status":"publish","type":"product","link":"https:\/\/tecplan.com.es\/en\/product\/camara-hac-d1a21\/","title":{"rendered":"C\u00e1mara  HAC-D1A21"},"content":{"rendered":"<p><strong>HAC-D1A21 2MP HDCVI IR Dome Camera<\/strong><\/p>\n<p style=\"text-align: justify;\">La Serie Cooper ofrece soluciones HDCVI sencillas y muy rentables. Proporciona una monitorizaci\u00f3n fiable 24\/7 con im\u00e1genes de alta calidad, lo que ahorra materiales y mano de obra. Adem\u00e1s, est\u00e1 dise\u00f1ada y fabricada seg\u00fan los est\u00e1ndares espec\u00edficos de Dahua.<\/p>\n<p style=\"text-align: justify;\"><strong>Iluminaci\u00f3n IR inteligente<\/strong><br \/>\nCon su iluminaci\u00f3n IR, la c\u00e1mara ofrece un rendimiento \u00f3ptimo en condiciones de poca luz, garantizando la uniformidad del brillo de las im\u00e1genes en blanco y negro.<br \/>\nGracias a su tecnolog\u00eda IR inteligente, la c\u00e1mara tambi\u00e9n compensa la distancia de los objetivos ajustando la intensidad de sus LED IR, evitando la sobreexposici\u00f3n de las im\u00e1genes a medida que los objetivos se acercan a la c\u00e1mara.<\/p>\n<p style=\"text-align: justify;\"><strong>4 se\u00f1ales a trav\u00e9s de un cable coaxial<\/strong><br \/>\nLa tecnolog\u00eda HDCVI admite 4 se\u00f1ales (v\u00eddeo, audio*, datos y alimentaci\u00f3n) que se transmiten simult\u00e1neamente a trav\u00e9s de un cable coaxial. La transmisi\u00f3n de datos bidireccional permite que la c\u00e1mara HDCVI interact\u00fae con el XVR para realizar diversas acciones, como enviar se\u00f1ales de control y activar alarmas. La tecnolog\u00eda HDCVI tambi\u00e9n admite PoC, lo que facilita y agiliza la instalaci\u00f3n de la c\u00e1mara.<\/p>\n<p style=\"text-align: justify;\"><strong>* La entrada de audio est\u00e1 disponible para determinados modelos de c\u00e1mara HDCVI.<\/strong><\/p>\n<p style=\"text-align: justify;\"><strong>Transmisi\u00f3n a larga distancia<\/strong><br \/>\nLa tecnolog\u00eda HDCVI proporciona transmisi\u00f3n a larga distancia en tiempo real sin p\u00e9rdida de transmisi\u00f3n. Admite distancias de transmisi\u00f3n de hasta 700 m para v\u00eddeos HD de 2 MP, 5 MP y 8 MP mediante cables coaxiales, y de hasta 300 m mediante cables UTP. Los resultados se obtuvieron y verificaron mediante rigurosas pruebas en el laboratorio de pruebas de Dahua.<\/p>\n<p style=\"text-align: justify;\"><strong>OSD multiling\u00fce<\/strong><br \/>\nEl OSD ofrece m\u00faltiples funciones para satisfacer las diversas necesidades de una escena de monitoreo, como el modo de retroiluminaci\u00f3n, el modo d\u00eda\/noche, el balance de blancos, la m\u00e1scara de privacidad y la detecci\u00f3n de movimiento. El OSD est\u00e1 disponible en 11 idiomas: chino, ingl\u00e9s, franc\u00e9s, alem\u00e1n, espa\u00f1ol, portugu\u00e9s, italiano, japon\u00e9s, coreano, ruso y polaco.<\/p>\n<p style=\"text-align: justify;\"><strong>Simplicidad<\/strong><br \/>\nLa tecnolog\u00eda HDCVI hereda la simplicidad de los sistemas de vigilancia anal\u00f3gicos tradicionales, lo que la convierte en un excelente mecanismo para proteger sus objetos de valor. El sistema anal\u00f3gico tradicional se puede actualizar a HDCVI sin reemplazar el cableado coaxial existente. Su dise\u00f1o \u00abplug and play\u00bb permite producir videos de alta definici\u00f3n durante la vigilancia sin la necesidad de configurar una red.<\/p>\n<h5 style=\"text-align: justify;\"><span style=\"text-decoration: underline;\"><strong>DOWNLOADS<\/strong><\/span><\/h5>\n<ul style=\"text-align: justify;\">\n<li><a href=\"https:\/\/drive.google.com\/file\/d\/1NnPRS-E0isSsxXAXFrBT7tj_L0B-QJoT\/view?usp=sharing\">\u2192 Technical specifications<\/a><\/li>\n<\/ul>","protected":false},"excerpt":{"rendered":"<p><strong>Max. 30 fps@1080p<\/strong><br \/>\n\u2022 CVI\/CVBS\/AHD\/TVI switchable<br \/>\n\u2022 3.6 mm fixed lens (2.8 mm optional)<br \/>\n\u2022 Max. IR length 20 m, Smart IR<br \/>\n\u2022 12 VDC<br \/>\n\u2022 Pixel 2 MP<br \/>\n\u2022 Image Sensor 2MP CMOS<br \/>\n\u2022 Max. Resolution1920 (H) \u00d7 1080 (V)<br \/>\n\u2022 Scanning System Progressive<br \/>\n\u2022 Focal Length 2.8 mm; 3.6 mm<\/p>\n<p><img decoding=\"async\" class=\"wp-image-4264 aligncenter\" src=\"https:\/\/tecplan.com.es\/wp-content\/uploads\/2025\/10\/pngwing.com-54-300x90.png\" alt=\"\" width=\"138\" height=\"42\" srcset=\"https:\/\/tecplan.com.es\/wp-content\/uploads\/2025\/10\/pngwing.com-54-300x90.png 300w, https:\/\/tecplan.com.es\/wp-content\/uploads\/2025\/10\/pngwing.com-54-1024x306.png 1024w, https:\/\/tecplan.com.es\/wp-content\/uploads\/2025\/10\/pngwing.com-54-768x230.png 768w, https:\/\/tecplan.com.es\/wp-content\/uploads\/2025\/10\/pngwing.com-54-18x5.png 18w, https:\/\/tecplan.com.es\/wp-content\/uploads\/2025\/10\/pngwing.com-54-600x179.png 600w, https:\/\/tecplan.com.es\/wp-content\/uploads\/2025\/10\/pngwing.com-54.png 1478w\" sizes=\"(max-width: 138px) 100vw, 138px\" \/><\/p>","protected":false},"featured_media":4154,"comment_status":"open","ping_status":"closed","template":"","meta":{"site-sidebar-layout":"default","site-content-layout":"","ast-site-content-layout":"default","site-content-style":"default","site-sidebar-style":"default","ast-global-header-display":"","ast-banner-title-visibility":"","ast-main-header-display":"","ast-hfb-above-header-display":"","ast-hfb-below-header-display":"","ast-hfb-mobile-header-display":"","site-post-title":"","ast-breadcrumbs-content":"","ast-featured-img":"","footer-sml-layout":"","ast-disable-related-posts":"","theme-transparent-header-meta":"default","adv-header-id-meta":"","stick-header-meta":"","header-above-stick-meta":"","header-main-stick-meta":"","header-below-stick-meta":"","astra-migrate-meta-layouts":"set","ast-page-background-enabled":"default","ast-page-background-meta":{"desktop":{"background-color":"var(--ast-global-color-5)","background-image":"","background-repeat":"repeat","background-position":"center center","background-size":"auto","background-attachment":"scroll","background-type":"","background-media":"","overlay-type":"","overlay-color":"","overlay-opacity":"","overlay-gradient":""},"tablet":{"background-color":"","background-image":"","background-repeat":"repeat","background-position":"center center","background-size":"auto","background-attachment":"scroll","background-type":"","background-media":"","overlay-type":"","overlay-color":"","overlay-opacity":"","overlay-gradient":""},"mobile":{"background-color":"","background-image":"","background-repeat":"repeat","background-position":"center center","background-size":"auto","background-attachment":"scroll","background-type":"","background-media":"","overlay-type":"","overlay-color":"","overlay-opacity":"","overlay-gradient":""}},"ast-content-background-meta":{"desktop":{"background-color":"var(--ast-global-color-4)","background-image":"","background-repeat":"repeat","background-position":"center center","background-size":"auto","background-attachment":"scroll","background-type":"","background-media":"","overlay-type":"","overlay-color":"","overlay-opacity":"","overlay-gradient":""},"tablet":{"background-color":"var(--ast-global-color-4)","background-image":"","background-repeat":"repeat","background-position":"center center","background-size":"auto","background-attachment":"scroll","background-type":"","background-media":"","overlay-type":"","overlay-color":"","overlay-opacity":"","overlay-gradient":""},"mobile":{"background-color":"var(--ast-global-color-4)","background-image":"","background-repeat":"repeat","background-position":"center center","background-size":"auto","background-attachment":"scroll","background-type":"","background-media":"","overlay-type":"","overlay-color":"","overlay-opacity":"","overlay-gradient":""}}},"product_brand":[315],"product_cat":[181,195,178],"product_tag":[316],"class_list":{"0":"post-4182","1":"product","2":"type-product","3":"status-publish","4":"has-post-thumbnail","6":"product_brand-dahua","7":"product_cat-cam-domo","8":"product_cat-seguridad","9":"product_cat-vigilancia-gps","10":"product_tag-dahua","11":"desktop-align-left","12":"tablet-align-left","13":"mobile-align-left","15":"first","16":"instock","17":"shipping-taxable","18":"product-type-simple"},"yoast_head":"<!-- This site is optimized with the Yoast SEO plugin v25.3 - https:\/\/yoast.com\/wordpress\/plugins\/seo\/ -->\n<title>C\u00e1mara HAC-D1A21 - Tecplan<\/title>\n<meta name=\"robots\" content=\"index, follow, max-snippet:-1, max-image-preview:large, max-video-preview:-1\" \/>\n<link rel=\"canonical\" href=\"https:\/\/tecplan.com.es\/en\/product\/camara-hac-d1a21\/\" \/>\n<meta property=\"og:locale\" content=\"en_US\" \/>\n<meta property=\"og:type\" content=\"article\" \/>\n<meta property=\"og:title\" content=\"C\u00e1mara HAC-D1A21 - Tecplan\" \/>\n<meta property=\"og:description\" content=\"Max. 30 fps@1080p \u2022 CVI\/CVBS\/AHD\/TVI switchable \u2022 3.6 mm fixed lens (2.8 mm optional) \u2022 Max. IR length 20 m, Smart IR \u2022 12 VDC \u2022 Pixel 2 MP \u2022 Image Sensor 2MP CMOS \u2022 Max. Resolution1920 (H) \u00d7 1080 (V) \u2022 Scanning System Progressive \u2022 Focal Length 2.8 mm; 3.6 mm\" \/>\n<meta property=\"og:url\" content=\"https:\/\/tecplan.com.es\/en\/product\/camara-hac-d1a21\/\" \/>\n<meta property=\"og:site_name\" content=\"Tecplan\" \/>\n<meta property=\"article:modified_time\" content=\"2025-10-27T22:21:01+00:00\" \/>\n<meta property=\"og:image\" content=\"https:\/\/tecplan.com.es\/wp-content\/uploads\/2025\/10\/DH-HAC-D1A21_.png\" \/>\n\t<meta property=\"og:image:width\" content=\"400\" \/>\n\t<meta property=\"og:image:height\" content=\"400\" \/>\n\t<meta property=\"og:image:type\" content=\"image\/png\" \/>\n<meta name=\"twitter:card\" content=\"summary_large_image\" \/>\n<meta name=\"twitter:label1\" content=\"Est. reading time\" \/>\n\t<meta name=\"twitter:data1\" content=\"2 minutes\" \/>\n<script type=\"application\/ld+json\" class=\"yoast-schema-graph\">{\"@context\":\"https:\/\/schema.org\",\"@graph\":[{\"@type\":\"WebPage\",\"@id\":\"https:\/\/tecplan.com.es\/product\/camara-hac-d1a21\/\",\"url\":\"https:\/\/tecplan.com.es\/product\/camara-hac-d1a21\/\",\"name\":\"C\u00e1mara HAC-D1A21 - Tecplan\",\"isPartOf\":{\"@id\":\"https:\/\/tecplan.com.es\/#website\"},\"primaryImageOfPage\":{\"@id\":\"https:\/\/tecplan.com.es\/product\/camara-hac-d1a21\/#primaryimage\"},\"image\":{\"@id\":\"https:\/\/tecplan.com.es\/product\/camara-hac-d1a21\/#primaryimage\"},\"thumbnailUrl\":\"https:\/\/tecplan.com.es\/wp-content\/uploads\/2025\/10\/DH-HAC-D1A21_.png\",\"datePublished\":\"2025-10-22T23:02:15+00:00\",\"dateModified\":\"2025-10-27T22:21:01+00:00\",\"breadcrumb\":{\"@id\":\"https:\/\/tecplan.com.es\/product\/camara-hac-d1a21\/#breadcrumb\"},\"inLanguage\":\"en-US\",\"potentialAction\":[{\"@type\":\"ReadAction\",\"target\":[\"https:\/\/tecplan.com.es\/product\/camara-hac-d1a21\/\"]}]},{\"@type\":\"ImageObject\",\"inLanguage\":\"en-US\",\"@id\":\"https:\/\/tecplan.com.es\/product\/camara-hac-d1a21\/#primaryimage\",\"url\":\"https:\/\/tecplan.com.es\/wp-content\/uploads\/2025\/10\/DH-HAC-D1A21_.png\",\"contentUrl\":\"https:\/\/tecplan.com.es\/wp-content\/uploads\/2025\/10\/DH-HAC-D1A21_.png\",\"width\":400,\"height\":400},{\"@type\":\"BreadcrumbList\",\"@id\":\"https:\/\/tecplan.com.es\/product\/camara-hac-d1a21\/#breadcrumb\",\"itemListElement\":[{\"@type\":\"ListItem\",\"position\":1,\"name\":\"Home\",\"item\":\"https:\/\/tecplan.com.es\/\"},{\"@type\":\"ListItem\",\"position\":2,\"name\":\"Shop\",\"item\":\"https:\/\/tecplan.com.es\/shop\/\"},{\"@type\":\"ListItem\",\"position\":3,\"name\":\"C\u00e1mara HAC-D1A21\"}]},{\"@type\":\"WebSite\",\"@id\":\"https:\/\/tecplan.com.es\/#website\",\"url\":\"https:\/\/tecplan.com.es\/\",\"name\":\"Tecplan\",\"description\":\"\",\"potentialAction\":[{\"@type\":\"SearchAction\",\"target\":{\"@type\":\"EntryPoint\",\"urlTemplate\":\"https:\/\/tecplan.com.es\/?s={search_term_string}\"},\"query-input\":{\"@type\":\"PropertyValueSpecification\",\"valueRequired\":true,\"valueName\":\"search_term_string\"}}],\"inLanguage\":\"en-US\"}]}<\/script>\n<!-- \/ Yoast SEO plugin. -->","yoast_head_json":{"title":"C\u00e1mara HAC-D1A21 - Tecplan","robots":{"index":"index","follow":"follow","max-snippet":"max-snippet:-1","max-image-preview":"max-image-preview:large","max-video-preview":"max-video-preview:-1"},"canonical":"https:\/\/tecplan.com.es\/en\/product\/camara-hac-d1a21\/","og_locale":"en_US","og_type":"article","og_title":"C\u00e1mara HAC-D1A21 - Tecplan","og_description":"Max. 30 fps@1080p \u2022 CVI\/CVBS\/AHD\/TVI switchable \u2022 3.6 mm fixed lens (2.8 mm optional) \u2022 Max. IR length 20 m, Smart IR \u2022 12 VDC \u2022 Pixel 2 MP \u2022 Image Sensor 2MP CMOS \u2022 Max. Resolution1920 (H) \u00d7 1080 (V) \u2022 Scanning System Progressive \u2022 Focal Length 2.8 mm; 3.6 mm","og_url":"https:\/\/tecplan.com.es\/en\/product\/camara-hac-d1a21\/","og_site_name":"Tecplan","article_modified_time":"2025-10-27T22:21:01+00:00","og_image":[{"width":400,"height":400,"url":"https:\/\/tecplan.com.es\/wp-content\/uploads\/2025\/10\/DH-HAC-D1A21_.png","type":"image\/png"}],"twitter_card":"summary_large_image","twitter_misc":{"Est. reading time":"2 minutes"},"schema":{"@context":"https:\/\/schema.org","@graph":[{"@type":"WebPage","@id":"https:\/\/tecplan.com.es\/product\/camara-hac-d1a21\/","url":"https:\/\/tecplan.com.es\/product\/camara-hac-d1a21\/","name":"C\u00e1mara HAC-D1A21 - Tecplan","isPartOf":{"@id":"https:\/\/tecplan.com.es\/#website"},"primaryImageOfPage":{"@id":"https:\/\/tecplan.com.es\/product\/camara-hac-d1a21\/#primaryimage"},"image":{"@id":"https:\/\/tecplan.com.es\/product\/camara-hac-d1a21\/#primaryimage"},"thumbnailUrl":"https:\/\/tecplan.com.es\/wp-content\/uploads\/2025\/10\/DH-HAC-D1A21_.png","datePublished":"2025-10-22T23:02:15+00:00","dateModified":"2025-10-27T22:21:01+00:00","breadcrumb":{"@id":"https:\/\/tecplan.com.es\/product\/camara-hac-d1a21\/#breadcrumb"},"inLanguage":"en-US","potentialAction":[{"@type":"ReadAction","target":["https:\/\/tecplan.com.es\/product\/camara-hac-d1a21\/"]}]},{"@type":"ImageObject","inLanguage":"en-US","@id":"https:\/\/tecplan.com.es\/product\/camara-hac-d1a21\/#primaryimage","url":"https:\/\/tecplan.com.es\/wp-content\/uploads\/2025\/10\/DH-HAC-D1A21_.png","contentUrl":"https:\/\/tecplan.com.es\/wp-content\/uploads\/2025\/10\/DH-HAC-D1A21_.png","width":400,"height":400},{"@type":"BreadcrumbList","@id":"https:\/\/tecplan.com.es\/product\/camara-hac-d1a21\/#breadcrumb","itemListElement":[{"@type":"ListItem","position":1,"name":"Home","item":"https:\/\/tecplan.com.es\/"},{"@type":"ListItem","position":2,"name":"Shop","item":"https:\/\/tecplan.com.es\/shop\/"},{"@type":"ListItem","position":3,"name":"C\u00e1mara HAC-D1A21"}]},{"@type":"WebSite","@id":"https:\/\/tecplan.com.es\/#website","url":"https:\/\/tecplan.com.es\/","name":"Tecplan","description":"","potentialAction":[{"@type":"SearchAction","target":{"@type":"EntryPoint","urlTemplate":"https:\/\/tecplan.com.es\/?s={search_term_string}"},"query-input":{"@type":"PropertyValueSpecification","valueRequired":true,"valueName":"search_term_string"}}],"inLanguage":"en-US"}]}},"_links":{"self":[{"href":"https:\/\/tecplan.com.es\/en\/wp-json\/wp\/v2\/product\/4182","targetHints":{"allow":["GET"]}}],"collection":[{"href":"https:\/\/tecplan.com.es\/en\/wp-json\/wp\/v2\/product"}],"about":[{"href":"https:\/\/tecplan.com.es\/en\/wp-json\/wp\/v2\/types\/product"}],"replies":[{"embeddable":true,"href":"https:\/\/tecplan.com.es\/en\/wp-json\/wp\/v2\/comments?post=4182"}],"version-history":[{"count":2,"href":"https:\/\/tecplan.com.es\/en\/wp-json\/wp\/v2\/product\/4182\/revisions"}],"predecessor-version":[{"id":4267,"href":"https:\/\/tecplan.com.es\/en\/wp-json\/wp\/v2\/product\/4182\/revisions\/4267"}],"wp:featuredmedia":[{"embeddable":true,"href":"https:\/\/tecplan.com.es\/en\/wp-json\/wp\/v2\/media\/4154"}],"wp:attachment":[{"href":"https:\/\/tecplan.com.es\/en\/wp-json\/wp\/v2\/media?parent=4182"}],"wp:term":[{"taxonomy":"product_brand","embeddable":true,"href":"https:\/\/tecplan.com.es\/en\/wp-json\/wp\/v2\/product_brand?post=4182"},{"taxonomy":"product_cat","embeddable":true,"href":"https:\/\/tecplan.com.es\/en\/wp-json\/wp\/v2\/product_cat?post=4182"},{"taxonomy":"product_tag","embeddable":true,"href":"https:\/\/tecplan.com.es\/en\/wp-json\/wp\/v2\/product_tag?post=4182"}],"curies":[{"name":"wp","href":"https:\/\/api.w.org\/{rel}","templated":true}]}}