{"id":4180,"date":"2025-10-22T23:02:15","date_gmt":"2025-10-22T23:02:15","guid":{"rendered":"https:\/\/tecplan.com.es\/product\/camara-hc30wb5r2\/"},"modified":"2025-10-27T21:09:00","modified_gmt":"2025-10-27T21:09:00","slug":"camara-hc30wb5r2","status":"publish","type":"product","link":"https:\/\/tecplan.com.es\/en\/product\/camara-hc30wb5r2\/","title":{"rendered":"C\u00e1mara  HC30WB5R2"},"content":{"rendered":"<p><strong>C\u00e1mara HC30WB5R2 HC30WB5R2 C\u00e1mara Bullet IP IR WDR de 5MP, Lente MFZ<\/strong><\/p>\n<p style=\"text-align: justify;\">C\u00e1mara bullet IP de HONEYWELL de 5MP con Smart IR 50m apto para exterior. Formatos H.265, H.264, c\u00f3dec inteligente, MJPEG. Triple stream. CMOS 1\/2,7&#8243; de 5MP. Resoluci\u00f3n digital de 5MP@25\/30IPS. Filtro mec\u00e1nico. 0,035 lux. \u00d3ptica motorizada de 2,8~12 mm (88\u00b0~30\u00b0). OSD, AGC, HLC, WDR 120dB, 3D RRD, videosensor, m\u00e1scaras de privacidad, zona ROI fija. Ranura MicroSD. Onvif. IP66. 12V CC. PoE.<\/p>\n<ul>\n<li style=\"text-align: justify;\">Sensor CMOS 1\/2,7&#8243; de escaneo progresivo<\/li>\n<li style=\"text-align: justify;\">H.265, H.264, c\u00f3dec inteligente, MJPEG 2560&#215;1920@25\/30ips<\/li>\n<li style=\"text-align: justify;\">Triple transmisi\u00f3n Smart IR de hasta 50 metros<\/li>\n<li style=\"text-align: justify;\">\u00d3ptica motorizada de 2,8 ~ 12 mm<\/li>\n<li style=\"text-align: justify;\">3D RRD (Reducci\u00f3n de Ruido)<\/li>\n<li style=\"text-align: justify;\">AGC, HLC, WDR 120 dB, ROI<\/li>\n<li style=\"text-align: justify;\">Apta para exteriores (IP66)<\/li>\n<li style=\"text-align: justify;\">Admite PoE (alimentaci\u00f3n a trav\u00e9s de Ethernet)<\/li>\n<li style=\"text-align: justify;\">Sensor CMOS 1\/2,7\u201d de 5 megap\u00edxeles<\/li>\n<li style=\"text-align: justify;\">Resoluci\u00f3n digital: 5MP (2560&#215;1920), 4MP (2688&#215;1520), 3MP (2048&#215;1536), 2MP (1600&#215;1200), 1080P (1920&#215;1080), 1,3MP (1280&#215;960), 720P (1280&#215;720), SVGA (800&#215;600), VGA (640&#215;480)<\/li>\n<li style=\"text-align: justify;\">Formatos H.265, H.264, c\u00f3dec inteligente, MJPEG<\/li>\n<li style=\"text-align: justify;\">Principal de transmisi\u00f3n: 5MP\/4MP (1~25\/30 sub)<\/li>\n<li style=\"text-align: justify;\">Stream secundario: SVGA (1~25\/30 ips)<\/li>\n<li style=\"text-align: justify;\">Stream terciario: VGA (1~25\/30 ips)<\/li>\n<li style=\"text-align: justify;\">Control de tasa de bits fija y variable<\/li>\n<li style=\"text-align: justify;\">Modo d\u00eda\/noche autom\u00e1tico y programado<\/li>\n<li style=\"text-align: justify;\">IR inteligente: 2 leds, 50 metros<\/li>\n<li style=\"text-align: justify;\">Iluminaci\u00f3n m\u00ednima: 0,035 lux F1.4 color \/ 0 lux IR On F1.4<\/li>\n<li style=\"text-align: justify;\">\u00d3ptica motorizada de 2,8 ~ 12 mm<\/li>\n<li style=\"text-align: justify;\">\u00c1ngulo de visi\u00f3n: 88\u00b0~30\u00b0(H), 65\u00b0~23\u00b0(V)<\/li>\n<li style=\"text-align: justify;\">Balance de blancos: Autom\u00e1tico, Fijo Actual, Manual<\/li>\n<li style=\"text-align: justify;\">Control de ganancia: 0~100%<\/li>\n<li style=\"text-align: justify;\">Compensaci\u00f3n de contraluces HLC, WDR 120 dB<\/li>\n<li style=\"text-align: justify;\">Reducci\u00f3n de ruido RRD 3D<\/li>\n<li style=\"text-align: justify;\">Detecci\u00f3n de movimiento, intrusi\u00f3n, personas<\/li>\n<li style=\"text-align: justify;\">M\u00e1scara de privacidad de 5 zonas<\/li>\n<li style=\"text-align: justify;\">Detecci\u00f3n de manipulaci\u00f3n<\/li>\n<li style=\"text-align: justify;\">Area de inter\u00e9s (ROI)<\/li>\n<li style=\"text-align: justify;\">Ranura para tarjetas MicroSD\/SDHC\/SDXC de hasta 256GB (no incluida)<\/li>\n<li style=\"text-align: justify;\">Interfaz de red Ethernet RJ45 (10\/100 Base-T\/TX)<\/li>\n<li style=\"text-align: justify;\">Protocolos de red: IPv4, IPv6, TCP\/IP, HTTP, HTTPS, UPnP, RTSP\/RTP\/RTCP, IGMP, SMTP, DHCP, NTP, DNS, DDNS, CoS, QoS, SNMP, 802.1X, UDP, ICMP, ARP, TLS<\/li>\n<li style=\"text-align: justify;\">Compatible con ONVIF (perfil G\/S)<\/li>\n<li style=\"text-align: justify;\">Hasta 10 usuarios simult\u00e1neos<\/li>\n<li style=\"text-align: justify;\">Compatible con navegadores IE11.0+, Chrome 71+<\/li>\n<li style=\"text-align: justify;\">Sistemas compatibles: Windows 7 y 10<\/li>\n<li style=\"text-align: justify;\">Alimentaci\u00f3n: 12V CC<\/li>\n<li style=\"text-align: justify;\">Consumo m\u00e1ximo de 12,95W<\/li>\n<li style=\"text-align: justify;\">Admite PoE 802.3af, Clase 2<\/li>\n<li style=\"text-align: justify;\">Temperatura de funcionamiento de -30\u00b0C ~ +60\u00b0C<\/li>\n<li style=\"text-align: justify;\">Humedad relativa: &lt;90%, sin condensaci\u00f3n<\/li>\n<li style=\"text-align: justify;\">Grado de protecci\u00f3n IP66<\/li>\n<li style=\"text-align: justify;\">Carcasa de aluminio fundido con recubrimiento<\/li>\n<li style=\"text-align: justify;\">Dimensiones: 85 (An) x 85 (Al) x 215,6 mm<\/li>\n<li style=\"text-align: justify;\">Peso: 780 g<\/li>\n<li style=\"text-align: justify;\">El alimentador se vende por separado<\/li>\n<\/ul>\n<h5 style=\"text-align: justify;\"><span style=\"text-decoration: underline;\"><strong>DOWNLOADS<\/strong><\/span><\/h5>\n<ul style=\"text-align: justify;\">\n<li><a href=\"https:\/\/drive.google.com\/file\/d\/1eCvqebOjKkE8eeovKIJ1QZvjq-gE9Uhk\/view?usp=sharing\">\u2192 Technical specifications<\/a><\/li>\n<\/ul>\n<p>&nbsp;<\/p>","protected":false},"excerpt":{"rendered":"<p><strong>Sensor progresivo de exploraci\u00f3n de 5M (2560\u00d71920) de 1\/2.7&#8243;<\/strong><\/p>\n<ul>\n<li>Lente MFZ de 2.8 a 12 mm, F1.4-F2.8<\/li>\n<li>\u00a0\u00c1ngulo de visi\u00f3n 88\u00b030\u00b0 (H) \u2013 65\u00b023\u00b0 (V) @ 5MP \/ 93\u00b032\u00b0 (H) \u2013 51\u00b018\u00b0 (V) @ 4MP<\/li>\n<li>Corriente principal: 5 MP\/4 MP (1~25\/30 fps),<\/li>\n<li>Sub corriente: 800 x 600 (1~25\/30fps), Tercera corriente: VGA (1 ~ 25\/30 fps)<\/li>\n<li>\u00a0Amplio Rango Din\u00e1mico (WDR) de 120 dB.<\/li>\n<li>Rendimiento en condiciones de poca luz (0.035 lux en modo de color)<\/li>\n<\/ul>\n<p><img decoding=\"async\" class=\"wp-image-4224 aligncenter\" src=\"https:\/\/tecplan.com.es\/wp-content\/uploads\/2025\/10\/honeywell-300x169.webp\" alt=\"\" width=\"115\" height=\"71\" \/><\/p>","protected":false},"featured_media":4152,"comment_status":"open","ping_status":"closed","template":"","meta":{"site-sidebar-layout":"default","site-content-layout":"","ast-site-content-layout":"default","site-content-style":"default","site-sidebar-style":"default","ast-global-header-display":"","ast-banner-title-visibility":"","ast-main-header-display":"","ast-hfb-above-header-display":"","ast-hfb-below-header-display":"","ast-hfb-mobile-header-display":"","site-post-title":"","ast-breadcrumbs-content":"","ast-featured-img":"","footer-sml-layout":"","ast-disable-related-posts":"","theme-transparent-header-meta":"default","adv-header-id-meta":"","stick-header-meta":"","header-above-stick-meta":"","header-main-stick-meta":"","header-below-stick-meta":"","astra-migrate-meta-layouts":"set","ast-page-background-enabled":"default","ast-page-background-meta":{"desktop":{"background-color":"var(--ast-global-color-5)","background-image":"","background-repeat":"repeat","background-position":"center center","background-size":"auto","background-attachment":"scroll","background-type":"","background-media":"","overlay-type":"","overlay-color":"","overlay-opacity":"","overlay-gradient":""},"tablet":{"background-color":"","background-image":"","background-repeat":"repeat","background-position":"center center","background-size":"auto","background-attachment":"scroll","background-type":"","background-media":"","overlay-type":"","overlay-color":"","overlay-opacity":"","overlay-gradient":""},"mobile":{"background-color":"","background-image":"","background-repeat":"repeat","background-position":"center center","background-size":"auto","background-attachment":"scroll","background-type":"","background-media":"","overlay-type":"","overlay-color":"","overlay-opacity":"","overlay-gradient":""}},"ast-content-background-meta":{"desktop":{"background-color":"var(--ast-global-color-4)","background-image":"","background-repeat":"repeat","background-position":"center center","background-size":"auto","background-attachment":"scroll","background-type":"","background-media":"","overlay-type":"","overlay-color":"","overlay-opacity":"","overlay-gradient":""},"tablet":{"background-color":"var(--ast-global-color-4)","background-image":"","background-repeat":"repeat","background-position":"center center","background-size":"auto","background-attachment":"scroll","background-type":"","background-media":"","overlay-type":"","overlay-color":"","overlay-opacity":"","overlay-gradient":""},"mobile":{"background-color":"var(--ast-global-color-4)","background-image":"","background-repeat":"repeat","background-position":"center center","background-size":"auto","background-attachment":"scroll","background-type":"","background-media":"","overlay-type":"","overlay-color":"","overlay-opacity":"","overlay-gradient":""}}},"product_brand":[308],"product_cat":[251,195,178],"product_tag":[309],"class_list":{"0":"post-4180","1":"product","2":"type-product","3":"status-publish","4":"has-post-thumbnail","6":"product_brand-honeywell","7":"product_cat-cam-bala","8":"product_cat-seguridad","9":"product_cat-vigilancia-gps","10":"product_tag-honeywell","11":"desktop-align-left","12":"tablet-align-left","13":"mobile-align-left","15":"first","16":"instock","17":"shipping-taxable","18":"product-type-simple"},"yoast_head":"<!-- This site is optimized with the Yoast SEO plugin v25.3 - https:\/\/yoast.com\/wordpress\/plugins\/seo\/ -->\n<title>C\u00e1mara HC30WB5R2 - Tecplan<\/title>\n<meta name=\"robots\" content=\"index, follow, max-snippet:-1, max-image-preview:large, max-video-preview:-1\" \/>\n<link rel=\"canonical\" href=\"https:\/\/tecplan.com.es\/en\/product\/camara-hc30wb5r2\/\" \/>\n<meta property=\"og:locale\" content=\"en_US\" \/>\n<meta property=\"og:type\" content=\"article\" \/>\n<meta property=\"og:title\" content=\"C\u00e1mara HC30WB5R2 - Tecplan\" \/>\n<meta property=\"og:description\" content=\"Sensor progresivo de exploraci\u00f3n de 5M (2560\u00d71920) de 1\/2.7&quot;   Lente MFZ de 2.8 a 12 mm, F1.4-F2.8  \u00a0\u00c1ngulo de visi\u00f3n 88\u00b030\u00b0 (H) \u2013 65\u00b023\u00b0 (V) @ 5MP \/ 93\u00b032\u00b0 (H) \u2013 51\u00b018\u00b0 (V) @ 4MP  Corriente principal: 5 MP\/4 MP (1~25\/30 fps),  Sub corriente: 800 x 600 (1~25\/30fps), Tercera corriente: VGA (1 ~ 25\/30 fps)  \u00a0Amplio Rango Din\u00e1mico (WDR) de 120 dB.  Rendimiento en condiciones de poca luz (0.035 lux en modo de color)\" \/>\n<meta property=\"og:url\" content=\"https:\/\/tecplan.com.es\/en\/product\/camara-hc30wb5r2\/\" \/>\n<meta property=\"og:site_name\" content=\"Tecplan\" \/>\n<meta property=\"article:modified_time\" content=\"2025-10-27T21:09:00+00:00\" \/>\n<meta property=\"og:image\" content=\"https:\/\/tecplan.com.es\/wp-content\/uploads\/2025\/10\/camara-hc30wb5r2.jpg\" \/>\n\t<meta property=\"og:image:width\" content=\"381\" \/>\n\t<meta property=\"og:image:height\" content=\"381\" \/>\n\t<meta property=\"og:image:type\" content=\"image\/jpeg\" \/>\n<meta name=\"twitter:card\" content=\"summary_large_image\" \/>\n<meta name=\"twitter:label1\" content=\"Est. reading time\" \/>\n\t<meta name=\"twitter:data1\" content=\"2 minutes\" \/>\n<script type=\"application\/ld+json\" class=\"yoast-schema-graph\">{\"@context\":\"https:\/\/schema.org\",\"@graph\":[{\"@type\":\"WebPage\",\"@id\":\"https:\/\/tecplan.com.es\/product\/camara-hc30wb5r2\/\",\"url\":\"https:\/\/tecplan.com.es\/product\/camara-hc30wb5r2\/\",\"name\":\"C\u00e1mara HC30WB5R2 - Tecplan\",\"isPartOf\":{\"@id\":\"https:\/\/tecplan.com.es\/#website\"},\"primaryImageOfPage\":{\"@id\":\"https:\/\/tecplan.com.es\/product\/camara-hc30wb5r2\/#primaryimage\"},\"image\":{\"@id\":\"https:\/\/tecplan.com.es\/product\/camara-hc30wb5r2\/#primaryimage\"},\"thumbnailUrl\":\"https:\/\/tecplan.com.es\/wp-content\/uploads\/2025\/10\/camara-hc30wb5r2.jpg\",\"datePublished\":\"2025-10-22T23:02:15+00:00\",\"dateModified\":\"2025-10-27T21:09:00+00:00\",\"breadcrumb\":{\"@id\":\"https:\/\/tecplan.com.es\/product\/camara-hc30wb5r2\/#breadcrumb\"},\"inLanguage\":\"en-US\",\"potentialAction\":[{\"@type\":\"ReadAction\",\"target\":[\"https:\/\/tecplan.com.es\/product\/camara-hc30wb5r2\/\"]}]},{\"@type\":\"ImageObject\",\"inLanguage\":\"en-US\",\"@id\":\"https:\/\/tecplan.com.es\/product\/camara-hc30wb5r2\/#primaryimage\",\"url\":\"https:\/\/tecplan.com.es\/wp-content\/uploads\/2025\/10\/camara-hc30wb5r2.jpg\",\"contentUrl\":\"https:\/\/tecplan.com.es\/wp-content\/uploads\/2025\/10\/camara-hc30wb5r2.jpg\",\"width\":381,\"height\":381},{\"@type\":\"BreadcrumbList\",\"@id\":\"https:\/\/tecplan.com.es\/product\/camara-hc30wb5r2\/#breadcrumb\",\"itemListElement\":[{\"@type\":\"ListItem\",\"position\":1,\"name\":\"Home\",\"item\":\"https:\/\/tecplan.com.es\/\"},{\"@type\":\"ListItem\",\"position\":2,\"name\":\"Shop\",\"item\":\"https:\/\/tecplan.com.es\/shop\/\"},{\"@type\":\"ListItem\",\"position\":3,\"name\":\"C\u00e1mara HC30WB5R2\"}]},{\"@type\":\"WebSite\",\"@id\":\"https:\/\/tecplan.com.es\/#website\",\"url\":\"https:\/\/tecplan.com.es\/\",\"name\":\"Tecplan\",\"description\":\"\",\"potentialAction\":[{\"@type\":\"SearchAction\",\"target\":{\"@type\":\"EntryPoint\",\"urlTemplate\":\"https:\/\/tecplan.com.es\/?s={search_term_string}\"},\"query-input\":{\"@type\":\"PropertyValueSpecification\",\"valueRequired\":true,\"valueName\":\"search_term_string\"}}],\"inLanguage\":\"en-US\"}]}<\/script>\n<!-- \/ Yoast SEO plugin. -->","yoast_head_json":{"title":"C\u00e1mara HC30WB5R2 - Tecplan","robots":{"index":"index","follow":"follow","max-snippet":"max-snippet:-1","max-image-preview":"max-image-preview:large","max-video-preview":"max-video-preview:-1"},"canonical":"https:\/\/tecplan.com.es\/en\/product\/camara-hc30wb5r2\/","og_locale":"en_US","og_type":"article","og_title":"C\u00e1mara HC30WB5R2 - Tecplan","og_description":"Sensor progresivo de exploraci\u00f3n de 5M (2560\u00d71920) de 1\/2.7\"   Lente MFZ de 2.8 a 12 mm, F1.4-F2.8  \u00a0\u00c1ngulo de visi\u00f3n 88\u00b030\u00b0 (H) \u2013 65\u00b023\u00b0 (V) @ 5MP \/ 93\u00b032\u00b0 (H) \u2013 51\u00b018\u00b0 (V) @ 4MP  Corriente principal: 5 MP\/4 MP (1~25\/30 fps),  Sub corriente: 800 x 600 (1~25\/30fps), Tercera corriente: VGA (1 ~ 25\/30 fps)  \u00a0Amplio Rango Din\u00e1mico (WDR) de 120 dB.  Rendimiento en condiciones de poca luz (0.035 lux en modo de color)","og_url":"https:\/\/tecplan.com.es\/en\/product\/camara-hc30wb5r2\/","og_site_name":"Tecplan","article_modified_time":"2025-10-27T21:09:00+00:00","og_image":[{"width":381,"height":381,"url":"https:\/\/tecplan.com.es\/wp-content\/uploads\/2025\/10\/camara-hc30wb5r2.jpg","type":"image\/jpeg"}],"twitter_card":"summary_large_image","twitter_misc":{"Est. reading time":"2 minutes"},"schema":{"@context":"https:\/\/schema.org","@graph":[{"@type":"WebPage","@id":"https:\/\/tecplan.com.es\/product\/camara-hc30wb5r2\/","url":"https:\/\/tecplan.com.es\/product\/camara-hc30wb5r2\/","name":"C\u00e1mara HC30WB5R2 - Tecplan","isPartOf":{"@id":"https:\/\/tecplan.com.es\/#website"},"primaryImageOfPage":{"@id":"https:\/\/tecplan.com.es\/product\/camara-hc30wb5r2\/#primaryimage"},"image":{"@id":"https:\/\/tecplan.com.es\/product\/camara-hc30wb5r2\/#primaryimage"},"thumbnailUrl":"https:\/\/tecplan.com.es\/wp-content\/uploads\/2025\/10\/camara-hc30wb5r2.jpg","datePublished":"2025-10-22T23:02:15+00:00","dateModified":"2025-10-27T21:09:00+00:00","breadcrumb":{"@id":"https:\/\/tecplan.com.es\/product\/camara-hc30wb5r2\/#breadcrumb"},"inLanguage":"en-US","potentialAction":[{"@type":"ReadAction","target":["https:\/\/tecplan.com.es\/product\/camara-hc30wb5r2\/"]}]},{"@type":"ImageObject","inLanguage":"en-US","@id":"https:\/\/tecplan.com.es\/product\/camara-hc30wb5r2\/#primaryimage","url":"https:\/\/tecplan.com.es\/wp-content\/uploads\/2025\/10\/camara-hc30wb5r2.jpg","contentUrl":"https:\/\/tecplan.com.es\/wp-content\/uploads\/2025\/10\/camara-hc30wb5r2.jpg","width":381,"height":381},{"@type":"BreadcrumbList","@id":"https:\/\/tecplan.com.es\/product\/camara-hc30wb5r2\/#breadcrumb","itemListElement":[{"@type":"ListItem","position":1,"name":"Home","item":"https:\/\/tecplan.com.es\/"},{"@type":"ListItem","position":2,"name":"Shop","item":"https:\/\/tecplan.com.es\/shop\/"},{"@type":"ListItem","position":3,"name":"C\u00e1mara HC30WB5R2"}]},{"@type":"WebSite","@id":"https:\/\/tecplan.com.es\/#website","url":"https:\/\/tecplan.com.es\/","name":"Tecplan","description":"","potentialAction":[{"@type":"SearchAction","target":{"@type":"EntryPoint","urlTemplate":"https:\/\/tecplan.com.es\/?s={search_term_string}"},"query-input":{"@type":"PropertyValueSpecification","valueRequired":true,"valueName":"search_term_string"}}],"inLanguage":"en-US"}]}},"_links":{"self":[{"href":"https:\/\/tecplan.com.es\/en\/wp-json\/wp\/v2\/product\/4180","targetHints":{"allow":["GET"]}}],"collection":[{"href":"https:\/\/tecplan.com.es\/en\/wp-json\/wp\/v2\/product"}],"about":[{"href":"https:\/\/tecplan.com.es\/en\/wp-json\/wp\/v2\/types\/product"}],"replies":[{"embeddable":true,"href":"https:\/\/tecplan.com.es\/en\/wp-json\/wp\/v2\/comments?post=4180"}],"version-history":[{"count":2,"href":"https:\/\/tecplan.com.es\/en\/wp-json\/wp\/v2\/product\/4180\/revisions"}],"predecessor-version":[{"id":4260,"href":"https:\/\/tecplan.com.es\/en\/wp-json\/wp\/v2\/product\/4180\/revisions\/4260"}],"wp:featuredmedia":[{"embeddable":true,"href":"https:\/\/tecplan.com.es\/en\/wp-json\/wp\/v2\/media\/4152"}],"wp:attachment":[{"href":"https:\/\/tecplan.com.es\/en\/wp-json\/wp\/v2\/media?parent=4180"}],"wp:term":[{"taxonomy":"product_brand","embeddable":true,"href":"https:\/\/tecplan.com.es\/en\/wp-json\/wp\/v2\/product_brand?post=4180"},{"taxonomy":"product_cat","embeddable":true,"href":"https:\/\/tecplan.com.es\/en\/wp-json\/wp\/v2\/product_cat?post=4180"},{"taxonomy":"product_tag","embeddable":true,"href":"https:\/\/tecplan.com.es\/en\/wp-json\/wp\/v2\/product_tag?post=4180"}],"curies":[{"name":"wp","href":"https:\/\/api.w.org\/{rel}","templated":true}]}}