{"id":4179,"date":"2025-10-22T23:02:15","date_gmt":"2025-10-22T23:02:15","guid":{"rendered":"https:\/\/tecplan.com.es\/product\/camara-ip-serie-35\/"},"modified":"2025-10-27T21:00:44","modified_gmt":"2025-10-27T21:00:44","slug":"camara-ip-serie-35","status":"publish","type":"product","link":"https:\/\/tecplan.com.es\/en\/product\/camara-ip-serie-35\/","title":{"rendered":"C\u00e1mara  IP SERIE 35"},"content":{"rendered":"<p style=\"text-align: justify;\"><strong>C\u00e1mara IP SERIE 35 Ofrecen una claridad excepcional de imagen incluso en condiciones de poca luz<\/strong><\/p>\n<p style=\"text-align: justify;\">C\u00e1maras IP Honeywell serie 35: combinan una capacidad avanzada de excelentes im\u00e1genes IP y an\u00e1lisis inteligentes para mejorar la vigilancia y la conciencia situacional de peque\u00f1as empresas, comercios minoristas, oficinas, juegos y otras aplicaciones.<\/p>\n<p style=\"text-align: justify;\"><strong>Funciones y ventajas:<\/strong><\/p>\n<ul>\n<li style=\"text-align: justify;\">C\u00e1mara totalmente compatible con NDAA que no contiene contenido o material de ninguna empresa o sus subsidiarias prohibido seg\u00fan la Secci\u00f3n 889 de la Ley de Autorizaci\u00f3n de Defensa Nacional de EE. UU. (NDAA)<\/li>\n<li style=\"text-align: justify;\">Resoluciones que van desde 2 MP (2592&#215;1944) hasta 8 MP (3840&#215;2160)<\/li>\n<li style=\"text-align: justify;\">Una amplia gama de factores de forma, lentes, zoom y opciones de montaje que incluyen microdomo, domo reforzado, bola, bullet y domo r\u00e1pido (PTZ)<\/li>\n<li style=\"text-align: justify;\">La funci\u00f3n d\u00eda\/noche real proporciona im\u00e1genes en colores v\u00edvidos durante el d\u00eda e im\u00e1genes claras en blanco y negro durante la noche mediante un filtro de corte IR extra\u00edble<\/li>\n<li style=\"text-align: justify;\">Excelente rendimiento en condiciones de poca luz con reducci\u00f3n de ruido 2D\/3D, ahorro de almacenamiento y ancho de banda junto con un c\u00f3dec inteligente<\/li>\n<li style=\"text-align: justify;\">True WDR (120 dB) garantiza im\u00e1genes sin reflejos<\/li>\n<li style=\"text-align: justify;\">Compatible con ONVIF Profile S, G, T<\/li>\n<li style=\"text-align: justify;\">La tecnolog\u00eda Smart IR proporciona una distribuci\u00f3n uniforme de los LED IR en escenas nocturnas o con poca iluminaci\u00f3n<\/li>\n<li style=\"text-align: justify;\">A prueba de agua\/polvo (IP66\/IP67) e IK10 (depende del modelo)<\/li>\n<li style=\"text-align: justify;\">Cifrado de transmisi\u00f3n: c\u00e1mara a MAXPRO y NVR Serie 35 bajo AES256 que proporciona privacidad e integridad segura de los datos<\/li>\n<li style=\"text-align: justify;\">An\u00e1lisis inteligentes de recuento de personas, intrusiones, merodeo y detecci\u00f3n inteligente de movimiento integrados para aumentar el conocimiento de la situaci\u00f3n y reducir las falsas alarmas.<\/li>\n<li style=\"text-align: justify;\">Configuraci\u00f3n remota, ajustes de zoom motorizados y enfoque autom\u00e1tico a trav\u00e9s de cliente web o desde el NVR GUI en varios idiomas.<\/li>\n<\/ul>\n<h5 style=\"text-align: justify;\"><span style=\"text-decoration: underline;\"><strong>DOWNLOADS<\/strong><\/span><\/h5>\n<ul style=\"text-align: justify;\">\n<li><a href=\"https:\/\/drive.google.com\/file\/d\/1okMwC8KMF3oPkVSz1kpKjw6bZ2ZixIca\/view?usp=sharing\">\u2192 Technical specifications<\/a><\/li>\n<\/ul>","protected":false},"excerpt":{"rendered":"<p style=\"text-align: justify;\"><strong>Amplia gama de factores de forma, lentes, zoom y opciones de montaje, incluidos.<\/strong><br \/>\n\u2022 Disponible en resoluciones desde 2 MP (2592&#215;1944) hasta 8 MP (3840&#215;2160) &#8211; hasta 12 MP en formato ojo de pez.<br \/>\n\u2022 True WDR garantiza im\u00e1genes sin reflejo.<br \/>\n\u2022 El verdadero d\u00eda\/noche proporciona im\u00e1genes en colores vivos durante el d\u00eda e im\u00e1genes claras en blanco y negro durante la noche utilizando un filtro de corte IR extra\u00edble.<br \/>\n\u2022 A prueba de agua\/polvo (IP66\/IP67)<\/p>\n<p><img decoding=\"async\" class=\"wp-image-4224 aligncenter\" src=\"https:\/\/tecplan.com.es\/wp-content\/uploads\/2025\/10\/honeywell-300x169.webp\" alt=\"\" width=\"155\" height=\"103\" \/><\/p>","protected":false},"featured_media":4151,"comment_status":"open","ping_status":"closed","template":"","meta":{"site-sidebar-layout":"default","site-content-layout":"","ast-site-content-layout":"default","site-content-style":"default","site-sidebar-style":"default","ast-global-header-display":"","ast-banner-title-visibility":"","ast-main-header-display":"","ast-hfb-above-header-display":"","ast-hfb-below-header-display":"","ast-hfb-mobile-header-display":"","site-post-title":"","ast-breadcrumbs-content":"","ast-featured-img":"","footer-sml-layout":"","ast-disable-related-posts":"","theme-transparent-header-meta":"default","adv-header-id-meta":"","stick-header-meta":"","header-above-stick-meta":"","header-main-stick-meta":"","header-below-stick-meta":"","astra-migrate-meta-layouts":"set","ast-page-background-enabled":"default","ast-page-background-meta":{"desktop":{"background-color":"var(--ast-global-color-5)","background-image":"","background-repeat":"repeat","background-position":"center center","background-size":"auto","background-attachment":"scroll","background-type":"","background-media":"","overlay-type":"","overlay-color":"","overlay-opacity":"","overlay-gradient":""},"tablet":{"background-color":"","background-image":"","background-repeat":"repeat","background-position":"center center","background-size":"auto","background-attachment":"scroll","background-type":"","background-media":"","overlay-type":"","overlay-color":"","overlay-opacity":"","overlay-gradient":""},"mobile":{"background-color":"","background-image":"","background-repeat":"repeat","background-position":"center center","background-size":"auto","background-attachment":"scroll","background-type":"","background-media":"","overlay-type":"","overlay-color":"","overlay-opacity":"","overlay-gradient":""}},"ast-content-background-meta":{"desktop":{"background-color":"var(--ast-global-color-4)","background-image":"","background-repeat":"repeat","background-position":"center center","background-size":"auto","background-attachment":"scroll","background-type":"","background-media":"","overlay-type":"","overlay-color":"","overlay-opacity":"","overlay-gradient":""},"tablet":{"background-color":"var(--ast-global-color-4)","background-image":"","background-repeat":"repeat","background-position":"center center","background-size":"auto","background-attachment":"scroll","background-type":"","background-media":"","overlay-type":"","overlay-color":"","overlay-opacity":"","overlay-gradient":""},"mobile":{"background-color":"var(--ast-global-color-4)","background-image":"","background-repeat":"repeat","background-position":"center center","background-size":"auto","background-attachment":"scroll","background-type":"","background-media":"","overlay-type":"","overlay-color":"","overlay-opacity":"","overlay-gradient":""}}},"product_brand":[308],"product_cat":[251,195,178],"product_tag":[309],"class_list":{"0":"post-4179","1":"product","2":"type-product","3":"status-publish","4":"has-post-thumbnail","6":"product_brand-honeywell","7":"product_cat-cam-bala","8":"product_cat-seguridad","9":"product_cat-vigilancia-gps","10":"product_tag-honeywell","11":"desktop-align-left","12":"tablet-align-left","13":"mobile-align-left","15":"first","16":"instock","17":"shipping-taxable","18":"product-type-simple"},"yoast_head":"<!-- This site is optimized with the Yoast SEO plugin v25.3 - https:\/\/yoast.com\/wordpress\/plugins\/seo\/ -->\n<title>C\u00e1mara IP SERIE 35 - Tecplan<\/title>\n<meta name=\"robots\" content=\"index, follow, max-snippet:-1, max-image-preview:large, max-video-preview:-1\" \/>\n<link rel=\"canonical\" href=\"https:\/\/tecplan.com.es\/en\/product\/camara-ip-serie-35\/\" \/>\n<meta property=\"og:locale\" content=\"en_US\" \/>\n<meta property=\"og:type\" content=\"article\" \/>\n<meta property=\"og:title\" content=\"C\u00e1mara IP SERIE 35 - Tecplan\" \/>\n<meta property=\"og:description\" content=\"Amplia gama de factores de forma, lentes, zoom y opciones de montaje, incluidos. \u2022 Disponible en resoluciones desde 2 MP (2592x1944) hasta 8 MP (3840x2160) - hasta 12 MP en formato ojo de pez. \u2022 True WDR garantiza im\u00e1genes sin reflejo. \u2022 El verdadero d\u00eda\/noche proporciona im\u00e1genes en colores vivos durante el d\u00eda e im\u00e1genes claras en blanco y negro durante la noche utilizando un filtro de corte IR extra\u00edble. \u2022 A prueba de agua\/polvo (IP66\/IP67)\" \/>\n<meta property=\"og:url\" content=\"https:\/\/tecplan.com.es\/en\/product\/camara-ip-serie-35\/\" \/>\n<meta property=\"og:site_name\" content=\"Tecplan\" \/>\n<meta property=\"article:modified_time\" content=\"2025-10-27T21:00:44+00:00\" \/>\n<meta property=\"og:image\" content=\"https:\/\/tecplan.com.es\/wp-content\/uploads\/2025\/10\/HBT-SEC-35S-HC35WBxR2.webp\" \/>\n\t<meta property=\"og:image:width\" content=\"576\" \/>\n\t<meta property=\"og:image:height\" content=\"576\" \/>\n\t<meta property=\"og:image:type\" content=\"image\/webp\" \/>\n<meta name=\"twitter:card\" content=\"summary_large_image\" \/>\n<meta name=\"twitter:label1\" content=\"Est. reading time\" \/>\n\t<meta name=\"twitter:data1\" content=\"2 minutes\" \/>\n<script type=\"application\/ld+json\" class=\"yoast-schema-graph\">{\"@context\":\"https:\/\/schema.org\",\"@graph\":[{\"@type\":\"WebPage\",\"@id\":\"https:\/\/tecplan.com.es\/product\/camara-ip-serie-35\/\",\"url\":\"https:\/\/tecplan.com.es\/product\/camara-ip-serie-35\/\",\"name\":\"C\u00e1mara IP SERIE 35 - Tecplan\",\"isPartOf\":{\"@id\":\"https:\/\/tecplan.com.es\/#website\"},\"primaryImageOfPage\":{\"@id\":\"https:\/\/tecplan.com.es\/product\/camara-ip-serie-35\/#primaryimage\"},\"image\":{\"@id\":\"https:\/\/tecplan.com.es\/product\/camara-ip-serie-35\/#primaryimage\"},\"thumbnailUrl\":\"https:\/\/tecplan.com.es\/wp-content\/uploads\/2025\/10\/HBT-SEC-35S-HC35WBxR2.webp\",\"datePublished\":\"2025-10-22T23:02:15+00:00\",\"dateModified\":\"2025-10-27T21:00:44+00:00\",\"breadcrumb\":{\"@id\":\"https:\/\/tecplan.com.es\/product\/camara-ip-serie-35\/#breadcrumb\"},\"inLanguage\":\"en-US\",\"potentialAction\":[{\"@type\":\"ReadAction\",\"target\":[\"https:\/\/tecplan.com.es\/product\/camara-ip-serie-35\/\"]}]},{\"@type\":\"ImageObject\",\"inLanguage\":\"en-US\",\"@id\":\"https:\/\/tecplan.com.es\/product\/camara-ip-serie-35\/#primaryimage\",\"url\":\"https:\/\/tecplan.com.es\/wp-content\/uploads\/2025\/10\/HBT-SEC-35S-HC35WBxR2.webp\",\"contentUrl\":\"https:\/\/tecplan.com.es\/wp-content\/uploads\/2025\/10\/HBT-SEC-35S-HC35WBxR2.webp\",\"width\":576,\"height\":576},{\"@type\":\"BreadcrumbList\",\"@id\":\"https:\/\/tecplan.com.es\/product\/camara-ip-serie-35\/#breadcrumb\",\"itemListElement\":[{\"@type\":\"ListItem\",\"position\":1,\"name\":\"Home\",\"item\":\"https:\/\/tecplan.com.es\/\"},{\"@type\":\"ListItem\",\"position\":2,\"name\":\"Shop\",\"item\":\"https:\/\/tecplan.com.es\/shop\/\"},{\"@type\":\"ListItem\",\"position\":3,\"name\":\"C\u00e1mara IP SERIE 35\"}]},{\"@type\":\"WebSite\",\"@id\":\"https:\/\/tecplan.com.es\/#website\",\"url\":\"https:\/\/tecplan.com.es\/\",\"name\":\"Tecplan\",\"description\":\"\",\"potentialAction\":[{\"@type\":\"SearchAction\",\"target\":{\"@type\":\"EntryPoint\",\"urlTemplate\":\"https:\/\/tecplan.com.es\/?s={search_term_string}\"},\"query-input\":{\"@type\":\"PropertyValueSpecification\",\"valueRequired\":true,\"valueName\":\"search_term_string\"}}],\"inLanguage\":\"en-US\"}]}<\/script>\n<!-- \/ Yoast SEO plugin. -->","yoast_head_json":{"title":"C\u00e1mara IP SERIE 35 - Tecplan","robots":{"index":"index","follow":"follow","max-snippet":"max-snippet:-1","max-image-preview":"max-image-preview:large","max-video-preview":"max-video-preview:-1"},"canonical":"https:\/\/tecplan.com.es\/en\/product\/camara-ip-serie-35\/","og_locale":"en_US","og_type":"article","og_title":"C\u00e1mara IP SERIE 35 - Tecplan","og_description":"Amplia gama de factores de forma, lentes, zoom y opciones de montaje, incluidos. \u2022 Disponible en resoluciones desde 2 MP (2592x1944) hasta 8 MP (3840x2160) - hasta 12 MP en formato ojo de pez. \u2022 True WDR garantiza im\u00e1genes sin reflejo. \u2022 El verdadero d\u00eda\/noche proporciona im\u00e1genes en colores vivos durante el d\u00eda e im\u00e1genes claras en blanco y negro durante la noche utilizando un filtro de corte IR extra\u00edble. \u2022 A prueba de agua\/polvo (IP66\/IP67)","og_url":"https:\/\/tecplan.com.es\/en\/product\/camara-ip-serie-35\/","og_site_name":"Tecplan","article_modified_time":"2025-10-27T21:00:44+00:00","og_image":[{"width":576,"height":576,"url":"https:\/\/tecplan.com.es\/wp-content\/uploads\/2025\/10\/HBT-SEC-35S-HC35WBxR2.webp","type":"image\/webp"}],"twitter_card":"summary_large_image","twitter_misc":{"Est. reading time":"2 minutes"},"schema":{"@context":"https:\/\/schema.org","@graph":[{"@type":"WebPage","@id":"https:\/\/tecplan.com.es\/product\/camara-ip-serie-35\/","url":"https:\/\/tecplan.com.es\/product\/camara-ip-serie-35\/","name":"C\u00e1mara IP SERIE 35 - Tecplan","isPartOf":{"@id":"https:\/\/tecplan.com.es\/#website"},"primaryImageOfPage":{"@id":"https:\/\/tecplan.com.es\/product\/camara-ip-serie-35\/#primaryimage"},"image":{"@id":"https:\/\/tecplan.com.es\/product\/camara-ip-serie-35\/#primaryimage"},"thumbnailUrl":"https:\/\/tecplan.com.es\/wp-content\/uploads\/2025\/10\/HBT-SEC-35S-HC35WBxR2.webp","datePublished":"2025-10-22T23:02:15+00:00","dateModified":"2025-10-27T21:00:44+00:00","breadcrumb":{"@id":"https:\/\/tecplan.com.es\/product\/camara-ip-serie-35\/#breadcrumb"},"inLanguage":"en-US","potentialAction":[{"@type":"ReadAction","target":["https:\/\/tecplan.com.es\/product\/camara-ip-serie-35\/"]}]},{"@type":"ImageObject","inLanguage":"en-US","@id":"https:\/\/tecplan.com.es\/product\/camara-ip-serie-35\/#primaryimage","url":"https:\/\/tecplan.com.es\/wp-content\/uploads\/2025\/10\/HBT-SEC-35S-HC35WBxR2.webp","contentUrl":"https:\/\/tecplan.com.es\/wp-content\/uploads\/2025\/10\/HBT-SEC-35S-HC35WBxR2.webp","width":576,"height":576},{"@type":"BreadcrumbList","@id":"https:\/\/tecplan.com.es\/product\/camara-ip-serie-35\/#breadcrumb","itemListElement":[{"@type":"ListItem","position":1,"name":"Home","item":"https:\/\/tecplan.com.es\/"},{"@type":"ListItem","position":2,"name":"Shop","item":"https:\/\/tecplan.com.es\/shop\/"},{"@type":"ListItem","position":3,"name":"C\u00e1mara IP SERIE 35"}]},{"@type":"WebSite","@id":"https:\/\/tecplan.com.es\/#website","url":"https:\/\/tecplan.com.es\/","name":"Tecplan","description":"","potentialAction":[{"@type":"SearchAction","target":{"@type":"EntryPoint","urlTemplate":"https:\/\/tecplan.com.es\/?s={search_term_string}"},"query-input":{"@type":"PropertyValueSpecification","valueRequired":true,"valueName":"search_term_string"}}],"inLanguage":"en-US"}]}},"_links":{"self":[{"href":"https:\/\/tecplan.com.es\/en\/wp-json\/wp\/v2\/product\/4179","targetHints":{"allow":["GET"]}}],"collection":[{"href":"https:\/\/tecplan.com.es\/en\/wp-json\/wp\/v2\/product"}],"about":[{"href":"https:\/\/tecplan.com.es\/en\/wp-json\/wp\/v2\/types\/product"}],"replies":[{"embeddable":true,"href":"https:\/\/tecplan.com.es\/en\/wp-json\/wp\/v2\/comments?post=4179"}],"version-history":[{"count":2,"href":"https:\/\/tecplan.com.es\/en\/wp-json\/wp\/v2\/product\/4179\/revisions"}],"predecessor-version":[{"id":4259,"href":"https:\/\/tecplan.com.es\/en\/wp-json\/wp\/v2\/product\/4179\/revisions\/4259"}],"wp:featuredmedia":[{"embeddable":true,"href":"https:\/\/tecplan.com.es\/en\/wp-json\/wp\/v2\/media\/4151"}],"wp:attachment":[{"href":"https:\/\/tecplan.com.es\/en\/wp-json\/wp\/v2\/media?parent=4179"}],"wp:term":[{"taxonomy":"product_brand","embeddable":true,"href":"https:\/\/tecplan.com.es\/en\/wp-json\/wp\/v2\/product_brand?post=4179"},{"taxonomy":"product_cat","embeddable":true,"href":"https:\/\/tecplan.com.es\/en\/wp-json\/wp\/v2\/product_cat?post=4179"},{"taxonomy":"product_tag","embeddable":true,"href":"https:\/\/tecplan.com.es\/en\/wp-json\/wp\/v2\/product_tag?post=4179"}],"curies":[{"name":"wp","href":"https:\/\/api.w.org\/{rel}","templated":true}]}}