{"id":4178,"date":"2025-10-22T23:02:15","date_gmt":"2025-10-22T23:02:15","guid":{"rendered":"https:\/\/tecplan.com.es\/product\/camara-hc60wb4r2l\/"},"modified":"2025-11-03T21:42:05","modified_gmt":"2025-11-03T21:42:05","slug":"camara-hc60wb4r2l","status":"publish","type":"product","link":"https:\/\/tecplan.com.es\/en\/product\/camara-hc60wb4r2l\/","title":{"rendered":"C\u00e1mara  HC60WB4R2L"},"content":{"rendered":"<p style=\"text-align: justify;\"><strong>HC60WB4R2L C\u00e1mara Bullet IP IR WDR de 4MP 2.713.5mm (Sin VA)<\/strong><\/p>\n<p style=\"text-align: justify;\"><strong>Descripci\u00f3n del producto<\/strong><br \/>\nLas c\u00e1maras IP de la serie 60 de Honeywell ofrecen soluciones de videovigilancia seguras, rentables y conformes con la normativa de nivel empresarial, ideales para ubicaciones empresariales y de aplicaciones cr\u00edticas, como emplazamientos gubernamentales, empresas de servicios p\u00fablicos, grandes edificios comerciales o empresas, comercios minoristas y campus educativos. Estas c\u00e1maras incorporan un chipset de encriptaci\u00f3n para mejorar la ciberseguridad y cumplen totalmente las normas de la Secci\u00f3n 899 de la NDAA, lo que ayuda a reducir el riesgo y la responsabilidad de los accesos ilegales y las violaciones de datos. La configuraci\u00f3n inal\u00e1mbrica mediante Wi-Fi reduce el tiempo y los costes de instalaci\u00f3n. La tecnolog\u00eda GORE Vent crea una barrera transpirable para mantener la lluvia fuera y conservar la calidad de imagen en todas las condiciones meteorol\u00f3gicas, mientras que el movimiento de v\u00eddeo incorporado y la detecci\u00f3n de manipulaci\u00f3n de la c\u00e1mara ayudan a prevenir las interferencias o el vandalismo para una mayor seguridad y protecci\u00f3n.<\/p>\n<p style=\"text-align: justify;\"><strong>Caracter\u00edsticas principales<\/strong><\/p>\n<ul>\n<li style=\"text-align: justify;\">C\u00e1maras de hasta 5MP (2560 x 1920)<\/li>\n<li style=\"text-align: justify;\">WDR real (120 dB) que garantiza im\u00e1genes sin reflejos<\/li>\n<li style=\"text-align: justify;\">La funci\u00f3n d\u00eda\/noche real proporciona im\u00e1genes de colores vivos durante el d\u00eda e im\u00e1genes n\u00edtidas en blanco y negro por la noche mediante un filtro de corte IR extra\u00edble<\/li>\n<li style=\"text-align: justify;\">Una amplia gama de objetivos y opciones de zoom para todo tipo de instalaciones<\/li>\n<li style=\"text-align: justify;\">La tecnolog\u00eda IR inteligente adaptativa proporciona una distribuci\u00f3n uniforme de los LED IR en escenas poco iluminadas o nocturnas<\/li>\n<li style=\"text-align: justify;\">Compatible con los perfiles S y G de ONVIF<\/li>\n<li style=\"text-align: justify;\">Para su uso como parte de los sistemas de v\u00eddeo que cumplen con la Secci\u00f3n 889 de la NDAA<\/li>\n<li style=\"text-align: justify;\">Chipset de certificaci\u00f3n FIPS incorporado para la encriptaci\u00f3n de flujo y encriptaci\u00f3n de tarjeta SD bajo AES 256 para proporcionar la integridad de datos y privacidad seguras.<\/li>\n<li style=\"text-align: justify;\">Herramienta unificada de configuraci\u00f3n de c\u00e1maras para la configuraci\u00f3n por lotes<\/li>\n<li style=\"text-align: justify;\">M\u00faltiples opciones de montaje para admitir una amplia gama de aplicaciones de seguridad<br \/>\n<strong>Informaci\u00f3n<\/strong><\/li>\n<li style=\"text-align: justify;\">Categor\u00eda : C\u00e1maras bullet, C\u00e1maras IP, Productos, Videovigilancia<\/li>\n<li style=\"text-align: justify;\">C\u00f3digo EAN : 0085267836456<br \/>\n<strong>General Informaci\u00f3n<\/strong><\/li>\n<li style=\"text-align: justify;\">Nombre: Honeywell HC60WB4R2L 60 Series 4MP IR Outdoor Bullet IP Camera, No VA Licence, WDR 120 dB, 2.7-13.5mm Lens, Gray<\/li>\n<li style=\"text-align: justify;\">Categor\u00eda: UPC Code: 0085267836456<\/li>\n<li style=\"text-align: justify;\">Country of Origin: TW. Country of origin is subject to change.<\/li>\n<\/ul>\n<h5 style=\"text-align: justify;\"><span style=\"text-decoration: underline;\"><strong>DOWNLOADS<\/strong><\/span><\/h5>\n<ul style=\"text-align: justify;\">\n<li><a href=\"https:\/\/drive.google.com\/file\/d\/1okMwC8KMF3oPkVSz1kpKjw6bZ2ZixIca\/view?usp=sharing\">\u2192 Technical specifications<\/a><\/li>\n<\/ul>","protected":false},"excerpt":{"rendered":"<p style=\"text-align: justify;\"><strong>Sensor progresivo de 4MP de 1\/2.8&#8243;<\/strong><br \/>\n\u2022 Lente MFZ de 2.713.5mm, F1.4F2.8<br \/>\n\u2022 \u00c1ngulo de visi\u00f3n de 10030\u00b0 (H) \u2013 53~17\u00b0 (V)<br \/>\n\u2022 Mejor Corriente Principal: 2560 x 1440<br \/>\n\u2022 (1 ~ 25\/30 fps), 1920 x 1080 (1 ~ 50 \/ 60 fps)<br \/>\n\u2022 Mejor Sub Corriente: 2560 x 1440 (1 ~ 25\/30 fps), 1920 x 1080 (1 ~ 50\/60 fps)<br \/>\n\u2022 Tercera Corriente: 1280 x 720 (1 ~ 50\/60 fps)<br \/>\n\u2022 Amplio Rango Din\u00e1mico (WDR) de 120 dB.<br \/>\n\u2022 Rendimiento en condiciones de poca luz (0.04 lux en modo de color)<\/p>\n<p><img decoding=\"async\" class=\"wp-image-4224 aligncenter\" src=\"https:\/\/tecplan.com.es\/wp-content\/uploads\/2025\/10\/honeywell-300x169.webp\" alt=\"\" width=\"199\" height=\"97\" \/><\/p>\n<p>&nbsp;<\/p>","protected":false},"featured_media":4150,"comment_status":"open","ping_status":"closed","template":"","meta":{"site-sidebar-layout":"default","site-content-layout":"","ast-site-content-layout":"default","site-content-style":"default","site-sidebar-style":"default","ast-global-header-display":"","ast-banner-title-visibility":"","ast-main-header-display":"","ast-hfb-above-header-display":"","ast-hfb-below-header-display":"","ast-hfb-mobile-header-display":"","site-post-title":"","ast-breadcrumbs-content":"","ast-featured-img":"","footer-sml-layout":"","ast-disable-related-posts":"","theme-transparent-header-meta":"default","adv-header-id-meta":"","stick-header-meta":"","header-above-stick-meta":"","header-main-stick-meta":"","header-below-stick-meta":"","astra-migrate-meta-layouts":"set","ast-page-background-enabled":"default","ast-page-background-meta":{"desktop":{"background-color":"var(--ast-global-color-5)","background-image":"","background-repeat":"repeat","background-position":"center center","background-size":"auto","background-attachment":"scroll","background-type":"","background-media":"","overlay-type":"","overlay-color":"","overlay-opacity":"","overlay-gradient":""},"tablet":{"background-color":"","background-image":"","background-repeat":"repeat","background-position":"center center","background-size":"auto","background-attachment":"scroll","background-type":"","background-media":"","overlay-type":"","overlay-color":"","overlay-opacity":"","overlay-gradient":""},"mobile":{"background-color":"","background-image":"","background-repeat":"repeat","background-position":"center center","background-size":"auto","background-attachment":"scroll","background-type":"","background-media":"","overlay-type":"","overlay-color":"","overlay-opacity":"","overlay-gradient":""}},"ast-content-background-meta":{"desktop":{"background-color":"var(--ast-global-color-4)","background-image":"","background-repeat":"repeat","background-position":"center center","background-size":"auto","background-attachment":"scroll","background-type":"","background-media":"","overlay-type":"","overlay-color":"","overlay-opacity":"","overlay-gradient":""},"tablet":{"background-color":"var(--ast-global-color-4)","background-image":"","background-repeat":"repeat","background-position":"center center","background-size":"auto","background-attachment":"scroll","background-type":"","background-media":"","overlay-type":"","overlay-color":"","overlay-opacity":"","overlay-gradient":""},"mobile":{"background-color":"var(--ast-global-color-4)","background-image":"","background-repeat":"repeat","background-position":"center center","background-size":"auto","background-attachment":"scroll","background-type":"","background-media":"","overlay-type":"","overlay-color":"","overlay-opacity":"","overlay-gradient":""}}},"product_brand":[308],"product_cat":[180,195,178],"product_tag":[309],"class_list":{"0":"post-4178","1":"product","2":"type-product","3":"status-publish","4":"has-post-thumbnail","6":"product_brand-honeywell","7":"product_cat-cam-pano","8":"product_cat-seguridad","9":"product_cat-vigilancia-gps","10":"product_tag-honeywell","11":"desktop-align-left","12":"tablet-align-left","13":"mobile-align-left","15":"first","16":"instock","17":"shipping-taxable","18":"product-type-simple"},"yoast_head":"<!-- This site is optimized with the Yoast SEO plugin v25.3 - https:\/\/yoast.com\/wordpress\/plugins\/seo\/ -->\n<title>C\u00e1mara HC60WB4R2L - Tecplan<\/title>\n<meta name=\"robots\" content=\"index, follow, max-snippet:-1, max-image-preview:large, max-video-preview:-1\" \/>\n<link rel=\"canonical\" href=\"https:\/\/tecplan.com.es\/en\/product\/camara-hc60wb4r2l\/\" \/>\n<meta property=\"og:locale\" content=\"en_US\" \/>\n<meta property=\"og:type\" content=\"article\" \/>\n<meta property=\"og:title\" content=\"C\u00e1mara HC60WB4R2L - Tecplan\" \/>\n<meta property=\"og:description\" content=\"Sensor progresivo de 4MP de 1\/2.8&quot; \u2022 Lente MFZ de 2.713.5mm, F1.4F2.8 \u2022 \u00c1ngulo de visi\u00f3n de 10030\u00b0 (H) \u2013 53~17\u00b0 (V) \u2022 Mejor Corriente Principal: 2560 x 1440 \u2022 (1 ~ 25\/30 fps), 1920 x 1080 (1 ~ 50 \/ 60 fps) \u2022 Mejor Sub Corriente: 2560 x 1440 (1 ~ 25\/30 fps), 1920 x 1080 (1 ~ 50\/60 fps) \u2022 Tercera Corriente: 1280 x 720 (1 ~ 50\/60 fps) \u2022 Amplio Rango Din\u00e1mico (WDR) de 120 dB. \u2022 Rendimiento en condiciones de poca luz (0.04 lux en modo de color)   &nbsp;\" \/>\n<meta property=\"og:url\" content=\"https:\/\/tecplan.com.es\/en\/product\/camara-hc60wb4r2l\/\" \/>\n<meta property=\"og:site_name\" content=\"Tecplan\" \/>\n<meta property=\"article:modified_time\" content=\"2025-11-03T21:42:05+00:00\" \/>\n<meta property=\"og:image\" content=\"https:\/\/tecplan.com.es\/wp-content\/uploads\/2025\/10\/HC60WB4R2L.jpg\" \/>\n\t<meta property=\"og:image:width\" content=\"500\" \/>\n\t<meta property=\"og:image:height\" content=\"500\" \/>\n\t<meta property=\"og:image:type\" content=\"image\/jpeg\" \/>\n<meta name=\"twitter:card\" content=\"summary_large_image\" \/>\n<meta name=\"twitter:label1\" content=\"Est. reading time\" \/>\n\t<meta name=\"twitter:data1\" content=\"2 minutes\" \/>\n<script type=\"application\/ld+json\" class=\"yoast-schema-graph\">{\"@context\":\"https:\/\/schema.org\",\"@graph\":[{\"@type\":\"WebPage\",\"@id\":\"https:\/\/tecplan.com.es\/product\/camara-hc60wb4r2l\/\",\"url\":\"https:\/\/tecplan.com.es\/product\/camara-hc60wb4r2l\/\",\"name\":\"C\u00e1mara HC60WB4R2L - Tecplan\",\"isPartOf\":{\"@id\":\"https:\/\/tecplan.com.es\/#website\"},\"primaryImageOfPage\":{\"@id\":\"https:\/\/tecplan.com.es\/product\/camara-hc60wb4r2l\/#primaryimage\"},\"image\":{\"@id\":\"https:\/\/tecplan.com.es\/product\/camara-hc60wb4r2l\/#primaryimage\"},\"thumbnailUrl\":\"https:\/\/tecplan.com.es\/wp-content\/uploads\/2025\/10\/HC60WB4R2L.jpg\",\"datePublished\":\"2025-10-22T23:02:15+00:00\",\"dateModified\":\"2025-11-03T21:42:05+00:00\",\"breadcrumb\":{\"@id\":\"https:\/\/tecplan.com.es\/product\/camara-hc60wb4r2l\/#breadcrumb\"},\"inLanguage\":\"en-US\",\"potentialAction\":[{\"@type\":\"ReadAction\",\"target\":[\"https:\/\/tecplan.com.es\/product\/camara-hc60wb4r2l\/\"]}]},{\"@type\":\"ImageObject\",\"inLanguage\":\"en-US\",\"@id\":\"https:\/\/tecplan.com.es\/product\/camara-hc60wb4r2l\/#primaryimage\",\"url\":\"https:\/\/tecplan.com.es\/wp-content\/uploads\/2025\/10\/HC60WB4R2L.jpg\",\"contentUrl\":\"https:\/\/tecplan.com.es\/wp-content\/uploads\/2025\/10\/HC60WB4R2L.jpg\",\"width\":500,\"height\":500},{\"@type\":\"BreadcrumbList\",\"@id\":\"https:\/\/tecplan.com.es\/product\/camara-hc60wb4r2l\/#breadcrumb\",\"itemListElement\":[{\"@type\":\"ListItem\",\"position\":1,\"name\":\"Home\",\"item\":\"https:\/\/tecplan.com.es\/\"},{\"@type\":\"ListItem\",\"position\":2,\"name\":\"Shop\",\"item\":\"https:\/\/tecplan.com.es\/shop\/\"},{\"@type\":\"ListItem\",\"position\":3,\"name\":\"C\u00e1mara HC60WB4R2L\"}]},{\"@type\":\"WebSite\",\"@id\":\"https:\/\/tecplan.com.es\/#website\",\"url\":\"https:\/\/tecplan.com.es\/\",\"name\":\"Tecplan\",\"description\":\"\",\"potentialAction\":[{\"@type\":\"SearchAction\",\"target\":{\"@type\":\"EntryPoint\",\"urlTemplate\":\"https:\/\/tecplan.com.es\/?s={search_term_string}\"},\"query-input\":{\"@type\":\"PropertyValueSpecification\",\"valueRequired\":true,\"valueName\":\"search_term_string\"}}],\"inLanguage\":\"en-US\"}]}<\/script>\n<!-- \/ Yoast SEO plugin. -->","yoast_head_json":{"title":"C\u00e1mara HC60WB4R2L - Tecplan","robots":{"index":"index","follow":"follow","max-snippet":"max-snippet:-1","max-image-preview":"max-image-preview:large","max-video-preview":"max-video-preview:-1"},"canonical":"https:\/\/tecplan.com.es\/en\/product\/camara-hc60wb4r2l\/","og_locale":"en_US","og_type":"article","og_title":"C\u00e1mara HC60WB4R2L - Tecplan","og_description":"Sensor progresivo de 4MP de 1\/2.8\" \u2022 Lente MFZ de 2.713.5mm, F1.4F2.8 \u2022 \u00c1ngulo de visi\u00f3n de 10030\u00b0 (H) \u2013 53~17\u00b0 (V) \u2022 Mejor Corriente Principal: 2560 x 1440 \u2022 (1 ~ 25\/30 fps), 1920 x 1080 (1 ~ 50 \/ 60 fps) \u2022 Mejor Sub Corriente: 2560 x 1440 (1 ~ 25\/30 fps), 1920 x 1080 (1 ~ 50\/60 fps) \u2022 Tercera Corriente: 1280 x 720 (1 ~ 50\/60 fps) \u2022 Amplio Rango Din\u00e1mico (WDR) de 120 dB. \u2022 Rendimiento en condiciones de poca luz (0.04 lux en modo de color)   &nbsp;","og_url":"https:\/\/tecplan.com.es\/en\/product\/camara-hc60wb4r2l\/","og_site_name":"Tecplan","article_modified_time":"2025-11-03T21:42:05+00:00","og_image":[{"width":500,"height":500,"url":"https:\/\/tecplan.com.es\/wp-content\/uploads\/2025\/10\/HC60WB4R2L.jpg","type":"image\/jpeg"}],"twitter_card":"summary_large_image","twitter_misc":{"Est. reading time":"2 minutes"},"schema":{"@context":"https:\/\/schema.org","@graph":[{"@type":"WebPage","@id":"https:\/\/tecplan.com.es\/product\/camara-hc60wb4r2l\/","url":"https:\/\/tecplan.com.es\/product\/camara-hc60wb4r2l\/","name":"C\u00e1mara HC60WB4R2L - Tecplan","isPartOf":{"@id":"https:\/\/tecplan.com.es\/#website"},"primaryImageOfPage":{"@id":"https:\/\/tecplan.com.es\/product\/camara-hc60wb4r2l\/#primaryimage"},"image":{"@id":"https:\/\/tecplan.com.es\/product\/camara-hc60wb4r2l\/#primaryimage"},"thumbnailUrl":"https:\/\/tecplan.com.es\/wp-content\/uploads\/2025\/10\/HC60WB4R2L.jpg","datePublished":"2025-10-22T23:02:15+00:00","dateModified":"2025-11-03T21:42:05+00:00","breadcrumb":{"@id":"https:\/\/tecplan.com.es\/product\/camara-hc60wb4r2l\/#breadcrumb"},"inLanguage":"en-US","potentialAction":[{"@type":"ReadAction","target":["https:\/\/tecplan.com.es\/product\/camara-hc60wb4r2l\/"]}]},{"@type":"ImageObject","inLanguage":"en-US","@id":"https:\/\/tecplan.com.es\/product\/camara-hc60wb4r2l\/#primaryimage","url":"https:\/\/tecplan.com.es\/wp-content\/uploads\/2025\/10\/HC60WB4R2L.jpg","contentUrl":"https:\/\/tecplan.com.es\/wp-content\/uploads\/2025\/10\/HC60WB4R2L.jpg","width":500,"height":500},{"@type":"BreadcrumbList","@id":"https:\/\/tecplan.com.es\/product\/camara-hc60wb4r2l\/#breadcrumb","itemListElement":[{"@type":"ListItem","position":1,"name":"Home","item":"https:\/\/tecplan.com.es\/"},{"@type":"ListItem","position":2,"name":"Shop","item":"https:\/\/tecplan.com.es\/shop\/"},{"@type":"ListItem","position":3,"name":"C\u00e1mara HC60WB4R2L"}]},{"@type":"WebSite","@id":"https:\/\/tecplan.com.es\/#website","url":"https:\/\/tecplan.com.es\/","name":"Tecplan","description":"","potentialAction":[{"@type":"SearchAction","target":{"@type":"EntryPoint","urlTemplate":"https:\/\/tecplan.com.es\/?s={search_term_string}"},"query-input":{"@type":"PropertyValueSpecification","valueRequired":true,"valueName":"search_term_string"}}],"inLanguage":"en-US"}]}},"_links":{"self":[{"href":"https:\/\/tecplan.com.es\/en\/wp-json\/wp\/v2\/product\/4178","targetHints":{"allow":["GET"]}}],"collection":[{"href":"https:\/\/tecplan.com.es\/en\/wp-json\/wp\/v2\/product"}],"about":[{"href":"https:\/\/tecplan.com.es\/en\/wp-json\/wp\/v2\/types\/product"}],"replies":[{"embeddable":true,"href":"https:\/\/tecplan.com.es\/en\/wp-json\/wp\/v2\/comments?post=4178"}],"version-history":[{"count":2,"href":"https:\/\/tecplan.com.es\/en\/wp-json\/wp\/v2\/product\/4178\/revisions"}],"predecessor-version":[{"id":4386,"href":"https:\/\/tecplan.com.es\/en\/wp-json\/wp\/v2\/product\/4178\/revisions\/4386"}],"wp:featuredmedia":[{"embeddable":true,"href":"https:\/\/tecplan.com.es\/en\/wp-json\/wp\/v2\/media\/4150"}],"wp:attachment":[{"href":"https:\/\/tecplan.com.es\/en\/wp-json\/wp\/v2\/media?parent=4178"}],"wp:term":[{"taxonomy":"product_brand","embeddable":true,"href":"https:\/\/tecplan.com.es\/en\/wp-json\/wp\/v2\/product_brand?post=4178"},{"taxonomy":"product_cat","embeddable":true,"href":"https:\/\/tecplan.com.es\/en\/wp-json\/wp\/v2\/product_cat?post=4178"},{"taxonomy":"product_tag","embeddable":true,"href":"https:\/\/tecplan.com.es\/en\/wp-json\/wp\/v2\/product_tag?post=4178"}],"curies":[{"name":"wp","href":"https:\/\/api.w.org\/{rel}","templated":true}]}}