{"id":4176,"date":"2025-10-22T23:02:14","date_gmt":"2025-10-22T23:02:14","guid":{"rendered":"https:\/\/tecplan.com.es\/product\/camara-axis-q1656-dle-2\/"},"modified":"2025-11-03T21:00:22","modified_gmt":"2025-11-03T21:00:22","slug":"camara-axis-q1656-dle-2","status":"publish","type":"product","link":"https:\/\/tecplan.com.es\/en\/product\/camara-axis-q1656-dle-2\/","title":{"rendered":"C\u00e1mara  AXIS Q1656 &#8211; DLE"},"content":{"rendered":"<p style=\"text-align: justify;\"><strong>AXIS Q1656-DLE Radar-Video Fusion Camera<\/strong><\/p>\n<p style=\"text-align: justify;\"><strong>Lo mejor de dos potentes tecnolog\u00edas<\/strong><br \/>\nEs un dispositivo innovador que re\u00fane el an\u00e1lisis de v\u00eddeo y radar en AXIS Object Analytics para proporcionar unos resultados de detecci\u00f3n y visualizaci\u00f3n excepcionales. La anal\u00edtica de v\u00eddeo proporciona la localizaci\u00f3n y clasificaci\u00f3n de objetos precisas con tecnolog\u00eda de deep learning. La anal\u00edtica de radar a\u00f1ade la medici\u00f3n de la distancia y la velocidad, as\u00ed como la clasificaci\u00f3n basada en el deep learning y la firma de radar y las caracter\u00edsticas de movimiento de los objetos. El resultado es una inteligencia de escena excepciona unida al valor forense del v\u00eddeo. De manera predeterminada, nuestro sistema de fusi\u00f3n inteligente gestiona las notificaciones de la manera m\u00e1s ventajosa para cada situaci\u00f3n concreta. Si se prefiere, se puede elegir entre minimizar el n\u00famero de notificaciones falsas o no perder un detalle.<\/p>\n<p style=\"text-align: justify;\"><strong>Dos dispositivos. El doble de ventajas.<\/strong><br \/>\nAXIS Q1656-DLE Radar-Video Fusion Camera, adem\u00e1s, re\u00fane dos dispositivos de gran calidad: una excelente c\u00e1mara Q-line con muchas opciones de uso de las im\u00e1genes y un radar totalmente integrado, toda una novedad de Axis. El radar detecta objetos en zonas amplias con poca luz o en la oscuridad. Muestra la velocidad y la distancia de los objetos en movimiento directamente en la vista de la aplicaci\u00f3n. Adem\u00e1s, el radar se puede usar por s\u00ed solo para guiar una c\u00e1mara PTZ independiente. La AXIS Q1656-DLE es resistente a la intemperie y tiene funciones de ciberseguridad integradas que protegen los sistemas. Por ejemplo, Axis Edge Vault protege el ID de los dispositivos Axis y simplifica la autorizaci\u00f3n de los productos Axis de la red.<\/p>\n<p style=\"text-align: justify;\"><strong>Costes m\u00e1s bajos de principio a fin<\/strong><br \/>\nAdem\u00e1s de obtener dos tecnolog\u00eda y dos dispositivos, solo hay que instalar un dispositivo y un cable, y usar una direcci\u00f3n IP y una licencia de software de gesti\u00f3n de v\u00eddeo (VMS). As\u00ed se reducen los costes de instalaci\u00f3n y utilizaci\u00f3n. Se ahorra energ\u00eda porque el radar detecta en la oscuridad. Se pueden establecer activadores de focos, IR o solo luces de fachada en funci\u00f3n del objetivo: disuasi\u00f3n, verificaci\u00f3n visual o datos forenses. Adem\u00e1s, se ahorra en almacenamiento, porque puede optarse por activar la grabaci\u00f3n solo en determinadas situaciones. El reducido \u00edndice de notificaciones falsas permite que el personal de seguridad act\u00fae solo ante amenazas reales. Los empleados pueden ocuparse de m\u00e1s c\u00e1maras, con el consiguiente ahorro de tiempo y dinero.<\/p>\n<div class=\"ast-oembed-container\" style=\"height: 100%;\"><iframe title=\"Un nuevo nivel de detecci\u00f3n y visualizaci\u00f3n \u2013 AXIS Q1656-DLE Radar-Video Fusion Camera\" width=\"500\" height=\"281\" src=\"https:\/\/www.youtube.com\/embed\/2BLxbtWtpwA?feature=oembed\" frameborder=\"0\" allow=\"accelerometer; autoplay; clipboard-write; encrypted-media; gyroscope; picture-in-picture; web-share\" referrerpolicy=\"strict-origin-when-cross-origin\" allowfullscreen><\/iframe><\/div>\n<h5><\/h5>\n<h5 style=\"text-align: justify;\"><span style=\"text-decoration: underline;\"><strong>DOWNLOADS<\/strong><\/span><\/h5>\n<ul style=\"text-align: justify;\">\n<li><a href=\"https:\/\/drive.google.com\/file\/d\/1rshlGmyme_AAdVN25VFiGNbgDnhnwOxl\/view?usp=sharing\">\u2192 Technical specifications<\/a><\/li>\n<\/ul>","protected":false},"excerpt":{"rendered":"<p style=\"text-align: justify;\"><strong>DLE Radar-Video Fusion Camera Detecci\u00f3n y visualizaci\u00f3n de calidad superior<\/strong><\/p>\n<p style=\"text-align: justify;\">\u2022 Dos potentes tecnolog\u00edas en un solo dispositivo<br \/>\n\u2022 Excepcional inteligencia de escena<br \/>\n\u2022 Detecci\u00f3n fiable las 24 horas<br \/>\n\u2022 Caracter\u00edsticas de ciberseguridad integradas<br \/>\n\u2022 Funcionalidad de c\u00e1mara Premium Axis Q-line<\/p>\n<p><img decoding=\"async\" class=\"wp-image-3987 aligncenter\" src=\"https:\/\/tecplan.com.es\/wp-content\/uploads\/2025\/10\/Axis_744e92e672d8787f19475450de24f761.png\" alt=\"\" width=\"166\" height=\"70\" \/><\/p>","protected":false},"featured_media":4145,"comment_status":"open","ping_status":"closed","template":"","meta":{"site-sidebar-layout":"default","site-content-layout":"","ast-site-content-layout":"default","site-content-style":"default","site-sidebar-style":"default","ast-global-header-display":"","ast-banner-title-visibility":"","ast-main-header-display":"","ast-hfb-above-header-display":"","ast-hfb-below-header-display":"","ast-hfb-mobile-header-display":"","site-post-title":"","ast-breadcrumbs-content":"","ast-featured-img":"","footer-sml-layout":"","ast-disable-related-posts":"","theme-transparent-header-meta":"default","adv-header-id-meta":"","stick-header-meta":"","header-above-stick-meta":"","header-main-stick-meta":"","header-below-stick-meta":"","astra-migrate-meta-layouts":"set","ast-page-background-enabled":"default","ast-page-background-meta":{"desktop":{"background-color":"var(--ast-global-color-5)","background-image":"","background-repeat":"repeat","background-position":"center center","background-size":"auto","background-attachment":"scroll","background-type":"","background-media":"","overlay-type":"","overlay-color":"","overlay-opacity":"","overlay-gradient":""},"tablet":{"background-color":"","background-image":"","background-repeat":"repeat","background-position":"center center","background-size":"auto","background-attachment":"scroll","background-type":"","background-media":"","overlay-type":"","overlay-color":"","overlay-opacity":"","overlay-gradient":""},"mobile":{"background-color":"","background-image":"","background-repeat":"repeat","background-position":"center center","background-size":"auto","background-attachment":"scroll","background-type":"","background-media":"","overlay-type":"","overlay-color":"","overlay-opacity":"","overlay-gradient":""}},"ast-content-background-meta":{"desktop":{"background-color":"var(--ast-global-color-4)","background-image":"","background-repeat":"repeat","background-position":"center center","background-size":"auto","background-attachment":"scroll","background-type":"","background-media":"","overlay-type":"","overlay-color":"","overlay-opacity":"","overlay-gradient":""},"tablet":{"background-color":"var(--ast-global-color-4)","background-image":"","background-repeat":"repeat","background-position":"center center","background-size":"auto","background-attachment":"scroll","background-type":"","background-media":"","overlay-type":"","overlay-color":"","overlay-opacity":"","overlay-gradient":""},"mobile":{"background-color":"var(--ast-global-color-4)","background-image":"","background-repeat":"repeat","background-position":"center center","background-size":"auto","background-attachment":"scroll","background-type":"","background-media":"","overlay-type":"","overlay-color":"","overlay-opacity":"","overlay-gradient":""}}},"product_brand":[302],"product_cat":[180,195,178],"product_tag":[303],"class_list":{"0":"post-4176","1":"product","2":"type-product","3":"status-publish","4":"has-post-thumbnail","6":"product_brand-axis","7":"product_cat-cam-pano","8":"product_cat-seguridad","9":"product_cat-vigilancia-gps","10":"product_tag-axis","11":"desktop-align-left","12":"tablet-align-left","13":"mobile-align-left","15":"first","16":"instock","17":"shipping-taxable","18":"product-type-simple"},"yoast_head":"<!-- This site is optimized with the Yoast SEO plugin v25.3 - https:\/\/yoast.com\/wordpress\/plugins\/seo\/ -->\n<title>C\u00e1mara AXIS Q1656 - DLE - Tecplan<\/title>\n<meta name=\"robots\" content=\"index, follow, max-snippet:-1, max-image-preview:large, max-video-preview:-1\" \/>\n<link rel=\"canonical\" href=\"https:\/\/tecplan.com.es\/en\/product\/camara-axis-q1656-dle-2\/\" \/>\n<meta property=\"og:locale\" content=\"en_US\" \/>\n<meta property=\"og:type\" content=\"article\" \/>\n<meta property=\"og:title\" content=\"C\u00e1mara AXIS Q1656 - DLE - Tecplan\" \/>\n<meta property=\"og:description\" content=\"DLE Radar-Video Fusion Camera Detecci\u00f3n y visualizaci\u00f3n de calidad superior \u2022 Dos potentes tecnolog\u00edas en un solo dispositivo \u2022 Excepcional inteligencia de escena \u2022 Detecci\u00f3n fiable las 24 horas \u2022 Caracter\u00edsticas de ciberseguridad integradas \u2022 Funcionalidad de c\u00e1mara Premium Axis Q-line\" \/>\n<meta property=\"og:url\" content=\"https:\/\/tecplan.com.es\/en\/product\/camara-axis-q1656-dle-2\/\" \/>\n<meta property=\"og:site_name\" content=\"Tecplan\" \/>\n<meta property=\"article:modified_time\" content=\"2025-11-03T21:00:22+00:00\" \/>\n<meta property=\"og:image\" content=\"https:\/\/tecplan.com.es\/wp-content\/uploads\/2025\/10\/q1656_dle-3.webp\" \/>\n\t<meta property=\"og:image:width\" content=\"500\" \/>\n\t<meta property=\"og:image:height\" content=\"500\" \/>\n\t<meta property=\"og:image:type\" content=\"image\/webp\" \/>\n<meta name=\"twitter:card\" content=\"summary_large_image\" \/>\n<meta name=\"twitter:label1\" content=\"Est. reading time\" \/>\n\t<meta name=\"twitter:data1\" content=\"3 minutes\" \/>\n<script type=\"application\/ld+json\" class=\"yoast-schema-graph\">{\"@context\":\"https:\/\/schema.org\",\"@graph\":[{\"@type\":\"WebPage\",\"@id\":\"https:\/\/tecplan.com.es\/product\/camara-axis-q1656-dle-2\/\",\"url\":\"https:\/\/tecplan.com.es\/product\/camara-axis-q1656-dle-2\/\",\"name\":\"C\u00e1mara AXIS Q1656 - DLE - Tecplan\",\"isPartOf\":{\"@id\":\"https:\/\/tecplan.com.es\/#website\"},\"primaryImageOfPage\":{\"@id\":\"https:\/\/tecplan.com.es\/product\/camara-axis-q1656-dle-2\/#primaryimage\"},\"image\":{\"@id\":\"https:\/\/tecplan.com.es\/product\/camara-axis-q1656-dle-2\/#primaryimage\"},\"thumbnailUrl\":\"https:\/\/tecplan.com.es\/wp-content\/uploads\/2025\/10\/q1656_dle-3.webp\",\"datePublished\":\"2025-10-22T23:02:14+00:00\",\"dateModified\":\"2025-11-03T21:00:22+00:00\",\"breadcrumb\":{\"@id\":\"https:\/\/tecplan.com.es\/product\/camara-axis-q1656-dle-2\/#breadcrumb\"},\"inLanguage\":\"en-US\",\"potentialAction\":[{\"@type\":\"ReadAction\",\"target\":[\"https:\/\/tecplan.com.es\/product\/camara-axis-q1656-dle-2\/\"]}]},{\"@type\":\"ImageObject\",\"inLanguage\":\"en-US\",\"@id\":\"https:\/\/tecplan.com.es\/product\/camara-axis-q1656-dle-2\/#primaryimage\",\"url\":\"https:\/\/tecplan.com.es\/wp-content\/uploads\/2025\/10\/q1656_dle-3.webp\",\"contentUrl\":\"https:\/\/tecplan.com.es\/wp-content\/uploads\/2025\/10\/q1656_dle-3.webp\",\"width\":500,\"height\":500},{\"@type\":\"BreadcrumbList\",\"@id\":\"https:\/\/tecplan.com.es\/product\/camara-axis-q1656-dle-2\/#breadcrumb\",\"itemListElement\":[{\"@type\":\"ListItem\",\"position\":1,\"name\":\"Home\",\"item\":\"https:\/\/tecplan.com.es\/\"},{\"@type\":\"ListItem\",\"position\":2,\"name\":\"Shop\",\"item\":\"https:\/\/tecplan.com.es\/shop\/\"},{\"@type\":\"ListItem\",\"position\":3,\"name\":\"C\u00e1mara AXIS Q1656 &#8211; DLE\"}]},{\"@type\":\"WebSite\",\"@id\":\"https:\/\/tecplan.com.es\/#website\",\"url\":\"https:\/\/tecplan.com.es\/\",\"name\":\"Tecplan\",\"description\":\"\",\"potentialAction\":[{\"@type\":\"SearchAction\",\"target\":{\"@type\":\"EntryPoint\",\"urlTemplate\":\"https:\/\/tecplan.com.es\/?s={search_term_string}\"},\"query-input\":{\"@type\":\"PropertyValueSpecification\",\"valueRequired\":true,\"valueName\":\"search_term_string\"}}],\"inLanguage\":\"en-US\"}]}<\/script>\n<!-- \/ Yoast SEO plugin. -->","yoast_head_json":{"title":"C\u00e1mara AXIS Q1656 - DLE - Tecplan","robots":{"index":"index","follow":"follow","max-snippet":"max-snippet:-1","max-image-preview":"max-image-preview:large","max-video-preview":"max-video-preview:-1"},"canonical":"https:\/\/tecplan.com.es\/en\/product\/camara-axis-q1656-dle-2\/","og_locale":"en_US","og_type":"article","og_title":"C\u00e1mara AXIS Q1656 - DLE - Tecplan","og_description":"DLE Radar-Video Fusion Camera Detecci\u00f3n y visualizaci\u00f3n de calidad superior \u2022 Dos potentes tecnolog\u00edas en un solo dispositivo \u2022 Excepcional inteligencia de escena \u2022 Detecci\u00f3n fiable las 24 horas \u2022 Caracter\u00edsticas de ciberseguridad integradas \u2022 Funcionalidad de c\u00e1mara Premium Axis Q-line","og_url":"https:\/\/tecplan.com.es\/en\/product\/camara-axis-q1656-dle-2\/","og_site_name":"Tecplan","article_modified_time":"2025-11-03T21:00:22+00:00","og_image":[{"width":500,"height":500,"url":"https:\/\/tecplan.com.es\/wp-content\/uploads\/2025\/10\/q1656_dle-3.webp","type":"image\/webp"}],"twitter_card":"summary_large_image","twitter_misc":{"Est. reading time":"3 minutes"},"schema":{"@context":"https:\/\/schema.org","@graph":[{"@type":"WebPage","@id":"https:\/\/tecplan.com.es\/product\/camara-axis-q1656-dle-2\/","url":"https:\/\/tecplan.com.es\/product\/camara-axis-q1656-dle-2\/","name":"C\u00e1mara AXIS Q1656 - DLE - Tecplan","isPartOf":{"@id":"https:\/\/tecplan.com.es\/#website"},"primaryImageOfPage":{"@id":"https:\/\/tecplan.com.es\/product\/camara-axis-q1656-dle-2\/#primaryimage"},"image":{"@id":"https:\/\/tecplan.com.es\/product\/camara-axis-q1656-dle-2\/#primaryimage"},"thumbnailUrl":"https:\/\/tecplan.com.es\/wp-content\/uploads\/2025\/10\/q1656_dle-3.webp","datePublished":"2025-10-22T23:02:14+00:00","dateModified":"2025-11-03T21:00:22+00:00","breadcrumb":{"@id":"https:\/\/tecplan.com.es\/product\/camara-axis-q1656-dle-2\/#breadcrumb"},"inLanguage":"en-US","potentialAction":[{"@type":"ReadAction","target":["https:\/\/tecplan.com.es\/product\/camara-axis-q1656-dle-2\/"]}]},{"@type":"ImageObject","inLanguage":"en-US","@id":"https:\/\/tecplan.com.es\/product\/camara-axis-q1656-dle-2\/#primaryimage","url":"https:\/\/tecplan.com.es\/wp-content\/uploads\/2025\/10\/q1656_dle-3.webp","contentUrl":"https:\/\/tecplan.com.es\/wp-content\/uploads\/2025\/10\/q1656_dle-3.webp","width":500,"height":500},{"@type":"BreadcrumbList","@id":"https:\/\/tecplan.com.es\/product\/camara-axis-q1656-dle-2\/#breadcrumb","itemListElement":[{"@type":"ListItem","position":1,"name":"Home","item":"https:\/\/tecplan.com.es\/"},{"@type":"ListItem","position":2,"name":"Shop","item":"https:\/\/tecplan.com.es\/shop\/"},{"@type":"ListItem","position":3,"name":"C\u00e1mara AXIS Q1656 &#8211; DLE"}]},{"@type":"WebSite","@id":"https:\/\/tecplan.com.es\/#website","url":"https:\/\/tecplan.com.es\/","name":"Tecplan","description":"","potentialAction":[{"@type":"SearchAction","target":{"@type":"EntryPoint","urlTemplate":"https:\/\/tecplan.com.es\/?s={search_term_string}"},"query-input":{"@type":"PropertyValueSpecification","valueRequired":true,"valueName":"search_term_string"}}],"inLanguage":"en-US"}]}},"_links":{"self":[{"href":"https:\/\/tecplan.com.es\/en\/wp-json\/wp\/v2\/product\/4176","targetHints":{"allow":["GET"]}}],"collection":[{"href":"https:\/\/tecplan.com.es\/en\/wp-json\/wp\/v2\/product"}],"about":[{"href":"https:\/\/tecplan.com.es\/en\/wp-json\/wp\/v2\/types\/product"}],"replies":[{"embeddable":true,"href":"https:\/\/tecplan.com.es\/en\/wp-json\/wp\/v2\/comments?post=4176"}],"version-history":[{"count":2,"href":"https:\/\/tecplan.com.es\/en\/wp-json\/wp\/v2\/product\/4176\/revisions"}],"predecessor-version":[{"id":4392,"href":"https:\/\/tecplan.com.es\/en\/wp-json\/wp\/v2\/product\/4176\/revisions\/4392"}],"wp:featuredmedia":[{"embeddable":true,"href":"https:\/\/tecplan.com.es\/en\/wp-json\/wp\/v2\/media\/4145"}],"wp:attachment":[{"href":"https:\/\/tecplan.com.es\/en\/wp-json\/wp\/v2\/media?parent=4176"}],"wp:term":[{"taxonomy":"product_brand","embeddable":true,"href":"https:\/\/tecplan.com.es\/en\/wp-json\/wp\/v2\/product_brand?post=4176"},{"taxonomy":"product_cat","embeddable":true,"href":"https:\/\/tecplan.com.es\/en\/wp-json\/wp\/v2\/product_cat?post=4176"},{"taxonomy":"product_tag","embeddable":true,"href":"https:\/\/tecplan.com.es\/en\/wp-json\/wp\/v2\/product_tag?post=4176"}],"curies":[{"name":"wp","href":"https:\/\/api.w.org\/{rel}","templated":true}]}}