{"id":4139,"date":"2025-10-21T23:01:53","date_gmt":"2025-10-21T23:01:53","guid":{"rendered":"https:\/\/tecplan.com.es\/product\/camera-axis-q1656-be\/"},"modified":"2025-11-03T21:19:24","modified_gmt":"2025-11-03T21:19:24","slug":"camera-axis-q1656-be","status":"publish","type":"product","link":"https:\/\/tecplan.com.es\/en\/product\/camera-axis-q1656-be\/","title":{"rendered":"Camera AXIS Q1656 &#8211; BE"},"content":{"rendered":"<p><strong>AXIS Q1656 &#8211; BE Box Camera Modelo de estructura para exteriores en 4 MP<\/strong><\/p>\n<p>Con funci\u00f3n pr\u00e9mium de la gama Q y una calidad de v\u00eddeo excepcional incluso con poca luz, AXIS Q1656-BE se basa en el sistema en chip (SoC) de Axis y es compatible con an\u00e1lisis potentes basados en el aprendizaje profundo en el extremo.<\/p>\n<p><strong>Lo mejor de lo mejor<\/strong><br \/>\nAXIS Q1656-BE ofrece una calidad de v\u00eddeo excepcional incluso en condiciones de poca luz. Con Lightfinder 2.0 y la funcionalidad premium Q-line, ofrece un rendimiento impresionante con una resoluci\u00f3n de 4 MP a hasta 60 fps. Y gracias a un sensor de 1\/1,8&#8243;, proporciona la mejor calidad de imagen posible, pase lo que pase. Esta unidad b\u00e1sica para exteriores se suministra sin objetivo ni montaje, por lo que se puede personalizar por completo, lo que le permite crear una c\u00e1mara \u00fanica para cumplir con sus requisitos espec\u00edficos. Ofrece una variedad de opciones de objetivos y de montaje para una m\u00e1xima flexibilidad. Y se puede usar junto con AXIS TQ1901-E IR Illuminator Kit o AXIS Fixed Box IR Illuminator Kit A.<\/p>\n<p><strong>Potentes capacidades de an\u00e1lisis<\/strong><br \/>\nEsta c\u00e1mara de alto rendimiento se basa en ARTPEC-8, el sistema en chip (SoC) de Axis. Con una unidad de procesamiento de deep learning (DLPU), elimina la necesidad de servidores costosos y permite un sistema m\u00e1s r\u00e1pido y escalable. Adem\u00e1s, mejora las capacidades de procesamiento para que pueda recopilar y analizar incluso m\u00e1s datos que antes, en el per\u00edmetro. AXIS Object Analytics ofrece detecci\u00f3n y clasificaci\u00f3n de humanos, veh\u00edculos y tipos de veh\u00edculos, todo adaptado a sus necesidades espec\u00edficas. Adem\u00e1s, con la compatibilidad con la versi\u00f3n 4 de ACAP, puede agregar valor a su sistema con aplicaciones personalizadas basadas en el aprendizaje profundo en local disponibles por parte de Axis y nuestros socios.<\/p>\n<p><strong>Fiable y segura<\/strong><br \/>\nDise\u00f1ada para una instalaci\u00f3n f\u00e1cil y confiable, la AXIS Q1656-BE est\u00e1 encerrada en una carcasa robusta y resistente a los impactos con clasificaci\u00f3n IK10. Con las clasificaciones IP66, IP67, NEMA 4X y NEMA TS2, esta c\u00e1mara resistente al agua y a la intemperie tambi\u00e9n puede soportar vientos de hasta 60 m\/s. Al incluir zoom y enfoque remotos, as\u00ed como compatibilidad con PoE y alimentaci\u00f3n de CC redundante, ofrece una instalaci\u00f3n y un mantenimiento flexibles. Adem\u00e1s, sus datos est\u00e1n protegidos en caso de un corte de energ\u00eda. Tambi\u00e9n incluye protecci\u00f3n contra sobretensiones (est\u00e1ndar ferroviario) y un interruptor de intrusi\u00f3n para un funcionamiento seguro. Adem\u00e1s, las funciones de ciberseguridad integradas impiden el acceso no autorizado y protegen su sistema.<\/p>\n<div class=\"ast-oembed-container\" style=\"height: 100%;\"><iframe title=\"Todo lo que necesita y m\u00e1s: AXIS Q1656-LE\" width=\"500\" height=\"281\" src=\"https:\/\/www.youtube.com\/embed\/W0uEcQ0K7FM?feature=oembed\" frameborder=\"0\" allow=\"accelerometer; autoplay; clipboard-write; encrypted-media; gyroscope; picture-in-picture; web-share\" referrerpolicy=\"strict-origin-when-cross-origin\" allowfullscreen><\/iframe><\/div>\n<h5><\/h5>\n<h5 style=\"text-align: justify;\"><span style=\"text-decoration: underline;\"><strong>DOWNLOADS<\/strong><\/span><\/h5>\n<ul style=\"text-align: justify;\">\n<li><a href=\"https:\/\/drive.google.com\/file\/d\/1U7Pk-ymw3bpSGAvjqYnCkI2TW0tEct2H\/view?usp=sharing\">\u2192 Technical specifications<\/a><\/li>\n<\/ul>","protected":false},"excerpt":{"rendered":"<ul>\n<li>Im\u00e1genes excepcionales con sensor de 1\/1,8&#8243;<\/li>\n<li>Compatible con anal\u00edticas con deep learning<\/li>\n<li>Caracter\u00edsticas de ciberseguridad integradas<\/li>\n<li>Compatibilidad con objetivos i-CS<\/li>\n<li>Lista para personalizar para necesidades espec\u00edficas<\/li>\n<li>Enfoque remoto \/ Zoom remoto \/ Infrarrojos integrados.<\/li>\n<li>M\u00e1xima resoluci\u00f3n de v\u00eddeo 2688&#215;1512 Compatibilidad de audio<\/li>\n<li>Potencia (m\u00e1xima) 25.5 W<\/li>\n<\/ul>\n<p><img decoding=\"async\" class=\"wp-image-3987 aligncenter\" src=\"https:\/\/tecplan.com.es\/wp-content\/uploads\/2025\/10\/Axis_744e92e672d8787f19475450de24f761.png\" alt=\"\" width=\"130\" height=\"67\" \/><\/p>","protected":false},"featured_media":4120,"comment_status":"open","ping_status":"closed","template":"","meta":{"site-sidebar-layout":"default","site-content-layout":"","ast-site-content-layout":"default","site-content-style":"default","site-sidebar-style":"default","ast-global-header-display":"","ast-banner-title-visibility":"","ast-main-header-display":"","ast-hfb-above-header-display":"","ast-hfb-below-header-display":"","ast-hfb-mobile-header-display":"","site-post-title":"","ast-breadcrumbs-content":"","ast-featured-img":"","footer-sml-layout":"","ast-disable-related-posts":"","theme-transparent-header-meta":"default","adv-header-id-meta":"","stick-header-meta":"","header-above-stick-meta":"","header-main-stick-meta":"","header-below-stick-meta":"","astra-migrate-meta-layouts":"set","ast-page-background-enabled":"default","ast-page-background-meta":{"desktop":{"background-color":"var(--ast-global-color-5)","background-image":"","background-repeat":"repeat","background-position":"center center","background-size":"auto","background-attachment":"scroll","background-type":"","background-media":"","overlay-type":"","overlay-color":"","overlay-opacity":"","overlay-gradient":""},"tablet":{"background-color":"","background-image":"","background-repeat":"repeat","background-position":"center center","background-size":"auto","background-attachment":"scroll","background-type":"","background-media":"","overlay-type":"","overlay-color":"","overlay-opacity":"","overlay-gradient":""},"mobile":{"background-color":"","background-image":"","background-repeat":"repeat","background-position":"center center","background-size":"auto","background-attachment":"scroll","background-type":"","background-media":"","overlay-type":"","overlay-color":"","overlay-opacity":"","overlay-gradient":""}},"ast-content-background-meta":{"desktop":{"background-color":"var(--ast-global-color-4)","background-image":"","background-repeat":"repeat","background-position":"center center","background-size":"auto","background-attachment":"scroll","background-type":"","background-media":"","overlay-type":"","overlay-color":"","overlay-opacity":"","overlay-gradient":""},"tablet":{"background-color":"var(--ast-global-color-4)","background-image":"","background-repeat":"repeat","background-position":"center center","background-size":"auto","background-attachment":"scroll","background-type":"","background-media":"","overlay-type":"","overlay-color":"","overlay-opacity":"","overlay-gradient":""},"mobile":{"background-color":"var(--ast-global-color-4)","background-image":"","background-repeat":"repeat","background-position":"center center","background-size":"auto","background-attachment":"scroll","background-type":"","background-media":"","overlay-type":"","overlay-color":"","overlay-opacity":"","overlay-gradient":""}}},"product_brand":[302],"product_cat":[180,195,178],"product_tag":[303],"class_list":{"0":"post-4139","1":"product","2":"type-product","3":"status-publish","4":"has-post-thumbnail","6":"product_brand-axis","7":"product_cat-cam-pano","8":"product_cat-seguridad","9":"product_cat-vigilancia-gps","10":"product_tag-axis","11":"desktop-align-left","12":"tablet-align-left","13":"mobile-align-left","15":"first","16":"instock","17":"shipping-taxable","18":"product-type-simple"},"yoast_head":"<!-- This site is optimized with the Yoast SEO plugin v25.3 - https:\/\/yoast.com\/wordpress\/plugins\/seo\/ -->\n<title>Camera AXIS Q1656 - BE - Tecplan<\/title>\n<meta name=\"robots\" content=\"index, follow, max-snippet:-1, max-image-preview:large, max-video-preview:-1\" \/>\n<link rel=\"canonical\" href=\"https:\/\/tecplan.com.es\/en\/product\/camera-axis-q1656-be\/\" \/>\n<meta property=\"og:locale\" content=\"en_US\" \/>\n<meta property=\"og:type\" content=\"article\" \/>\n<meta property=\"og:title\" content=\"Camera AXIS Q1656 - BE - Tecplan\" \/>\n<meta property=\"og:description\" content=\"Im\u00e1genes excepcionales con sensor de 1\/1,8&quot;  Compatible con anal\u00edticas con deep learning  Caracter\u00edsticas de ciberseguridad integradas  Compatibilidad con objetivos i-CS  Lista para personalizar para necesidades espec\u00edficas  Enfoque remoto \/ Zoom remoto \/ Infrarrojos integrados.  M\u00e1xima resoluci\u00f3n de v\u00eddeo 2688x1512 Compatibilidad de audio  Potencia (m\u00e1xima) 25.5 W\" \/>\n<meta property=\"og:url\" content=\"https:\/\/tecplan.com.es\/en\/product\/camera-axis-q1656-be\/\" \/>\n<meta property=\"og:site_name\" content=\"Tecplan\" \/>\n<meta property=\"article:modified_time\" content=\"2025-11-03T21:19:24+00:00\" \/>\n<meta property=\"og:image\" content=\"https:\/\/tecplan.com.es\/wp-content\/uploads\/2025\/10\/AXIS-Q1656-BE-2.webp\" \/>\n\t<meta property=\"og:image:width\" content=\"500\" \/>\n\t<meta property=\"og:image:height\" content=\"500\" \/>\n\t<meta property=\"og:image:type\" content=\"image\/webp\" \/>\n<meta name=\"twitter:card\" content=\"summary_large_image\" \/>\n<meta name=\"twitter:label1\" content=\"Est. reading time\" \/>\n\t<meta name=\"twitter:data1\" content=\"3 minutes\" \/>\n<script type=\"application\/ld+json\" class=\"yoast-schema-graph\">{\"@context\":\"https:\/\/schema.org\",\"@graph\":[{\"@type\":\"WebPage\",\"@id\":\"https:\/\/tecplan.com.es\/product\/camera-axis-q1656-be\/\",\"url\":\"https:\/\/tecplan.com.es\/product\/camera-axis-q1656-be\/\",\"name\":\"Camera AXIS Q1656 - BE - Tecplan\",\"isPartOf\":{\"@id\":\"https:\/\/tecplan.com.es\/#website\"},\"primaryImageOfPage\":{\"@id\":\"https:\/\/tecplan.com.es\/product\/camera-axis-q1656-be\/#primaryimage\"},\"image\":{\"@id\":\"https:\/\/tecplan.com.es\/product\/camera-axis-q1656-be\/#primaryimage\"},\"thumbnailUrl\":\"https:\/\/tecplan.com.es\/wp-content\/uploads\/2025\/10\/AXIS-Q1656-BE-2.webp\",\"datePublished\":\"2025-10-21T23:01:53+00:00\",\"dateModified\":\"2025-11-03T21:19:24+00:00\",\"breadcrumb\":{\"@id\":\"https:\/\/tecplan.com.es\/product\/camera-axis-q1656-be\/#breadcrumb\"},\"inLanguage\":\"en-US\",\"potentialAction\":[{\"@type\":\"ReadAction\",\"target\":[\"https:\/\/tecplan.com.es\/product\/camera-axis-q1656-be\/\"]}]},{\"@type\":\"ImageObject\",\"inLanguage\":\"en-US\",\"@id\":\"https:\/\/tecplan.com.es\/product\/camera-axis-q1656-be\/#primaryimage\",\"url\":\"https:\/\/tecplan.com.es\/wp-content\/uploads\/2025\/10\/AXIS-Q1656-BE-2.webp\",\"contentUrl\":\"https:\/\/tecplan.com.es\/wp-content\/uploads\/2025\/10\/AXIS-Q1656-BE-2.webp\",\"width\":500,\"height\":500},{\"@type\":\"BreadcrumbList\",\"@id\":\"https:\/\/tecplan.com.es\/product\/camera-axis-q1656-be\/#breadcrumb\",\"itemListElement\":[{\"@type\":\"ListItem\",\"position\":1,\"name\":\"Home\",\"item\":\"https:\/\/tecplan.com.es\/\"},{\"@type\":\"ListItem\",\"position\":2,\"name\":\"Shop\",\"item\":\"https:\/\/tecplan.com.es\/shop\/\"},{\"@type\":\"ListItem\",\"position\":3,\"name\":\"Camera AXIS Q1656 &#8211; BE\"}]},{\"@type\":\"WebSite\",\"@id\":\"https:\/\/tecplan.com.es\/#website\",\"url\":\"https:\/\/tecplan.com.es\/\",\"name\":\"Tecplan\",\"description\":\"\",\"potentialAction\":[{\"@type\":\"SearchAction\",\"target\":{\"@type\":\"EntryPoint\",\"urlTemplate\":\"https:\/\/tecplan.com.es\/?s={search_term_string}\"},\"query-input\":{\"@type\":\"PropertyValueSpecification\",\"valueRequired\":true,\"valueName\":\"search_term_string\"}}],\"inLanguage\":\"en-US\"}]}<\/script>\n<!-- \/ Yoast SEO plugin. -->","yoast_head_json":{"title":"Camera AXIS Q1656 - BE - Tecplan","robots":{"index":"index","follow":"follow","max-snippet":"max-snippet:-1","max-image-preview":"max-image-preview:large","max-video-preview":"max-video-preview:-1"},"canonical":"https:\/\/tecplan.com.es\/en\/product\/camera-axis-q1656-be\/","og_locale":"en_US","og_type":"article","og_title":"Camera AXIS Q1656 - BE - Tecplan","og_description":"Im\u00e1genes excepcionales con sensor de 1\/1,8\"  Compatible con anal\u00edticas con deep learning  Caracter\u00edsticas de ciberseguridad integradas  Compatibilidad con objetivos i-CS  Lista para personalizar para necesidades espec\u00edficas  Enfoque remoto \/ Zoom remoto \/ Infrarrojos integrados.  M\u00e1xima resoluci\u00f3n de v\u00eddeo 2688x1512 Compatibilidad de audio  Potencia (m\u00e1xima) 25.5 W","og_url":"https:\/\/tecplan.com.es\/en\/product\/camera-axis-q1656-be\/","og_site_name":"Tecplan","article_modified_time":"2025-11-03T21:19:24+00:00","og_image":[{"width":500,"height":500,"url":"https:\/\/tecplan.com.es\/wp-content\/uploads\/2025\/10\/AXIS-Q1656-BE-2.webp","type":"image\/webp"}],"twitter_card":"summary_large_image","twitter_misc":{"Est. reading time":"3 minutes"},"schema":{"@context":"https:\/\/schema.org","@graph":[{"@type":"WebPage","@id":"https:\/\/tecplan.com.es\/product\/camera-axis-q1656-be\/","url":"https:\/\/tecplan.com.es\/product\/camera-axis-q1656-be\/","name":"Camera AXIS Q1656 - BE - Tecplan","isPartOf":{"@id":"https:\/\/tecplan.com.es\/#website"},"primaryImageOfPage":{"@id":"https:\/\/tecplan.com.es\/product\/camera-axis-q1656-be\/#primaryimage"},"image":{"@id":"https:\/\/tecplan.com.es\/product\/camera-axis-q1656-be\/#primaryimage"},"thumbnailUrl":"https:\/\/tecplan.com.es\/wp-content\/uploads\/2025\/10\/AXIS-Q1656-BE-2.webp","datePublished":"2025-10-21T23:01:53+00:00","dateModified":"2025-11-03T21:19:24+00:00","breadcrumb":{"@id":"https:\/\/tecplan.com.es\/product\/camera-axis-q1656-be\/#breadcrumb"},"inLanguage":"en-US","potentialAction":[{"@type":"ReadAction","target":["https:\/\/tecplan.com.es\/product\/camera-axis-q1656-be\/"]}]},{"@type":"ImageObject","inLanguage":"en-US","@id":"https:\/\/tecplan.com.es\/product\/camera-axis-q1656-be\/#primaryimage","url":"https:\/\/tecplan.com.es\/wp-content\/uploads\/2025\/10\/AXIS-Q1656-BE-2.webp","contentUrl":"https:\/\/tecplan.com.es\/wp-content\/uploads\/2025\/10\/AXIS-Q1656-BE-2.webp","width":500,"height":500},{"@type":"BreadcrumbList","@id":"https:\/\/tecplan.com.es\/product\/camera-axis-q1656-be\/#breadcrumb","itemListElement":[{"@type":"ListItem","position":1,"name":"Home","item":"https:\/\/tecplan.com.es\/"},{"@type":"ListItem","position":2,"name":"Shop","item":"https:\/\/tecplan.com.es\/shop\/"},{"@type":"ListItem","position":3,"name":"Camera AXIS Q1656 &#8211; BE"}]},{"@type":"WebSite","@id":"https:\/\/tecplan.com.es\/#website","url":"https:\/\/tecplan.com.es\/","name":"Tecplan","description":"","potentialAction":[{"@type":"SearchAction","target":{"@type":"EntryPoint","urlTemplate":"https:\/\/tecplan.com.es\/?s={search_term_string}"},"query-input":{"@type":"PropertyValueSpecification","valueRequired":true,"valueName":"search_term_string"}}],"inLanguage":"en-US"}]}},"_links":{"self":[{"href":"https:\/\/tecplan.com.es\/en\/wp-json\/wp\/v2\/product\/4139","targetHints":{"allow":["GET"]}}],"collection":[{"href":"https:\/\/tecplan.com.es\/en\/wp-json\/wp\/v2\/product"}],"about":[{"href":"https:\/\/tecplan.com.es\/en\/wp-json\/wp\/v2\/types\/product"}],"replies":[{"embeddable":true,"href":"https:\/\/tecplan.com.es\/en\/wp-json\/wp\/v2\/comments?post=4139"}],"version-history":[{"count":2,"href":"https:\/\/tecplan.com.es\/en\/wp-json\/wp\/v2\/product\/4139\/revisions"}],"predecessor-version":[{"id":4395,"href":"https:\/\/tecplan.com.es\/en\/wp-json\/wp\/v2\/product\/4139\/revisions\/4395"}],"wp:featuredmedia":[{"embeddable":true,"href":"https:\/\/tecplan.com.es\/en\/wp-json\/wp\/v2\/media\/4120"}],"wp:attachment":[{"href":"https:\/\/tecplan.com.es\/en\/wp-json\/wp\/v2\/media?parent=4139"}],"wp:term":[{"taxonomy":"product_brand","embeddable":true,"href":"https:\/\/tecplan.com.es\/en\/wp-json\/wp\/v2\/product_brand?post=4139"},{"taxonomy":"product_cat","embeddable":true,"href":"https:\/\/tecplan.com.es\/en\/wp-json\/wp\/v2\/product_cat?post=4139"},{"taxonomy":"product_tag","embeddable":true,"href":"https:\/\/tecplan.com.es\/en\/wp-json\/wp\/v2\/product_tag?post=4139"}],"curies":[{"name":"wp","href":"https:\/\/api.w.org\/{rel}","templated":true}]}}