{"id":4138,"date":"2025-10-21T23:01:52","date_gmt":"2025-10-21T23:01:52","guid":{"rendered":"https:\/\/tecplan.com.es\/product\/camara-q1808-le-bullet\/"},"modified":"2025-11-03T22:59:16","modified_gmt":"2025-11-03T22:59:16","slug":"camara-q1808-le-bullet","status":"publish","type":"product","link":"https:\/\/tecplan.com.es\/en\/product\/camara-q1808-le-bullet\/","title":{"rendered":"C\u00e1mara Q1808-LE BULLET"},"content":{"rendered":"<p style=\"text-align: justify;\"><strong>AXIS Q1808-LE Bullet Camera<\/strong><br \/>\nEsta potente c\u00e1mara ofrece 4K excepcional y una sensibilidad de luz muy elevada. Est\u00e1 disponible con objetivo de gran angular para zonas abiertas o teleobjetivo para vigilancia a distancia. Adem\u00e1s, con la salida PoE puede conectar y alimentar un dispositivo adicional.<\/p>\n<p style=\"text-align: justify;\"><strong>Excelentes detalles forenses y rendimiento potente<\/strong><br \/>\nCon un sensor de imagen de 4\/3&#8243;, AXIS Q1808-LE ofrece un rendimiento excepcional en condiciones de poca luz. Gracias a Lightfinder 2.0 garantiza colores reales en una oscuridad casi total. Adem\u00e1s, la unidad de procesamiento de aprendizaje profundo (DLPU) le permite ejecutar funciones avanzadas y anal\u00edticas potentes en local. Ofrece unas funciones de procesamiento y almacenamiento mejoradas para que pueda recopilar y analizar incluso m\u00e1s datos que antes. Adem\u00e1s, ofrece valiosos metadatos que permiten funciones de b\u00fasqueda forense r\u00e1pidas, f\u00e1ciles y eficientes en v\u00eddeos grabados o en directo.<\/p>\n<p style=\"text-align: justify;\"><strong>Excelente cobertura en zonas amplias y abiertas<\/strong><br \/>\nCon un objetivo Canon de gran angular (12 \u2013 48 mm) y un campo de visi\u00f3n horizontal de 90\u00b0-21\u00b0, AXIS Q1808-LE es perfecta para la vigilancia en zonas amplias y abiertas. Ofrece un zoom de 4x y una excelente sensibilidad de luz para garantizar excelentes detalles forenses. Adem\u00e1s, los LED de IR de luz blanca (850 nm) le permiten cambiar a luz blanca para disuadir actividades no deseadas.<\/p>\n<p style=\"text-align: justify;\"><strong>Fiable y s\u00f3lida<\/strong><br \/>\nAXIS Q1808-LE incluye Axis Edge Vault, una plataforma de ciberseguridad basada en el hardware que protege el dispositivo y la informaci\u00f3n confidencial contra el acceso no autorizado. Con las entradas supervisadas, se le notificar\u00e1 si se corta la conexi\u00f3n. Adem\u00e1s, se puede alimentar con alimentaci\u00f3n de CC y PoE, e incluso si hay un corte de energ\u00eda, la alimentaci\u00f3n de CC redundante garantiza un suministro de energ\u00eda fiable para proteger los datos. Esta c\u00e1mara robusta y para exteriores tiene clasificaci\u00f3n IP66-, IP67-, IK10- y NEMA 4X y puede soportar temperaturas que oscilan entre -40 \u00b0C y 60 \u00b0C (-40 \u00b0F a 140 \u00b0F). Adem\u00e1s, con la funcionalidad premium Q-line, garantiza una calidad de imagen siempre excelente.<\/p>\n<div class=\"ast-oembed-container\" style=\"height: 100%;\"><iframe title=\"Vigilancia avanzada en 10 Mpx \/ AXIS Q1808-LE Bullet Camera\" width=\"500\" height=\"281\" src=\"https:\/\/www.youtube.com\/embed\/DgB3gq838Iw?feature=oembed\" frameborder=\"0\" allow=\"accelerometer; autoplay; clipboard-write; encrypted-media; gyroscope; picture-in-picture; web-share\" referrerpolicy=\"strict-origin-when-cross-origin\" allowfullscreen><\/iframe><\/div>\n<p>&nbsp;<\/p>\n<h5 style=\"text-align: justify;\"><span style=\"text-decoration: underline;\"><strong>DOWNLOADS<\/strong><\/span><\/h5>\n<ul style=\"text-align: justify;\">\n<li><a href=\"https:\/\/drive.google.com\/file\/d\/1_kmspjk0Cx_t9lqHrNj8S7WQZMWsMMB_\/view?usp=sharing\">\u2192 Technical specifications<\/a><\/li>\n<\/ul>","protected":false},"excerpt":{"rendered":"<p style=\"text-align: justify;\">Esta potente c\u00e1mara ofrece 4K excepcional y una sensibilidad de luz muy elevada. Est\u00e1 disponible con objetivo de gran angular para zonas abiertas o teleobjetivo para vigilancia a distancia. Adem\u00e1s, con la salida PoE puede conectar y alimentar un dispositivo adicional.<\/p>\n<p><img decoding=\"async\" class=\"wp-image-3987 aligncenter\" src=\"https:\/\/tecplan.com.es\/wp-content\/uploads\/2025\/10\/Axis_744e92e672d8787f19475450de24f761.png\" alt=\"\" width=\"156\" height=\"67\" \/><\/p>","protected":false},"featured_media":4118,"comment_status":"open","ping_status":"closed","template":"","meta":{"site-sidebar-layout":"default","site-content-layout":"","ast-site-content-layout":"default","site-content-style":"default","site-sidebar-style":"default","ast-global-header-display":"","ast-banner-title-visibility":"","ast-main-header-display":"","ast-hfb-above-header-display":"","ast-hfb-below-header-display":"","ast-hfb-mobile-header-display":"","site-post-title":"","ast-breadcrumbs-content":"","ast-featured-img":"","footer-sml-layout":"","ast-disable-related-posts":"","theme-transparent-header-meta":"default","adv-header-id-meta":"","stick-header-meta":"","header-above-stick-meta":"","header-main-stick-meta":"","header-below-stick-meta":"","astra-migrate-meta-layouts":"set","ast-page-background-enabled":"default","ast-page-background-meta":{"desktop":{"background-color":"var(--ast-global-color-5)","background-image":"","background-repeat":"repeat","background-position":"center center","background-size":"auto","background-attachment":"scroll","background-type":"","background-media":"","overlay-type":"","overlay-color":"","overlay-opacity":"","overlay-gradient":""},"tablet":{"background-color":"","background-image":"","background-repeat":"repeat","background-position":"center center","background-size":"auto","background-attachment":"scroll","background-type":"","background-media":"","overlay-type":"","overlay-color":"","overlay-opacity":"","overlay-gradient":""},"mobile":{"background-color":"","background-image":"","background-repeat":"repeat","background-position":"center center","background-size":"auto","background-attachment":"scroll","background-type":"","background-media":"","overlay-type":"","overlay-color":"","overlay-opacity":"","overlay-gradient":""}},"ast-content-background-meta":{"desktop":{"background-color":"var(--ast-global-color-4)","background-image":"","background-repeat":"repeat","background-position":"center center","background-size":"auto","background-attachment":"scroll","background-type":"","background-media":"","overlay-type":"","overlay-color":"","overlay-opacity":"","overlay-gradient":""},"tablet":{"background-color":"var(--ast-global-color-4)","background-image":"","background-repeat":"repeat","background-position":"center center","background-size":"auto","background-attachment":"scroll","background-type":"","background-media":"","overlay-type":"","overlay-color":"","overlay-opacity":"","overlay-gradient":""},"mobile":{"background-color":"var(--ast-global-color-4)","background-image":"","background-repeat":"repeat","background-position":"center center","background-size":"auto","background-attachment":"scroll","background-type":"","background-media":"","overlay-type":"","overlay-color":"","overlay-opacity":"","overlay-gradient":""}}},"product_brand":[302],"product_cat":[251,195,178],"product_tag":[303],"class_list":{"0":"post-4138","1":"product","2":"type-product","3":"status-publish","4":"has-post-thumbnail","6":"product_brand-axis","7":"product_cat-cam-bala","8":"product_cat-seguridad","9":"product_cat-vigilancia-gps","10":"product_tag-axis","11":"desktop-align-left","12":"tablet-align-left","13":"mobile-align-left","15":"first","16":"instock","17":"shipping-taxable","18":"product-type-simple"},"yoast_head":"<!-- This site is optimized with the Yoast SEO plugin v25.3 - https:\/\/yoast.com\/wordpress\/plugins\/seo\/ -->\n<title>C\u00e1mara Q1808-LE BULLET - Tecplan<\/title>\n<meta name=\"robots\" content=\"index, follow, max-snippet:-1, max-image-preview:large, max-video-preview:-1\" \/>\n<link rel=\"canonical\" href=\"https:\/\/tecplan.com.es\/en\/product\/camara-q1808-le-bullet\/\" \/>\n<meta property=\"og:locale\" content=\"en_US\" \/>\n<meta property=\"og:type\" content=\"article\" \/>\n<meta property=\"og:title\" content=\"C\u00e1mara Q1808-LE BULLET - Tecplan\" \/>\n<meta property=\"og:description\" content=\"Esta potente c\u00e1mara ofrece 4K excepcional y una sensibilidad de luz muy elevada. Est\u00e1 disponible con objetivo de gran angular para zonas abiertas o teleobjetivo para vigilancia a distancia. Adem\u00e1s, con la salida PoE puede conectar y alimentar un dispositivo adicional.\" \/>\n<meta property=\"og:url\" content=\"https:\/\/tecplan.com.es\/en\/product\/camara-q1808-le-bullet\/\" \/>\n<meta property=\"og:site_name\" content=\"Tecplan\" \/>\n<meta property=\"article:modified_time\" content=\"2025-11-03T22:59:16+00:00\" \/>\n<meta property=\"og:image\" content=\"https:\/\/tecplan.com.es\/wp-content\/uploads\/2025\/10\/Q1808-LE-3.webp\" \/>\n\t<meta property=\"og:image:width\" content=\"500\" \/>\n\t<meta property=\"og:image:height\" content=\"500\" \/>\n\t<meta property=\"og:image:type\" content=\"image\/webp\" \/>\n<meta name=\"twitter:card\" content=\"summary_large_image\" \/>\n<meta name=\"twitter:label1\" content=\"Est. reading time\" \/>\n\t<meta name=\"twitter:data1\" content=\"2 minutes\" \/>\n<script type=\"application\/ld+json\" class=\"yoast-schema-graph\">{\"@context\":\"https:\/\/schema.org\",\"@graph\":[{\"@type\":\"WebPage\",\"@id\":\"https:\/\/tecplan.com.es\/product\/camara-q1808-le-bullet\/\",\"url\":\"https:\/\/tecplan.com.es\/product\/camara-q1808-le-bullet\/\",\"name\":\"C\u00e1mara Q1808-LE BULLET - Tecplan\",\"isPartOf\":{\"@id\":\"https:\/\/tecplan.com.es\/#website\"},\"primaryImageOfPage\":{\"@id\":\"https:\/\/tecplan.com.es\/product\/camara-q1808-le-bullet\/#primaryimage\"},\"image\":{\"@id\":\"https:\/\/tecplan.com.es\/product\/camara-q1808-le-bullet\/#primaryimage\"},\"thumbnailUrl\":\"https:\/\/tecplan.com.es\/wp-content\/uploads\/2025\/10\/Q1808-LE-3.webp\",\"datePublished\":\"2025-10-21T23:01:52+00:00\",\"dateModified\":\"2025-11-03T22:59:16+00:00\",\"breadcrumb\":{\"@id\":\"https:\/\/tecplan.com.es\/product\/camara-q1808-le-bullet\/#breadcrumb\"},\"inLanguage\":\"en-US\",\"potentialAction\":[{\"@type\":\"ReadAction\",\"target\":[\"https:\/\/tecplan.com.es\/product\/camara-q1808-le-bullet\/\"]}]},{\"@type\":\"ImageObject\",\"inLanguage\":\"en-US\",\"@id\":\"https:\/\/tecplan.com.es\/product\/camara-q1808-le-bullet\/#primaryimage\",\"url\":\"https:\/\/tecplan.com.es\/wp-content\/uploads\/2025\/10\/Q1808-LE-3.webp\",\"contentUrl\":\"https:\/\/tecplan.com.es\/wp-content\/uploads\/2025\/10\/Q1808-LE-3.webp\",\"width\":500,\"height\":500},{\"@type\":\"BreadcrumbList\",\"@id\":\"https:\/\/tecplan.com.es\/product\/camara-q1808-le-bullet\/#breadcrumb\",\"itemListElement\":[{\"@type\":\"ListItem\",\"position\":1,\"name\":\"Home\",\"item\":\"https:\/\/tecplan.com.es\/\"},{\"@type\":\"ListItem\",\"position\":2,\"name\":\"Shop\",\"item\":\"https:\/\/tecplan.com.es\/shop\/\"},{\"@type\":\"ListItem\",\"position\":3,\"name\":\"C\u00e1mara Q1808-LE BULLET\"}]},{\"@type\":\"WebSite\",\"@id\":\"https:\/\/tecplan.com.es\/#website\",\"url\":\"https:\/\/tecplan.com.es\/\",\"name\":\"Tecplan\",\"description\":\"\",\"potentialAction\":[{\"@type\":\"SearchAction\",\"target\":{\"@type\":\"EntryPoint\",\"urlTemplate\":\"https:\/\/tecplan.com.es\/?s={search_term_string}\"},\"query-input\":{\"@type\":\"PropertyValueSpecification\",\"valueRequired\":true,\"valueName\":\"search_term_string\"}}],\"inLanguage\":\"en-US\"}]}<\/script>\n<!-- \/ Yoast SEO plugin. -->","yoast_head_json":{"title":"C\u00e1mara Q1808-LE BULLET - Tecplan","robots":{"index":"index","follow":"follow","max-snippet":"max-snippet:-1","max-image-preview":"max-image-preview:large","max-video-preview":"max-video-preview:-1"},"canonical":"https:\/\/tecplan.com.es\/en\/product\/camara-q1808-le-bullet\/","og_locale":"en_US","og_type":"article","og_title":"C\u00e1mara Q1808-LE BULLET - Tecplan","og_description":"Esta potente c\u00e1mara ofrece 4K excepcional y una sensibilidad de luz muy elevada. Est\u00e1 disponible con objetivo de gran angular para zonas abiertas o teleobjetivo para vigilancia a distancia. Adem\u00e1s, con la salida PoE puede conectar y alimentar un dispositivo adicional.","og_url":"https:\/\/tecplan.com.es\/en\/product\/camara-q1808-le-bullet\/","og_site_name":"Tecplan","article_modified_time":"2025-11-03T22:59:16+00:00","og_image":[{"width":500,"height":500,"url":"https:\/\/tecplan.com.es\/wp-content\/uploads\/2025\/10\/Q1808-LE-3.webp","type":"image\/webp"}],"twitter_card":"summary_large_image","twitter_misc":{"Est. reading time":"2 minutes"},"schema":{"@context":"https:\/\/schema.org","@graph":[{"@type":"WebPage","@id":"https:\/\/tecplan.com.es\/product\/camara-q1808-le-bullet\/","url":"https:\/\/tecplan.com.es\/product\/camara-q1808-le-bullet\/","name":"C\u00e1mara Q1808-LE BULLET - Tecplan","isPartOf":{"@id":"https:\/\/tecplan.com.es\/#website"},"primaryImageOfPage":{"@id":"https:\/\/tecplan.com.es\/product\/camara-q1808-le-bullet\/#primaryimage"},"image":{"@id":"https:\/\/tecplan.com.es\/product\/camara-q1808-le-bullet\/#primaryimage"},"thumbnailUrl":"https:\/\/tecplan.com.es\/wp-content\/uploads\/2025\/10\/Q1808-LE-3.webp","datePublished":"2025-10-21T23:01:52+00:00","dateModified":"2025-11-03T22:59:16+00:00","breadcrumb":{"@id":"https:\/\/tecplan.com.es\/product\/camara-q1808-le-bullet\/#breadcrumb"},"inLanguage":"en-US","potentialAction":[{"@type":"ReadAction","target":["https:\/\/tecplan.com.es\/product\/camara-q1808-le-bullet\/"]}]},{"@type":"ImageObject","inLanguage":"en-US","@id":"https:\/\/tecplan.com.es\/product\/camara-q1808-le-bullet\/#primaryimage","url":"https:\/\/tecplan.com.es\/wp-content\/uploads\/2025\/10\/Q1808-LE-3.webp","contentUrl":"https:\/\/tecplan.com.es\/wp-content\/uploads\/2025\/10\/Q1808-LE-3.webp","width":500,"height":500},{"@type":"BreadcrumbList","@id":"https:\/\/tecplan.com.es\/product\/camara-q1808-le-bullet\/#breadcrumb","itemListElement":[{"@type":"ListItem","position":1,"name":"Home","item":"https:\/\/tecplan.com.es\/"},{"@type":"ListItem","position":2,"name":"Shop","item":"https:\/\/tecplan.com.es\/shop\/"},{"@type":"ListItem","position":3,"name":"C\u00e1mara Q1808-LE BULLET"}]},{"@type":"WebSite","@id":"https:\/\/tecplan.com.es\/#website","url":"https:\/\/tecplan.com.es\/","name":"Tecplan","description":"","potentialAction":[{"@type":"SearchAction","target":{"@type":"EntryPoint","urlTemplate":"https:\/\/tecplan.com.es\/?s={search_term_string}"},"query-input":{"@type":"PropertyValueSpecification","valueRequired":true,"valueName":"search_term_string"}}],"inLanguage":"en-US"}]}},"_links":{"self":[{"href":"https:\/\/tecplan.com.es\/en\/wp-json\/wp\/v2\/product\/4138","targetHints":{"allow":["GET"]}}],"collection":[{"href":"https:\/\/tecplan.com.es\/en\/wp-json\/wp\/v2\/product"}],"about":[{"href":"https:\/\/tecplan.com.es\/en\/wp-json\/wp\/v2\/types\/product"}],"replies":[{"embeddable":true,"href":"https:\/\/tecplan.com.es\/en\/wp-json\/wp\/v2\/comments?post=4138"}],"version-history":[{"count":2,"href":"https:\/\/tecplan.com.es\/en\/wp-json\/wp\/v2\/product\/4138\/revisions"}],"predecessor-version":[{"id":4428,"href":"https:\/\/tecplan.com.es\/en\/wp-json\/wp\/v2\/product\/4138\/revisions\/4428"}],"wp:featuredmedia":[{"embeddable":true,"href":"https:\/\/tecplan.com.es\/en\/wp-json\/wp\/v2\/media\/4118"}],"wp:attachment":[{"href":"https:\/\/tecplan.com.es\/en\/wp-json\/wp\/v2\/media?parent=4138"}],"wp:term":[{"taxonomy":"product_brand","embeddable":true,"href":"https:\/\/tecplan.com.es\/en\/wp-json\/wp\/v2\/product_brand?post=4138"},{"taxonomy":"product_cat","embeddable":true,"href":"https:\/\/tecplan.com.es\/en\/wp-json\/wp\/v2\/product_cat?post=4138"},{"taxonomy":"product_tag","embeddable":true,"href":"https:\/\/tecplan.com.es\/en\/wp-json\/wp\/v2\/product_tag?post=4138"}],"curies":[{"name":"wp","href":"https:\/\/api.w.org\/{rel}","templated":true}]}}