{"id":4137,"date":"2025-10-21T23:01:52","date_gmt":"2025-10-21T23:01:52","guid":{"rendered":"https:\/\/tecplan.com.es\/product\/camara-excam-xf-q1785\/"},"modified":"2025-11-03T22:55:33","modified_gmt":"2025-11-03T22:55:33","slug":"camara-excam-xf-q1785","status":"publish","type":"product","link":"https:\/\/tecplan.com.es\/en\/product\/camara-excam-xf-q1785\/","title":{"rendered":"C\u00e1mara EXCAM XF Q1785"},"content":{"rendered":"<p style=\"text-align: justify;\"><strong>ExCam XF Q1785 Explosion-Protected Network Camera<\/strong><\/p>\n<p style=\"text-align: justify;\">ExCam XF Q1785 Explosion-Protected Network Camera es una c\u00e1mara de red de caja fija de alto rendimiento con un extraordinario zoom \u00f3ptico de 32x en una carcasa de acero inoxidable con protecci\u00f3n contra explosiones. La ExCam XF Q1785 tambi\u00e9n est\u00e1 dise\u00f1ada para soportar los golpes y vibraciones t\u00edpicos asociados con ambientes extremos. Caracter\u00edstica muy apreciada para la supervisi\u00f3n de cintas transportadoras.<\/p>\n<p style=\"text-align: justify;\">Al igual que todas nuestras c\u00e1maras con protecci\u00f3n para entornos explosivos, puede utilizar la ExCam XF Q1785 para verificar visualmente la informaci\u00f3n de seguridad proporcionada por el sistema de sensores. Adem\u00e1s, puede incorporar aplicaciones que proporcionan alarmas por de \u00abhombre ca\u00eddo\u00bb, detecci\u00f3n de casco y mucho m\u00e1s.<\/p>\n<p style=\"text-align: justify;\"><strong>Resistente en ambientes extremos<\/strong><br \/>\nExCam XF Q1785 est\u00e1 certificada seg\u00fan est\u00e1ndares internacionales para garantizar un funcionamiento seguro en aplicaciones propensas a explosiones. Con soporte PoE incorporado, un cable blindado preconectado de 5 metros y una caja de conexiones Ex e, la ExCam XF Q1785 es f\u00e1cil de instalar y usar, y facilita la localizaci\u00f3n y resoluci\u00f3n de cualquier problema que pueda surgir.<\/p>\n<p style=\"text-align: justify;\">Esta resistente c\u00e1mara de red est\u00e1 dise\u00f1ada espec\u00edficamente para su instalaci\u00f3n en entornos extremos y puede soportar temperaturas de entre -60 \u00b0C y 60 \u00b0C. La ExCam XF Q1785 tambi\u00e9n admite estabilizaci\u00f3n de imagen electr\u00f3nica (EIS), que mejora en gran medida la calidad del v\u00eddeo en situaciones donde la c\u00e1mara est\u00e1 sujeta a vibraciones, como vientos racheados o veh\u00edculos que pasan. Adem\u00e1s, EIS le permite instalar la c\u00e1mara fuera de alcance en paredes altas, postes o techos con un impacto m\u00ednimo en la calidad de la imagen.<\/p>\n<p style=\"text-align: justify;\"><strong>Donde lo necesite<\/strong><br \/>\nExCam XF Q1785 est\u00e1 dise\u00f1ada para vigilancia de largo alcance las 24 horas, los 7 d\u00edas de la semana, y proporciona im\u00e1genes de alta resoluci\u00f3n incluso en condiciones de iluminaci\u00f3n extremas. La c\u00e1mara incluye un zoom \u00f3ptico de 32x con enfoque autom\u00e1tico que, combinado con la resoluci\u00f3n HDTV 1080p, proporciona unas im\u00e1genes ampliadas excelentes de personas y objetos de inter\u00e9s. Esto le permite instalar la c\u00e1mara lejos del objeto y aun as\u00ed capturar todos los detalles. Incorpora Forensic WDR forense para mayor claridad, incluso cuando existen \u00e1reas oscuras y claras en la escena y Lightfinder para una alta calidad de color en im\u00e1genes grabadas casi en oscuridad. Adem\u00e1s, Zipstream mantiene los detalles forenses que necesita, al tiempo que reduce las necesidades de ancho de banda y el almacenamiento en un 50 % o m\u00e1s.<\/p>\n<h5 style=\"text-align: justify;\"><span style=\"text-decoration: underline;\"><strong>DOWNLOADS<\/strong><\/span><\/h5>\n<ul style=\"text-align: justify;\">\n<li><a href=\"https:\/\/drive.google.com\/file\/d\/1jsEjvDnnOi7EfejXhwNSUg5FPTihCzO4\/view?usp=sharing\">\u2192 Technical specifications<\/a><\/li>\n<\/ul>","protected":false},"excerpt":{"rendered":"<p style=\"text-align: justify;\"><strong>C\u00e1mara de red protegida contra explosiones con certificaci\u00f3n para Zona 1 con zoom de 32x<\/strong><\/p>\n<ul>\n<li style=\"text-align: justify;\">La Cuenta con certificaciones ATEX, IECEx, EAC Ex, IA; Zonas 1, 2, 21 y 22; Grupos IIC y IIIC<\/li>\n<li style=\"text-align: justify;\">Instalaci\u00f3n rentable con PoE<\/li>\n<li style=\"text-align: justify;\">2MP, HDTV 1080p con hasta 60 im\u00e1genes por segundo<\/li>\n<li style=\"text-align: justify;\">Temperatura de funcionamiento: de -60 \u00b0C a 60 \u00b0C<\/li>\n<li style=\"text-align: justify;\">Estabilizaci\u00f3n electr\u00f3nica de la imagen<\/li>\n<\/ul>\n<p><img decoding=\"async\" class=\"wp-image-3987 aligncenter\" src=\"https:\/\/tecplan.com.es\/wp-content\/uploads\/2025\/10\/Axis_744e92e672d8787f19475450de24f761.png\" alt=\"\" width=\"162\" height=\"69\" \/><\/p>","protected":false},"featured_media":4114,"comment_status":"open","ping_status":"closed","template":"","meta":{"site-sidebar-layout":"default","site-content-layout":"","ast-site-content-layout":"default","site-content-style":"default","site-sidebar-style":"default","ast-global-header-display":"","ast-banner-title-visibility":"","ast-main-header-display":"","ast-hfb-above-header-display":"","ast-hfb-below-header-display":"","ast-hfb-mobile-header-display":"","site-post-title":"","ast-breadcrumbs-content":"","ast-featured-img":"","footer-sml-layout":"","ast-disable-related-posts":"","theme-transparent-header-meta":"default","adv-header-id-meta":"","stick-header-meta":"","header-above-stick-meta":"","header-main-stick-meta":"","header-below-stick-meta":"","astra-migrate-meta-layouts":"set","ast-page-background-enabled":"default","ast-page-background-meta":{"desktop":{"background-color":"var(--ast-global-color-5)","background-image":"","background-repeat":"repeat","background-position":"center center","background-size":"auto","background-attachment":"scroll","background-type":"","background-media":"","overlay-type":"","overlay-color":"","overlay-opacity":"","overlay-gradient":""},"tablet":{"background-color":"","background-image":"","background-repeat":"repeat","background-position":"center center","background-size":"auto","background-attachment":"scroll","background-type":"","background-media":"","overlay-type":"","overlay-color":"","overlay-opacity":"","overlay-gradient":""},"mobile":{"background-color":"","background-image":"","background-repeat":"repeat","background-position":"center center","background-size":"auto","background-attachment":"scroll","background-type":"","background-media":"","overlay-type":"","overlay-color":"","overlay-opacity":"","overlay-gradient":""}},"ast-content-background-meta":{"desktop":{"background-color":"var(--ast-global-color-4)","background-image":"","background-repeat":"repeat","background-position":"center center","background-size":"auto","background-attachment":"scroll","background-type":"","background-media":"","overlay-type":"","overlay-color":"","overlay-opacity":"","overlay-gradient":""},"tablet":{"background-color":"var(--ast-global-color-4)","background-image":"","background-repeat":"repeat","background-position":"center center","background-size":"auto","background-attachment":"scroll","background-type":"","background-media":"","overlay-type":"","overlay-color":"","overlay-opacity":"","overlay-gradient":""},"mobile":{"background-color":"var(--ast-global-color-4)","background-image":"","background-repeat":"repeat","background-position":"center center","background-size":"auto","background-attachment":"scroll","background-type":"","background-media":"","overlay-type":"","overlay-color":"","overlay-opacity":"","overlay-gradient":""}}},"product_brand":[302],"product_cat":[251,195,178],"product_tag":[303],"class_list":{"0":"post-4137","1":"product","2":"type-product","3":"status-publish","4":"has-post-thumbnail","6":"product_brand-axis","7":"product_cat-cam-bala","8":"product_cat-seguridad","9":"product_cat-vigilancia-gps","10":"product_tag-axis","11":"desktop-align-left","12":"tablet-align-left","13":"mobile-align-left","15":"first","16":"instock","17":"shipping-taxable","18":"product-type-simple"},"yoast_head":"<!-- This site is optimized with the Yoast SEO plugin v25.3 - https:\/\/yoast.com\/wordpress\/plugins\/seo\/ -->\n<title>C\u00e1mara EXCAM XF Q1785 - Tecplan<\/title>\n<meta name=\"robots\" content=\"index, follow, max-snippet:-1, max-image-preview:large, max-video-preview:-1\" \/>\n<link rel=\"canonical\" href=\"https:\/\/tecplan.com.es\/en\/product\/camara-excam-xf-q1785\/\" \/>\n<meta property=\"og:locale\" content=\"en_US\" \/>\n<meta property=\"og:type\" content=\"article\" \/>\n<meta property=\"og:title\" content=\"C\u00e1mara EXCAM XF Q1785 - Tecplan\" \/>\n<meta property=\"og:description\" content=\"C\u00e1mara de red protegida contra explosiones con certificaci\u00f3n para Zona 1 con zoom de 32x    La Cuenta con certificaciones ATEX, IECEx, EAC Ex, IA; Zonas 1, 2, 21 y 22; Grupos IIC y IIIC  Instalaci\u00f3n rentable con PoE  2MP, HDTV 1080p con hasta 60 im\u00e1genes por segundo  Temperatura de funcionamiento: de -60 \u00b0C a 60 \u00b0C  Estabilizaci\u00f3n electr\u00f3nica de la imagen\" \/>\n<meta property=\"og:url\" content=\"https:\/\/tecplan.com.es\/en\/product\/camara-excam-xf-q1785\/\" \/>\n<meta property=\"og:site_name\" content=\"Tecplan\" \/>\n<meta property=\"article:modified_time\" content=\"2025-11-03T22:55:33+00:00\" \/>\n<meta property=\"og:image\" content=\"https:\/\/tecplan.com.es\/wp-content\/uploads\/2025\/10\/1600_excam_xf_q1785_angle_right_1901.png.webp\" \/>\n\t<meta property=\"og:image:width\" content=\"500\" \/>\n\t<meta property=\"og:image:height\" content=\"500\" \/>\n\t<meta property=\"og:image:type\" content=\"image\/webp\" \/>\n<meta name=\"twitter:card\" content=\"summary_large_image\" \/>\n<meta name=\"twitter:label1\" content=\"Est. reading time\" \/>\n\t<meta name=\"twitter:data1\" content=\"3 minutes\" \/>\n<script type=\"application\/ld+json\" class=\"yoast-schema-graph\">{\"@context\":\"https:\/\/schema.org\",\"@graph\":[{\"@type\":\"WebPage\",\"@id\":\"https:\/\/tecplan.com.es\/product\/camara-excam-xf-q1785\/\",\"url\":\"https:\/\/tecplan.com.es\/product\/camara-excam-xf-q1785\/\",\"name\":\"C\u00e1mara EXCAM XF Q1785 - Tecplan\",\"isPartOf\":{\"@id\":\"https:\/\/tecplan.com.es\/#website\"},\"primaryImageOfPage\":{\"@id\":\"https:\/\/tecplan.com.es\/product\/camara-excam-xf-q1785\/#primaryimage\"},\"image\":{\"@id\":\"https:\/\/tecplan.com.es\/product\/camara-excam-xf-q1785\/#primaryimage\"},\"thumbnailUrl\":\"https:\/\/tecplan.com.es\/wp-content\/uploads\/2025\/10\/1600_excam_xf_q1785_angle_right_1901.png.webp\",\"datePublished\":\"2025-10-21T23:01:52+00:00\",\"dateModified\":\"2025-11-03T22:55:33+00:00\",\"breadcrumb\":{\"@id\":\"https:\/\/tecplan.com.es\/product\/camara-excam-xf-q1785\/#breadcrumb\"},\"inLanguage\":\"en-US\",\"potentialAction\":[{\"@type\":\"ReadAction\",\"target\":[\"https:\/\/tecplan.com.es\/product\/camara-excam-xf-q1785\/\"]}]},{\"@type\":\"ImageObject\",\"inLanguage\":\"en-US\",\"@id\":\"https:\/\/tecplan.com.es\/product\/camara-excam-xf-q1785\/#primaryimage\",\"url\":\"https:\/\/tecplan.com.es\/wp-content\/uploads\/2025\/10\/1600_excam_xf_q1785_angle_right_1901.png.webp\",\"contentUrl\":\"https:\/\/tecplan.com.es\/wp-content\/uploads\/2025\/10\/1600_excam_xf_q1785_angle_right_1901.png.webp\",\"width\":500,\"height\":500},{\"@type\":\"BreadcrumbList\",\"@id\":\"https:\/\/tecplan.com.es\/product\/camara-excam-xf-q1785\/#breadcrumb\",\"itemListElement\":[{\"@type\":\"ListItem\",\"position\":1,\"name\":\"Home\",\"item\":\"https:\/\/tecplan.com.es\/\"},{\"@type\":\"ListItem\",\"position\":2,\"name\":\"Shop\",\"item\":\"https:\/\/tecplan.com.es\/shop\/\"},{\"@type\":\"ListItem\",\"position\":3,\"name\":\"C\u00e1mara EXCAM XF Q1785\"}]},{\"@type\":\"WebSite\",\"@id\":\"https:\/\/tecplan.com.es\/#website\",\"url\":\"https:\/\/tecplan.com.es\/\",\"name\":\"Tecplan\",\"description\":\"\",\"potentialAction\":[{\"@type\":\"SearchAction\",\"target\":{\"@type\":\"EntryPoint\",\"urlTemplate\":\"https:\/\/tecplan.com.es\/?s={search_term_string}\"},\"query-input\":{\"@type\":\"PropertyValueSpecification\",\"valueRequired\":true,\"valueName\":\"search_term_string\"}}],\"inLanguage\":\"en-US\"}]}<\/script>\n<!-- \/ Yoast SEO plugin. -->","yoast_head_json":{"title":"C\u00e1mara EXCAM XF Q1785 - Tecplan","robots":{"index":"index","follow":"follow","max-snippet":"max-snippet:-1","max-image-preview":"max-image-preview:large","max-video-preview":"max-video-preview:-1"},"canonical":"https:\/\/tecplan.com.es\/en\/product\/camara-excam-xf-q1785\/","og_locale":"en_US","og_type":"article","og_title":"C\u00e1mara EXCAM XF Q1785 - Tecplan","og_description":"C\u00e1mara de red protegida contra explosiones con certificaci\u00f3n para Zona 1 con zoom de 32x    La Cuenta con certificaciones ATEX, IECEx, EAC Ex, IA; Zonas 1, 2, 21 y 22; Grupos IIC y IIIC  Instalaci\u00f3n rentable con PoE  2MP, HDTV 1080p con hasta 60 im\u00e1genes por segundo  Temperatura de funcionamiento: de -60 \u00b0C a 60 \u00b0C  Estabilizaci\u00f3n electr\u00f3nica de la imagen","og_url":"https:\/\/tecplan.com.es\/en\/product\/camara-excam-xf-q1785\/","og_site_name":"Tecplan","article_modified_time":"2025-11-03T22:55:33+00:00","og_image":[{"width":500,"height":500,"url":"https:\/\/tecplan.com.es\/wp-content\/uploads\/2025\/10\/1600_excam_xf_q1785_angle_right_1901.png.webp","type":"image\/webp"}],"twitter_card":"summary_large_image","twitter_misc":{"Est. reading time":"3 minutes"},"schema":{"@context":"https:\/\/schema.org","@graph":[{"@type":"WebPage","@id":"https:\/\/tecplan.com.es\/product\/camara-excam-xf-q1785\/","url":"https:\/\/tecplan.com.es\/product\/camara-excam-xf-q1785\/","name":"C\u00e1mara EXCAM XF Q1785 - Tecplan","isPartOf":{"@id":"https:\/\/tecplan.com.es\/#website"},"primaryImageOfPage":{"@id":"https:\/\/tecplan.com.es\/product\/camara-excam-xf-q1785\/#primaryimage"},"image":{"@id":"https:\/\/tecplan.com.es\/product\/camara-excam-xf-q1785\/#primaryimage"},"thumbnailUrl":"https:\/\/tecplan.com.es\/wp-content\/uploads\/2025\/10\/1600_excam_xf_q1785_angle_right_1901.png.webp","datePublished":"2025-10-21T23:01:52+00:00","dateModified":"2025-11-03T22:55:33+00:00","breadcrumb":{"@id":"https:\/\/tecplan.com.es\/product\/camara-excam-xf-q1785\/#breadcrumb"},"inLanguage":"en-US","potentialAction":[{"@type":"ReadAction","target":["https:\/\/tecplan.com.es\/product\/camara-excam-xf-q1785\/"]}]},{"@type":"ImageObject","inLanguage":"en-US","@id":"https:\/\/tecplan.com.es\/product\/camara-excam-xf-q1785\/#primaryimage","url":"https:\/\/tecplan.com.es\/wp-content\/uploads\/2025\/10\/1600_excam_xf_q1785_angle_right_1901.png.webp","contentUrl":"https:\/\/tecplan.com.es\/wp-content\/uploads\/2025\/10\/1600_excam_xf_q1785_angle_right_1901.png.webp","width":500,"height":500},{"@type":"BreadcrumbList","@id":"https:\/\/tecplan.com.es\/product\/camara-excam-xf-q1785\/#breadcrumb","itemListElement":[{"@type":"ListItem","position":1,"name":"Home","item":"https:\/\/tecplan.com.es\/"},{"@type":"ListItem","position":2,"name":"Shop","item":"https:\/\/tecplan.com.es\/shop\/"},{"@type":"ListItem","position":3,"name":"C\u00e1mara EXCAM XF Q1785"}]},{"@type":"WebSite","@id":"https:\/\/tecplan.com.es\/#website","url":"https:\/\/tecplan.com.es\/","name":"Tecplan","description":"","potentialAction":[{"@type":"SearchAction","target":{"@type":"EntryPoint","urlTemplate":"https:\/\/tecplan.com.es\/?s={search_term_string}"},"query-input":{"@type":"PropertyValueSpecification","valueRequired":true,"valueName":"search_term_string"}}],"inLanguage":"en-US"}]}},"_links":{"self":[{"href":"https:\/\/tecplan.com.es\/en\/wp-json\/wp\/v2\/product\/4137","targetHints":{"allow":["GET"]}}],"collection":[{"href":"https:\/\/tecplan.com.es\/en\/wp-json\/wp\/v2\/product"}],"about":[{"href":"https:\/\/tecplan.com.es\/en\/wp-json\/wp\/v2\/types\/product"}],"replies":[{"embeddable":true,"href":"https:\/\/tecplan.com.es\/en\/wp-json\/wp\/v2\/comments?post=4137"}],"version-history":[{"count":3,"href":"https:\/\/tecplan.com.es\/en\/wp-json\/wp\/v2\/product\/4137\/revisions"}],"predecessor-version":[{"id":4427,"href":"https:\/\/tecplan.com.es\/en\/wp-json\/wp\/v2\/product\/4137\/revisions\/4427"}],"wp:featuredmedia":[{"embeddable":true,"href":"https:\/\/tecplan.com.es\/en\/wp-json\/wp\/v2\/media\/4114"}],"wp:attachment":[{"href":"https:\/\/tecplan.com.es\/en\/wp-json\/wp\/v2\/media?parent=4137"}],"wp:term":[{"taxonomy":"product_brand","embeddable":true,"href":"https:\/\/tecplan.com.es\/en\/wp-json\/wp\/v2\/product_brand?post=4137"},{"taxonomy":"product_cat","embeddable":true,"href":"https:\/\/tecplan.com.es\/en\/wp-json\/wp\/v2\/product_cat?post=4137"},{"taxonomy":"product_tag","embeddable":true,"href":"https:\/\/tecplan.com.es\/en\/wp-json\/wp\/v2\/product_tag?post=4137"}],"curies":[{"name":"wp","href":"https:\/\/api.w.org\/{rel}","templated":true}]}}