{"id":4136,"date":"2025-10-21T23:01:52","date_gmt":"2025-10-21T23:01:52","guid":{"rendered":"https:\/\/tecplan.com.es\/product\/camara-excam-xf-p3807\/"},"modified":"2025-11-03T22:50:08","modified_gmt":"2025-11-03T22:50:08","slug":"camara-excam-xf-p3807","status":"publish","type":"product","link":"https:\/\/tecplan.com.es\/en\/product\/camara-excam-xf-p3807\/","title":{"rendered":"C\u00e1mara EXCAM XF P3807"},"content":{"rendered":"<p style=\"text-align: justify;\"><strong>C\u00e1mara panor\u00e1mica protegida contra explosiones ExCam XF P3807<\/strong><\/p>\n<p style=\"text-align: justify;\">Integrada en una carcasa de acero inoxidable muy resistente, esta c\u00e1mara con protecci\u00f3n para entornos explosivos ofrece vistas panor\u00e1micas de 180\u00b0 con im\u00e1genes excelentes y sin puntos ciegos. Le brinda al operador informaci\u00f3n general completa del \u00e1rea para mejorar el conocimiento de la situaci\u00f3n.<\/p>\n<p style=\"text-align: justify;\"><strong>Resistente en \u00e1reas peligrosas<\/strong><br \/>\nEsta c\u00e1mara con protecci\u00f3n para entornos explosivos est\u00e1 certificada con ATEX, IECEx, INMETRO Zona 1\/21 para uso en aplicaciones propensas a explosiones. Viene integrada en una carcasa de acero inoxidable muy resistente. Con clasificaciones IP67 e IP68, est\u00e1 protegida contra la entrada de polvo y puede soportar olas altas y vendavales, ideal en entornos hostiles. Esta c\u00e1mara es id\u00f3nea cuando necesita visualizar una escena completa. Proporciona una cobertura panor\u00e1mica de 180\u00b0 con cobertura vertical completa de 90\u00b0 para que los puntos ciegos no le preocupen y pueda estar seguro de capturar todos los detalles y todo lo que sucede a su alrededor.<\/p>\n<p style=\"text-align: justify;\"><strong>Visualizar toda la escena<\/strong><br \/>\nEsta c\u00e1mara multisensor de 8 megap\u00edxeles proporciona una excepcional cobertura panor\u00e1mica de 180\u00b0 y captura im\u00e1genes de alta calidad forense a una velocidad m\u00e1xima de hasta 30 fps. Act\u00faa como una sola c\u00e1mara en el software de gesti\u00f3n de v\u00eddeo (VMS), ya que combina cuatro im\u00e1genes en una. Esto ayuda a ahorrar tiempo en la instalaci\u00f3n y solo requiere una \u00fanica licencia. Adem\u00e1s, Forensic WDR y Axis Lightfinder aseguran im\u00e1genes claras y n\u00edtidas incluso en condiciones complejas de iluminaci\u00f3n.<\/p>\n<p style=\"text-align: justify;\"><strong>Instalaci\u00f3n flexible<\/strong><br \/>\nExCam XF P3807 recibe alimentaci\u00f3n a trav\u00e9s de PoE con un \u00fanico cable Ethernet para acceso a la red y alimentaci\u00f3n. Esta c\u00e1mara rentable ofrece cuatro sensores integrados en una c\u00e1mara. Con los puntos de uni\u00f3n perfectos de las cuatro im\u00e1genes, el operador tiene informaci\u00f3n general completa del \u00e1rea para mejorar el conocimiento de la situaci\u00f3n. Adem\u00e1s, solo hay una c\u00e1mara para instalar y administrar en el sistema de gesti\u00f3n de v\u00eddeo (VMS). Axis Zipstream reduce de forma significativa los requisitos de ancho de banda y almacenamiento sin comprometer la calidad de imagen. Adem\u00e1s, gracias a las interfaces abiertas de Axis, es f\u00e1cil de integrar con el sistema de vigilancia existente.<\/p>\n<h5 style=\"text-align: justify;\"><span style=\"text-decoration: underline;\"><strong>DOWNLOADS<\/strong><\/span><\/h5>\n<ul style=\"text-align: justify;\">\n<li><a href=\"https:\/\/drive.google.com\/file\/d\/1YnI4s7Ik0Z2nxB7tI8lfafEqFnYbuzb4\/view?usp=sharing\">\u2192 Technical specifications<\/a><\/li>\n<\/ul>","protected":false},"excerpt":{"rendered":"<p style=\"text-align: justify;\">C\u00e1mara panor\u00e1mica con protecci\u00f3n contra explosiones, multisensor y certificaci\u00f3n de zona<\/p>\n<ul>\n<li style=\"text-align: justify;\">Certificaci\u00f3n ATEX, IECEx, INMETRO Zona 1\/21<\/li>\n<li style=\"text-align: justify;\">Vista panor\u00e1mica continua de 180\u00b0<\/li>\n<li style=\"text-align: justify;\">C\u00e1mara multisensor 180\u00b0, 8 MP<\/li>\n<li style=\"text-align: justify;\">Instalaci\u00f3n rentable con PoE<\/li>\n<li style=\"text-align: justify;\">WDR forense y Lightfinder<\/li>\n<\/ul>\n<p><img decoding=\"async\" class=\"wp-image-3987 aligncenter\" src=\"https:\/\/tecplan.com.es\/wp-content\/uploads\/2025\/10\/Axis_744e92e672d8787f19475450de24f761.png\" alt=\"\" width=\"153\" height=\"69\" srcset=\"https:\/\/tecplan.com.es\/wp-content\/uploads\/2025\/10\/Axis_744e92e672d8787f19475450de24f761.png 280w, https:\/\/tecplan.com.es\/wp-content\/uploads\/2025\/10\/Axis_744e92e672d8787f19475450de24f761-18x8.png 18w\" sizes=\"(max-width: 153px) 100vw, 153px\" \/><\/p>","protected":false},"featured_media":4111,"comment_status":"open","ping_status":"closed","template":"","meta":{"site-sidebar-layout":"default","site-content-layout":"","ast-site-content-layout":"default","site-content-style":"default","site-sidebar-style":"default","ast-global-header-display":"","ast-banner-title-visibility":"","ast-main-header-display":"","ast-hfb-above-header-display":"","ast-hfb-below-header-display":"","ast-hfb-mobile-header-display":"","site-post-title":"","ast-breadcrumbs-content":"","ast-featured-img":"","footer-sml-layout":"","ast-disable-related-posts":"","theme-transparent-header-meta":"default","adv-header-id-meta":"","stick-header-meta":"","header-above-stick-meta":"","header-main-stick-meta":"","header-below-stick-meta":"","astra-migrate-meta-layouts":"set","ast-page-background-enabled":"default","ast-page-background-meta":{"desktop":{"background-color":"var(--ast-global-color-5)","background-image":"","background-repeat":"repeat","background-position":"center center","background-size":"auto","background-attachment":"scroll","background-type":"","background-media":"","overlay-type":"","overlay-color":"","overlay-opacity":"","overlay-gradient":""},"tablet":{"background-color":"","background-image":"","background-repeat":"repeat","background-position":"center center","background-size":"auto","background-attachment":"scroll","background-type":"","background-media":"","overlay-type":"","overlay-color":"","overlay-opacity":"","overlay-gradient":""},"mobile":{"background-color":"","background-image":"","background-repeat":"repeat","background-position":"center center","background-size":"auto","background-attachment":"scroll","background-type":"","background-media":"","overlay-type":"","overlay-color":"","overlay-opacity":"","overlay-gradient":""}},"ast-content-background-meta":{"desktop":{"background-color":"var(--ast-global-color-4)","background-image":"","background-repeat":"repeat","background-position":"center center","background-size":"auto","background-attachment":"scroll","background-type":"","background-media":"","overlay-type":"","overlay-color":"","overlay-opacity":"","overlay-gradient":""},"tablet":{"background-color":"var(--ast-global-color-4)","background-image":"","background-repeat":"repeat","background-position":"center center","background-size":"auto","background-attachment":"scroll","background-type":"","background-media":"","overlay-type":"","overlay-color":"","overlay-opacity":"","overlay-gradient":""},"mobile":{"background-color":"var(--ast-global-color-4)","background-image":"","background-repeat":"repeat","background-position":"center center","background-size":"auto","background-attachment":"scroll","background-type":"","background-media":"","overlay-type":"","overlay-color":"","overlay-opacity":"","overlay-gradient":""}}},"product_brand":[302],"product_cat":[181,195,178],"product_tag":[303],"class_list":{"0":"post-4136","1":"product","2":"type-product","3":"status-publish","4":"has-post-thumbnail","6":"product_brand-axis","7":"product_cat-cam-domo","8":"product_cat-seguridad","9":"product_cat-vigilancia-gps","10":"product_tag-axis","11":"desktop-align-left","12":"tablet-align-left","13":"mobile-align-left","15":"first","16":"instock","17":"shipping-taxable","18":"product-type-simple"},"yoast_head":"<!-- This site is optimized with the Yoast SEO plugin v25.3 - https:\/\/yoast.com\/wordpress\/plugins\/seo\/ -->\n<title>C\u00e1mara EXCAM XF P3807 - Tecplan<\/title>\n<meta name=\"robots\" content=\"index, follow, max-snippet:-1, max-image-preview:large, max-video-preview:-1\" \/>\n<link rel=\"canonical\" href=\"https:\/\/tecplan.com.es\/en\/product\/camara-excam-xf-p3807\/\" \/>\n<meta property=\"og:locale\" content=\"en_US\" \/>\n<meta property=\"og:type\" content=\"article\" \/>\n<meta property=\"og:title\" content=\"C\u00e1mara EXCAM XF P3807 - Tecplan\" \/>\n<meta property=\"og:description\" content=\"C\u00e1mara panor\u00e1mica con protecci\u00f3n contra explosiones, multisensor y certificaci\u00f3n de zona    Certificaci\u00f3n ATEX, IECEx, INMETRO Zona 1\/21  Vista panor\u00e1mica continua de 180\u00b0  C\u00e1mara multisensor 180\u00b0, 8 MP  Instalaci\u00f3n rentable con PoE  WDR forense y Lightfinder\" \/>\n<meta property=\"og:url\" content=\"https:\/\/tecplan.com.es\/en\/product\/camara-excam-xf-p3807\/\" \/>\n<meta property=\"og:site_name\" content=\"Tecplan\" \/>\n<meta property=\"article:modified_time\" content=\"2025-11-03T22:50:08+00:00\" \/>\n<meta property=\"og:image\" content=\"https:\/\/tecplan.com.es\/wp-content\/uploads\/2025\/10\/excam_xf_p3807.webp\" \/>\n\t<meta property=\"og:image:width\" content=\"500\" \/>\n\t<meta property=\"og:image:height\" content=\"500\" \/>\n\t<meta property=\"og:image:type\" content=\"image\/webp\" \/>\n<meta name=\"twitter:card\" content=\"summary_large_image\" \/>\n<meta name=\"twitter:label1\" content=\"Est. reading time\" \/>\n\t<meta name=\"twitter:data1\" content=\"2 minutes\" \/>\n<script type=\"application\/ld+json\" class=\"yoast-schema-graph\">{\"@context\":\"https:\/\/schema.org\",\"@graph\":[{\"@type\":\"WebPage\",\"@id\":\"https:\/\/tecplan.com.es\/product\/camara-excam-xf-p3807\/\",\"url\":\"https:\/\/tecplan.com.es\/product\/camara-excam-xf-p3807\/\",\"name\":\"C\u00e1mara EXCAM XF P3807 - Tecplan\",\"isPartOf\":{\"@id\":\"https:\/\/tecplan.com.es\/#website\"},\"primaryImageOfPage\":{\"@id\":\"https:\/\/tecplan.com.es\/product\/camara-excam-xf-p3807\/#primaryimage\"},\"image\":{\"@id\":\"https:\/\/tecplan.com.es\/product\/camara-excam-xf-p3807\/#primaryimage\"},\"thumbnailUrl\":\"https:\/\/tecplan.com.es\/wp-content\/uploads\/2025\/10\/excam_xf_p3807.webp\",\"datePublished\":\"2025-10-21T23:01:52+00:00\",\"dateModified\":\"2025-11-03T22:50:08+00:00\",\"breadcrumb\":{\"@id\":\"https:\/\/tecplan.com.es\/product\/camara-excam-xf-p3807\/#breadcrumb\"},\"inLanguage\":\"en-US\",\"potentialAction\":[{\"@type\":\"ReadAction\",\"target\":[\"https:\/\/tecplan.com.es\/product\/camara-excam-xf-p3807\/\"]}]},{\"@type\":\"ImageObject\",\"inLanguage\":\"en-US\",\"@id\":\"https:\/\/tecplan.com.es\/product\/camara-excam-xf-p3807\/#primaryimage\",\"url\":\"https:\/\/tecplan.com.es\/wp-content\/uploads\/2025\/10\/excam_xf_p3807.webp\",\"contentUrl\":\"https:\/\/tecplan.com.es\/wp-content\/uploads\/2025\/10\/excam_xf_p3807.webp\",\"width\":500,\"height\":500},{\"@type\":\"BreadcrumbList\",\"@id\":\"https:\/\/tecplan.com.es\/product\/camara-excam-xf-p3807\/#breadcrumb\",\"itemListElement\":[{\"@type\":\"ListItem\",\"position\":1,\"name\":\"Home\",\"item\":\"https:\/\/tecplan.com.es\/\"},{\"@type\":\"ListItem\",\"position\":2,\"name\":\"Shop\",\"item\":\"https:\/\/tecplan.com.es\/shop\/\"},{\"@type\":\"ListItem\",\"position\":3,\"name\":\"C\u00e1mara EXCAM XF P3807\"}]},{\"@type\":\"WebSite\",\"@id\":\"https:\/\/tecplan.com.es\/#website\",\"url\":\"https:\/\/tecplan.com.es\/\",\"name\":\"Tecplan\",\"description\":\"\",\"potentialAction\":[{\"@type\":\"SearchAction\",\"target\":{\"@type\":\"EntryPoint\",\"urlTemplate\":\"https:\/\/tecplan.com.es\/?s={search_term_string}\"},\"query-input\":{\"@type\":\"PropertyValueSpecification\",\"valueRequired\":true,\"valueName\":\"search_term_string\"}}],\"inLanguage\":\"en-US\"}]}<\/script>\n<!-- \/ Yoast SEO plugin. -->","yoast_head_json":{"title":"C\u00e1mara EXCAM XF P3807 - Tecplan","robots":{"index":"index","follow":"follow","max-snippet":"max-snippet:-1","max-image-preview":"max-image-preview:large","max-video-preview":"max-video-preview:-1"},"canonical":"https:\/\/tecplan.com.es\/en\/product\/camara-excam-xf-p3807\/","og_locale":"en_US","og_type":"article","og_title":"C\u00e1mara EXCAM XF P3807 - Tecplan","og_description":"C\u00e1mara panor\u00e1mica con protecci\u00f3n contra explosiones, multisensor y certificaci\u00f3n de zona    Certificaci\u00f3n ATEX, IECEx, INMETRO Zona 1\/21  Vista panor\u00e1mica continua de 180\u00b0  C\u00e1mara multisensor 180\u00b0, 8 MP  Instalaci\u00f3n rentable con PoE  WDR forense y Lightfinder","og_url":"https:\/\/tecplan.com.es\/en\/product\/camara-excam-xf-p3807\/","og_site_name":"Tecplan","article_modified_time":"2025-11-03T22:50:08+00:00","og_image":[{"width":500,"height":500,"url":"https:\/\/tecplan.com.es\/wp-content\/uploads\/2025\/10\/excam_xf_p3807.webp","type":"image\/webp"}],"twitter_card":"summary_large_image","twitter_misc":{"Est. reading time":"2 minutes"},"schema":{"@context":"https:\/\/schema.org","@graph":[{"@type":"WebPage","@id":"https:\/\/tecplan.com.es\/product\/camara-excam-xf-p3807\/","url":"https:\/\/tecplan.com.es\/product\/camara-excam-xf-p3807\/","name":"C\u00e1mara EXCAM XF P3807 - Tecplan","isPartOf":{"@id":"https:\/\/tecplan.com.es\/#website"},"primaryImageOfPage":{"@id":"https:\/\/tecplan.com.es\/product\/camara-excam-xf-p3807\/#primaryimage"},"image":{"@id":"https:\/\/tecplan.com.es\/product\/camara-excam-xf-p3807\/#primaryimage"},"thumbnailUrl":"https:\/\/tecplan.com.es\/wp-content\/uploads\/2025\/10\/excam_xf_p3807.webp","datePublished":"2025-10-21T23:01:52+00:00","dateModified":"2025-11-03T22:50:08+00:00","breadcrumb":{"@id":"https:\/\/tecplan.com.es\/product\/camara-excam-xf-p3807\/#breadcrumb"},"inLanguage":"en-US","potentialAction":[{"@type":"ReadAction","target":["https:\/\/tecplan.com.es\/product\/camara-excam-xf-p3807\/"]}]},{"@type":"ImageObject","inLanguage":"en-US","@id":"https:\/\/tecplan.com.es\/product\/camara-excam-xf-p3807\/#primaryimage","url":"https:\/\/tecplan.com.es\/wp-content\/uploads\/2025\/10\/excam_xf_p3807.webp","contentUrl":"https:\/\/tecplan.com.es\/wp-content\/uploads\/2025\/10\/excam_xf_p3807.webp","width":500,"height":500},{"@type":"BreadcrumbList","@id":"https:\/\/tecplan.com.es\/product\/camara-excam-xf-p3807\/#breadcrumb","itemListElement":[{"@type":"ListItem","position":1,"name":"Home","item":"https:\/\/tecplan.com.es\/"},{"@type":"ListItem","position":2,"name":"Shop","item":"https:\/\/tecplan.com.es\/shop\/"},{"@type":"ListItem","position":3,"name":"C\u00e1mara EXCAM XF P3807"}]},{"@type":"WebSite","@id":"https:\/\/tecplan.com.es\/#website","url":"https:\/\/tecplan.com.es\/","name":"Tecplan","description":"","potentialAction":[{"@type":"SearchAction","target":{"@type":"EntryPoint","urlTemplate":"https:\/\/tecplan.com.es\/?s={search_term_string}"},"query-input":{"@type":"PropertyValueSpecification","valueRequired":true,"valueName":"search_term_string"}}],"inLanguage":"en-US"}]}},"_links":{"self":[{"href":"https:\/\/tecplan.com.es\/en\/wp-json\/wp\/v2\/product\/4136","targetHints":{"allow":["GET"]}}],"collection":[{"href":"https:\/\/tecplan.com.es\/en\/wp-json\/wp\/v2\/product"}],"about":[{"href":"https:\/\/tecplan.com.es\/en\/wp-json\/wp\/v2\/types\/product"}],"replies":[{"embeddable":true,"href":"https:\/\/tecplan.com.es\/en\/wp-json\/wp\/v2\/comments?post=4136"}],"version-history":[{"count":3,"href":"https:\/\/tecplan.com.es\/en\/wp-json\/wp\/v2\/product\/4136\/revisions"}],"predecessor-version":[{"id":4422,"href":"https:\/\/tecplan.com.es\/en\/wp-json\/wp\/v2\/product\/4136\/revisions\/4422"}],"wp:featuredmedia":[{"embeddable":true,"href":"https:\/\/tecplan.com.es\/en\/wp-json\/wp\/v2\/media\/4111"}],"wp:attachment":[{"href":"https:\/\/tecplan.com.es\/en\/wp-json\/wp\/v2\/media?parent=4136"}],"wp:term":[{"taxonomy":"product_brand","embeddable":true,"href":"https:\/\/tecplan.com.es\/en\/wp-json\/wp\/v2\/product_brand?post=4136"},{"taxonomy":"product_cat","embeddable":true,"href":"https:\/\/tecplan.com.es\/en\/wp-json\/wp\/v2\/product_cat?post=4136"},{"taxonomy":"product_tag","embeddable":true,"href":"https:\/\/tecplan.com.es\/en\/wp-json\/wp\/v2\/product_tag?post=4136"}],"curies":[{"name":"wp","href":"https:\/\/api.w.org\/{rel}","templated":true}]}}