{"id":4135,"date":"2025-10-21T23:01:52","date_gmt":"2025-10-21T23:01:52","guid":{"rendered":"https:\/\/tecplan.com.es\/product\/camara-axis-m5000\/"},"modified":"2025-11-03T22:44:22","modified_gmt":"2025-11-03T22:44:22","slug":"camara-axis-m5000","status":"publish","type":"product","link":"https:\/\/tecplan.com.es\/en\/product\/camara-axis-m5000\/","title":{"rendered":"C\u00e1mara  AXIS M5000"},"content":{"rendered":"<p style=\"text-align: justify;\"><strong>C\u00e1mara AXIS M5000 PTZ para interiores de 15 MP con zoom \u00f3ptico de 10x<\/strong><\/p>\n<p style=\"text-align: justify;\"><strong>Conocimiento total de la situaci\u00f3n<\/strong><br \/>\nDesde bancos hasta establecimientos comerciales, la c\u00e1mara M5000 PTZ es ideal para una gran variedad de aplicaciones de interior. Esta c\u00e1mara para interiores de 15 MP cuenta con tres sensores de 5 MP y una c\u00e1mara PTZ con zoom \u00f3ptico de 10x, que le permite disfrutar de las ventajas de cuatro c\u00e1maras, pero instalando solo una.<\/p>\n<p style=\"text-align: justify;\"><strong>Gran calidad de imagen<\/strong><br \/>\nCon tres sensores de 5 MP con una resoluci\u00f3n total de 15 MP, esta rentable c\u00e1mara para interiores ofrece una gran calidad de imagen. Ofrece funcionamiento diurno y nocturno con un filtro bloqueador IR que se desactiva autom\u00e1ticamente. Y, con la funci\u00f3n de enfoque autom\u00e1tico, puede acercarse r\u00e1pidamente a las \u00e1reas de inter\u00e9s. Gracias a la m\u00e1scara de privacidad poligonal, es posible pixelar \u00e1reas enteras en las que se debe mantener la privacidad, como propiedades vecinas. Adem\u00e1s, la funci\u00f3n de clic en la imagen le permite definir la posici\u00f3n central de la c\u00e1mara seleccionada haciendo clic directamente en la imagen. Adem\u00e1s, Zipstream con compatibilidad para H.264 y H.265, reduce significativamente los requisitos de ancho de banda y almacenamiento.<\/p>\n<p style=\"text-align: justify;\"><strong>Rentable y f\u00e1cil de instalar<\/strong><br \/>\nCon la AXIS M5000, disfrute de las ventajas de cuatro c\u00e1maras, pero instale solo una. Por lo tanto, solo tiene que instalar una c\u00e1mara, pasar un cable, una direcci\u00f3n IP e instalar la licencia de un software de administraci\u00f3n de v\u00eddeo (VMS). Gracias al almacenamiento local, puede grabar directamente en una tarjeta de memoria integrada, lo que facilita su instalaci\u00f3n y mantenimiento. Dise\u00f1ada para integrarse a la perfecci\u00f3n en cualquier entorno, tambi\u00e9n est\u00e1 disponible una c\u00fapula negra como accesorio. Adem\u00e1s, Axis Edge Vault protege su ID de dispositivo de Axis y simplifica la autorizaci\u00f3n de los dispositivos de Axis en su red<\/p>\n<ul>\n<li style=\"text-align: justify;\">C\u00e1mara para interiores de 15 MP con zoom \u00f3ptico de 10x<\/li>\n<li style=\"text-align: justify;\">3 sensores de 5 MP para mayor conocimiento de la situaci\u00f3n<\/li>\n<li style=\"text-align: justify;\">Vista general total con detalles ampliados<\/li>\n<li style=\"text-align: justify;\">Abarca \u00e1reas en interiores de hasta 400 m2 (4300 ft2)<\/li>\n<li style=\"text-align: justify;\">Zoom \u00f3ptico de 10x con HDTV 1080p<\/li>\n<li style=\"text-align: justify;\">Enfoque autom\u00e1tico y funcionalidad D\/N<\/li>\n<\/ul>\n<div class=\"ast-oembed-container\" style=\"height: 100%;\"><iframe title=\"C\u00e1mara AXIS M5000 PTZ \u2013 C\u00e1mara de visi\u00f3n situacional con PTZ integrado\" width=\"500\" height=\"281\" src=\"https:\/\/www.youtube.com\/embed\/J8QA_QgSXAA?feature=oembed\" frameborder=\"0\" allow=\"accelerometer; autoplay; clipboard-write; encrypted-media; gyroscope; picture-in-picture; web-share\" referrerpolicy=\"strict-origin-when-cross-origin\" allowfullscreen><\/iframe><\/div>\n<h5><\/h5>\n<h5 style=\"text-align: justify;\"><span style=\"text-decoration: underline;\"><strong>DOWNLOADS<\/strong><\/span><\/h5>\n<ul style=\"text-align: justify;\">\n<li><a href=\"https:\/\/drive.google.com\/file\/d\/1vHQKnlXsvsOox_Ze_TczY9zAAGBypEcq\/view?usp=sharing\">\u2192 Technical specifications<\/a><\/li>\n<\/ul>","protected":false},"excerpt":{"rendered":"<p style=\"text-align: justify;\"><strong>C\u00e1mara para interiores de 15 MP con zoom \u00f3ptico de 10x<\/strong><\/p>\n<p><img decoding=\"async\" class=\"wp-image-3987 aligncenter\" src=\"https:\/\/tecplan.com.es\/wp-content\/uploads\/2025\/10\/Axis_744e92e672d8787f19475450de24f761.png\" alt=\"\" width=\"162\" height=\"69\" \/><\/p>\n<p>&nbsp;<\/p>","protected":false},"featured_media":4109,"comment_status":"open","ping_status":"closed","template":"","meta":{"site-sidebar-layout":"default","site-content-layout":"","ast-site-content-layout":"default","site-content-style":"default","site-sidebar-style":"default","ast-global-header-display":"","ast-banner-title-visibility":"","ast-main-header-display":"","ast-hfb-above-header-display":"","ast-hfb-below-header-display":"","ast-hfb-mobile-header-display":"","site-post-title":"","ast-breadcrumbs-content":"","ast-featured-img":"","footer-sml-layout":"","ast-disable-related-posts":"","theme-transparent-header-meta":"default","adv-header-id-meta":"","stick-header-meta":"","header-above-stick-meta":"","header-main-stick-meta":"","header-below-stick-meta":"","astra-migrate-meta-layouts":"set","ast-page-background-enabled":"default","ast-page-background-meta":{"desktop":{"background-color":"var(--ast-global-color-5)","background-image":"","background-repeat":"repeat","background-position":"center center","background-size":"auto","background-attachment":"scroll","background-type":"","background-media":"","overlay-type":"","overlay-color":"","overlay-opacity":"","overlay-gradient":""},"tablet":{"background-color":"","background-image":"","background-repeat":"repeat","background-position":"center center","background-size":"auto","background-attachment":"scroll","background-type":"","background-media":"","overlay-type":"","overlay-color":"","overlay-opacity":"","overlay-gradient":""},"mobile":{"background-color":"","background-image":"","background-repeat":"repeat","background-position":"center center","background-size":"auto","background-attachment":"scroll","background-type":"","background-media":"","overlay-type":"","overlay-color":"","overlay-opacity":"","overlay-gradient":""}},"ast-content-background-meta":{"desktop":{"background-color":"var(--ast-global-color-4)","background-image":"","background-repeat":"repeat","background-position":"center center","background-size":"auto","background-attachment":"scroll","background-type":"","background-media":"","overlay-type":"","overlay-color":"","overlay-opacity":"","overlay-gradient":""},"tablet":{"background-color":"var(--ast-global-color-4)","background-image":"","background-repeat":"repeat","background-position":"center center","background-size":"auto","background-attachment":"scroll","background-type":"","background-media":"","overlay-type":"","overlay-color":"","overlay-opacity":"","overlay-gradient":""},"mobile":{"background-color":"var(--ast-global-color-4)","background-image":"","background-repeat":"repeat","background-position":"center center","background-size":"auto","background-attachment":"scroll","background-type":"","background-media":"","overlay-type":"","overlay-color":"","overlay-opacity":"","overlay-gradient":""}}},"product_brand":[302],"product_cat":[181,195,178],"product_tag":[303],"class_list":{"0":"post-4135","1":"product","2":"type-product","3":"status-publish","4":"has-post-thumbnail","6":"product_brand-axis","7":"product_cat-cam-domo","8":"product_cat-seguridad","9":"product_cat-vigilancia-gps","10":"product_tag-axis","11":"desktop-align-left","12":"tablet-align-left","13":"mobile-align-left","15":"first","16":"instock","17":"shipping-taxable","18":"product-type-simple"},"yoast_head":"<!-- This site is optimized with the Yoast SEO plugin v25.3 - https:\/\/yoast.com\/wordpress\/plugins\/seo\/ -->\n<title>C\u00e1mara AXIS M5000 - Tecplan<\/title>\n<meta name=\"robots\" content=\"index, follow, max-snippet:-1, max-image-preview:large, max-video-preview:-1\" \/>\n<link rel=\"canonical\" href=\"https:\/\/tecplan.com.es\/en\/product\/camara-axis-m5000\/\" \/>\n<meta property=\"og:locale\" content=\"en_US\" \/>\n<meta property=\"og:type\" content=\"article\" \/>\n<meta property=\"og:title\" content=\"C\u00e1mara AXIS M5000 - Tecplan\" \/>\n<meta property=\"og:description\" content=\"C\u00e1mara para interiores de 15 MP con zoom \u00f3ptico de 10x   &nbsp;\" \/>\n<meta property=\"og:url\" content=\"https:\/\/tecplan.com.es\/en\/product\/camara-axis-m5000\/\" \/>\n<meta property=\"og:site_name\" content=\"Tecplan\" \/>\n<meta property=\"article:modified_time\" content=\"2025-11-03T22:44:22+00:00\" \/>\n<meta property=\"og:image\" content=\"https:\/\/tecplan.com.es\/wp-content\/uploads\/2025\/10\/m5000g_-2.webp\" \/>\n\t<meta property=\"og:image:width\" content=\"500\" \/>\n\t<meta property=\"og:image:height\" content=\"500\" \/>\n\t<meta property=\"og:image:type\" content=\"image\/webp\" \/>\n<meta name=\"twitter:card\" content=\"summary_large_image\" \/>\n<meta name=\"twitter:label1\" content=\"Est. reading time\" \/>\n\t<meta name=\"twitter:data1\" content=\"2 minutes\" \/>\n<script type=\"application\/ld+json\" class=\"yoast-schema-graph\">{\"@context\":\"https:\/\/schema.org\",\"@graph\":[{\"@type\":\"WebPage\",\"@id\":\"https:\/\/tecplan.com.es\/product\/camara-axis-m5000\/\",\"url\":\"https:\/\/tecplan.com.es\/product\/camara-axis-m5000\/\",\"name\":\"C\u00e1mara AXIS M5000 - Tecplan\",\"isPartOf\":{\"@id\":\"https:\/\/tecplan.com.es\/#website\"},\"primaryImageOfPage\":{\"@id\":\"https:\/\/tecplan.com.es\/product\/camara-axis-m5000\/#primaryimage\"},\"image\":{\"@id\":\"https:\/\/tecplan.com.es\/product\/camara-axis-m5000\/#primaryimage\"},\"thumbnailUrl\":\"https:\/\/tecplan.com.es\/wp-content\/uploads\/2025\/10\/m5000g_-2.webp\",\"datePublished\":\"2025-10-21T23:01:52+00:00\",\"dateModified\":\"2025-11-03T22:44:22+00:00\",\"breadcrumb\":{\"@id\":\"https:\/\/tecplan.com.es\/product\/camara-axis-m5000\/#breadcrumb\"},\"inLanguage\":\"en-US\",\"potentialAction\":[{\"@type\":\"ReadAction\",\"target\":[\"https:\/\/tecplan.com.es\/product\/camara-axis-m5000\/\"]}]},{\"@type\":\"ImageObject\",\"inLanguage\":\"en-US\",\"@id\":\"https:\/\/tecplan.com.es\/product\/camara-axis-m5000\/#primaryimage\",\"url\":\"https:\/\/tecplan.com.es\/wp-content\/uploads\/2025\/10\/m5000g_-2.webp\",\"contentUrl\":\"https:\/\/tecplan.com.es\/wp-content\/uploads\/2025\/10\/m5000g_-2.webp\",\"width\":500,\"height\":500},{\"@type\":\"BreadcrumbList\",\"@id\":\"https:\/\/tecplan.com.es\/product\/camara-axis-m5000\/#breadcrumb\",\"itemListElement\":[{\"@type\":\"ListItem\",\"position\":1,\"name\":\"Home\",\"item\":\"https:\/\/tecplan.com.es\/\"},{\"@type\":\"ListItem\",\"position\":2,\"name\":\"Shop\",\"item\":\"https:\/\/tecplan.com.es\/shop\/\"},{\"@type\":\"ListItem\",\"position\":3,\"name\":\"C\u00e1mara AXIS M5000\"}]},{\"@type\":\"WebSite\",\"@id\":\"https:\/\/tecplan.com.es\/#website\",\"url\":\"https:\/\/tecplan.com.es\/\",\"name\":\"Tecplan\",\"description\":\"\",\"potentialAction\":[{\"@type\":\"SearchAction\",\"target\":{\"@type\":\"EntryPoint\",\"urlTemplate\":\"https:\/\/tecplan.com.es\/?s={search_term_string}\"},\"query-input\":{\"@type\":\"PropertyValueSpecification\",\"valueRequired\":true,\"valueName\":\"search_term_string\"}}],\"inLanguage\":\"en-US\"}]}<\/script>\n<!-- \/ Yoast SEO plugin. -->","yoast_head_json":{"title":"C\u00e1mara AXIS M5000 - Tecplan","robots":{"index":"index","follow":"follow","max-snippet":"max-snippet:-1","max-image-preview":"max-image-preview:large","max-video-preview":"max-video-preview:-1"},"canonical":"https:\/\/tecplan.com.es\/en\/product\/camara-axis-m5000\/","og_locale":"en_US","og_type":"article","og_title":"C\u00e1mara AXIS M5000 - Tecplan","og_description":"C\u00e1mara para interiores de 15 MP con zoom \u00f3ptico de 10x   &nbsp;","og_url":"https:\/\/tecplan.com.es\/en\/product\/camara-axis-m5000\/","og_site_name":"Tecplan","article_modified_time":"2025-11-03T22:44:22+00:00","og_image":[{"width":500,"height":500,"url":"https:\/\/tecplan.com.es\/wp-content\/uploads\/2025\/10\/m5000g_-2.webp","type":"image\/webp"}],"twitter_card":"summary_large_image","twitter_misc":{"Est. reading time":"2 minutes"},"schema":{"@context":"https:\/\/schema.org","@graph":[{"@type":"WebPage","@id":"https:\/\/tecplan.com.es\/product\/camara-axis-m5000\/","url":"https:\/\/tecplan.com.es\/product\/camara-axis-m5000\/","name":"C\u00e1mara AXIS M5000 - Tecplan","isPartOf":{"@id":"https:\/\/tecplan.com.es\/#website"},"primaryImageOfPage":{"@id":"https:\/\/tecplan.com.es\/product\/camara-axis-m5000\/#primaryimage"},"image":{"@id":"https:\/\/tecplan.com.es\/product\/camara-axis-m5000\/#primaryimage"},"thumbnailUrl":"https:\/\/tecplan.com.es\/wp-content\/uploads\/2025\/10\/m5000g_-2.webp","datePublished":"2025-10-21T23:01:52+00:00","dateModified":"2025-11-03T22:44:22+00:00","breadcrumb":{"@id":"https:\/\/tecplan.com.es\/product\/camara-axis-m5000\/#breadcrumb"},"inLanguage":"en-US","potentialAction":[{"@type":"ReadAction","target":["https:\/\/tecplan.com.es\/product\/camara-axis-m5000\/"]}]},{"@type":"ImageObject","inLanguage":"en-US","@id":"https:\/\/tecplan.com.es\/product\/camara-axis-m5000\/#primaryimage","url":"https:\/\/tecplan.com.es\/wp-content\/uploads\/2025\/10\/m5000g_-2.webp","contentUrl":"https:\/\/tecplan.com.es\/wp-content\/uploads\/2025\/10\/m5000g_-2.webp","width":500,"height":500},{"@type":"BreadcrumbList","@id":"https:\/\/tecplan.com.es\/product\/camara-axis-m5000\/#breadcrumb","itemListElement":[{"@type":"ListItem","position":1,"name":"Home","item":"https:\/\/tecplan.com.es\/"},{"@type":"ListItem","position":2,"name":"Shop","item":"https:\/\/tecplan.com.es\/shop\/"},{"@type":"ListItem","position":3,"name":"C\u00e1mara AXIS M5000"}]},{"@type":"WebSite","@id":"https:\/\/tecplan.com.es\/#website","url":"https:\/\/tecplan.com.es\/","name":"Tecplan","description":"","potentialAction":[{"@type":"SearchAction","target":{"@type":"EntryPoint","urlTemplate":"https:\/\/tecplan.com.es\/?s={search_term_string}"},"query-input":{"@type":"PropertyValueSpecification","valueRequired":true,"valueName":"search_term_string"}}],"inLanguage":"en-US"}]}},"_links":{"self":[{"href":"https:\/\/tecplan.com.es\/en\/wp-json\/wp\/v2\/product\/4135","targetHints":{"allow":["GET"]}}],"collection":[{"href":"https:\/\/tecplan.com.es\/en\/wp-json\/wp\/v2\/product"}],"about":[{"href":"https:\/\/tecplan.com.es\/en\/wp-json\/wp\/v2\/types\/product"}],"replies":[{"embeddable":true,"href":"https:\/\/tecplan.com.es\/en\/wp-json\/wp\/v2\/comments?post=4135"}],"version-history":[{"count":2,"href":"https:\/\/tecplan.com.es\/en\/wp-json\/wp\/v2\/product\/4135\/revisions"}],"predecessor-version":[{"id":4420,"href":"https:\/\/tecplan.com.es\/en\/wp-json\/wp\/v2\/product\/4135\/revisions\/4420"}],"wp:featuredmedia":[{"embeddable":true,"href":"https:\/\/tecplan.com.es\/en\/wp-json\/wp\/v2\/media\/4109"}],"wp:attachment":[{"href":"https:\/\/tecplan.com.es\/en\/wp-json\/wp\/v2\/media?parent=4135"}],"wp:term":[{"taxonomy":"product_brand","embeddable":true,"href":"https:\/\/tecplan.com.es\/en\/wp-json\/wp\/v2\/product_brand?post=4135"},{"taxonomy":"product_cat","embeddable":true,"href":"https:\/\/tecplan.com.es\/en\/wp-json\/wp\/v2\/product_cat?post=4135"},{"taxonomy":"product_tag","embeddable":true,"href":"https:\/\/tecplan.com.es\/en\/wp-json\/wp\/v2\/product_tag?post=4135"}],"curies":[{"name":"wp","href":"https:\/\/api.w.org\/{rel}","templated":true}]}}