{"id":4134,"date":"2025-10-21T23:01:52","date_gmt":"2025-10-21T23:01:52","guid":{"rendered":"https:\/\/tecplan.com.es\/product\/camara-axis-q6074\/"},"modified":"2025-11-03T22:17:00","modified_gmt":"2025-11-03T22:17:00","slug":"camara-axis-q6074","status":"publish","type":"product","link":"https:\/\/tecplan.com.es\/en\/product\/camara-axis-q6074\/","title":{"rendered":"C\u00e1mara AXIS Q6074"},"content":{"rendered":"<p style=\"text-align: justify;\"><strong>AXIS Q6074 PTZ C\u00e1mara de red PTZ interior con HDTV 720p y zoom \u00f3ptico de 30x<\/strong><\/p>\n<p style=\"text-align: justify;\">La AXIS Q6074 es una resistente c\u00e1mara PTZ de alto rendimiento que ofrece una sensibilidad a la luz superior para obtener vistas generales claras y n\u00edtidas y excelentes detalles en condiciones de luz exigentes. Es ideal para la vigilancia esencial en \u00e1reas amplias, al aire libre y en interiores, como aeropuertos, terminales de ferrocarril y centros comerciales. Al incluir la nueva generaci\u00f3n del chip de Axis, presenta funciones de seguridad mejoradas, como firmware firmado y arranque seguro.<\/p>\n<p style=\"text-align: justify;\">Detalles superiores bajo cualquier iluminaci\u00f3n<br \/>\nLa AXIS Q6074 ofrece zoom \u00f3ptico de 30x, v\u00eddeo superior y excelentes detalles en resoluci\u00f3n HDTV 720p. Incluye Lightfinder 2.0, que captura im\u00e1genes bajo condiciones de poca luz con colores m\u00e1s saturados e im\u00e1genes m\u00e1s n\u00edtidas de objetos en movimiento. Y la funci\u00f3n Zipstream, compatible con H.264 y H.265, permite conservar todos los detalles forenses importantes que necesita al tiempo que reduce significativamente los requisitos de ancho de banda y almacenamiento.<\/p>\n<h5 style=\"text-align: justify;\"><span style=\"text-decoration: underline;\"><strong>DOWNLOADS<\/strong><\/span><\/h5>\n<ul style=\"text-align: justify;\">\n<li><a href=\"https:\/\/drive.google.com\/file\/d\/11M41A3vJ7THBpyJ2MPeRBur2ZRT59xVX\/view?usp=sharing\">\u2192 Technical specifications<\/a><\/li>\n<\/ul>","protected":false},"excerpt":{"rendered":"<p><strong>PTZ C\u00e1mara de red PTZ interior con HDTV 720p y zoom \u00f3ptico de 30x<\/strong><\/p>\n<p>\u2022 HDTV 720p con zoom \u00f3ptico de 30x<br \/>\n\u2022 Lightfinder Axis 2.0 Autotracking 2 y ayuda de orientaci\u00f3n<br \/>\n\u2022 An\u00e1lisis incorporado<br \/>\n\u2022 TPM, FIPS 140-2 nivel 2 certificado<br \/>\n\u2022 Tama\u00f1o del sensor de imagen 1\/2,8&#8243;<br \/>\n\u2022 Compresi\u00f3n de video H.265 Smart Codec.<br \/>\n\u2022 Resoluci\u00f3n m\u00e1xima de video<br \/>\n\u2022 Longitud focal 4,25-127,5 mm 1280&#215;720<\/p>\n<p><img decoding=\"async\" class=\"wp-image-3987 aligncenter\" src=\"https:\/\/tecplan.com.es\/wp-content\/uploads\/2025\/10\/Axis_744e92e672d8787f19475450de24f761.png\" alt=\"\" width=\"147\" height=\"66\" srcset=\"https:\/\/tecplan.com.es\/wp-content\/uploads\/2025\/10\/Axis_744e92e672d8787f19475450de24f761.png 280w, https:\/\/tecplan.com.es\/wp-content\/uploads\/2025\/10\/Axis_744e92e672d8787f19475450de24f761-18x8.png 18w\" sizes=\"(max-width: 147px) 100vw, 147px\" \/><\/p>","protected":false},"featured_media":4108,"comment_status":"open","ping_status":"closed","template":"","meta":{"site-sidebar-layout":"default","site-content-layout":"","ast-site-content-layout":"default","site-content-style":"default","site-sidebar-style":"default","ast-global-header-display":"","ast-banner-title-visibility":"","ast-main-header-display":"","ast-hfb-above-header-display":"","ast-hfb-below-header-display":"","ast-hfb-mobile-header-display":"","site-post-title":"","ast-breadcrumbs-content":"","ast-featured-img":"","footer-sml-layout":"","ast-disable-related-posts":"","theme-transparent-header-meta":"default","adv-header-id-meta":"","stick-header-meta":"","header-above-stick-meta":"","header-main-stick-meta":"","header-below-stick-meta":"","astra-migrate-meta-layouts":"set","ast-page-background-enabled":"default","ast-page-background-meta":{"desktop":{"background-color":"var(--ast-global-color-5)","background-image":"","background-repeat":"repeat","background-position":"center center","background-size":"auto","background-attachment":"scroll","background-type":"","background-media":"","overlay-type":"","overlay-color":"","overlay-opacity":"","overlay-gradient":""},"tablet":{"background-color":"","background-image":"","background-repeat":"repeat","background-position":"center center","background-size":"auto","background-attachment":"scroll","background-type":"","background-media":"","overlay-type":"","overlay-color":"","overlay-opacity":"","overlay-gradient":""},"mobile":{"background-color":"","background-image":"","background-repeat":"repeat","background-position":"center center","background-size":"auto","background-attachment":"scroll","background-type":"","background-media":"","overlay-type":"","overlay-color":"","overlay-opacity":"","overlay-gradient":""}},"ast-content-background-meta":{"desktop":{"background-color":"var(--ast-global-color-4)","background-image":"","background-repeat":"repeat","background-position":"center center","background-size":"auto","background-attachment":"scroll","background-type":"","background-media":"","overlay-type":"","overlay-color":"","overlay-opacity":"","overlay-gradient":""},"tablet":{"background-color":"var(--ast-global-color-4)","background-image":"","background-repeat":"repeat","background-position":"center center","background-size":"auto","background-attachment":"scroll","background-type":"","background-media":"","overlay-type":"","overlay-color":"","overlay-opacity":"","overlay-gradient":""},"mobile":{"background-color":"var(--ast-global-color-4)","background-image":"","background-repeat":"repeat","background-position":"center center","background-size":"auto","background-attachment":"scroll","background-type":"","background-media":"","overlay-type":"","overlay-color":"","overlay-opacity":"","overlay-gradient":""}}},"product_brand":[302],"product_cat":[181,195,178],"product_tag":[303],"class_list":{"0":"post-4134","1":"product","2":"type-product","3":"status-publish","4":"has-post-thumbnail","6":"product_brand-axis","7":"product_cat-cam-domo","8":"product_cat-seguridad","9":"product_cat-vigilancia-gps","10":"product_tag-axis","11":"desktop-align-left","12":"tablet-align-left","13":"mobile-align-left","15":"first","16":"instock","17":"shipping-taxable","18":"product-type-simple"},"yoast_head":"<!-- This site is optimized with the Yoast SEO plugin v25.3 - https:\/\/yoast.com\/wordpress\/plugins\/seo\/ -->\n<title>C\u00e1mara AXIS Q6074 - Tecplan<\/title>\n<meta name=\"robots\" content=\"index, follow, max-snippet:-1, max-image-preview:large, max-video-preview:-1\" \/>\n<link rel=\"canonical\" href=\"https:\/\/tecplan.com.es\/en\/product\/camara-axis-q6074\/\" \/>\n<meta property=\"og:locale\" content=\"en_US\" \/>\n<meta property=\"og:type\" content=\"article\" \/>\n<meta property=\"og:title\" content=\"C\u00e1mara AXIS Q6074 - Tecplan\" \/>\n<meta property=\"og:description\" content=\"PTZ C\u00e1mara de red PTZ interior con HDTV 720p y zoom \u00f3ptico de 30x  \u2022 HDTV 720p con zoom \u00f3ptico de 30x \u2022 Lightfinder Axis 2.0 Autotracking 2 y ayuda de orientaci\u00f3n \u2022 An\u00e1lisis incorporado \u2022 TPM, FIPS 140-2 nivel 2 certificado \u2022 Tama\u00f1o del sensor de imagen 1\/2,8&quot; \u2022 Compresi\u00f3n de video H.265 Smart Codec. \u2022 Resoluci\u00f3n m\u00e1xima de video \u2022 Longitud focal 4,25-127,5 mm 1280x720\" \/>\n<meta property=\"og:url\" content=\"https:\/\/tecplan.com.es\/en\/product\/camara-axis-q6074\/\" \/>\n<meta property=\"og:site_name\" content=\"Tecplan\" \/>\n<meta property=\"article:modified_time\" content=\"2025-11-03T22:17:00+00:00\" \/>\n<meta property=\"og:image\" content=\"https:\/\/tecplan.com.es\/wp-content\/uploads\/2025\/10\/AXIS-Q6074-1.webp\" \/>\n\t<meta property=\"og:image:width\" content=\"500\" \/>\n\t<meta property=\"og:image:height\" content=\"500\" \/>\n\t<meta property=\"og:image:type\" content=\"image\/webp\" \/>\n<meta name=\"twitter:card\" content=\"summary_large_image\" \/>\n<meta name=\"twitter:label1\" content=\"Est. reading time\" \/>\n\t<meta name=\"twitter:data1\" content=\"1 minute\" \/>\n<script type=\"application\/ld+json\" class=\"yoast-schema-graph\">{\"@context\":\"https:\/\/schema.org\",\"@graph\":[{\"@type\":\"WebPage\",\"@id\":\"https:\/\/tecplan.com.es\/product\/camara-axis-q6074\/\",\"url\":\"https:\/\/tecplan.com.es\/product\/camara-axis-q6074\/\",\"name\":\"C\u00e1mara AXIS Q6074 - Tecplan\",\"isPartOf\":{\"@id\":\"https:\/\/tecplan.com.es\/#website\"},\"primaryImageOfPage\":{\"@id\":\"https:\/\/tecplan.com.es\/product\/camara-axis-q6074\/#primaryimage\"},\"image\":{\"@id\":\"https:\/\/tecplan.com.es\/product\/camara-axis-q6074\/#primaryimage\"},\"thumbnailUrl\":\"https:\/\/tecplan.com.es\/wp-content\/uploads\/2025\/10\/AXIS-Q6074-1.webp\",\"datePublished\":\"2025-10-21T23:01:52+00:00\",\"dateModified\":\"2025-11-03T22:17:00+00:00\",\"breadcrumb\":{\"@id\":\"https:\/\/tecplan.com.es\/product\/camara-axis-q6074\/#breadcrumb\"},\"inLanguage\":\"en-US\",\"potentialAction\":[{\"@type\":\"ReadAction\",\"target\":[\"https:\/\/tecplan.com.es\/product\/camara-axis-q6074\/\"]}]},{\"@type\":\"ImageObject\",\"inLanguage\":\"en-US\",\"@id\":\"https:\/\/tecplan.com.es\/product\/camara-axis-q6074\/#primaryimage\",\"url\":\"https:\/\/tecplan.com.es\/wp-content\/uploads\/2025\/10\/AXIS-Q6074-1.webp\",\"contentUrl\":\"https:\/\/tecplan.com.es\/wp-content\/uploads\/2025\/10\/AXIS-Q6074-1.webp\",\"width\":500,\"height\":500},{\"@type\":\"BreadcrumbList\",\"@id\":\"https:\/\/tecplan.com.es\/product\/camara-axis-q6074\/#breadcrumb\",\"itemListElement\":[{\"@type\":\"ListItem\",\"position\":1,\"name\":\"Home\",\"item\":\"https:\/\/tecplan.com.es\/\"},{\"@type\":\"ListItem\",\"position\":2,\"name\":\"Shop\",\"item\":\"https:\/\/tecplan.com.es\/shop\/\"},{\"@type\":\"ListItem\",\"position\":3,\"name\":\"C\u00e1mara AXIS Q6074\"}]},{\"@type\":\"WebSite\",\"@id\":\"https:\/\/tecplan.com.es\/#website\",\"url\":\"https:\/\/tecplan.com.es\/\",\"name\":\"Tecplan\",\"description\":\"\",\"potentialAction\":[{\"@type\":\"SearchAction\",\"target\":{\"@type\":\"EntryPoint\",\"urlTemplate\":\"https:\/\/tecplan.com.es\/?s={search_term_string}\"},\"query-input\":{\"@type\":\"PropertyValueSpecification\",\"valueRequired\":true,\"valueName\":\"search_term_string\"}}],\"inLanguage\":\"en-US\"}]}<\/script>\n<!-- \/ Yoast SEO plugin. -->","yoast_head_json":{"title":"C\u00e1mara AXIS Q6074 - Tecplan","robots":{"index":"index","follow":"follow","max-snippet":"max-snippet:-1","max-image-preview":"max-image-preview:large","max-video-preview":"max-video-preview:-1"},"canonical":"https:\/\/tecplan.com.es\/en\/product\/camara-axis-q6074\/","og_locale":"en_US","og_type":"article","og_title":"C\u00e1mara AXIS Q6074 - Tecplan","og_description":"PTZ C\u00e1mara de red PTZ interior con HDTV 720p y zoom \u00f3ptico de 30x  \u2022 HDTV 720p con zoom \u00f3ptico de 30x \u2022 Lightfinder Axis 2.0 Autotracking 2 y ayuda de orientaci\u00f3n \u2022 An\u00e1lisis incorporado \u2022 TPM, FIPS 140-2 nivel 2 certificado \u2022 Tama\u00f1o del sensor de imagen 1\/2,8\" \u2022 Compresi\u00f3n de video H.265 Smart Codec. \u2022 Resoluci\u00f3n m\u00e1xima de video \u2022 Longitud focal 4,25-127,5 mm 1280x720","og_url":"https:\/\/tecplan.com.es\/en\/product\/camara-axis-q6074\/","og_site_name":"Tecplan","article_modified_time":"2025-11-03T22:17:00+00:00","og_image":[{"width":500,"height":500,"url":"https:\/\/tecplan.com.es\/wp-content\/uploads\/2025\/10\/AXIS-Q6074-1.webp","type":"image\/webp"}],"twitter_card":"summary_large_image","twitter_misc":{"Est. reading time":"1 minute"},"schema":{"@context":"https:\/\/schema.org","@graph":[{"@type":"WebPage","@id":"https:\/\/tecplan.com.es\/product\/camara-axis-q6074\/","url":"https:\/\/tecplan.com.es\/product\/camara-axis-q6074\/","name":"C\u00e1mara AXIS Q6074 - Tecplan","isPartOf":{"@id":"https:\/\/tecplan.com.es\/#website"},"primaryImageOfPage":{"@id":"https:\/\/tecplan.com.es\/product\/camara-axis-q6074\/#primaryimage"},"image":{"@id":"https:\/\/tecplan.com.es\/product\/camara-axis-q6074\/#primaryimage"},"thumbnailUrl":"https:\/\/tecplan.com.es\/wp-content\/uploads\/2025\/10\/AXIS-Q6074-1.webp","datePublished":"2025-10-21T23:01:52+00:00","dateModified":"2025-11-03T22:17:00+00:00","breadcrumb":{"@id":"https:\/\/tecplan.com.es\/product\/camara-axis-q6074\/#breadcrumb"},"inLanguage":"en-US","potentialAction":[{"@type":"ReadAction","target":["https:\/\/tecplan.com.es\/product\/camara-axis-q6074\/"]}]},{"@type":"ImageObject","inLanguage":"en-US","@id":"https:\/\/tecplan.com.es\/product\/camara-axis-q6074\/#primaryimage","url":"https:\/\/tecplan.com.es\/wp-content\/uploads\/2025\/10\/AXIS-Q6074-1.webp","contentUrl":"https:\/\/tecplan.com.es\/wp-content\/uploads\/2025\/10\/AXIS-Q6074-1.webp","width":500,"height":500},{"@type":"BreadcrumbList","@id":"https:\/\/tecplan.com.es\/product\/camara-axis-q6074\/#breadcrumb","itemListElement":[{"@type":"ListItem","position":1,"name":"Home","item":"https:\/\/tecplan.com.es\/"},{"@type":"ListItem","position":2,"name":"Shop","item":"https:\/\/tecplan.com.es\/shop\/"},{"@type":"ListItem","position":3,"name":"C\u00e1mara AXIS Q6074"}]},{"@type":"WebSite","@id":"https:\/\/tecplan.com.es\/#website","url":"https:\/\/tecplan.com.es\/","name":"Tecplan","description":"","potentialAction":[{"@type":"SearchAction","target":{"@type":"EntryPoint","urlTemplate":"https:\/\/tecplan.com.es\/?s={search_term_string}"},"query-input":{"@type":"PropertyValueSpecification","valueRequired":true,"valueName":"search_term_string"}}],"inLanguage":"en-US"}]}},"_links":{"self":[{"href":"https:\/\/tecplan.com.es\/en\/wp-json\/wp\/v2\/product\/4134","targetHints":{"allow":["GET"]}}],"collection":[{"href":"https:\/\/tecplan.com.es\/en\/wp-json\/wp\/v2\/product"}],"about":[{"href":"https:\/\/tecplan.com.es\/en\/wp-json\/wp\/v2\/types\/product"}],"replies":[{"embeddable":true,"href":"https:\/\/tecplan.com.es\/en\/wp-json\/wp\/v2\/comments?post=4134"}],"version-history":[{"count":3,"href":"https:\/\/tecplan.com.es\/en\/wp-json\/wp\/v2\/product\/4134\/revisions"}],"predecessor-version":[{"id":4415,"href":"https:\/\/tecplan.com.es\/en\/wp-json\/wp\/v2\/product\/4134\/revisions\/4415"}],"wp:featuredmedia":[{"embeddable":true,"href":"https:\/\/tecplan.com.es\/en\/wp-json\/wp\/v2\/media\/4108"}],"wp:attachment":[{"href":"https:\/\/tecplan.com.es\/en\/wp-json\/wp\/v2\/media?parent=4134"}],"wp:term":[{"taxonomy":"product_brand","embeddable":true,"href":"https:\/\/tecplan.com.es\/en\/wp-json\/wp\/v2\/product_brand?post=4134"},{"taxonomy":"product_cat","embeddable":true,"href":"https:\/\/tecplan.com.es\/en\/wp-json\/wp\/v2\/product_cat?post=4134"},{"taxonomy":"product_tag","embeddable":true,"href":"https:\/\/tecplan.com.es\/en\/wp-json\/wp\/v2\/product_tag?post=4134"}],"curies":[{"name":"wp","href":"https:\/\/api.w.org\/{rel}","templated":true}]}}