{"id":4133,"date":"2025-10-21T23:01:52","date_gmt":"2025-10-21T23:01:52","guid":{"rendered":"https:\/\/tecplan.com.es\/product\/camara-spectra-enhanced\/"},"modified":"2025-11-03T22:37:52","modified_gmt":"2025-11-03T22:37:52","slug":"camara-spectra-enhanced","status":"publish","type":"product","link":"https:\/\/tecplan.com.es\/en\/product\/camara-spectra-enhanced\/","title":{"rendered":"C\u00e1mara SPECTRA ENHANCED"},"content":{"rendered":"<p style=\"text-align: justify;\"><strong>C\u00e1mara SPECTRA ENHANCED 8 SERIES PTZ<\/strong><\/p>\n<p style=\"text-align: justify;\">Aprovecha una PTZ versatilidad de la c\u00e1mara y respuesta a eventos sospechosos m\u00e1s r\u00e1pidamente con informaci\u00f3n automatizada.<\/p>\n<ul>\n<li style=\"text-align: justify;\">Reducir costes con tecnolog\u00eda de accionamiento directo<\/li>\n<li style=\"text-align: justify;\">Vea los incidentes claramente hasta 30x lejos<\/li>\n<li style=\"text-align: justify;\">Clasificar e identificar personas y veh\u00edculos<\/li>\n<li style=\"text-align: justify;\">Siga los objetos mediante seguimiento autom\u00e1tico<\/li>\n<li style=\"text-align: justify;\">Protecci\u00f3n de red con cumplimiento FIPS<\/li>\n<li style=\"text-align: justify;\">Integre con su compatible con ONVIF VMS<\/li>\n<\/ul>\n<h5 style=\"text-align: justify;\"><span style=\"text-decoration: underline;\"><strong>DOWNLOADS<\/strong><\/span><\/h5>\n<ul style=\"text-align: justify;\">\n<li><a href=\"https:\/\/drive.google.com\/file\/d\/1JxoTzdjEG61lUCb6LAdS82aVqh59RRz8\/view?usp=sharing\">\u2192 Technical specifications<\/a><\/li>\n<\/ul>","protected":false},"excerpt":{"rendered":"<p style=\"text-align: justify;\">Aprovecha un PTZ la versatilidad de los Camar\u00f3grafos y responde a eventos sospechosos m\u00e1s r\u00e1pido con informaci\u00f3n<br \/>\nautomatizada.<br \/>\n\u2022 Reduzca los costos con la tecnolog\u00eda de accionamiento directo<br \/>\n\u2022 Ver incidentes claramente hasta 30x lejos<br \/>\n\u2022 Clasifica e identifica personas y veh\u00edculos<br \/>\n\u2022 Seguimiento autom\u00e1tico de objetos<br \/>\n\u2022 Protecci\u00f3n de red con cumplimiento FIPS<br \/>\n\u2022 Integre con su ONVIF-conformant VMS<\/p>\n<p><img decoding=\"async\" class=\"wp-image-3994 aligncenter\" src=\"https:\/\/tecplan.com.es\/wp-content\/uploads\/2025\/10\/pelco_Mesa-de-trabajo-1-300x89.png\" alt=\"\" width=\"221\" height=\"46\" \/><\/p>\n<p>&nbsp;<\/p>","protected":false},"featured_media":4419,"comment_status":"open","ping_status":"closed","template":"","meta":{"site-sidebar-layout":"default","site-content-layout":"","ast-site-content-layout":"default","site-content-style":"default","site-sidebar-style":"default","ast-global-header-display":"","ast-banner-title-visibility":"","ast-main-header-display":"","ast-hfb-above-header-display":"","ast-hfb-below-header-display":"","ast-hfb-mobile-header-display":"","site-post-title":"","ast-breadcrumbs-content":"","ast-featured-img":"","footer-sml-layout":"","ast-disable-related-posts":"","theme-transparent-header-meta":"default","adv-header-id-meta":"","stick-header-meta":"","header-above-stick-meta":"","header-main-stick-meta":"","header-below-stick-meta":"","astra-migrate-meta-layouts":"set","ast-page-background-enabled":"default","ast-page-background-meta":{"desktop":{"background-color":"var(--ast-global-color-5)","background-image":"","background-repeat":"repeat","background-position":"center center","background-size":"auto","background-attachment":"scroll","background-type":"","background-media":"","overlay-type":"","overlay-color":"","overlay-opacity":"","overlay-gradient":""},"tablet":{"background-color":"","background-image":"","background-repeat":"repeat","background-position":"center center","background-size":"auto","background-attachment":"scroll","background-type":"","background-media":"","overlay-type":"","overlay-color":"","overlay-opacity":"","overlay-gradient":""},"mobile":{"background-color":"","background-image":"","background-repeat":"repeat","background-position":"center center","background-size":"auto","background-attachment":"scroll","background-type":"","background-media":"","overlay-type":"","overlay-color":"","overlay-opacity":"","overlay-gradient":""}},"ast-content-background-meta":{"desktop":{"background-color":"var(--ast-global-color-4)","background-image":"","background-repeat":"repeat","background-position":"center center","background-size":"auto","background-attachment":"scroll","background-type":"","background-media":"","overlay-type":"","overlay-color":"","overlay-opacity":"","overlay-gradient":""},"tablet":{"background-color":"var(--ast-global-color-4)","background-image":"","background-repeat":"repeat","background-position":"center center","background-size":"auto","background-attachment":"scroll","background-type":"","background-media":"","overlay-type":"","overlay-color":"","overlay-opacity":"","overlay-gradient":""},"mobile":{"background-color":"var(--ast-global-color-4)","background-image":"","background-repeat":"repeat","background-position":"center center","background-size":"auto","background-attachment":"scroll","background-type":"","background-media":"","overlay-type":"","overlay-color":"","overlay-opacity":"","overlay-gradient":""}}},"product_brand":[300],"product_cat":[181,195,178],"product_tag":[301],"class_list":{"0":"post-4133","1":"product","2":"type-product","3":"status-publish","4":"has-post-thumbnail","6":"product_brand-pelco","7":"product_cat-cam-domo","8":"product_cat-seguridad","9":"product_cat-vigilancia-gps","10":"product_tag-pelco","11":"desktop-align-left","12":"tablet-align-left","13":"mobile-align-left","15":"first","16":"instock","17":"shipping-taxable","18":"product-type-simple"},"yoast_head":"<!-- This site is optimized with the Yoast SEO plugin v25.3 - https:\/\/yoast.com\/wordpress\/plugins\/seo\/ -->\n<title>C\u00e1mara SPECTRA ENHANCED - Tecplan<\/title>\n<meta name=\"robots\" content=\"index, follow, max-snippet:-1, max-image-preview:large, max-video-preview:-1\" \/>\n<link rel=\"canonical\" href=\"https:\/\/tecplan.com.es\/en\/product\/camara-spectra-enhanced\/\" \/>\n<meta property=\"og:locale\" content=\"en_US\" \/>\n<meta property=\"og:type\" content=\"article\" \/>\n<meta property=\"og:title\" content=\"C\u00e1mara SPECTRA ENHANCED - Tecplan\" \/>\n<meta property=\"og:description\" content=\"Aprovecha un PTZ la versatilidad de los Camar\u00f3grafos y responde a eventos sospechosos m\u00e1s r\u00e1pido con informaci\u00f3n automatizada. \u2022 Reduzca los costos con la tecnolog\u00eda de accionamiento directo \u2022 Ver incidentes claramente hasta 30x lejos \u2022 Clasifica e identifica personas y veh\u00edculos \u2022 Seguimiento autom\u00e1tico de objetos \u2022 Protecci\u00f3n de red con cumplimiento FIPS \u2022 Integre con su ONVIF-conformant VMS   &nbsp;\" \/>\n<meta property=\"og:url\" content=\"https:\/\/tecplan.com.es\/en\/product\/camara-spectra-enhanced\/\" \/>\n<meta property=\"og:site_name\" content=\"Tecplan\" \/>\n<meta property=\"article:modified_time\" content=\"2025-11-03T22:37:52+00:00\" \/>\n<meta property=\"og:image\" content=\"https:\/\/tecplan.com.es\/wp-content\/uploads\/2025\/10\/SpectraEnh-4.jpg\" \/>\n\t<meta property=\"og:image:width\" content=\"600\" \/>\n\t<meta property=\"og:image:height\" content=\"450\" \/>\n\t<meta property=\"og:image:type\" content=\"image\/jpeg\" \/>\n<meta name=\"twitter:card\" content=\"summary_large_image\" \/>\n<meta name=\"twitter:label1\" content=\"Est. reading time\" \/>\n\t<meta name=\"twitter:data1\" content=\"1 minute\" \/>\n<script type=\"application\/ld+json\" class=\"yoast-schema-graph\">{\"@context\":\"https:\/\/schema.org\",\"@graph\":[{\"@type\":\"WebPage\",\"@id\":\"https:\/\/tecplan.com.es\/product\/camara-spectra-enhanced\/\",\"url\":\"https:\/\/tecplan.com.es\/product\/camara-spectra-enhanced\/\",\"name\":\"C\u00e1mara SPECTRA ENHANCED - Tecplan\",\"isPartOf\":{\"@id\":\"https:\/\/tecplan.com.es\/#website\"},\"primaryImageOfPage\":{\"@id\":\"https:\/\/tecplan.com.es\/product\/camara-spectra-enhanced\/#primaryimage\"},\"image\":{\"@id\":\"https:\/\/tecplan.com.es\/product\/camara-spectra-enhanced\/#primaryimage\"},\"thumbnailUrl\":\"https:\/\/tecplan.com.es\/wp-content\/uploads\/2025\/10\/SpectraEnh-4.jpg\",\"datePublished\":\"2025-10-21T23:01:52+00:00\",\"dateModified\":\"2025-11-03T22:37:52+00:00\",\"breadcrumb\":{\"@id\":\"https:\/\/tecplan.com.es\/product\/camara-spectra-enhanced\/#breadcrumb\"},\"inLanguage\":\"en-US\",\"potentialAction\":[{\"@type\":\"ReadAction\",\"target\":[\"https:\/\/tecplan.com.es\/product\/camara-spectra-enhanced\/\"]}]},{\"@type\":\"ImageObject\",\"inLanguage\":\"en-US\",\"@id\":\"https:\/\/tecplan.com.es\/product\/camara-spectra-enhanced\/#primaryimage\",\"url\":\"https:\/\/tecplan.com.es\/wp-content\/uploads\/2025\/10\/SpectraEnh-4.jpg\",\"contentUrl\":\"https:\/\/tecplan.com.es\/wp-content\/uploads\/2025\/10\/SpectraEnh-4.jpg\",\"width\":600,\"height\":450},{\"@type\":\"BreadcrumbList\",\"@id\":\"https:\/\/tecplan.com.es\/product\/camara-spectra-enhanced\/#breadcrumb\",\"itemListElement\":[{\"@type\":\"ListItem\",\"position\":1,\"name\":\"Home\",\"item\":\"https:\/\/tecplan.com.es\/\"},{\"@type\":\"ListItem\",\"position\":2,\"name\":\"Shop\",\"item\":\"https:\/\/tecplan.com.es\/shop\/\"},{\"@type\":\"ListItem\",\"position\":3,\"name\":\"C\u00e1mara SPECTRA ENHANCED\"}]},{\"@type\":\"WebSite\",\"@id\":\"https:\/\/tecplan.com.es\/#website\",\"url\":\"https:\/\/tecplan.com.es\/\",\"name\":\"Tecplan\",\"description\":\"\",\"potentialAction\":[{\"@type\":\"SearchAction\",\"target\":{\"@type\":\"EntryPoint\",\"urlTemplate\":\"https:\/\/tecplan.com.es\/?s={search_term_string}\"},\"query-input\":{\"@type\":\"PropertyValueSpecification\",\"valueRequired\":true,\"valueName\":\"search_term_string\"}}],\"inLanguage\":\"en-US\"}]}<\/script>\n<!-- \/ Yoast SEO plugin. -->","yoast_head_json":{"title":"C\u00e1mara SPECTRA ENHANCED - Tecplan","robots":{"index":"index","follow":"follow","max-snippet":"max-snippet:-1","max-image-preview":"max-image-preview:large","max-video-preview":"max-video-preview:-1"},"canonical":"https:\/\/tecplan.com.es\/en\/product\/camara-spectra-enhanced\/","og_locale":"en_US","og_type":"article","og_title":"C\u00e1mara SPECTRA ENHANCED - Tecplan","og_description":"Aprovecha un PTZ la versatilidad de los Camar\u00f3grafos y responde a eventos sospechosos m\u00e1s r\u00e1pido con informaci\u00f3n automatizada. \u2022 Reduzca los costos con la tecnolog\u00eda de accionamiento directo \u2022 Ver incidentes claramente hasta 30x lejos \u2022 Clasifica e identifica personas y veh\u00edculos \u2022 Seguimiento autom\u00e1tico de objetos \u2022 Protecci\u00f3n de red con cumplimiento FIPS \u2022 Integre con su ONVIF-conformant VMS   &nbsp;","og_url":"https:\/\/tecplan.com.es\/en\/product\/camara-spectra-enhanced\/","og_site_name":"Tecplan","article_modified_time":"2025-11-03T22:37:52+00:00","og_image":[{"width":600,"height":450,"url":"https:\/\/tecplan.com.es\/wp-content\/uploads\/2025\/10\/SpectraEnh-4.jpg","type":"image\/jpeg"}],"twitter_card":"summary_large_image","twitter_misc":{"Est. reading time":"1 minute"},"schema":{"@context":"https:\/\/schema.org","@graph":[{"@type":"WebPage","@id":"https:\/\/tecplan.com.es\/product\/camara-spectra-enhanced\/","url":"https:\/\/tecplan.com.es\/product\/camara-spectra-enhanced\/","name":"C\u00e1mara SPECTRA ENHANCED - Tecplan","isPartOf":{"@id":"https:\/\/tecplan.com.es\/#website"},"primaryImageOfPage":{"@id":"https:\/\/tecplan.com.es\/product\/camara-spectra-enhanced\/#primaryimage"},"image":{"@id":"https:\/\/tecplan.com.es\/product\/camara-spectra-enhanced\/#primaryimage"},"thumbnailUrl":"https:\/\/tecplan.com.es\/wp-content\/uploads\/2025\/10\/SpectraEnh-4.jpg","datePublished":"2025-10-21T23:01:52+00:00","dateModified":"2025-11-03T22:37:52+00:00","breadcrumb":{"@id":"https:\/\/tecplan.com.es\/product\/camara-spectra-enhanced\/#breadcrumb"},"inLanguage":"en-US","potentialAction":[{"@type":"ReadAction","target":["https:\/\/tecplan.com.es\/product\/camara-spectra-enhanced\/"]}]},{"@type":"ImageObject","inLanguage":"en-US","@id":"https:\/\/tecplan.com.es\/product\/camara-spectra-enhanced\/#primaryimage","url":"https:\/\/tecplan.com.es\/wp-content\/uploads\/2025\/10\/SpectraEnh-4.jpg","contentUrl":"https:\/\/tecplan.com.es\/wp-content\/uploads\/2025\/10\/SpectraEnh-4.jpg","width":600,"height":450},{"@type":"BreadcrumbList","@id":"https:\/\/tecplan.com.es\/product\/camara-spectra-enhanced\/#breadcrumb","itemListElement":[{"@type":"ListItem","position":1,"name":"Home","item":"https:\/\/tecplan.com.es\/"},{"@type":"ListItem","position":2,"name":"Shop","item":"https:\/\/tecplan.com.es\/shop\/"},{"@type":"ListItem","position":3,"name":"C\u00e1mara SPECTRA ENHANCED"}]},{"@type":"WebSite","@id":"https:\/\/tecplan.com.es\/#website","url":"https:\/\/tecplan.com.es\/","name":"Tecplan","description":"","potentialAction":[{"@type":"SearchAction","target":{"@type":"EntryPoint","urlTemplate":"https:\/\/tecplan.com.es\/?s={search_term_string}"},"query-input":{"@type":"PropertyValueSpecification","valueRequired":true,"valueName":"search_term_string"}}],"inLanguage":"en-US"}]}},"_links":{"self":[{"href":"https:\/\/tecplan.com.es\/en\/wp-json\/wp\/v2\/product\/4133","targetHints":{"allow":["GET"]}}],"collection":[{"href":"https:\/\/tecplan.com.es\/en\/wp-json\/wp\/v2\/product"}],"about":[{"href":"https:\/\/tecplan.com.es\/en\/wp-json\/wp\/v2\/types\/product"}],"replies":[{"embeddable":true,"href":"https:\/\/tecplan.com.es\/en\/wp-json\/wp\/v2\/comments?post=4133"}],"version-history":[{"count":2,"href":"https:\/\/tecplan.com.es\/en\/wp-json\/wp\/v2\/product\/4133\/revisions"}],"predecessor-version":[{"id":4411,"href":"https:\/\/tecplan.com.es\/en\/wp-json\/wp\/v2\/product\/4133\/revisions\/4411"}],"wp:featuredmedia":[{"embeddable":true,"href":"https:\/\/tecplan.com.es\/en\/wp-json\/wp\/v2\/media\/4419"}],"wp:attachment":[{"href":"https:\/\/tecplan.com.es\/en\/wp-json\/wp\/v2\/media?parent=4133"}],"wp:term":[{"taxonomy":"product_brand","embeddable":true,"href":"https:\/\/tecplan.com.es\/en\/wp-json\/wp\/v2\/product_brand?post=4133"},{"taxonomy":"product_cat","embeddable":true,"href":"https:\/\/tecplan.com.es\/en\/wp-json\/wp\/v2\/product_cat?post=4133"},{"taxonomy":"product_tag","embeddable":true,"href":"https:\/\/tecplan.com.es\/en\/wp-json\/wp\/v2\/product_tag?post=4133"}],"curies":[{"name":"wp","href":"https:\/\/api.w.org\/{rel}","templated":true}]}}