{"id":4131,"date":"2025-10-21T23:01:52","date_gmt":"2025-10-21T23:01:52","guid":{"rendered":"https:\/\/tecplan.com.es\/product\/camara-sbde1-10v7-e2h-ir\/"},"modified":"2025-11-03T21:51:37","modified_gmt":"2025-11-03T21:51:37","slug":"camara-sbde1-10v7-e2h-ir","status":"publish","type":"product","link":"https:\/\/tecplan.com.es\/en\/product\/camara-sbde1-10v7-e2h-ir\/","title":{"rendered":"C\u00e1mara SBDE1-10V7-E2H-IR"},"content":{"rendered":"<p style=\"text-align: justify;\">El uso de m\u00faltiples c\u00e1maras para cubrir puntos ciegos es costoso y complejo. El Sarix Enhanced Duo ofrece una soluci\u00f3n m\u00e1s inteligente: una sola c\u00e1mara con dos sensores, que proporciona varias perspectivas desde una.<\/p>\n<p style=\"text-align: justify;\">\u2022 Ahorre con un solo cable y VMS licencia<br \/>\n\u2022 Asegure escaleras y pasillos<br \/>\n\u2022 Identificar y clasificar personas y veh\u00edculos<br \/>\n\u2022 Proteger contra ataques cibern\u00e9ticos<br \/>\n\u2022 Perspectivas en profundidad<br \/>\n\u2022 Tomar a la vista y el sonido<br \/>\n\u2022 Aumentar la precisi\u00f3n y la productividad<br \/>\n\u2022 F\u00e1cil integraci\u00f3n<br \/>\n\u2022 Puerto USB 2.0<br \/>\n\u2022 Compresi\u00f3n de im\u00e1genes H.264 Pelco Smart C\u00e1mara<\/p>\n<h5 style=\"text-align: justify;\"><span style=\"text-decoration: underline;\"><strong>DOWNLOADS<\/strong><\/span><\/h5>\n<ul style=\"text-align: justify;\">\n<li><a href=\"https:\/\/drive.google.com\/file\/d\/1Cy7nBFmZB7eJHATK-MYA94oqhi0CrEvd\/view?usp=sharing\">\u2192 Technical specifications<\/a><\/li>\n<\/ul>","protected":false},"excerpt":{"rendered":"<p style=\"text-align: justify;\">C\u00e1mara dual mejorada Sarix Pelco SBDE1-10V7-E2H-IR de 2&#215;5 MP, lente varifocal de 3,24-7,33 mm, micr\u00f3fono, policarbonato y aluminio, gris<\/p>\n<p style=\"text-align: justify;\"><img decoding=\"async\" class=\"wp-image-3994 aligncenter\" src=\"https:\/\/tecplan.com.es\/wp-content\/uploads\/2025\/10\/pelco_Mesa-de-trabajo-1-300x89.png\" alt=\"\" width=\"161\" height=\"51\" \/><\/p>","protected":false},"featured_media":4098,"comment_status":"open","ping_status":"closed","template":"","meta":{"site-sidebar-layout":"default","site-content-layout":"","ast-site-content-layout":"default","site-content-style":"default","site-sidebar-style":"default","ast-global-header-display":"","ast-banner-title-visibility":"","ast-main-header-display":"","ast-hfb-above-header-display":"","ast-hfb-below-header-display":"","ast-hfb-mobile-header-display":"","site-post-title":"","ast-breadcrumbs-content":"","ast-featured-img":"","footer-sml-layout":"","ast-disable-related-posts":"","theme-transparent-header-meta":"default","adv-header-id-meta":"","stick-header-meta":"","header-above-stick-meta":"","header-main-stick-meta":"","header-below-stick-meta":"","astra-migrate-meta-layouts":"set","ast-page-background-enabled":"default","ast-page-background-meta":{"desktop":{"background-color":"var(--ast-global-color-5)","background-image":"","background-repeat":"repeat","background-position":"center center","background-size":"auto","background-attachment":"scroll","background-type":"","background-media":"","overlay-type":"","overlay-color":"","overlay-opacity":"","overlay-gradient":""},"tablet":{"background-color":"","background-image":"","background-repeat":"repeat","background-position":"center center","background-size":"auto","background-attachment":"scroll","background-type":"","background-media":"","overlay-type":"","overlay-color":"","overlay-opacity":"","overlay-gradient":""},"mobile":{"background-color":"","background-image":"","background-repeat":"repeat","background-position":"center center","background-size":"auto","background-attachment":"scroll","background-type":"","background-media":"","overlay-type":"","overlay-color":"","overlay-opacity":"","overlay-gradient":""}},"ast-content-background-meta":{"desktop":{"background-color":"var(--ast-global-color-4)","background-image":"","background-repeat":"repeat","background-position":"center center","background-size":"auto","background-attachment":"scroll","background-type":"","background-media":"","overlay-type":"","overlay-color":"","overlay-opacity":"","overlay-gradient":""},"tablet":{"background-color":"var(--ast-global-color-4)","background-image":"","background-repeat":"repeat","background-position":"center center","background-size":"auto","background-attachment":"scroll","background-type":"","background-media":"","overlay-type":"","overlay-color":"","overlay-opacity":"","overlay-gradient":""},"mobile":{"background-color":"var(--ast-global-color-4)","background-image":"","background-repeat":"repeat","background-position":"center center","background-size":"auto","background-attachment":"scroll","background-type":"","background-media":"","overlay-type":"","overlay-color":"","overlay-opacity":"","overlay-gradient":""}}},"product_brand":[300],"product_cat":[181,195,178],"product_tag":[301],"class_list":{"0":"post-4131","1":"product","2":"type-product","3":"status-publish","4":"has-post-thumbnail","6":"product_brand-pelco","7":"product_cat-cam-domo","8":"product_cat-seguridad","9":"product_cat-vigilancia-gps","10":"product_tag-pelco","11":"desktop-align-left","12":"tablet-align-left","13":"mobile-align-left","15":"first","16":"instock","17":"shipping-taxable","18":"product-type-simple"},"yoast_head":"<!-- This site is optimized with the Yoast SEO plugin v25.3 - https:\/\/yoast.com\/wordpress\/plugins\/seo\/ -->\n<title>C\u00e1mara SBDE1-10V7-E2H-IR - Tecplan<\/title>\n<meta name=\"robots\" content=\"index, follow, max-snippet:-1, max-image-preview:large, max-video-preview:-1\" \/>\n<link rel=\"canonical\" href=\"https:\/\/tecplan.com.es\/en\/product\/camara-sbde1-10v7-e2h-ir\/\" \/>\n<meta property=\"og:locale\" content=\"en_US\" \/>\n<meta property=\"og:type\" content=\"article\" \/>\n<meta property=\"og:title\" content=\"C\u00e1mara SBDE1-10V7-E2H-IR - Tecplan\" \/>\n<meta property=\"og:description\" content=\"C\u00e1mara dual mejorada Sarix Pelco SBDE1-10V7-E2H-IR de 2x5 MP, lente varifocal de 3,24-7,33 mm, micr\u00f3fono, policarbonato y aluminio, gris\" \/>\n<meta property=\"og:url\" content=\"https:\/\/tecplan.com.es\/en\/product\/camara-sbde1-10v7-e2h-ir\/\" \/>\n<meta property=\"og:site_name\" content=\"Tecplan\" \/>\n<meta property=\"article:modified_time\" content=\"2025-11-03T21:51:37+00:00\" \/>\n<meta property=\"og:image\" content=\"https:\/\/tecplan.com.es\/wp-content\/uploads\/2025\/10\/SBDE1-10V7-3.jpg\" \/>\n\t<meta property=\"og:image:width\" content=\"500\" \/>\n\t<meta property=\"og:image:height\" content=\"500\" \/>\n\t<meta property=\"og:image:type\" content=\"image\/jpeg\" \/>\n<meta name=\"twitter:card\" content=\"summary_large_image\" \/>\n<meta name=\"twitter:label1\" content=\"Est. reading time\" \/>\n\t<meta name=\"twitter:data1\" content=\"1 minute\" \/>\n<script type=\"application\/ld+json\" class=\"yoast-schema-graph\">{\"@context\":\"https:\/\/schema.org\",\"@graph\":[{\"@type\":\"WebPage\",\"@id\":\"https:\/\/tecplan.com.es\/product\/camara-sbde1-10v7-e2h-ir\/\",\"url\":\"https:\/\/tecplan.com.es\/product\/camara-sbde1-10v7-e2h-ir\/\",\"name\":\"C\u00e1mara SBDE1-10V7-E2H-IR - Tecplan\",\"isPartOf\":{\"@id\":\"https:\/\/tecplan.com.es\/#website\"},\"primaryImageOfPage\":{\"@id\":\"https:\/\/tecplan.com.es\/product\/camara-sbde1-10v7-e2h-ir\/#primaryimage\"},\"image\":{\"@id\":\"https:\/\/tecplan.com.es\/product\/camara-sbde1-10v7-e2h-ir\/#primaryimage\"},\"thumbnailUrl\":\"https:\/\/tecplan.com.es\/wp-content\/uploads\/2025\/10\/SBDE1-10V7-3.jpg\",\"datePublished\":\"2025-10-21T23:01:52+00:00\",\"dateModified\":\"2025-11-03T21:51:37+00:00\",\"breadcrumb\":{\"@id\":\"https:\/\/tecplan.com.es\/product\/camara-sbde1-10v7-e2h-ir\/#breadcrumb\"},\"inLanguage\":\"en-US\",\"potentialAction\":[{\"@type\":\"ReadAction\",\"target\":[\"https:\/\/tecplan.com.es\/product\/camara-sbde1-10v7-e2h-ir\/\"]}]},{\"@type\":\"ImageObject\",\"inLanguage\":\"en-US\",\"@id\":\"https:\/\/tecplan.com.es\/product\/camara-sbde1-10v7-e2h-ir\/#primaryimage\",\"url\":\"https:\/\/tecplan.com.es\/wp-content\/uploads\/2025\/10\/SBDE1-10V7-3.jpg\",\"contentUrl\":\"https:\/\/tecplan.com.es\/wp-content\/uploads\/2025\/10\/SBDE1-10V7-3.jpg\",\"width\":500,\"height\":500},{\"@type\":\"BreadcrumbList\",\"@id\":\"https:\/\/tecplan.com.es\/product\/camara-sbde1-10v7-e2h-ir\/#breadcrumb\",\"itemListElement\":[{\"@type\":\"ListItem\",\"position\":1,\"name\":\"Home\",\"item\":\"https:\/\/tecplan.com.es\/\"},{\"@type\":\"ListItem\",\"position\":2,\"name\":\"Shop\",\"item\":\"https:\/\/tecplan.com.es\/shop\/\"},{\"@type\":\"ListItem\",\"position\":3,\"name\":\"C\u00e1mara SBDE1-10V7-E2H-IR\"}]},{\"@type\":\"WebSite\",\"@id\":\"https:\/\/tecplan.com.es\/#website\",\"url\":\"https:\/\/tecplan.com.es\/\",\"name\":\"Tecplan\",\"description\":\"\",\"potentialAction\":[{\"@type\":\"SearchAction\",\"target\":{\"@type\":\"EntryPoint\",\"urlTemplate\":\"https:\/\/tecplan.com.es\/?s={search_term_string}\"},\"query-input\":{\"@type\":\"PropertyValueSpecification\",\"valueRequired\":true,\"valueName\":\"search_term_string\"}}],\"inLanguage\":\"en-US\"}]}<\/script>\n<!-- \/ Yoast SEO plugin. -->","yoast_head_json":{"title":"C\u00e1mara SBDE1-10V7-E2H-IR - Tecplan","robots":{"index":"index","follow":"follow","max-snippet":"max-snippet:-1","max-image-preview":"max-image-preview:large","max-video-preview":"max-video-preview:-1"},"canonical":"https:\/\/tecplan.com.es\/en\/product\/camara-sbde1-10v7-e2h-ir\/","og_locale":"en_US","og_type":"article","og_title":"C\u00e1mara SBDE1-10V7-E2H-IR - Tecplan","og_description":"C\u00e1mara dual mejorada Sarix Pelco SBDE1-10V7-E2H-IR de 2x5 MP, lente varifocal de 3,24-7,33 mm, micr\u00f3fono, policarbonato y aluminio, gris","og_url":"https:\/\/tecplan.com.es\/en\/product\/camara-sbde1-10v7-e2h-ir\/","og_site_name":"Tecplan","article_modified_time":"2025-11-03T21:51:37+00:00","og_image":[{"width":500,"height":500,"url":"https:\/\/tecplan.com.es\/wp-content\/uploads\/2025\/10\/SBDE1-10V7-3.jpg","type":"image\/jpeg"}],"twitter_card":"summary_large_image","twitter_misc":{"Est. reading time":"1 minute"},"schema":{"@context":"https:\/\/schema.org","@graph":[{"@type":"WebPage","@id":"https:\/\/tecplan.com.es\/product\/camara-sbde1-10v7-e2h-ir\/","url":"https:\/\/tecplan.com.es\/product\/camara-sbde1-10v7-e2h-ir\/","name":"C\u00e1mara SBDE1-10V7-E2H-IR - Tecplan","isPartOf":{"@id":"https:\/\/tecplan.com.es\/#website"},"primaryImageOfPage":{"@id":"https:\/\/tecplan.com.es\/product\/camara-sbde1-10v7-e2h-ir\/#primaryimage"},"image":{"@id":"https:\/\/tecplan.com.es\/product\/camara-sbde1-10v7-e2h-ir\/#primaryimage"},"thumbnailUrl":"https:\/\/tecplan.com.es\/wp-content\/uploads\/2025\/10\/SBDE1-10V7-3.jpg","datePublished":"2025-10-21T23:01:52+00:00","dateModified":"2025-11-03T21:51:37+00:00","breadcrumb":{"@id":"https:\/\/tecplan.com.es\/product\/camara-sbde1-10v7-e2h-ir\/#breadcrumb"},"inLanguage":"en-US","potentialAction":[{"@type":"ReadAction","target":["https:\/\/tecplan.com.es\/product\/camara-sbde1-10v7-e2h-ir\/"]}]},{"@type":"ImageObject","inLanguage":"en-US","@id":"https:\/\/tecplan.com.es\/product\/camara-sbde1-10v7-e2h-ir\/#primaryimage","url":"https:\/\/tecplan.com.es\/wp-content\/uploads\/2025\/10\/SBDE1-10V7-3.jpg","contentUrl":"https:\/\/tecplan.com.es\/wp-content\/uploads\/2025\/10\/SBDE1-10V7-3.jpg","width":500,"height":500},{"@type":"BreadcrumbList","@id":"https:\/\/tecplan.com.es\/product\/camara-sbde1-10v7-e2h-ir\/#breadcrumb","itemListElement":[{"@type":"ListItem","position":1,"name":"Home","item":"https:\/\/tecplan.com.es\/"},{"@type":"ListItem","position":2,"name":"Shop","item":"https:\/\/tecplan.com.es\/shop\/"},{"@type":"ListItem","position":3,"name":"C\u00e1mara SBDE1-10V7-E2H-IR"}]},{"@type":"WebSite","@id":"https:\/\/tecplan.com.es\/#website","url":"https:\/\/tecplan.com.es\/","name":"Tecplan","description":"","potentialAction":[{"@type":"SearchAction","target":{"@type":"EntryPoint","urlTemplate":"https:\/\/tecplan.com.es\/?s={search_term_string}"},"query-input":{"@type":"PropertyValueSpecification","valueRequired":true,"valueName":"search_term_string"}}],"inLanguage":"en-US"}]}},"_links":{"self":[{"href":"https:\/\/tecplan.com.es\/en\/wp-json\/wp\/v2\/product\/4131","targetHints":{"allow":["GET"]}}],"collection":[{"href":"https:\/\/tecplan.com.es\/en\/wp-json\/wp\/v2\/product"}],"about":[{"href":"https:\/\/tecplan.com.es\/en\/wp-json\/wp\/v2\/types\/product"}],"replies":[{"embeddable":true,"href":"https:\/\/tecplan.com.es\/en\/wp-json\/wp\/v2\/comments?post=4131"}],"version-history":[{"count":2,"href":"https:\/\/tecplan.com.es\/en\/wp-json\/wp\/v2\/product\/4131\/revisions"}],"predecessor-version":[{"id":4405,"href":"https:\/\/tecplan.com.es\/en\/wp-json\/wp\/v2\/product\/4131\/revisions\/4405"}],"wp:featuredmedia":[{"embeddable":true,"href":"https:\/\/tecplan.com.es\/en\/wp-json\/wp\/v2\/media\/4098"}],"wp:attachment":[{"href":"https:\/\/tecplan.com.es\/en\/wp-json\/wp\/v2\/media?parent=4131"}],"wp:term":[{"taxonomy":"product_brand","embeddable":true,"href":"https:\/\/tecplan.com.es\/en\/wp-json\/wp\/v2\/product_brand?post=4131"},{"taxonomy":"product_cat","embeddable":true,"href":"https:\/\/tecplan.com.es\/en\/wp-json\/wp\/v2\/product_cat?post=4131"},{"taxonomy":"product_tag","embeddable":true,"href":"https:\/\/tecplan.com.es\/en\/wp-json\/wp\/v2\/product_tag?post=4131"}],"curies":[{"name":"wp","href":"https:\/\/api.w.org\/{rel}","templated":true}]}}